{"id":9681,"date":"2018-06-21T16:05:04","date_gmt":"2018-06-21T15:05:04","guid":{"rendered":"https:\/\/frankie.cooltra.com\/reservas-pack\/"},"modified":"2019-05-15T14:46:20","modified_gmt":"2019-05-15T13:46:20","slug":"reserva-pack","status":"publish","type":"page","link":"https:\/\/cooltra.com\/pt\/reserva-pack\/","title":{"rendered":"Reserva pack"},"content":{"rendered":"<div class=\"row\">\n<div class=\"col-md-2\"><img decoding=\"async\" loading=\"lazy\" class=\"alignnone size-full wp-image-7018\" src=\"https:\/\/cdn.cooltra.com\/uploads\/2018\/05\/Casco-1.png\" alt=\"\" width=\"512\" height=\"512\" srcset=\"https:\/\/cdn.cooltra.com\/uploads\/2018\/05\/Casco-1.png 48w, https:\/\/cdn.cooltra.com\/uploads\/2018\/05\/Casco-1-40x40.png 40w\" sizes=\"(max-width: 512px) 100vw, 512px\" \/><\/div>\n<div class=\"col-md-10\">Capacete gratuito<\/div>\n<\/div>\n<div class=\"row\">\n<div class=\"col-md-2\"><img decoding=\"async\" loading=\"lazy\" class=\"alignnone size-full wp-image-7012\" src=\"https:\/\/cdn.cooltra.com\/uploads\/2018\/05\/Cancelacion-gratuita-1.png\" alt=\"\" width=\"512\" height=\"512\" srcset=\"https:\/\/cdn.cooltra.com\/uploads\/2018\/05\/Cancelacion-gratuita-1.png 512w, https:\/\/cdn.cooltra.com\/uploads\/2018\/05\/Cancelacion-gratuita-1-300x300.png 300w, https:\/\/cdn.cooltra.com\/uploads\/2018\/05\/Cancelacion-gratuita-1-150x150.png 150w, https:\/\/cdn.cooltra.com\/uploads\/2018\/05\/Cancelacion-gratuita-1-370x370.png 370w, https:\/\/cdn.cooltra.com\/uploads\/2018\/05\/Cancelacion-gratuita-1-40x40.png 40w\" sizes=\"(max-width: 512px) 100vw, 512px\" \/><\/div>\n<div class=\"col-md-10\">Cancelamento gr\u00e1tis at\u00e9 24h antes<\/div>\n<\/div>\n<div class=\"row\">\n<div class=\"col-md-2\"><img decoding=\"async\" loading=\"lazy\" class=\"alignnone size-full wp-image-7030\" src=\"https:\/\/cdn.cooltra.com\/uploads\/2018\/05\/Seguro-a-todo-riesgo-1.png\" alt=\"\" width=\"512\" height=\"512\" srcset=\"https:\/\/cdn.cooltra.com\/uploads\/2018\/05\/Seguro-a-todo-riesgo-1.png 512w, https:\/\/cdn.cooltra.com\/uploads\/2018\/05\/Seguro-a-todo-riesgo-1-300x300.png 300w, https:\/\/cdn.cooltra.com\/uploads\/2018\/05\/Seguro-a-todo-riesgo-1-150x150.png 150w, https:\/\/cdn.cooltra.com\/uploads\/2018\/05\/Seguro-a-todo-riesgo-1-370x370.png 370w, https:\/\/cdn.cooltra.com\/uploads\/2018\/05\/Seguro-a-todo-riesgo-1-40x40.png 40w\" sizes=\"(max-width: 512px) 100vw, 512px\" \/><\/div>\n<div class=\"col-md-10\">Seguro contra todos os riscos com franquia<\/div>\n<\/div>\n<div class=\"row\">\n<div class=\"col-md-2\"><img decoding=\"async\" loading=\"lazy\" class=\"alignnone size-full wp-image-7006\" src=\"https:\/\/cdn.cooltra.com\/uploads\/2018\/05\/Asistencia-en-carretera-1.png\" alt=\"\" width=\"512\" height=\"512\" srcset=\"https:\/\/cdn.cooltra.com\/uploads\/2018\/05\/Asistencia-en-carretera-1.png 512w, https:\/\/cdn.cooltra.com\/uploads\/2018\/05\/Asistencia-en-carretera-1-300x300.png 300w, https:\/\/cdn.cooltra.com\/uploads\/2018\/05\/Asistencia-en-carretera-1-150x150.png 150w, https:\/\/cdn.cooltra.com\/uploads\/2018\/05\/Asistencia-en-carretera-1-370x370.png 370w, https:\/\/cdn.cooltra.com\/uploads\/2018\/05\/Asistencia-en-carretera-1-40x40.png 40w\" sizes=\"(max-width: 512px) 100vw, 512px\" \/><\/div>\n<div class=\"col-md-10\">Servi\u00e7o de assist\u00eancia em viagem 24 horas<\/div>\n<\/div>\n<div class=\"row\">\n<div class=\"col-md-2\"><img decoding=\"async\" loading=\"lazy\" class=\"alignnone size-full wp-image-7024\" src=\"https:\/\/cdn.cooltra.com\/uploads\/2018\/05\/Flota-de-motos-1.png\" alt=\"\" width=\"512\" height=\"512\" srcset=\"https:\/\/cdn.cooltra.com\/uploads\/2018\/05\/Flota-de-motos-1.png 512w, https:\/\/cdn.cooltra.com\/uploads\/2018\/05\/Flota-de-motos-1-300x300.png 300w, https:\/\/cdn.cooltra.com\/uploads\/2018\/05\/Flota-de-motos-1-150x150.png 150w, https:\/\/cdn.cooltra.com\/uploads\/2018\/05\/Flota-de-motos-1-370x370.png 370w, https:\/\/cdn.cooltra.com\/uploads\/2018\/05\/Flota-de-motos-1-40x40.png 40w\" sizes=\"(max-width: 512px) 100vw, 512px\" \/><\/div>\n<div class=\"col-md-10\">Frota de mais de 15.000 motas com menos de 3 anos<\/div>\n<\/div>\n","protected":false},"excerpt":{"rendered":"<p>Capacete gratuito Cancelamento gr\u00e1tis at\u00e9 24h antes Seguro contra todos os riscos com franquia Servi\u00e7o de assist\u00eancia em viagem 24 horas Frota de mais de 15.000 motas com menos de 3 anos<\/p>\n","protected":false},"author":1,"featured_media":0,"parent":0,"menu_order":0,"comment_status":"closed","ping_status":"closed","template":"page-bundle-booking.php","meta":{"inline_featured_image":false},"yoast_head":"<!-- This site is optimized with the Yoast SEO plugin v20.10 - https:\/\/yoast.com\/wordpress\/plugins\/seo\/ -->\n<title>Reserva pack - Cooltra<\/title>\n<meta name=\"robots\" content=\"index, follow, max-snippet:-1, max-image-preview:large, max-video-preview:-1\" \/>\n<link rel=\"canonical\" href=\"https:\/\/cooltra.com\/pt\/reserva-pack\/\" \/>\n<meta property=\"og:locale\" content=\"pt_PT\" \/>\n<meta property=\"og:type\" content=\"article\" \/>\n<meta property=\"og:title\" content=\"Reserva pack - Cooltra\" \/>\n<meta property=\"og:description\" content=\"Capacete gratuito Cancelamento gr\u00e1tis at\u00e9 24h antes Seguro contra todos os riscos com franquia Servi\u00e7o de assist\u00eancia em viagem 24 horas Frota de mais de 15.000 motas com menos de 3 anos\" \/>\n<meta property=\"og:url\" content=\"https:\/\/cooltra.com\/pt\/reserva-pack\/\" \/>\n<meta property=\"og:site_name\" content=\"Cooltra\" \/>\n<meta property=\"article:publisher\" content=\"https:\/\/www.facebook.com\/CooltraMotos\/\" \/>\n<meta property=\"article:modified_time\" content=\"2019-05-15T13:46:20+00:00\" \/>\n<meta property=\"og:image\" content=\"https:\/\/cdn.cooltra.com\/uploads\/2018\/05\/Casco-1.png\" \/>\n<meta name=\"twitter:card\" content=\"summary_large_image\" \/>\n<meta name=\"twitter:site\" content=\"@cooltra\" \/>\n<script type=\"application\/ld+json\" class=\"yoast-schema-graph\">{\"@context\":\"https:\/\/schema.org\",\"@graph\":[{\"@type\":\"WebPage\",\"@id\":\"https:\/\/cooltra.com\/pt\/reserva-pack\/\",\"url\":\"https:\/\/cooltra.com\/pt\/reserva-pack\/\",\"name\":\"Reserva pack - Cooltra\",\"isPartOf\":{\"@id\":\"https:\/\/cooltra.com\/pt\/#website\"},\"datePublished\":\"2018-06-21T15:05:04+00:00\",\"dateModified\":\"2019-05-15T13:46:20+00:00\",\"inLanguage\":\"pt\",\"potentialAction\":[{\"@type\":\"ReadAction\",\"target\":[\"https:\/\/cooltra.com\/pt\/reserva-pack\/\"]}]},{\"@type\":\"WebSite\",\"@id\":\"https:\/\/cooltra.com\/pt\/#website\",\"url\":\"https:\/\/cooltra.com\/pt\/\",\"name\":\"Cooltra\",\"description\":\"Alquiler de motos y scooters de gasolina y el\u00e9ctricas\",\"publisher\":{\"@id\":\"https:\/\/cooltra.com\/pt\/#organization\"},\"potentialAction\":[{\"@type\":\"SearchAction\",\"target\":{\"@type\":\"EntryPoint\",\"urlTemplate\":\"https:\/\/cooltra.com\/pt\/?s={search_term_string}\"},\"query-input\":\"required name=search_term_string\"}],\"inLanguage\":\"pt\"},{\"@type\":\"Organization\",\"@id\":\"https:\/\/cooltra.com\/pt\/#organization\",\"name\":\"Cooltra\",\"url\":\"https:\/\/cooltra.com\/pt\/\",\"logo\":{\"@type\":\"ImageObject\",\"inLanguage\":\"pt\",\"@id\":\"https:\/\/cooltra.com\/pt\/#\/schema\/logo\/image\/\",\"url\":\"https:\/\/cdn.cooltra.com\/uploads\/2022\/11\/Cooltra_Logo_A.png\",\"contentUrl\":\"https:\/\/cdn.cooltra.com\/uploads\/2022\/11\/Cooltra_Logo_A.png\",\"width\":300,\"height\":298,\"caption\":\"Cooltra\"},\"image\":{\"@id\":\"https:\/\/cooltra.com\/pt\/#\/schema\/logo\/image\/\"},\"sameAs\":[\"https:\/\/www.facebook.com\/CooltraMotos\/\",\"https:\/\/twitter.com\/cooltra\",\"https:\/\/www.instagram.com\/cooltra_motos\/\"]}]}<\/script>\n<!-- \/ Yoast SEO plugin. -->","yoast_head_json":{"title":"Reserva pack - Cooltra","robots":{"index":"index","follow":"follow","max-snippet":"max-snippet:-1","max-image-preview":"max-image-preview:large","max-video-preview":"max-video-preview:-1"},"canonical":"https:\/\/cooltra.com\/pt\/reserva-pack\/","og_locale":"pt_PT","og_type":"article","og_title":"Reserva pack - Cooltra","og_description":"Capacete gratuito Cancelamento gr\u00e1tis at\u00e9 24h antes Seguro contra todos os riscos com franquia Servi\u00e7o de assist\u00eancia em viagem 24 horas Frota de mais de 15.000 motas com menos de 3 anos","og_url":"https:\/\/cooltra.com\/pt\/reserva-pack\/","og_site_name":"Cooltra","article_publisher":"https:\/\/www.facebook.com\/CooltraMotos\/","article_modified_time":"2019-05-15T13:46:20+00:00","og_image":[{"url":"https:\/\/cdn.cooltra.com\/uploads\/2018\/05\/Casco-1.png"}],"twitter_card":"summary_large_image","twitter_site":"@cooltra","schema":{"@context":"https:\/\/schema.org","@graph":[{"@type":"WebPage","@id":"https:\/\/cooltra.com\/pt\/reserva-pack\/","url":"https:\/\/cooltra.com\/pt\/reserva-pack\/","name":"Reserva pack - Cooltra","isPartOf":{"@id":"https:\/\/cooltra.com\/pt\/#website"},"datePublished":"2018-06-21T15:05:04+00:00","dateModified":"2019-05-15T13:46:20+00:00","inLanguage":"pt","potentialAction":[{"@type":"ReadAction","target":["https:\/\/cooltra.com\/pt\/reserva-pack\/"]}]},{"@type":"WebSite","@id":"https:\/\/cooltra.com\/pt\/#website","url":"https:\/\/cooltra.com\/pt\/","name":"Cooltra","description":"Alquiler de motos y scooters de gasolina y el\u00e9ctricas","publisher":{"@id":"https:\/\/cooltra.com\/pt\/#organization"},"potentialAction":[{"@type":"SearchAction","target":{"@type":"EntryPoint","urlTemplate":"https:\/\/cooltra.com\/pt\/?s={search_term_string}"},"query-input":"required name=search_term_string"}],"inLanguage":"pt"},{"@type":"Organization","@id":"https:\/\/cooltra.com\/pt\/#organization","name":"Cooltra","url":"https:\/\/cooltra.com\/pt\/","logo":{"@type":"ImageObject","inLanguage":"pt","@id":"https:\/\/cooltra.com\/pt\/#\/schema\/logo\/image\/","url":"https:\/\/cdn.cooltra.com\/uploads\/2022\/11\/Cooltra_Logo_A.png","contentUrl":"https:\/\/cdn.cooltra.com\/uploads\/2022\/11\/Cooltra_Logo_A.png","width":300,"height":298,"caption":"Cooltra"},"image":{"@id":"https:\/\/cooltra.com\/pt\/#\/schema\/logo\/image\/"},"sameAs":["https:\/\/www.facebook.com\/CooltraMotos\/","https:\/\/twitter.com\/cooltra","https:\/\/www.instagram.com\/cooltra_motos\/"]}]}},"_links":{"self":[{"href":"https:\/\/cooltra.com\/pt\/wp-json\/wp\/v2\/pages\/9681"}],"collection":[{"href":"https:\/\/cooltra.com\/pt\/wp-json\/wp\/v2\/pages"}],"about":[{"href":"https:\/\/cooltra.com\/pt\/wp-json\/wp\/v2\/types\/page"}],"author":[{"embeddable":true,"href":"https:\/\/cooltra.com\/pt\/wp-json\/wp\/v2\/users\/1"}],"replies":[{"embeddable":true,"href":"https:\/\/cooltra.com\/pt\/wp-json\/wp\/v2\/comments?post=9681"}],"version-history":[{"count":4,"href":"https:\/\/cooltra.com\/pt\/wp-json\/wp\/v2\/pages\/9681\/revisions"}],"predecessor-version":[{"id":10788,"href":"https:\/\/cooltra.com\/pt\/wp-json\/wp\/v2\/pages\/9681\/revisions\/10788"}],"wp:attachment":[{"href":"https:\/\/cooltra.com\/pt\/wp-json\/wp\/v2\/media?parent=9681"}],"curies":[{"name":"wp","href":"https:\/\/api.w.org\/{rel}","templated":true}]}}