{"id":89579,"date":"2025-01-10T16:44:07","date_gmt":"2025-01-10T15:44:07","guid":{"rendered":"https:\/\/cooltra.com\/?page_id=89579"},"modified":"2025-04-25T13:19:46","modified_gmt":"2025-04-25T12:19:46","slug":"assistencia-renting","status":"publish","type":"page","link":"https:\/\/cooltra.com\/pt\/assistencia-renting\/","title":{"rendered":"Assist\u00eancia scooters Short &#038; Long Term (NO SHARING)"},"content":{"rendered":"","protected":false},"excerpt":{"rendered":"","protected":false},"author":47,"featured_media":0,"parent":0,"menu_order":0,"comment_status":"closed","ping_status":"closed","template":"page-renting-contact.php","meta":{"inline_featured_image":false},"yoast_head":"<!-- This site is optimized with the Yoast SEO plugin v20.10 - https:\/\/yoast.com\/wordpress\/plugins\/seo\/ -->\n<title>Assist\u00eancia scooters Short &amp; Long Term (NO SHARING) - Cooltra<\/title>\n<meta name=\"description\" content=\"Descubra nossa assist\u00eancia completa para servi\u00e7os de renting: suporte personalizado 24\/7, resolu\u00e7\u00e3o r\u00e1pida de incidentes e ajuda com manuten\u00e7\u00e3o, avarias e tarefas administrativas. Sua tranquilidade \u00e9 a nossa prioridade!\" \/>\n<meta name=\"robots\" content=\"index, follow, max-snippet:-1, max-image-preview:large, max-video-preview:-1\" \/>\n<link rel=\"canonical\" href=\"https:\/\/cooltra.com\/pt\/assistencia-renting\/\" \/>\n<meta property=\"og:locale\" content=\"pt_PT\" \/>\n<meta property=\"og:type\" content=\"article\" \/>\n<meta property=\"og:title\" content=\"Assist\u00eancia scooters Short &amp; Long Term (NO SHARING) - Cooltra\" \/>\n<meta property=\"og:description\" content=\"Descubra nossa assist\u00eancia completa para servi\u00e7os de renting: suporte personalizado 24\/7, resolu\u00e7\u00e3o r\u00e1pida de incidentes e ajuda com manuten\u00e7\u00e3o, avarias e tarefas administrativas. Sua tranquilidade \u00e9 a nossa prioridade!\" \/>\n<meta property=\"og:url\" content=\"https:\/\/cooltra.com\/pt\/assistencia-renting\/\" \/>\n<meta property=\"og:site_name\" content=\"Cooltra\" \/>\n<meta property=\"article:publisher\" content=\"https:\/\/www.facebook.com\/CooltraMotos\/\" \/>\n<meta property=\"article:modified_time\" content=\"2025-04-25T12:19:46+00:00\" \/>\n<meta property=\"og:image\" content=\"https:\/\/cdn.cooltra.com\/uploads\/2018\/04\/cooltra-alquiler-de-motos-y-scooter-de-gasolina-y-electricas.png\" \/>\n\t<meta property=\"og:image:width\" content=\"2000\" \/>\n\t<meta property=\"og:image:height\" content=\"510\" \/>\n\t<meta property=\"og:image:type\" content=\"image\/png\" \/>\n<meta name=\"twitter:card\" content=\"summary_large_image\" \/>\n<meta name=\"twitter:site\" content=\"@cooltra\" \/>\n<script type=\"application\/ld+json\" class=\"yoast-schema-graph\">{\"@context\":\"https:\/\/schema.org\",\"@graph\":[{\"@type\":\"WebPage\",\"@id\":\"https:\/\/cooltra.com\/pt\/assistencia-renting\/\",\"url\":\"https:\/\/cooltra.com\/pt\/assistencia-renting\/\",\"name\":\"Assist\u00eancia scooters Short & Long Term (NO SHARING) - Cooltra\",\"isPartOf\":{\"@id\":\"https:\/\/cooltra.com\/pt\/#website\"},\"datePublished\":\"2025-01-10T15:44:07+00:00\",\"dateModified\":\"2025-04-25T12:19:46+00:00\",\"description\":\"Descubra nossa assist\u00eancia completa para servi\u00e7os de renting: suporte personalizado 24\/7, resolu\u00e7\u00e3o r\u00e1pida de incidentes e ajuda com manuten\u00e7\u00e3o, avarias e tarefas administrativas. Sua tranquilidade \u00e9 a nossa prioridade!\",\"inLanguage\":\"pt\",\"potentialAction\":[{\"@type\":\"ReadAction\",\"target\":[\"https:\/\/cooltra.com\/pt\/assistencia-renting\/\"]}]},{\"@type\":\"WebSite\",\"@id\":\"https:\/\/cooltra.com\/pt\/#website\",\"url\":\"https:\/\/cooltra.com\/pt\/\",\"name\":\"Cooltra\",\"description\":\"Alquiler de motos y scooters de gasolina y el\u00e9ctricas\",\"publisher\":{\"@id\":\"https:\/\/cooltra.com\/pt\/#organization\"},\"potentialAction\":[{\"@type\":\"SearchAction\",\"target\":{\"@type\":\"EntryPoint\",\"urlTemplate\":\"https:\/\/cooltra.com\/pt\/?s={search_term_string}\"},\"query-input\":\"required name=search_term_string\"}],\"inLanguage\":\"pt\"},{\"@type\":\"Organization\",\"@id\":\"https:\/\/cooltra.com\/pt\/#organization\",\"name\":\"Cooltra\",\"url\":\"https:\/\/cooltra.com\/pt\/\",\"logo\":{\"@type\":\"ImageObject\",\"inLanguage\":\"pt\",\"@id\":\"https:\/\/cooltra.com\/pt\/#\/schema\/logo\/image\/\",\"url\":\"https:\/\/cdn.cooltra.com\/uploads\/2022\/11\/Cooltra_Logo_A.png\",\"contentUrl\":\"https:\/\/cdn.cooltra.com\/uploads\/2022\/11\/Cooltra_Logo_A.png\",\"width\":300,\"height\":298,\"caption\":\"Cooltra\"},\"image\":{\"@id\":\"https:\/\/cooltra.com\/pt\/#\/schema\/logo\/image\/\"},\"sameAs\":[\"https:\/\/www.facebook.com\/CooltraMotos\/\",\"https:\/\/twitter.com\/cooltra\",\"https:\/\/www.instagram.com\/cooltra_motos\/\"]}]}<\/script>\n<!-- \/ Yoast SEO plugin. -->","yoast_head_json":{"title":"Assist\u00eancia scooters Short & Long Term (NO SHARING) - Cooltra","description":"Descubra nossa assist\u00eancia completa para servi\u00e7os de renting: suporte personalizado 24\/7, resolu\u00e7\u00e3o r\u00e1pida de incidentes e ajuda com manuten\u00e7\u00e3o, avarias e tarefas administrativas. Sua tranquilidade \u00e9 a nossa prioridade!","robots":{"index":"index","follow":"follow","max-snippet":"max-snippet:-1","max-image-preview":"max-image-preview:large","max-video-preview":"max-video-preview:-1"},"canonical":"https:\/\/cooltra.com\/pt\/assistencia-renting\/","og_locale":"pt_PT","og_type":"article","og_title":"Assist\u00eancia scooters Short & Long Term (NO SHARING) - Cooltra","og_description":"Descubra nossa assist\u00eancia completa para servi\u00e7os de renting: suporte personalizado 24\/7, resolu\u00e7\u00e3o r\u00e1pida de incidentes e ajuda com manuten\u00e7\u00e3o, avarias e tarefas administrativas. Sua tranquilidade \u00e9 a nossa prioridade!","og_url":"https:\/\/cooltra.com\/pt\/assistencia-renting\/","og_site_name":"Cooltra","article_publisher":"https:\/\/www.facebook.com\/CooltraMotos\/","article_modified_time":"2025-04-25T12:19:46+00:00","og_image":[{"width":2000,"height":510,"url":"https:\/\/cdn.cooltra.com\/uploads\/2018\/04\/cooltra-alquiler-de-motos-y-scooter-de-gasolina-y-electricas.png","type":"image\/png"}],"twitter_card":"summary_large_image","twitter_site":"@cooltra","schema":{"@context":"https:\/\/schema.org","@graph":[{"@type":"WebPage","@id":"https:\/\/cooltra.com\/pt\/assistencia-renting\/","url":"https:\/\/cooltra.com\/pt\/assistencia-renting\/","name":"Assist\u00eancia scooters Short & Long Term (NO SHARING) - Cooltra","isPartOf":{"@id":"https:\/\/cooltra.com\/pt\/#website"},"datePublished":"2025-01-10T15:44:07+00:00","dateModified":"2025-04-25T12:19:46+00:00","description":"Descubra nossa assist\u00eancia completa para servi\u00e7os de renting: suporte personalizado 24\/7, resolu\u00e7\u00e3o r\u00e1pida de incidentes e ajuda com manuten\u00e7\u00e3o, avarias e tarefas administrativas. Sua tranquilidade \u00e9 a nossa prioridade!","inLanguage":"pt","potentialAction":[{"@type":"ReadAction","target":["https:\/\/cooltra.com\/pt\/assistencia-renting\/"]}]},{"@type":"WebSite","@id":"https:\/\/cooltra.com\/pt\/#website","url":"https:\/\/cooltra.com\/pt\/","name":"Cooltra","description":"Alquiler de motos y scooters de gasolina y el\u00e9ctricas","publisher":{"@id":"https:\/\/cooltra.com\/pt\/#organization"},"potentialAction":[{"@type":"SearchAction","target":{"@type":"EntryPoint","urlTemplate":"https:\/\/cooltra.com\/pt\/?s={search_term_string}"},"query-input":"required name=search_term_string"}],"inLanguage":"pt"},{"@type":"Organization","@id":"https:\/\/cooltra.com\/pt\/#organization","name":"Cooltra","url":"https:\/\/cooltra.com\/pt\/","logo":{"@type":"ImageObject","inLanguage":"pt","@id":"https:\/\/cooltra.com\/pt\/#\/schema\/logo\/image\/","url":"https:\/\/cdn.cooltra.com\/uploads\/2022\/11\/Cooltra_Logo_A.png","contentUrl":"https:\/\/cdn.cooltra.com\/uploads\/2022\/11\/Cooltra_Logo_A.png","width":300,"height":298,"caption":"Cooltra"},"image":{"@id":"https:\/\/cooltra.com\/pt\/#\/schema\/logo\/image\/"},"sameAs":["https:\/\/www.facebook.com\/CooltraMotos\/","https:\/\/twitter.com\/cooltra","https:\/\/www.instagram.com\/cooltra_motos\/"]}]}},"_links":{"self":[{"href":"https:\/\/cooltra.com\/pt\/wp-json\/wp\/v2\/pages\/89579"}],"collection":[{"href":"https:\/\/cooltra.com\/pt\/wp-json\/wp\/v2\/pages"}],"about":[{"href":"https:\/\/cooltra.com\/pt\/wp-json\/wp\/v2\/types\/page"}],"author":[{"embeddable":true,"href":"https:\/\/cooltra.com\/pt\/wp-json\/wp\/v2\/users\/47"}],"replies":[{"embeddable":true,"href":"https:\/\/cooltra.com\/pt\/wp-json\/wp\/v2\/comments?post=89579"}],"version-history":[{"count":6,"href":"https:\/\/cooltra.com\/pt\/wp-json\/wp\/v2\/pages\/89579\/revisions"}],"predecessor-version":[{"id":90050,"href":"https:\/\/cooltra.com\/pt\/wp-json\/wp\/v2\/pages\/89579\/revisions\/90050"}],"wp:attachment":[{"href":"https:\/\/cooltra.com\/pt\/wp-json\/wp\/v2\/media?parent=89579"}],"curies":[{"name":"wp","href":"https:\/\/api.w.org\/{rel}","templated":true}]}}