{"id":8343,"date":"2018-06-13T07:57:23","date_gmt":"2018-06-13T06:57:23","guid":{"rendered":"https:\/\/frankie.cooltra.com\/alquiler-por-meses-2\/"},"modified":"2018-10-19T12:03:40","modified_gmt":"2018-10-19T11:03:40","slug":"aluguer-motas-empresas","status":"publish","type":"page","link":"https:\/\/cooltra.com\/pt\/aluguer-motas-empresas\/","title":{"rendered":"Renting motas para empresas"},"content":{"rendered":"<h1 style=\"text-align: center;\"><strong>ALUGUER DE MOTAS PARA NEG\u00d3CIOS<\/strong><\/h1>\n<p>Precisas de uma mota para a tua empresa? <b>Contrata o nosso servi\u00e7o de aluguer<\/b>.<\/p>\n<p><b>\u00a0<\/b><\/p>\n<p>Se trabalhas por conta pr\u00f3pria, numa empresa pequena, m\u00e9dia ou grande, na Cooltra oferecemos servi\u00e7os de aluguer de motas para empresas.<\/p>\n<p>\u00a0<\/p>\n<p>Sabemos perfeitamente como \u00e9 importante contar com uma frota em boas condi\u00e7\u00f5es para desenvolveres o teu neg\u00f3cio com excel\u00eancia e deixares os teus clientes satisfeitos. Por esse motivo, concebemos dois tipos de solu\u00e7\u00f5es de mobilidade a longo prazo: aluguer flex\u00edvel e aluguer fixo, para que a \u00fanica coisa como que tens de te preocupar seja fornecer o melhor servi\u00e7o.<\/p>\n<p>\u00a0<\/p>\n<p>Na Cooltra, gerimos uma frota de mais de 4.000 motos que fornecem servi\u00e7os de entrega de alimentos, servi\u00e7os de estafeta, seguros e manuten\u00e7\u00e3o, entre muitos outros setores. Cada empresa, de acordo com o tipo de atividade, quilometragem, clima local e outros fatores, prefere tipos diferentes de mota e de contratos. Com mais de 12 anos de experi\u00eancia no mercado, definimo-nos como uma empresa de topo europeia em solu\u00e7\u00f5es de mobilidade em duas rodas.<\/p>\n<p>\t\t\t\t\t\t\t\t\t\t<img decoding=\"async\" loading=\"lazy\" width=\"768\" height=\"512\" src=\"\" alt=\"\" srcset=\" 768w, https:\/\/cdn.cooltra.com\/uploads\/2018\/07\/LT-montornes-web_JGA6818-300x200.jpg 300w, https:\/\/cdn.cooltra.com\/uploads\/2018\/07\/LT-montornes-web_JGA6818-1024x683.jpg 1024w, https:\/\/cdn.cooltra.com\/uploads\/2018\/07\/LT-montornes-web_JGA6818-1240x827.jpg 1240w, https:\/\/cdn.cooltra.com\/uploads\/2018\/07\/LT-montornes-web_JGA6818-370x247.jpg 370w, https:\/\/cdn.cooltra.com\/uploads\/2018\/07\/LT-montornes-web_JGA6818-40x27.jpg 40w\" sizes=\"(max-width: 768px) 100vw, 768px\" \/>\t\t\t\t\t\t\t\t\t\t\t<\/p>\n<p><a style=\"width: 100%; padding: 10px 10px 15px 15px;\" href=\"https:\/\/corporate.cooltra.com\/pt-pt\/aluguer-motos-empresas\/renting\/\" target=\"_blank\" rel=\"noopener\">Renting empresas<\/a><\/p>\n<p><a style=\"width: 100%; padding: 10px 10px 15px 15px; float: right;\" href=\"https:\/\/corporate.cooltra.com\/pt-pt\/aluguer-motos-empresas\/frotas-policiais\/\" target=\"_blank\" rel=\"noopener\">Frotas policiais<\/a><\/p>\n<h5>O QUE EST\u00c1 INCLU\u00cdDO NO PRE\u00c7O?<\/h5>\n<p>\t\t\t\t\t\t\t\t\t\t<img decoding=\"async\" loading=\"lazy\" width=\"300\" height=\"300\" src=\"\" alt=\"\" srcset=\" 300w, https:\/\/cdn.cooltra.com\/uploads\/2018\/06\/Seguro-a-todo-riesgo-150x150.png 150w, https:\/\/cdn.cooltra.com\/uploads\/2018\/06\/Seguro-a-todo-riesgo-370x370.png 370w, https:\/\/cdn.cooltra.com\/uploads\/2018\/06\/Seguro-a-todo-riesgo-40x40.png 40w, https:\/\/cdn.cooltra.com\/uploads\/2018\/06\/Seguro-a-todo-riesgo.png 512w\" sizes=\"(max-width: 300px) 100vw, 300px\" \/>\t\t\t\t\t\t\t\t\t\t\t<\/p>\n<p>Seguro <\/p>\n<p>com franquia<\/p>\n<p>\t\t\t\t\t\t\t\t\t\t<img decoding=\"async\" loading=\"lazy\" width=\"150\" height=\"150\" src=\"\" alt=\"\" srcset=\" 150w, https:\/\/cdn.cooltra.com\/uploads\/2018\/06\/Revisiones-Mnatenimiento-300x300.png 300w, https:\/\/cdn.cooltra.com\/uploads\/2018\/06\/Revisiones-Mnatenimiento-370x370.png 370w, https:\/\/cdn.cooltra.com\/uploads\/2018\/06\/Revisiones-Mnatenimiento-40x40.png 40w, https:\/\/cdn.cooltra.com\/uploads\/2018\/06\/Revisiones-Mnatenimiento.png 512w\" sizes=\"(max-width: 150px) 100vw, 150px\" \/>\t\t\t\t\t\t\t\t\t\t\t<\/p>\n<p>Revis\u00f5es e manuten\u00e7\u00e3o<\/p>\n<p>\t\t\t\t\t\t\t\t\t\t<img decoding=\"async\" loading=\"lazy\" width=\"150\" height=\"150\" src=\"\" alt=\"\" srcset=\" 150w, https:\/\/cdn.cooltra.com\/uploads\/2018\/06\/Asistencia-en-carretera-300x300.png 300w, https:\/\/cdn.cooltra.com\/uploads\/2018\/06\/Asistencia-en-carretera-370x370.png 370w, https:\/\/cdn.cooltra.com\/uploads\/2018\/06\/Asistencia-en-carretera-40x40.png 40w, https:\/\/cdn.cooltra.com\/uploads\/2018\/06\/Asistencia-en-carretera.png 512w\" sizes=\"(max-width: 150px) 100vw, 150px\" \/>\t\t\t\t\t\t\t\t\t\t\t<\/p>\n<p>Assist\u00eancia <\/p>\n<p>rodovi\u00e1ria<\/p>\n<p>\t\t\t\t\t\t\t\t\t\t<img decoding=\"async\" loading=\"lazy\" width=\"150\" height=\"150\" src=\"\" alt=\"\" srcset=\" 150w, https:\/\/cdn.cooltra.com\/uploads\/2018\/06\/Casco-300x300.png 300w, https:\/\/cdn.cooltra.com\/uploads\/2018\/06\/Casco-370x370.png 370w, https:\/\/cdn.cooltra.com\/uploads\/2018\/06\/Casco-40x40.png 40w, https:\/\/cdn.cooltra.com\/uploads\/2018\/06\/Casco.png 512w\" sizes=\"(max-width: 150px) 100vw, 150px\" \/>\t\t\t\t\t\t\t\t\t\t\t<\/p>\n<p>Capacete<\/p>\n<p>\t\t\t\t\t\t\t\t\t\t<img decoding=\"async\" loading=\"lazy\" width=\"40\" height=\"40\" src=\"\" alt=\"\" srcset=\" 40w, https:\/\/cdn.cooltra.com\/uploads\/2018\/06\/electric-150x150.png 150w, https:\/\/cdn.cooltra.com\/uploads\/2018\/06\/electric-300x300.png 300w, https:\/\/cdn.cooltra.com\/uploads\/2018\/06\/electric-370x370.png 370w, https:\/\/cdn.cooltra.com\/uploads\/2018\/06\/electric.png 512w\" sizes=\"(max-width: 40px) 100vw, 40px\" \/>\t\t\t\t\t\t\t\t\t\t\t<\/p>\n<p>Motas el\u00e9tricas<\/p>\n<h2>OS NOSSOS MODELOS<\/h2>\n<p>Temos acordos com os principais fabricantes de motas a gasolina, como a Peugeot, a Yamaha, a Honda e fabricantes de motas el\u00e9tricas, como a Govecs, a Scutum, a BMW, a Zero e a Askoll. Na Cooltra, incentivamos a promo\u00e7\u00e3o da mobilidade sustent\u00e1vel. \u00c9 por isso, que cada vez mais grandes empresas e entidades p\u00fablicas est\u00e3o a apostar em ve\u00edculos el\u00e9tricos para reduzir o n\u00edvel de polui\u00e7\u00e3o nas cidades.<\/p>\n<figure><img decoding=\"async\" src=\"\" alt=\"Askoll eS 2 \/ 3, 125cc\" \/><figcaption>Askoll eS 2 \/ 3, 125cc<\/figcaption><\/figure>\n<figure><img decoding=\"async\" src=\"\" alt=\"BMW c-evolution 8kW 125cc o 300cc\" \/><figcaption>BMW c-evolution 8kW 125cc o 300cc<\/figcaption><\/figure>\n<figure><img decoding=\"async\" src=\"\" alt=\"Silence S02 50cc o 125cc\" \/><figcaption>Silence S02 50cc o 125cc<\/figcaption><\/figure>\n<figure><img decoding=\"async\" src=\"\" alt=\"Alquiler moto Govecs Go\" \/><figcaption>Govecs S 3.4<\/figcaption><\/figure>\n<figure><img decoding=\"async\" src=\"\" alt=\"Kymco AK 550\" \/><figcaption>Kymco AK 550<\/figcaption><\/figure>\n<figure><img decoding=\"async\" src=\"\" alt=\"Kymco Superdink 125cc ABS\" \/><figcaption>Kymco Superdink 125cc ABS<\/figcaption><\/figure>\n<figure><img decoding=\"async\" src=\"\" alt=\"Sym Joymax 300cc\" \/><figcaption>Sym Joymax 300cc<\/figcaption><\/figure>\n<figure><img decoding=\"async\" src=\"\" alt=\"Sym Jet 14 125cc\" \/><figcaption>Sym Jet 14 125cc<\/figcaption><\/figure>\n<figure><img decoding=\"async\" src=\"\" alt=\"Kymco Xciting 400cc\" \/><figcaption>Kymco Xciting 400cc<\/figcaption><\/figure>\n<figure><img decoding=\"async\" src=\"\" alt=\"Pegeuot Belville 125cc\" \/><figcaption>Pegeuot Belville 125cc<\/figcaption><\/figure>\n<figure><img decoding=\"async\" src=\"\" alt=\"Peugeot Tweet Evo 50cc o 125cc\" \/><figcaption>Peugeot Tweet Evo 50cc o 125cc<\/figcaption><\/figure>\n<figure><img decoding=\"async\" src=\"\" alt=\"Yamaha X-Max 125cc o 300cc ABS\" \/><figcaption>Yamaha X-Max 125cc o 300cc ABS<\/figcaption><\/figure>\n<figure><img decoding=\"async\" src=\"\" alt=\"ZERO S y DS 125cc o 400cc\" \/><figcaption>ZERO S y DS 125cc o 400cc<\/figcaption><\/figure>\n<figure><img decoding=\"async\" src=\"\" alt=\"Peugeot Metropolis 400cc\" \/><figcaption>Peugeot Metropolis<\/figcaption><\/figure>\n<figure><img decoding=\"async\" src=\"\" alt=\"YAMAHA Tricity 125cc\" \/><figcaption>YAMAHA Tricity 125cc<\/figcaption><\/figure>\n","protected":false},"excerpt":{"rendered":"<p>ALUGUER DE MOTAS PARA NEG\u00d3CIOS Precisas de uma mota para a tua empresa? Contrata o nosso servi\u00e7o de aluguer. \u00a0 Se trabalhas por conta pr\u00f3pria, numa empresa pequena, m\u00e9dia ou grande, na Cooltra oferecemos servi\u00e7os de aluguer de motas para empresas. \u00a0 Sabemos perfeitamente como \u00e9 importante contar com uma frota em boas condi\u00e7\u00f5es para [&hellip;]<\/p>\n","protected":false},"author":1,"featured_media":0,"parent":0,"menu_order":0,"comment_status":"closed","ping_status":"closed","template":"","meta":{"inline_featured_image":false},"yoast_head":"<!-- This site is optimized with the Yoast SEO plugin v20.10 - https:\/\/yoast.com\/wordpress\/plugins\/seo\/ -->\n<title>Aluguer de motas para empresas | Cooltra.com<\/title>\n<meta name=\"description\" content=\"\u00bfNecesitas una moto para tu empresa? Contrata nuestro servicio de renting. En Cooltra ofrecemos el servicio de renting de motos para empresas. tambi\u00e9n hemos pensado en ti.\" \/>\n<meta name=\"robots\" content=\"index, follow, max-snippet:-1, max-image-preview:large, max-video-preview:-1\" \/>\n<link rel=\"canonical\" href=\"https:\/\/cooltra.com\/pt\/aluguer-motas-empresas\/\" \/>\n<meta property=\"og:locale\" content=\"pt_PT\" \/>\n<meta property=\"og:type\" content=\"article\" \/>\n<meta property=\"og:title\" content=\"Aluguer de motas para empresas | Cooltra.com\" \/>\n<meta property=\"og:description\" content=\"\u00bfNecesitas una moto para tu empresa? Contrata nuestro servicio de renting. En Cooltra ofrecemos el servicio de renting de motos para empresas. tambi\u00e9n hemos pensado en ti.\" \/>\n<meta property=\"og:url\" content=\"https:\/\/cooltra.com\/pt\/aluguer-motas-empresas\/\" \/>\n<meta property=\"og:site_name\" content=\"Cooltra\" \/>\n<meta property=\"article:publisher\" content=\"https:\/\/www.facebook.com\/CooltraMotos\/\" \/>\n<meta property=\"article:modified_time\" content=\"2018-10-19T11:03:40+00:00\" \/>\n<meta property=\"og:image\" content=\"https:\/\/cdn.cooltra.com\/uploads\/2018\/04\/cooltra-alquiler-de-motos-y-scooter-de-gasolina-y-electricas.png\" \/>\n\t<meta property=\"og:image:width\" content=\"2000\" \/>\n\t<meta property=\"og:image:height\" content=\"510\" \/>\n\t<meta property=\"og:image:type\" content=\"image\/png\" \/>\n<meta name=\"twitter:card\" content=\"summary_large_image\" \/>\n<meta name=\"twitter:site\" content=\"@cooltra\" \/>\n<meta name=\"twitter:label1\" content=\"Est. reading time\" \/>\n\t<meta name=\"twitter:data1\" content=\"2 minutes\" \/>\n<script type=\"application\/ld+json\" class=\"yoast-schema-graph\">{\"@context\":\"https:\/\/schema.org\",\"@graph\":[{\"@type\":\"WebPage\",\"@id\":\"https:\/\/cooltra.com\/pt\/aluguer-motas-empresas\/\",\"url\":\"https:\/\/cooltra.com\/pt\/aluguer-motas-empresas\/\",\"name\":\"Aluguer de motas para empresas | Cooltra.com\",\"isPartOf\":{\"@id\":\"https:\/\/cooltra.com\/pt\/#website\"},\"datePublished\":\"2018-06-13T06:57:23+00:00\",\"dateModified\":\"2018-10-19T11:03:40+00:00\",\"description\":\"\u00bfNecesitas una moto para tu empresa? Contrata nuestro servicio de renting. En Cooltra ofrecemos el servicio de renting de motos para empresas. tambi\u00e9n hemos pensado en ti.\",\"inLanguage\":\"pt\",\"potentialAction\":[{\"@type\":\"ReadAction\",\"target\":[\"https:\/\/cooltra.com\/pt\/aluguer-motas-empresas\/\"]}]},{\"@type\":\"WebSite\",\"@id\":\"https:\/\/cooltra.com\/pt\/#website\",\"url\":\"https:\/\/cooltra.com\/pt\/\",\"name\":\"Cooltra\",\"description\":\"Alquiler de motos y scooters de gasolina y el\u00e9ctricas\",\"publisher\":{\"@id\":\"https:\/\/cooltra.com\/pt\/#organization\"},\"potentialAction\":[{\"@type\":\"SearchAction\",\"target\":{\"@type\":\"EntryPoint\",\"urlTemplate\":\"https:\/\/cooltra.com\/pt\/?s={search_term_string}\"},\"query-input\":\"required name=search_term_string\"}],\"inLanguage\":\"pt\"},{\"@type\":\"Organization\",\"@id\":\"https:\/\/cooltra.com\/pt\/#organization\",\"name\":\"Cooltra\",\"url\":\"https:\/\/cooltra.com\/pt\/\",\"logo\":{\"@type\":\"ImageObject\",\"inLanguage\":\"pt\",\"@id\":\"https:\/\/cooltra.com\/pt\/#\/schema\/logo\/image\/\",\"url\":\"https:\/\/cdn.cooltra.com\/uploads\/2022\/11\/Cooltra_Logo_A.png\",\"contentUrl\":\"https:\/\/cdn.cooltra.com\/uploads\/2022\/11\/Cooltra_Logo_A.png\",\"width\":300,\"height\":298,\"caption\":\"Cooltra\"},\"image\":{\"@id\":\"https:\/\/cooltra.com\/pt\/#\/schema\/logo\/image\/\"},\"sameAs\":[\"https:\/\/www.facebook.com\/CooltraMotos\/\",\"https:\/\/twitter.com\/cooltra\",\"https:\/\/www.instagram.com\/cooltra_motos\/\"]}]}<\/script>\n<!-- \/ Yoast SEO plugin. -->","yoast_head_json":{"title":"Aluguer de motas para empresas | Cooltra.com","description":"\u00bfNecesitas una moto para tu empresa? Contrata nuestro servicio de renting. En Cooltra ofrecemos el servicio de renting de motos para empresas. tambi\u00e9n hemos pensado en ti.","robots":{"index":"index","follow":"follow","max-snippet":"max-snippet:-1","max-image-preview":"max-image-preview:large","max-video-preview":"max-video-preview:-1"},"canonical":"https:\/\/cooltra.com\/pt\/aluguer-motas-empresas\/","og_locale":"pt_PT","og_type":"article","og_title":"Aluguer de motas para empresas | Cooltra.com","og_description":"\u00bfNecesitas una moto para tu empresa? Contrata nuestro servicio de renting. En Cooltra ofrecemos el servicio de renting de motos para empresas. tambi\u00e9n hemos pensado en ti.","og_url":"https:\/\/cooltra.com\/pt\/aluguer-motas-empresas\/","og_site_name":"Cooltra","article_publisher":"https:\/\/www.facebook.com\/CooltraMotos\/","article_modified_time":"2018-10-19T11:03:40+00:00","og_image":[{"width":2000,"height":510,"url":"https:\/\/cdn.cooltra.com\/uploads\/2018\/04\/cooltra-alquiler-de-motos-y-scooter-de-gasolina-y-electricas.png","type":"image\/png"}],"twitter_card":"summary_large_image","twitter_site":"@cooltra","twitter_misc":{"Est. reading time":"2 minutes"},"schema":{"@context":"https:\/\/schema.org","@graph":[{"@type":"WebPage","@id":"https:\/\/cooltra.com\/pt\/aluguer-motas-empresas\/","url":"https:\/\/cooltra.com\/pt\/aluguer-motas-empresas\/","name":"Aluguer de motas para empresas | Cooltra.com","isPartOf":{"@id":"https:\/\/cooltra.com\/pt\/#website"},"datePublished":"2018-06-13T06:57:23+00:00","dateModified":"2018-10-19T11:03:40+00:00","description":"\u00bfNecesitas una moto para tu empresa? Contrata nuestro servicio de renting. En Cooltra ofrecemos el servicio de renting de motos para empresas. tambi\u00e9n hemos pensado en ti.","inLanguage":"pt","potentialAction":[{"@type":"ReadAction","target":["https:\/\/cooltra.com\/pt\/aluguer-motas-empresas\/"]}]},{"@type":"WebSite","@id":"https:\/\/cooltra.com\/pt\/#website","url":"https:\/\/cooltra.com\/pt\/","name":"Cooltra","description":"Alquiler de motos y scooters de gasolina y el\u00e9ctricas","publisher":{"@id":"https:\/\/cooltra.com\/pt\/#organization"},"potentialAction":[{"@type":"SearchAction","target":{"@type":"EntryPoint","urlTemplate":"https:\/\/cooltra.com\/pt\/?s={search_term_string}"},"query-input":"required name=search_term_string"}],"inLanguage":"pt"},{"@type":"Organization","@id":"https:\/\/cooltra.com\/pt\/#organization","name":"Cooltra","url":"https:\/\/cooltra.com\/pt\/","logo":{"@type":"ImageObject","inLanguage":"pt","@id":"https:\/\/cooltra.com\/pt\/#\/schema\/logo\/image\/","url":"https:\/\/cdn.cooltra.com\/uploads\/2022\/11\/Cooltra_Logo_A.png","contentUrl":"https:\/\/cdn.cooltra.com\/uploads\/2022\/11\/Cooltra_Logo_A.png","width":300,"height":298,"caption":"Cooltra"},"image":{"@id":"https:\/\/cooltra.com\/pt\/#\/schema\/logo\/image\/"},"sameAs":["https:\/\/www.facebook.com\/CooltraMotos\/","https:\/\/twitter.com\/cooltra","https:\/\/www.instagram.com\/cooltra_motos\/"]}]}},"_links":{"self":[{"href":"https:\/\/cooltra.com\/pt\/wp-json\/wp\/v2\/pages\/8343"}],"collection":[{"href":"https:\/\/cooltra.com\/pt\/wp-json\/wp\/v2\/pages"}],"about":[{"href":"https:\/\/cooltra.com\/pt\/wp-json\/wp\/v2\/types\/page"}],"author":[{"embeddable":true,"href":"https:\/\/cooltra.com\/pt\/wp-json\/wp\/v2\/users\/1"}],"replies":[{"embeddable":true,"href":"https:\/\/cooltra.com\/pt\/wp-json\/wp\/v2\/comments?post=8343"}],"version-history":[{"count":41,"href":"https:\/\/cooltra.com\/pt\/wp-json\/wp\/v2\/pages\/8343\/revisions"}],"predecessor-version":[{"id":13052,"href":"https:\/\/cooltra.com\/pt\/wp-json\/wp\/v2\/pages\/8343\/revisions\/13052"}],"wp:attachment":[{"href":"https:\/\/cooltra.com\/pt\/wp-json\/wp\/v2\/media?parent=8343"}],"curies":[{"name":"wp","href":"https:\/\/api.w.org\/{rel}","templated":true}]}}