{"id":7084,"date":"2018-03-13T08:51:08","date_gmt":"2018-03-13T08:51:08","guid":{"rendered":"http:\/\/new.cooltra.com\/quienes-somos\/"},"modified":"2025-02-10T11:19:35","modified_gmt":"2025-02-10T10:19:35","slug":"quienes-somos","status":"publish","type":"page","link":"https:\/\/cooltra.com\/pt\/quienes-somos\/","title":{"rendered":"Quem somos?"},"content":{"rendered":"<div>\n<p>A Cooltra \u00e9 a empresa\u00a0<strong>l\u00edder no mercado de solu\u00e7\u00f5es de mobilidade sustent\u00e1vel a duas rodas.\u00a0<\/strong>Conta com uma frota de 17.000 motas (2.000 el\u00e9tricas), 20 delega\u00e7\u00f5es pr\u00f3prias e mais de 100 pontos f\u00edsicos de aluguer de motas no Sul da Europa.<\/p>\n<p>&nbsp;<\/p>\n<p>Somos movidos pela paix\u00e3o pela tecnologia e, sobretudo, pelos clientes aos quais, dia ap\u00f3s dia, oferecemos o melhor servi\u00e7o atrav\u00e9s do talento dos nossos 570 trabalhadores.<\/p>\n<p>&nbsp;<\/p>\n<p>A Cooltra cobre todas as necessidades do mercado e, entre os seus neg\u00f3cios, encontram-se: o\u00a0<strong>aluguer de motas a particulares\u00a0<\/strong>(ao dia, ao m\u00eas, com op\u00e7\u00e3o a compra e vendas em segunda m\u00e3o) e o\u00a0<strong>aluguer de motas a empresas e entidades p\u00fablicas\u00a0<\/strong>(renting flex\u00edvel e renting fixo). Se procura um s\u00edtio onde alugar uma scooter com uma boa rela\u00e7\u00e3o qualidade-pre\u00e7o, a Cooltra \u00e9 o seu lugar.<\/p>\n<p>&nbsp;<\/p>\n<p>Com o nosso neg\u00f3cio de\u00a0<strong>alugar de motas ao dia,\u00a0<\/strong>ter\u00e1 a agilidade e comodiade que necessita para passar uma excelente estadia em qualquer um dos nossos destnos. Com a Cooltra vai vier uma experi\u00eancia \u00fanica e comprovar que a melhor maneira de explorar uma cidade \u00e9, efetivamente, com uma scooter, porque vai poupar tempo para dispender em todos os locais que quer visitar e para ir a todos os lugares de interesse tur\u00edtisco que tem na sua lista de viagem.<\/p>\n<p>&nbsp;<\/p>\n<p style=\"text-align: justify;\">Com a nossa reserva\u00a0<strong>o capacete do condutor, assist\u00eancia em viagem e seguro j\u00e1 est\u00e3o incluidos no pre\u00e7o.\u00a0<\/strong>Para mais informa\u00e7\u00e3o sobre o que est\u00e1 incluido no nosso servi\u00e7o de aluguer de scooter, n\u00e3o duvide em visitar as nossas <a href=\"https:\/\/cooltra.com\/pt\/general_conditions\/\">condi\u00e7\u00f5es gerais<\/a>.<\/p>\n<p>&nbsp;<\/p>\n<p style=\"text-align: justify;\">Com uma qualidade incompar\u00e1vel, pre\u00e7o imbat\u00edvel e <strong>com a confian\u00e7a de mais de 900.000 clientes\u00a0<\/strong>podemos garantir-lhe o melhor servi\u00e7o.<\/p>\n<p>&nbsp;<\/p>\n<p style=\"text-align: justify;\">Tem mais d\u00favidas? Consulte aqui a nossas FAQ&#8217;s, onde lhe damos resposta. Tamb\u00e9m estamos \u00e0 sua disposi\u00e7\u00e3o atrav\u00e9s do chat<strong>\u00a0<\/strong>ou atrav\u00e9s do email info@cooltra.com.<\/p>\n<p>&nbsp;<\/p>\n<p style=\"text-align: justify;\">\n<\/div>\n<div><\/div>\n","protected":false},"excerpt":{"rendered":"<p>A Cooltra \u00e9 a empresa\u00a0l\u00edder no mercado de solu\u00e7\u00f5es de mobilidade sustent\u00e1vel a duas rodas.\u00a0Conta com uma frota de 17.000 motas (2.000 el\u00e9tricas), 20 delega\u00e7\u00f5es pr\u00f3prias e mais de 100 pontos f\u00edsicos de aluguer de motas no Sul da Europa. &nbsp; Somos movidos pela paix\u00e3o pela tecnologia e, sobretudo, pelos clientes aos quais, dia ap\u00f3s [&hellip;]<\/p>\n","protected":false},"author":1,"featured_media":0,"parent":0,"menu_order":0,"comment_status":"closed","ping_status":"closed","template":"","meta":{"inline_featured_image":false},"yoast_head":"<!-- This site is optimized with the Yoast SEO plugin v20.10 - https:\/\/yoast.com\/wordpress\/plugins\/seo\/ -->\n<title>Quem somos? - Cooltra<\/title>\n<meta name=\"robots\" content=\"index, follow, max-snippet:-1, max-image-preview:large, max-video-preview:-1\" \/>\n<link rel=\"canonical\" href=\"https:\/\/cooltra.com\/pt\/quienes-somos\/\" \/>\n<meta property=\"og:locale\" content=\"pt_PT\" \/>\n<meta property=\"og:type\" content=\"article\" \/>\n<meta property=\"og:title\" content=\"Quem somos? - Cooltra\" \/>\n<meta property=\"og:description\" content=\"A Cooltra \u00e9 a empresa\u00a0l\u00edder no mercado de solu\u00e7\u00f5es de mobilidade sustent\u00e1vel a duas rodas.\u00a0Conta com uma frota de 17.000 motas (2.000 el\u00e9tricas), 20 delega\u00e7\u00f5es pr\u00f3prias e mais de 100 pontos f\u00edsicos de aluguer de motas no Sul da Europa. &nbsp; Somos movidos pela paix\u00e3o pela tecnologia e, sobretudo, pelos clientes aos quais, dia ap\u00f3s [&hellip;]\" \/>\n<meta property=\"og:url\" content=\"https:\/\/cooltra.com\/pt\/quienes-somos\/\" \/>\n<meta property=\"og:site_name\" content=\"Cooltra\" \/>\n<meta property=\"article:publisher\" content=\"https:\/\/www.facebook.com\/CooltraMotos\/\" \/>\n<meta property=\"article:modified_time\" content=\"2025-02-10T10:19:35+00:00\" \/>\n<meta property=\"og:image\" content=\"https:\/\/cdn.cooltra.com\/uploads\/2018\/04\/cooltra-alquiler-de-motos-y-scooter-de-gasolina-y-electricas.png\" \/>\n\t<meta property=\"og:image:width\" content=\"2000\" \/>\n\t<meta property=\"og:image:height\" content=\"510\" \/>\n\t<meta property=\"og:image:type\" content=\"image\/png\" \/>\n<meta name=\"twitter:card\" content=\"summary_large_image\" \/>\n<meta name=\"twitter:site\" content=\"@cooltra\" \/>\n<meta name=\"twitter:label1\" content=\"Est. reading time\" \/>\n\t<meta name=\"twitter:data1\" content=\"2 minutes\" \/>\n<script type=\"application\/ld+json\" class=\"yoast-schema-graph\">{\"@context\":\"https:\/\/schema.org\",\"@graph\":[{\"@type\":\"WebPage\",\"@id\":\"https:\/\/cooltra.com\/pt\/quienes-somos\/\",\"url\":\"https:\/\/cooltra.com\/pt\/quienes-somos\/\",\"name\":\"Quem somos? - Cooltra\",\"isPartOf\":{\"@id\":\"https:\/\/cooltra.com\/pt\/#website\"},\"datePublished\":\"2018-03-13T08:51:08+00:00\",\"dateModified\":\"2025-02-10T10:19:35+00:00\",\"inLanguage\":\"pt\",\"potentialAction\":[{\"@type\":\"ReadAction\",\"target\":[\"https:\/\/cooltra.com\/pt\/quienes-somos\/\"]}]},{\"@type\":\"WebSite\",\"@id\":\"https:\/\/cooltra.com\/pt\/#website\",\"url\":\"https:\/\/cooltra.com\/pt\/\",\"name\":\"Cooltra\",\"description\":\"Alquiler de motos y scooters de gasolina y el\u00e9ctricas\",\"publisher\":{\"@id\":\"https:\/\/cooltra.com\/pt\/#organization\"},\"potentialAction\":[{\"@type\":\"SearchAction\",\"target\":{\"@type\":\"EntryPoint\",\"urlTemplate\":\"https:\/\/cooltra.com\/pt\/?s={search_term_string}\"},\"query-input\":\"required name=search_term_string\"}],\"inLanguage\":\"pt\"},{\"@type\":\"Organization\",\"@id\":\"https:\/\/cooltra.com\/pt\/#organization\",\"name\":\"Cooltra\",\"url\":\"https:\/\/cooltra.com\/pt\/\",\"logo\":{\"@type\":\"ImageObject\",\"inLanguage\":\"pt\",\"@id\":\"https:\/\/cooltra.com\/pt\/#\/schema\/logo\/image\/\",\"url\":\"https:\/\/cdn.cooltra.com\/uploads\/2022\/11\/Cooltra_Logo_A.png\",\"contentUrl\":\"https:\/\/cdn.cooltra.com\/uploads\/2022\/11\/Cooltra_Logo_A.png\",\"width\":300,\"height\":298,\"caption\":\"Cooltra\"},\"image\":{\"@id\":\"https:\/\/cooltra.com\/pt\/#\/schema\/logo\/image\/\"},\"sameAs\":[\"https:\/\/www.facebook.com\/CooltraMotos\/\",\"https:\/\/twitter.com\/cooltra\",\"https:\/\/www.instagram.com\/cooltra_motos\/\"]}]}<\/script>\n<!-- \/ Yoast SEO plugin. -->","yoast_head_json":{"title":"Quem somos? - Cooltra","robots":{"index":"index","follow":"follow","max-snippet":"max-snippet:-1","max-image-preview":"max-image-preview:large","max-video-preview":"max-video-preview:-1"},"canonical":"https:\/\/cooltra.com\/pt\/quienes-somos\/","og_locale":"pt_PT","og_type":"article","og_title":"Quem somos? - Cooltra","og_description":"A Cooltra \u00e9 a empresa\u00a0l\u00edder no mercado de solu\u00e7\u00f5es de mobilidade sustent\u00e1vel a duas rodas.\u00a0Conta com uma frota de 17.000 motas (2.000 el\u00e9tricas), 20 delega\u00e7\u00f5es pr\u00f3prias e mais de 100 pontos f\u00edsicos de aluguer de motas no Sul da Europa. &nbsp; Somos movidos pela paix\u00e3o pela tecnologia e, sobretudo, pelos clientes aos quais, dia ap\u00f3s [&hellip;]","og_url":"https:\/\/cooltra.com\/pt\/quienes-somos\/","og_site_name":"Cooltra","article_publisher":"https:\/\/www.facebook.com\/CooltraMotos\/","article_modified_time":"2025-02-10T10:19:35+00:00","og_image":[{"width":2000,"height":510,"url":"https:\/\/cdn.cooltra.com\/uploads\/2018\/04\/cooltra-alquiler-de-motos-y-scooter-de-gasolina-y-electricas.png","type":"image\/png"}],"twitter_card":"summary_large_image","twitter_site":"@cooltra","twitter_misc":{"Est. reading time":"2 minutes"},"schema":{"@context":"https:\/\/schema.org","@graph":[{"@type":"WebPage","@id":"https:\/\/cooltra.com\/pt\/quienes-somos\/","url":"https:\/\/cooltra.com\/pt\/quienes-somos\/","name":"Quem somos? - Cooltra","isPartOf":{"@id":"https:\/\/cooltra.com\/pt\/#website"},"datePublished":"2018-03-13T08:51:08+00:00","dateModified":"2025-02-10T10:19:35+00:00","inLanguage":"pt","potentialAction":[{"@type":"ReadAction","target":["https:\/\/cooltra.com\/pt\/quienes-somos\/"]}]},{"@type":"WebSite","@id":"https:\/\/cooltra.com\/pt\/#website","url":"https:\/\/cooltra.com\/pt\/","name":"Cooltra","description":"Alquiler de motos y scooters de gasolina y el\u00e9ctricas","publisher":{"@id":"https:\/\/cooltra.com\/pt\/#organization"},"potentialAction":[{"@type":"SearchAction","target":{"@type":"EntryPoint","urlTemplate":"https:\/\/cooltra.com\/pt\/?s={search_term_string}"},"query-input":"required name=search_term_string"}],"inLanguage":"pt"},{"@type":"Organization","@id":"https:\/\/cooltra.com\/pt\/#organization","name":"Cooltra","url":"https:\/\/cooltra.com\/pt\/","logo":{"@type":"ImageObject","inLanguage":"pt","@id":"https:\/\/cooltra.com\/pt\/#\/schema\/logo\/image\/","url":"https:\/\/cdn.cooltra.com\/uploads\/2022\/11\/Cooltra_Logo_A.png","contentUrl":"https:\/\/cdn.cooltra.com\/uploads\/2022\/11\/Cooltra_Logo_A.png","width":300,"height":298,"caption":"Cooltra"},"image":{"@id":"https:\/\/cooltra.com\/pt\/#\/schema\/logo\/image\/"},"sameAs":["https:\/\/www.facebook.com\/CooltraMotos\/","https:\/\/twitter.com\/cooltra","https:\/\/www.instagram.com\/cooltra_motos\/"]}]}},"_links":{"self":[{"href":"https:\/\/cooltra.com\/pt\/wp-json\/wp\/v2\/pages\/7084"}],"collection":[{"href":"https:\/\/cooltra.com\/pt\/wp-json\/wp\/v2\/pages"}],"about":[{"href":"https:\/\/cooltra.com\/pt\/wp-json\/wp\/v2\/types\/page"}],"author":[{"embeddable":true,"href":"https:\/\/cooltra.com\/pt\/wp-json\/wp\/v2\/users\/1"}],"replies":[{"embeddable":true,"href":"https:\/\/cooltra.com\/pt\/wp-json\/wp\/v2\/comments?post=7084"}],"version-history":[{"count":6,"href":"https:\/\/cooltra.com\/pt\/wp-json\/wp\/v2\/pages\/7084\/revisions"}],"predecessor-version":[{"id":89774,"href":"https:\/\/cooltra.com\/pt\/wp-json\/wp\/v2\/pages\/7084\/revisions\/89774"}],"wp:attachment":[{"href":"https:\/\/cooltra.com\/pt\/wp-json\/wp\/v2\/media?parent=7084"}],"curies":[{"name":"wp","href":"https:\/\/api.w.org\/{rel}","templated":true}]}}