{"id":7081,"date":"2018-04-26T16:14:42","date_gmt":"2018-04-26T15:14:42","guid":{"rendered":"http:\/\/new.cooltra.com\/condiciones-de-alquiler\/"},"modified":"2025-08-13T15:33:14","modified_gmt":"2025-08-13T14:33:14","slug":"condiciones-de-alquiler","status":"publish","type":"page","link":"https:\/\/cooltra.com\/pt\/condicoes-aluguer-scooter\/","title":{"rendered":"Condi\u00e7\u00f5es de Aluguer"},"content":{"rendered":"<div>\n<p>Para alugar uma moto com a Cooltra, precisa de ter a <strong>carta de condu\u00e7\u00e3o v\u00e1lida<\/strong> para o ve\u00edculo que pretende alugar e cumprir as normas do pa\u00eds. Lembramos ainda que \u00e9 <strong>obrigat\u00f3rio<\/strong> ser portador de documentos f\u00edsicos ao conduzir. Os requisitos m\u00ednimos para as nossas empresas de aluguer em Espanha, It\u00e1lia, Fran\u00e7a e Portugal est\u00e3o listados na tabela seguinte:<\/p>\n<p>&nbsp;<\/p>\n<table style=\"width: 100%; height: 245px;\" border=\"1\" cellspacing=\"0\" cellpadding=\"0\">\n<tbody>\n<tr style=\"height: 49px;\">\n<td style=\"height: 49px;\"><\/td>\n<td style=\"height: 49px;\"><strong>Mota 50cc<\/strong><\/td>\n<td style=\"height: 49px;\"><strong>Mota 125cc<\/strong><\/td>\n<td style=\"height: 49px;\"><strong>Mota 3-ruedas<\/strong><\/td>\n<td style=\"height: 49px;\"><strong>Mota 400cc<\/strong><\/td>\n<td style=\"height: 49px;\"><strong>Mota +400cc<\/strong><\/td>\n<td style=\"height: 49px;\"><\/td>\n<\/tr>\n<tr style=\"height: 49px;\">\n<td style=\"height: 49px;\">Espanha*<\/td>\n<td style=\"height: 49px;\">Min. 18 anos, carta B\/AM, B (mais de um 1 ano)<\/td>\n<td style=\"height: 49px;\">Min. 18 anos, A1\/A ou Min. 21 anos e + de 3 anos de experi\u00eancia com carta B<\/td>\n<td style=\"height: 49px;\">Min. 18 anos, A1\/A ou + de 3 anos de experi\u00eancia com B<\/td>\n<td style=\"height: 49px;\">Min. 18 anos ou carta de condu\u00e7\u00e3o A ou A2<\/td>\n<td style=\"height: 49px;\">Min. 21 anos ou carta de condu\u00e7\u00e3o A<\/td>\n<td style=\"height: 49px;\"><\/td>\n<\/tr>\n<tr style=\"height: 49px;\">\n<td style=\"height: 49px;\">It\u00e1lia<\/td>\n<td style=\"height: 49px;\">Min. 18 anos carta de B\/AM<\/td>\n<td style=\"height: 49px;\">Min. 18 anos, carta de condu\u00e7\u00e3o A1 (max 11KW) ou A2 (max 35KW) ou A ou B (max 11KW)<\/td>\n<td style=\"height: 49px;\">Min. 18 anos, A1\/A ou + de 3 anos de experi\u00eancia com B<\/td>\n<td style=\"height: 49px;\">Min. 21 anos ou carta de condu\u00e7\u00e3o A ou A2<\/td>\n<td style=\"height: 49px;\">Min. 21 anos ou carta de condu\u00e7\u00e3o A<\/td>\n<td style=\"height: 49px;\"><\/td>\n<\/tr>\n<tr style=\"height: 49px;\">\n<td style=\"height: 49px;\">Francia<\/td>\n<td style=\"height: 49px;\">Min. 18 anos, carta de B\/AM<\/td>\n<td style=\"height: 49px;\">Min 20 anos\u00a0ou carta de condu\u00e7\u00e3o A<\/td>\n<td style=\"height: 49px;\">Min 20 anos ou carta de condu\u00e7\u00e3o A<\/td>\n<td style=\"height: 49px;\">Min. 20 anos ou carta de condu\u00e7\u00e3o A<\/td>\n<td style=\"height: 49px;\">Min. 21 anos ou carta de condu\u00e7\u00e3o A<\/td>\n<td style=\"height: 49px;\"><\/td>\n<\/tr>\n<tr style=\"height: 49px;\">\n<td style=\"height: 49px;\">Portugal<\/td>\n<td style=\"height: 49px;\">Min. 18 anos, carta de condu\u00e7\u00e3o B\/AM<\/td>\n<td style=\"height: 49px;\">Carta de condu\u00e7\u00e3o A1\/A ou + de 25 anos + B<\/td>\n<td style=\"height: 49px;\">Carta de condu\u00e7\u00e3o A1\/A ou 25+ anos + B<\/td>\n<td style=\"height: 49px;\">Carta de condu\u00e7\u00e3o A ou A2<\/td>\n<td style=\"height: 49px;\">Min. 21 anos ou carta de condu\u00e7\u00e3o A<\/td>\n<td style=\"height: 49px;\"><\/td>\n<\/tr>\n<\/tbody>\n<\/table>\n<p><strong>\u00a0<\/strong><\/p>\n<p><em>*Nota: Se a sua carta de condu\u00e7\u00e3o n\u00e3o for de um pa\u00eds da Uni\u00e3o Econ\u00f3mica Europeia ou n\u00e3o tiver acordo com Espanha (ou outros pa\u00edses onde a Cooltra opera), <strong>dever\u00e1 apresentar uma carta internacional.<\/strong> Da mesma forma, as cartas de condu\u00e7\u00e3o v\u00e1lidas s\u00e3o regidas pela lei do pa\u00eds onde conduz, e n\u00e3o do pa\u00eds de origem.<\/em><\/p>\n<p>&nbsp;<\/p>\n<p>Al\u00e9m disso, s\u00f3 precisa de nos deixar um <strong>dep\u00f3sito de seguran\u00e7a<\/strong>*:<\/p>\n<ul>\n<li>100\u20ac para as nossas motos.<\/li>\n<li>200 \u20ac para o modelo Standard.<\/li>\n<li>350 \u20ac para o modelo Plus.<\/li>\n<li>750 \u20ac para o modelo Premium.<\/li>\n<li>1.500 \u20ac para o modelo Super Premium.<\/li>\n<\/ul>\n<p>&nbsp;<\/p>\n<p>O dep\u00f3sito s\u00f3 pode ser pago com cart\u00e3o de cr\u00e9dito\/d\u00e9bito e ser\u00e1 devolvido no final do per\u00edodo de aluguer. Pode demorar alguns dias para que o banco ou o pa\u00eds do cliente receba o dep\u00f3sito. <strong>Se n\u00e3o quiser pagar um dep\u00f3sito de seguran\u00e7a<\/strong>, pode adquirir as nossas coberturas adicionais (<em>Excellence<\/em> para Curto Prazo e Gold para <em>Subscri\u00e7\u00e3o<\/em>) para evitar preocupa\u00e7\u00f5es.<\/p>\n<p>&nbsp;<\/p>\n<p>*Para Riders, N\u00c3O ter\u00e1 de depositar um dep\u00f3sito de seguran\u00e7a.<\/p>\n<p>&nbsp;<\/p>\n<p><strong>Todas as nossas motos incluem<\/strong> capacete e seguro contra todos os riscos, com uma franquia de 600\u20ac a 4.000\u20ac (dependendo do modelo de moto escolhido). Tamb\u00e9m oferecemos uma vasta gama de extras que pode escolher no momento da reserva.<\/p>\n<p>&nbsp;<\/p>\n<p>A nossa <strong>pol\u00edtica de cancelamento<\/strong> para alugueres de <strong>curta dura\u00e7\u00e3o<\/strong> \u00e9 a seguinte:<\/p>\n<ul>\n<li>Se a reserva incluir alguma das coberturas extra (Excellence ou Supreme), o cancelamento poder\u00e1 ser processado com 24 horas de anteced\u00eancia do in\u00edcio do aluguer.<\/li>\n<li><strong>N\u00e3o s\u00e3o permitidos cancelamentos<\/strong> se uma das coberturas extra n\u00e3o for contratada e n\u00e3o ser\u00e1 concedido qualquer reembolso.<\/li>\n<li>A Cooltra n\u00e3o se responsabiliza pelas condi\u00e7\u00f5es meteorol\u00f3gicas.<\/li>\n<\/ul>\n<p>A nossa <strong>pol\u00edtica de cancelamento<\/strong> para alugueres de <strong>Subscri\u00e7\u00e3o<\/strong> (Longa Dura\u00e7\u00e3o) \u00e9 a seguinte:<\/p>\n<ul>\n<li>O reembolso total pode ser solicitado at\u00e9 7 dias ap\u00f3s a reserva.<\/li>\n<\/ul>\n<p>&nbsp;<\/p>\n<p><span style=\"font-size: 18pt;\"><strong>CONDI\u00c7\u00d5ES GERAIS DE ALUGUER \u2013 CONTRATO DE LOCA\u00c7\u00c3O<\/strong><\/span><\/p>\n<p>&nbsp;<\/p>\n<p>Abaixo, pode descarregar as Condi\u00e7\u00f5es Gerais de Aluguer (unificadas para Curta Dura\u00e7\u00e3o e Subscri\u00e7\u00e3o) em formato PDF, juntamente com as tabelas de penaliza\u00e7\u00f5es\/danos:<\/p>\n<\/div>\n<div>\n<p>&nbsp;<\/p>\n<p><strong>ESPANHA<\/strong><\/p>\n<\/div>\n<div>\n<ul style=\"list-style-type: disc;\">\n<li style=\"list-style-type: none;\">\n<ul style=\"list-style-type: disc;\">\n<li>CONDICIONES GENERALES DE ALQUILER &#8211; ESPA\u00d1A (<a href=\"https:\/\/cdn.cooltra.com\/uploads\/2025\/08\/20250619_MG_Cooltra-CGC-ES_es.pdf\" target=\"_blank\" rel=\"noopener\">pdf<\/a>)<\/li>\n<li>GENERAL RENTAL CONDITIONS &#8211; SPAIN (<a href=\"https:\/\/cdn.cooltra.com\/uploads\/2025\/08\/20250619_MG_Cooltra-CGC_ES_en.pdf\" target=\"_blank\" rel=\"noopener\">pdf<\/a>)<\/li>\n<\/ul>\n<\/li>\n<\/ul>\n<p><strong>ITALIA<\/strong><\/p>\n<ul style=\"list-style-type: disc;\">\n<li>CONDIZIONI GENERALI DI NOLEGGIO &#8211; ITALIA (<a href=\"https:\/\/cdn.cooltra.com\/uploads\/2025\/08\/20250619_MG_Cooltra-CGC_IT_it.pdf\" target=\"_blank\" rel=\"noopener\">pdf<\/a>)<\/li>\n<li>CONDIZIONI GENERALI DI NOLEGGIO &#8211; Cooltra Partner Sorrento e Castellammare (<a href=\"https:\/\/cdn.cooltra.com\/uploads\/2023\/06\/CONDIZIONI-Sorrento-Castellamare-1.pdf\">pdf<\/a>)<\/li>\n<li>CONDIZIONI GENERALI DI NOLEGGIO &#8211; Cooltra Partner Napoli (<a href=\"https:\/\/cdn.cooltra.com\/uploads\/2023\/05\/TC-GIORNALIERO_MENSILE-1.pdf\">pdf<\/a>)<\/li>\n<li>CONDIZIONI GENERALI DI NOLEGGIO &#8211; Cooltra Partner Vieste (<a href=\"https:\/\/cdn.cooltra.com\/uploads\/2023\/05\/TC-GIORNALIERO-Vieste-1.pdf\">pdf<\/a>)<\/li>\n<li>CONDIZIONI GENERALI DI NOLEGGIO &#8211; Cooltra Partner Salerno (<a href=\"https:\/\/cdn.cooltra.com\/uploads\/2023\/05\/termini-e-condizioni-COOLTRA.pdf\">pdf<\/a>)<\/li>\n<li>CONDIZIONI GENERALI DI NOLEGGIO &#8211; Cooltra Partner Alghero (<a href=\"https:\/\/cdn.cooltra.com\/uploads\/2023\/05\/termini-e-condizioni-COOLTRA.pdf\">pdf<\/a>)<\/li>\n<li>GENERAL RENTAL CONDITIONS &#8211; ITALY (<a href=\"https:\/\/cdn.cooltra.com\/uploads\/2025\/08\/20250619_MG_Cooltra-CGC_IT_en.pdf\" target=\"_blank\" rel=\"noopener\">pdf<\/a>)<\/li>\n<\/ul>\n<p><strong>PORTUGAL<\/strong><\/p>\n<ul style=\"list-style-type: disc;\">\n<li>CONDI\u00c7\u00d5ES GERAIS DE ALUGUER &#8211; PORTUGAL (<a href=\"https:\/\/cdn.cooltra.com\/uploads\/2025\/08\/20250619_MG_Cooltra-CGC_PT_pt.pdf\" target=\"_blank\" rel=\"noopener\">pdf<\/a>)<\/li>\n<li>GENERAL RENTAL CONDITIONS &#8211; PORTUGAL (<a href=\"https:\/\/cdn.cooltra.com\/uploads\/2025\/08\/20250619_MG_Cooltra-CGC_PT_en.pdf\" target=\"_blank\" rel=\"noopener\">pdf<\/a>)<\/li>\n<\/ul>\n<p><strong>FRAN\u00c7A<\/strong><\/p>\n<ul style=\"list-style-type: disc;\">\n<li>CONDITIONS G\u00c9N\u00c9RALES DE LOCATION &#8211; FRANCE (<a href=\"https:\/\/cdn.cooltra.com\/uploads\/2025\/08\/20250630_MG_Cooltra-CGC-FR_fr.pdf\" target=\"_blank\" rel=\"noopener\">pdf<\/a>)<\/li>\n<li>GENERAL RENTAL CONDITIONS &#8211; FRANCE (<a href=\"https:\/\/cdn.cooltra.com\/uploads\/2025\/08\/20250630_MG_Cooltra-CGC-FR_en.pdf\" target=\"_blank\" rel=\"noopener\">pdf<\/a>)<\/li>\n<\/ul>\n<\/div>\n","protected":false},"excerpt":{"rendered":"<p>Para alugar uma moto com a Cooltra, precisa de ter a carta de condu\u00e7\u00e3o v\u00e1lida para o ve\u00edculo que pretende alugar e cumprir as normas do pa\u00eds. Lembramos ainda que \u00e9 obrigat\u00f3rio ser portador de documentos f\u00edsicos ao conduzir. Os requisitos m\u00ednimos para as nossas empresas de aluguer em Espanha, It\u00e1lia, Fran\u00e7a e Portugal est\u00e3o [&hellip;]<\/p>\n","protected":false},"author":2,"featured_media":0,"parent":0,"menu_order":0,"comment_status":"closed","ping_status":"closed","template":"","meta":{"inline_featured_image":false},"yoast_head":"<!-- This site is optimized with the Yoast SEO plugin v20.10 - https:\/\/yoast.com\/wordpress\/plugins\/seo\/ -->\n<title>Condiciones de Alquiler | Cooltra.com<\/title>\n<meta name=\"description\" content=\"Condiciones de alquiler para la empresa de alquiler de motos Cooltra\" \/>\n<meta name=\"robots\" content=\"index, follow, max-snippet:-1, max-image-preview:large, max-video-preview:-1\" \/>\n<link rel=\"canonical\" href=\"https:\/\/cooltra.com\/pt\/condicoes-aluguer-scooter\/\" \/>\n<meta property=\"og:locale\" content=\"pt_PT\" \/>\n<meta property=\"og:type\" content=\"article\" \/>\n<meta property=\"og:title\" content=\"Condiciones de Alquiler | Cooltra.com\" \/>\n<meta property=\"og:description\" content=\"Condiciones de alquiler para la empresa de alquiler de motos Cooltra\" \/>\n<meta property=\"og:url\" content=\"https:\/\/cooltra.com\/pt\/condicoes-aluguer-scooter\/\" \/>\n<meta property=\"og:site_name\" content=\"Cooltra\" \/>\n<meta property=\"article:publisher\" content=\"https:\/\/www.facebook.com\/CooltraMotos\/\" \/>\n<meta property=\"article:modified_time\" content=\"2025-08-13T14:33:14+00:00\" \/>\n<meta property=\"og:image\" content=\"https:\/\/cdn.cooltra.com\/uploads\/2018\/04\/cooltra-alquiler-de-motos-y-scooter-de-gasolina-y-electricas.png\" \/>\n\t<meta property=\"og:image:width\" content=\"2000\" \/>\n\t<meta property=\"og:image:height\" content=\"510\" \/>\n\t<meta property=\"og:image:type\" content=\"image\/png\" \/>\n<meta name=\"twitter:card\" content=\"summary_large_image\" \/>\n<meta name=\"twitter:site\" content=\"@cooltra\" \/>\n<meta name=\"twitter:label1\" content=\"Est. reading time\" \/>\n\t<meta name=\"twitter:data1\" content=\"4 minutes\" \/>\n<script type=\"application\/ld+json\" class=\"yoast-schema-graph\">{\"@context\":\"https:\/\/schema.org\",\"@graph\":[{\"@type\":\"WebPage\",\"@id\":\"https:\/\/cooltra.com\/pt\/condicoes-aluguer-scooter\/\",\"url\":\"https:\/\/cooltra.com\/pt\/condicoes-aluguer-scooter\/\",\"name\":\"Condiciones de Alquiler | Cooltra.com\",\"isPartOf\":{\"@id\":\"https:\/\/cooltra.com\/pt\/#website\"},\"datePublished\":\"2018-04-26T15:14:42+00:00\",\"dateModified\":\"2025-08-13T14:33:14+00:00\",\"description\":\"Condiciones de alquiler para la empresa de alquiler de motos Cooltra\",\"inLanguage\":\"pt\",\"potentialAction\":[{\"@type\":\"ReadAction\",\"target\":[\"https:\/\/cooltra.com\/pt\/condicoes-aluguer-scooter\/\"]}]},{\"@type\":\"WebSite\",\"@id\":\"https:\/\/cooltra.com\/pt\/#website\",\"url\":\"https:\/\/cooltra.com\/pt\/\",\"name\":\"Cooltra\",\"description\":\"Alquiler de motos y scooters de gasolina y el\u00e9ctricas\",\"publisher\":{\"@id\":\"https:\/\/cooltra.com\/pt\/#organization\"},\"potentialAction\":[{\"@type\":\"SearchAction\",\"target\":{\"@type\":\"EntryPoint\",\"urlTemplate\":\"https:\/\/cooltra.com\/pt\/?s={search_term_string}\"},\"query-input\":\"required name=search_term_string\"}],\"inLanguage\":\"pt\"},{\"@type\":\"Organization\",\"@id\":\"https:\/\/cooltra.com\/pt\/#organization\",\"name\":\"Cooltra\",\"url\":\"https:\/\/cooltra.com\/pt\/\",\"logo\":{\"@type\":\"ImageObject\",\"inLanguage\":\"pt\",\"@id\":\"https:\/\/cooltra.com\/pt\/#\/schema\/logo\/image\/\",\"url\":\"https:\/\/cdn.cooltra.com\/uploads\/2022\/11\/Cooltra_Logo_A.png\",\"contentUrl\":\"https:\/\/cdn.cooltra.com\/uploads\/2022\/11\/Cooltra_Logo_A.png\",\"width\":300,\"height\":298,\"caption\":\"Cooltra\"},\"image\":{\"@id\":\"https:\/\/cooltra.com\/pt\/#\/schema\/logo\/image\/\"},\"sameAs\":[\"https:\/\/www.facebook.com\/CooltraMotos\/\",\"https:\/\/twitter.com\/cooltra\",\"https:\/\/www.instagram.com\/cooltra_motos\/\"]}]}<\/script>\n<!-- \/ Yoast SEO plugin. -->","yoast_head_json":{"title":"Condiciones de Alquiler | Cooltra.com","description":"Condiciones de alquiler para la empresa de alquiler de motos Cooltra","robots":{"index":"index","follow":"follow","max-snippet":"max-snippet:-1","max-image-preview":"max-image-preview:large","max-video-preview":"max-video-preview:-1"},"canonical":"https:\/\/cooltra.com\/pt\/condicoes-aluguer-scooter\/","og_locale":"pt_PT","og_type":"article","og_title":"Condiciones de Alquiler | Cooltra.com","og_description":"Condiciones de alquiler para la empresa de alquiler de motos Cooltra","og_url":"https:\/\/cooltra.com\/pt\/condicoes-aluguer-scooter\/","og_site_name":"Cooltra","article_publisher":"https:\/\/www.facebook.com\/CooltraMotos\/","article_modified_time":"2025-08-13T14:33:14+00:00","og_image":[{"width":2000,"height":510,"url":"https:\/\/cdn.cooltra.com\/uploads\/2018\/04\/cooltra-alquiler-de-motos-y-scooter-de-gasolina-y-electricas.png","type":"image\/png"}],"twitter_card":"summary_large_image","twitter_site":"@cooltra","twitter_misc":{"Est. reading time":"4 minutes"},"schema":{"@context":"https:\/\/schema.org","@graph":[{"@type":"WebPage","@id":"https:\/\/cooltra.com\/pt\/condicoes-aluguer-scooter\/","url":"https:\/\/cooltra.com\/pt\/condicoes-aluguer-scooter\/","name":"Condiciones de Alquiler | Cooltra.com","isPartOf":{"@id":"https:\/\/cooltra.com\/pt\/#website"},"datePublished":"2018-04-26T15:14:42+00:00","dateModified":"2025-08-13T14:33:14+00:00","description":"Condiciones de alquiler para la empresa de alquiler de motos Cooltra","inLanguage":"pt","potentialAction":[{"@type":"ReadAction","target":["https:\/\/cooltra.com\/pt\/condicoes-aluguer-scooter\/"]}]},{"@type":"WebSite","@id":"https:\/\/cooltra.com\/pt\/#website","url":"https:\/\/cooltra.com\/pt\/","name":"Cooltra","description":"Alquiler de motos y scooters de gasolina y el\u00e9ctricas","publisher":{"@id":"https:\/\/cooltra.com\/pt\/#organization"},"potentialAction":[{"@type":"SearchAction","target":{"@type":"EntryPoint","urlTemplate":"https:\/\/cooltra.com\/pt\/?s={search_term_string}"},"query-input":"required name=search_term_string"}],"inLanguage":"pt"},{"@type":"Organization","@id":"https:\/\/cooltra.com\/pt\/#organization","name":"Cooltra","url":"https:\/\/cooltra.com\/pt\/","logo":{"@type":"ImageObject","inLanguage":"pt","@id":"https:\/\/cooltra.com\/pt\/#\/schema\/logo\/image\/","url":"https:\/\/cdn.cooltra.com\/uploads\/2022\/11\/Cooltra_Logo_A.png","contentUrl":"https:\/\/cdn.cooltra.com\/uploads\/2022\/11\/Cooltra_Logo_A.png","width":300,"height":298,"caption":"Cooltra"},"image":{"@id":"https:\/\/cooltra.com\/pt\/#\/schema\/logo\/image\/"},"sameAs":["https:\/\/www.facebook.com\/CooltraMotos\/","https:\/\/twitter.com\/cooltra","https:\/\/www.instagram.com\/cooltra_motos\/"]}]}},"_links":{"self":[{"href":"https:\/\/cooltra.com\/pt\/wp-json\/wp\/v2\/pages\/7081"}],"collection":[{"href":"https:\/\/cooltra.com\/pt\/wp-json\/wp\/v2\/pages"}],"about":[{"href":"https:\/\/cooltra.com\/pt\/wp-json\/wp\/v2\/types\/page"}],"author":[{"embeddable":true,"href":"https:\/\/cooltra.com\/pt\/wp-json\/wp\/v2\/users\/2"}],"replies":[{"embeddable":true,"href":"https:\/\/cooltra.com\/pt\/wp-json\/wp\/v2\/comments?post=7081"}],"version-history":[{"count":41,"href":"https:\/\/cooltra.com\/pt\/wp-json\/wp\/v2\/pages\/7081\/revisions"}],"predecessor-version":[{"id":91147,"href":"https:\/\/cooltra.com\/pt\/wp-json\/wp\/v2\/pages\/7081\/revisions\/91147"}],"wp:attachment":[{"href":"https:\/\/cooltra.com\/pt\/wp-json\/wp\/v2\/media?parent=7081"}],"curies":[{"name":"wp","href":"https:\/\/api.w.org\/{rel}","templated":true}]}}