{"id":36452,"date":"2021-05-25T17:18:38","date_gmt":"2021-05-25T16:18:38","guid":{"rendered":"https:\/\/cooltra.com\/?page_id=36452"},"modified":"2021-05-25T17:19:32","modified_gmt":"2021-05-25T16:19:32","slug":"politica-de-cookies","status":"publish","type":"page","link":"https:\/\/cooltra.com\/pt\/politica-de-cookies\/","title":{"rendered":"Pol\u00edtica de cookies"},"content":{"rendered":"<p><strong>ANTECEDENTES<\/strong><\/p>\n<p>De acordo com os regulamentos espanh\u00f3is que regem o uso de cookies em rela\u00e7\u00e3o \u00e0 presta\u00e7\u00e3o de servi\u00e7os de comunica\u00e7\u00f5es eletr\u00f3nicas, estabelecidos no Decreto Real 13\/2012 de 30 de mar\u00e7o, informamos sobre as cookies utilizadas no site da <strong>COOLTRA MOTOS, SL<\/strong> (tamb\u00e9m o provedor) e a raz\u00e3o do seu uso. Da mesma forma, informamos que, ao navegar no site, est\u00e1 a dar o seu consentimento para a utiliza\u00e7\u00e3o das Cookies.<\/p>\n<p><strong>\u00a0<\/strong><strong>\u00a0<\/strong><\/p>\n<p><strong>O QUE S\u00c3O COOKIES?<\/strong><\/p>\n<p>Cookies s\u00e3o arquivos descarregados no seu computador quando voc\u00ea acede a determinadas p\u00e1ginas da Eeb. As cookies permitem que uma p\u00e1gina da Web, entre outras coisas, armazene e recupere informa\u00e7\u00f5es sobre os h\u00e1bitos de navega\u00e7\u00e3o de um cibernauta ou de seus equipamentos e, dependendo das informa\u00e7\u00f5es que cont\u00eam e da maneira como usam seus equipamentos,\u00a0podem ser usados para reconhecer para o utilizador. As cookies s\u00e3o associados apenas a um utilizador an\u00f3nimo e ao seu computador ou dispositivo e n\u00e3o fornecem refer\u00eancias que permitam que os seus dados pessoais sejam conhecidos.<\/p>\n<p><strong><em>\u00a0<\/em><\/strong><\/p>\n<p><strong><em>\u00a0<\/em><\/strong><\/p>\n<p><strong><em>COOKIES <\/em><\/strong><strong>AFETADAS PELA NORMATIVA E\u00a0<em>COOKIES <\/em>ISENTAS<\/strong><\/p>\n<p>De acordo com a directiva da UE, as <em>cookies <\/em>que requerem o consentimento informado por parte do utilizador s\u00e3o as <em>cookies <\/em>de anal\u00edtica e as de publicidade e afilia\u00e7\u00e3o, excepto as que de car\u00e1cter t\u00e9cnico e as imprescind\u00edveis ao funcionamento do website ou \u00e0 presta\u00e7\u00e3o de servi\u00e7os expressamente exigidos pelo utilizador.<\/p>\n<p><strong>\u00a0<\/strong><\/p>\n<p><strong>TIPOS DE COOKIES<\/strong><\/p>\n<ol>\n<li>Segundo a\u00a0<strong>entidade<\/strong> que fa\u00e7a a gest\u00e3o, h\u00e1\u00a0<strong>Cookies pr\u00f3pias<\/strong> (aquelas que s\u00e3o enviadas ao equipamento final do utilizador desde um equipamento ou dom\u00ednio gerido pelo pr\u00f3rpio editor e a partir do qual se presta o servi\u00e7o Solicitado pelo utilizador) e\u00a0<strong>de terceiros<\/strong> (as que se enviam ao equipamento terminal do utilizador a partir de um equipamento ou dom\u00ednio que n\u00e3o \u00e9 gerido pelo editor, sen\u00e3o que por outra entidade que realiza o tratamento dos dados obtidos atrav\u00e9s das cookies).<\/li>\n<li>Segundo o\u00a0<strong>tiempo<\/strong> que permanecem activas, existem as de <strong>sess\u00e3o\u00a0<\/strong>(disenhadas para recolher e armazenar dados enquanto o utilizador acede a uma p\u00e1gina web) e as\u00a0<strong>persistentes <\/strong>(nas quais os dados se armazenam no terminal e podem ser acedidos e tratados durante um periodo definido pelo respons\u00e1vel da Cookie &#8211; pode ir de minutos a anos).<\/li>\n<li>Segundo a <strong>finalidade<\/strong> para do tratamento da informa\u00e7\u00e3o recompilada, podem ser:<\/li>\n<\/ol>\n<p style=\"padding-left: 60px;\"><strong>&#8211; Cookies t\u00e9cnicas<\/strong> (necess\u00e1rias ao uso da web e \u00e0 presta\u00e7\u00e3o do servi\u00e7o contratado),<\/p>\n<p style=\"padding-left: 60px;\"><strong>&#8211; Cookies de personaliza\u00e7\u00e3o<\/strong> (que permiten ao utilizador aceder ao servi\u00e7o com caracter\u00edsticas predefinidas, como por exemplo o idioma, tipo de navegador, configura\u00e7\u00e3o regional, etc.)<\/p>\n<p style=\"padding-left: 60px;\"><strong>&#8211; Cookies de an\u00e1lise<\/strong>\u00a0(recolhem informa\u00e7\u00e3o sobre o uso que se d\u00e1 \u00e0 web)<\/p>\n<p style=\"padding-left: 60px;\"><strong>&#8211; Cookies publicit\u00e1rias<\/strong> (recolhem informa\u00e7\u00e3o sobre as prefer\u00eancia e escolhas pessoais dos utilizadores)<\/p>\n<p style=\"padding-left: 60px;\"><strong>&#8211; Cookies de afiliados<\/strong> (permitem realizar um seguimento das visitas procedentes de outras webs, com as quais o website estabelece um contrato de afilia\u00e7\u00e3o).<\/p>\n<p><strong>\u00a0<\/strong><\/p>\n<p><strong>\u00a0<\/strong><\/p>\n<p><strong>TIPOS DE COOKIES UTILIZADAS POR ESTE WEBSITE<\/strong><\/p>\n<p>As cookies utilizadas no nosso website s\u00e3o de sess\u00e3o e de terceiros, e permitem-nos armazenar e aceder a informa\u00e7\u00e3o relativa ao idioma, tipo de navegador utilizado, e outras caracter\u00edsticas gerais predefinidas pelo utilizador, assim como continuar a analisar a atividade que leva a cabo, para melhorar e prestar os nossos servi\u00e7os de uma maneira mais eficiente e personalizada. As cookies usadas t\u00eam, em qualquer caso, car\u00e1ter temporal, com a \u00fanica finalidade de tornar a navega\u00e7\u00e3o mais eficaz. Em caso algum, estas cookie det\u00eam em si mesmas dados de car\u00e1ter pessoal e n\u00e3o se uesam para a recolha dos mesmos.<\/p>\n<p>A utiliza\u00e7\u00e3o das cookis oferece vantagens, como por exemplo:<\/p>\n<p style=\"padding-left: 60px;\">&#8211; Facilitar a navega\u00e7\u00e3o ao utilizador e o acesso aos diferentes servi\u00e7os que oferece este Website;<\/p>\n<p style=\"padding-left: 60px;\">&#8211; Evitar que o utilizar tenha que configurar as carater\u00edsticas gerais predifinidas cada vez que acede ao website; e,<\/p>\n<p style=\"padding-left: 60px;\">&#8211; Favorecer a melhoria do funcionamento e dos servi\u00e7os prestados atrav\u00e9s deste Websitre, ap\u00f3s a correspondente an\u00e1lise da informa\u00e7\u00e3o obtida atrav\u00e9s das cookies<\/p>\n<p>Ao aceder ao nosso site, \u00e9 informado de que, se continuar a navegar, v\u00e1rios cookies de terceiros ser\u00e3o instalados, permitindo a instala\u00e7\u00e3o de determinados cookies que ter\u00e3o o \u00fanico prop\u00f3sito de registar o acesso ao nosso site para a realiza\u00e7\u00e3o de estat\u00edsticas an\u00f3nimas sobre visitas, recolhendo-see informa\u00e7\u00f5es sempre anonimamente. N\u00e3o \u00e9 necess\u00e1rio aceitar a instala\u00e7\u00e3o desses cookies, poder\u00e1 navegar pelo nosso site da mesma maneira.<\/p>\n<p>Em diversas sec\u00e7\u00f5es do nosso Website poder\u00e3o ser instaladas cookies de redes sociales, concretamente as seguintes:<\/p>\n<ul>\n<li>Cookie de Twitter, segundo o disposto na sua <a href=\"https:\/\/twitter.com\/privacy\">pol\u00edtica de privacidad e uso de cookies<\/a>.<\/li>\n<li>Cookie de Facebook, segundo o disposto\u00a0 na sua <a href=\"https:\/\/www.facebook.com\/help\/cookies\">pol\u00edtica de cookies<\/a>.<\/li>\n<li>Cookie de Linkedin, ssegundo o disposto na sua p\u00e1gina sobre o\u00a0<a href=\"http:\/\/www.linkedin.com\/legal\/cookie-policy?trk=hb_ft_cookie\">uso de cookies<\/a>.<\/li>\n<li>Cookie de Google+ e Google Maps, segundo o disposto na sua p\u00e1gina sobre o\u00a0<a href=\"http:\/\/www.google.com\/intl\/es\/policies\/technologies\/types\/\">tipo de cookies utilizadas<\/a>.<\/li>\n<\/ul>\n<p><strong>\u00a0<\/strong><strong>\u00a0<\/strong><\/p>\n<p><strong>REVOGA\u00c7\u00c3O<\/strong><\/p>\n<p>Poder\u00e1 aceder, em qualquer momento, \u00e0 configura\u00e7\u00e3o do seu navegador, aceitando ou rejeitando todas as cookies, ou selecionar as que pretende admitir e as que n\u00e3o, seguindo um dos seguintes procedimentos, dependendo do navegar que utiliza:<\/p>\n<ul>\n<li><strong>Google Chrome<\/strong>\u00a0(Menu Ferramentas):<\/li>\n<\/ul>\n<p style=\"padding-left: 30px;\">Configura\u00e7\u00e3o &gt; Mostrar op\u00e7\u00f5es avan\u00e7adas &gt; Privacidade (Configura\u00e7\u00e3o do conte\u00fado) &gt; Cookies:<\/p>\n<p style=\"padding-left: 30px;\"><a href=\"https:\/\/support.google.com\/chrome\/answer\/95647?co=GENIE.Platform%3DDesktop&amp;hl=es\">https:\/\/support.google.com\/chrome\/answer\/95647?co=GENIE.Platform%3DDesktop&amp;hl=es<\/a><\/p>\n<p><strong>\u00a0<\/strong><\/p>\n<ul>\n<li><strong>Microsoft Internet Explorer<\/strong>\u00a0(no Menu Ferramentas):<\/li>\n<\/ul>\n<p style=\"padding-left: 30px;\">Op\u00e7\u00f5es de Internet &gt; Privacidade &gt; Avan\u00e7ada:<\/p>\n<p style=\"padding-left: 30px;\"><a href=\"https:\/\/support.microsoft.com\/es-es\/help\/17442\/windows-internet-explorer-delete-manage-cookies\">https:\/\/support.microsoft.com\/es-es\/help\/17442\/windows-internet-explorer-delete-manage-cookies<\/a><\/p>\n<ul>\n<li><strong>Firefox:<\/strong><\/li>\n<\/ul>\n<p style=\"padding-left: 30px;\">Op\u00e7\u00f5es &gt; Privacidade &gt; Cookies:<\/p>\n<p style=\"padding-left: 30px;\"><a href=\"https:\/\/support.mozilla.org\/es\/kb\/habilitar-y-deshabilitar-cookies-sitios-web-rastrear-preferencias\">https:\/\/support.mozilla.org\/es\/kb\/habilitar-y-deshabilitar-cookies-sitios-web-rastrear-preferencias<\/a><\/p>\n<p><strong>\u00a0<\/strong><\/p>\n<ul>\n<li><strong>Safari, iPad y iPhone:<\/strong><\/li>\n<\/ul>\n<p style=\"padding-left: 30px;\">Prefer\u00eancias &gt; Privacidade<\/p>\n<p style=\"padding-left: 30px;\"><a href=\"https:\/\/support.apple.com\/kb\/ph21411?locale=es_ES\">https:\/\/support.apple.com\/kb\/ph21411?locale=es_ES<\/a><\/p>\n<p><strong>\u00a0<\/strong><\/p>\n<ul>\n<li><strong>Opera:<\/strong><\/li>\n<\/ul>\n<p style=\"padding-left: 30px;\">Configura\u00e7\u00e3o &gt; Op\u00e7\u00f5es &gt; Avan\u00e7ado &gt; Cookies<\/p>\n<p style=\"padding-left: 30px;\"><a href=\"http:\/\/help.opera.com\/Windows\/12.00\/es-ES\/cookies.html\">http:\/\/help.opera.com\/Windows\/12.00\/es-ES\/cookies.html<\/a><\/p>\n<p>Esses navegadores est\u00e3o sujeitos a atualiza\u00e7\u00f5es ou modifica\u00e7\u00f5es, portanto, n\u00e3o podemos garantir que\u00a0estejam em total conformidade com a vers\u00e3o do seu navegador. Tamb\u00e9m pode ser que voc\u00ea use outro navegador n\u00e3o inclu\u00eddo nesta lista, como o Konqueror, Arora, Flock, etc. Para evitar essas incompatibilidades, pode aceder diretamente \u00e0s\u00a0 op\u00e7\u00f5es do seu navegador, geralmente no menu &#8220;Op\u00e7\u00f5es&#8221; na sec\u00e7\u00e3o &#8220;Privacidade&#8221;. (Por favor, consulte a ajuda do seu navegador para mais informa\u00e7\u00f5es).<\/p>\n<p><strong>DESACTIVA\u00c7\u00c3O\/ACTIVA\u00c7\u00c3O E ELIMINA\u00c7\u00c3O DE COOKIES<\/strong><\/p>\n<p>Para restringir ou bloquear as cookies, deve configurar o navegador.<\/p>\n<p>Se n\u00e3o quiser que os sites coloquem cookies no seu computador, poder\u00e1 adaptar as configura\u00e7\u00f5es do seu navegador para que\u00a0 seja notificado antes das cookies serem colocadas. Da mesma forma, pode adaptar a configura\u00e7\u00e3o para que o navegador rejeite todas as cookies ou apenas cookies de terceiros. Tamb\u00e9m pode excluir qualquer uma das cookies que j\u00e1 est\u00e3o no computador. Tenha em mente que ter\u00e1 que adaptar a configura\u00e7\u00e3o de cada navegador e equipamento que use separadamente.<\/p>\n<p>Por favor, note que se n\u00e3o deseja receber cookies, n\u00e3o podemos garantir que o nosso site funcione corretamente. Alguns recursos do site podem ser perdidos e n\u00e3o poder\u00e1 visualizar determinadas p\u00e1ginas. Al\u00e9m disso, rejeitar cookies n\u00e3o significa que n\u00e3o ver\u00e1 an\u00fancios. Simplesmente, os an\u00fancios n\u00e3o estar\u00e3o de acordo com seus interesses e ser\u00e3o repetidos com mais frequ\u00eancia.<\/p>\n<p>Cada navegador tem um m\u00e9todo diferente para adaptar a configura\u00e7\u00e3o. Se necess\u00e1rio, consulte a fun\u00e7\u00e3o de ajuda do navegador para estabelecer as configura\u00e7\u00f5es corretas.<\/p>\n<p>Para desativar cookies no telem\u00f3vel, verifique o manual do dispositivo para obter mais informa\u00e7\u00f5es.<\/p>\n<p>Pode obter mais informa\u00e7\u00e3o sobre as cookies na Internet, <a href=\"http:\/\/www.aboutcookies.org\/\">http:\/\/www.aboutcookies.org\/<\/a>.<\/p>\n<p>Tendo em conta a forma de funcionamento da Internet e dos websites, nem sempre contamos com a informa\u00e7\u00e3o das cookies que colocam terceiros atrav\u00e9s do nosso website. Isto aplica-se especialmente aos casos nos quais o nosso website cont\u00e9m aquilo que denominamos como elementos integrados: textos, documentos, imagens ou breves v\u00eddeos que se armazenam noutra parte, mas que se mostram no nosso website ou atrav\u00e9s dele.<\/p>\n<p>Por consiguinte, no caso de que se encontre com este tipo de cookies neste sitio web e estas n\u00e3o estejam enumeradas na lista anterior, rogamos que nos comunique do sucedido. Pode contactar diretamente com o terceiro para lhe pedir informa\u00e7\u00e3o sobre as cookies que coloca, a finalidade e dura\u00e7\u00e3o da cookie, e como se pode garantir a sua privacidade.<\/p>\n","protected":false},"excerpt":{"rendered":"<p>ANTECEDENTES De acordo com os regulamentos espanh\u00f3is que regem o uso de cookies em rela\u00e7\u00e3o \u00e0 presta\u00e7\u00e3o de servi\u00e7os de comunica\u00e7\u00f5es eletr\u00f3nicas, estabelecidos no Decreto Real 13\/2012 de 30 de mar\u00e7o, informamos sobre as cookies utilizadas no site da COOLTRA MOTOS, SL (tamb\u00e9m o provedor) e a raz\u00e3o do seu uso. Da mesma forma, informamos [&hellip;]<\/p>\n","protected":false},"author":1,"featured_media":0,"parent":0,"menu_order":0,"comment_status":"closed","ping_status":"closed","template":"","meta":{"inline_featured_image":false},"yoast_head":"<!-- This site is optimized with the Yoast SEO plugin v20.10 - https:\/\/yoast.com\/wordpress\/plugins\/seo\/ -->\n<title>Pol\u00edtica de cookies - Cooltra<\/title>\n<meta name=\"robots\" content=\"index, follow, max-snippet:-1, max-image-preview:large, max-video-preview:-1\" \/>\n<link rel=\"canonical\" href=\"https:\/\/cooltra.com\/pt\/politica-de-cookies\/\" \/>\n<meta property=\"og:locale\" content=\"pt_PT\" \/>\n<meta property=\"og:type\" content=\"article\" \/>\n<meta property=\"og:title\" content=\"Pol\u00edtica de cookies - Cooltra\" \/>\n<meta property=\"og:description\" content=\"ANTECEDENTES De acordo com os regulamentos espanh\u00f3is que regem o uso de cookies em rela\u00e7\u00e3o \u00e0 presta\u00e7\u00e3o de servi\u00e7os de comunica\u00e7\u00f5es eletr\u00f3nicas, estabelecidos no Decreto Real 13\/2012 de 30 de mar\u00e7o, informamos sobre as cookies utilizadas no site da COOLTRA MOTOS, SL (tamb\u00e9m o provedor) e a raz\u00e3o do seu uso. Da mesma forma, informamos [&hellip;]\" \/>\n<meta property=\"og:url\" content=\"https:\/\/cooltra.com\/pt\/politica-de-cookies\/\" \/>\n<meta property=\"og:site_name\" content=\"Cooltra\" \/>\n<meta property=\"article:publisher\" content=\"https:\/\/www.facebook.com\/CooltraMotos\/\" \/>\n<meta property=\"article:modified_time\" content=\"2021-05-25T16:19:32+00:00\" \/>\n<meta property=\"og:image\" content=\"https:\/\/cdn.cooltra.com\/uploads\/2018\/04\/cooltra-alquiler-de-motos-y-scooter-de-gasolina-y-electricas.png\" \/>\n\t<meta property=\"og:image:width\" content=\"2000\" \/>\n\t<meta property=\"og:image:height\" content=\"510\" \/>\n\t<meta property=\"og:image:type\" content=\"image\/png\" \/>\n<meta name=\"twitter:card\" content=\"summary_large_image\" \/>\n<meta name=\"twitter:site\" content=\"@cooltra\" \/>\n<meta name=\"twitter:label1\" content=\"Est. reading time\" \/>\n\t<meta name=\"twitter:data1\" content=\"6 minutes\" \/>\n<script type=\"application\/ld+json\" class=\"yoast-schema-graph\">{\"@context\":\"https:\/\/schema.org\",\"@graph\":[{\"@type\":\"WebPage\",\"@id\":\"https:\/\/cooltra.com\/pt\/politica-de-cookies\/\",\"url\":\"https:\/\/cooltra.com\/pt\/politica-de-cookies\/\",\"name\":\"Pol\u00edtica de cookies - Cooltra\",\"isPartOf\":{\"@id\":\"https:\/\/cooltra.com\/pt\/#website\"},\"datePublished\":\"2021-05-25T16:18:38+00:00\",\"dateModified\":\"2021-05-25T16:19:32+00:00\",\"inLanguage\":\"pt\",\"potentialAction\":[{\"@type\":\"ReadAction\",\"target\":[\"https:\/\/cooltra.com\/pt\/politica-de-cookies\/\"]}]},{\"@type\":\"WebSite\",\"@id\":\"https:\/\/cooltra.com\/pt\/#website\",\"url\":\"https:\/\/cooltra.com\/pt\/\",\"name\":\"Cooltra\",\"description\":\"Alquiler de motos y scooters de gasolina y el\u00e9ctricas\",\"publisher\":{\"@id\":\"https:\/\/cooltra.com\/pt\/#organization\"},\"potentialAction\":[{\"@type\":\"SearchAction\",\"target\":{\"@type\":\"EntryPoint\",\"urlTemplate\":\"https:\/\/cooltra.com\/pt\/?s={search_term_string}\"},\"query-input\":\"required name=search_term_string\"}],\"inLanguage\":\"pt\"},{\"@type\":\"Organization\",\"@id\":\"https:\/\/cooltra.com\/pt\/#organization\",\"name\":\"Cooltra\",\"url\":\"https:\/\/cooltra.com\/pt\/\",\"logo\":{\"@type\":\"ImageObject\",\"inLanguage\":\"pt\",\"@id\":\"https:\/\/cooltra.com\/pt\/#\/schema\/logo\/image\/\",\"url\":\"https:\/\/cdn.cooltra.com\/uploads\/2022\/11\/Cooltra_Logo_A.png\",\"contentUrl\":\"https:\/\/cdn.cooltra.com\/uploads\/2022\/11\/Cooltra_Logo_A.png\",\"width\":300,\"height\":298,\"caption\":\"Cooltra\"},\"image\":{\"@id\":\"https:\/\/cooltra.com\/pt\/#\/schema\/logo\/image\/\"},\"sameAs\":[\"https:\/\/www.facebook.com\/CooltraMotos\/\",\"https:\/\/twitter.com\/cooltra\",\"https:\/\/www.instagram.com\/cooltra_motos\/\"]}]}<\/script>\n<!-- \/ Yoast SEO plugin. -->","yoast_head_json":{"title":"Pol\u00edtica de cookies - Cooltra","robots":{"index":"index","follow":"follow","max-snippet":"max-snippet:-1","max-image-preview":"max-image-preview:large","max-video-preview":"max-video-preview:-1"},"canonical":"https:\/\/cooltra.com\/pt\/politica-de-cookies\/","og_locale":"pt_PT","og_type":"article","og_title":"Pol\u00edtica de cookies - Cooltra","og_description":"ANTECEDENTES De acordo com os regulamentos espanh\u00f3is que regem o uso de cookies em rela\u00e7\u00e3o \u00e0 presta\u00e7\u00e3o de servi\u00e7os de comunica\u00e7\u00f5es eletr\u00f3nicas, estabelecidos no Decreto Real 13\/2012 de 30 de mar\u00e7o, informamos sobre as cookies utilizadas no site da COOLTRA MOTOS, SL (tamb\u00e9m o provedor) e a raz\u00e3o do seu uso. Da mesma forma, informamos [&hellip;]","og_url":"https:\/\/cooltra.com\/pt\/politica-de-cookies\/","og_site_name":"Cooltra","article_publisher":"https:\/\/www.facebook.com\/CooltraMotos\/","article_modified_time":"2021-05-25T16:19:32+00:00","og_image":[{"width":2000,"height":510,"url":"https:\/\/cdn.cooltra.com\/uploads\/2018\/04\/cooltra-alquiler-de-motos-y-scooter-de-gasolina-y-electricas.png","type":"image\/png"}],"twitter_card":"summary_large_image","twitter_site":"@cooltra","twitter_misc":{"Est. reading time":"6 minutes"},"schema":{"@context":"https:\/\/schema.org","@graph":[{"@type":"WebPage","@id":"https:\/\/cooltra.com\/pt\/politica-de-cookies\/","url":"https:\/\/cooltra.com\/pt\/politica-de-cookies\/","name":"Pol\u00edtica de cookies - Cooltra","isPartOf":{"@id":"https:\/\/cooltra.com\/pt\/#website"},"datePublished":"2021-05-25T16:18:38+00:00","dateModified":"2021-05-25T16:19:32+00:00","inLanguage":"pt","potentialAction":[{"@type":"ReadAction","target":["https:\/\/cooltra.com\/pt\/politica-de-cookies\/"]}]},{"@type":"WebSite","@id":"https:\/\/cooltra.com\/pt\/#website","url":"https:\/\/cooltra.com\/pt\/","name":"Cooltra","description":"Alquiler de motos y scooters de gasolina y el\u00e9ctricas","publisher":{"@id":"https:\/\/cooltra.com\/pt\/#organization"},"potentialAction":[{"@type":"SearchAction","target":{"@type":"EntryPoint","urlTemplate":"https:\/\/cooltra.com\/pt\/?s={search_term_string}"},"query-input":"required name=search_term_string"}],"inLanguage":"pt"},{"@type":"Organization","@id":"https:\/\/cooltra.com\/pt\/#organization","name":"Cooltra","url":"https:\/\/cooltra.com\/pt\/","logo":{"@type":"ImageObject","inLanguage":"pt","@id":"https:\/\/cooltra.com\/pt\/#\/schema\/logo\/image\/","url":"https:\/\/cdn.cooltra.com\/uploads\/2022\/11\/Cooltra_Logo_A.png","contentUrl":"https:\/\/cdn.cooltra.com\/uploads\/2022\/11\/Cooltra_Logo_A.png","width":300,"height":298,"caption":"Cooltra"},"image":{"@id":"https:\/\/cooltra.com\/pt\/#\/schema\/logo\/image\/"},"sameAs":["https:\/\/www.facebook.com\/CooltraMotos\/","https:\/\/twitter.com\/cooltra","https:\/\/www.instagram.com\/cooltra_motos\/"]}]}},"_links":{"self":[{"href":"https:\/\/cooltra.com\/pt\/wp-json\/wp\/v2\/pages\/36452"}],"collection":[{"href":"https:\/\/cooltra.com\/pt\/wp-json\/wp\/v2\/pages"}],"about":[{"href":"https:\/\/cooltra.com\/pt\/wp-json\/wp\/v2\/types\/page"}],"author":[{"embeddable":true,"href":"https:\/\/cooltra.com\/pt\/wp-json\/wp\/v2\/users\/1"}],"replies":[{"embeddable":true,"href":"https:\/\/cooltra.com\/pt\/wp-json\/wp\/v2\/comments?post=36452"}],"version-history":[{"count":2,"href":"https:\/\/cooltra.com\/pt\/wp-json\/wp\/v2\/pages\/36452\/revisions"}],"predecessor-version":[{"id":36455,"href":"https:\/\/cooltra.com\/pt\/wp-json\/wp\/v2\/pages\/36452\/revisions\/36455"}],"wp:attachment":[{"href":"https:\/\/cooltra.com\/pt\/wp-json\/wp\/v2\/media?parent=36452"}],"curies":[{"name":"wp","href":"https:\/\/api.w.org\/{rel}","templated":true}]}}