{"id":31888,"date":"2021-01-26T15:30:56","date_gmt":"2021-01-26T14:30:56","guid":{"rendered":"https:\/\/bruce.cooltra.com\/pruebanos\/"},"modified":"2021-03-24T08:28:08","modified_gmt":"2021-03-24T07:28:08","slug":"pruebanos","status":"publish","type":"page","link":"https:\/\/cooltra.com\/pt\/pruebanos\/","title":{"rendered":"Tem necesidades ao n\u00edvel da mobilidade na sua empresa ?"},"content":{"rendered":"<div class=\"elementor-element elementor-element-5b725fa elementor-widget elementor-widget-text-editor\" data-id=\"5b725fa\" data-element_type=\"widget\" data-widget_type=\"text-editor.default\">\n<div class=\"elementor-widget-container\">\n<div class=\"elementor-text-editor elementor-clearfix\">\n<p><b>Quer obter uma prova gratuita das nossas motas?<\/b><\/p>\n<p>Se lhe interessa este servi\u00e7o para a sua empresa,\u00a0<strong>preencha o formul\u00e1rio desta p\u00e1gina<\/strong>\u00a0e um dos nossos comerciais ir\u00e1 entrar em contacto consigo para lho implementar\u00a0.<\/p>\n<p>A\u00a0<strong>Cooltra<\/strong>\u00a0\u00e9 a companhia l\u00edder fornecedora de solu\u00e7\u00f5es de mobilidade, atrav\u00e9s da tecnologia e talento, assim como a alta qualidade do servi\u00e7o\u00a0.<\/p>\n<p><strong>O que oferecemos?<\/strong><\/p>\n<ul>\n<li><strong>Flexibilidade<\/strong>: alugueres desde um m\u00eas at\u00e9 longo prazo<\/li>\n<li><strong>Comodidade<\/strong>: pague uma vez ao m\u00eas e esque\u00e7a-se de tudo<\/li>\n<li><strong>Gest\u00e3o de frotas<\/strong>: controle cada aspecto da sua frota<\/li>\n<li><strong>Investimento reduzido<\/strong>: n\u00e3o compre toda a sua frota de repente, pode alug\u00e1-la<\/li>\n<li><strong>Sostenibilidade<\/strong>: mais de 4.000 motas el\u00e9ctricas<\/li>\n<li><strong>Solu\u00e7\u00f5es \u00e0 medida<\/strong>: estamos abertos a todo o tipo de peti\u00e7\u00f5es<\/li>\n<\/ul>\n<p><strong>Porqu\u00ea a Cooltra\u00a0?<\/strong><\/p>\n<ul>\n<li>Concedemos-lhe\u00a0<strong>facilidade e agilidade<\/strong>\u00a0de mobilidade<\/li>\n<li>Temos um grande impacto na\u00a0<strong>optimiza\u00e7\u00e3o de tempo e recursos<\/strong><\/li>\n<li>Ganhar\u00e1 em\u00a0<strong>poupan\u00e7a econ\u00f3mica e facilidades de financiamento<\/strong><\/li>\n<li><strong>Adaptamo-nos \u00e0s suas necessidades<\/strong><\/li>\n<li>Estamos h\u00e1\u00a0<strong>mais de 10 anos no mercado<\/strong>\u00a0e oferecemos solu\u00e7\u00f5es de mobilidade e gest\u00e3o de frotas em duas rodas para empresas em Portugal como a\u00a0<strong>UberEats, Burguer King, Domino\u2019s, Glovo<\/strong>, assim como diferentes administra\u00e7\u00f5es p\u00fablicas e munic\u00edpios em Espanha\u00a0.<\/li>\n<\/ul>\n<p>&nbsp;<\/p>\n<p><strong>Tudo isto sem pagar nem 1 euro!<\/strong><\/p>\n<p>N\u00e3o espere mais e solicite um periodo de prova gr\u00e1tis de uma mota\u00a0.<\/p>\n<\/div>\n<\/div>\n<\/div>\n","protected":false},"excerpt":{"rendered":"<p>Quer obter uma prova gratuita das nossas motas? Se lhe interessa este servi\u00e7o para a sua empresa,\u00a0preencha o formul\u00e1rio desta p\u00e1gina\u00a0e um dos nossos comerciais ir\u00e1 entrar em contacto consigo para lho implementar\u00a0. A\u00a0Cooltra\u00a0\u00e9 a companhia l\u00edder fornecedora de solu\u00e7\u00f5es de mobilidade, atrav\u00e9s da tecnologia e talento, assim como a alta qualidade do servi\u00e7o\u00a0. O [&hellip;]<\/p>\n","protected":false},"author":20,"featured_media":0,"parent":0,"menu_order":0,"comment_status":"closed","ping_status":"closed","template":"page-testus.php","meta":{"inline_featured_image":false},"yoast_head":"<!-- This site is optimized with the Yoast SEO plugin v20.10 - https:\/\/yoast.com\/wordpress\/plugins\/seo\/ -->\n<title>Tem necesidades ao n\u00edvel da mobilidade na sua empresa ? - Cooltra<\/title>\n<meta name=\"robots\" content=\"index, follow, max-snippet:-1, max-image-preview:large, max-video-preview:-1\" \/>\n<link rel=\"canonical\" href=\"https:\/\/cooltra.com\/pt\/pruebanos\/\" \/>\n<meta property=\"og:locale\" content=\"pt_PT\" \/>\n<meta property=\"og:type\" content=\"article\" \/>\n<meta property=\"og:title\" content=\"Tem necesidades ao n\u00edvel da mobilidade na sua empresa ? - Cooltra\" \/>\n<meta property=\"og:description\" content=\"Quer obter uma prova gratuita das nossas motas? Se lhe interessa este servi\u00e7o para a sua empresa,\u00a0preencha o formul\u00e1rio desta p\u00e1gina\u00a0e um dos nossos comerciais ir\u00e1 entrar em contacto consigo para lho implementar\u00a0. A\u00a0Cooltra\u00a0\u00e9 a companhia l\u00edder fornecedora de solu\u00e7\u00f5es de mobilidade, atrav\u00e9s da tecnologia e talento, assim como a alta qualidade do servi\u00e7o\u00a0. O [&hellip;]\" \/>\n<meta property=\"og:url\" content=\"https:\/\/cooltra.com\/pt\/pruebanos\/\" \/>\n<meta property=\"og:site_name\" content=\"Cooltra\" \/>\n<meta property=\"article:publisher\" content=\"https:\/\/www.facebook.com\/CooltraMotos\/\" \/>\n<meta property=\"article:modified_time\" content=\"2021-03-24T07:28:08+00:00\" \/>\n<meta property=\"og:image\" content=\"https:\/\/cdn.cooltra.com\/uploads\/2018\/04\/cooltra-alquiler-de-motos-y-scooter-de-gasolina-y-electricas.png\" \/>\n\t<meta property=\"og:image:width\" content=\"2000\" \/>\n\t<meta property=\"og:image:height\" content=\"510\" \/>\n\t<meta property=\"og:image:type\" content=\"image\/png\" \/>\n<meta name=\"twitter:card\" content=\"summary_large_image\" \/>\n<meta name=\"twitter:site\" content=\"@cooltra\" \/>\n<meta name=\"twitter:label1\" content=\"Est. reading time\" \/>\n\t<meta name=\"twitter:data1\" content=\"1 minute\" \/>\n<script type=\"application\/ld+json\" class=\"yoast-schema-graph\">{\"@context\":\"https:\/\/schema.org\",\"@graph\":[{\"@type\":\"WebPage\",\"@id\":\"https:\/\/cooltra.com\/pt\/pruebanos\/\",\"url\":\"https:\/\/cooltra.com\/pt\/pruebanos\/\",\"name\":\"Tem necesidades ao n\u00edvel da mobilidade na sua empresa ? - Cooltra\",\"isPartOf\":{\"@id\":\"https:\/\/cooltra.com\/pt\/#website\"},\"datePublished\":\"2021-01-26T14:30:56+00:00\",\"dateModified\":\"2021-03-24T07:28:08+00:00\",\"inLanguage\":\"pt\",\"potentialAction\":[{\"@type\":\"ReadAction\",\"target\":[\"https:\/\/cooltra.com\/pt\/pruebanos\/\"]}]},{\"@type\":\"WebSite\",\"@id\":\"https:\/\/cooltra.com\/pt\/#website\",\"url\":\"https:\/\/cooltra.com\/pt\/\",\"name\":\"Cooltra\",\"description\":\"Alquiler de motos y scooters de gasolina y el\u00e9ctricas\",\"publisher\":{\"@id\":\"https:\/\/cooltra.com\/pt\/#organization\"},\"potentialAction\":[{\"@type\":\"SearchAction\",\"target\":{\"@type\":\"EntryPoint\",\"urlTemplate\":\"https:\/\/cooltra.com\/pt\/?s={search_term_string}\"},\"query-input\":\"required name=search_term_string\"}],\"inLanguage\":\"pt\"},{\"@type\":\"Organization\",\"@id\":\"https:\/\/cooltra.com\/pt\/#organization\",\"name\":\"Cooltra\",\"url\":\"https:\/\/cooltra.com\/pt\/\",\"logo\":{\"@type\":\"ImageObject\",\"inLanguage\":\"pt\",\"@id\":\"https:\/\/cooltra.com\/pt\/#\/schema\/logo\/image\/\",\"url\":\"https:\/\/cdn.cooltra.com\/uploads\/2022\/11\/Cooltra_Logo_A.png\",\"contentUrl\":\"https:\/\/cdn.cooltra.com\/uploads\/2022\/11\/Cooltra_Logo_A.png\",\"width\":300,\"height\":298,\"caption\":\"Cooltra\"},\"image\":{\"@id\":\"https:\/\/cooltra.com\/pt\/#\/schema\/logo\/image\/\"},\"sameAs\":[\"https:\/\/www.facebook.com\/CooltraMotos\/\",\"https:\/\/twitter.com\/cooltra\",\"https:\/\/www.instagram.com\/cooltra_motos\/\"]}]}<\/script>\n<!-- \/ Yoast SEO plugin. -->","yoast_head_json":{"title":"Tem necesidades ao n\u00edvel da mobilidade na sua empresa ? - Cooltra","robots":{"index":"index","follow":"follow","max-snippet":"max-snippet:-1","max-image-preview":"max-image-preview:large","max-video-preview":"max-video-preview:-1"},"canonical":"https:\/\/cooltra.com\/pt\/pruebanos\/","og_locale":"pt_PT","og_type":"article","og_title":"Tem necesidades ao n\u00edvel da mobilidade na sua empresa ? - Cooltra","og_description":"Quer obter uma prova gratuita das nossas motas? Se lhe interessa este servi\u00e7o para a sua empresa,\u00a0preencha o formul\u00e1rio desta p\u00e1gina\u00a0e um dos nossos comerciais ir\u00e1 entrar em contacto consigo para lho implementar\u00a0. A\u00a0Cooltra\u00a0\u00e9 a companhia l\u00edder fornecedora de solu\u00e7\u00f5es de mobilidade, atrav\u00e9s da tecnologia e talento, assim como a alta qualidade do servi\u00e7o\u00a0. O [&hellip;]","og_url":"https:\/\/cooltra.com\/pt\/pruebanos\/","og_site_name":"Cooltra","article_publisher":"https:\/\/www.facebook.com\/CooltraMotos\/","article_modified_time":"2021-03-24T07:28:08+00:00","og_image":[{"width":2000,"height":510,"url":"https:\/\/cdn.cooltra.com\/uploads\/2018\/04\/cooltra-alquiler-de-motos-y-scooter-de-gasolina-y-electricas.png","type":"image\/png"}],"twitter_card":"summary_large_image","twitter_site":"@cooltra","twitter_misc":{"Est. reading time":"1 minute"},"schema":{"@context":"https:\/\/schema.org","@graph":[{"@type":"WebPage","@id":"https:\/\/cooltra.com\/pt\/pruebanos\/","url":"https:\/\/cooltra.com\/pt\/pruebanos\/","name":"Tem necesidades ao n\u00edvel da mobilidade na sua empresa ? - Cooltra","isPartOf":{"@id":"https:\/\/cooltra.com\/pt\/#website"},"datePublished":"2021-01-26T14:30:56+00:00","dateModified":"2021-03-24T07:28:08+00:00","inLanguage":"pt","potentialAction":[{"@type":"ReadAction","target":["https:\/\/cooltra.com\/pt\/pruebanos\/"]}]},{"@type":"WebSite","@id":"https:\/\/cooltra.com\/pt\/#website","url":"https:\/\/cooltra.com\/pt\/","name":"Cooltra","description":"Alquiler de motos y scooters de gasolina y el\u00e9ctricas","publisher":{"@id":"https:\/\/cooltra.com\/pt\/#organization"},"potentialAction":[{"@type":"SearchAction","target":{"@type":"EntryPoint","urlTemplate":"https:\/\/cooltra.com\/pt\/?s={search_term_string}"},"query-input":"required name=search_term_string"}],"inLanguage":"pt"},{"@type":"Organization","@id":"https:\/\/cooltra.com\/pt\/#organization","name":"Cooltra","url":"https:\/\/cooltra.com\/pt\/","logo":{"@type":"ImageObject","inLanguage":"pt","@id":"https:\/\/cooltra.com\/pt\/#\/schema\/logo\/image\/","url":"https:\/\/cdn.cooltra.com\/uploads\/2022\/11\/Cooltra_Logo_A.png","contentUrl":"https:\/\/cdn.cooltra.com\/uploads\/2022\/11\/Cooltra_Logo_A.png","width":300,"height":298,"caption":"Cooltra"},"image":{"@id":"https:\/\/cooltra.com\/pt\/#\/schema\/logo\/image\/"},"sameAs":["https:\/\/www.facebook.com\/CooltraMotos\/","https:\/\/twitter.com\/cooltra","https:\/\/www.instagram.com\/cooltra_motos\/"]}]}},"_links":{"self":[{"href":"https:\/\/cooltra.com\/pt\/wp-json\/wp\/v2\/pages\/31888"}],"collection":[{"href":"https:\/\/cooltra.com\/pt\/wp-json\/wp\/v2\/pages"}],"about":[{"href":"https:\/\/cooltra.com\/pt\/wp-json\/wp\/v2\/types\/page"}],"author":[{"embeddable":true,"href":"https:\/\/cooltra.com\/pt\/wp-json\/wp\/v2\/users\/20"}],"replies":[{"embeddable":true,"href":"https:\/\/cooltra.com\/pt\/wp-json\/wp\/v2\/comments?post=31888"}],"version-history":[{"count":4,"href":"https:\/\/cooltra.com\/pt\/wp-json\/wp\/v2\/pages\/31888\/revisions"}],"predecessor-version":[{"id":32470,"href":"https:\/\/cooltra.com\/pt\/wp-json\/wp\/v2\/pages\/31888\/revisions\/32470"}],"wp:attachment":[{"href":"https:\/\/cooltra.com\/pt\/wp-json\/wp\/v2\/media?parent=31888"}],"curies":[{"name":"wp","href":"https:\/\/api.w.org\/{rel}","templated":true}]}}