{"id":31560,"date":"2021-02-08T14:56:40","date_gmt":"2021-02-08T13:56:40","guid":{"rendered":"https:\/\/bruce.cooltra.com\/alquiler-por-minutos-horas\/precios-packs\/"},"modified":"2025-05-12T10:58:51","modified_gmt":"2025-05-12T09:58:51","slug":"precios-packs","status":"publish","type":"page","link":"https:\/\/cooltra.com\/pt\/aluguel-por-minuto-horas\/precios-packs\/","title":{"rendered":"Os nossos pre\u00e7os"},"content":{"rendered":"","protected":false},"excerpt":{"rendered":"","protected":false},"author":20,"featured_media":0,"parent":23409,"menu_order":0,"comment_status":"closed","ping_status":"closed","template":"page-rentprices.php","meta":{"inline_featured_image":false},"yoast_head":"<!-- This site is optimized with the Yoast SEO plugin v20.10 - https:\/\/yoast.com\/wordpress\/plugins\/seo\/ -->\n<title>Pre\u00e7o por minuto de aluguer de motas | Cooltra<\/title>\n<meta name=\"description\" content=\"Descubra como funciona o pre\u00e7o por minuto da Cooltra. Alugue motas e explore a cidade de forma pr\u00e1tica e econ\u00f4mica. Saiba mais agora!\" \/>\n<meta name=\"robots\" content=\"index, follow, max-snippet:-1, max-image-preview:large, max-video-preview:-1\" \/>\n<link rel=\"canonical\" href=\"https:\/\/cooltra.com\/pt\/aluguel-por-minuto-horas\/precios-packs\/\" \/>\n<meta property=\"og:locale\" content=\"pt_PT\" \/>\n<meta property=\"og:type\" content=\"article\" \/>\n<meta property=\"og:title\" content=\"Pre\u00e7o por minuto de aluguer de motas | Cooltra\" \/>\n<meta property=\"og:description\" content=\"Descubra como funciona o pre\u00e7o por minuto da Cooltra. Alugue motas e explore a cidade de forma pr\u00e1tica e econ\u00f4mica. Saiba mais agora!\" \/>\n<meta property=\"og:url\" content=\"https:\/\/cooltra.com\/pt\/aluguel-por-minuto-horas\/precios-packs\/\" \/>\n<meta property=\"og:site_name\" content=\"Cooltra\" \/>\n<meta property=\"article:publisher\" content=\"https:\/\/www.facebook.com\/CooltraMotos\/\" \/>\n<meta property=\"article:modified_time\" content=\"2025-05-12T09:58:51+00:00\" \/>\n<meta property=\"og:image\" content=\"https:\/\/cdn.cooltra.com\/uploads\/2018\/04\/cooltra-alquiler-de-motos-y-scooter-de-gasolina-y-electricas.png\" \/>\n\t<meta property=\"og:image:width\" content=\"2000\" \/>\n\t<meta property=\"og:image:height\" content=\"510\" \/>\n\t<meta property=\"og:image:type\" content=\"image\/png\" \/>\n<meta name=\"twitter:card\" content=\"summary_large_image\" \/>\n<meta name=\"twitter:site\" content=\"@cooltra\" \/>\n<script type=\"application\/ld+json\" class=\"yoast-schema-graph\">{\"@context\":\"https:\/\/schema.org\",\"@graph\":[{\"@type\":\"WebPage\",\"@id\":\"https:\/\/cooltra.com\/pt\/aluguel-por-minuto-horas\/precios-packs\/\",\"url\":\"https:\/\/cooltra.com\/pt\/aluguel-por-minuto-horas\/precios-packs\/\",\"name\":\"Pre\u00e7o por minuto de aluguer de motas | Cooltra\",\"isPartOf\":{\"@id\":\"https:\/\/cooltra.com\/pt\/#website\"},\"datePublished\":\"2021-02-08T13:56:40+00:00\",\"dateModified\":\"2025-05-12T09:58:51+00:00\",\"description\":\"Descubra como funciona o pre\u00e7o por minuto da Cooltra. Alugue motas e explore a cidade de forma pr\u00e1tica e econ\u00f4mica. Saiba mais agora!\",\"breadcrumb\":{\"@id\":\"https:\/\/cooltra.com\/pt\/aluguel-por-minuto-horas\/precios-packs\/#breadcrumb\"},\"inLanguage\":\"pt\",\"potentialAction\":[{\"@type\":\"ReadAction\",\"target\":[\"https:\/\/cooltra.com\/pt\/aluguel-por-minuto-horas\/precios-packs\/\"]}]},{\"@type\":\"BreadcrumbList\",\"@id\":\"https:\/\/cooltra.com\/pt\/aluguel-por-minuto-horas\/precios-packs\/#breadcrumb\",\"itemListElement\":[{\"@type\":\"ListItem\",\"position\":1,\"name\":\"Aluguer por minuto \/ horas\",\"item\":\"https:\/\/cooltra.com\/pt\/aluguel-por-minuto-horas\/\"},{\"@type\":\"ListItem\",\"position\":2,\"name\":\"Os nossos pre\u00e7os\"}]},{\"@type\":\"WebSite\",\"@id\":\"https:\/\/cooltra.com\/pt\/#website\",\"url\":\"https:\/\/cooltra.com\/pt\/\",\"name\":\"Cooltra\",\"description\":\"Alquiler de motos y scooters de gasolina y el\u00e9ctricas\",\"publisher\":{\"@id\":\"https:\/\/cooltra.com\/pt\/#organization\"},\"potentialAction\":[{\"@type\":\"SearchAction\",\"target\":{\"@type\":\"EntryPoint\",\"urlTemplate\":\"https:\/\/cooltra.com\/pt\/?s={search_term_string}\"},\"query-input\":\"required name=search_term_string\"}],\"inLanguage\":\"pt\"},{\"@type\":\"Organization\",\"@id\":\"https:\/\/cooltra.com\/pt\/#organization\",\"name\":\"Cooltra\",\"url\":\"https:\/\/cooltra.com\/pt\/\",\"logo\":{\"@type\":\"ImageObject\",\"inLanguage\":\"pt\",\"@id\":\"https:\/\/cooltra.com\/pt\/#\/schema\/logo\/image\/\",\"url\":\"https:\/\/cdn.cooltra.com\/uploads\/2022\/11\/Cooltra_Logo_A.png\",\"contentUrl\":\"https:\/\/cdn.cooltra.com\/uploads\/2022\/11\/Cooltra_Logo_A.png\",\"width\":300,\"height\":298,\"caption\":\"Cooltra\"},\"image\":{\"@id\":\"https:\/\/cooltra.com\/pt\/#\/schema\/logo\/image\/\"},\"sameAs\":[\"https:\/\/www.facebook.com\/CooltraMotos\/\",\"https:\/\/twitter.com\/cooltra\",\"https:\/\/www.instagram.com\/cooltra_motos\/\"]}]}<\/script>\n<!-- \/ Yoast SEO plugin. -->","yoast_head_json":{"title":"Pre\u00e7o por minuto de aluguer de motas | Cooltra","description":"Descubra como funciona o pre\u00e7o por minuto da Cooltra. Alugue motas e explore a cidade de forma pr\u00e1tica e econ\u00f4mica. Saiba mais agora!","robots":{"index":"index","follow":"follow","max-snippet":"max-snippet:-1","max-image-preview":"max-image-preview:large","max-video-preview":"max-video-preview:-1"},"canonical":"https:\/\/cooltra.com\/pt\/aluguel-por-minuto-horas\/precios-packs\/","og_locale":"pt_PT","og_type":"article","og_title":"Pre\u00e7o por minuto de aluguer de motas | Cooltra","og_description":"Descubra como funciona o pre\u00e7o por minuto da Cooltra. Alugue motas e explore a cidade de forma pr\u00e1tica e econ\u00f4mica. Saiba mais agora!","og_url":"https:\/\/cooltra.com\/pt\/aluguel-por-minuto-horas\/precios-packs\/","og_site_name":"Cooltra","article_publisher":"https:\/\/www.facebook.com\/CooltraMotos\/","article_modified_time":"2025-05-12T09:58:51+00:00","og_image":[{"width":2000,"height":510,"url":"https:\/\/cdn.cooltra.com\/uploads\/2018\/04\/cooltra-alquiler-de-motos-y-scooter-de-gasolina-y-electricas.png","type":"image\/png"}],"twitter_card":"summary_large_image","twitter_site":"@cooltra","schema":{"@context":"https:\/\/schema.org","@graph":[{"@type":"WebPage","@id":"https:\/\/cooltra.com\/pt\/aluguel-por-minuto-horas\/precios-packs\/","url":"https:\/\/cooltra.com\/pt\/aluguel-por-minuto-horas\/precios-packs\/","name":"Pre\u00e7o por minuto de aluguer de motas | Cooltra","isPartOf":{"@id":"https:\/\/cooltra.com\/pt\/#website"},"datePublished":"2021-02-08T13:56:40+00:00","dateModified":"2025-05-12T09:58:51+00:00","description":"Descubra como funciona o pre\u00e7o por minuto da Cooltra. Alugue motas e explore a cidade de forma pr\u00e1tica e econ\u00f4mica. Saiba mais agora!","breadcrumb":{"@id":"https:\/\/cooltra.com\/pt\/aluguel-por-minuto-horas\/precios-packs\/#breadcrumb"},"inLanguage":"pt","potentialAction":[{"@type":"ReadAction","target":["https:\/\/cooltra.com\/pt\/aluguel-por-minuto-horas\/precios-packs\/"]}]},{"@type":"BreadcrumbList","@id":"https:\/\/cooltra.com\/pt\/aluguel-por-minuto-horas\/precios-packs\/#breadcrumb","itemListElement":[{"@type":"ListItem","position":1,"name":"Aluguer por minuto \/ horas","item":"https:\/\/cooltra.com\/pt\/aluguel-por-minuto-horas\/"},{"@type":"ListItem","position":2,"name":"Os nossos pre\u00e7os"}]},{"@type":"WebSite","@id":"https:\/\/cooltra.com\/pt\/#website","url":"https:\/\/cooltra.com\/pt\/","name":"Cooltra","description":"Alquiler de motos y scooters de gasolina y el\u00e9ctricas","publisher":{"@id":"https:\/\/cooltra.com\/pt\/#organization"},"potentialAction":[{"@type":"SearchAction","target":{"@type":"EntryPoint","urlTemplate":"https:\/\/cooltra.com\/pt\/?s={search_term_string}"},"query-input":"required name=search_term_string"}],"inLanguage":"pt"},{"@type":"Organization","@id":"https:\/\/cooltra.com\/pt\/#organization","name":"Cooltra","url":"https:\/\/cooltra.com\/pt\/","logo":{"@type":"ImageObject","inLanguage":"pt","@id":"https:\/\/cooltra.com\/pt\/#\/schema\/logo\/image\/","url":"https:\/\/cdn.cooltra.com\/uploads\/2022\/11\/Cooltra_Logo_A.png","contentUrl":"https:\/\/cdn.cooltra.com\/uploads\/2022\/11\/Cooltra_Logo_A.png","width":300,"height":298,"caption":"Cooltra"},"image":{"@id":"https:\/\/cooltra.com\/pt\/#\/schema\/logo\/image\/"},"sameAs":["https:\/\/www.facebook.com\/CooltraMotos\/","https:\/\/twitter.com\/cooltra","https:\/\/www.instagram.com\/cooltra_motos\/"]}]}},"_links":{"self":[{"href":"https:\/\/cooltra.com\/pt\/wp-json\/wp\/v2\/pages\/31560"}],"collection":[{"href":"https:\/\/cooltra.com\/pt\/wp-json\/wp\/v2\/pages"}],"about":[{"href":"https:\/\/cooltra.com\/pt\/wp-json\/wp\/v2\/types\/page"}],"author":[{"embeddable":true,"href":"https:\/\/cooltra.com\/pt\/wp-json\/wp\/v2\/users\/20"}],"replies":[{"embeddable":true,"href":"https:\/\/cooltra.com\/pt\/wp-json\/wp\/v2\/comments?post=31560"}],"version-history":[{"count":46,"href":"https:\/\/cooltra.com\/pt\/wp-json\/wp\/v2\/pages\/31560\/revisions"}],"predecessor-version":[{"id":90137,"href":"https:\/\/cooltra.com\/pt\/wp-json\/wp\/v2\/pages\/31560\/revisions\/90137"}],"up":[{"embeddable":true,"href":"https:\/\/cooltra.com\/pt\/wp-json\/wp\/v2\/pages\/23409"}],"wp:attachment":[{"href":"https:\/\/cooltra.com\/pt\/wp-json\/wp\/v2\/media?parent=31560"}],"curies":[{"name":"wp","href":"https:\/\/api.w.org\/{rel}","templated":true}]}}