{"id":31072,"date":"2021-01-28T14:48:57","date_gmt":"2021-01-28T13:48:57","guid":{"rendered":"https:\/\/bruce.cooltra.com\/mision-vision-valores\/"},"modified":"2022-03-03T11:50:19","modified_gmt":"2022-03-03T10:50:19","slug":"mision-vision-valores","status":"publish","type":"page","link":"https:\/\/cooltra.com\/pt\/missao-visao-valores\/","title":{"rendered":"Miss\u00e3o, vis\u00e3o, valores"},"content":{"rendered":"<p>Podemos dizer que na Cooltra somos tecnologia e\u00a0<strong>inova\u00e7\u00e3o<\/strong>, sem d\u00favida. Mas se h\u00e1 um ponto que faz com que a Cooltra se tenha posicionado enquanto l\u00edder a n\u00edvel europeu em solu\u00e7\u00f5es de mobilidade em duas rodas, s\u00e3o as pessoas.<\/p>\n<p>S\u00e3o precisamente 400 colaboradores que diariamente colocam todos os seus conhecimentos e <strong>paix\u00e3o<\/strong>\u00a0nesse\u00a0<strong>compromisso<\/strong>\u00a0que t\u00eam com cada um dos clientes, ou seja, conseguem e fazem tudo para que a satisfa\u00e7\u00e3o seja de 100%. Nas nossas veias corre eletricidade: energia sustent\u00e1vel que nos leva a apostar sempre em solu\u00e7\u00f5es que tenham poucas consequ\u00eancias no meio ambiente e um grande impacto num quotidiano melhor para os cidad\u00e3os.<\/p>\n","protected":false},"excerpt":{"rendered":"<p>Podemos dizer que na Cooltra somos tecnologia e\u00a0inova\u00e7\u00e3o, sem d\u00favida. Mas se h\u00e1 um ponto que faz com que a Cooltra se tenha posicionado enquanto l\u00edder a n\u00edvel europeu em solu\u00e7\u00f5es de mobilidade em duas rodas, s\u00e3o as pessoas. S\u00e3o precisamente 400 colaboradores que diariamente colocam todos os seus conhecimentos e paix\u00e3o\u00a0nesse\u00a0compromisso\u00a0que t\u00eam com cada [&hellip;]<\/p>\n","protected":false},"author":20,"featured_media":0,"parent":0,"menu_order":0,"comment_status":"closed","ping_status":"closed","template":"page-img.php","meta":{"inline_featured_image":false},"yoast_head":"<!-- This site is optimized with the Yoast SEO plugin v20.10 - https:\/\/yoast.com\/wordpress\/plugins\/seo\/ -->\n<title>Miss\u00e3o, vis\u00e3o, valores - Cooltra<\/title>\n<meta name=\"robots\" content=\"index, follow, max-snippet:-1, max-image-preview:large, max-video-preview:-1\" \/>\n<link rel=\"canonical\" href=\"https:\/\/cooltra.com\/pt\/missao-visao-valores\/\" \/>\n<meta property=\"og:locale\" content=\"pt_PT\" \/>\n<meta property=\"og:type\" content=\"article\" \/>\n<meta property=\"og:title\" content=\"Miss\u00e3o, vis\u00e3o, valores - Cooltra\" \/>\n<meta property=\"og:description\" content=\"Podemos dizer que na Cooltra somos tecnologia e\u00a0inova\u00e7\u00e3o, sem d\u00favida. Mas se h\u00e1 um ponto que faz com que a Cooltra se tenha posicionado enquanto l\u00edder a n\u00edvel europeu em solu\u00e7\u00f5es de mobilidade em duas rodas, s\u00e3o as pessoas. S\u00e3o precisamente 400 colaboradores que diariamente colocam todos os seus conhecimentos e paix\u00e3o\u00a0nesse\u00a0compromisso\u00a0que t\u00eam com cada [&hellip;]\" \/>\n<meta property=\"og:url\" content=\"https:\/\/cooltra.com\/pt\/missao-visao-valores\/\" \/>\n<meta property=\"og:site_name\" content=\"Cooltra\" \/>\n<meta property=\"article:publisher\" content=\"https:\/\/www.facebook.com\/CooltraMotos\/\" \/>\n<meta property=\"article:modified_time\" content=\"2022-03-03T10:50:19+00:00\" \/>\n<meta property=\"og:image\" content=\"https:\/\/cdn.cooltra.com\/uploads\/2018\/04\/cooltra-alquiler-de-motos-y-scooter-de-gasolina-y-electricas.png\" \/>\n\t<meta property=\"og:image:width\" content=\"2000\" \/>\n\t<meta property=\"og:image:height\" content=\"510\" \/>\n\t<meta property=\"og:image:type\" content=\"image\/png\" \/>\n<meta name=\"twitter:card\" content=\"summary_large_image\" \/>\n<meta name=\"twitter:site\" content=\"@cooltra\" \/>\n<meta name=\"twitter:label1\" content=\"Est. reading time\" \/>\n\t<meta name=\"twitter:data1\" content=\"1 minute\" \/>\n<script type=\"application\/ld+json\" class=\"yoast-schema-graph\">{\"@context\":\"https:\/\/schema.org\",\"@graph\":[{\"@type\":\"WebPage\",\"@id\":\"https:\/\/cooltra.com\/pt\/missao-visao-valores\/\",\"url\":\"https:\/\/cooltra.com\/pt\/missao-visao-valores\/\",\"name\":\"Miss\u00e3o, vis\u00e3o, valores - Cooltra\",\"isPartOf\":{\"@id\":\"https:\/\/cooltra.com\/pt\/#website\"},\"datePublished\":\"2021-01-28T13:48:57+00:00\",\"dateModified\":\"2022-03-03T10:50:19+00:00\",\"inLanguage\":\"pt\",\"potentialAction\":[{\"@type\":\"ReadAction\",\"target\":[\"https:\/\/cooltra.com\/pt\/missao-visao-valores\/\"]}]},{\"@type\":\"WebSite\",\"@id\":\"https:\/\/cooltra.com\/pt\/#website\",\"url\":\"https:\/\/cooltra.com\/pt\/\",\"name\":\"Cooltra\",\"description\":\"Alquiler de motos y scooters de gasolina y el\u00e9ctricas\",\"publisher\":{\"@id\":\"https:\/\/cooltra.com\/pt\/#organization\"},\"potentialAction\":[{\"@type\":\"SearchAction\",\"target\":{\"@type\":\"EntryPoint\",\"urlTemplate\":\"https:\/\/cooltra.com\/pt\/?s={search_term_string}\"},\"query-input\":\"required name=search_term_string\"}],\"inLanguage\":\"pt\"},{\"@type\":\"Organization\",\"@id\":\"https:\/\/cooltra.com\/pt\/#organization\",\"name\":\"Cooltra\",\"url\":\"https:\/\/cooltra.com\/pt\/\",\"logo\":{\"@type\":\"ImageObject\",\"inLanguage\":\"pt\",\"@id\":\"https:\/\/cooltra.com\/pt\/#\/schema\/logo\/image\/\",\"url\":\"https:\/\/cdn.cooltra.com\/uploads\/2022\/11\/Cooltra_Logo_A.png\",\"contentUrl\":\"https:\/\/cdn.cooltra.com\/uploads\/2022\/11\/Cooltra_Logo_A.png\",\"width\":300,\"height\":298,\"caption\":\"Cooltra\"},\"image\":{\"@id\":\"https:\/\/cooltra.com\/pt\/#\/schema\/logo\/image\/\"},\"sameAs\":[\"https:\/\/www.facebook.com\/CooltraMotos\/\",\"https:\/\/twitter.com\/cooltra\",\"https:\/\/www.instagram.com\/cooltra_motos\/\"]}]}<\/script>\n<!-- \/ Yoast SEO plugin. -->","yoast_head_json":{"title":"Miss\u00e3o, vis\u00e3o, valores - Cooltra","robots":{"index":"index","follow":"follow","max-snippet":"max-snippet:-1","max-image-preview":"max-image-preview:large","max-video-preview":"max-video-preview:-1"},"canonical":"https:\/\/cooltra.com\/pt\/missao-visao-valores\/","og_locale":"pt_PT","og_type":"article","og_title":"Miss\u00e3o, vis\u00e3o, valores - Cooltra","og_description":"Podemos dizer que na Cooltra somos tecnologia e\u00a0inova\u00e7\u00e3o, sem d\u00favida. Mas se h\u00e1 um ponto que faz com que a Cooltra se tenha posicionado enquanto l\u00edder a n\u00edvel europeu em solu\u00e7\u00f5es de mobilidade em duas rodas, s\u00e3o as pessoas. S\u00e3o precisamente 400 colaboradores que diariamente colocam todos os seus conhecimentos e paix\u00e3o\u00a0nesse\u00a0compromisso\u00a0que t\u00eam com cada [&hellip;]","og_url":"https:\/\/cooltra.com\/pt\/missao-visao-valores\/","og_site_name":"Cooltra","article_publisher":"https:\/\/www.facebook.com\/CooltraMotos\/","article_modified_time":"2022-03-03T10:50:19+00:00","og_image":[{"width":2000,"height":510,"url":"https:\/\/cdn.cooltra.com\/uploads\/2018\/04\/cooltra-alquiler-de-motos-y-scooter-de-gasolina-y-electricas.png","type":"image\/png"}],"twitter_card":"summary_large_image","twitter_site":"@cooltra","twitter_misc":{"Est. reading time":"1 minute"},"schema":{"@context":"https:\/\/schema.org","@graph":[{"@type":"WebPage","@id":"https:\/\/cooltra.com\/pt\/missao-visao-valores\/","url":"https:\/\/cooltra.com\/pt\/missao-visao-valores\/","name":"Miss\u00e3o, vis\u00e3o, valores - Cooltra","isPartOf":{"@id":"https:\/\/cooltra.com\/pt\/#website"},"datePublished":"2021-01-28T13:48:57+00:00","dateModified":"2022-03-03T10:50:19+00:00","inLanguage":"pt","potentialAction":[{"@type":"ReadAction","target":["https:\/\/cooltra.com\/pt\/missao-visao-valores\/"]}]},{"@type":"WebSite","@id":"https:\/\/cooltra.com\/pt\/#website","url":"https:\/\/cooltra.com\/pt\/","name":"Cooltra","description":"Alquiler de motos y scooters de gasolina y el\u00e9ctricas","publisher":{"@id":"https:\/\/cooltra.com\/pt\/#organization"},"potentialAction":[{"@type":"SearchAction","target":{"@type":"EntryPoint","urlTemplate":"https:\/\/cooltra.com\/pt\/?s={search_term_string}"},"query-input":"required name=search_term_string"}],"inLanguage":"pt"},{"@type":"Organization","@id":"https:\/\/cooltra.com\/pt\/#organization","name":"Cooltra","url":"https:\/\/cooltra.com\/pt\/","logo":{"@type":"ImageObject","inLanguage":"pt","@id":"https:\/\/cooltra.com\/pt\/#\/schema\/logo\/image\/","url":"https:\/\/cdn.cooltra.com\/uploads\/2022\/11\/Cooltra_Logo_A.png","contentUrl":"https:\/\/cdn.cooltra.com\/uploads\/2022\/11\/Cooltra_Logo_A.png","width":300,"height":298,"caption":"Cooltra"},"image":{"@id":"https:\/\/cooltra.com\/pt\/#\/schema\/logo\/image\/"},"sameAs":["https:\/\/www.facebook.com\/CooltraMotos\/","https:\/\/twitter.com\/cooltra","https:\/\/www.instagram.com\/cooltra_motos\/"]}]}},"_links":{"self":[{"href":"https:\/\/cooltra.com\/pt\/wp-json\/wp\/v2\/pages\/31072"}],"collection":[{"href":"https:\/\/cooltra.com\/pt\/wp-json\/wp\/v2\/pages"}],"about":[{"href":"https:\/\/cooltra.com\/pt\/wp-json\/wp\/v2\/types\/page"}],"author":[{"embeddable":true,"href":"https:\/\/cooltra.com\/pt\/wp-json\/wp\/v2\/users\/20"}],"replies":[{"embeddable":true,"href":"https:\/\/cooltra.com\/pt\/wp-json\/wp\/v2\/comments?post=31072"}],"version-history":[{"count":5,"href":"https:\/\/cooltra.com\/pt\/wp-json\/wp\/v2\/pages\/31072\/revisions"}],"predecessor-version":[{"id":53042,"href":"https:\/\/cooltra.com\/pt\/wp-json\/wp\/v2\/pages\/31072\/revisions\/53042"}],"wp:attachment":[{"href":"https:\/\/cooltra.com\/pt\/wp-json\/wp\/v2\/media?parent=31072"}],"curies":[{"name":"wp","href":"https:\/\/api.w.org\/{rel}","templated":true}]}}