{"id":31046,"date":"2021-03-08T09:28:05","date_gmt":"2021-03-08T08:28:05","guid":{"rendered":"https:\/\/bruce.cooltra.com\/nuestra-historia\/"},"modified":"2024-10-21T09:09:23","modified_gmt":"2024-10-21T08:09:23","slug":"nuestra-historia","status":"publish","type":"page","link":"https:\/\/cooltra.com\/pt\/a-nossa-historia\/","title":{"rendered":"A nossa hist\u00f3ria"},"content":{"rendered":"<p><span class=\"TextRun SCXW215046542 BCX0\" lang=\"PT-BR\" xml:lang=\"PT-BR\" data-contrast=\"auto\"><span class=\"NormalTextRun SCXW215046542 BCX0\">A Cooltra<\/span> <span class=\"NormalTextRun SCXW215046542 BCX0\">nasce<\/span><span class=\"NormalTextRun SCXW215046542 BCX0\">u<\/span><span class=\"NormalTextRun SCXW215046542 BCX0\"> em 2006, em Barcelona, em<\/span> <span class=\"NormalTextRun SCXW215046542 BCX0\">respost<\/span><span class=\"NormalTextRun SCXW215046542 BCX0\">a<\/span><span class=\"NormalTextRun SCXW215046542 BCX0\"> a<\/span> <span class=\"NormalTextRun SCXW215046542 BCX0\">um<\/span><span class=\"NormalTextRun SCXW215046542 BCX0\">a<\/span> <span class=\"NormalTextRun SCXW215046542 BCX0\">necessidad<\/span><span class=\"NormalTextRun SCXW215046542 BCX0\">e<\/span><span class=\"NormalTextRun SCXW215046542 BCX0\">. Timo Buetefisch, CEO da empresa,<\/span> <span class=\"NormalTextRun SCXW215046542 BCX0\">apercebe<\/span><span class=\"NormalTextRun SCXW215046542 BCX0\">u<\/span><span class=\"NormalTextRun SCXW215046542 BCX0\">-se,<\/span> <span class=\"NormalTextRun SCXW215046542 BCX0\">u<\/span><span class=\"NormalTextRun SCXW215046542 BCX0\">m<\/span> <span class=\"NormalTextRun SCXW215046542 BCX0\">di<\/span><span class=\"NormalTextRun SCXW215046542 BCX0\">a<\/span><span class=\"NormalTextRun SCXW215046542 BCX0\">,<\/span> <span class=\"NormalTextRun SCXW215046542 BCX0\">quand<\/span><span class=\"NormalTextRun SCXW215046542 BCX0\">o<\/span> <span class=\"NormalTextRun SCXW215046542 BCX0\">deixo<\/span><span class=\"NormalTextRun SCXW215046542 BCX0\">u<\/span><span class=\"NormalTextRun SCXW215046542 BCX0\"> a<\/span> <span class=\"NormalTextRun SCXW215046542 BCX0\">su<\/span><span class=\"NormalTextRun SCXW215046542 BCX0\">a<\/span><span class=\"NormalTextRun SCXW215046542 BCX0\"> mota<\/span> <span class=\"NormalTextRun SCXW215046542 BCX0\">n<\/span><span class=\"NormalTextRun SCXW215046542 BCX0\">a<\/span><span class=\"NormalTextRun SCXW215046542 BCX0\"> oficina, de que<\/span> <span class=\"NormalTextRun SCXW215046542 BCX0\">n\u00e3<\/span><span class=\"NormalTextRun SCXW215046542 BCX0\">o<\/span> <span class=\"NormalTextRun SCXW215046542 BCX0\">existi<\/span><span class=\"NormalTextRun SCXW215046542 BCX0\">a<\/span> <span class=\"NormalTextRun SCXW215046542 BCX0\">u<\/span><span class=\"NormalTextRun SCXW215046542 BCX0\">m<\/span> <span class=\"NormalTextRun SCXW215046542 BCX0\">servi\u00e7<\/span><span class=\"NormalTextRun SCXW215046542 BCX0\">o<\/span><span class=\"NormalTextRun SCXW215046542 BCX0\"> de<\/span> <span class=\"NormalTextRun SCXW215046542 BCX0\">alugue<\/span><span class=\"NormalTextRun SCXW215046542 BCX0\">r<\/span> <span class=\"NormalTextRun SCXW215046542 BCX0\">di\u00e1ri<\/span><span class=\"NormalTextRun SCXW215046542 BCX0\">o<\/span><span class=\"NormalTextRun SCXW215046542 BCX0\">.<\/span> <span class=\"NormalTextRun SCXW215046542 BCX0\">Fo<\/span><span class=\"NormalTextRun SCXW215046542 BCX0\">i<\/span> <span class=\"NormalTextRun SCXW215046542 BCX0\">assi<\/span><span class=\"NormalTextRun SCXW215046542 BCX0\">m<\/span><span class=\"NormalTextRun SCXW215046542 BCX0\"> que a Cooltra<\/span> <span class=\"NormalTextRun SCXW215046542 BCX0\">nasceu<\/span> <span class=\"NormalTextRun SCXW215046542 BCX0\">&#8211;<\/span> <span class=\"NormalTextRun SCXW215046542 BCX0\">co<\/span><span class=\"NormalTextRun SCXW215046542 BCX0\">m<\/span><span class=\"NormalTextRun SCXW215046542 BCX0\"> os<\/span> <span class=\"NormalTextRun SCXW215046542 BCX0\">seu<\/span><span class=\"NormalTextRun SCXW215046542 BCX0\">s<\/span><span class=\"NormalTextRun SCXW215046542 BCX0\"> cofundadores <\/span><span class=\"NormalTextRun SCXW215046542 BCX0\">Holger<\/span><span class=\"NormalTextRun SCXW215046542 BCX0\"> e Henrik<\/span> <span class=\"NormalTextRun SCXW215046542 BCX0\">Sprenge<\/span><span class=\"NormalTextRun SCXW215046542 BCX0\">l<\/span><span class=\"NormalTextRun SCXW215046542 BCX0\"> &#8211; com<\/span> <span class=\"NormalTextRun SCXW215046542 BCX0\">um<\/span><span class=\"NormalTextRun SCXW215046542 BCX0\">a<\/span> <span class=\"NormalTextRun SCXW215046542 BCX0\">loj<\/span><span class=\"NormalTextRun SCXW215046542 BCX0\">a<\/span> <span class=\"NormalTextRun SCXW215046542 BCX0\">co<\/span><span class=\"NormalTextRun SCXW215046542 BCX0\">m<\/span><span class=\"NormalTextRun SCXW215046542 BCX0\"> 50 motas de<\/span> <span class=\"NormalTextRun SCXW215046542 BCX0\">alugue<\/span><span class=\"NormalTextRun SCXW215046542 BCX0\">r<\/span><span class=\"NormalTextRun SCXW215046542 BCX0\"> e,<\/span> <span class=\"NormalTextRun SCXW215046542 BCX0\">co<\/span><span class=\"NormalTextRun SCXW215046542 BCX0\">m<\/span><span class=\"NormalTextRun SCXW215046542 BCX0\"> tempo e a<\/span> <span class=\"NormalTextRun SCXW215046542 BCX0\">perseveran\u00e7<\/span><span class=\"NormalTextRun SCXW215046542 BCX0\">a<\/span><span class=\"NormalTextRun SCXW215046542 BCX0\">,<\/span> <span class=\"NormalTextRun SCXW215046542 BCX0\">transformo<\/span><span class=\"NormalTextRun SCXW215046542 BCX0\">u<\/span><span class=\"NormalTextRun SCXW215046542 BCX0\">-se<\/span> <span class=\"NormalTextRun SCXW215046542 BCX0\">num<\/span><span class=\"NormalTextRun SCXW215046542 BCX0\">a<\/span><span class=\"NormalTextRun SCXW215046542 BCX0\"> empresa <\/span><span class=\"NormalTextRun SCXW215046542 BCX0\">multinacional <\/span><span class=\"NormalTextRun SCXW215046542 BCX0\">de<\/span> <span class=\"NormalTextRun SCXW215046542 BCX0\">confian\u00e7<\/span><span class=\"NormalTextRun SCXW215046542 BCX0\">a<\/span><span class=\"NormalTextRun SCXW215046542 BCX0\"> de particulares, empresas e<\/span> <span class=\"NormalTextRun SCXW215046542 BCX0\">administra\u00e7\u00f5e<\/span><span class=\"NormalTextRun SCXW215046542 BCX0\">s<\/span><span class=\"NormalTextRun SCXW215046542 BCX0\"> p\u00fablicas. <\/span><\/span><span class=\"LineBreakBlob BlobObject DragDrop SCXW215046542 BCX0\"><span class=\"SCXW215046542 BCX0\">\u00a0<\/span><\/span><\/p>\n<p><span class=\"TextRun SCXW215046542 BCX0\" lang=\"PT-BR\" xml:lang=\"PT-BR\" data-contrast=\"auto\"><span class=\"NormalTextRun SCXW215046542 BCX0\">Ao longo<\/span> <span class=\"NormalTextRun SCXW215046542 BCX0\">deste<\/span><span class=\"NormalTextRun SCXW215046542 BCX0\">s<\/span><span class=\"NormalTextRun SCXW215046542 BCX0\"> anos, a Cooltra<\/span> <span class=\"NormalTextRun SCXW215046542 BCX0\">promove<\/span><span class=\"NormalTextRun SCXW215046542 BCX0\">u<\/span><span class=\"NormalTextRun SCXW215046542 BCX0\"> diferentes<\/span> <span class=\"NormalTextRun SCXW215046542 BCX0\">linha<\/span><span class=\"NormalTextRun SCXW215046542 BCX0\">s<\/span><span class=\"NormalTextRun SCXW215046542 BCX0\"> de<\/span> <span class=\"NormalTextRun SCXW215046542 BCX0\">neg\u00f3ci<\/span><span class=\"NormalTextRun SCXW215046542 BCX0\">o<\/span><span class=\"NormalTextRun SCXW215046542 BCX0\">. Cooltra<\/span> <\/span><span class=\"TextRun SCXW215046542 BCX0\" lang=\"PT-BR\" xml:lang=\"PT-BR\" data-contrast=\"auto\"><span class=\"NormalTextRun SCXW215046542 BCX0\">sharin<\/span><span class=\"NormalTextRun SCXW215046542 BCX0\">g<\/span><\/span><span class=\"TextRun SCXW215046542 BCX0\" lang=\"PT-BR\" xml:lang=\"PT-BR\" data-contrast=\"auto\"><span class=\"NormalTextRun SCXW215046542 BCX0\">, a<\/span> <span class=\"NormalTextRun SCXW215046542 BCX0\">maio<\/span><span class=\"NormalTextRun SCXW215046542 BCX0\">r<\/span><span class=\"NormalTextRun SCXW215046542 BCX0\"> empresa de<\/span> <\/span><span class=\"TextRun SCXW215046542 BCX0\" lang=\"PT-BR\" xml:lang=\"PT-BR\" data-contrast=\"auto\"><span class=\"NormalTextRun SCXW215046542 BCX0\">motosharin<\/span><span class=\"NormalTextRun SCXW215046542 BCX0\">g<\/span><\/span><span class=\"TextRun SCXW215046542 BCX0\" lang=\"PT-BR\" xml:lang=\"PT-BR\" data-contrast=\"auto\"><span class=\"NormalTextRun SCXW215046542 BCX0\"> da Europa,<\/span> <span class=\"NormalTextRun SCXW215046542 BCX0\">co<\/span><span class=\"NormalTextRun SCXW215046542 BCX0\">m<\/span> <span class=\"NormalTextRun SCXW215046542 BCX0\">presen\u00e7<\/span><span class=\"NormalTextRun SCXW215046542 BCX0\">a<\/span><span class=\"NormalTextRun SCXW215046542 BCX0\"> em 9<\/span> <span class=\"NormalTextRun SCXW215046542 BCX0\">cidade<\/span><span class=\"NormalTextRun SCXW215046542 BCX0\">s<\/span><span class=\"NormalTextRun SCXW215046542 BCX0\"> (Barcelona, Madrid,<\/span> <span class=\"NormalTextRun SCXW215046542 BCX0\">Val\u00eanci<\/span><span class=\"NormalTextRun SCXW215046542 BCX0\">a<\/span><span class=\"NormalTextRun SCXW215046542 BCX0\">,<\/span> <span class=\"NormalTextRun SCXW215046542 BCX0\">Sevilh<\/span><span class=\"NormalTextRun SCXW215046542 BCX0\">a<\/span><span class=\"NormalTextRun SCXW215046542 BCX0\">, Roma,<\/span> <span class=\"NormalTextRun SCXW215046542 BCX0\">Mil\u00e3<\/span><span class=\"NormalTextRun SCXW215046542 BCX0\">o<\/span><span class=\"NormalTextRun SCXW215046542 BCX0\">,<\/span> <span class=\"NormalTextRun SCXW215046542 BCX0\">Turi<\/span><span class=\"NormalTextRun SCXW215046542 BCX0\">m<\/span><span class=\"NormalTextRun SCXW215046542 BCX0\">, Lisboa, Paris e<\/span> <span class=\"NormalTextRun SCXW215046542 BCX0\">v\u00e1ria<\/span><span class=\"NormalTextRun SCXW215046542 BCX0\">s<\/span> <span class=\"NormalTextRun SCXW215046542 BCX0\">cidade<\/span><span class=\"NormalTextRun SCXW215046542 BCX0\">s<\/span><span class=\"NormalTextRun SCXW215046542 BCX0\"> dos Pa\u00edses<\/span> <span class=\"NormalTextRun SCXW215046542 BCX0\">Baixo<\/span><span class=\"NormalTextRun SCXW215046542 BCX0\">s<\/span><span class=\"NormalTextRun SCXW215046542 BCX0\"> e da B\u00e9lgica)<\/span><span class=\"NormalTextRun SCXW215046542 BCX0\"> e e<\/span><span class=\"NormalTextRun SCXW215046542 BCX0\">m 2020 <\/span><span class=\"NormalTextRun SCXW215046542 BCX0\">\u00e9 lan\u00e7ado<\/span><span class=\"NormalTextRun SCXW215046542 BCX0\"> o<\/span> <span class=\"NormalTextRun SCXW215046542 BCX0\">servi\u00e7<\/span><span class=\"NormalTextRun SCXW215046542 BCX0\">o<\/span><span class=\"NormalTextRun SCXW215046542 BCX0\"> de bicicletas<\/span><span class=\"NormalTextRun SCXW215046542 BCX0\"> el\u00e9tricas<\/span> <span class=\"NormalTextRun SCXW215046542 BCX0\">partilhada<\/span><span class=\"NormalTextRun SCXW215046542 BCX0\">s<\/span><span class=\"NormalTextRun SCXW215046542 BCX0\"> em Barcelona. <\/span><\/span><span class=\"LineBreakBlob BlobObject DragDrop SCXW215046542 BCX0\"><span class=\"SCXW215046542 BCX0\">\u00a0<\/span><\/span><\/p>\n<p><span class=\"TextRun SCXW215046542 BCX0\" lang=\"PT-BR\" xml:lang=\"PT-BR\" data-contrast=\"auto\"><span class=\"NormalTextRun SCXW215046542 BCX0\">O Grupo Cooltra, <\/span><span class=\"NormalTextRun SCXW215046542 BCX0\">nas<\/span> <span class=\"NormalTextRun SCXW215046542 BCX0\">suas<\/span> <span class=\"NormalTextRun SCXW215046542 BCX0\">tr\u00eas<\/span> <span class=\"NormalTextRun SCXW215046542 BCX0\">linhas<\/span><span class=\"NormalTextRun SCXW215046542 BCX0\"> de <\/span><span class=\"NormalTextRun SCXW215046542 BCX0\">neg\u00f3cio<\/span><span class=\"NormalTextRun SCXW215046542 BCX0\">, conta <\/span><span class=\"NormalTextRun SCXW215046542 BCX0\">com<\/span> <span class=\"NormalTextRun SCXW215046542 BCX0\">uma<\/span><span class=\"NormalTextRun SCXW215046542 BCX0\"> frota de 30.000 mot<\/span><span class=\"NormalTextRun SCXW215046542 BCX0\">a<\/span><span class=\"NormalTextRun SCXW215046542 BCX0\">s \u2013 85% das <\/span><span class=\"NormalTextRun SCXW215046542 BCX0\">quais<\/span> <span class=\"NormalTextRun SCXW215046542 BCX0\">j\u00e1<\/span> <span class=\"NormalTextRun SCXW215046542 BCX0\">el\u00e9tricas<\/span><span class=\"NormalTextRun SCXW215046542 BCX0\"> -, <\/span><span class=\"NormalTextRun SCXW215046542 BCX0\">mais<\/span><span class=\"NormalTextRun SCXW215046542 BCX0\"> de 2.000 bicicletas <\/span><span class=\"NormalTextRun SCXW215046542 BCX0\">el\u00e9tricas<\/span><span class=\"NormalTextRun SCXW215046542 BCX0\"> e 600 <\/span><span class=\"NormalTextRun SCXW215046542 BCX0\">profissionais<\/span><span class=\"NormalTextRun SCXW215046542 BCX0\"> em 9 pa\u00edses que <\/span><span class=\"NormalTextRun SCXW215046542 BCX0\">trabalham<\/span><span class=\"NormalTextRun SCXW215046542 BCX0\"> diariamente para <\/span><span class=\"NormalTextRun SCXW215046542 BCX0\">oferecer<\/span><span class=\"NormalTextRun SCXW215046542 BCX0\"> o <\/span><span class=\"NormalTextRun SCXW215046542 BCX0\">melhor<\/span> <span class=\"NormalTextRun SCXW215046542 BCX0\">servi\u00e7o<\/span><span class=\"NormalTextRun SCXW215046542 BCX0\"> de mobilidade sobre duas rodas<\/span><span class=\"NormalTextRun SCXW215046542 BCX0\">, <\/span><span class=\"NormalTextRun SCXW215046542 BCX0\">independentemente<\/span><span class=\"NormalTextRun SCXW215046542 BCX0\"> das <\/span><span class=\"NormalTextRun SCXW215046542 BCX0\">necessidades<\/span><span class=\"NormalTextRun SCXW215046542 BCX0\"> dos clientes.<\/span><\/span><span class=\"EOP SCXW215046542 BCX0\" data-ccp-props=\"{}\">\u00a0<\/span><\/p>\n","protected":false},"excerpt":{"rendered":"<p>A Cooltra nasceu em 2006, em Barcelona, em resposta a uma necessidade. Timo Buetefisch, CEO da empresa, apercebeu-se, um dia, quando deixou a sua mota na oficina, de que n\u00e3o existia um servi\u00e7o de aluguer di\u00e1rio. Foi assim que a Cooltra nasceu &#8211; com os seus cofundadores Holger e Henrik Sprengel &#8211; com uma loja [&hellip;]<\/p>\n","protected":false},"author":20,"featured_media":0,"parent":0,"menu_order":0,"comment_status":"closed","ping_status":"closed","template":"page-img.php","meta":{"inline_featured_image":false},"yoast_head":"<!-- This site is optimized with the Yoast SEO plugin v20.10 - https:\/\/yoast.com\/wordpress\/plugins\/seo\/ -->\n<title>A nossa hist\u00f3ria - Cooltra<\/title>\n<meta name=\"robots\" content=\"index, follow, max-snippet:-1, max-image-preview:large, max-video-preview:-1\" \/>\n<link rel=\"canonical\" href=\"https:\/\/cooltra.com\/pt\/a-nossa-historia\/\" \/>\n<meta property=\"og:locale\" content=\"pt_PT\" \/>\n<meta property=\"og:type\" content=\"article\" \/>\n<meta property=\"og:title\" content=\"A nossa hist\u00f3ria - Cooltra\" \/>\n<meta property=\"og:description\" content=\"A Cooltra nasceu em 2006, em Barcelona, em resposta a uma necessidade. Timo Buetefisch, CEO da empresa, apercebeu-se, um dia, quando deixou a sua mota na oficina, de que n\u00e3o existia um servi\u00e7o de aluguer di\u00e1rio. Foi assim que a Cooltra nasceu &#8211; com os seus cofundadores Holger e Henrik Sprengel &#8211; com uma loja [&hellip;]\" \/>\n<meta property=\"og:url\" content=\"https:\/\/cooltra.com\/pt\/a-nossa-historia\/\" \/>\n<meta property=\"og:site_name\" content=\"Cooltra\" \/>\n<meta property=\"article:publisher\" content=\"https:\/\/www.facebook.com\/CooltraMotos\/\" \/>\n<meta property=\"article:modified_time\" content=\"2024-10-21T08:09:23+00:00\" \/>\n<meta property=\"og:image\" content=\"https:\/\/cdn.cooltra.com\/uploads\/2018\/04\/cooltra-alquiler-de-motos-y-scooter-de-gasolina-y-electricas.png\" \/>\n\t<meta property=\"og:image:width\" content=\"2000\" \/>\n\t<meta property=\"og:image:height\" content=\"510\" \/>\n\t<meta property=\"og:image:type\" content=\"image\/png\" \/>\n<meta name=\"twitter:card\" content=\"summary_large_image\" \/>\n<meta name=\"twitter:site\" content=\"@cooltra\" \/>\n<meta name=\"twitter:label1\" content=\"Est. reading time\" \/>\n\t<meta name=\"twitter:data1\" content=\"2 minutes\" \/>\n<script type=\"application\/ld+json\" class=\"yoast-schema-graph\">{\"@context\":\"https:\/\/schema.org\",\"@graph\":[{\"@type\":\"WebPage\",\"@id\":\"https:\/\/cooltra.com\/pt\/a-nossa-historia\/\",\"url\":\"https:\/\/cooltra.com\/pt\/a-nossa-historia\/\",\"name\":\"A nossa hist\u00f3ria - Cooltra\",\"isPartOf\":{\"@id\":\"https:\/\/cooltra.com\/pt\/#website\"},\"datePublished\":\"2021-03-08T08:28:05+00:00\",\"dateModified\":\"2024-10-21T08:09:23+00:00\",\"inLanguage\":\"pt\",\"potentialAction\":[{\"@type\":\"ReadAction\",\"target\":[\"https:\/\/cooltra.com\/pt\/a-nossa-historia\/\"]}]},{\"@type\":\"WebSite\",\"@id\":\"https:\/\/cooltra.com\/pt\/#website\",\"url\":\"https:\/\/cooltra.com\/pt\/\",\"name\":\"Cooltra\",\"description\":\"Alquiler de motos y scooters de gasolina y el\u00e9ctricas\",\"publisher\":{\"@id\":\"https:\/\/cooltra.com\/pt\/#organization\"},\"potentialAction\":[{\"@type\":\"SearchAction\",\"target\":{\"@type\":\"EntryPoint\",\"urlTemplate\":\"https:\/\/cooltra.com\/pt\/?s={search_term_string}\"},\"query-input\":\"required name=search_term_string\"}],\"inLanguage\":\"pt\"},{\"@type\":\"Organization\",\"@id\":\"https:\/\/cooltra.com\/pt\/#organization\",\"name\":\"Cooltra\",\"url\":\"https:\/\/cooltra.com\/pt\/\",\"logo\":{\"@type\":\"ImageObject\",\"inLanguage\":\"pt\",\"@id\":\"https:\/\/cooltra.com\/pt\/#\/schema\/logo\/image\/\",\"url\":\"https:\/\/cdn.cooltra.com\/uploads\/2022\/11\/Cooltra_Logo_A.png\",\"contentUrl\":\"https:\/\/cdn.cooltra.com\/uploads\/2022\/11\/Cooltra_Logo_A.png\",\"width\":300,\"height\":298,\"caption\":\"Cooltra\"},\"image\":{\"@id\":\"https:\/\/cooltra.com\/pt\/#\/schema\/logo\/image\/\"},\"sameAs\":[\"https:\/\/www.facebook.com\/CooltraMotos\/\",\"https:\/\/twitter.com\/cooltra\",\"https:\/\/www.instagram.com\/cooltra_motos\/\"]}]}<\/script>\n<!-- \/ Yoast SEO plugin. -->","yoast_head_json":{"title":"A nossa hist\u00f3ria - Cooltra","robots":{"index":"index","follow":"follow","max-snippet":"max-snippet:-1","max-image-preview":"max-image-preview:large","max-video-preview":"max-video-preview:-1"},"canonical":"https:\/\/cooltra.com\/pt\/a-nossa-historia\/","og_locale":"pt_PT","og_type":"article","og_title":"A nossa hist\u00f3ria - Cooltra","og_description":"A Cooltra nasceu em 2006, em Barcelona, em resposta a uma necessidade. Timo Buetefisch, CEO da empresa, apercebeu-se, um dia, quando deixou a sua mota na oficina, de que n\u00e3o existia um servi\u00e7o de aluguer di\u00e1rio. Foi assim que a Cooltra nasceu &#8211; com os seus cofundadores Holger e Henrik Sprengel &#8211; com uma loja [&hellip;]","og_url":"https:\/\/cooltra.com\/pt\/a-nossa-historia\/","og_site_name":"Cooltra","article_publisher":"https:\/\/www.facebook.com\/CooltraMotos\/","article_modified_time":"2024-10-21T08:09:23+00:00","og_image":[{"width":2000,"height":510,"url":"https:\/\/cdn.cooltra.com\/uploads\/2018\/04\/cooltra-alquiler-de-motos-y-scooter-de-gasolina-y-electricas.png","type":"image\/png"}],"twitter_card":"summary_large_image","twitter_site":"@cooltra","twitter_misc":{"Est. reading time":"2 minutes"},"schema":{"@context":"https:\/\/schema.org","@graph":[{"@type":"WebPage","@id":"https:\/\/cooltra.com\/pt\/a-nossa-historia\/","url":"https:\/\/cooltra.com\/pt\/a-nossa-historia\/","name":"A nossa hist\u00f3ria - Cooltra","isPartOf":{"@id":"https:\/\/cooltra.com\/pt\/#website"},"datePublished":"2021-03-08T08:28:05+00:00","dateModified":"2024-10-21T08:09:23+00:00","inLanguage":"pt","potentialAction":[{"@type":"ReadAction","target":["https:\/\/cooltra.com\/pt\/a-nossa-historia\/"]}]},{"@type":"WebSite","@id":"https:\/\/cooltra.com\/pt\/#website","url":"https:\/\/cooltra.com\/pt\/","name":"Cooltra","description":"Alquiler de motos y scooters de gasolina y el\u00e9ctricas","publisher":{"@id":"https:\/\/cooltra.com\/pt\/#organization"},"potentialAction":[{"@type":"SearchAction","target":{"@type":"EntryPoint","urlTemplate":"https:\/\/cooltra.com\/pt\/?s={search_term_string}"},"query-input":"required name=search_term_string"}],"inLanguage":"pt"},{"@type":"Organization","@id":"https:\/\/cooltra.com\/pt\/#organization","name":"Cooltra","url":"https:\/\/cooltra.com\/pt\/","logo":{"@type":"ImageObject","inLanguage":"pt","@id":"https:\/\/cooltra.com\/pt\/#\/schema\/logo\/image\/","url":"https:\/\/cdn.cooltra.com\/uploads\/2022\/11\/Cooltra_Logo_A.png","contentUrl":"https:\/\/cdn.cooltra.com\/uploads\/2022\/11\/Cooltra_Logo_A.png","width":300,"height":298,"caption":"Cooltra"},"image":{"@id":"https:\/\/cooltra.com\/pt\/#\/schema\/logo\/image\/"},"sameAs":["https:\/\/www.facebook.com\/CooltraMotos\/","https:\/\/twitter.com\/cooltra","https:\/\/www.instagram.com\/cooltra_motos\/"]}]}},"_links":{"self":[{"href":"https:\/\/cooltra.com\/pt\/wp-json\/wp\/v2\/pages\/31046"}],"collection":[{"href":"https:\/\/cooltra.com\/pt\/wp-json\/wp\/v2\/pages"}],"about":[{"href":"https:\/\/cooltra.com\/pt\/wp-json\/wp\/v2\/types\/page"}],"author":[{"embeddable":true,"href":"https:\/\/cooltra.com\/pt\/wp-json\/wp\/v2\/users\/20"}],"replies":[{"embeddable":true,"href":"https:\/\/cooltra.com\/pt\/wp-json\/wp\/v2\/comments?post=31046"}],"version-history":[{"count":13,"href":"https:\/\/cooltra.com\/pt\/wp-json\/wp\/v2\/pages\/31046\/revisions"}],"predecessor-version":[{"id":89120,"href":"https:\/\/cooltra.com\/pt\/wp-json\/wp\/v2\/pages\/31046\/revisions\/89120"}],"wp:attachment":[{"href":"https:\/\/cooltra.com\/pt\/wp-json\/wp\/v2\/media?parent=31046"}],"curies":[{"name":"wp","href":"https:\/\/api.w.org\/{rel}","templated":true}]}}