{"id":19657,"date":"2020-05-29T16:13:49","date_gmt":"2020-05-29T15:13:49","guid":{"rendered":"https:\/\/frankie.cooltra.com\/?page_id=19657"},"modified":"2022-04-21T11:35:23","modified_gmt":"2022-04-21T10:35:23","slug":"promo-pack-escapada","status":"publish","type":"page","link":"https:\/\/cooltra.com\/pt\/promo-pack-escapada\/","title":{"rendered":"PROMO\u00c7\u00c3O FIM DE SEMANA &#8211; PACK ESCAPADA"},"content":{"rendered":"<div id=\"promotionPageTopBanner\" style=\"text-align: center; margin: 0;\"><\/div>\n<p>&nbsp;<\/p>\n<p style=\"text-align: center;\"><span style=\"font-size: 14pt; font-family: Galano Grotesque;\">Tem planos para o fim de semana? Iremos fazer-lhe companhia!<\/span><\/p>\n<p style=\"text-align: center;\"><span style=\"font-size: 14pt; font-family: Galano Grotesque;\">Cri\u00e1mos uma promo\u00e7\u00e3o exclusiva de 3 dias para residentes em Lisboa e Porto:<\/span><strong><br \/>\n<\/strong><\/p>\n<p>&nbsp;<\/p>\n<p class=\"d-none d-lg-block\" style=\"font-family: Galano Grotesque; font-size: 38px; color: #00a5e4; font-weight: 900; text-decoration: none solid #00a5e4; line-height: 48px; text-align: center;\"><span style=\"color: #008aff; text-decoration: none solid #00a5e4;\">Campanha fim de semana ISIC-CGD<\/span><\/p>\n<p class=\"d-none d-lg-block\" style=\"font-family: Galano Grotesque; font-size: 38px; color: #00a5e4; font-weight: 900; text-decoration: none solid #00a5e4; line-height: 48px; text-align: center;\"><span style=\"color: #808080;\">3 dias de scooter Peugeot Tweet 125cc <\/span><\/p>\n<p class=\"d-none d-lg-block\" style=\"font-family: Galano Grotesque; font-size: 38px; color: #00a5e4; font-weight: 900; text-decoration: none solid #00a5e4; line-height: 48px; text-align: center;\"><span style=\"color: #808080;\">+<\/span><\/p>\n<p class=\"d-none d-lg-block\" style=\"font-family: Galano Grotesque; font-size: 38px; color: #00a5e4; font-weight: 900; text-decoration: none solid #00a5e4; line-height: 48px; text-align: center;\"><span style=\"color: #808080;\">1 Capacete + Top Case + Cadeado<\/span><\/p>\n<p class=\"d-none d-lg-block\" style=\"font-family: Galano Grotesque; font-size: 38px; color: #00a5e4; font-weight: 900; text-decoration: none solid #00a5e4; line-height: 48px; text-align: center;\"><span style=\"color: #008aff;\">Apenas por 39\u20ac<\/span><\/p>\n<div id=\"promotionPageCodeGuide\" style=\"margin: 45px 0 55px; max-width: 780px; width: 100%; background-color: #ebebeb; background-size: cover; margin-left: auto; margin-right: auto;\">\n<p style=\"font-family: Galano Grotesque; font-size: 16px; color: #232323; font-weight: bold; text-decoration: none solid #232323; line-height: 16px; margin-bottom: 10px;\">Como reservar? \u00c9 bastante simples!<\/p>\n<ol style=\"font-family: Galano Grotesque; font-size: 16px; color: #232323; font-weight: 400; text-decoration: none solid #232323; line-height: 24px; margin: 0; padding-inline-start: 20px;\">\n<li style=\"list-style-type: none;\">\n<ol style=\"font-family: Galano Grotesque; font-size: 16px; color: #232323; font-weight: 400; text-decoration: none solid #232323; line-height: 24px; margin: 0; padding-inline-start: 20px;\">\n<li style=\"list-style-type: none;\">\n<ol style=\"font-family: Galano Grotesque; font-size: 16px; color: #232323; font-weight: 400; text-decoration: none solid #232323; line-height: 24px; margin: 0; padding-inline-start: 20px;\">\n<li>Selecione a cidade de destino (Lisboa ou Porto)<\/li>\n<li>Escolha as datas de recolha e devolu\u00e7\u00e3o de acordo com o fim de semana pretendido. Escolher data exata de <strong>Sexta-feira 15h00<\/strong> a <strong>Segunda-Feira 19h00<\/strong><\/li>\n<li>No passo <strong>Motas<\/strong> selecione o modelo <strong>Peugeot Tweet 125cc<\/strong><\/li>\n<li>No passo <strong>Extras<\/strong> <span style=\"text-decoration: underline;\">n\u00e3o selecione extras<\/span>. O pack de fim de semana j\u00e1 inclu\u00ed extras<\/li>\n<li>No passo Pagamento introduza o c\u00f3digo <strong>CAIXAISIC39<\/strong><\/li>\n<li>Ap\u00f3s efetuado o pagamento a nossa loja entrar\u00e1 em contacto para acertar detalhes da entrega<\/li>\n<\/ol>\n<\/li>\n<\/ol>\n<\/li>\n<\/ol>\n<p>&nbsp;<\/p>\n<p style=\"font-family: 'Galano Grotesque'; font-size: 16px; color: #232323; text-decoration: none solid #232323; line-height: 20px; text-align: left;\">Voil\u00e1! Desconto aplicado. A sua scooter com a promo\u00e7\u00e3o <strong>ISIC-CGD<\/strong> por 39\u20ac de sexta-feira a Segunda-Feira.<\/p>\n<p>&nbsp;<\/p>\n<p style=\"font-family: 'Galano Grotesque'; font-size: 16px; color: #232323; text-decoration: none solid #232323; line-height: 20px; text-align: left;\">Contacte a Loja Cooltra Lisboa ou Porto para acertar detalhes de levantamento ou no caso de encontrar problemas com a reserva.<\/p>\n<\/div>\n<p style=\"font-family: Galano Grotesque; font-size: 16px; color: #232323; font-weight: bold; text-decoration: none solid #232323; line-height: 20px; text-align: center;\">Aproveite os fins de semana em Lisboa e Porto com a ISIC e a Caixa Geral de Dep\u00f3sitos.<\/p>\n<p style=\"font-family: Galano Grotesque; font-size: 16px; color: #232323; font-weight: bold; text-decoration: none solid #232323; line-height: 20px; text-align: center;\">V\u00e1 de Cooltra!<\/p>\n<p>&nbsp;<\/p>\n<p style=\"margin: 20px 0px; font-family: 'Galano Grotesque'; font-size: 16px; color: #232323; line-height: 24px; text-align: center;\"><strong>*Condi\u00e7\u00f5es da promo\u00e7\u00e3o:<\/strong><br \/>\nPromo\u00e7\u00e3o v\u00e1lida durante o m\u00eas de Maio de 2022 para portadores do cart\u00e3o ISIC-CGD.<br \/>\nOferta limitada ao stock existente de scooters.<br \/>\nAconselhamos a reserva com pelo menos 96h de anteced\u00eancia.<br \/>\nPre\u00e7o da promo\u00e7\u00e3o n\u00e3o alter\u00e1vel. Levantamento \u00e0 sexta-feira entre as 15h00 e 19h00 e devolu\u00e7\u00e3o segunda-feira at\u00e9 \u00e0s 19h00.<\/p>\n<p style=\"margin: 40px 0px; font-family: 'Galano Grotesque'; font-size: 16px; color: #232323; line-height: 24px; text-align: center;\">Promo\u00e7\u00e3o v\u00e1lida para reservas em Loja Cooltra Lisboa e Porto.<br \/>\nPromo\u00e7\u00e3o n\u00e3o aplic\u00e1vel a outras lojas Cooltra ou pontos de entrega.<br \/>\nN\u00e3o acumul\u00e1vel com outros descontos e\/ou promo\u00e7\u00f5es.<\/p>\n<p>&nbsp;<\/p>\n<p style=\"text-align: center; font-family: 'Galano Grotesque';\"><span style=\"font-size: 14pt;\"><strong>Precisa saber mais? <\/strong><\/span><\/p>\n<p style=\"text-align: center; font-family: 'Galano Grotesque';\"><span style=\"font-size: 14pt;\">Email: lisboa@cooltra.com \/\/ porto@cooltra.com<\/span><\/p>\n<p>&nbsp;<\/p>\n","protected":false},"excerpt":{"rendered":"<p>&nbsp; Tem planos para o fim de semana? Iremos fazer-lhe companhia! Cri\u00e1mos uma promo\u00e7\u00e3o exclusiva de 3 dias para residentes em Lisboa e Porto: &nbsp; Campanha fim de semana ISIC-CGD 3 dias de scooter Peugeot Tweet 125cc + 1 Capacete + Top Case + Cadeado Apenas por 39\u20ac Como reservar? \u00c9 bastante simples! Selecione a [&hellip;]<\/p>\n","protected":false},"author":2,"featured_media":0,"parent":0,"menu_order":0,"comment_status":"closed","ping_status":"closed","template":"page_promotion.php","meta":{"inline_featured_image":false},"yoast_head":"<!-- This site is optimized with the Yoast SEO plugin v20.10 - https:\/\/yoast.com\/wordpress\/plugins\/seo\/ -->\n<title>PROMO\u00c7\u00c3O FIM DE SEMANA - PACK ESCAPADA - Cooltra<\/title>\n<meta name=\"robots\" content=\"index, follow, max-snippet:-1, max-image-preview:large, max-video-preview:-1\" \/>\n<link rel=\"canonical\" href=\"https:\/\/cooltra.com\/pt\/promo-pack-escapada\/\" \/>\n<meta property=\"og:locale\" content=\"pt_PT\" \/>\n<meta property=\"og:type\" content=\"article\" \/>\n<meta property=\"og:title\" content=\"PROMO\u00c7\u00c3O FIM DE SEMANA - PACK ESCAPADA - Cooltra\" \/>\n<meta property=\"og:description\" content=\"&nbsp; Tem planos para o fim de semana? Iremos fazer-lhe companhia! Cri\u00e1mos uma promo\u00e7\u00e3o exclusiva de 3 dias para residentes em Lisboa e Porto: &nbsp; Campanha fim de semana ISIC-CGD 3 dias de scooter Peugeot Tweet 125cc + 1 Capacete + Top Case + Cadeado Apenas por 39\u20ac Como reservar? \u00c9 bastante simples! Selecione a [&hellip;]\" \/>\n<meta property=\"og:url\" content=\"https:\/\/cooltra.com\/pt\/promo-pack-escapada\/\" \/>\n<meta property=\"og:site_name\" content=\"Cooltra\" \/>\n<meta property=\"article:publisher\" content=\"https:\/\/www.facebook.com\/CooltraMotos\/\" \/>\n<meta property=\"article:modified_time\" content=\"2022-04-21T10:35:23+00:00\" \/>\n<meta property=\"og:image\" content=\"https:\/\/cdn.cooltra.com\/uploads\/2018\/04\/cooltra-alquiler-de-motos-y-scooter-de-gasolina-y-electricas.png\" \/>\n\t<meta property=\"og:image:width\" content=\"2000\" \/>\n\t<meta property=\"og:image:height\" content=\"510\" \/>\n\t<meta property=\"og:image:type\" content=\"image\/png\" \/>\n<meta name=\"twitter:card\" content=\"summary_large_image\" \/>\n<meta name=\"twitter:site\" content=\"@cooltra\" \/>\n<meta name=\"twitter:label1\" content=\"Est. reading time\" \/>\n\t<meta name=\"twitter:data1\" content=\"2 minutes\" \/>\n<script type=\"application\/ld+json\" class=\"yoast-schema-graph\">{\"@context\":\"https:\/\/schema.org\",\"@graph\":[{\"@type\":\"WebPage\",\"@id\":\"https:\/\/cooltra.com\/pt\/promo-pack-escapada\/\",\"url\":\"https:\/\/cooltra.com\/pt\/promo-pack-escapada\/\",\"name\":\"PROMO\u00c7\u00c3O FIM DE SEMANA - PACK ESCAPADA - Cooltra\",\"isPartOf\":{\"@id\":\"https:\/\/cooltra.com\/pt\/#website\"},\"datePublished\":\"2020-05-29T15:13:49+00:00\",\"dateModified\":\"2022-04-21T10:35:23+00:00\",\"inLanguage\":\"pt\",\"potentialAction\":[{\"@type\":\"ReadAction\",\"target\":[\"https:\/\/cooltra.com\/pt\/promo-pack-escapada\/\"]}]},{\"@type\":\"WebSite\",\"@id\":\"https:\/\/cooltra.com\/pt\/#website\",\"url\":\"https:\/\/cooltra.com\/pt\/\",\"name\":\"Cooltra\",\"description\":\"Alquiler de motos y scooters de gasolina y el\u00e9ctricas\",\"publisher\":{\"@id\":\"https:\/\/cooltra.com\/pt\/#organization\"},\"potentialAction\":[{\"@type\":\"SearchAction\",\"target\":{\"@type\":\"EntryPoint\",\"urlTemplate\":\"https:\/\/cooltra.com\/pt\/?s={search_term_string}\"},\"query-input\":\"required name=search_term_string\"}],\"inLanguage\":\"pt\"},{\"@type\":\"Organization\",\"@id\":\"https:\/\/cooltra.com\/pt\/#organization\",\"name\":\"Cooltra\",\"url\":\"https:\/\/cooltra.com\/pt\/\",\"logo\":{\"@type\":\"ImageObject\",\"inLanguage\":\"pt\",\"@id\":\"https:\/\/cooltra.com\/pt\/#\/schema\/logo\/image\/\",\"url\":\"https:\/\/cdn.cooltra.com\/uploads\/2022\/11\/Cooltra_Logo_A.png\",\"contentUrl\":\"https:\/\/cdn.cooltra.com\/uploads\/2022\/11\/Cooltra_Logo_A.png\",\"width\":300,\"height\":298,\"caption\":\"Cooltra\"},\"image\":{\"@id\":\"https:\/\/cooltra.com\/pt\/#\/schema\/logo\/image\/\"},\"sameAs\":[\"https:\/\/www.facebook.com\/CooltraMotos\/\",\"https:\/\/twitter.com\/cooltra\",\"https:\/\/www.instagram.com\/cooltra_motos\/\"]}]}<\/script>\n<!-- \/ Yoast SEO plugin. -->","yoast_head_json":{"title":"PROMO\u00c7\u00c3O FIM DE SEMANA - PACK ESCAPADA - Cooltra","robots":{"index":"index","follow":"follow","max-snippet":"max-snippet:-1","max-image-preview":"max-image-preview:large","max-video-preview":"max-video-preview:-1"},"canonical":"https:\/\/cooltra.com\/pt\/promo-pack-escapada\/","og_locale":"pt_PT","og_type":"article","og_title":"PROMO\u00c7\u00c3O FIM DE SEMANA - PACK ESCAPADA - Cooltra","og_description":"&nbsp; Tem planos para o fim de semana? Iremos fazer-lhe companhia! Cri\u00e1mos uma promo\u00e7\u00e3o exclusiva de 3 dias para residentes em Lisboa e Porto: &nbsp; Campanha fim de semana ISIC-CGD 3 dias de scooter Peugeot Tweet 125cc + 1 Capacete + Top Case + Cadeado Apenas por 39\u20ac Como reservar? \u00c9 bastante simples! Selecione a [&hellip;]","og_url":"https:\/\/cooltra.com\/pt\/promo-pack-escapada\/","og_site_name":"Cooltra","article_publisher":"https:\/\/www.facebook.com\/CooltraMotos\/","article_modified_time":"2022-04-21T10:35:23+00:00","og_image":[{"width":2000,"height":510,"url":"https:\/\/cdn.cooltra.com\/uploads\/2018\/04\/cooltra-alquiler-de-motos-y-scooter-de-gasolina-y-electricas.png","type":"image\/png"}],"twitter_card":"summary_large_image","twitter_site":"@cooltra","twitter_misc":{"Est. reading time":"2 minutes"},"schema":{"@context":"https:\/\/schema.org","@graph":[{"@type":"WebPage","@id":"https:\/\/cooltra.com\/pt\/promo-pack-escapada\/","url":"https:\/\/cooltra.com\/pt\/promo-pack-escapada\/","name":"PROMO\u00c7\u00c3O FIM DE SEMANA - PACK ESCAPADA - Cooltra","isPartOf":{"@id":"https:\/\/cooltra.com\/pt\/#website"},"datePublished":"2020-05-29T15:13:49+00:00","dateModified":"2022-04-21T10:35:23+00:00","inLanguage":"pt","potentialAction":[{"@type":"ReadAction","target":["https:\/\/cooltra.com\/pt\/promo-pack-escapada\/"]}]},{"@type":"WebSite","@id":"https:\/\/cooltra.com\/pt\/#website","url":"https:\/\/cooltra.com\/pt\/","name":"Cooltra","description":"Alquiler de motos y scooters de gasolina y el\u00e9ctricas","publisher":{"@id":"https:\/\/cooltra.com\/pt\/#organization"},"potentialAction":[{"@type":"SearchAction","target":{"@type":"EntryPoint","urlTemplate":"https:\/\/cooltra.com\/pt\/?s={search_term_string}"},"query-input":"required name=search_term_string"}],"inLanguage":"pt"},{"@type":"Organization","@id":"https:\/\/cooltra.com\/pt\/#organization","name":"Cooltra","url":"https:\/\/cooltra.com\/pt\/","logo":{"@type":"ImageObject","inLanguage":"pt","@id":"https:\/\/cooltra.com\/pt\/#\/schema\/logo\/image\/","url":"https:\/\/cdn.cooltra.com\/uploads\/2022\/11\/Cooltra_Logo_A.png","contentUrl":"https:\/\/cdn.cooltra.com\/uploads\/2022\/11\/Cooltra_Logo_A.png","width":300,"height":298,"caption":"Cooltra"},"image":{"@id":"https:\/\/cooltra.com\/pt\/#\/schema\/logo\/image\/"},"sameAs":["https:\/\/www.facebook.com\/CooltraMotos\/","https:\/\/twitter.com\/cooltra","https:\/\/www.instagram.com\/cooltra_motos\/"]}]}},"_links":{"self":[{"href":"https:\/\/cooltra.com\/pt\/wp-json\/wp\/v2\/pages\/19657"}],"collection":[{"href":"https:\/\/cooltra.com\/pt\/wp-json\/wp\/v2\/pages"}],"about":[{"href":"https:\/\/cooltra.com\/pt\/wp-json\/wp\/v2\/types\/page"}],"author":[{"embeddable":true,"href":"https:\/\/cooltra.com\/pt\/wp-json\/wp\/v2\/users\/2"}],"replies":[{"embeddable":true,"href":"https:\/\/cooltra.com\/pt\/wp-json\/wp\/v2\/comments?post=19657"}],"version-history":[{"count":51,"href":"https:\/\/cooltra.com\/pt\/wp-json\/wp\/v2\/pages\/19657\/revisions"}],"predecessor-version":[{"id":55261,"href":"https:\/\/cooltra.com\/pt\/wp-json\/wp\/v2\/pages\/19657\/revisions\/55261"}],"wp:attachment":[{"href":"https:\/\/cooltra.com\/pt\/wp-json\/wp\/v2\/media?parent=19657"}],"curies":[{"name":"wp","href":"https:\/\/api.w.org\/{rel}","templated":true}]}}