{"id":17263,"date":"2019-05-21T13:55:51","date_gmt":"2019-05-21T12:55:51","guid":{"rendered":"https:\/\/frankie.cooltra.com\/landing-rtg-facebook\/"},"modified":"2019-09-05T15:01:48","modified_gmt":"2019-09-05T14:01:48","slug":"landing-rtg-facebook-2","status":"publish","type":"page","link":"https:\/\/cooltra.com\/pt\/landing-rtg-facebook-2\/","title":{"rendered":"Promo Facebook 2019"},"content":{"rendered":"<div id=\"promotionPageTopBanner\" style=\"text-align: center; margin: 0;\"><img decoding=\"async\" style=\"width: 65%; max-width: 1154px;\" src=\"https:\/\/cdn.cooltra.com\/uploads\/2019\/05\/190503_MB_banner-summer-10-discount-1200x627-sea-PT.jpg\" \/><\/div>\n<p style=\"margin: 45px 0 35px; max-width: 945px; width: 100%; margin-left: auto; margin-right: auto; font-family: Galano Grotesque; font-size: 16px; color: #232323; font-weight: bold; text-decoration: none solid #232323; line-height: 24px; text-align: center;\">Parab\u00e9ns! Por teres chegado at\u00e9 aqui, podes desfrutar de um desconto exclusivo de 10% nos teus alugueres di\u00e1rios de motas com a Cooltra, em qualquer um dos nossos destinos de f\u00e9rias na Espanha, em It\u00e1lia, na Fran\u00e7a ou em Portugal. Despacha-te!<\/p>\n<p class=\"d-none d-lg-block\" style=\"font-family: Galano Grotesque; font-size: 48px; color: #00a5e4; font-weight: 900; text-decoration: none solid #00a5e4; line-height: 48px; text-align: center;\">C\u00d3DIGO: FB10<\/p>\n<div id=\"promotionPageCodeGuide\" style=\"margin: 45px 0 55px; max-width: 780px; width: 100%; background-color: #ebebeb; background-size: cover; margin-left: auto; margin-right: auto;\">\n<p style=\"font-family: Galano Grotesque; font-size: 16px; color: #232323; font-weight: bold; text-decoration: none solid #232323; line-height: 16px; margin-bottom: 10px;\">O QUE PRECISAS DE FAZER? \u00c9 MUITO SIMPLES!<\/p>\n<ol style=\"font-family: Galano Grotesque; font-size: 16px; color: #232323; font-weight: 400; text-decoration: none solid #232323; line-height: 24px; margin: 0; padding-inline-start: 20px;\">\n<li>Copia o c\u00f3digo <strong>FB10<\/strong><\/li>\n<li>Escolhe o teu destino e as datas da tua viagem na linha de pesquisa.<\/li>\n<li>Cola o c\u00f3digo de desconto na 3\u00aa etapa da reserva<\/li>\n<\/ol>\n<\/div>\n<p id=\"promotionPageContactInfo\" style=\"font-family: Galano Grotesque; font-size: 16px; color: #232323; text-decoration: none solid #232323; line-height: 24px; text-align: center;\"><strong>Lembra-te de que podes usar este desconto apenas se reservares a tua mota online! Aproveita esta oferta e desfruta das tuas melhores f\u00e9rias com a Cooltra.<\/p>\n<p><\/strong><\/p>\n<p style=\"margin: 40px 0; font-family: Galano Grotesque; font-size: 16px; color: #232323; text-decoration: none solid #232323; line-height: 24px; text-align: center;\"><strong>Condi\u00e7\u00f5es da promo\u00e7\u00e3o:<\/strong><br \/>\nV\u00e1lido apenas para alugueres di\u00e1rios online<br \/>\nO c\u00f3digo \u00e9 v\u00e1lido para as primeiras 300 reservas.<br \/>\nOferta limitada, pode ser cancelada a qualquer momento.<\/p>\n<p id=\"promotionPageContactInfo\" style=\"font-family: Galano Grotesque; font-size: 16px; color: #232323; text-decoration: none solid #232323; line-height: 24px; text-align: center;\"><strong>Tens alguma d\u00favida?<\/strong><br \/>\nContacta-nos em +34 937 066 912<br \/>\nou envia-nos um e-mail para <a href=\"mailto:info@cooltra.com\">info@cooltra.com<\/a>.<\/p>\n<p>&nbsp;<\/p>\n","protected":false},"excerpt":{"rendered":"<p>Parab\u00e9ns! Por teres chegado at\u00e9 aqui, podes desfrutar de um desconto exclusivo de 10% nos teus alugueres di\u00e1rios de motas com a Cooltra, em qualquer um dos nossos destinos de f\u00e9rias na Espanha, em It\u00e1lia, na Fran\u00e7a ou em Portugal. Despacha-te! C\u00d3DIGO: FB10 O QUE PRECISAS DE FAZER? \u00c9 MUITO SIMPLES! Copia o c\u00f3digo FB10 [&hellip;]<\/p>\n","protected":false},"author":1,"featured_media":0,"parent":0,"menu_order":0,"comment_status":"closed","ping_status":"closed","template":"page_promotion.php","meta":{"inline_featured_image":false},"yoast_head":"<!-- This site is optimized with the Yoast SEO plugin v20.10 - https:\/\/yoast.com\/wordpress\/plugins\/seo\/ -->\n<title>Promo Facebook 2019 - Cooltra<\/title>\n<meta name=\"robots\" content=\"noindex, nofollow\" \/>\n<meta property=\"og:locale\" content=\"pt_PT\" \/>\n<meta property=\"og:type\" content=\"article\" \/>\n<meta property=\"og:title\" content=\"Promo Facebook 2019 - Cooltra\" \/>\n<meta property=\"og:description\" content=\"Parab\u00e9ns! Por teres chegado at\u00e9 aqui, podes desfrutar de um desconto exclusivo de 10% nos teus alugueres di\u00e1rios de motas com a Cooltra, em qualquer um dos nossos destinos de f\u00e9rias na Espanha, em It\u00e1lia, na Fran\u00e7a ou em Portugal. Despacha-te! C\u00d3DIGO: FB10 O QUE PRECISAS DE FAZER? \u00c9 MUITO SIMPLES! Copia o c\u00f3digo FB10 [&hellip;]\" \/>\n<meta property=\"og:url\" content=\"https:\/\/cooltra.com\/pt\/landing-rtg-facebook-2\/\" \/>\n<meta property=\"og:site_name\" content=\"Cooltra\" \/>\n<meta property=\"article:publisher\" content=\"https:\/\/www.facebook.com\/CooltraMotos\/\" \/>\n<meta property=\"article:modified_time\" content=\"2019-09-05T14:01:48+00:00\" \/>\n<meta property=\"og:image\" content=\"https:\/\/cdn.cooltra.com\/uploads\/2019\/05\/190503_MB_banner-summer-10-discount-1200x627-sea-PT.jpg\" \/>\n<meta name=\"twitter:card\" content=\"summary_large_image\" \/>\n<meta name=\"twitter:site\" content=\"@cooltra\" \/>\n<meta name=\"twitter:label1\" content=\"Est. reading time\" \/>\n\t<meta name=\"twitter:data1\" content=\"1 minute\" \/>\n<script type=\"application\/ld+json\" class=\"yoast-schema-graph\">{\"@context\":\"https:\/\/schema.org\",\"@graph\":[{\"@type\":\"WebPage\",\"@id\":\"https:\/\/cooltra.com\/pt\/landing-rtg-facebook-2\/\",\"url\":\"https:\/\/cooltra.com\/pt\/landing-rtg-facebook-2\/\",\"name\":\"Promo Facebook 2019 - Cooltra\",\"isPartOf\":{\"@id\":\"https:\/\/cooltra.com\/pt\/#website\"},\"datePublished\":\"2019-05-21T12:55:51+00:00\",\"dateModified\":\"2019-09-05T14:01:48+00:00\",\"inLanguage\":\"pt\",\"potentialAction\":[{\"@type\":\"ReadAction\",\"target\":[\"https:\/\/cooltra.com\/pt\/landing-rtg-facebook-2\/\"]}]},{\"@type\":\"WebSite\",\"@id\":\"https:\/\/cooltra.com\/pt\/#website\",\"url\":\"https:\/\/cooltra.com\/pt\/\",\"name\":\"Cooltra\",\"description\":\"Alquiler de motos y scooters de gasolina y el\u00e9ctricas\",\"publisher\":{\"@id\":\"https:\/\/cooltra.com\/pt\/#organization\"},\"potentialAction\":[{\"@type\":\"SearchAction\",\"target\":{\"@type\":\"EntryPoint\",\"urlTemplate\":\"https:\/\/cooltra.com\/pt\/?s={search_term_string}\"},\"query-input\":\"required name=search_term_string\"}],\"inLanguage\":\"pt\"},{\"@type\":\"Organization\",\"@id\":\"https:\/\/cooltra.com\/pt\/#organization\",\"name\":\"Cooltra\",\"url\":\"https:\/\/cooltra.com\/pt\/\",\"logo\":{\"@type\":\"ImageObject\",\"inLanguage\":\"pt\",\"@id\":\"https:\/\/cooltra.com\/pt\/#\/schema\/logo\/image\/\",\"url\":\"https:\/\/cdn.cooltra.com\/uploads\/2022\/11\/Cooltra_Logo_A.png\",\"contentUrl\":\"https:\/\/cdn.cooltra.com\/uploads\/2022\/11\/Cooltra_Logo_A.png\",\"width\":300,\"height\":298,\"caption\":\"Cooltra\"},\"image\":{\"@id\":\"https:\/\/cooltra.com\/pt\/#\/schema\/logo\/image\/\"},\"sameAs\":[\"https:\/\/www.facebook.com\/CooltraMotos\/\",\"https:\/\/twitter.com\/cooltra\",\"https:\/\/www.instagram.com\/cooltra_motos\/\"]}]}<\/script>\n<!-- \/ Yoast SEO plugin. -->","yoast_head_json":{"title":"Promo Facebook 2019 - Cooltra","robots":{"index":"noindex","follow":"nofollow"},"og_locale":"pt_PT","og_type":"article","og_title":"Promo Facebook 2019 - Cooltra","og_description":"Parab\u00e9ns! Por teres chegado at\u00e9 aqui, podes desfrutar de um desconto exclusivo de 10% nos teus alugueres di\u00e1rios de motas com a Cooltra, em qualquer um dos nossos destinos de f\u00e9rias na Espanha, em It\u00e1lia, na Fran\u00e7a ou em Portugal. Despacha-te! C\u00d3DIGO: FB10 O QUE PRECISAS DE FAZER? \u00c9 MUITO SIMPLES! Copia o c\u00f3digo FB10 [&hellip;]","og_url":"https:\/\/cooltra.com\/pt\/landing-rtg-facebook-2\/","og_site_name":"Cooltra","article_publisher":"https:\/\/www.facebook.com\/CooltraMotos\/","article_modified_time":"2019-09-05T14:01:48+00:00","og_image":[{"url":"https:\/\/cdn.cooltra.com\/uploads\/2019\/05\/190503_MB_banner-summer-10-discount-1200x627-sea-PT.jpg"}],"twitter_card":"summary_large_image","twitter_site":"@cooltra","twitter_misc":{"Est. reading time":"1 minute"},"schema":{"@context":"https:\/\/schema.org","@graph":[{"@type":"WebPage","@id":"https:\/\/cooltra.com\/pt\/landing-rtg-facebook-2\/","url":"https:\/\/cooltra.com\/pt\/landing-rtg-facebook-2\/","name":"Promo Facebook 2019 - Cooltra","isPartOf":{"@id":"https:\/\/cooltra.com\/pt\/#website"},"datePublished":"2019-05-21T12:55:51+00:00","dateModified":"2019-09-05T14:01:48+00:00","inLanguage":"pt","potentialAction":[{"@type":"ReadAction","target":["https:\/\/cooltra.com\/pt\/landing-rtg-facebook-2\/"]}]},{"@type":"WebSite","@id":"https:\/\/cooltra.com\/pt\/#website","url":"https:\/\/cooltra.com\/pt\/","name":"Cooltra","description":"Alquiler de motos y scooters de gasolina y el\u00e9ctricas","publisher":{"@id":"https:\/\/cooltra.com\/pt\/#organization"},"potentialAction":[{"@type":"SearchAction","target":{"@type":"EntryPoint","urlTemplate":"https:\/\/cooltra.com\/pt\/?s={search_term_string}"},"query-input":"required name=search_term_string"}],"inLanguage":"pt"},{"@type":"Organization","@id":"https:\/\/cooltra.com\/pt\/#organization","name":"Cooltra","url":"https:\/\/cooltra.com\/pt\/","logo":{"@type":"ImageObject","inLanguage":"pt","@id":"https:\/\/cooltra.com\/pt\/#\/schema\/logo\/image\/","url":"https:\/\/cdn.cooltra.com\/uploads\/2022\/11\/Cooltra_Logo_A.png","contentUrl":"https:\/\/cdn.cooltra.com\/uploads\/2022\/11\/Cooltra_Logo_A.png","width":300,"height":298,"caption":"Cooltra"},"image":{"@id":"https:\/\/cooltra.com\/pt\/#\/schema\/logo\/image\/"},"sameAs":["https:\/\/www.facebook.com\/CooltraMotos\/","https:\/\/twitter.com\/cooltra","https:\/\/www.instagram.com\/cooltra_motos\/"]}]}},"_links":{"self":[{"href":"https:\/\/cooltra.com\/pt\/wp-json\/wp\/v2\/pages\/17263"}],"collection":[{"href":"https:\/\/cooltra.com\/pt\/wp-json\/wp\/v2\/pages"}],"about":[{"href":"https:\/\/cooltra.com\/pt\/wp-json\/wp\/v2\/types\/page"}],"author":[{"embeddable":true,"href":"https:\/\/cooltra.com\/pt\/wp-json\/wp\/v2\/users\/1"}],"replies":[{"embeddable":true,"href":"https:\/\/cooltra.com\/pt\/wp-json\/wp\/v2\/comments?post=17263"}],"version-history":[{"count":7,"href":"https:\/\/cooltra.com\/pt\/wp-json\/wp\/v2\/pages\/17263\/revisions"}],"predecessor-version":[{"id":18865,"href":"https:\/\/cooltra.com\/pt\/wp-json\/wp\/v2\/pages\/17263\/revisions\/18865"}],"wp:attachment":[{"href":"https:\/\/cooltra.com\/pt\/wp-json\/wp\/v2\/media?parent=17263"}],"curies":[{"name":"wp","href":"https:\/\/api.w.org\/{rel}","templated":true}]}}