{"id":10973,"date":"2018-07-02T17:05:53","date_gmt":"2018-07-02T16:05:53","guid":{"rendered":"https:\/\/frankie.cooltra.com\/alquiler-de-motos-en-baleares\/"},"modified":"2024-11-20T15:54:57","modified_gmt":"2024-11-20T14:54:57","slug":"aluguer-scooters-baleares","status":"publish","type":"page","link":"https:\/\/cooltra.com\/pt\/aluguer-mota-baleares\/","title":{"rendered":"Aluguer de motos nas Ilhas Baleares"},"content":{"rendered":"<h2>Aluguer de motos<br \/>\nnas Ilhas Baleares<\/h2>\n<p><a href=\"https:\/\/cooltra.com\/pt\/aluguer-mota-ibiza\/\" data-elementor-open-lightbox=\"\"><br \/>\n<img decoding=\"async\" loading=\"lazy\" src=\"https:\/\/cdn.cooltra.com\/uploads\/2018\/07\/aluguer_mota_ibiza.png\" sizes=\"(max-width: 606px) 100vw, 606px\" srcset=\"https:\/\/cdn.cooltra.com\/uploads\/2018\/07\/aluguer_mota_ibiza.png 606w, https:\/\/cdn.cooltra.com\/uploads\/2018\/07\/aluguer_mota_ibiza-300x156.png 300w, https:\/\/cdn.cooltra.com\/uploads\/2018\/07\/aluguer_mota_ibiza-370x192.png 370w, https:\/\/cdn.cooltra.com\/uploads\/2018\/07\/aluguer_mota_ibiza-40x21.png 40w\" alt=\"\" width=\"606\" height=\"315\" \/> <\/a><br \/>\n<a href=\"https:\/\/cooltra.com\/pt\/aluguer-mota-formentera\/\" data-elementor-open-lightbox=\"\"><br \/>\n<img decoding=\"async\" loading=\"lazy\" src=\"https:\/\/cdn.cooltra.com\/uploads\/2018\/07\/aluguer_mota_formentera.png\" sizes=\"(max-width: 606px) 100vw, 606px\" srcset=\"https:\/\/cdn.cooltra.com\/uploads\/2018\/07\/aluguer_mota_formentera.png 606w, https:\/\/cdn.cooltra.com\/uploads\/2018\/07\/aluguer_mota_formentera-300x156.png 300w, https:\/\/cdn.cooltra.com\/uploads\/2018\/07\/aluguer_mota_formentera-370x192.png 370w, https:\/\/cdn.cooltra.com\/uploads\/2018\/07\/aluguer_mota_formentera-40x21.png 40w\" alt=\"aluguer mota formentera\" width=\"606\" height=\"315\" \/> <\/a><br \/>\n<a href=\"https:\/\/cooltra.com\/pt\/aluguer-mota-maiorca\/\" data-elementor-open-lightbox=\"\"><br \/>\n<img decoding=\"async\" loading=\"lazy\" src=\"https:\/\/cdn.cooltra.com\/uploads\/2018\/07\/aluguer_mota_mallorca.png\" sizes=\"(max-width: 606px) 100vw, 606px\" srcset=\"https:\/\/cdn.cooltra.com\/uploads\/2018\/07\/aluguer_mota_mallorca.png 606w, https:\/\/cdn.cooltra.com\/uploads\/2018\/07\/aluguer_mota_mallorca-300x156.png 300w, https:\/\/cdn.cooltra.com\/uploads\/2018\/07\/aluguer_mota_mallorca-370x192.png 370w, https:\/\/cdn.cooltra.com\/uploads\/2018\/07\/aluguer_mota_mallorca-40x21.png 40w\" alt=\"aluguer mota mallorca\" width=\"606\" height=\"315\" \/> <\/a><br \/>\n<a href=\"https:\/\/cooltra.com\/pt\/aluguer-mota-menorca\/\" data-elementor-open-lightbox=\"\"><br \/>\n<img decoding=\"async\" loading=\"lazy\" src=\"https:\/\/cdn.cooltra.com\/uploads\/2018\/07\/aluguer_mota_menorca.png\" sizes=\"(max-width: 606px) 100vw, 606px\" srcset=\"https:\/\/cdn.cooltra.com\/uploads\/2018\/07\/aluguer_mota_menorca.png 606w, https:\/\/cdn.cooltra.com\/uploads\/2018\/07\/aluguer_mota_menorca-300x156.png 300w, https:\/\/cdn.cooltra.com\/uploads\/2018\/07\/aluguer_mota_menorca-370x192.png 370w, https:\/\/cdn.cooltra.com\/uploads\/2018\/07\/aluguer_mota_menorca-40x21.png 40w\" alt=\"aluguer mota menorca\" width=\"606\" height=\"315\" \/> <\/a><\/p>\n<h5>O QUE EST\u00c1 INCLU\u00cdDO?<\/h5>\n<p><img decoding=\"async\" loading=\"lazy\" src=\"https:\/\/cdn.cooltra.com\/uploads\/Casco-300x300.png\" sizes=\"(max-width: 300px) 100vw, 300px\" srcset=\"https:\/\/cdn.cooltra.com\/uploads\/Casco-300x300.png 300w, https:\/\/cdn.cooltra.com\/uploads\/2018\/06\/Casco-150x150.png 150w, https:\/\/cdn.cooltra.com\/uploads\/2018\/06\/Casco-370x370.png 370w, https:\/\/cdn.cooltra.com\/uploads\/2018\/06\/Casco-40x40.png 40w, https:\/\/cdn.cooltra.com\/uploads\/2018\/06\/Casco.png 512w\" alt=\"\" width=\"300\" height=\"300\" \/><\/p>\n<p>Capacete<\/p>\n<p><img decoding=\"async\" loading=\"lazy\" src=\"https:\/\/cdn.cooltra.com\/uploads\/Seguro-a-todo-riesgo-300x300.png\" sizes=\"(max-width: 300px) 100vw, 300px\" srcset=\"https:\/\/cdn.cooltra.com\/uploads\/Seguro-a-todo-riesgo-300x300.png 300w, https:\/\/cdn.cooltra.com\/uploads\/2018\/06\/Seguro-a-todo-riesgo-150x150.png 150w, https:\/\/cdn.cooltra.com\/uploads\/2018\/06\/Seguro-a-todo-riesgo-370x370.png 370w, https:\/\/cdn.cooltra.com\/uploads\/2018\/06\/Seguro-a-todo-riesgo-40x40.png 40w, https:\/\/cdn.cooltra.com\/uploads\/2018\/06\/Seguro-a-todo-riesgo.png 512w\" alt=\"\" width=\"300\" height=\"300\" \/><\/p>\n<p>Seguro contra todos os riscos<\/p>\n<p><img decoding=\"async\" loading=\"lazy\" src=\"https:\/\/cdn.cooltra.com\/uploads\/Asistencia-en-carretera-300x300.png\" sizes=\"(max-width: 300px) 100vw, 300px\" srcset=\"https:\/\/cdn.cooltra.com\/uploads\/Asistencia-en-carretera-300x300.png 300w, https:\/\/cdn.cooltra.com\/uploads\/2018\/06\/Asistencia-en-carretera-150x150.png 150w, https:\/\/cdn.cooltra.com\/uploads\/2018\/06\/Asistencia-en-carretera-370x370.png 370w, https:\/\/cdn.cooltra.com\/uploads\/2018\/06\/Asistencia-en-carretera-40x40.png 40w, https:\/\/cdn.cooltra.com\/uploads\/2018\/06\/Asistencia-en-carretera.png 512w\" alt=\"\" width=\"300\" height=\"300\" \/><\/p>\n<p>Assist\u00eancia em viagem<\/p>\n<p>&nbsp;<\/p>\n<p><img decoding=\"async\" loading=\"lazy\" src=\"https:\/\/cdn.cooltra.com\/uploads\/2018\/04\/Km-ilimitados.png\" alt=\"KM ilimitados\" width=\"300\" height=\"300\" \/><\/p>\n<p>KM ilimitados<\/p>\n<p><img decoding=\"async\" loading=\"lazy\" src=\"https:\/\/cdn.cooltra.com\/uploads\/2018\/04\/Mejor-precio-garantizado-1.png\" alt=\"El mejor precio\" width=\"300\" height=\"300\" \/><\/p>\n<p>Garantia de melhor pre\u00e7o<\/p>\n<p>&nbsp;<\/p>\n<p><img decoding=\"async\" loading=\"lazy\" src=\"https:\/\/cdn.cooltra.com\/uploads\/whats-included-electric-300x300.png\" sizes=\"(max-width: 300px) 100vw, 300px\" srcset=\"https:\/\/cdn.cooltra.com\/uploads\/whats-included-electric-300x300.png 300w, https:\/\/cdn.cooltra.com\/uploads\/2019\/08\/whats-included-electric-150x150.png 150w, https:\/\/cdn.cooltra.com\/uploads\/2019\/08\/whats-included-electric-370x370.png 370w, https:\/\/cdn.cooltra.com\/uploads\/2019\/08\/whats-included-electric-40x40.png 40w, https:\/\/cdn.cooltra.com\/uploads\/2019\/08\/whats-included-electric.png 512w\" alt=\"Scooters el\u00e9tricas\" width=\"300\" height=\"300\" \/><\/p>\n<p>E-scooters dispon\u00edvel<\/p>\n<h2>OS NOSSOS MODELOS<\/h2>\n<p>Trabalhamos com os <strong>principais fabricantes de<\/strong> <strong>motos<\/strong> &#8211; Peugeot, SYM, Yamaha &#8211; tanto de 50cc como 125cc. Tamb\u00e9m temos motos Govecs como o principal fabricante de <strong>motos el\u00e9tricas<\/strong> e Kawasaki caso procure algo mais animado como uma moto4.<\/p>\n<figure><img alt=\"Peugeot Tweet Evo 50cc o 125cc\" \/><\/figure>\n<figure><img decoding=\"async\" src=\"https:\/\/cdn.cooltra.com\/uploads\/yamaha-xmax-150x150.png\" alt=\"Yamaha X-Max 125cc o 300cc ABS\" \/><\/figure>\n<figure><\/figure>\n<h2>ALUGUER DE MOTOS NAS ILHAS BALEARES<\/h2>\n<p>Visite as Ilhas Baleares em duas rodas! Disfrute da experi\u00eancia \u00fanica de <strong>aluguer motos Cooltra<\/strong> e visitar as <strong>ilhas Baleares<\/strong> de forma inesquec\u00edvel. N\u00e3o importa se vai a <strong>Ibiza, Formentra, Maiorca<\/strong> ou <strong>Menorca<\/strong>&#8230;pois a <strong>Cooltra<\/strong> est\u00e1 presente em todas as Ilhas atrav\u00e9s de lojas oficiais e parceiros locais sempre dispostos a dar toda a informa\u00e7\u00e3o necess\u00e1ria para conhecer as ilhas de uma forma \u00fanica: de scooter com <strong>tudo incluido no pre\u00e7o<\/strong> e esquecendo os problemas tr\u00e2nsito, lugar para parar o carro, etc\u2026 Gra\u00e7as \u00e0s nossas scooters, tudo \u00e9 c\u00f3modo, flex\u00edvel e seguro!<\/p>\n<h3><a style=\"color: #00a3e0; text-decoration: underline;\" href=\"https:\/\/cooltra.com\/pt\/aluguer-mota-ibiza\/\">Aluguer de scooter em Ibiza<\/a><\/h3>\n<p>Visite <strong>Ibiza<\/strong> e apaixone-se pelas \u201ccalas\u201d de agua azul turquesa, <strong>Cala D\u2019Hort<\/strong> e <strong>Cala Conta<\/strong> s\u00e3o as mais conhecidas. Se quiser visitar outra ilha, pode sempre optar por <a href=\"https:\/\/cooltra.com\/pt\/ferry-formentera\/\" target=\"_blank\" rel=\"noopener\">um dia em Formentera<\/a>: apanhar o Ferry para Formentera, alugar uma scooter e visitar todas as praias que esta ilha esconde para si. Saiba mais sobre a nossa oferta de <a href=\"https:\/\/cooltra.com\/pt\/ferry-formentera\/\" target=\"_blank\" rel=\"noopener\">bilhete de ferry + aluguer de scooter em Formentera<\/a> desde 39\u20ac.<\/p>\n<h3><a style=\"color: #00a3e0; text-decoration: underline;\" href=\"https:\/\/cooltra.com\/pt\/aluguer-mota-formentera\/\">Aluguer de scooter em Formentera<\/a><\/h3>\n<p>A Cooltra oferece toda a liberdade para explorar Formentera e percorrer os mais de 20km de praias como <strong>Cala Saona<\/strong>, <strong>Ses Illetes<\/strong> e <strong>Els Arenals<\/strong>, de forma f\u00e1cil e divertida. Com as nossas scooters poder\u00e1 conhecer todos os cantos da Ilha, locais que dificilmente chegaria sem ser de scooter.<\/p>\n<h3><a href=\"https:\/\/cooltra.com\/pt\/aluguer-mota-maiorca\/\" target=\"_blank\" rel=\"noopener noreferrer\" data-auth=\"NotApplicable\">Aluguer de scooters em Maiorca<\/a><\/h3>\n<p>Tenha umas f\u00e9rias inesquec\u00edveis em <strong>Maiorca<\/strong> com as nossas scooters. Maiorca \u00e9 a maior ilha das Baleares e conta com variados eventos tur\u00edsticos, galerias de arte, castelos e museus. Explore a Ilha e n\u00e3o deixe de visitar a <strong>Catedral<\/strong> e as incr\u00edveis <strong>\u201ccalas\u201d de Es Trenc<\/strong> e <strong>Es Dolc<\/strong>.<\/p>\n<h3><a href=\"https:\/\/cooltra.com\/pt\/aluguer-mota-menorca\/\" target=\"_blank\" rel=\"noopener noreferrer\" data-auth=\"NotApplicable\">Aluguer de scooter em Menorca<\/a><\/h3>\n<p>Se procura algo mais pacato, <strong>Menorca<\/strong> \u00e9 o destino ideal. Esta ilha combina tranquilidade com um imenso patrim\u00f3nio cultural por descobrir. Aproveite para relaxar <strong>numas das melhores \u201ccalas\u201d<\/strong> de todas as Baleares, a <strong>\u201cCala\u201d Turqueta<\/strong> ou <strong>\u201cCala\u201d Macarella<\/strong>.<\/p>\n<p>Lembre-se que o melhor da Cooltra \u00e9 o servi\u00e7o com<strong> tudo incluido no pre\u00e7o<\/strong>, de forma a evitar surpresas: Cancelamento gratuito, KM ilimitados, seguro contra todos os riscos e assist\u00eancia em viagem 24h por dia. Para al\u00e9m de tudo isto, oferecemos um <strong>desconto de 5% para reservas feitas online<\/strong>. De que est\u00e1 \u00e0 espera?<\/p>\n<ul>\n<li>PORQU\u00ca A COOLTRA?<\/li>\n<li>Seguro contra todos os riscos com franquia<\/li>\n<li>Mais de 17.000 scooters con menos de 3 a\u00f1os<\/li>\n<li>Mais de 100 pontos de aluguer<\/li>\n<\/ul>\n<p><iframe loading=\"lazy\" title=\"Summer 2018 - Welcome to Cooltra!\" width=\"500\" height=\"281\" src=\"https:\/\/www.youtube.com\/embed\/9XMthSBeGwY?feature=oembed\" frameborder=\"0\" allow=\"accelerometer; autoplay; clipboard-write; encrypted-media; gyroscope; picture-in-picture; web-share\" referrerpolicy=\"strict-origin-when-cross-origin\" allowfullscreen><\/iframe><\/p>\n","protected":false},"excerpt":{"rendered":"<p>Aluguer de motos nas Ilhas Baleares O QUE EST\u00c1 INCLU\u00cdDO? Capacete Seguro contra todos os riscos Assist\u00eancia em viagem &nbsp; KM ilimitados Garantia de melhor pre\u00e7o &nbsp; E-scooters dispon\u00edvel OS NOSSOS MODELOS Trabalhamos com os principais fabricantes de motos &#8211; Peugeot, SYM, Yamaha &#8211; tanto de 50cc como 125cc. Tamb\u00e9m temos motos Govecs como o [&hellip;]<\/p>\n","protected":false},"author":4,"featured_media":0,"parent":0,"menu_order":0,"comment_status":"closed","ping_status":"closed","template":"page-rentgroup.blade.php","meta":{"inline_featured_image":false},"yoast_head":"<!-- This site is optimized with the Yoast SEO plugin v20.10 - https:\/\/yoast.com\/wordpress\/plugins\/seo\/ -->\n<title>Aluguer de motas nas Ilhas Baleares | Cooltra.com<\/title>\n<meta name=\"description\" content=\"Alugue uma moto em Maiorca, Menorca, Ibiza ou Formentera. Aproveite a melhor experi\u00eancia que s\u00f3 a Cooltra pode lhe oferecer com o aluguel de sua motocicleta nas Ilhas Baleares e conhe\u00e7a essas joias do Mediterr\u00e2neo.\" \/>\n<meta name=\"robots\" content=\"index, follow, max-snippet:-1, max-image-preview:large, max-video-preview:-1\" \/>\n<link rel=\"canonical\" href=\"https:\/\/cooltra.com\/pt\/aluguer-mota-baleares\/\" \/>\n<meta property=\"og:locale\" content=\"pt_PT\" \/>\n<meta property=\"og:type\" content=\"article\" \/>\n<meta property=\"og:title\" content=\"Aluguer de motas nas Ilhas Baleares | Cooltra.com\" \/>\n<meta property=\"og:description\" content=\"Alugue uma moto em Maiorca, Menorca, Ibiza ou Formentera. Aproveite a melhor experi\u00eancia que s\u00f3 a Cooltra pode lhe oferecer com o aluguel de sua motocicleta nas Ilhas Baleares e conhe\u00e7a essas joias do Mediterr\u00e2neo.\" \/>\n<meta property=\"og:url\" content=\"https:\/\/cooltra.com\/pt\/aluguer-mota-baleares\/\" \/>\n<meta property=\"og:site_name\" content=\"Cooltra\" \/>\n<meta property=\"article:publisher\" content=\"https:\/\/www.facebook.com\/CooltraMotos\/\" \/>\n<meta property=\"article:modified_time\" content=\"2024-11-20T14:54:57+00:00\" \/>\n<meta property=\"og:image\" content=\"https:\/\/cdn.cooltra.com\/uploads\/2018\/07\/aluguer_mota_ibiza.png\" \/>\n<meta name=\"twitter:card\" content=\"summary_large_image\" \/>\n<meta name=\"twitter:site\" content=\"@cooltra\" \/>\n<meta name=\"twitter:label1\" content=\"Est. reading time\" \/>\n\t<meta name=\"twitter:data1\" content=\"5 minutes\" \/>\n<script type=\"application\/ld+json\" class=\"yoast-schema-graph\">{\"@context\":\"https:\/\/schema.org\",\"@graph\":[{\"@type\":\"WebPage\",\"@id\":\"https:\/\/cooltra.com\/pt\/aluguer-mota-baleares\/\",\"url\":\"https:\/\/cooltra.com\/pt\/aluguer-mota-baleares\/\",\"name\":\"Aluguer de motas nas Ilhas Baleares | Cooltra.com\",\"isPartOf\":{\"@id\":\"https:\/\/cooltra.com\/pt\/#website\"},\"datePublished\":\"2018-07-02T16:05:53+00:00\",\"dateModified\":\"2024-11-20T14:54:57+00:00\",\"description\":\"Alugue uma moto em Maiorca, Menorca, Ibiza ou Formentera. Aproveite a melhor experi\u00eancia que s\u00f3 a Cooltra pode lhe oferecer com o aluguel de sua motocicleta nas Ilhas Baleares e conhe\u00e7a essas joias do Mediterr\u00e2neo.\",\"inLanguage\":\"pt\",\"potentialAction\":[{\"@type\":\"ReadAction\",\"target\":[\"https:\/\/cooltra.com\/pt\/aluguer-mota-baleares\/\"]}]},{\"@type\":\"WebSite\",\"@id\":\"https:\/\/cooltra.com\/pt\/#website\",\"url\":\"https:\/\/cooltra.com\/pt\/\",\"name\":\"Cooltra\",\"description\":\"Alquiler de motos y scooters de gasolina y el\u00e9ctricas\",\"publisher\":{\"@id\":\"https:\/\/cooltra.com\/pt\/#organization\"},\"potentialAction\":[{\"@type\":\"SearchAction\",\"target\":{\"@type\":\"EntryPoint\",\"urlTemplate\":\"https:\/\/cooltra.com\/pt\/?s={search_term_string}\"},\"query-input\":\"required name=search_term_string\"}],\"inLanguage\":\"pt\"},{\"@type\":\"Organization\",\"@id\":\"https:\/\/cooltra.com\/pt\/#organization\",\"name\":\"Cooltra\",\"url\":\"https:\/\/cooltra.com\/pt\/\",\"logo\":{\"@type\":\"ImageObject\",\"inLanguage\":\"pt\",\"@id\":\"https:\/\/cooltra.com\/pt\/#\/schema\/logo\/image\/\",\"url\":\"https:\/\/cdn.cooltra.com\/uploads\/2022\/11\/Cooltra_Logo_A.png\",\"contentUrl\":\"https:\/\/cdn.cooltra.com\/uploads\/2022\/11\/Cooltra_Logo_A.png\",\"width\":300,\"height\":298,\"caption\":\"Cooltra\"},\"image\":{\"@id\":\"https:\/\/cooltra.com\/pt\/#\/schema\/logo\/image\/\"},\"sameAs\":[\"https:\/\/www.facebook.com\/CooltraMotos\/\",\"https:\/\/twitter.com\/cooltra\",\"https:\/\/www.instagram.com\/cooltra_motos\/\"]}]}<\/script>\n<!-- \/ Yoast SEO plugin. -->","yoast_head_json":{"title":"Aluguer de motas nas Ilhas Baleares | Cooltra.com","description":"Alugue uma moto em Maiorca, Menorca, Ibiza ou Formentera. Aproveite a melhor experi\u00eancia que s\u00f3 a Cooltra pode lhe oferecer com o aluguel de sua motocicleta nas Ilhas Baleares e conhe\u00e7a essas joias do Mediterr\u00e2neo.","robots":{"index":"index","follow":"follow","max-snippet":"max-snippet:-1","max-image-preview":"max-image-preview:large","max-video-preview":"max-video-preview:-1"},"canonical":"https:\/\/cooltra.com\/pt\/aluguer-mota-baleares\/","og_locale":"pt_PT","og_type":"article","og_title":"Aluguer de motas nas Ilhas Baleares | Cooltra.com","og_description":"Alugue uma moto em Maiorca, Menorca, Ibiza ou Formentera. Aproveite a melhor experi\u00eancia que s\u00f3 a Cooltra pode lhe oferecer com o aluguel de sua motocicleta nas Ilhas Baleares e conhe\u00e7a essas joias do Mediterr\u00e2neo.","og_url":"https:\/\/cooltra.com\/pt\/aluguer-mota-baleares\/","og_site_name":"Cooltra","article_publisher":"https:\/\/www.facebook.com\/CooltraMotos\/","article_modified_time":"2024-11-20T14:54:57+00:00","og_image":[{"url":"https:\/\/cdn.cooltra.com\/uploads\/2018\/07\/aluguer_mota_ibiza.png"}],"twitter_card":"summary_large_image","twitter_site":"@cooltra","twitter_misc":{"Est. reading time":"5 minutes"},"schema":{"@context":"https:\/\/schema.org","@graph":[{"@type":"WebPage","@id":"https:\/\/cooltra.com\/pt\/aluguer-mota-baleares\/","url":"https:\/\/cooltra.com\/pt\/aluguer-mota-baleares\/","name":"Aluguer de motas nas Ilhas Baleares | Cooltra.com","isPartOf":{"@id":"https:\/\/cooltra.com\/pt\/#website"},"datePublished":"2018-07-02T16:05:53+00:00","dateModified":"2024-11-20T14:54:57+00:00","description":"Alugue uma moto em Maiorca, Menorca, Ibiza ou Formentera. Aproveite a melhor experi\u00eancia que s\u00f3 a Cooltra pode lhe oferecer com o aluguel de sua motocicleta nas Ilhas Baleares e conhe\u00e7a essas joias do Mediterr\u00e2neo.","inLanguage":"pt","potentialAction":[{"@type":"ReadAction","target":["https:\/\/cooltra.com\/pt\/aluguer-mota-baleares\/"]}]},{"@type":"WebSite","@id":"https:\/\/cooltra.com\/pt\/#website","url":"https:\/\/cooltra.com\/pt\/","name":"Cooltra","description":"Alquiler de motos y scooters de gasolina y el\u00e9ctricas","publisher":{"@id":"https:\/\/cooltra.com\/pt\/#organization"},"potentialAction":[{"@type":"SearchAction","target":{"@type":"EntryPoint","urlTemplate":"https:\/\/cooltra.com\/pt\/?s={search_term_string}"},"query-input":"required name=search_term_string"}],"inLanguage":"pt"},{"@type":"Organization","@id":"https:\/\/cooltra.com\/pt\/#organization","name":"Cooltra","url":"https:\/\/cooltra.com\/pt\/","logo":{"@type":"ImageObject","inLanguage":"pt","@id":"https:\/\/cooltra.com\/pt\/#\/schema\/logo\/image\/","url":"https:\/\/cdn.cooltra.com\/uploads\/2022\/11\/Cooltra_Logo_A.png","contentUrl":"https:\/\/cdn.cooltra.com\/uploads\/2022\/11\/Cooltra_Logo_A.png","width":300,"height":298,"caption":"Cooltra"},"image":{"@id":"https:\/\/cooltra.com\/pt\/#\/schema\/logo\/image\/"},"sameAs":["https:\/\/www.facebook.com\/CooltraMotos\/","https:\/\/twitter.com\/cooltra","https:\/\/www.instagram.com\/cooltra_motos\/"]}]}},"_links":{"self":[{"href":"https:\/\/cooltra.com\/pt\/wp-json\/wp\/v2\/pages\/10973"}],"collection":[{"href":"https:\/\/cooltra.com\/pt\/wp-json\/wp\/v2\/pages"}],"about":[{"href":"https:\/\/cooltra.com\/pt\/wp-json\/wp\/v2\/types\/page"}],"author":[{"embeddable":true,"href":"https:\/\/cooltra.com\/pt\/wp-json\/wp\/v2\/users\/4"}],"replies":[{"embeddable":true,"href":"https:\/\/cooltra.com\/pt\/wp-json\/wp\/v2\/comments?post=10973"}],"version-history":[{"count":21,"href":"https:\/\/cooltra.com\/pt\/wp-json\/wp\/v2\/pages\/10973\/revisions"}],"predecessor-version":[{"id":89322,"href":"https:\/\/cooltra.com\/pt\/wp-json\/wp\/v2\/pages\/10973\/revisions\/89322"}],"wp:attachment":[{"href":"https:\/\/cooltra.com\/pt\/wp-json\/wp\/v2\/media?parent=10973"}],"curies":[{"name":"wp","href":"https:\/\/api.w.org\/{rel}","templated":true}]}}