{"id":6187,"date":"2018-04-27T09:35:55","date_gmt":"2018-04-27T08:35:55","guid":{"rendered":"http:\/\/new.cooltra.com\/?page_id=6187"},"modified":"2018-09-05T12:55:08","modified_gmt":"2018-09-05T11:55:08","slug":"ofertas","status":"publish","type":"page","link":"https:\/\/cooltra.com\/nl\/ofertas\/","title":{"rendered":"Ofertas"},"content":{"rendered":"<div>\n<p><strong>Lorem Ipsum<\/strong>\u00a0es simplemente el texto de relleno de las imprentas y archivos de texto. Lorem Ipsum ha sido el texto de relleno est\u00e1ndar de las industrias desde el a\u00f1o 1500, cuando un impresor (N. del T. persona que se dedica a la imprenta) desconocido us\u00f3 una galer\u00eda de textos y los mezcl\u00f3 de tal manera que logr\u00f3 hacer un libro de textos especimen. No s\u00f3lo sobrevivi\u00f3 500 a\u00f1os, sino que tambien ingres\u00f3 como texto de relleno en documentos electr\u00f3nicos, quedando esencialmente igual al original. Fue popularizado en los 60s con la creaci\u00f3n de las hojas &#8220;Letraset&#8221;, las cuales contenian pasajes de Lorem Ipsum, y m\u00e1s recientemente con software de autoedici\u00f3n, como por ejemplo Aldus PageMaker, el cual incluye versiones de Lorem Ipsum.<\/p>\n<\/div>\n<div>\n<h2>\u00bfPor qu\u00e9 lo usamos?<\/h2>\n<p>Es un hecho establecido hace demasiado tiempo que un lector se distraer\u00e1 con el contenido del texto de un sitio mientras que mira su dise\u00f1o. El punto de usar Lorem Ipsum es que tiene una distribuci\u00f3n m\u00e1s o menos normal de las letras, al contrario de usar textos como por ejemplo &#8220;Contenido aqu\u00ed, contenido aqu\u00ed&#8221;. Estos textos hacen parecerlo un espa\u00f1ol que se puede leer. Muchos paquetes de autoedici\u00f3n y editores de p\u00e1ginas web usan el Lorem Ipsum como su texto por defecto, y al hacer una b\u00fasqueda de &#8220;Lorem Ipsum&#8221; va a dar por resultado muchos sitios web que usan este texto si se encuentran en estado de desarrollo. Muchas versiones han evolucionado a trav\u00e9s de los a\u00f1os, algunas veces por accidente, otras veces a prop\u00f3sito (por ejemplo insert\u00e1ndole humor y cosas por el estilo).<\/p>\n<\/div>\n<h2><\/h2>\n<div>\n<h2>\u00bfDe d\u00f3nde viene?<\/h2>\n<p>Al contrario del pensamiento popular, el texto de Lorem Ipsum no es simplemente texto aleatorio. Tiene sus raices en una pieza cl\u00b4sica de la literatura del Latin, que data del a\u00f1o 45 antes de Cristo, haciendo que este adquiera mas de 2000 a\u00f1os de antiguedad. Richard McClintock, un profesor de Latin de la Universidad de Hampden-Sydney en Virginia, encontr\u00f3 una de las palabras m\u00e1s oscuras de la lengua del lat\u00edn, &#8220;consecteur&#8221;, en un pasaje de Lorem Ipsum, y al seguir leyendo distintos textos del lat\u00edn, descubri\u00f3 la fuente indudable. Lorem Ipsum viene de las secciones 1.10.32 y 1.10.33 de &#8220;de Finnibus Bonorum et Malorum&#8221; (Los Extremos del Bien y El Mal) por Cicero, escrito en el a\u00f1o 45 antes de Cristo. Este libro es un tratado de teor\u00eda de \u00e9ticas, muy popular durante el Renacimiento. La primera linea del Lorem Ipsum, &#8220;Lorem ipsum dolor sit amet..&#8221;, viene de una linea en la secci\u00f3n 1.10.32<\/p>\n<p>El trozo de texto est\u00e1ndar de Lorem Ipsum usado desde el a\u00f1o 1500 es reproducido debajo para aquellos interesados. Las secciones 1.10.32 y 1.10.33 de &#8220;de Finibus Bonorum et Malorum&#8221; por Cicero son tambi\u00e9n reproducidas en su forma original exacta, acompa\u00f1adas por versiones en Ingl\u00e9s de la traducci\u00f3n realizada en 1914 por H. Rackham.<\/p>\n<\/div>\n","protected":false},"excerpt":{"rendered":"<p>Lorem Ipsum\u00a0es simplemente el texto de relleno de las imprentas y archivos de texto. Lorem Ipsum ha sido el texto de relleno est\u00e1ndar de las industrias desde el a\u00f1o 1500, cuando un impresor (N. del T. persona que se dedica a la imprenta) desconocido us\u00f3 una galer\u00eda de textos y los mezcl\u00f3 de tal manera [&hellip;]<\/p>\n","protected":false},"author":2,"featured_media":0,"parent":0,"menu_order":0,"comment_status":"closed","ping_status":"closed","template":"page-offer.php","meta":{"inline_featured_image":false},"yoast_head":"<!-- This site is optimized with the Yoast SEO plugin v20.10 - https:\/\/yoast.com\/wordpress\/plugins\/seo\/ -->\n<title>Ofertas - Cooltra<\/title>\n<meta name=\"robots\" content=\"noindex, nofollow\" \/>\n<meta property=\"og:locale\" content=\"nl_NL\" \/>\n<meta property=\"og:type\" content=\"article\" \/>\n<meta property=\"og:title\" content=\"Ofertas - Cooltra\" \/>\n<meta property=\"og:description\" content=\"Lorem Ipsum\u00a0es simplemente el texto de relleno de las imprentas y archivos de texto. Lorem Ipsum ha sido el texto de relleno est\u00e1ndar de las industrias desde el a\u00f1o 1500, cuando un impresor (N. del T. persona que se dedica a la imprenta) desconocido us\u00f3 una galer\u00eda de textos y los mezcl\u00f3 de tal manera [&hellip;]\" \/>\n<meta property=\"og:url\" content=\"https:\/\/cooltra.com\/nl\/ofertas\/\" \/>\n<meta property=\"og:site_name\" content=\"Cooltra\" \/>\n<meta property=\"article:publisher\" content=\"https:\/\/www.facebook.com\/CooltraMotos\/\" \/>\n<meta property=\"article:modified_time\" content=\"2018-09-05T11:55:08+00:00\" \/>\n<meta property=\"og:image\" content=\"https:\/\/cdn.cooltra.com\/uploads\/2018\/04\/cooltra-alquiler-de-motos-y-scooter-de-gasolina-y-electricas.png\" \/>\n\t<meta property=\"og:image:width\" content=\"2000\" \/>\n\t<meta property=\"og:image:height\" content=\"510\" \/>\n\t<meta property=\"og:image:type\" content=\"image\/png\" \/>\n<meta name=\"twitter:card\" content=\"summary_large_image\" \/>\n<meta name=\"twitter:site\" content=\"@cooltra\" \/>\n<meta name=\"twitter:label1\" content=\"Est. reading time\" \/>\n\t<meta name=\"twitter:data1\" content=\"2 minuten\" \/>\n<script type=\"application\/ld+json\" class=\"yoast-schema-graph\">{\"@context\":\"https:\/\/schema.org\",\"@graph\":[{\"@type\":\"WebPage\",\"@id\":\"https:\/\/cooltra.com\/nl\/ofertas\/\",\"url\":\"https:\/\/cooltra.com\/nl\/ofertas\/\",\"name\":\"Ofertas - Cooltra\",\"isPartOf\":{\"@id\":\"https:\/\/cooltra.com\/nl\/#website\"},\"datePublished\":\"2018-04-27T08:35:55+00:00\",\"dateModified\":\"2018-09-05T11:55:08+00:00\",\"inLanguage\":\"nl-NL\",\"potentialAction\":[{\"@type\":\"ReadAction\",\"target\":[\"https:\/\/cooltra.com\/nl\/ofertas\/\"]}]},{\"@type\":\"WebSite\",\"@id\":\"https:\/\/cooltra.com\/nl\/#website\",\"url\":\"https:\/\/cooltra.com\/nl\/\",\"name\":\"Cooltra\",\"description\":\"Alquiler de motos y scooters de gasolina y el\u00e9ctricas\",\"publisher\":{\"@id\":\"https:\/\/cooltra.com\/nl\/#organization\"},\"potentialAction\":[{\"@type\":\"SearchAction\",\"target\":{\"@type\":\"EntryPoint\",\"urlTemplate\":\"https:\/\/cooltra.com\/nl\/?s={search_term_string}\"},\"query-input\":\"required name=search_term_string\"}],\"inLanguage\":\"nl-NL\"},{\"@type\":\"Organization\",\"@id\":\"https:\/\/cooltra.com\/nl\/#organization\",\"name\":\"Cooltra\",\"url\":\"https:\/\/cooltra.com\/nl\/\",\"logo\":{\"@type\":\"ImageObject\",\"inLanguage\":\"nl-NL\",\"@id\":\"https:\/\/cooltra.com\/nl\/#\/schema\/logo\/image\/\",\"url\":\"https:\/\/cdn.cooltra.com\/uploads\/2022\/11\/Cooltra_Logo_A.png\",\"contentUrl\":\"https:\/\/cdn.cooltra.com\/uploads\/2022\/11\/Cooltra_Logo_A.png\",\"width\":300,\"height\":298,\"caption\":\"Cooltra\"},\"image\":{\"@id\":\"https:\/\/cooltra.com\/nl\/#\/schema\/logo\/image\/\"},\"sameAs\":[\"https:\/\/www.facebook.com\/CooltraMotos\/\",\"https:\/\/twitter.com\/cooltra\",\"https:\/\/www.instagram.com\/cooltra_motos\/\"]}]}<\/script>\n<!-- \/ Yoast SEO plugin. -->","yoast_head_json":{"title":"Ofertas - Cooltra","robots":{"index":"noindex","follow":"nofollow"},"og_locale":"nl_NL","og_type":"article","og_title":"Ofertas - Cooltra","og_description":"Lorem Ipsum\u00a0es simplemente el texto de relleno de las imprentas y archivos de texto. Lorem Ipsum ha sido el texto de relleno est\u00e1ndar de las industrias desde el a\u00f1o 1500, cuando un impresor (N. del T. persona que se dedica a la imprenta) desconocido us\u00f3 una galer\u00eda de textos y los mezcl\u00f3 de tal manera [&hellip;]","og_url":"https:\/\/cooltra.com\/nl\/ofertas\/","og_site_name":"Cooltra","article_publisher":"https:\/\/www.facebook.com\/CooltraMotos\/","article_modified_time":"2018-09-05T11:55:08+00:00","og_image":[{"width":2000,"height":510,"url":"https:\/\/cdn.cooltra.com\/uploads\/2018\/04\/cooltra-alquiler-de-motos-y-scooter-de-gasolina-y-electricas.png","type":"image\/png"}],"twitter_card":"summary_large_image","twitter_site":"@cooltra","twitter_misc":{"Est. reading time":"2 minuten"},"schema":{"@context":"https:\/\/schema.org","@graph":[{"@type":"WebPage","@id":"https:\/\/cooltra.com\/nl\/ofertas\/","url":"https:\/\/cooltra.com\/nl\/ofertas\/","name":"Ofertas - Cooltra","isPartOf":{"@id":"https:\/\/cooltra.com\/nl\/#website"},"datePublished":"2018-04-27T08:35:55+00:00","dateModified":"2018-09-05T11:55:08+00:00","inLanguage":"nl-NL","potentialAction":[{"@type":"ReadAction","target":["https:\/\/cooltra.com\/nl\/ofertas\/"]}]},{"@type":"WebSite","@id":"https:\/\/cooltra.com\/nl\/#website","url":"https:\/\/cooltra.com\/nl\/","name":"Cooltra","description":"Alquiler de motos y scooters de gasolina y el\u00e9ctricas","publisher":{"@id":"https:\/\/cooltra.com\/nl\/#organization"},"potentialAction":[{"@type":"SearchAction","target":{"@type":"EntryPoint","urlTemplate":"https:\/\/cooltra.com\/nl\/?s={search_term_string}"},"query-input":"required name=search_term_string"}],"inLanguage":"nl-NL"},{"@type":"Organization","@id":"https:\/\/cooltra.com\/nl\/#organization","name":"Cooltra","url":"https:\/\/cooltra.com\/nl\/","logo":{"@type":"ImageObject","inLanguage":"nl-NL","@id":"https:\/\/cooltra.com\/nl\/#\/schema\/logo\/image\/","url":"https:\/\/cdn.cooltra.com\/uploads\/2022\/11\/Cooltra_Logo_A.png","contentUrl":"https:\/\/cdn.cooltra.com\/uploads\/2022\/11\/Cooltra_Logo_A.png","width":300,"height":298,"caption":"Cooltra"},"image":{"@id":"https:\/\/cooltra.com\/nl\/#\/schema\/logo\/image\/"},"sameAs":["https:\/\/www.facebook.com\/CooltraMotos\/","https:\/\/twitter.com\/cooltra","https:\/\/www.instagram.com\/cooltra_motos\/"]}]}},"_links":{"self":[{"href":"https:\/\/cooltra.com\/nl\/wp-json\/wp\/v2\/pages\/6187"}],"collection":[{"href":"https:\/\/cooltra.com\/nl\/wp-json\/wp\/v2\/pages"}],"about":[{"href":"https:\/\/cooltra.com\/nl\/wp-json\/wp\/v2\/types\/page"}],"author":[{"embeddable":true,"href":"https:\/\/cooltra.com\/nl\/wp-json\/wp\/v2\/users\/2"}],"replies":[{"embeddable":true,"href":"https:\/\/cooltra.com\/nl\/wp-json\/wp\/v2\/comments?post=6187"}],"version-history":[{"count":1,"href":"https:\/\/cooltra.com\/nl\/wp-json\/wp\/v2\/pages\/6187\/revisions"}],"predecessor-version":[{"id":6188,"href":"https:\/\/cooltra.com\/nl\/wp-json\/wp\/v2\/pages\/6187\/revisions\/6188"}],"wp:attachment":[{"href":"https:\/\/cooltra.com\/nl\/wp-json\/wp\/v2\/media?parent=6187"}],"curies":[{"name":"wp","href":"https:\/\/api.w.org\/{rel}","templated":true}]}}