{"id":89575,"date":"2025-01-10T16:39:29","date_gmt":"2025-01-10T15:39:29","guid":{"rendered":"https:\/\/cooltra.com\/?page_id=89575"},"modified":"2025-05-27T11:48:04","modified_gmt":"2025-05-27T10:48:04","slug":"assistenza-renting","status":"publish","type":"page","link":"https:\/\/cooltra.com\/it\/assistenza-renting\/","title":{"rendered":"Assistenza scooters Short &#038; Long Term (NO SHARING)"},"content":{"rendered":"","protected":false},"excerpt":{"rendered":"","protected":false},"author":47,"featured_media":0,"parent":0,"menu_order":0,"comment_status":"closed","ping_status":"closed","template":"page-renting-contact.php","meta":{"inline_featured_image":false},"yoast_head":"<!-- This site is optimized with the Yoast SEO plugin v20.10 - https:\/\/yoast.com\/wordpress\/plugins\/seo\/ -->\n<title>Assistenza scooters Short &amp; Long Term (NO SHARING) - Cooltra<\/title>\n<meta name=\"description\" content=\"Scopri la nostra assistenza completa per i servizi di noleggio: supporto personalizzato 24\/7, risoluzione rapida dei problemi e assistenza per manutenzione, guasti e pratiche amministrative. La tua tranquillit\u00e0 \u00e8 la nostra priorit\u00e0!\" \/>\n<meta name=\"robots\" content=\"index, follow, max-snippet:-1, max-image-preview:large, max-video-preview:-1\" \/>\n<link rel=\"canonical\" href=\"https:\/\/cooltra.com\/it\/assistenza-renting\/\" \/>\n<meta property=\"og:locale\" content=\"it_IT\" \/>\n<meta property=\"og:type\" content=\"article\" \/>\n<meta property=\"og:title\" content=\"Assistenza scooters Short &amp; Long Term (NO SHARING) - Cooltra\" \/>\n<meta property=\"og:description\" content=\"Scopri la nostra assistenza completa per i servizi di noleggio: supporto personalizzato 24\/7, risoluzione rapida dei problemi e assistenza per manutenzione, guasti e pratiche amministrative. La tua tranquillit\u00e0 \u00e8 la nostra priorit\u00e0!\" \/>\n<meta property=\"og:url\" content=\"https:\/\/cooltra.com\/it\/assistenza-renting\/\" \/>\n<meta property=\"og:site_name\" content=\"Cooltra\" \/>\n<meta property=\"article:publisher\" content=\"https:\/\/www.facebook.com\/CooltraMotos\/\" \/>\n<meta property=\"article:modified_time\" content=\"2025-05-27T10:48:04+00:00\" \/>\n<meta property=\"og:image\" content=\"https:\/\/cdn.cooltra.com\/uploads\/2018\/04\/cooltra-alquiler-de-motos-y-scooter-de-gasolina-y-electricas.png\" \/>\n\t<meta property=\"og:image:width\" content=\"2000\" \/>\n\t<meta property=\"og:image:height\" content=\"510\" \/>\n\t<meta property=\"og:image:type\" content=\"image\/png\" \/>\n<meta name=\"twitter:card\" content=\"summary_large_image\" \/>\n<meta name=\"twitter:site\" content=\"@cooltra\" \/>\n<script type=\"application\/ld+json\" class=\"yoast-schema-graph\">{\"@context\":\"https:\/\/schema.org\",\"@graph\":[{\"@type\":\"WebPage\",\"@id\":\"https:\/\/cooltra.com\/it\/assistenza-renting\/\",\"url\":\"https:\/\/cooltra.com\/it\/assistenza-renting\/\",\"name\":\"Assistenza scooters Short & Long Term (NO SHARING) - Cooltra\",\"isPartOf\":{\"@id\":\"https:\/\/cooltra.com\/it\/#website\"},\"datePublished\":\"2025-01-10T15:39:29+00:00\",\"dateModified\":\"2025-05-27T10:48:04+00:00\",\"description\":\"Scopri la nostra assistenza completa per i servizi di noleggio: supporto personalizzato 24\/7, risoluzione rapida dei problemi e assistenza per manutenzione, guasti e pratiche amministrative. La tua tranquillit\u00e0 \u00e8 la nostra priorit\u00e0!\",\"inLanguage\":\"it-IT\",\"potentialAction\":[{\"@type\":\"ReadAction\",\"target\":[\"https:\/\/cooltra.com\/it\/assistenza-renting\/\"]}]},{\"@type\":\"WebSite\",\"@id\":\"https:\/\/cooltra.com\/it\/#website\",\"url\":\"https:\/\/cooltra.com\/it\/\",\"name\":\"Cooltra\",\"description\":\"Alquiler de motos y scooters de gasolina y el\u00e9ctricas\",\"publisher\":{\"@id\":\"https:\/\/cooltra.com\/it\/#organization\"},\"potentialAction\":[{\"@type\":\"SearchAction\",\"target\":{\"@type\":\"EntryPoint\",\"urlTemplate\":\"https:\/\/cooltra.com\/it\/?s={search_term_string}\"},\"query-input\":\"required name=search_term_string\"}],\"inLanguage\":\"it-IT\"},{\"@type\":\"Organization\",\"@id\":\"https:\/\/cooltra.com\/it\/#organization\",\"name\":\"Cooltra\",\"url\":\"https:\/\/cooltra.com\/it\/\",\"logo\":{\"@type\":\"ImageObject\",\"inLanguage\":\"it-IT\",\"@id\":\"https:\/\/cooltra.com\/it\/#\/schema\/logo\/image\/\",\"url\":\"https:\/\/cdn.cooltra.com\/uploads\/2022\/11\/Cooltra_Logo_A.png\",\"contentUrl\":\"https:\/\/cdn.cooltra.com\/uploads\/2022\/11\/Cooltra_Logo_A.png\",\"width\":300,\"height\":298,\"caption\":\"Cooltra\"},\"image\":{\"@id\":\"https:\/\/cooltra.com\/it\/#\/schema\/logo\/image\/\"},\"sameAs\":[\"https:\/\/www.facebook.com\/CooltraMotos\/\",\"https:\/\/twitter.com\/cooltra\",\"https:\/\/www.instagram.com\/cooltra_motos\/\"]}]}<\/script>\n<!-- \/ Yoast SEO plugin. -->","yoast_head_json":{"title":"Assistenza scooters Short & Long Term (NO SHARING) - Cooltra","description":"Scopri la nostra assistenza completa per i servizi di noleggio: supporto personalizzato 24\/7, risoluzione rapida dei problemi e assistenza per manutenzione, guasti e pratiche amministrative. La tua tranquillit\u00e0 \u00e8 la nostra priorit\u00e0!","robots":{"index":"index","follow":"follow","max-snippet":"max-snippet:-1","max-image-preview":"max-image-preview:large","max-video-preview":"max-video-preview:-1"},"canonical":"https:\/\/cooltra.com\/it\/assistenza-renting\/","og_locale":"it_IT","og_type":"article","og_title":"Assistenza scooters Short & Long Term (NO SHARING) - Cooltra","og_description":"Scopri la nostra assistenza completa per i servizi di noleggio: supporto personalizzato 24\/7, risoluzione rapida dei problemi e assistenza per manutenzione, guasti e pratiche amministrative. La tua tranquillit\u00e0 \u00e8 la nostra priorit\u00e0!","og_url":"https:\/\/cooltra.com\/it\/assistenza-renting\/","og_site_name":"Cooltra","article_publisher":"https:\/\/www.facebook.com\/CooltraMotos\/","article_modified_time":"2025-05-27T10:48:04+00:00","og_image":[{"width":2000,"height":510,"url":"https:\/\/cdn.cooltra.com\/uploads\/2018\/04\/cooltra-alquiler-de-motos-y-scooter-de-gasolina-y-electricas.png","type":"image\/png"}],"twitter_card":"summary_large_image","twitter_site":"@cooltra","schema":{"@context":"https:\/\/schema.org","@graph":[{"@type":"WebPage","@id":"https:\/\/cooltra.com\/it\/assistenza-renting\/","url":"https:\/\/cooltra.com\/it\/assistenza-renting\/","name":"Assistenza scooters Short & Long Term (NO SHARING) - Cooltra","isPartOf":{"@id":"https:\/\/cooltra.com\/it\/#website"},"datePublished":"2025-01-10T15:39:29+00:00","dateModified":"2025-05-27T10:48:04+00:00","description":"Scopri la nostra assistenza completa per i servizi di noleggio: supporto personalizzato 24\/7, risoluzione rapida dei problemi e assistenza per manutenzione, guasti e pratiche amministrative. La tua tranquillit\u00e0 \u00e8 la nostra priorit\u00e0!","inLanguage":"it-IT","potentialAction":[{"@type":"ReadAction","target":["https:\/\/cooltra.com\/it\/assistenza-renting\/"]}]},{"@type":"WebSite","@id":"https:\/\/cooltra.com\/it\/#website","url":"https:\/\/cooltra.com\/it\/","name":"Cooltra","description":"Alquiler de motos y scooters de gasolina y el\u00e9ctricas","publisher":{"@id":"https:\/\/cooltra.com\/it\/#organization"},"potentialAction":[{"@type":"SearchAction","target":{"@type":"EntryPoint","urlTemplate":"https:\/\/cooltra.com\/it\/?s={search_term_string}"},"query-input":"required name=search_term_string"}],"inLanguage":"it-IT"},{"@type":"Organization","@id":"https:\/\/cooltra.com\/it\/#organization","name":"Cooltra","url":"https:\/\/cooltra.com\/it\/","logo":{"@type":"ImageObject","inLanguage":"it-IT","@id":"https:\/\/cooltra.com\/it\/#\/schema\/logo\/image\/","url":"https:\/\/cdn.cooltra.com\/uploads\/2022\/11\/Cooltra_Logo_A.png","contentUrl":"https:\/\/cdn.cooltra.com\/uploads\/2022\/11\/Cooltra_Logo_A.png","width":300,"height":298,"caption":"Cooltra"},"image":{"@id":"https:\/\/cooltra.com\/it\/#\/schema\/logo\/image\/"},"sameAs":["https:\/\/www.facebook.com\/CooltraMotos\/","https:\/\/twitter.com\/cooltra","https:\/\/www.instagram.com\/cooltra_motos\/"]}]}},"_links":{"self":[{"href":"https:\/\/cooltra.com\/it\/wp-json\/wp\/v2\/pages\/89575"}],"collection":[{"href":"https:\/\/cooltra.com\/it\/wp-json\/wp\/v2\/pages"}],"about":[{"href":"https:\/\/cooltra.com\/it\/wp-json\/wp\/v2\/types\/page"}],"author":[{"embeddable":true,"href":"https:\/\/cooltra.com\/it\/wp-json\/wp\/v2\/users\/47"}],"replies":[{"embeddable":true,"href":"https:\/\/cooltra.com\/it\/wp-json\/wp\/v2\/comments?post=89575"}],"version-history":[{"count":10,"href":"https:\/\/cooltra.com\/it\/wp-json\/wp\/v2\/pages\/89575\/revisions"}],"predecessor-version":[{"id":90539,"href":"https:\/\/cooltra.com\/it\/wp-json\/wp\/v2\/pages\/89575\/revisions\/90539"}],"wp:attachment":[{"href":"https:\/\/cooltra.com\/it\/wp-json\/wp\/v2\/media?parent=89575"}],"curies":[{"name":"wp","href":"https:\/\/api.w.org\/{rel}","templated":true}]}}