{"id":8342,"date":"2018-06-13T07:57:23","date_gmt":"2018-06-13T06:57:23","guid":{"rendered":"https:\/\/frankie.cooltra.com\/alquiler-por-meses-2\/"},"modified":"2018-10-19T12:43:52","modified_gmt":"2018-10-19T11:43:52","slug":"noleggio-scooter-aziende","status":"publish","type":"page","link":"https:\/\/cooltra.com\/it\/noleggio-scooter-aziende\/","title":{"rendered":"Renting per le aziende"},"content":{"rendered":"<h1 style=\"text-align: center;\"><strong>NOLEGGIO SCOOTER PER LE IMPRESE<\/strong><\/h1>\n<p>Hai bisogno di uno scooter per la tua azienda?<strong> Usufruisci del nostro servizio di noleggio per le aziende.<\/strong><\/p>\n<p><strong>\u00a0<\/strong><\/p>\n<p>Se sei un lavoratore autonomo, una piccola o media impresa o una grande azienda, Cooltra offre servizi di noleggio scooter per le imprese.<\/p>\n<p>\u00a0<\/p>\n<p>Sappiamo perfettamente quanto sia importante fare affidamento su una flotta efficiente per la crescita dell&#8217;impresa e la soddisfazione dei clienti. Per questo motivo abbiamo sviluppato due tipologie di soluzioni di mobilit\u00e0 a lungo termine: noleggio flessibile e noleggio fisso. In questo modo dovrai solo preoccuparti di fornire il miglior servizio.<\/p>\n<p>\u00a0<\/p>\n<p>Cooltra gestisce una flotta di oltre 4.000 ciclomotori che prestano servizi di food delivery, corriere, assicurazione e manutenzione, tra i tanti diversi settori. Ogni azienda, in base al tipo di attivit\u00e0, chilometraggio, clima locale e altri fattori, preferisce diverse tipologie di scooter e contratto. Con oltre 12 anni di esperienza sul mercato, ci definiamo un&#8217;azienda leader in Europa nelle soluzioni di mobilit\u00e0 su due ruote.<\/p>\n<p>\t\t\t\t\t\t\t\t\t\t<img decoding=\"async\" loading=\"lazy\" width=\"768\" height=\"512\" src=\"\" alt=\"\" srcset=\" 768w, https:\/\/cdn.cooltra.com\/uploads\/2018\/07\/LT-montornes-web_JGA6818-300x200.jpg 300w, https:\/\/cdn.cooltra.com\/uploads\/2018\/07\/LT-montornes-web_JGA6818-1024x683.jpg 1024w, https:\/\/cdn.cooltra.com\/uploads\/2018\/07\/LT-montornes-web_JGA6818-1240x827.jpg 1240w, https:\/\/cdn.cooltra.com\/uploads\/2018\/07\/LT-montornes-web_JGA6818-370x247.jpg 370w, https:\/\/cdn.cooltra.com\/uploads\/2018\/07\/LT-montornes-web_JGA6818-40x27.jpg 40w\" sizes=\"(max-width: 768px) 100vw, 768px\" \/>\t\t\t\t\t\t\t\t\t\t\t<\/p>\n<p><a style=\"width: 100%; padding: 10px 10px 15px 35px;\" href=\"https:\/\/corporate.cooltra.com\/it\/noleggio-scooter-per-aziende\/renting\/\" target=\"_blank\" rel=\"noopener\">Noleggio aziende<\/a><\/p>\n<p><a style=\"width: 100%; padding: 10px 10px 15px 25px; float: right;\" href=\"https:\/\/corporate.cooltra.com\/it\/noleggio-scooter-per-aziende\/flotta-forze-dellordine\/\" target=\"_blank\" rel=\"noopener\">Flotta di polizia<\/a>\t\t<\/p>\n<h5>COSA \u00c8 INCLUSO NEL PREZZO?<\/h5>\n<p>\t\t\t\t\t\t\t\t\t\t<img decoding=\"async\" loading=\"lazy\" width=\"300\" height=\"300\" src=\"\" alt=\"\" srcset=\" 300w, https:\/\/cdn.cooltra.com\/uploads\/2018\/06\/Seguro-a-todo-riesgo-150x150.png 150w, https:\/\/cdn.cooltra.com\/uploads\/2018\/06\/Seguro-a-todo-riesgo-370x370.png 370w, https:\/\/cdn.cooltra.com\/uploads\/2018\/06\/Seguro-a-todo-riesgo-40x40.png 40w, https:\/\/cdn.cooltra.com\/uploads\/2018\/06\/Seguro-a-todo-riesgo.png 512w\" sizes=\"(max-width: 300px) 100vw, 300px\" \/>\t\t\t\t\t\t\t\t\t\t\t<\/p>\n<p>Assicurazione con franchigia<\/p>\n<p>\t\t\t\t\t\t\t\t\t\t<img decoding=\"async\" loading=\"lazy\" width=\"150\" height=\"150\" src=\"\" alt=\"\" srcset=\" 150w, https:\/\/cdn.cooltra.com\/uploads\/2018\/06\/Revisiones-Mnatenimiento-300x300.png 300w, https:\/\/cdn.cooltra.com\/uploads\/2018\/06\/Revisiones-Mnatenimiento-370x370.png 370w, https:\/\/cdn.cooltra.com\/uploads\/2018\/06\/Revisiones-Mnatenimiento-40x40.png 40w, https:\/\/cdn.cooltra.com\/uploads\/2018\/06\/Revisiones-Mnatenimiento.png 512w\" sizes=\"(max-width: 150px) 100vw, 150px\" \/>\t\t\t\t\t\t\t\t\t\t\t<\/p>\n<p>Revisioni e manutenzione<\/p>\n<p>\t\t\t\t\t\t\t\t\t\t<img decoding=\"async\" loading=\"lazy\" width=\"150\" height=\"150\" src=\"\" alt=\"\" srcset=\" 150w, https:\/\/cdn.cooltra.com\/uploads\/2018\/06\/Asistencia-en-carretera-300x300.png 300w, https:\/\/cdn.cooltra.com\/uploads\/2018\/06\/Asistencia-en-carretera-370x370.png 370w, https:\/\/cdn.cooltra.com\/uploads\/2018\/06\/Asistencia-en-carretera-40x40.png 40w, https:\/\/cdn.cooltra.com\/uploads\/2018\/06\/Asistencia-en-carretera.png 512w\" sizes=\"(max-width: 150px) 100vw, 150px\" \/>\t\t\t\t\t\t\t\t\t\t\t<\/p>\n<p>Assistenza stradale<\/p>\n<p>\t\t\t\t\t\t\t\t\t\t<img decoding=\"async\" loading=\"lazy\" width=\"150\" height=\"150\" src=\"\" alt=\"\" srcset=\" 150w, https:\/\/cdn.cooltra.com\/uploads\/2018\/06\/Casco-300x300.png 300w, https:\/\/cdn.cooltra.com\/uploads\/2018\/06\/Casco-370x370.png 370w, https:\/\/cdn.cooltra.com\/uploads\/2018\/06\/Casco-40x40.png 40w, https:\/\/cdn.cooltra.com\/uploads\/2018\/06\/Casco.png 512w\" sizes=\"(max-width: 150px) 100vw, 150px\" \/>\t\t\t\t\t\t\t\t\t\t\t<\/p>\n<p>Casco<\/p>\n<p>\t\t\t\t\t\t\t\t\t\t<img decoding=\"async\" loading=\"lazy\" width=\"40\" height=\"40\" src=\"\" alt=\"\" srcset=\" 40w, https:\/\/cdn.cooltra.com\/uploads\/2018\/06\/electric-150x150.png 150w, https:\/\/cdn.cooltra.com\/uploads\/2018\/06\/electric-300x300.png 300w, https:\/\/cdn.cooltra.com\/uploads\/2018\/06\/electric-370x370.png 370w, https:\/\/cdn.cooltra.com\/uploads\/2018\/06\/electric.png 512w\" sizes=\"(max-width: 40px) 100vw, 40px\" \/>\t\t\t\t\t\t\t\t\t\t\t<\/p>\n<p>Scooter elettrici<\/p>\n<h2>LA NOSTRA FLOTTA<\/h2>\n<p>Abbiamo accordi con i principali produttori di ciclomotori a benzina come Peugeot, Yamaha e Honda e i produttori di ciclomotori elettrici come Govecs, Scutum, BMW, Zero e Askoll. Cooltra favorisce la promozione della mobilit\u00e0 sostenibile. Ecco perch\u00e9 sempre pi\u00f9 grandi imprese ed enti pubblici puntano sui veicoli elettrici per ridurre il livello d&#8217;inquinamento nelle citt\u00e0.<\/p>\n<figure><img decoding=\"async\" src=\"\" alt=\"Askoll eS 2 \/ 3, 125cc\" \/><figcaption>Askoll eS 2 \/ 3, 125cc<\/figcaption><\/figure>\n<figure><img decoding=\"async\" src=\"\" alt=\"BMW c-evolution 8kW 125cc o 300cc\" \/><figcaption>BMW c-evolution 8kW 125cc o 300cc<\/figcaption><\/figure>\n<figure><img decoding=\"async\" src=\"\" alt=\"Silence S02 50cc o 125cc\" \/><figcaption>Silence S02 50cc o 125cc<\/figcaption><\/figure>\n<figure><img decoding=\"async\" src=\"\" alt=\"Alquiler moto Govecs Go\" \/><figcaption>Govecs S 3.4<\/figcaption><\/figure>\n<figure><img decoding=\"async\" src=\"\" alt=\"Kymco AK 550\" \/><figcaption>Kymco AK 550<\/figcaption><\/figure>\n<figure><img decoding=\"async\" src=\"\" alt=\"Kymco Superdink 125cc ABS\" \/><figcaption>Kymco Superdink 125cc ABS<\/figcaption><\/figure>\n<figure><img decoding=\"async\" src=\"\" alt=\"Sym Joymax 300cc\" \/><figcaption>Sym Joymax 300cc<\/figcaption><\/figure>\n<figure><img decoding=\"async\" src=\"\" alt=\"Sym Jet 14 125cc\" \/><figcaption>Sym Jet 14 125cc<\/figcaption><\/figure>\n<figure><img decoding=\"async\" src=\"\" alt=\"Kymco Xciting 400cc\" \/><figcaption>Kymco Xciting 400cc<\/figcaption><\/figure>\n<figure><img decoding=\"async\" src=\"\" alt=\"Pegeuot Belville 125cc\" \/><figcaption>Pegeuot Belville 125cc<\/figcaption><\/figure>\n<figure><img decoding=\"async\" src=\"\" alt=\"Peugeot Tweet Evo 50cc o 125cc\" \/><figcaption>Peugeot Tweet Evo 50cc o 125cc<\/figcaption><\/figure>\n<figure><img decoding=\"async\" src=\"\" alt=\"Yamaha X-Max 125cc o 300cc ABS\" \/><figcaption>Yamaha X-Max 125cc o 300cc ABS<\/figcaption><\/figure>\n<figure><img decoding=\"async\" src=\"\" alt=\"ZERO S y DS 125cc o 400cc\" \/><figcaption>ZERO S y DS 125cc o 400cc<\/figcaption><\/figure>\n<figure><img decoding=\"async\" src=\"\" alt=\"Peugeot Metropolis 400cc\" \/><figcaption>Peugeot Metropolis<\/figcaption><\/figure>\n<figure><img decoding=\"async\" src=\"\" alt=\"YAMAHA Tricity 125cc\" \/><figcaption>YAMAHA Tricity 125cc<\/figcaption><\/figure>\n","protected":false},"excerpt":{"rendered":"<p>NOLEGGIO SCOOTER PER LE IMPRESE Hai bisogno di uno scooter per la tua azienda? Usufruisci del nostro servizio di noleggio per le aziende. \u00a0 Se sei un lavoratore autonomo, una piccola o media impresa o una grande azienda, Cooltra offre servizi di noleggio scooter per le imprese. \u00a0 Sappiamo perfettamente quanto sia importante fare affidamento [&hellip;]<\/p>\n","protected":false},"author":1,"featured_media":0,"parent":0,"menu_order":0,"comment_status":"closed","ping_status":"closed","template":"","meta":{"inline_featured_image":false},"yoast_head":"<!-- This site is optimized with the Yoast SEO plugin v20.10 - https:\/\/yoast.com\/wordpress\/plugins\/seo\/ -->\n<title>Noleggio scooter per le aziende | Cooltra.com<\/title>\n<meta name=\"description\" content=\"\u00bfNecesitas una moto para tu empresa? Contrata nuestro servicio de renting. En Cooltra ofrecemos el servicio de renting de motos para empresas. tambi\u00e9n hemos pensado en ti.\" \/>\n<meta name=\"robots\" content=\"index, follow, max-snippet:-1, max-image-preview:large, max-video-preview:-1\" \/>\n<link rel=\"canonical\" href=\"https:\/\/cooltra.com\/it\/noleggio-scooter-aziende\/\" \/>\n<meta property=\"og:locale\" content=\"it_IT\" \/>\n<meta property=\"og:type\" content=\"article\" \/>\n<meta property=\"og:title\" content=\"Noleggio scooter per le aziende | Cooltra.com\" \/>\n<meta property=\"og:description\" content=\"\u00bfNecesitas una moto para tu empresa? Contrata nuestro servicio de renting. En Cooltra ofrecemos el servicio de renting de motos para empresas. tambi\u00e9n hemos pensado en ti.\" \/>\n<meta property=\"og:url\" content=\"https:\/\/cooltra.com\/it\/noleggio-scooter-aziende\/\" \/>\n<meta property=\"og:site_name\" content=\"Cooltra\" \/>\n<meta property=\"article:publisher\" content=\"https:\/\/www.facebook.com\/CooltraMotos\/\" \/>\n<meta property=\"article:modified_time\" content=\"2018-10-19T11:43:52+00:00\" \/>\n<meta property=\"og:image\" content=\"https:\/\/cdn.cooltra.com\/uploads\/2018\/04\/cooltra-alquiler-de-motos-y-scooter-de-gasolina-y-electricas.png\" \/>\n\t<meta property=\"og:image:width\" content=\"2000\" \/>\n\t<meta property=\"og:image:height\" content=\"510\" \/>\n\t<meta property=\"og:image:type\" content=\"image\/png\" \/>\n<meta name=\"twitter:card\" content=\"summary_large_image\" \/>\n<meta name=\"twitter:site\" content=\"@cooltra\" \/>\n<meta name=\"twitter:label1\" content=\"Tempo di lettura stimato\" \/>\n\t<meta name=\"twitter:data1\" content=\"1 minuto\" \/>\n<script type=\"application\/ld+json\" class=\"yoast-schema-graph\">{\"@context\":\"https:\/\/schema.org\",\"@graph\":[{\"@type\":\"WebPage\",\"@id\":\"https:\/\/cooltra.com\/it\/noleggio-scooter-aziende\/\",\"url\":\"https:\/\/cooltra.com\/it\/noleggio-scooter-aziende\/\",\"name\":\"Noleggio scooter per le aziende | Cooltra.com\",\"isPartOf\":{\"@id\":\"https:\/\/cooltra.com\/it\/#website\"},\"datePublished\":\"2018-06-13T06:57:23+00:00\",\"dateModified\":\"2018-10-19T11:43:52+00:00\",\"description\":\"\u00bfNecesitas una moto para tu empresa? Contrata nuestro servicio de renting. En Cooltra ofrecemos el servicio de renting de motos para empresas. tambi\u00e9n hemos pensado en ti.\",\"inLanguage\":\"it-IT\",\"potentialAction\":[{\"@type\":\"ReadAction\",\"target\":[\"https:\/\/cooltra.com\/it\/noleggio-scooter-aziende\/\"]}]},{\"@type\":\"WebSite\",\"@id\":\"https:\/\/cooltra.com\/it\/#website\",\"url\":\"https:\/\/cooltra.com\/it\/\",\"name\":\"Cooltra\",\"description\":\"Alquiler de motos y scooters de gasolina y el\u00e9ctricas\",\"publisher\":{\"@id\":\"https:\/\/cooltra.com\/it\/#organization\"},\"potentialAction\":[{\"@type\":\"SearchAction\",\"target\":{\"@type\":\"EntryPoint\",\"urlTemplate\":\"https:\/\/cooltra.com\/it\/?s={search_term_string}\"},\"query-input\":\"required name=search_term_string\"}],\"inLanguage\":\"it-IT\"},{\"@type\":\"Organization\",\"@id\":\"https:\/\/cooltra.com\/it\/#organization\",\"name\":\"Cooltra\",\"url\":\"https:\/\/cooltra.com\/it\/\",\"logo\":{\"@type\":\"ImageObject\",\"inLanguage\":\"it-IT\",\"@id\":\"https:\/\/cooltra.com\/it\/#\/schema\/logo\/image\/\",\"url\":\"https:\/\/cdn.cooltra.com\/uploads\/2022\/11\/Cooltra_Logo_A.png\",\"contentUrl\":\"https:\/\/cdn.cooltra.com\/uploads\/2022\/11\/Cooltra_Logo_A.png\",\"width\":300,\"height\":298,\"caption\":\"Cooltra\"},\"image\":{\"@id\":\"https:\/\/cooltra.com\/it\/#\/schema\/logo\/image\/\"},\"sameAs\":[\"https:\/\/www.facebook.com\/CooltraMotos\/\",\"https:\/\/twitter.com\/cooltra\",\"https:\/\/www.instagram.com\/cooltra_motos\/\"]}]}<\/script>\n<!-- \/ Yoast SEO plugin. -->","yoast_head_json":{"title":"Noleggio scooter per le aziende | Cooltra.com","description":"\u00bfNecesitas una moto para tu empresa? Contrata nuestro servicio de renting. En Cooltra ofrecemos el servicio de renting de motos para empresas. tambi\u00e9n hemos pensado en ti.","robots":{"index":"index","follow":"follow","max-snippet":"max-snippet:-1","max-image-preview":"max-image-preview:large","max-video-preview":"max-video-preview:-1"},"canonical":"https:\/\/cooltra.com\/it\/noleggio-scooter-aziende\/","og_locale":"it_IT","og_type":"article","og_title":"Noleggio scooter per le aziende | Cooltra.com","og_description":"\u00bfNecesitas una moto para tu empresa? Contrata nuestro servicio de renting. En Cooltra ofrecemos el servicio de renting de motos para empresas. tambi\u00e9n hemos pensado en ti.","og_url":"https:\/\/cooltra.com\/it\/noleggio-scooter-aziende\/","og_site_name":"Cooltra","article_publisher":"https:\/\/www.facebook.com\/CooltraMotos\/","article_modified_time":"2018-10-19T11:43:52+00:00","og_image":[{"width":2000,"height":510,"url":"https:\/\/cdn.cooltra.com\/uploads\/2018\/04\/cooltra-alquiler-de-motos-y-scooter-de-gasolina-y-electricas.png","type":"image\/png"}],"twitter_card":"summary_large_image","twitter_site":"@cooltra","twitter_misc":{"Tempo di lettura stimato":"1 minuto"},"schema":{"@context":"https:\/\/schema.org","@graph":[{"@type":"WebPage","@id":"https:\/\/cooltra.com\/it\/noleggio-scooter-aziende\/","url":"https:\/\/cooltra.com\/it\/noleggio-scooter-aziende\/","name":"Noleggio scooter per le aziende | Cooltra.com","isPartOf":{"@id":"https:\/\/cooltra.com\/it\/#website"},"datePublished":"2018-06-13T06:57:23+00:00","dateModified":"2018-10-19T11:43:52+00:00","description":"\u00bfNecesitas una moto para tu empresa? Contrata nuestro servicio de renting. En Cooltra ofrecemos el servicio de renting de motos para empresas. tambi\u00e9n hemos pensado en ti.","inLanguage":"it-IT","potentialAction":[{"@type":"ReadAction","target":["https:\/\/cooltra.com\/it\/noleggio-scooter-aziende\/"]}]},{"@type":"WebSite","@id":"https:\/\/cooltra.com\/it\/#website","url":"https:\/\/cooltra.com\/it\/","name":"Cooltra","description":"Alquiler de motos y scooters de gasolina y el\u00e9ctricas","publisher":{"@id":"https:\/\/cooltra.com\/it\/#organization"},"potentialAction":[{"@type":"SearchAction","target":{"@type":"EntryPoint","urlTemplate":"https:\/\/cooltra.com\/it\/?s={search_term_string}"},"query-input":"required name=search_term_string"}],"inLanguage":"it-IT"},{"@type":"Organization","@id":"https:\/\/cooltra.com\/it\/#organization","name":"Cooltra","url":"https:\/\/cooltra.com\/it\/","logo":{"@type":"ImageObject","inLanguage":"it-IT","@id":"https:\/\/cooltra.com\/it\/#\/schema\/logo\/image\/","url":"https:\/\/cdn.cooltra.com\/uploads\/2022\/11\/Cooltra_Logo_A.png","contentUrl":"https:\/\/cdn.cooltra.com\/uploads\/2022\/11\/Cooltra_Logo_A.png","width":300,"height":298,"caption":"Cooltra"},"image":{"@id":"https:\/\/cooltra.com\/it\/#\/schema\/logo\/image\/"},"sameAs":["https:\/\/www.facebook.com\/CooltraMotos\/","https:\/\/twitter.com\/cooltra","https:\/\/www.instagram.com\/cooltra_motos\/"]}]}},"_links":{"self":[{"href":"https:\/\/cooltra.com\/it\/wp-json\/wp\/v2\/pages\/8342"}],"collection":[{"href":"https:\/\/cooltra.com\/it\/wp-json\/wp\/v2\/pages"}],"about":[{"href":"https:\/\/cooltra.com\/it\/wp-json\/wp\/v2\/types\/page"}],"author":[{"embeddable":true,"href":"https:\/\/cooltra.com\/it\/wp-json\/wp\/v2\/users\/1"}],"replies":[{"embeddable":true,"href":"https:\/\/cooltra.com\/it\/wp-json\/wp\/v2\/comments?post=8342"}],"version-history":[{"count":49,"href":"https:\/\/cooltra.com\/it\/wp-json\/wp\/v2\/pages\/8342\/revisions"}],"predecessor-version":[{"id":13056,"href":"https:\/\/cooltra.com\/it\/wp-json\/wp\/v2\/pages\/8342\/revisions\/13056"}],"wp:attachment":[{"href":"https:\/\/cooltra.com\/it\/wp-json\/wp\/v2\/media?parent=8342"}],"curies":[{"name":"wp","href":"https:\/\/api.w.org\/{rel}","templated":true}]}}