{"id":36421,"date":"2021-05-25T16:01:23","date_gmt":"2021-05-25T15:01:23","guid":{"rendered":"https:\/\/cooltra.com\/?page_id=36421"},"modified":"2021-05-25T16:01:23","modified_gmt":"2021-05-25T15:01:23","slug":"cookie-policy","status":"publish","type":"page","link":"https:\/\/cooltra.com\/it\/cookie-policy\/","title":{"rendered":"Cookie policy"},"content":{"rendered":"<p><strong>ANTECENDENTI<\/strong><\/p>\n<p>In conformit\u00e0 con la normativa spagnola che regola l\u2019uso dei cookies in relazione alla prestazione dei servizi di comunicazione elettronici, raccolti nel Decreto Reale 13\/2012 del 30 marzo, la informiamo sui cookies utilizzati nel sito web di <strong>COOLTRA MOTOS, S.L<\/strong> (anche detto il prestatore) e il motivo del suo uso. Inoltre, la informiamo che nel continuare a navigare nel sito sta prestando il suo consenso per poterli utilizzare.<\/p>\n<p><strong>COSA SONO I COOKIES?<\/strong><\/p>\n<p>Un cookie \u00e8 un file che si scarica nel proprio computer nell\u2019accedere a determinate pagine web. I cookies permettono a una pagina web, tra le altre cose, di immagazzinare e recuperare informazione su tutte le abitudini di navigazione di un utente o del suo computer e, dipendendo dall\u2019informazione che contengono e dalla forma nella quale utilizza il suo computer, possono essere utilizzati per riconoscere l\u2019utente. I cookies si associano unicamente a un usuario anonimo e il suo computer o dispositivo, e non danno riferimenti che permettono di conoscere i suoi dati personali.<\/p>\n<p><strong><em>COOKIES <\/em><\/strong><strong>INTERESSATI DAI REGOLAMENTI E <em>COOKIES <\/em>ESENTI<\/strong><\/p>\n<p>Secondo la direttiva della UE, i <em>cookies <\/em>che richiedono il consenso informato da parte dell\u2019utente sono i <em>cookies <\/em>di analitica e quelli di pubblicit\u00e0 e affiliazione, rimanendo esenti quelli di carattere tecnico e quelli necessari per il funzionamento del sito web o la prestazione dei servizi espressamente richiesti dall\u2019utente.<\/p>\n<p><strong>TIPI DI COOKIES<\/strong><\/p>\n<ol>\n<li>a) Secondo l\u2019<strong>entit\u00e0<\/strong> che la gestisce, ci sono <strong>cookies propri<\/strong>, (quelli che vengono inviati al dispositivo dell\u2019utente da un terminale o dominio gestito dal proprio editor e dal quale si presta il servizio sollecitato dall\u2019utente) e <strong>di terzi<\/strong> (quelli che si inviano al dispositivo dell\u2019utente da un terminale o dominio che non \u00e8 gestito dall\u2019editor, ma da un\u2019altra entit\u00e0 che tratta i dati ottenuti tramite i cookies).<\/li>\n<\/ol>\n<ol>\n<li>b) Secondo il <strong>tempo<\/strong> che rimangono attivi, esistono quelli di <strong>sessione <\/strong>(disegnati per immagazzinare dati mentre l\u2019utente accede a una pagina web) e i <strong>persistenti <\/strong>(nei quali i dati si immagazzinano nel terminal e possono essere visionati e trattati durante un periodo definito dal responsabile del cookie. Pu\u00f2 durare da alcuni minuti a vari anni).<\/li>\n<\/ol>\n<ol>\n<li>c) Secondo la <strong>finalit\u00e0 <\/strong>per la quale \u00e8 trattata l\u2019informazione che raccolgono, possono essere:<\/li>\n<\/ol>\n<p>&#8211; <strong>Cookies tecnici<\/strong> (necessari per l\u2019uso del sito e la prestazione del servizio contrattato),<\/p>\n<p><strong>&#8211; Cookies di personalizzazione<\/strong> (che permettono all\u2019utente di accedere al servizio con le caratteristiche predefinite, come ad esempio la lingua, il tipo di navigazione, configurazione regionale, ecc.)<\/p>\n<p>&#8211; <strong>Cookies statistici<\/strong> (raccolgono informazioni sull\u2019uso che si fa del sito),<\/p>\n<p>&#8211; <strong>Cookies pubblicitari<\/strong> (raccolgono informazione sulle preferenze e selezioni personali degli utenti),<\/p>\n<p>&#8211; <strong>Cookies di affiliati<\/strong> (permettono di realizzare un seguimento delle visite avvenute tramite altri web, con i quali il sito stabilisce un contratto di affiliazione).<\/p>\n<p><strong>TIPI DI COOKIES UTILIZZATI DA QUESTO SITO WEB<\/strong><\/p>\n<p>I cookies utilizzati nel nostro sito web sono di sessione e di terzi, e ci permettono di immagazzinare e accedere a informazioni relative alla lingua, al tipo di navigatore utilizzato, e altre caratteristiche generali predefinite dall\u2019utente, cos\u00ec come seguire e analizzare l\u2019attivit\u00e0 che porta a termine per migliorare e dare nuovi servizi in maniera pi\u00f9 efficiente e personalizzata. I cookie usati hanno, in ogni caso, carattere temporale, con l\u2019unica finalit\u00e0 di rendere pi\u00f9 efficace la navigazione. In nessun caso questi cookies forniscono dati di carattere personale e non si usano per la raccolta degli stessi.<\/p>\n<p>L\u2019utilizzo dei cookies offrono vantaggi, come ad esempio:<\/p>\n<ul>\n<li>Facilitare all\u2019utente la navigazione e l\u2019accesso ai diversi servizi che offre questo sito web;<\/li>\n<li>Evitare all\u2019utente di dover configurare le caratteristiche generali predefinite ogni volta che accede al sito; e<\/li>\n<li>Favorisce il miglioramento del funzionamento e di servizi prestati tramite questo sito web, tramite la corrispondente analisi dell\u2019informazione ottenuta tramite i cookies installati.<\/li>\n<\/ul>\n<p>Nell\u2019accedere al nostro sito si viene informati che seguendo a navigare verranno installati diversi cookies di terzi, consentendo cos\u00ec all\u2019installazione di determinati cookies che avranno come unica finalit\u00e0 quella di registrare l\u2019accesso al nostro sito web per la realizzazione di statistiche anonime sulle visite, compilando informazioni sempre in maniera anonima. Non \u00e8 necessario accettare l\u2019installazione di questi cookies, potr\u00e0 continuare a navigare ugualmente nel nostro sito.<\/p>\n<p>In diverse sezioni del nostro web si potranno installare cookies dei social media, in concreto:<\/p>\n<ul>\n<li>Cookie di Twitter, secondo quello stabilito nella sua <a href=\"https:\/\/twitter.com\/privacy\" target=\"_blank\" rel=\"noopener\">politica di privacy e uso dei cookies<\/a>.<\/li>\n<li>Cookie di Facebook, secondo quello stabilito nella sua <a href=\"https:\/\/www.facebook.com\/help\/cookies\" target=\"_blank\" rel=\"noopener\">politica cookies<\/a>.<\/li>\n<li>Cookie di Linkedin, secondo uello stabilito nella sua pagina sull\u2019<a href=\"http:\/\/www.linkedin.com\/legal\/cookie-policy?trk=hb_ft_cookie\" target=\"_blank\" rel=\"noopener\">uso dei cookies<\/a>.<\/li>\n<li>Cookie di Google+ e Google Maps, secondo quello stabilito nella sua pagina del <a href=\"http:\/\/www.google.com\/intl\/es\/policies\/technologies\/types\/\" target=\"_blank\" rel=\"noopener\">tipo di cookies che utilizzano<\/a>.<\/li>\n<\/ul>\n<p><strong>\u00a0<\/strong><\/p>\n<table>\n<tbody>\n<tr>\n<td width=\"84\"><strong>Nome<\/strong><\/td>\n<td width=\"146\"><strong>Tipo<\/strong><\/td>\n<td width=\"133\"><strong>Scadenza<\/strong><\/td>\n<td width=\"163\"><strong>Finalit\u00e0<\/strong><\/td>\n<td width=\"69\"><strong>Classe<\/strong><\/td>\n<\/tr>\n<tr>\n<td width=\"84\"><\/td>\n<td width=\"146\"><\/td>\n<td width=\"133\"><\/td>\n<td width=\"163\"><\/td>\n<td width=\"69\"><\/td>\n<\/tr>\n<tr>\n<td width=\"84\"><\/td>\n<td width=\"146\"><\/td>\n<td width=\"133\"><\/td>\n<td width=\"163\"><\/td>\n<td width=\"69\"><\/td>\n<\/tr>\n<tr>\n<td width=\"84\"><\/td>\n<td width=\"146\"><\/td>\n<td width=\"133\"><\/td>\n<td width=\"163\"><\/td>\n<td width=\"69\"><\/td>\n<\/tr>\n<tr>\n<td width=\"84\"><\/td>\n<td width=\"146\"><\/td>\n<td width=\"133\"><\/td>\n<td width=\"163\"><\/td>\n<td width=\"69\"><\/td>\n<\/tr>\n<tr>\n<td width=\"84\"><\/td>\n<td width=\"146\"><\/td>\n<td width=\"133\"><\/td>\n<td width=\"163\"><\/td>\n<td width=\"69\"><\/td>\n<\/tr>\n<\/tbody>\n<\/table>\n<p><strong>\u00a0<\/strong><\/p>\n<p><strong>REVOCA<\/strong><\/p>\n<p>In ogni momento si potr\u00e0 accedere alla configurazione del suo navigatore accettando o rifiutando tutti i cookies, o selezionando quelli la cui installazione vogliamo accettare o no, seguendo una delle seguenti procedure, che dipendono dal navigatore che usa:<\/p>\n<p><strong>Google Chrome<\/strong>\u00a0(nel menu Strumenti):<\/p>\n<p>Configurazioni &gt; Mostrare opzioni avanzate &gt; Privacy (Configurazione del contenuto) &gt; Cookies:<\/p>\n<p><a href=\"https:\/\/support.google.com\/chrome\/answer\/95647?co=GENIE.Platform%3DDesktop&amp;hl=es\">https:\/\/support.google.com\/chrome\/answer\/95647?co=GENIE.Platform%3DDesktop&amp;hl=es<\/a><\/p>\n<p><strong>Microsoft Internet Explorer<\/strong>\u00a0(nel menu Strumenti):<\/p>\n<p>Opzioni di &gt; Privacy &gt; Avanzate:<\/p>\n<p><a href=\"https:\/\/support.microsoft.com\/es-es\/help\/17442\/windows-internet-explorer-delete-manage-cookies\">https:\/\/support.microsoft.com\/es-es\/help\/17442\/windows-internet-explorer-delete-manage-cookies<\/a><\/p>\n<p><strong>Firefox:<\/strong><br \/>\nOpzioni &gt; Privacy &gt; Cookies:<\/p>\n<p><a href=\"https:\/\/support.mozilla.org\/es\/kb\/habilitar-y-deshabilitar-cookies-sitios-web-rastrear-preferencias\">https:\/\/support.mozilla.org\/es\/kb\/habilitar-y-deshabilitar-cookies-sitios-web-rastrear-preferencias<\/a><\/p>\n<p><strong>Safari, iPad e iPhone:<\/strong><\/p>\n<p>Prefereze &gt; Privacy<\/p>\n<p><a href=\"https:\/\/support.apple.com\/kb\/ph21411?locale=es_ES\">https:\/\/support.apple.com\/kb\/ph21411?locale=es_ES<\/a><\/p>\n<p><strong>Opera:<\/strong><\/p>\n<p>Configurazione &gt; Opzioni &gt; Avanzate &gt; Cookies<\/p>\n<p><a href=\"http:\/\/help.opera.com\/Windows\/12.00\/es-ES\/cookies.html\">http:\/\/help.opera.com\/Windows\/12.00\/es-ES\/cookies.html<\/a><\/p>\n<p>Questi navigatori sono sottoposti ad aggiornamenti o modifiche, per cui non possiamo garantire che le informazioni date si adattino completamente alla versione del suo navigatore. Pu\u00f2 anche essere utilizzato un altro navigatore non contemplato in questi link come Konqueror, Arora, Flock, ecc. Per evitare questa inadattabilit\u00e0, pu\u00f2 accedere direttamente dalle opzioni del suo navigatore, generalmente nel menu \u201cOpzioni\u201d nella sezione \u201cPrivacy\u201d. (Per favore, consulti il nostro aiuto per il suo navigatore per maggiori informazioni).<\/p>\n<p><strong>DISATTIVAZIONE\/ATTIVAZIONE ED ELIMINAZIONE DEI cookies<\/strong><\/p>\n<p>Per restringere o bloccare i cookies \u00e8 necessario farlo tramite la configurazione del navigatore.<\/p>\n<p>Se non desidera che i siti web pongano cookies nel suo dispositivo, pu\u00f2 adattare la configurazione del navigatore in modo che venga inviata una notifica prima che vengano installati i cookies. Alla stessa maniera, pu\u00f2 adattare la configurazione in maniera che il navigatore rifiuti tutti i cookies, o solo i cookies di terzi. Pu\u00f2 anche eliminare qualsiasi cookie che gi\u00e0 si trovano nel dispositivo. Tenga in conto che dovr\u00e0 adattare separatamente la configurazione di ogni navigatore e dispositivo che venga utilizzato.<\/p>\n<p>Tenga in conto che se non desidera ricevere cookies, non potremo pi\u00f9 garantire che il nostro sito funzioni correttamente. Pu\u00f2 capitare che si perdano alcune funzioni del sito ed \u00e8 possibile che non si possano vedere alcuni siti web. Inoltre, rifiutare i cookies non significa che non vedr\u00e0 annunci pubblicitari. Semplicemente gli annunci non si adatteranno ai suoi interessi e si ripeteranno con pi\u00f9 frequenza.<\/p>\n<p>Ogni navigatore ha un metodo diverso per adattare la configurazione. Se fosse necessario, consulti la funzione di aiuto del navigatore per stabilire la configurazione corretta.<\/p>\n<p>Per disattivare i cookies nel telefono cellulare. Consulti il manuale del dispositivo per maggiori informazioni.<\/p>\n<p>Pu\u00f2 ottenere pi\u00f9 informazioni sui cookies su internet, <a href=\"http:\/\/www.aboutcookies.org\/\">http:\/\/www.aboutcookies.org\/<\/a>.<\/p>\n<p>Tenendo in conto la forma nella quale funziona internet e i siti web, non sempre abbiamo informazioni sui cookies delle parti terze presenti nel nostro sito. Questo si applica specialmente nei casi nei quali la nostra pagina web contiene quelli che vengono denominati elementi integrati: testi, documenti, immagini o brevi video che si immagazzinano in altre parti, ma si mostrano nel nostro sito o tramite lo stesso.<\/p>\n<p>Di conseguenza, se trova questo tipo di cookies in questo sito e non sono elencate nella lista anteriore, le consigliamo di comunicarcelo. O che si ponga in contatto direttamente con la parte terza per chiedere informazioni sui cookies che usa, la finalit\u00e0 e la durata dei cookies, e come ha garantito la sua privacy.<\/p>\n","protected":false},"excerpt":{"rendered":"<p>ANTECENDENTI In conformit\u00e0 con la normativa spagnola che regola l\u2019uso dei cookies in relazione alla prestazione dei servizi di comunicazione elettronici, raccolti nel Decreto Reale 13\/2012 del 30 marzo, la informiamo sui cookies utilizzati nel sito web di COOLTRA MOTOS, S.L (anche detto il prestatore) e il motivo del suo uso. Inoltre, la informiamo che [&hellip;]<\/p>\n","protected":false},"author":1,"featured_media":0,"parent":0,"menu_order":0,"comment_status":"closed","ping_status":"closed","template":"","meta":{"inline_featured_image":false},"yoast_head":"<!-- This site is optimized with the Yoast SEO plugin v20.10 - https:\/\/yoast.com\/wordpress\/plugins\/seo\/ -->\n<title>Cookie policy - Cooltra<\/title>\n<meta name=\"robots\" content=\"index, follow, max-snippet:-1, max-image-preview:large, max-video-preview:-1\" \/>\n<link rel=\"canonical\" href=\"https:\/\/cooltra.com\/it\/cookie-policy\/\" \/>\n<meta property=\"og:locale\" content=\"it_IT\" \/>\n<meta property=\"og:type\" content=\"article\" \/>\n<meta property=\"og:title\" content=\"Cookie policy - Cooltra\" \/>\n<meta property=\"og:description\" content=\"ANTECENDENTI In conformit\u00e0 con la normativa spagnola che regola l\u2019uso dei cookies in relazione alla prestazione dei servizi di comunicazione elettronici, raccolti nel Decreto Reale 13\/2012 del 30 marzo, la informiamo sui cookies utilizzati nel sito web di COOLTRA MOTOS, S.L (anche detto il prestatore) e il motivo del suo uso. Inoltre, la informiamo che [&hellip;]\" \/>\n<meta property=\"og:url\" content=\"https:\/\/cooltra.com\/it\/cookie-policy\/\" \/>\n<meta property=\"og:site_name\" content=\"Cooltra\" \/>\n<meta property=\"article:publisher\" content=\"https:\/\/www.facebook.com\/CooltraMotos\/\" \/>\n<meta property=\"og:image\" content=\"https:\/\/cdn.cooltra.com\/uploads\/2018\/04\/cooltra-alquiler-de-motos-y-scooter-de-gasolina-y-electricas.png\" \/>\n\t<meta property=\"og:image:width\" content=\"2000\" \/>\n\t<meta property=\"og:image:height\" content=\"510\" \/>\n\t<meta property=\"og:image:type\" content=\"image\/png\" \/>\n<meta name=\"twitter:card\" content=\"summary_large_image\" \/>\n<meta name=\"twitter:site\" content=\"@cooltra\" \/>\n<meta name=\"twitter:label1\" content=\"Tempo di lettura stimato\" \/>\n\t<meta name=\"twitter:data1\" content=\"6 minuti\" \/>\n<script type=\"application\/ld+json\" class=\"yoast-schema-graph\">{\"@context\":\"https:\/\/schema.org\",\"@graph\":[{\"@type\":\"WebPage\",\"@id\":\"https:\/\/cooltra.com\/it\/cookie-policy\/\",\"url\":\"https:\/\/cooltra.com\/it\/cookie-policy\/\",\"name\":\"Cookie policy - Cooltra\",\"isPartOf\":{\"@id\":\"https:\/\/cooltra.com\/it\/#website\"},\"datePublished\":\"2021-05-25T15:01:23+00:00\",\"dateModified\":\"2021-05-25T15:01:23+00:00\",\"inLanguage\":\"it-IT\",\"potentialAction\":[{\"@type\":\"ReadAction\",\"target\":[\"https:\/\/cooltra.com\/it\/cookie-policy\/\"]}]},{\"@type\":\"WebSite\",\"@id\":\"https:\/\/cooltra.com\/it\/#website\",\"url\":\"https:\/\/cooltra.com\/it\/\",\"name\":\"Cooltra\",\"description\":\"Alquiler de motos y scooters de gasolina y el\u00e9ctricas\",\"publisher\":{\"@id\":\"https:\/\/cooltra.com\/it\/#organization\"},\"potentialAction\":[{\"@type\":\"SearchAction\",\"target\":{\"@type\":\"EntryPoint\",\"urlTemplate\":\"https:\/\/cooltra.com\/it\/?s={search_term_string}\"},\"query-input\":\"required name=search_term_string\"}],\"inLanguage\":\"it-IT\"},{\"@type\":\"Organization\",\"@id\":\"https:\/\/cooltra.com\/it\/#organization\",\"name\":\"Cooltra\",\"url\":\"https:\/\/cooltra.com\/it\/\",\"logo\":{\"@type\":\"ImageObject\",\"inLanguage\":\"it-IT\",\"@id\":\"https:\/\/cooltra.com\/it\/#\/schema\/logo\/image\/\",\"url\":\"https:\/\/cdn.cooltra.com\/uploads\/2022\/11\/Cooltra_Logo_A.png\",\"contentUrl\":\"https:\/\/cdn.cooltra.com\/uploads\/2022\/11\/Cooltra_Logo_A.png\",\"width\":300,\"height\":298,\"caption\":\"Cooltra\"},\"image\":{\"@id\":\"https:\/\/cooltra.com\/it\/#\/schema\/logo\/image\/\"},\"sameAs\":[\"https:\/\/www.facebook.com\/CooltraMotos\/\",\"https:\/\/twitter.com\/cooltra\",\"https:\/\/www.instagram.com\/cooltra_motos\/\"]}]}<\/script>\n<!-- \/ Yoast SEO plugin. -->","yoast_head_json":{"title":"Cookie policy - Cooltra","robots":{"index":"index","follow":"follow","max-snippet":"max-snippet:-1","max-image-preview":"max-image-preview:large","max-video-preview":"max-video-preview:-1"},"canonical":"https:\/\/cooltra.com\/it\/cookie-policy\/","og_locale":"it_IT","og_type":"article","og_title":"Cookie policy - Cooltra","og_description":"ANTECENDENTI In conformit\u00e0 con la normativa spagnola che regola l\u2019uso dei cookies in relazione alla prestazione dei servizi di comunicazione elettronici, raccolti nel Decreto Reale 13\/2012 del 30 marzo, la informiamo sui cookies utilizzati nel sito web di COOLTRA MOTOS, S.L (anche detto il prestatore) e il motivo del suo uso. Inoltre, la informiamo che [&hellip;]","og_url":"https:\/\/cooltra.com\/it\/cookie-policy\/","og_site_name":"Cooltra","article_publisher":"https:\/\/www.facebook.com\/CooltraMotos\/","og_image":[{"width":2000,"height":510,"url":"https:\/\/cdn.cooltra.com\/uploads\/2018\/04\/cooltra-alquiler-de-motos-y-scooter-de-gasolina-y-electricas.png","type":"image\/png"}],"twitter_card":"summary_large_image","twitter_site":"@cooltra","twitter_misc":{"Tempo di lettura stimato":"6 minuti"},"schema":{"@context":"https:\/\/schema.org","@graph":[{"@type":"WebPage","@id":"https:\/\/cooltra.com\/it\/cookie-policy\/","url":"https:\/\/cooltra.com\/it\/cookie-policy\/","name":"Cookie policy - Cooltra","isPartOf":{"@id":"https:\/\/cooltra.com\/it\/#website"},"datePublished":"2021-05-25T15:01:23+00:00","dateModified":"2021-05-25T15:01:23+00:00","inLanguage":"it-IT","potentialAction":[{"@type":"ReadAction","target":["https:\/\/cooltra.com\/it\/cookie-policy\/"]}]},{"@type":"WebSite","@id":"https:\/\/cooltra.com\/it\/#website","url":"https:\/\/cooltra.com\/it\/","name":"Cooltra","description":"Alquiler de motos y scooters de gasolina y el\u00e9ctricas","publisher":{"@id":"https:\/\/cooltra.com\/it\/#organization"},"potentialAction":[{"@type":"SearchAction","target":{"@type":"EntryPoint","urlTemplate":"https:\/\/cooltra.com\/it\/?s={search_term_string}"},"query-input":"required name=search_term_string"}],"inLanguage":"it-IT"},{"@type":"Organization","@id":"https:\/\/cooltra.com\/it\/#organization","name":"Cooltra","url":"https:\/\/cooltra.com\/it\/","logo":{"@type":"ImageObject","inLanguage":"it-IT","@id":"https:\/\/cooltra.com\/it\/#\/schema\/logo\/image\/","url":"https:\/\/cdn.cooltra.com\/uploads\/2022\/11\/Cooltra_Logo_A.png","contentUrl":"https:\/\/cdn.cooltra.com\/uploads\/2022\/11\/Cooltra_Logo_A.png","width":300,"height":298,"caption":"Cooltra"},"image":{"@id":"https:\/\/cooltra.com\/it\/#\/schema\/logo\/image\/"},"sameAs":["https:\/\/www.facebook.com\/CooltraMotos\/","https:\/\/twitter.com\/cooltra","https:\/\/www.instagram.com\/cooltra_motos\/"]}]}},"_links":{"self":[{"href":"https:\/\/cooltra.com\/it\/wp-json\/wp\/v2\/pages\/36421"}],"collection":[{"href":"https:\/\/cooltra.com\/it\/wp-json\/wp\/v2\/pages"}],"about":[{"href":"https:\/\/cooltra.com\/it\/wp-json\/wp\/v2\/types\/page"}],"author":[{"embeddable":true,"href":"https:\/\/cooltra.com\/it\/wp-json\/wp\/v2\/users\/1"}],"replies":[{"embeddable":true,"href":"https:\/\/cooltra.com\/it\/wp-json\/wp\/v2\/comments?post=36421"}],"version-history":[{"count":1,"href":"https:\/\/cooltra.com\/it\/wp-json\/wp\/v2\/pages\/36421\/revisions"}],"predecessor-version":[{"id":36422,"href":"https:\/\/cooltra.com\/it\/wp-json\/wp\/v2\/pages\/36421\/revisions\/36422"}],"wp:attachment":[{"href":"https:\/\/cooltra.com\/it\/wp-json\/wp\/v2\/media?parent=36421"}],"curies":[{"name":"wp","href":"https:\/\/api.w.org\/{rel}","templated":true}]}}