{"id":36404,"date":"2021-05-25T15:10:33","date_gmt":"2021-05-25T14:10:33","guid":{"rendered":"https:\/\/cooltra.com\/?page_id=36404"},"modified":"2024-12-20T09:58:01","modified_gmt":"2024-12-20T08:58:01","slug":"avviso-legale-2","status":"publish","type":"page","link":"https:\/\/cooltra.com\/it\/avviso-legale\/","title":{"rendered":"Avviso legale"},"content":{"rendered":"<p>Il presente sito web e tutto il suo contenuto, inclusi i servizi prestati, appartengono a <strong>COOLTRA MOTOS, SLU.<\/strong>\u00a0(d\u2019ora in avanti denominata \u201c<strong>COOLTRA MOTOS<\/strong>\u201d), provvista di CF\/PI B-64146632 e domicilio in Edificio Ocean, Passeig Joan de Borb\u00f3 99- 101, 4\u00aa Planta, 08039 Barcellona Iscritta nel Registro delle Imprese di Barcellona, Tomo 38.623, Pagina 69, Foglio B329.118, Iscrizione 1\u00aa, e email di contatto info@cooltra.com.<\/p>\n<h3>1.- OGGETTO<\/h3>\n<p><b>COOLTRA MOTOS <\/b><span style=\"font-weight: 400;\">fornisce i contenuti e i servizi che sono disponibili sul sito web, in base alle presenti Condizioni Generali, cos\u00ec come la Politica sul trattamento dei dati personali (di seguito la &#8220;Politica sulla privacy&#8221;).<\/span><\/p>\n<p><span style=\"font-weight: 400;\">L&#8217;accesso a questo sito web o il suo utilizzo in qualsiasi modo le conferisce la qualifica di &#8220;Utente&#8221; e implica l&#8217;accettazione senza riserve di tutte e ognuna delle Condizioni Generali disponibili sul sito web. <\/span><b>COOLTRA MOTOS si <\/b><span style=\"font-weight: 400;\">riserva il diritto di modificarle in qualsiasi momento. Di conseguenza, \u00e8 responsabilit\u00e0 di ogni utente leggere attentamente le Condizioni Generali in vigore ogni volta che accede a questo sito web, quindi se non \u00e8 d&#8217;accordo con uno qualsiasi dei termini qui contenuti, deve astenersi dall&#8217;utilizzarlo.<\/span><\/p>\n<p><span style=\"font-weight: 400;\">Allo stesso modo, si avverte l&#8217;Utente che, in determinate occasioni, si possono stabilire Condizioni Speciali per l&#8217;uso di determinati contenuti e\/o servizi del Sito Web, l&#8217;uso di tali contenuti o servizi implicher\u00e0 l&#8217;accettazione delle Condizioni Speciali ivi specificate.<\/span><\/p>\n<p><span style=\"font-weight: 400;\">Attualmente COOLTRA MOTOS offre:<\/span><\/p>\n<ul>\n<li style=\"font-weight: 400;\" aria-level=\"1\"><span style=\"font-weight: 400;\">Servizio di noleggio di moto\/scooter\/veicoli a minuti\/ore le cui condizioni particolari di noleggio troverete in<\/span><a href=\"https:\/\/cooltrasftp.ecooltra.com\/TERMS_CONDITIONS\/TERMS_CONDITIONS_IT.pdf\"> <span style=\"font-weight: 400;\">questo link.<\/span><\/a><\/li>\n<li style=\"font-weight: 400;\" aria-level=\"1\"><span style=\"font-weight: 400;\">Servizio di noleggio di moto\/scooter\/veicoli per giorni\/mesi le cui condizioni particolari di noleggio troverete in questo link:<\/span><a href=\"https:\/\/cooltra.com\/es\/condiciones-generales\/\"> <span style=\"font-weight: 400;\">https:\/\/cooltra.com\/it\/condiciones-de-alquiler\/<\/span><\/a><\/li>\n<li style=\"font-weight: 400;\" aria-level=\"1\"><span style=\"font-weight: 400;\">Altri servizi: CONSULTARE direttamente attraverso i canali di comunicazione stabiliti per questo scopo.<\/span><\/li>\n<\/ul>\n<ol start=\"2\">\n<li>\n<h3><strong> CONDIZIONI DI ACCESSO E USO AL SITO<\/strong><\/h3>\n<\/li>\n<\/ol>\n<p><strong>2.1. Carattere gratuito dell\u2019accesso e uso del sito<\/strong><\/p>\n<p>La prestazione dei servizi da parte di COOLTRA MOTOS ha carattere gratuito per tutti gli utenti. Nonostante, alcuni servizi somministrati dal prestatore tramite il sito sono soggetti al pagamento di un prezzo determinato alle condizioni generali di contrattazione. Dovr\u00e0 consultare queste condizioni al link:\u00a0<a href=\"https:\/\/cooltra.com\/it\/condizioni-generali\/\">https:\/\/cooltra.com\/it\/condiciones-de-alquiler\/<\/a><\/p>\n<p><strong>2.2. Registro dell\u2019Utente<\/strong><\/p>\n<p>Con carattere generale la prestazione dei Servizi non esige la previa sottoscrizione o registrazione dell\u2019utente. Anche cos\u00ec, COOLTRA MOTOS condiziona l\u2019uso di alcuni dei servizi al precedente completamento del corrispondente registro dell\u2019Utente. Questo registro si effettuer\u00e0 nella forma espressamente indicata nella propria sezione del servizio.<\/p>\n<p><strong>2.3. Veridicit\u00e0 dell\u2019informazione<\/strong><\/p>\n<p>Tutte le informazioni che l\u2019utente fornisce devono essere veritiere. A questi effetti, l\u2019utente garantisce l\u2019autenticit\u00e0 dei dati comunicati tramite i formulari per la sottoscrizione dei servizi. Sar\u00e0 responsabilit\u00e0 dell\u2019utente mantenere tutta l\u2019informazione inviata a COOLTRA MOTOS permanentemente attualizzata in modo che risponda, in ogni momento, alla sua situazione reale. In ogni caso, l\u2019utente sa\u00e0 l\u2019unico responsabile delle dichiarazioni false o inesatte che fornisce e dei danni che possono causare al prestatore o a terzi.<\/p>\n<p><strong> 2.4. Minori di et\u00e0<\/strong><\/p>\n<p>Per l\u2019uso dei servizi, i minori di et\u00e0 devono ottenere sempre previamente il consenso dei genitori, tutori o rappresentanti legali, responsabili di tutti gli atti realizzati dai minori a proprio carico. La responsabilit\u00e0 nella determinazione dei contenuti concreti ai quali accedono i minori corrisponde a quest\u2019ultimi, e per questo se accedono a contenuti non appropriati su internet, si dovranno apporre nel loro computer meccanismi, in particolare programmi informatici, filtri e blocchi, che permettano di limitare i contenuti disponibili e, anche se non sono infallibili, sono di utilit\u00e0 per controllare e restringere il materiale al quale possano accedere i minori.<\/p>\n<p><strong> 2.5. Obbligo di un uso corretto del web<\/strong><\/p>\n<p>L\u2019utente si compromette a utilizzare il web in conformit\u00e0 alla Legge e al presente Avviso Legale, cos\u00ec come alla morale e alle buone pratiche. A tal proposito, l\u2019utente si asterr\u00e0 dall\u2019utilizzare la pagina con finalit\u00e0 illecite o proibite, lesive di diritti e interessi di terzi, o in qualsiasi forma che possano far danno, inutilizzare, sovraccaricare, deteriorare o impedire il normale utilizzo di strumenti informatici o documenti, archivi e tutta la classe dei contenuti immagazzinati in qualsiasi suppporto informatico del prestatore.<\/p>\n<p>In particolare, e a titolo indicativo ma non esaustivo, l\u2019utente si compromette a non trasmettere, diffondere o mettere a disposizione di terzi informazioni, dati, contenuti, messaggi, grafici, disegni, archivi di suono o immagine, fotografie, registrazioni, software e in generale, qualsiasi classe di materiale che:<\/p>\n<ul>\n<li>Sia contraria, disprezzi o sia contro i diritti fondamentali e le libert\u00e0 pubbliche riconosciute costituzionalmente, in trattati internazionali e altre norme vigenti;<\/li>\n<li>Induca, inciti o promuova attuazioni criminose, denigranti, diffamatorie, violente o in generale, contrarie alla legge, alla morale e all\u2019ordine pubblico;<\/li>\n<li>induca, inciti o promuova atti, attitudini o pensieri discriminatori per ragioni di sesso, razza, religione, credenze, et\u00e0, condizione;<\/li>\n<li>sia contraria al diritto all\u2019onore, all\u2019intimit\u00e0 personale o familiare o all\u2019immagine propria delle persone;<\/li>\n<li>in qualsiasi maniera pregiudichi la credibilit\u00e0 del prestaore o di terzi; e<\/li>\n<li>costituisca pubblicit\u00e0 illecita, ingannosa o sleale.<\/li>\n<\/ul>\n<h3><strong>3.- ESCLUSIONE DELLA GARANZIA E RESPONSABILIT\u00c0<\/strong><\/h3>\n<p>Il prestatore si esime da qualsiasi tipo di responsabilit\u00e0 derivata dall\u2019informazione pubblicata nel nostro web, sempre che questa informazione sia stata manipolata o introdotta da una parte terza.<\/p>\n<p>Questo web \u00e8 stato revisato e provato affinch\u00e9 funzioni correttamente. \u00c8 garantito il corretto funzionamento per i 365 giorni all\u2019anno, 24 ore al giorno. Senza dubbio, il prestatore non nega la possibilit\u00e0 che esistano determinati errori di programmazione, o che possano capitare cause di forza maggiore, catastrofi naturali, scioperi, o circostanze simili che rendano impossibile l\u2019accesso alla pagina web.<\/p>\n<p>COOLTRA MOTOS non concede nessuna garanzia n\u00e9 si fa responsabile, in nessun caso, dei danni di qualsiasi natura che possano derivare dlla mancanza di disponibilit\u00e0, manutenzione ed effettivo funzionamento del sito o dei suoi servizi e contenuti; dell\u2019esistenza di virus, programmi maligni o lesivi nei contenuti; dell\u2019uso illecito, negligente, fraudolento o contrario a questo Avviso Legale e condizioni d\u2019uso; o della mancanza di legalit\u00e0, qualit\u00e0, fiducia, utilit\u00e0 e disponibilit\u00e0 dei servizi prestati da terzi e gesti a disposizione degli utenti del sito.<\/p>\n<p>Il prestatore non \u00e8 responsabile in nessun caso dei danni che possano derivare dall\u2019uso illegale o indebito della presente pagina web.<\/p>\n<h3><strong>4.- COOKIES <\/strong><\/h3>\n<p>Il sito web del prestatore pu\u00f2 utilizzare cookies (piccoli archivi di informazione che il server invia al computer di chi accede alla pagina) per portare a termine determinate funzioni che sono considerate imprenscindibili per il corretto funzionamento e visualizzazione del sito. I cookies\u00a0utilizzati hanno, in ogni caso, carattere temporale, con l\u2019unica finalit\u00e0 di rendere pi\u00f9 efficace la navigazine, e spariscono al termine della sessione dell\u2019utente.<br \/>\nIn nessun caso si utilizzeranno i cookies per raccogliere informazioni di carattere personale.<br \/>\nper maggiori informazioni, consulta la nostra <a href=\"#cookies\"><u>Politica dei Cookies<\/u><\/a>.<\/p>\n<h3><strong>5.- LINK<\/strong><\/h3>\n<p>Dal sito web \u00e8 possibile che si venga reindirizzati a contenuti di siti terzi. Dato che da questo web non possiamo controllare sempre i contenuti introdotti da terzi, COOLTRA MOTOS\u00a0non si assume nessun tipo di reponsabilit\u00e0 rispetto a questi contenuti. In ogni caso, il prestatore manifesta che proceder\u00e0 al ritiro immediato del link a questo web, ponendo a conoscenza delle autorit\u00e0 competenti del contenuto in questione.<\/p>\n<p>Il prestatore non \u00e8 responsabile dell\u2019informazione e contenuti immagazzinati, a titolo enunciativo ma non limitante, nei fori, chat, generatori di blog, commenti, social media o qualsiasi altro mezzo che permetta a terzi di pubblicare contenuti in maniera indipendente alla pagina web del prestatore. Senza dubbio e in compimento di quello che dispone l\u2019art. 11 e 16 della\u00a0LSSICE, il prestatore si mette a disposizione di tutti gli utenti, autorit\u00e0 e forze dell\u2019ordine, e collaborando in maniera attiva nel ritiro o, quando sia necessario, nel blocco di tutti quei contenuti che possano affettare o contravvenire alla legislazione nazionale, o internazionale, diritti di terzi o la morale e l\u2019ordine pubblico. In caso che l\u2019utente consideri di aver visto un contenuto che possa rientrare in questa classificazione, si prega di avvisare in maniera immediata l\u2019amministrazione del sito web.<\/p>\n<p>Si concede all\u2019utente un diritto limitato, revocabile e non esclusivo a creare link alla pagina principale del sito web, esclusivamente per uso privato e non commerciale. I siti web che includano link al nostro sito (i) non potranno dare ad intendere che\u00a0<strong>COOLTRA MOTOS<\/strong>\u00a0raccomanda questo sito web o i suoi servizi o prodotti; (ii) non potr\u00e0 falsificare la sua relazione con <strong>COOLTRA MOTOS<\/strong>\u00a0n\u00e9 affermare che <strong>COOLTRA MOTOS<\/strong>\u00a0abbia autorizzato questo link, n\u00e9 includere marche, denominazioni, nomi commerciali, loghi o altri segni distintivi di\u00a0<strong>COOLTRA MOTOS<\/strong>; (iii) non potranno includere contenuti che possano considerarsi di cattivo gusto, osceni, offensivi, controversi, che incitino alla violenza o alla discriminazione per ragioni di sesso, razza o religione, contrari all\u2019ordine pubblico o illeciti; (iv) non potranno reindirizzare a nessuna pagina del sito web diversa dalla pagina principale; (v) dovr\u00e0 reindirizzare al proprio indirizzo del sito, senza consentire al sito Web di effettuare il collegamento per riprodurre il sito web come parte del suo sito o all&#8217;interno di uno dei suoi &#8220;frame&#8221; o creare un &#8220;browser&#8221; su una qualsiasi delle pagine del sito web.\u00a0<strong>COOLTRA MOTOS<\/strong>\u00a0potr\u00e0 sollecitare, in qualsiasi momento, l\u2019eliminazione di qualsiasi link al sito, e procedere all\u2019eliminazione immediata.\u00a0<strong>COOLTRA MOTOS<\/strong>\u00a0non pu\u00f2 controllare l\u2019informazione, contenuto, prodotti o servizi facilitati da altri siti web che abbiano stabilito link con destinazione il sito web.<\/p>\n<h3>6.- PROTEZIONE DEI DATI PERSONALI<\/h3>\n<p>Il prestatore \u00e8 profondamente compromesso con il compimento della normativa di protezione dei dati personali e garantisce il compimento integrale degli obblighi disposti, cos\u00ec come la messa in pratica delle misure di sicurezza disposte dal Regolamento Europeo di Protezione dei dati e la normativa spagnola di protezione dei dati. Per maggiori informazioni, consulta la nostra <a href=\"#privacy\"><u>Politica di Privacy<\/u><\/a>.<\/p>\n<h3>7.-\u00a0<strong>PROPRIET\u00c0 INTELLETTUALE E INDUSTRIALE<\/strong><\/h3>\n<p>Il sito web, includendo a titolo enunciativo ma non limitato a, la programmazione, edizione, compilazione e altri elementi necessari per il suo funzionamento, i disegni, loghi, testi, fotografie e\/o grafici sono propriet\u00e0 del prestatore o, in caso che sia necessario, dispone della licenza o autorizzazione espressa da parte degli autori. Tutti i contenuti del sito si trovano dovutamente protetti dalla normativa di propriet\u00e0 intellettuale e industriale.<\/p>\n<p>Indipendentemente dalla finalit\u00e0 per la quale sono stati destinati, la riproduzione totale o parziale, l\u2019uso, la distribuzione e la comunicazione pubblica richiedono l\u2019autorizzazione scritta da parte del prestatore. Qualsiasi uso non autorizzato preventivamente da parte del prestatore sar\u00e0 considerato un incompimento grave dei diritti di propriet\u00e0 intellettuale o industriale dell\u2019autore.<\/p>\n<p>I disegni, loghi, testi e\/o grafici esterni al prestatore e che possano apparire nel sito, appartengono ai suoi rispettivi proprietari, essendo questi stessi responsabili di qualsiasi possibile controversia che possa esserci rispetto a quest\u2019ultimi. In ogni caso, il prestatore ha l\u2019autorizzazione espressa e previa da parte degli stessi.<\/p>\n<p>Il prestatore riconosce a favore dei suoi titolari i diritti di propriet\u00e0 industriale e intellettuale, non implicando la menzione o apparizione nel sito web, dell\u2019esistenza di diritti o nessuna responsabilit\u00e0 del prestatore sugli stessi, come supporto, patrocinio o raccomandazione da parte dello stesso.<\/p>\n<p>Per realizzare qualsiasi tipo di osservazione rispetto a possibili incompimenti dei diritti di propriet\u00e0 intellettuale o industriale, cos\u00ec come qualsiasi dei contenuti del sito web, pu\u00f2 farlo tramite mail, di cui sopra.<\/p>\n<h3>8.- DURATA E TERMINE DEI SERVIZI<\/h3>\n<p>I servizi prestati tramite il sito web hanno una durata indefinita. Nonostante questo, <strong>COOLTRA MOTOS<\/strong>\u00a0potr\u00e0 terminare o sospendere qualsiasi dei servizi prestati tramite il sito. Quando sia possibile, <strong>COOLTRA MOTOS<\/strong>\u00a0annuncer\u00e0 il termine o la sospensione della prestazione del serivizio determinato.<strong>\u00a0<\/strong><\/p>\n<h3><strong>9.- FORZA MAGGIORE<\/strong><\/h3>\n<p><strong>COOLTRA MOTOS<\/strong>\u00a0non sar\u00e0 responsabile nel caso di impossibilit\u00e0 a prestare i servizi disponibili tramite questo sito, se questo \u00e8 dovuto a interruzioni prolungate della somministrazione elettrica, linee di telecomunicazioni, conflitti sociali, scioperi, ribellione, esplosioni, inondazioni, atti e omissioni del governo, e in generale tutte le cause di forza maggiore o in caso fortuito.<\/p>\n<h3>10.- <b> Risoluzione delle controversie. Legge applicabile e giurisdizione<\/b><\/h3>\n<p><span style=\"font-weight: 400;\">Le presenti Condizioni Generali, cos\u00ec come l&#8217;uso del sito web, sono regolate dalla legge spagnola.<\/span><\/p>\n<p><span style=\"font-weight: 400;\">Nei casi di contrattazione civile, cio\u00e8 nei casi in cui una delle parti contraenti agisce nella posizione di CONSUMATORE, si applicano i regolamenti specifici per la difesa dei consumatori e degli utenti.<\/span><\/p>\n<p><span style=\"font-weight: 400;\">I consumatori e gli utenti potranno risolvere qualsiasi controversia davanti al tribunale competente in base al loro luogo di residenza o al luogo della sede legale di COOLTRA MOTOS.<\/span><\/p>\n<p><span style=\"font-weight: 400;\">Nel caso in cui sia COOLTRA MOTOS ad avviare un&#8217;azione legale contro un consumatore, saranno competenti i tribunali della giurisdizione del domicilio del consumatore.<\/span><\/p>\n<p><span style=\"font-weight: 400;\">In tutti i casi di contratto commerciale, le parti accettano di sottoporsi alla giurisdizione esclusiva dei tribunali di BARCELLONA.<\/span><\/p>\n<p><span style=\"font-weight: 400;\">Nel caso in cui qualsiasi disposizione delle presenti Condizioni Generali sia inapplicabile o nulla secondo la legge applicabile o come risultato di una decisione giudiziaria o amministrativa, tale inapplicabilit\u00e0 o invalidit\u00e0 non render\u00e0 le presenti Condizioni Generali inapplicabili o nulle nel loro insieme. In questi casi, <\/span><b>COOLTRA MOTOS <\/b><span style=\"font-weight: 400;\">proceder\u00e0 alla modifica o alla sostituzione di tale stipulazione con un&#8217;altra che sia valida e applicabile e che, per quanto possibile, raggiunga l&#8217;obiettivo e la pretesa riflessa nella stipulazione originale.<\/span><\/p>\n<p>&nbsp;<\/p>\n<p><b>Avviso legale<\/b><\/p>\n<p><b>Cooltra Motos S.L.<\/b><\/p>\n<p>Edificio Ocean, Passeig Joan de Borb\u00f3 99- 101, 4\u00aa Planta,<\/p>\n<p>08039 Barcellona<\/p>\n<p><span style=\"font-weight: 400;\">CIF: B-64146632<\/span><\/p>\n<p><b>Tutti i diritti riservati<\/b><\/p>\n<p><b>Cooltra Motos S.L. possiede i diritti di tutte le immagini e testi utilizzati nel sito web<\/b><span style=\"font-weight: 400;\">. L&#8217;uso di questi siti \u00e8 autorizzato solo per scopi privati. La descrizione del prodotto utilizzata su questo sito \u00e8 di propriet\u00e0 di Cooltra Motos ed \u00e8 protetta dalla legge.<\/span><\/p>\n","protected":false},"excerpt":{"rendered":"<p>Il presente sito web e tutto il suo contenuto, inclusi i servizi prestati, appartengono a COOLTRA MOTOS, SLU.\u00a0(d\u2019ora in avanti denominata \u201cCOOLTRA MOTOS\u201d), provvista di CF\/PI B-64146632 e domicilio in Edificio Ocean, Passeig Joan de Borb\u00f3 99- 101, 4\u00aa Planta, 08039 Barcellona Iscritta nel Registro delle Imprese di Barcellona, Tomo 38.623, Pagina 69, Foglio B329.118, [&hellip;]<\/p>\n","protected":false},"author":1,"featured_media":0,"parent":0,"menu_order":0,"comment_status":"closed","ping_status":"closed","template":"","meta":{"inline_featured_image":false},"yoast_head":"<!-- This site is optimized with the Yoast SEO plugin v20.10 - https:\/\/yoast.com\/wordpress\/plugins\/seo\/ -->\n<title>Avviso legale - Cooltra<\/title>\n<meta name=\"robots\" content=\"index, follow, max-snippet:-1, max-image-preview:large, max-video-preview:-1\" \/>\n<link rel=\"canonical\" href=\"https:\/\/cooltra.com\/it\/avviso-legale\/\" \/>\n<meta property=\"og:locale\" content=\"it_IT\" \/>\n<meta property=\"og:type\" content=\"article\" \/>\n<meta property=\"og:title\" content=\"Avviso legale - Cooltra\" \/>\n<meta property=\"og:description\" content=\"Il presente sito web e tutto il suo contenuto, inclusi i servizi prestati, appartengono a COOLTRA MOTOS, SLU.\u00a0(d\u2019ora in avanti denominata \u201cCOOLTRA MOTOS\u201d), provvista di CF\/PI B-64146632 e domicilio in Edificio Ocean, Passeig Joan de Borb\u00f3 99- 101, 4\u00aa Planta, 08039 Barcellona Iscritta nel Registro delle Imprese di Barcellona, Tomo 38.623, Pagina 69, Foglio B329.118, [&hellip;]\" \/>\n<meta property=\"og:url\" content=\"https:\/\/cooltra.com\/it\/avviso-legale\/\" \/>\n<meta property=\"og:site_name\" content=\"Cooltra\" \/>\n<meta property=\"article:publisher\" content=\"https:\/\/www.facebook.com\/CooltraMotos\/\" \/>\n<meta property=\"article:modified_time\" content=\"2024-12-20T08:58:01+00:00\" \/>\n<meta property=\"og:image\" content=\"https:\/\/cdn.cooltra.com\/uploads\/2018\/04\/cooltra-alquiler-de-motos-y-scooter-de-gasolina-y-electricas.png\" \/>\n\t<meta property=\"og:image:width\" content=\"2000\" \/>\n\t<meta property=\"og:image:height\" content=\"510\" \/>\n\t<meta property=\"og:image:type\" content=\"image\/png\" \/>\n<meta name=\"twitter:card\" content=\"summary_large_image\" \/>\n<meta name=\"twitter:site\" content=\"@cooltra\" \/>\n<meta name=\"twitter:label1\" content=\"Tempo di lettura stimato\" \/>\n\t<meta name=\"twitter:data1\" content=\"10 minuti\" \/>\n<script type=\"application\/ld+json\" class=\"yoast-schema-graph\">{\"@context\":\"https:\/\/schema.org\",\"@graph\":[{\"@type\":\"WebPage\",\"@id\":\"https:\/\/cooltra.com\/it\/avviso-legale\/\",\"url\":\"https:\/\/cooltra.com\/it\/avviso-legale\/\",\"name\":\"Avviso legale - Cooltra\",\"isPartOf\":{\"@id\":\"https:\/\/cooltra.com\/it\/#website\"},\"datePublished\":\"2021-05-25T14:10:33+00:00\",\"dateModified\":\"2024-12-20T08:58:01+00:00\",\"inLanguage\":\"it-IT\",\"potentialAction\":[{\"@type\":\"ReadAction\",\"target\":[\"https:\/\/cooltra.com\/it\/avviso-legale\/\"]}]},{\"@type\":\"WebSite\",\"@id\":\"https:\/\/cooltra.com\/it\/#website\",\"url\":\"https:\/\/cooltra.com\/it\/\",\"name\":\"Cooltra\",\"description\":\"Alquiler de motos y scooters de gasolina y el\u00e9ctricas\",\"publisher\":{\"@id\":\"https:\/\/cooltra.com\/it\/#organization\"},\"potentialAction\":[{\"@type\":\"SearchAction\",\"target\":{\"@type\":\"EntryPoint\",\"urlTemplate\":\"https:\/\/cooltra.com\/it\/?s={search_term_string}\"},\"query-input\":\"required name=search_term_string\"}],\"inLanguage\":\"it-IT\"},{\"@type\":\"Organization\",\"@id\":\"https:\/\/cooltra.com\/it\/#organization\",\"name\":\"Cooltra\",\"url\":\"https:\/\/cooltra.com\/it\/\",\"logo\":{\"@type\":\"ImageObject\",\"inLanguage\":\"it-IT\",\"@id\":\"https:\/\/cooltra.com\/it\/#\/schema\/logo\/image\/\",\"url\":\"https:\/\/cdn.cooltra.com\/uploads\/2022\/11\/Cooltra_Logo_A.png\",\"contentUrl\":\"https:\/\/cdn.cooltra.com\/uploads\/2022\/11\/Cooltra_Logo_A.png\",\"width\":300,\"height\":298,\"caption\":\"Cooltra\"},\"image\":{\"@id\":\"https:\/\/cooltra.com\/it\/#\/schema\/logo\/image\/\"},\"sameAs\":[\"https:\/\/www.facebook.com\/CooltraMotos\/\",\"https:\/\/twitter.com\/cooltra\",\"https:\/\/www.instagram.com\/cooltra_motos\/\"]}]}<\/script>\n<!-- \/ Yoast SEO plugin. -->","yoast_head_json":{"title":"Avviso legale - Cooltra","robots":{"index":"index","follow":"follow","max-snippet":"max-snippet:-1","max-image-preview":"max-image-preview:large","max-video-preview":"max-video-preview:-1"},"canonical":"https:\/\/cooltra.com\/it\/avviso-legale\/","og_locale":"it_IT","og_type":"article","og_title":"Avviso legale - Cooltra","og_description":"Il presente sito web e tutto il suo contenuto, inclusi i servizi prestati, appartengono a COOLTRA MOTOS, SLU.\u00a0(d\u2019ora in avanti denominata \u201cCOOLTRA MOTOS\u201d), provvista di CF\/PI B-64146632 e domicilio in Edificio Ocean, Passeig Joan de Borb\u00f3 99- 101, 4\u00aa Planta, 08039 Barcellona Iscritta nel Registro delle Imprese di Barcellona, Tomo 38.623, Pagina 69, Foglio B329.118, [&hellip;]","og_url":"https:\/\/cooltra.com\/it\/avviso-legale\/","og_site_name":"Cooltra","article_publisher":"https:\/\/www.facebook.com\/CooltraMotos\/","article_modified_time":"2024-12-20T08:58:01+00:00","og_image":[{"width":2000,"height":510,"url":"https:\/\/cdn.cooltra.com\/uploads\/2018\/04\/cooltra-alquiler-de-motos-y-scooter-de-gasolina-y-electricas.png","type":"image\/png"}],"twitter_card":"summary_large_image","twitter_site":"@cooltra","twitter_misc":{"Tempo di lettura stimato":"10 minuti"},"schema":{"@context":"https:\/\/schema.org","@graph":[{"@type":"WebPage","@id":"https:\/\/cooltra.com\/it\/avviso-legale\/","url":"https:\/\/cooltra.com\/it\/avviso-legale\/","name":"Avviso legale - Cooltra","isPartOf":{"@id":"https:\/\/cooltra.com\/it\/#website"},"datePublished":"2021-05-25T14:10:33+00:00","dateModified":"2024-12-20T08:58:01+00:00","inLanguage":"it-IT","potentialAction":[{"@type":"ReadAction","target":["https:\/\/cooltra.com\/it\/avviso-legale\/"]}]},{"@type":"WebSite","@id":"https:\/\/cooltra.com\/it\/#website","url":"https:\/\/cooltra.com\/it\/","name":"Cooltra","description":"Alquiler de motos y scooters de gasolina y el\u00e9ctricas","publisher":{"@id":"https:\/\/cooltra.com\/it\/#organization"},"potentialAction":[{"@type":"SearchAction","target":{"@type":"EntryPoint","urlTemplate":"https:\/\/cooltra.com\/it\/?s={search_term_string}"},"query-input":"required name=search_term_string"}],"inLanguage":"it-IT"},{"@type":"Organization","@id":"https:\/\/cooltra.com\/it\/#organization","name":"Cooltra","url":"https:\/\/cooltra.com\/it\/","logo":{"@type":"ImageObject","inLanguage":"it-IT","@id":"https:\/\/cooltra.com\/it\/#\/schema\/logo\/image\/","url":"https:\/\/cdn.cooltra.com\/uploads\/2022\/11\/Cooltra_Logo_A.png","contentUrl":"https:\/\/cdn.cooltra.com\/uploads\/2022\/11\/Cooltra_Logo_A.png","width":300,"height":298,"caption":"Cooltra"},"image":{"@id":"https:\/\/cooltra.com\/it\/#\/schema\/logo\/image\/"},"sameAs":["https:\/\/www.facebook.com\/CooltraMotos\/","https:\/\/twitter.com\/cooltra","https:\/\/www.instagram.com\/cooltra_motos\/"]}]}},"_links":{"self":[{"href":"https:\/\/cooltra.com\/it\/wp-json\/wp\/v2\/pages\/36404"}],"collection":[{"href":"https:\/\/cooltra.com\/it\/wp-json\/wp\/v2\/pages"}],"about":[{"href":"https:\/\/cooltra.com\/it\/wp-json\/wp\/v2\/types\/page"}],"author":[{"embeddable":true,"href":"https:\/\/cooltra.com\/it\/wp-json\/wp\/v2\/users\/1"}],"replies":[{"embeddable":true,"href":"https:\/\/cooltra.com\/it\/wp-json\/wp\/v2\/comments?post=36404"}],"version-history":[{"count":6,"href":"https:\/\/cooltra.com\/it\/wp-json\/wp\/v2\/pages\/36404\/revisions"}],"predecessor-version":[{"id":89506,"href":"https:\/\/cooltra.com\/it\/wp-json\/wp\/v2\/pages\/36404\/revisions\/89506"}],"wp:attachment":[{"href":"https:\/\/cooltra.com\/it\/wp-json\/wp\/v2\/media?parent=36404"}],"curies":[{"name":"wp","href":"https:\/\/api.w.org\/{rel}","templated":true}]}}