{"id":32819,"date":"2021-03-25T09:25:57","date_gmt":"2021-03-25T08:25:57","guid":{"rendered":"https:\/\/bruce.cooltra.com\/sobre-cooltra\/"},"modified":"2021-03-26T10:22:35","modified_gmt":"2021-03-26T09:22:35","slug":"sobre-cooltra","status":"publish","type":"page","link":"https:\/\/cooltra.com\/it\/informazioni-su-cooltra\/","title":{"rendered":"Informazioni su Cooltra"},"content":{"rendered":"\t\t<div class=\"faq-accordion \" id=\"faq-accordion-1\" data-accordion-group data-conf=\"{&quot;single_open&quot;:&quot;true&quot;,&quot;transition_speed&quot;:300}\">\n\t\t\t\t\t\t\t<div data-accordion class=\"faq-main\">\n\t\t\t\t\t<div data-control class=\"faq-title\">\n\t\t\t\t\t\t<h4>Perch\u00e9 vedo lo scooter per strada, ma non appare disponibile nell&#8217;app?<\/h4>\n\t\t\t\t\t<\/div>\n\t\t\t\t\t<div data-content>\n\t\t\t\t\t\t\t\t\t\t\t\t<div class=\"faq-content\"><p><span style=\"font-weight: 400;\">Ci sono tre possibilit\u00e0:<\/span><\/p>\n<p><span style=\"font-weight: 400;\">1) \u00e8 gi\u00e0 stato prenotato: un altro utente ha gi\u00e0 prenotato il veicolo e ha 15 minuti per raggiungerlo;<\/span><\/p>\n<p><span style=\"font-weight: 400;\">2) batteria scarica: vogliamo che tu arrivi a destinazione senza problemi, quindi non mostriamo mai veicoli che hanno la batteria scarica; il nostro team lavora 24 ore su 24, 7 giorni su 7 per garantire che i nostri veicoli abbiano sempre la batteria carica;\u00a0<\/span><\/p>\n<p><span style=\"font-weight: 400;\">3) \u00e8 in manutenzione: i nostri meccanici saranno a breve sul posto per ispezionarlo.<\/span><\/p>\n<\/div>\n\t\t\t\t\t<\/div>\n\t\t\t\t<\/div>\n\t\t\t\t\t\t\t<div data-accordion class=\"faq-main\">\n\t\t\t\t\t<div data-control class=\"faq-title\">\n\t\t\t\t\t\t<h4>Che cos&#8217;\u00e8 Cooltra?<\/h4>\n\t\t\t\t\t<\/div>\n\t\t\t\t\t<div data-content>\n\t\t\t\t\t\t\t\t\t\t\t\t<div class=\"faq-content\"><p><span style=\"font-weight: 400;\">Cooltra \u00e8 il servizio leader in Europa per il noleggio a minuti tramite app di scooter e biciclette elettriche. Grazie a Cooltra, avr\u00e0 tutti i vantaggi di guidare un veicolo elettrico, senza doversi preoccuparsi di nulla.<\/span><\/p>\n<\/div>\n\t\t\t\t\t<\/div>\n\t\t\t\t<\/div>\n\t\t\t\t\t\t\t<div data-accordion class=\"faq-main\">\n\t\t\t\t\t<div data-control class=\"faq-title\">\n\t\t\t\t\t\t<h4>Cos&#8217;\u00e8 la condivisione di scooter e bici?<\/h4>\n\t\t\t\t\t<\/div>\n\t\t\t\t\t<div data-content>\n\t\t\t\t\t\t\t\t\t\t\t\t<div class=\"faq-content\"><p><span style=\"font-weight: 400;\">\u00c8 il modo migliore per spostarsi in citt\u00e0, all&#8217;aperto, lontano dalla folla e senza rimanere bloccati nel traffico. Si tratta di utilizzare uno scooter o una bicicletta per un breve periodo di tempo, con tutto incluso (assicurazione, manutenzione, ricarica della batteria).<\/span><\/p>\n<\/div>\n\t\t\t\t\t<\/div>\n\t\t\t\t<\/div>\n\t\t\t\t\t\t\t<div data-accordion class=\"faq-main\">\n\t\t\t\t\t<div data-control class=\"faq-title\">\n\t\t\t\t\t\t<h4>Cooltra \u00e8 disponibile nella mia citt\u00e0?<\/h4>\n\t\t\t\t\t<\/div>\n\t\t\t\t\t<div data-content>\n\t\t\t\t\t\t\t\t\t\t\t\t<div class=\"faq-content\"><p><span style=\"font-weight: 400;\">Attualmente operiamo a Barcellona, Madrid, Valencia, Sevilla, Roma, Milano, Torino, Parigi e Lisbona. Il servizio di noleggio scooter \u00e8 disponibile in tutte queste citt\u00e0; inoltre, a Barcellona e Torino si pu\u00f2 anche noleggiare le nostre biciclette.<\/span><\/p>\n<\/div>\n\t\t\t\t\t<\/div>\n\t\t\t\t<\/div>\n\t\t\t\t\t\t\t<div data-accordion class=\"faq-main\">\n\t\t\t\t\t<div data-control class=\"faq-title\">\n\t\t\t\t\t\t<h4>Come funziona Cooltra?<\/h4>\n\t\t\t\t\t<\/div>\n\t\t\t\t\t<div data-content>\n\t\t\t\t\t\t\t\t\t\t\t\t<div class=\"faq-content\"><p><span style=\"font-weight: 400;\">Una volta effettuata la registrazione, usare Cooltra \u00e8 facilissimo: basta aprire l&#8217;app, scegliere uno scooter (o una bici se si trova a Barcellona), prenotarlo e salire in sella. Non devi preoccuparti di ricarica della batteria, assicurazione o manutenzione. Parcheggia sempre secondo le norme comunali e chiudi il noleggio dal telefono.<\/span><\/p>\n<\/div>\n\t\t\t\t\t<\/div>\n\t\t\t\t<\/div>\n\t\t\t\t\t\t\t<div data-accordion class=\"faq-main\">\n\t\t\t\t\t<div data-control class=\"faq-title\">\n\t\t\t\t\t\t<h4>Chi pu\u00f2 usare Cooltra?<\/h4>\n\t\t\t\t\t<\/div>\n\t\t\t\t\t<div data-content>\n\t\t\t\t\t\t\t\t\t\t\t\t<div class=\"faq-content\"><p><span style=\"font-weight: 400;\">Chiunque abbia pi\u00f9 di 18 anni pu\u00f2 registrarsi su Cooltra; se si desidera noleggiare uno dei nostri scooter, \u00e8 necessario disporre di una patente di guida valida.\u00a0<\/span><\/p>\n<\/div>\n\t\t\t\t\t<\/div>\n\t\t\t\t<\/div>\n\t\t\t\t\t\t\t<div data-accordion class=\"faq-main\">\n\t\t\t\t\t<div data-control class=\"faq-title\">\n\t\t\t\t\t\t<h4>Come faccio a registrarmi su Cooltra?<\/h4>\n\t\t\t\t\t<\/div>\n\t\t\t\t\t<div data-content>\n\t\t\t\t\t\t\t\t\t\t\t\t<div class=\"faq-content\"><p><span style=\"font-weight: 400;\">Per registrarsi, baster\u00e0 scaricare l&#8217;app da Google Play o dall&#8217;app Store. Ti verr\u00e0 chiesta una foto del documento d&#8217;identit\u00e0 (o equivalente) e della patente di guida (se sei a Barcellona e vuoi solo noleggiare una bicicletta, quest&#8217;ultima non sar\u00e0 necessaria, quindi salta pure questo passaggio della registrazione).\u00a0<\/span><\/p>\n<\/div>\n\t\t\t\t\t<\/div>\n\t\t\t\t<\/div>\n\t\t\t\t\t\t\t<div data-accordion class=\"faq-main\">\n\t\t\t\t\t<div data-control class=\"faq-title\">\n\t\t\t\t\t\t<h4>Quanto tempo ci vuole per l&#8217;attivazione dell&#8217;account?<\/h4>\n\t\t\t\t\t<\/div>\n\t\t\t\t\t<div data-content>\n\t\t\t\t\t\t\t\t\t\t\t\t<div class=\"faq-content\"><p><span style=\"font-weight: 400;\">Una volta completata la registrazione, il nostro team verificher\u00e0 che sia tutto a posto ed attiver\u00e0 l&#8217;account entro un periodo massimo di 48 ore.<\/span><\/p>\n<\/div>\n\t\t\t\t\t<\/div>\n\t\t\t\t<\/div>\n\t\t\t\t\t\t\t<div data-accordion class=\"faq-main\">\n\t\t\t\t\t<div data-control class=\"faq-title\">\n\t\t\t\t\t\t<h4>Come faccio a cancellare la registrazione?<\/h4>\n\t\t\t\t\t<\/div>\n\t\t\t\t\t<div data-content>\n\t\t\t\t\t\t\t\t\t\t\t\t<div class=\"faq-content\"><p><span style=\"font-weight: 400;\">Se vuole cancellare la registrazione al nostro servizio, contatti il nostro servizio clienti\u00a0 inviando un&#8217;email a ciao@cooltra.com.<\/span><\/p>\n<\/div>\n\t\t\t\t\t<\/div>\n\t\t\t\t<\/div>\n\t\t\t\t\t<\/div>\n\t\n","protected":false},"excerpt":{"rendered":"","protected":false},"author":20,"featured_media":0,"parent":0,"menu_order":0,"comment_status":"closed","ping_status":"closed","template":"","meta":{"inline_featured_image":false},"yoast_head":"<!-- This site is optimized with the Yoast SEO plugin v20.10 - https:\/\/yoast.com\/wordpress\/plugins\/seo\/ -->\n<title>Informazioni su Cooltra - Cooltra<\/title>\n<meta name=\"robots\" content=\"index, follow, max-snippet:-1, max-image-preview:large, max-video-preview:-1\" \/>\n<link rel=\"canonical\" href=\"https:\/\/cooltra.com\/it\/informazioni-su-cooltra\/\" \/>\n<meta property=\"og:locale\" content=\"it_IT\" \/>\n<meta property=\"og:type\" content=\"article\" \/>\n<meta property=\"og:title\" content=\"Informazioni su Cooltra - Cooltra\" \/>\n<meta property=\"og:url\" content=\"https:\/\/cooltra.com\/it\/informazioni-su-cooltra\/\" \/>\n<meta property=\"og:site_name\" content=\"Cooltra\" \/>\n<meta property=\"article:publisher\" content=\"https:\/\/www.facebook.com\/CooltraMotos\/\" \/>\n<meta property=\"article:modified_time\" content=\"2021-03-26T09:22:35+00:00\" \/>\n<meta property=\"og:image\" content=\"https:\/\/cdn.cooltra.com\/uploads\/2018\/04\/cooltra-alquiler-de-motos-y-scooter-de-gasolina-y-electricas.png\" \/>\n\t<meta property=\"og:image:width\" content=\"2000\" \/>\n\t<meta property=\"og:image:height\" content=\"510\" \/>\n\t<meta property=\"og:image:type\" content=\"image\/png\" \/>\n<meta name=\"twitter:card\" content=\"summary_large_image\" \/>\n<meta name=\"twitter:site\" content=\"@cooltra\" \/>\n<script type=\"application\/ld+json\" class=\"yoast-schema-graph\">{\"@context\":\"https:\/\/schema.org\",\"@graph\":[{\"@type\":\"WebPage\",\"@id\":\"https:\/\/cooltra.com\/it\/informazioni-su-cooltra\/\",\"url\":\"https:\/\/cooltra.com\/it\/informazioni-su-cooltra\/\",\"name\":\"Informazioni su Cooltra - Cooltra\",\"isPartOf\":{\"@id\":\"https:\/\/cooltra.com\/it\/#website\"},\"datePublished\":\"2021-03-25T08:25:57+00:00\",\"dateModified\":\"2021-03-26T09:22:35+00:00\",\"inLanguage\":\"it-IT\",\"potentialAction\":[{\"@type\":\"ReadAction\",\"target\":[\"https:\/\/cooltra.com\/it\/informazioni-su-cooltra\/\"]}]},{\"@type\":\"WebSite\",\"@id\":\"https:\/\/cooltra.com\/it\/#website\",\"url\":\"https:\/\/cooltra.com\/it\/\",\"name\":\"Cooltra\",\"description\":\"Alquiler de motos y scooters de gasolina y el\u00e9ctricas\",\"publisher\":{\"@id\":\"https:\/\/cooltra.com\/it\/#organization\"},\"potentialAction\":[{\"@type\":\"SearchAction\",\"target\":{\"@type\":\"EntryPoint\",\"urlTemplate\":\"https:\/\/cooltra.com\/it\/?s={search_term_string}\"},\"query-input\":\"required name=search_term_string\"}],\"inLanguage\":\"it-IT\"},{\"@type\":\"Organization\",\"@id\":\"https:\/\/cooltra.com\/it\/#organization\",\"name\":\"Cooltra\",\"url\":\"https:\/\/cooltra.com\/it\/\",\"logo\":{\"@type\":\"ImageObject\",\"inLanguage\":\"it-IT\",\"@id\":\"https:\/\/cooltra.com\/it\/#\/schema\/logo\/image\/\",\"url\":\"https:\/\/cdn.cooltra.com\/uploads\/2022\/11\/Cooltra_Logo_A.png\",\"contentUrl\":\"https:\/\/cdn.cooltra.com\/uploads\/2022\/11\/Cooltra_Logo_A.png\",\"width\":300,\"height\":298,\"caption\":\"Cooltra\"},\"image\":{\"@id\":\"https:\/\/cooltra.com\/it\/#\/schema\/logo\/image\/\"},\"sameAs\":[\"https:\/\/www.facebook.com\/CooltraMotos\/\",\"https:\/\/twitter.com\/cooltra\",\"https:\/\/www.instagram.com\/cooltra_motos\/\"]}]}<\/script>\n<!-- \/ Yoast SEO plugin. -->","yoast_head_json":{"title":"Informazioni su Cooltra - Cooltra","robots":{"index":"index","follow":"follow","max-snippet":"max-snippet:-1","max-image-preview":"max-image-preview:large","max-video-preview":"max-video-preview:-1"},"canonical":"https:\/\/cooltra.com\/it\/informazioni-su-cooltra\/","og_locale":"it_IT","og_type":"article","og_title":"Informazioni su Cooltra - Cooltra","og_url":"https:\/\/cooltra.com\/it\/informazioni-su-cooltra\/","og_site_name":"Cooltra","article_publisher":"https:\/\/www.facebook.com\/CooltraMotos\/","article_modified_time":"2021-03-26T09:22:35+00:00","og_image":[{"width":2000,"height":510,"url":"https:\/\/cdn.cooltra.com\/uploads\/2018\/04\/cooltra-alquiler-de-motos-y-scooter-de-gasolina-y-electricas.png","type":"image\/png"}],"twitter_card":"summary_large_image","twitter_site":"@cooltra","schema":{"@context":"https:\/\/schema.org","@graph":[{"@type":"WebPage","@id":"https:\/\/cooltra.com\/it\/informazioni-su-cooltra\/","url":"https:\/\/cooltra.com\/it\/informazioni-su-cooltra\/","name":"Informazioni su Cooltra - Cooltra","isPartOf":{"@id":"https:\/\/cooltra.com\/it\/#website"},"datePublished":"2021-03-25T08:25:57+00:00","dateModified":"2021-03-26T09:22:35+00:00","inLanguage":"it-IT","potentialAction":[{"@type":"ReadAction","target":["https:\/\/cooltra.com\/it\/informazioni-su-cooltra\/"]}]},{"@type":"WebSite","@id":"https:\/\/cooltra.com\/it\/#website","url":"https:\/\/cooltra.com\/it\/","name":"Cooltra","description":"Alquiler de motos y scooters de gasolina y el\u00e9ctricas","publisher":{"@id":"https:\/\/cooltra.com\/it\/#organization"},"potentialAction":[{"@type":"SearchAction","target":{"@type":"EntryPoint","urlTemplate":"https:\/\/cooltra.com\/it\/?s={search_term_string}"},"query-input":"required name=search_term_string"}],"inLanguage":"it-IT"},{"@type":"Organization","@id":"https:\/\/cooltra.com\/it\/#organization","name":"Cooltra","url":"https:\/\/cooltra.com\/it\/","logo":{"@type":"ImageObject","inLanguage":"it-IT","@id":"https:\/\/cooltra.com\/it\/#\/schema\/logo\/image\/","url":"https:\/\/cdn.cooltra.com\/uploads\/2022\/11\/Cooltra_Logo_A.png","contentUrl":"https:\/\/cdn.cooltra.com\/uploads\/2022\/11\/Cooltra_Logo_A.png","width":300,"height":298,"caption":"Cooltra"},"image":{"@id":"https:\/\/cooltra.com\/it\/#\/schema\/logo\/image\/"},"sameAs":["https:\/\/www.facebook.com\/CooltraMotos\/","https:\/\/twitter.com\/cooltra","https:\/\/www.instagram.com\/cooltra_motos\/"]}]}},"_links":{"self":[{"href":"https:\/\/cooltra.com\/it\/wp-json\/wp\/v2\/pages\/32819"}],"collection":[{"href":"https:\/\/cooltra.com\/it\/wp-json\/wp\/v2\/pages"}],"about":[{"href":"https:\/\/cooltra.com\/it\/wp-json\/wp\/v2\/types\/page"}],"author":[{"embeddable":true,"href":"https:\/\/cooltra.com\/it\/wp-json\/wp\/v2\/users\/20"}],"replies":[{"embeddable":true,"href":"https:\/\/cooltra.com\/it\/wp-json\/wp\/v2\/comments?post=32819"}],"version-history":[{"count":1,"href":"https:\/\/cooltra.com\/it\/wp-json\/wp\/v2\/pages\/32819\/revisions"}],"predecessor-version":[{"id":32820,"href":"https:\/\/cooltra.com\/it\/wp-json\/wp\/v2\/pages\/32819\/revisions\/32820"}],"wp:attachment":[{"href":"https:\/\/cooltra.com\/it\/wp-json\/wp\/v2\/media?parent=32819"}],"curies":[{"name":"wp","href":"https:\/\/api.w.org\/{rel}","templated":true}]}}