{"id":32811,"date":"2021-03-25T09:27:09","date_gmt":"2021-03-25T08:27:09","guid":{"rendered":"https:\/\/bruce.cooltra.com\/sobre-la-conduccion\/"},"modified":"2021-03-26T10:20:07","modified_gmt":"2021-03-26T09:20:07","slug":"sobre-la-conduccion","status":"publish","type":"page","link":"https:\/\/cooltra.com\/it\/informazioni-sul-noleggio\/","title":{"rendered":"Informazioni sul noleggio"},"content":{"rendered":"\t\t<div class=\"faq-accordion \" id=\"faq-accordion-1\" data-accordion-group data-conf=\"{&quot;single_open&quot;:&quot;true&quot;,&quot;transition_speed&quot;:300}\">\n\t\t\t\t\t\t\t<div data-accordion class=\"faq-main\">\n\t\t\t\t\t<div data-control class=\"faq-title\">\n\t\t\t\t\t\t<h4>Quando posso usare Cooltra?<\/h4>\n\t\t\t\t\t<\/div>\n\t\t\t\t\t<div data-content>\n\t\t\t\t\t\t\t\t\t\t\t\t<div class=\"faq-content\"><p><span style=\"font-weight: 400;\">Potrai usare Cooltra 24 ore su 24, 7 giorni su 7.<\/span><\/p>\n<\/div>\n\t\t\t\t\t<\/div>\n\t\t\t\t<\/div>\n\t\t\t\t\t\t\t<div data-accordion class=\"faq-main\">\n\t\t\t\t\t<div data-control class=\"faq-title\">\n\t\t\t\t\t\t<h4>Che tipi di scooter offre Cooltra?<\/h4>\n\t\t\t\t\t<\/div>\n\t\t\t\t\t<div data-content>\n\t\t\t\t\t\t\t\t\t\t\t\t<div class=\"faq-content\"><p><span style=\"font-weight: 400;\">Cooltra ha migliaia di scooter elettrici di Askoll. Equivalgono a veicoli da 50cc e possono raggiungere una velocit\u00e0 massima di 48 km\/h.\u00a0<\/span><\/p>\n<\/div>\n\t\t\t\t\t<\/div>\n\t\t\t\t<\/div>\n\t\t\t\t\t\t\t<div data-accordion class=\"faq-main\">\n\t\t\t\t\t<div data-control class=\"faq-title\">\n\t\t\t\t\t\t<h4>Come faccio a trovare il mio veicolo?<\/h4>\n\t\t\t\t\t<\/div>\n\t\t\t\t\t<div data-content>\n\t\t\t\t\t\t\t\t\t\t\t\t<div class=\"faq-content\"><p><span style=\"font-weight: 400;\">Baster\u00e0 accedere all&#8217;app, selezionare lo scooter o la bici che vuoi utilizzare tra quelli mostrati sulla mappa e fai clic su &#8220;Prenota&#8221;. A quel punto avrai 15 minuti di tempo per recarsi dove si trova il veicolo e avviare il noleggio.\u00a0<\/span><\/p>\n<p><span style=\"font-weight: 400;\">Nel caso degli scooter, quando raggiungi il punto in cui \u00e8 parcheggiato, potrai usare il pulsante &#8220;Beep-Beep&#8221; per individuarlo facilmente, in quanto, cos\u00ec facendo, far\u00e0 suonare il clacson e lampeggiare le frecce.<\/span><\/p>\n<\/div>\n\t\t\t\t\t<\/div>\n\t\t\t\t<\/div>\n\t\t\t\t\t\t\t<div data-accordion class=\"faq-main\">\n\t\t\t\t\t<div data-control class=\"faq-title\">\n\t\t\t\t\t\t<h4>Cosa devo fare se il veicolo \u00e8 danneggiato quando giungo sul posto?<\/h4>\n\t\t\t\t\t<\/div>\n\t\t\t\t\t<div data-content>\n\t\t\t\t\t\t\t\t\t\t\t\t<div class=\"faq-content\"><p><span style=\"font-weight: 400;\">Se il veicolo presenta danni, puoi comunicarloi premendo il tasto &#8220;?&#8221; nella mappa e selezioni l&#8217;opzione &#8220;Segnala incidente&#8221;.<\/span><\/p>\n<\/div>\n\t\t\t\t\t<\/div>\n\t\t\t\t<\/div>\n\t\t\t\t\t\t\t<div data-accordion class=\"faq-main\">\n\t\t\t\t\t<div data-control class=\"faq-title\">\n\t\t\t\t\t\t<h4>Come faccio ad avviare lo scooter\/la bici?<\/h4>\n\t\t\t\t\t<\/div>\n\t\t\t\t\t<div data-content>\n\t\t\t\t\t\t\t\t\t\t\t\t<div class=\"faq-content\"><p><b>Come faccio ad avviare lo scooter?<\/b><\/p>\n<p><span style=\"font-weight: 400;\">Una volta che hai trovato lo scooter e vuoi partire:<\/span><\/p>\n<p><span style=\"font-weight: 400;\">&#8220;Scorri col dito per iniziare&#8221; sull&#8217;app per sbloccarlo;<\/span><\/p>\n<p><span style=\"font-weight: 400;\">togli lo scooter dal cavalletto centrale;\u00a0<\/span><\/p>\n<p><span style=\"font-weight: 400;\">premi il pulsante &#8220;Start&#8221; sullo scooter per accenderlo (a seconda del modello, \u00e8 un pulsante rosso sul manubrio dello scooter o un pulsante all&#8217;altezza del ginocchio destro).<\/span><\/p>\n<p>&nbsp;<\/p>\n<p><b>Come faccio ad avviare la bici?<\/b><\/p>\n<p><span style=\"font-weight: 400;\">Una volta raggiunta la bici:<\/span><\/p>\n<ol>\n<li style=\"font-weight: 400;\"><span style=\"font-weight: 400;\">Per sbloccare il veicolo, seleziona &#8220;Scorra col dito per iniziare&#8221; sull&#8217;app;<\/span><\/li>\n<li style=\"font-weight: 400;\"><span style=\"font-weight: 400;\">In pochi secondi la leva gialla che blocca la ruota posteriore si alzer\u00e0 e la catena verr\u00e0 sbloccata.<\/span><\/li>\n<li style=\"font-weight: 400;\"><span style=\"font-weight: 400;\">Slega la catena e la avvolgila intorno alla sella come mostrato nell&#8217;animazione dell&#8217;app; assicurati che sia ben fissata e che non intralci la pedalata;<\/span><\/li>\n<li style=\"font-weight: 400;\"><span style=\"font-weight: 400;\">Ora potrai regolare il sellino all&#8217;altezza desiderata, salirci su e iniziare a pedalare.<\/span><\/li>\n<\/ol>\n<p>&nbsp;<\/p>\n<p><span style=\"font-weight: 400;\">A proposito&#8230; La bici ha un sistema di pedalata assistita; non appena inizi a pedalare, questo verr\u00e0 attivato e la bici andr\u00e0 pi\u00f9 veloce. La pedalata assistita e il cambio delle marce (nel manubrio destro) saranno i tuoi pi\u00f9 grandi alleati durante la guida del veicolo in citt\u00e0 e nemmeno le colline pi\u00f9 ripide saranno un problema.<\/span><\/p>\n<p>&nbsp;<\/p>\n<\/div>\n\t\t\t\t\t<\/div>\n\t\t\t\t<\/div>\n\t\t\t\t\t\t\t<div data-accordion class=\"faq-main\">\n\t\t\t\t\t<div data-control class=\"faq-title\">\n\t\t\t\t\t\t<h4>Devo portarmi il casco?<\/h4>\n\t\t\t\t\t<\/div>\n\t\t\t\t\t<div data-content>\n\t\t\t\t\t\t\t\t\t\t\t\t<div class=\"faq-content\"><p><span style=\"font-weight: 400;\">Non \u00e8 necessario. Ogni scooter \u00e8 dotato di due caschi di dimensioni diverse. Per accedervi, avvia il noleggio sull&#8217;app. A questo punto, hai due opzioni:<\/span><\/p>\n<ol>\n<li style=\"font-weight: 400;\"><span style=\"font-weight: 400;\">Fai clic sul pulsante dell&#8217;app per aprire il bauletto\/sedile;<\/span><\/li>\n<li style=\"font-weight: 400;\"><span style=\"font-weight: 400;\">Premi il pulsante in basso sul retro del bauletto (se si trova a Valencia o Madrid, alcuni scooter hanno il pulsante sul lato sinistro).<\/span><\/li>\n<\/ol>\n<p><span style=\"font-weight: 400;\">Oltre ai caschi, troverai salviettine igieniche e i documenti dello scooter.<\/span><\/p>\n<p><span style=\"font-weight: 400;\">Nel caso delle biciclette, l&#8217;uso del casco non \u00e8 obbligatorio. <\/span><\/p>\n<\/div>\n\t\t\t\t\t<\/div>\n\t\t\t\t<\/div>\n\t\t\t\t\t\t\t<div data-accordion class=\"faq-main\">\n\t\t\t\t\t<div data-control class=\"faq-title\">\n\t\t\t\t\t\t<h4>Posso trasportare passeggeri?<\/h4>\n\t\t\t\t\t<\/div>\n\t\t\t\t\t<div data-content>\n\t\t\t\t\t\t\t\t\t\t\t\t<div class=\"faq-content\"><p><span style=\"font-weight: 400;\">I modelli di scooter che offriamo possono trasportare due persone. Nel bauletto troverai due caschi di diverse dimensioni per il conducente e il passeggero.<\/span><\/p>\n<p><span style=\"font-weight: 400;\">Sulle bici pu\u00f2 salire una sola persona. <\/span><\/p>\n<\/div>\n\t\t\t\t\t<\/div>\n\t\t\t\t<\/div>\n\t\t\t\t\t\t\t<div data-accordion class=\"faq-main\">\n\t\t\t\t\t<div data-control class=\"faq-title\">\n\t\t\t\t\t\t<h4>Posso lasciare che altre persone usino il mio nome utente per noleggiare scooter?<\/h4>\n\t\t\t\t\t<\/div>\n\t\t\t\t\t<div data-content>\n\t\t\t\t\t\t\t\t\t\t\t\t<div class=\"faq-content\"><p><span style=\"font-weight: 400;\">No, solo tu puoi noleggiare uno scooter o uno scooter usando il tuo nome utente. Se consenti ad altri utenti o persone di utilizzare il suo account Cooltra, riceverai una sanzione di 100 \u20ac, come indicato nei termini e condizioni.<\/span><\/p>\n<p><span style=\"font-weight: 400;\">No, solo tu puoi noleggiare uno scooter o uno scooter usando il tuo nome utente. Se consenti ad altri utenti o persone di utilizzare il suo account Cooltra, riceverai una sanzione di 100 \u20ac, come indicato nei termini e condizioni.<\/span><\/p>\n<\/div>\n\t\t\t\t\t<\/div>\n\t\t\t\t<\/div>\n\t\t\t\t\t\t\t<div data-accordion class=\"faq-main\">\n\t\t\t\t\t<div data-control class=\"faq-title\">\n\t\t\t\t\t\t<h4>C&#8217;\u00e8 una copertura assicurativa?<\/h4>\n\t\t\t\t\t<\/div>\n\t\t\t\t\t<div data-content>\n\t\t\t\t\t\t\t\t\t\t\t\t<div class=\"faq-content\"><p><span style=\"font-weight: 400;\">S\u00ec. Il servizio include la copertura per danni a terzi. Per quanto riguarda i danni ed il furto del veicolo (sia scooter che biciclette), include la copertura completa con una franchigia di 500 o 99 \u20ac, in base alla tariffa selezionata. Ci\u00f2 significa che, in caso di responsabilit\u00e0 dell&#8217;utente, questo dovr\u00e0 pagare l&#8217;importo corrispondente al danno fino a 500 o 99 \u20ac, a seconda della tariffa selezionata. Potrai modificare la tariffa nella sezione &#8220;Pagamenti e tariffe&#8221; dell&#8217;app e verr\u00e0 applicata al noleggio successivo.<\/span><\/p>\n<\/div>\n\t\t\t\t\t<\/div>\n\t\t\t\t<\/div>\n\t\t\t\t\t\t\t<div data-accordion class=\"faq-main\">\n\t\t\t\t\t<div data-control class=\"faq-title\">\n\t\t\t\t\t\t<h4>Cosa devo fare in caso di incidente stradale?<\/h4>\n\t\t\t\t\t<\/div>\n\t\t\t\t\t<div data-content>\n\t\t\t\t\t\t\t\t\t\t\t\t<div class=\"faq-content\"><p><span style=\"font-weight: 400;\">Dovrai compilare il rapporto sull&#8217;incidente, che troverai nello scooter insieme ai documenti del veicolo. Ricordati di informare il servizio clienti\u00a0 il prima possibile in modo che possano offrirti dei consigli su come procedere con il ritiro dello scooter. Potrai contattarli mediante la chat nell&#8217;app.\u00a0<\/span><\/p>\n<p><span style=\"font-weight: 400;\">In caso di incidenti con la bici, contatta direttamente il servizio clienti .<\/span><\/p>\n<\/div>\n\t\t\t\t\t<\/div>\n\t\t\t\t<\/div>\n\t\t\t\t\t\t\t<div data-accordion class=\"faq-main\">\n\t\t\t\t\t<div data-control class=\"faq-title\">\n\t\t\t\t\t\t<h4>Cosa succede se il cellulare si scarica?<\/h4>\n\t\t\t\t\t<\/div>\n\t\t\t\t\t<div data-content>\n\t\t\t\t\t\t\t\t\t\t\t\t<div class=\"faq-content\"><p><span style=\"font-weight: 400;\">Dovrai ricaricarlo perch\u00e9 servir\u00e0 l&#8217;app per iniziare e concludere il noleggio.\u00a0<\/span><\/p>\n<p><span style=\"font-weight: 400;\">Se la batteria si esaurisce durante la guida dello scooter, potrai premere il pulsante &#8220;Start&#8221; del veicolo per 30 secondi fino allo spegnimento; questo imposter\u00e0 automaticamente il noleggio in modalit\u00e0 &#8220;Pausa&#8221; fino a quando non le sar\u00e0 possibile caricare il telefono o mettersi in contatto con noi per completare il noleggio da remoto.<\/span><\/p>\n<p><span style=\"font-weight: 400;\">Se succede durante la guida di una bici, contatta il servizio clienti\u00a0 in modo tale da ricevere assistenza su come parcheggiarla. Non puoi lasciare la bici incustodita; inoltre, sarai responsabile di tutto ci\u00f2 che accade al veicolo fino a quando non sar\u00e0 adeguatamente parcheggiato, legato alla catena e con la leva gialla della ruota posteriore abbassata.<\/span><\/p>\n<\/div>\n\t\t\t\t\t<\/div>\n\t\t\t\t<\/div>\n\t\t\t\t\t\t\t<div data-accordion class=\"faq-main\">\n\t\t\t\t\t<div data-control class=\"faq-title\">\n\t\t\t\t\t\t<h4>Posso andare dove voglio?<\/h4>\n\t\t\t\t\t<\/div>\n\t\t\t\t\t<div data-content>\n\t\t\t\t\t\t\t\t\t\t\t\t<div class=\"faq-content\"><p><span style=\"font-weight: 400;\">Potrai andare con lo scooter su tutte le strade dove sono ammessi scooter da 50cc. Ricordati di parcheggiare lo scooter nell&#8217;area evidenziata sulla mappa dell&#8217;app. Prima di iniziare il noleggio, controlla l&#8217;autonomia dello scooter in modo da terminare il noleggio all&#8217;interno di questa area.<\/span><\/p>\n<p><span style=\"font-weight: 400;\">Se noleggi una bici, dovrai parcheggiare nelle apposite rastrelliere pubbliche, quelle a forma di &#8220;U&#8221; invertita, disponibili a tale scopo in citt\u00e0. Se devi salire sul marciapiede, consulti le <\/span><a href=\"https:\/\/media-edg.barcelona.cat\/wp-content\/uploads\/2016\/04\/fullet_normativa_cast.pdf\"><span style=\"font-weight: 400;\">norme<\/span><\/a><span style=\"font-weight: 400;\"> del Consiglio comunale di Barcellona.\u00a0 <\/span><\/p>\n<\/div>\n\t\t\t\t\t<\/div>\n\t\t\t\t<\/div>\n\t\t\t\t\t\t\t<div data-accordion class=\"faq-main\">\n\t\t\t\t\t<div data-control class=\"faq-title\">\n\t\t\t\t\t\t<h4>Posso guidare lo scooter se ci sono restrizioni al traffico a causa dell&#8217;inquinamento?<\/h4>\n\t\t\t\t\t<\/div>\n\t\t\t\t\t<div data-content>\n\t\t\t\t\t\t\t\t\t\t\t\t<div class=\"faq-content\"><p><span style=\"font-weight: 400;\">S\u00ec. Tutta la nostra flotta \u00e8 elettrica, quindi potrai spostarti in modo sostenibile, rispettando l&#8217;ambiente. Inoltre, per ogni chilometro percorso con uno scooter Cooltra, risparmierai 80g di CO2.<\/span><\/p>\n<\/div>\n\t\t\t\t\t<\/div>\n\t\t\t\t<\/div>\n\t\t\t\t\t\t\t<div data-accordion class=\"faq-main\">\n\t\t\t\t\t<div data-control class=\"faq-title\">\n\t\t\t\t\t\t<h4>Posso fare una sosta durante il noleggio?<\/h4>\n\t\t\t\t\t<\/div>\n\t\t\t\t\t<div data-content>\n\t\t\t\t\t\t\t\t\t\t\t\t<div class=\"faq-content\"><p><span style=\"font-weight: 400;\">Certamente. Se hai bisogno di fare una sosta, non dovrai far altro che premere il pulsante &#8220;Pausa&#8221; nell&#8217;app. <span class=\"ui-provider a b c d e f g h i j k l m n o p q r s t u v w x y z ab ac ae af ag ah ai aj ak\" dir=\"ltr\">\u00c8 possibile controllare il prezzo della pausa in qualsiasi momento direttamente dall&#8217;app nella sezione \u201cPagamenti e tariffe\u201d.<\/span><\/span><\/p>\n<p>&nbsp;<\/p>\n<\/div>\n\t\t\t\t\t<\/div>\n\t\t\t\t<\/div>\n\t\t\t\t\t\t\t<div data-accordion class=\"faq-main\">\n\t\t\t\t\t<div data-control class=\"faq-title\">\n\t\t\t\t\t\t<h4>Cosa devo fare col veicolo al termine del noleggio?<\/h4>\n\t\t\t\t\t<\/div>\n\t\t\t\t\t<div data-content>\n\t\t\t\t\t\t\t\t\t\t\t\t<div class=\"faq-content\"><p><span style=\"font-weight: 400;\">Se sei a bordo di uno scooter, una volta raggiunta la destinazione, parcheggia nelle aree adibite a tale scopo, riponi i caschi nel bauletto\/sedile e fai scorrere il dito sul pulsante &#8220;Fine&#8221; nell&#8217;app. Assicurati di parcheggiare correttamente lo scooter nell&#8217;area autorizzata mostrata sulla mappa dell&#8217;app e in un luogo dove \u00e8 consentito dalle normative municipali. Inoltre, dovrai scattare una foto che mostri la targa dello scooter per dimostrare che \u00e8 stato parcheggiato correttamente. Prendiamo molto sul serio la convivenza negli spazi pubblici!<\/span><\/p>\n<p><span style=\"font-weight: 400;\">Se viaggi in bici, dovrai lasciarla nelle aree designate a questo tipo di veicolo: le rastrelliere per biciclette a U rovesciata.\u00a0<\/span><\/p>\n<p><span style=\"font-weight: 400;\">Segui le istruzioni sull&#8217;app per legare il veicolo con la catena e abbassa manualmente la leva gialla che blocca la ruota posteriore. Conferma di averlo fatto sull&#8217;app e scatti una foto della bici mostrando che \u00e8 stata parcheggiata correttamente col lucchetto nel luogo adeguato.<\/span><\/p>\n<\/div>\n\t\t\t\t\t<\/div>\n\t\t\t\t<\/div>\n\t\t\t\t\t\t\t<div data-accordion class=\"faq-main\">\n\t\t\t\t\t<div data-control class=\"faq-title\">\n\t\t\t\t\t\t<h4>Cosa devo fare se la mia sessione non si chiude?<\/h4>\n\t\t\t\t\t<\/div>\n\t\t\t\t\t<div data-content>\n\t\t\t\t\t\t\t\t\t\t\t\t<div class=\"faq-content\"><p><span style=\"font-weight: 400;\">Se riscontri dei problemi all&#8217;inizio, durante o alla fine della sessione, non esitare a contattare il servizio clienti\u00a0 via chat.<\/span><\/p>\n<\/div>\n\t\t\t\t\t<\/div>\n\t\t\t\t<\/div>\n\t\t\t\t\t<\/div>\n\t\n","protected":false},"excerpt":{"rendered":"","protected":false},"author":20,"featured_media":0,"parent":0,"menu_order":0,"comment_status":"closed","ping_status":"closed","template":"","meta":{"inline_featured_image":false},"yoast_head":"<!-- This site is optimized with the Yoast SEO plugin v20.10 - https:\/\/yoast.com\/wordpress\/plugins\/seo\/ -->\n<title>Informazioni sul noleggio - Cooltra<\/title>\n<meta name=\"robots\" content=\"index, follow, max-snippet:-1, max-image-preview:large, max-video-preview:-1\" \/>\n<link rel=\"canonical\" href=\"https:\/\/cooltra.com\/it\/informazioni-sul-noleggio\/\" \/>\n<meta property=\"og:locale\" content=\"it_IT\" \/>\n<meta property=\"og:type\" content=\"article\" \/>\n<meta property=\"og:title\" content=\"Informazioni sul noleggio - Cooltra\" \/>\n<meta property=\"og:url\" content=\"https:\/\/cooltra.com\/it\/informazioni-sul-noleggio\/\" \/>\n<meta property=\"og:site_name\" content=\"Cooltra\" \/>\n<meta property=\"article:publisher\" content=\"https:\/\/www.facebook.com\/CooltraMotos\/\" \/>\n<meta property=\"article:modified_time\" content=\"2021-03-26T09:20:07+00:00\" \/>\n<meta property=\"og:image\" content=\"https:\/\/cdn.cooltra.com\/uploads\/2018\/04\/cooltra-alquiler-de-motos-y-scooter-de-gasolina-y-electricas.png\" \/>\n\t<meta property=\"og:image:width\" content=\"2000\" \/>\n\t<meta property=\"og:image:height\" content=\"510\" \/>\n\t<meta property=\"og:image:type\" content=\"image\/png\" \/>\n<meta name=\"twitter:card\" content=\"summary_large_image\" \/>\n<meta name=\"twitter:site\" content=\"@cooltra\" \/>\n<script type=\"application\/ld+json\" class=\"yoast-schema-graph\">{\"@context\":\"https:\/\/schema.org\",\"@graph\":[{\"@type\":\"WebPage\",\"@id\":\"https:\/\/cooltra.com\/it\/informazioni-sul-noleggio\/\",\"url\":\"https:\/\/cooltra.com\/it\/informazioni-sul-noleggio\/\",\"name\":\"Informazioni sul noleggio - Cooltra\",\"isPartOf\":{\"@id\":\"https:\/\/cooltra.com\/it\/#website\"},\"datePublished\":\"2021-03-25T08:27:09+00:00\",\"dateModified\":\"2021-03-26T09:20:07+00:00\",\"inLanguage\":\"it-IT\",\"potentialAction\":[{\"@type\":\"ReadAction\",\"target\":[\"https:\/\/cooltra.com\/it\/informazioni-sul-noleggio\/\"]}]},{\"@type\":\"WebSite\",\"@id\":\"https:\/\/cooltra.com\/it\/#website\",\"url\":\"https:\/\/cooltra.com\/it\/\",\"name\":\"Cooltra\",\"description\":\"Alquiler de motos y scooters de gasolina y el\u00e9ctricas\",\"publisher\":{\"@id\":\"https:\/\/cooltra.com\/it\/#organization\"},\"potentialAction\":[{\"@type\":\"SearchAction\",\"target\":{\"@type\":\"EntryPoint\",\"urlTemplate\":\"https:\/\/cooltra.com\/it\/?s={search_term_string}\"},\"query-input\":\"required name=search_term_string\"}],\"inLanguage\":\"it-IT\"},{\"@type\":\"Organization\",\"@id\":\"https:\/\/cooltra.com\/it\/#organization\",\"name\":\"Cooltra\",\"url\":\"https:\/\/cooltra.com\/it\/\",\"logo\":{\"@type\":\"ImageObject\",\"inLanguage\":\"it-IT\",\"@id\":\"https:\/\/cooltra.com\/it\/#\/schema\/logo\/image\/\",\"url\":\"https:\/\/cdn.cooltra.com\/uploads\/2022\/11\/Cooltra_Logo_A.png\",\"contentUrl\":\"https:\/\/cdn.cooltra.com\/uploads\/2022\/11\/Cooltra_Logo_A.png\",\"width\":300,\"height\":298,\"caption\":\"Cooltra\"},\"image\":{\"@id\":\"https:\/\/cooltra.com\/it\/#\/schema\/logo\/image\/\"},\"sameAs\":[\"https:\/\/www.facebook.com\/CooltraMotos\/\",\"https:\/\/twitter.com\/cooltra\",\"https:\/\/www.instagram.com\/cooltra_motos\/\"]}]}<\/script>\n<!-- \/ Yoast SEO plugin. -->","yoast_head_json":{"title":"Informazioni sul noleggio - Cooltra","robots":{"index":"index","follow":"follow","max-snippet":"max-snippet:-1","max-image-preview":"max-image-preview:large","max-video-preview":"max-video-preview:-1"},"canonical":"https:\/\/cooltra.com\/it\/informazioni-sul-noleggio\/","og_locale":"it_IT","og_type":"article","og_title":"Informazioni sul noleggio - Cooltra","og_url":"https:\/\/cooltra.com\/it\/informazioni-sul-noleggio\/","og_site_name":"Cooltra","article_publisher":"https:\/\/www.facebook.com\/CooltraMotos\/","article_modified_time":"2021-03-26T09:20:07+00:00","og_image":[{"width":2000,"height":510,"url":"https:\/\/cdn.cooltra.com\/uploads\/2018\/04\/cooltra-alquiler-de-motos-y-scooter-de-gasolina-y-electricas.png","type":"image\/png"}],"twitter_card":"summary_large_image","twitter_site":"@cooltra","schema":{"@context":"https:\/\/schema.org","@graph":[{"@type":"WebPage","@id":"https:\/\/cooltra.com\/it\/informazioni-sul-noleggio\/","url":"https:\/\/cooltra.com\/it\/informazioni-sul-noleggio\/","name":"Informazioni sul noleggio - Cooltra","isPartOf":{"@id":"https:\/\/cooltra.com\/it\/#website"},"datePublished":"2021-03-25T08:27:09+00:00","dateModified":"2021-03-26T09:20:07+00:00","inLanguage":"it-IT","potentialAction":[{"@type":"ReadAction","target":["https:\/\/cooltra.com\/it\/informazioni-sul-noleggio\/"]}]},{"@type":"WebSite","@id":"https:\/\/cooltra.com\/it\/#website","url":"https:\/\/cooltra.com\/it\/","name":"Cooltra","description":"Alquiler de motos y scooters de gasolina y el\u00e9ctricas","publisher":{"@id":"https:\/\/cooltra.com\/it\/#organization"},"potentialAction":[{"@type":"SearchAction","target":{"@type":"EntryPoint","urlTemplate":"https:\/\/cooltra.com\/it\/?s={search_term_string}"},"query-input":"required name=search_term_string"}],"inLanguage":"it-IT"},{"@type":"Organization","@id":"https:\/\/cooltra.com\/it\/#organization","name":"Cooltra","url":"https:\/\/cooltra.com\/it\/","logo":{"@type":"ImageObject","inLanguage":"it-IT","@id":"https:\/\/cooltra.com\/it\/#\/schema\/logo\/image\/","url":"https:\/\/cdn.cooltra.com\/uploads\/2022\/11\/Cooltra_Logo_A.png","contentUrl":"https:\/\/cdn.cooltra.com\/uploads\/2022\/11\/Cooltra_Logo_A.png","width":300,"height":298,"caption":"Cooltra"},"image":{"@id":"https:\/\/cooltra.com\/it\/#\/schema\/logo\/image\/"},"sameAs":["https:\/\/www.facebook.com\/CooltraMotos\/","https:\/\/twitter.com\/cooltra","https:\/\/www.instagram.com\/cooltra_motos\/"]}]}},"_links":{"self":[{"href":"https:\/\/cooltra.com\/it\/wp-json\/wp\/v2\/pages\/32811"}],"collection":[{"href":"https:\/\/cooltra.com\/it\/wp-json\/wp\/v2\/pages"}],"about":[{"href":"https:\/\/cooltra.com\/it\/wp-json\/wp\/v2\/types\/page"}],"author":[{"embeddable":true,"href":"https:\/\/cooltra.com\/it\/wp-json\/wp\/v2\/users\/20"}],"replies":[{"embeddable":true,"href":"https:\/\/cooltra.com\/it\/wp-json\/wp\/v2\/comments?post=32811"}],"version-history":[{"count":1,"href":"https:\/\/cooltra.com\/it\/wp-json\/wp\/v2\/pages\/32811\/revisions"}],"predecessor-version":[{"id":32812,"href":"https:\/\/cooltra.com\/it\/wp-json\/wp\/v2\/pages\/32811\/revisions\/32812"}],"wp:attachment":[{"href":"https:\/\/cooltra.com\/it\/wp-json\/wp\/v2\/media?parent=32811"}],"curies":[{"name":"wp","href":"https:\/\/api.w.org\/{rel}","templated":true}]}}