{"id":31887,"date":"2021-01-26T15:30:56","date_gmt":"2021-01-26T14:30:56","guid":{"rendered":"https:\/\/bruce.cooltra.com\/pruebanos\/"},"modified":"2021-03-24T08:26:01","modified_gmt":"2021-03-24T07:26:01","slug":"pruebanos","status":"publish","type":"page","link":"https:\/\/cooltra.com\/it\/pruebanos\/","title":{"rendered":"Hai bisogno di una flotta per la tua impresa ?"},"content":{"rendered":"<div class=\"elementor-element elementor-element-5b725fa elementor-widget elementor-widget-text-editor\" data-id=\"5b725fa\" data-element_type=\"widget\" data-widget_type=\"text-editor.default\">\n<div class=\"elementor-widget-container\">\n<div class=\"elementor-text-editor elementor-clearfix\">\n<p><b>Vuoi fare una prova gratuita dei nostri scooter a Roma e Milano?<\/b><\/p>\n<p>Se ti interessa questo servizio per la tua impresa,\u00a0<strong>riempi il questionario che trovi in questa pagina<\/strong>\u00a0e uno dei nostri commerciali si metter\u00e0 in contatto con te per fornirti tutte le informazioni di cui hai bisogno\u00a0. Fai una prova gratuita a\u00a0<strong>Roma e Milano<\/strong>!<\/p>\n<p><strong>Cooltra<\/strong>\u00a0\u00e8 la compagnia leader nel fornire soluzioni di mobilit\u00e0, lavorando attraverso la tecnologia e il talento, cos\u00ec come l\u2019alta qualit\u00e0 del servizio\u00a0.<\/p>\n<p><strong>Cosa offriamo?<\/strong><\/p>\n<ul>\n<li><strong>Flessibilit\u00e0:\u00a0<\/strong>noleggi anche per uno o pi\u00f9 mesi<\/li>\n<li><strong>Comodit\u00e0:\u00a0<\/strong>paga una volta al mese e dimenticati di tutto il resto<\/li>\n<li><strong>Gestione di flotta:\u00a0<\/strong>controlla ogni aspetto della tua flotta<\/li>\n<li><strong>Basso investimento:\u00a0<\/strong>non comprare tutta la flotta di cui hai bisogno, affittala<\/li>\n<li><strong>Sostenibilit\u00e0:\u00a0<\/strong>pi\u00f9 di 4000 scooter sono elettrici<\/li>\n<li><strong>Soluzioni a misura:\u00a0<\/strong>siamo aperti a tutti i tipi di richieste<\/li>\n<\/ul>\n<p><strong>Perch\u00e9 Cooltra\u00a0?<\/strong><\/p>\n<ul>\n<li>Ti diamo\u00a0<strong>facilit\u00e0 e agilit\u00e0<\/strong>\u00a0nei tuoi spostamenti<\/li>\n<li>Abbiamo un grande impatto nell\u2019<strong>ottimizzazione del tempo e delle risorse<\/strong><\/li>\n<li>Guadagnerai in\u00a0<strong>risparmio economico e agevolazioni al finanziamento<\/strong><\/li>\n<li>Ci\u00a0<strong>adattiamo alle tue necessit\u00e0<\/strong><\/li>\n<li>Siamo presenti\u00a0<strong>sul mercato da pi\u00f9 di 10 anni<\/strong>\u00a0e offriamo soluzioni di mobilit\u00e0 e gestione di flotte a due ruote per imprese come<strong>\u00a0Just Eat, Sail Post &amp; City Poste, T-Bone Station &amp; T-Burger e Pony Zero che ha noleggiato i nostri scooter elettrici<\/strong>\u00a0.<\/li>\n<\/ul>\n<p><strong>Tutto senza pagare niente!<\/strong><\/p>\n<p>Non aspettare oltre e fissa la nostra prova scooter gratuita\u00a0.<\/p>\n<\/div>\n<\/div>\n<\/div>\n","protected":false},"excerpt":{"rendered":"<p>Vuoi fare una prova gratuita dei nostri scooter a Roma e Milano? Se ti interessa questo servizio per la tua impresa,\u00a0riempi il questionario che trovi in questa pagina\u00a0e uno dei nostri commerciali si metter\u00e0 in contatto con te per fornirti tutte le informazioni di cui hai bisogno\u00a0. Fai una prova gratuita a\u00a0Roma e Milano! Cooltra\u00a0\u00e8 [&hellip;]<\/p>\n","protected":false},"author":20,"featured_media":0,"parent":0,"menu_order":0,"comment_status":"closed","ping_status":"closed","template":"page-testus.php","meta":{"inline_featured_image":false},"yoast_head":"<!-- This site is optimized with the Yoast SEO plugin v20.10 - https:\/\/yoast.com\/wordpress\/plugins\/seo\/ -->\n<title>Hai bisogno di una flotta per la tua impresa ? - Cooltra<\/title>\n<meta name=\"robots\" content=\"index, follow, max-snippet:-1, max-image-preview:large, max-video-preview:-1\" \/>\n<link rel=\"canonical\" href=\"https:\/\/cooltra.com\/it\/pruebanos\/\" \/>\n<meta property=\"og:locale\" content=\"it_IT\" \/>\n<meta property=\"og:type\" content=\"article\" \/>\n<meta property=\"og:title\" content=\"Hai bisogno di una flotta per la tua impresa ? - Cooltra\" \/>\n<meta property=\"og:description\" content=\"Vuoi fare una prova gratuita dei nostri scooter a Roma e Milano? Se ti interessa questo servizio per la tua impresa,\u00a0riempi il questionario che trovi in questa pagina\u00a0e uno dei nostri commerciali si metter\u00e0 in contatto con te per fornirti tutte le informazioni di cui hai bisogno\u00a0. Fai una prova gratuita a\u00a0Roma e Milano! Cooltra\u00a0\u00e8 [&hellip;]\" \/>\n<meta property=\"og:url\" content=\"https:\/\/cooltra.com\/it\/pruebanos\/\" \/>\n<meta property=\"og:site_name\" content=\"Cooltra\" \/>\n<meta property=\"article:publisher\" content=\"https:\/\/www.facebook.com\/CooltraMotos\/\" \/>\n<meta property=\"article:modified_time\" content=\"2021-03-24T07:26:01+00:00\" \/>\n<meta property=\"og:image\" content=\"https:\/\/cdn.cooltra.com\/uploads\/2018\/04\/cooltra-alquiler-de-motos-y-scooter-de-gasolina-y-electricas.png\" \/>\n\t<meta property=\"og:image:width\" content=\"2000\" \/>\n\t<meta property=\"og:image:height\" content=\"510\" \/>\n\t<meta property=\"og:image:type\" content=\"image\/png\" \/>\n<meta name=\"twitter:card\" content=\"summary_large_image\" \/>\n<meta name=\"twitter:site\" content=\"@cooltra\" \/>\n<meta name=\"twitter:label1\" content=\"Tempo di lettura stimato\" \/>\n\t<meta name=\"twitter:data1\" content=\"2 minuti\" \/>\n<script type=\"application\/ld+json\" class=\"yoast-schema-graph\">{\"@context\":\"https:\/\/schema.org\",\"@graph\":[{\"@type\":\"WebPage\",\"@id\":\"https:\/\/cooltra.com\/it\/pruebanos\/\",\"url\":\"https:\/\/cooltra.com\/it\/pruebanos\/\",\"name\":\"Hai bisogno di una flotta per la tua impresa ? - Cooltra\",\"isPartOf\":{\"@id\":\"https:\/\/cooltra.com\/it\/#website\"},\"datePublished\":\"2021-01-26T14:30:56+00:00\",\"dateModified\":\"2021-03-24T07:26:01+00:00\",\"inLanguage\":\"it-IT\",\"potentialAction\":[{\"@type\":\"ReadAction\",\"target\":[\"https:\/\/cooltra.com\/it\/pruebanos\/\"]}]},{\"@type\":\"WebSite\",\"@id\":\"https:\/\/cooltra.com\/it\/#website\",\"url\":\"https:\/\/cooltra.com\/it\/\",\"name\":\"Cooltra\",\"description\":\"Alquiler de motos y scooters de gasolina y el\u00e9ctricas\",\"publisher\":{\"@id\":\"https:\/\/cooltra.com\/it\/#organization\"},\"potentialAction\":[{\"@type\":\"SearchAction\",\"target\":{\"@type\":\"EntryPoint\",\"urlTemplate\":\"https:\/\/cooltra.com\/it\/?s={search_term_string}\"},\"query-input\":\"required name=search_term_string\"}],\"inLanguage\":\"it-IT\"},{\"@type\":\"Organization\",\"@id\":\"https:\/\/cooltra.com\/it\/#organization\",\"name\":\"Cooltra\",\"url\":\"https:\/\/cooltra.com\/it\/\",\"logo\":{\"@type\":\"ImageObject\",\"inLanguage\":\"it-IT\",\"@id\":\"https:\/\/cooltra.com\/it\/#\/schema\/logo\/image\/\",\"url\":\"https:\/\/cdn.cooltra.com\/uploads\/2022\/11\/Cooltra_Logo_A.png\",\"contentUrl\":\"https:\/\/cdn.cooltra.com\/uploads\/2022\/11\/Cooltra_Logo_A.png\",\"width\":300,\"height\":298,\"caption\":\"Cooltra\"},\"image\":{\"@id\":\"https:\/\/cooltra.com\/it\/#\/schema\/logo\/image\/\"},\"sameAs\":[\"https:\/\/www.facebook.com\/CooltraMotos\/\",\"https:\/\/twitter.com\/cooltra\",\"https:\/\/www.instagram.com\/cooltra_motos\/\"]}]}<\/script>\n<!-- \/ Yoast SEO plugin. -->","yoast_head_json":{"title":"Hai bisogno di una flotta per la tua impresa ? - Cooltra","robots":{"index":"index","follow":"follow","max-snippet":"max-snippet:-1","max-image-preview":"max-image-preview:large","max-video-preview":"max-video-preview:-1"},"canonical":"https:\/\/cooltra.com\/it\/pruebanos\/","og_locale":"it_IT","og_type":"article","og_title":"Hai bisogno di una flotta per la tua impresa ? - Cooltra","og_description":"Vuoi fare una prova gratuita dei nostri scooter a Roma e Milano? Se ti interessa questo servizio per la tua impresa,\u00a0riempi il questionario che trovi in questa pagina\u00a0e uno dei nostri commerciali si metter\u00e0 in contatto con te per fornirti tutte le informazioni di cui hai bisogno\u00a0. Fai una prova gratuita a\u00a0Roma e Milano! Cooltra\u00a0\u00e8 [&hellip;]","og_url":"https:\/\/cooltra.com\/it\/pruebanos\/","og_site_name":"Cooltra","article_publisher":"https:\/\/www.facebook.com\/CooltraMotos\/","article_modified_time":"2021-03-24T07:26:01+00:00","og_image":[{"width":2000,"height":510,"url":"https:\/\/cdn.cooltra.com\/uploads\/2018\/04\/cooltra-alquiler-de-motos-y-scooter-de-gasolina-y-electricas.png","type":"image\/png"}],"twitter_card":"summary_large_image","twitter_site":"@cooltra","twitter_misc":{"Tempo di lettura stimato":"2 minuti"},"schema":{"@context":"https:\/\/schema.org","@graph":[{"@type":"WebPage","@id":"https:\/\/cooltra.com\/it\/pruebanos\/","url":"https:\/\/cooltra.com\/it\/pruebanos\/","name":"Hai bisogno di una flotta per la tua impresa ? - Cooltra","isPartOf":{"@id":"https:\/\/cooltra.com\/it\/#website"},"datePublished":"2021-01-26T14:30:56+00:00","dateModified":"2021-03-24T07:26:01+00:00","inLanguage":"it-IT","potentialAction":[{"@type":"ReadAction","target":["https:\/\/cooltra.com\/it\/pruebanos\/"]}]},{"@type":"WebSite","@id":"https:\/\/cooltra.com\/it\/#website","url":"https:\/\/cooltra.com\/it\/","name":"Cooltra","description":"Alquiler de motos y scooters de gasolina y el\u00e9ctricas","publisher":{"@id":"https:\/\/cooltra.com\/it\/#organization"},"potentialAction":[{"@type":"SearchAction","target":{"@type":"EntryPoint","urlTemplate":"https:\/\/cooltra.com\/it\/?s={search_term_string}"},"query-input":"required name=search_term_string"}],"inLanguage":"it-IT"},{"@type":"Organization","@id":"https:\/\/cooltra.com\/it\/#organization","name":"Cooltra","url":"https:\/\/cooltra.com\/it\/","logo":{"@type":"ImageObject","inLanguage":"it-IT","@id":"https:\/\/cooltra.com\/it\/#\/schema\/logo\/image\/","url":"https:\/\/cdn.cooltra.com\/uploads\/2022\/11\/Cooltra_Logo_A.png","contentUrl":"https:\/\/cdn.cooltra.com\/uploads\/2022\/11\/Cooltra_Logo_A.png","width":300,"height":298,"caption":"Cooltra"},"image":{"@id":"https:\/\/cooltra.com\/it\/#\/schema\/logo\/image\/"},"sameAs":["https:\/\/www.facebook.com\/CooltraMotos\/","https:\/\/twitter.com\/cooltra","https:\/\/www.instagram.com\/cooltra_motos\/"]}]}},"_links":{"self":[{"href":"https:\/\/cooltra.com\/it\/wp-json\/wp\/v2\/pages\/31887"}],"collection":[{"href":"https:\/\/cooltra.com\/it\/wp-json\/wp\/v2\/pages"}],"about":[{"href":"https:\/\/cooltra.com\/it\/wp-json\/wp\/v2\/types\/page"}],"author":[{"embeddable":true,"href":"https:\/\/cooltra.com\/it\/wp-json\/wp\/v2\/users\/20"}],"replies":[{"embeddable":true,"href":"https:\/\/cooltra.com\/it\/wp-json\/wp\/v2\/comments?post=31887"}],"version-history":[{"count":4,"href":"https:\/\/cooltra.com\/it\/wp-json\/wp\/v2\/pages\/31887\/revisions"}],"predecessor-version":[{"id":32465,"href":"https:\/\/cooltra.com\/it\/wp-json\/wp\/v2\/pages\/31887\/revisions\/32465"}],"wp:attachment":[{"href":"https:\/\/cooltra.com\/it\/wp-json\/wp\/v2\/media?parent=31887"}],"curies":[{"name":"wp","href":"https:\/\/api.w.org\/{rel}","templated":true}]}}