{"id":31043,"date":"2021-03-08T09:28:05","date_gmt":"2021-03-08T08:28:05","guid":{"rendered":"https:\/\/bruce.cooltra.com\/nuestra-historia\/"},"modified":"2024-10-18T12:40:24","modified_gmt":"2024-10-18T11:40:24","slug":"nuestra-historia","status":"publish","type":"page","link":"https:\/\/cooltra.com\/it\/la-nostra-storia\/","title":{"rendered":"La nostra storia"},"content":{"rendered":"<p><span class=\"TextRun SCXW219427888 BCX0\" lang=\"IT-IT\" xml:lang=\"IT-IT\" data-contrast=\"auto\"><span class=\"NormalTextRun SCXW219427888 BCX0\">Cooltra nasce nel 2006 a<\/span><span class=\"NormalTextRun SCXW219427888 BCX0\"> Barcellon<\/span><span class=\"NormalTextRun SCXW219427888 BCX0\">a come<\/span><span class=\"NormalTextRun SCXW219427888 BCX0\"> rispost<\/span><span class=\"NormalTextRun SCXW219427888 BCX0\">a a<\/span><span class=\"NormalTextRun SCXW219427888 BCX0\">d<\/span><span class=\"NormalTextRun SCXW219427888 BCX0\"> un<\/span><span class=\"NormalTextRun SCXW219427888 BCX0\"> bisogn<\/span><span class=\"NormalTextRun SCXW219427888 BCX0\">o. Timo <\/span><span class=\"NormalTextRun SpellingErrorV2Themed SCXW219427888 BCX0\">Buetefisch<\/span><span class=\"NormalTextRun SCXW219427888 BCX0\">,<\/span><span class=\"NormalTextRun SCXW219427888 BCX0\"> amministrator<\/span><span class=\"NormalTextRun SCXW219427888 BCX0\">e<\/span><span class=\"NormalTextRun SCXW219427888 BCX0\"> delegat<\/span><span class=\"NormalTextRun SCXW219427888 BCX0\">o<\/span><span class=\"NormalTextRun SCXW219427888 BCX0\"> dell&#8217;aziend<\/span><span class=\"NormalTextRun SCXW219427888 BCX0\">a, un<\/span><span class=\"NormalTextRun SCXW219427888 BCX0\"> giorn<\/span><span class=\"NormalTextRun SCXW219427888 BCX0\">o,<\/span><span class=\"NormalTextRun SCXW219427888 BCX0\"> lasciand<\/span><span class=\"NormalTextRun SCXW219427888 BCX0\">o la<\/span><span class=\"NormalTextRun SCXW219427888 BCX0\"> su<\/span><span class=\"NormalTextRun SCXW219427888 BCX0\">a moto in<\/span><span class=\"NormalTextRun SCXW219427888 BCX0\"> officin<\/span><span class=\"NormalTextRun SCXW219427888 BCX0\">a, si \u00e8<\/span><span class=\"NormalTextRun SCXW219427888 BCX0\"> accort<\/span><span class=\"NormalTextRun SCXW219427888 BCX0\">o che non<\/span><span class=\"NormalTextRun SCXW219427888 BCX0\"> esistev<\/span><span class=\"NormalTextRun SCXW219427888 BCX0\">a un<\/span><span class=\"NormalTextRun SCXW219427888 BCX0\"> servizi<\/span><span class=\"NormalTextRun SCXW219427888 BCX0\">o di<\/span><span class=\"NormalTextRun SCXW219427888 BCX0\"> noleggi<\/span><span class=\"NormalTextRun SCXW219427888 BCX0\">o<\/span><span class=\"NormalTextRun SCXW219427888 BCX0\"> giornalier<\/span><span class=\"NormalTextRun SCXW219427888 BCX0\">o. \u00c8<\/span><span class=\"NormalTextRun SCXW219427888 BCX0\"> cos<\/span><span class=\"NormalTextRun SCXW219427888 BCX0\">\u00ec che Cooltra, con i<\/span><span class=\"NormalTextRun SCXW219427888 BCX0\"> suo<\/span><span class=\"NormalTextRun SCXW219427888 BCX0\">i<\/span><span class=\"NormalTextRun SCXW219427888 BCX0\"> cofondator<\/span><span class=\"NormalTextRun SCXW219427888 BCX0\">i Holger e Henrik<\/span> <span class=\"NormalTextRun SpellingErrorV2Themed SCXW219427888 BCX0\">Sprenge<\/span><span class=\"NormalTextRun SpellingErrorV2Themed SCXW219427888 BCX0\">l<\/span><span class=\"NormalTextRun SCXW219427888 BCX0\">, \u00e8 nata come un<\/span><span class=\"NormalTextRun SCXW219427888 BCX0\"> negozi<\/span><span class=\"NormalTextRun SCXW219427888 BCX0\">o con 50 scooter a<\/span><span class=\"NormalTextRun SCXW219427888 BCX0\"> noleggi<\/span><span class=\"NormalTextRun SCXW219427888 BCX0\">o e, con<\/span><span class=\"NormalTextRun SCXW219427888 BCX0\"> i<\/span><span class=\"NormalTextRun SCXW219427888 BCX0\">l<\/span><span class=\"NormalTextRun SCXW219427888 BCX0\"> passar<\/span><span class=\"NormalTextRun SCXW219427888 BCX0\">e del tempo e<\/span><span class=\"NormalTextRun SCXW219427888 BCX0\"> dell<\/span><span class=\"NormalTextRun SCXW219427888 BCX0\">a<\/span><span class=\"NormalTextRun SCXW219427888 BCX0\"> perseveranz<\/span><span class=\"NormalTextRun SCXW219427888 BCX0\">a, \u00e8<\/span><span class=\"NormalTextRun SCXW219427888 BCX0\"> diventat<\/span><span class=\"NormalTextRun SCXW219427888 BCX0\">a<\/span><span class=\"NormalTextRun SCXW219427888 BCX0\"> un&#8217;aziend<\/span><span class=\"NormalTextRun SCXW219427888 BCX0\">a di cui si<\/span><span class=\"NormalTextRun SCXW219427888 BCX0\"> fidan<\/span><span class=\"NormalTextRun SCXW219427888 BCX0\">o<\/span><span class=\"NormalTextRun SCXW219427888 BCX0\"> privat<\/span><span class=\"NormalTextRun SCXW219427888 BCX0\">i,<\/span><span class=\"NormalTextRun SCXW219427888 BCX0\"> aziend<\/span><span class=\"NormalTextRun SCXW219427888 BCX0\">e e<\/span><span class=\"NormalTextRun SCXW219427888 BCX0\">d<\/span><span class=\"NormalTextRun SCXW219427888 BCX0\"> amministrazion<\/span><span class=\"NormalTextRun SCXW219427888 BCX0\">i<\/span><span class=\"NormalTextRun SCXW219427888 BCX0\"> pubblich<\/span><span class=\"NormalTextRun SCXW219427888 BCX0\">e. <\/span><\/span><span class=\"LineBreakBlob BlobObject DragDrop SCXW219427888 BCX0\"><span class=\"SCXW219427888 BCX0\">\u00a0<\/span><\/span><\/p>\n<p><span class=\"TextRun SCXW219427888 BCX0\" lang=\"IT-IT\" xml:lang=\"IT-IT\" data-contrast=\"auto\"><span class=\"NormalTextRun SCXW219427888 BCX0\">Nel corso di<\/span><span class=\"NormalTextRun SCXW219427888 BCX0\"> quest<\/span><span class=\"NormalTextRun SCXW219427888 BCX0\">i<\/span><span class=\"NormalTextRun SCXW219427888 BCX0\"> ann<\/span><span class=\"NormalTextRun SCXW219427888 BCX0\">i Cooltra ha<\/span><span class=\"NormalTextRun SCXW219427888 BCX0\"> promoss<\/span><span class=\"NormalTextRun SCXW219427888 BCX0\">o diverse<\/span><span class=\"NormalTextRun SCXW219427888 BCX0\"> line<\/span><span class=\"NormalTextRun SCXW219427888 BCX0\">e di<\/span><span class=\"NormalTextRun SCXW219427888 BCX0\"> busines<\/span><span class=\"NormalTextRun SCXW219427888 BCX0\">s. Cooltra<\/span><span class=\"NormalTextRun SCXW219427888 BCX0\"> sharin<\/span><span class=\"NormalTextRun SCXW219427888 BCX0\">g,<\/span><span class=\"NormalTextRun SCXW219427888 BCX0\"> i<\/span><span class=\"NormalTextRun SCXW219427888 BCX0\">l<\/span><span class=\"NormalTextRun SCXW219427888 BCX0\"> pi<\/span><span class=\"NormalTextRun SCXW219427888 BCX0\">\u00f9 grande<\/span> <span class=\"NormalTextRun SCXW219427888 BCX0\">servizio di scooter <\/span><span class=\"NormalTextRun SCXW219427888 BCX0\">sharin<\/span><span class=\"NormalTextRun SCXW219427888 BCX0\">g<\/span><span class=\"NormalTextRun SCXW219427888 BCX0\"> d&#8217;Europ<\/span><span class=\"NormalTextRun SCXW219427888 BCX0\">a, presente in 9<\/span><span class=\"NormalTextRun SCXW219427888 BCX0\"> citt<\/span><span class=\"NormalTextRun SCXW219427888 BCX0\">\u00e0 <\/span><span class=\"NormalTextRun SCXW219427888 BCX0\">(Barcellon<\/span><span class=\"NormalTextRun SCXW219427888 BCX0\">a, Madrid, Valencia,<\/span><span class=\"NormalTextRun SCXW219427888 BCX0\"> Sivigli<\/span><span class=\"NormalTextRun SCXW219427888 BCX0\">a, Roma, Milano, Torino,<\/span><span class=\"NormalTextRun SCXW219427888 BCX0\"> Lisbon<\/span><span class=\"NormalTextRun SCXW219427888 BCX0\">a,<\/span><span class=\"NormalTextRun SCXW219427888 BCX0\"> Parig<\/span><span class=\"NormalTextRun SCXW219427888 BCX0\">i e diverse<\/span><span class=\"NormalTextRun SCXW219427888 BCX0\"> citt<\/span><span class=\"NormalTextRun SCXW219427888 BCX0\">\u00e0<\/span><span class=\"NormalTextRun SCXW219427888 BCX0\"> de<\/span><span class=\"NormalTextRun SCXW219427888 BCX0\">i<\/span><span class=\"NormalTextRun SCXW219427888 BCX0\"> Paes<\/span><span class=\"NormalTextRun SCXW219427888 BCX0\">i<\/span><span class=\"NormalTextRun SCXW219427888 BCX0\"> Bass<\/span><span class=\"NormalTextRun SCXW219427888 BCX0\">i e del<\/span><span class=\"NormalTextRun SCXW219427888 BCX0\"> Belgi<\/span><span class=\"NormalTextRun SCXW219427888 BCX0\">o), e che nel 2020 <\/span><span class=\"NormalTextRun SCXW219427888 BCX0\">lancia <\/span><span class=\"NormalTextRun SCXW219427888 BCX0\">anche\u00a0<\/span> <span class=\"NormalTextRun SCXW219427888 BCX0\">i<\/span><span class=\"NormalTextRun SCXW219427888 BCX0\">l<\/span><span class=\"NormalTextRun SCXW219427888 BCX0\"> servizi<\/span><span class=\"NormalTextRun SCXW219427888 BCX0\">o di<\/span><span class=\"NormalTextRun SCXW219427888 BCX0\"> biciclett<\/span><span class=\"NormalTextRun SCXW219427888 BCX0\">e<\/span><span class=\"NormalTextRun SCXW219427888 BCX0\"> condivis<\/span><span class=\"NormalTextRun SCXW219427888 BCX0\">e a<\/span><span class=\"NormalTextRun SCXW219427888 BCX0\"> Barcellon<\/span><span class=\"NormalTextRun SCXW219427888 BCX0\">a. <\/span><\/span><span class=\"LineBreakBlob BlobObject DragDrop SCXW219427888 BCX0\"><span class=\"SCXW219427888 BCX0\">\u00a0<\/span><\/span><\/p>\n<p><span class=\"TextRun SCXW219427888 BCX0\" lang=\"IT-IT\" xml:lang=\"IT-IT\" data-contrast=\"auto\"><span class=\"NormalTextRun SCXW219427888 BCX0\">Cooltra Group, nelle sue tre linee di business, dispone di una flotta di 30.000 scooter, di cui l&#8217;85% gi\u00e0 elettrici, pi\u00f9 di 2.000 biciclette elettriche e 600 professionisti distribuiti in 9 paesi che lavorano quotidianamente per offrire il miglior servizio, qualunque sia<\/span><span class=\"NormalTextRun SCXW219427888 BCX0\">no <\/span><span class=\"NormalTextRun SCXW219427888 BCX0\">le esigenze dei clienti<\/span><span class=\"NormalTextRun SCXW219427888 BCX0\">.<\/span><\/span><span class=\"EOP SCXW219427888 BCX0\" data-ccp-props=\"{}\">\u00a0<\/span><\/p>\n","protected":false},"excerpt":{"rendered":"<p>Cooltra nasce nel 2006 a Barcellona come risposta ad un bisogno. Timo Buetefisch, amministratore delegato dell&#8217;azienda, un giorno, lasciando la sua moto in officina, si \u00e8 accorto che non esisteva un servizio di noleggio giornaliero. \u00c8 cos\u00ec che Cooltra, con i suoi cofondatori Holger e Henrik Sprengel, \u00e8 nata come un negozio con 50 scooter [&hellip;]<\/p>\n","protected":false},"author":20,"featured_media":0,"parent":0,"menu_order":0,"comment_status":"closed","ping_status":"closed","template":"page-img.php","meta":{"inline_featured_image":false},"yoast_head":"<!-- This site is optimized with the Yoast SEO plugin v20.10 - https:\/\/yoast.com\/wordpress\/plugins\/seo\/ -->\n<title>La nostra storia - Cooltra<\/title>\n<meta name=\"robots\" content=\"index, follow, max-snippet:-1, max-image-preview:large, max-video-preview:-1\" \/>\n<link rel=\"canonical\" href=\"https:\/\/cooltra.com\/it\/la-nostra-storia\/\" \/>\n<meta property=\"og:locale\" content=\"it_IT\" \/>\n<meta property=\"og:type\" content=\"article\" \/>\n<meta property=\"og:title\" content=\"La nostra storia - Cooltra\" \/>\n<meta property=\"og:description\" content=\"Cooltra nasce nel 2006 a Barcellona come risposta ad un bisogno. Timo Buetefisch, amministratore delegato dell&#8217;azienda, un giorno, lasciando la sua moto in officina, si \u00e8 accorto che non esisteva un servizio di noleggio giornaliero. \u00c8 cos\u00ec che Cooltra, con i suoi cofondatori Holger e Henrik Sprengel, \u00e8 nata come un negozio con 50 scooter [&hellip;]\" \/>\n<meta property=\"og:url\" content=\"https:\/\/cooltra.com\/it\/la-nostra-storia\/\" \/>\n<meta property=\"og:site_name\" content=\"Cooltra\" \/>\n<meta property=\"article:publisher\" content=\"https:\/\/www.facebook.com\/CooltraMotos\/\" \/>\n<meta property=\"article:modified_time\" content=\"2024-10-18T11:40:24+00:00\" \/>\n<meta property=\"og:image\" content=\"https:\/\/cdn.cooltra.com\/uploads\/2018\/04\/cooltra-alquiler-de-motos-y-scooter-de-gasolina-y-electricas.png\" \/>\n\t<meta property=\"og:image:width\" content=\"2000\" \/>\n\t<meta property=\"og:image:height\" content=\"510\" \/>\n\t<meta property=\"og:image:type\" content=\"image\/png\" \/>\n<meta name=\"twitter:card\" content=\"summary_large_image\" \/>\n<meta name=\"twitter:site\" content=\"@cooltra\" \/>\n<meta name=\"twitter:label1\" content=\"Tempo di lettura stimato\" \/>\n\t<meta name=\"twitter:data1\" content=\"2 minuti\" \/>\n<script type=\"application\/ld+json\" class=\"yoast-schema-graph\">{\"@context\":\"https:\/\/schema.org\",\"@graph\":[{\"@type\":\"WebPage\",\"@id\":\"https:\/\/cooltra.com\/it\/la-nostra-storia\/\",\"url\":\"https:\/\/cooltra.com\/it\/la-nostra-storia\/\",\"name\":\"La nostra storia - Cooltra\",\"isPartOf\":{\"@id\":\"https:\/\/cooltra.com\/it\/#website\"},\"datePublished\":\"2021-03-08T08:28:05+00:00\",\"dateModified\":\"2024-10-18T11:40:24+00:00\",\"inLanguage\":\"it-IT\",\"potentialAction\":[{\"@type\":\"ReadAction\",\"target\":[\"https:\/\/cooltra.com\/it\/la-nostra-storia\/\"]}]},{\"@type\":\"WebSite\",\"@id\":\"https:\/\/cooltra.com\/it\/#website\",\"url\":\"https:\/\/cooltra.com\/it\/\",\"name\":\"Cooltra\",\"description\":\"Alquiler de motos y scooters de gasolina y el\u00e9ctricas\",\"publisher\":{\"@id\":\"https:\/\/cooltra.com\/it\/#organization\"},\"potentialAction\":[{\"@type\":\"SearchAction\",\"target\":{\"@type\":\"EntryPoint\",\"urlTemplate\":\"https:\/\/cooltra.com\/it\/?s={search_term_string}\"},\"query-input\":\"required name=search_term_string\"}],\"inLanguage\":\"it-IT\"},{\"@type\":\"Organization\",\"@id\":\"https:\/\/cooltra.com\/it\/#organization\",\"name\":\"Cooltra\",\"url\":\"https:\/\/cooltra.com\/it\/\",\"logo\":{\"@type\":\"ImageObject\",\"inLanguage\":\"it-IT\",\"@id\":\"https:\/\/cooltra.com\/it\/#\/schema\/logo\/image\/\",\"url\":\"https:\/\/cdn.cooltra.com\/uploads\/2022\/11\/Cooltra_Logo_A.png\",\"contentUrl\":\"https:\/\/cdn.cooltra.com\/uploads\/2022\/11\/Cooltra_Logo_A.png\",\"width\":300,\"height\":298,\"caption\":\"Cooltra\"},\"image\":{\"@id\":\"https:\/\/cooltra.com\/it\/#\/schema\/logo\/image\/\"},\"sameAs\":[\"https:\/\/www.facebook.com\/CooltraMotos\/\",\"https:\/\/twitter.com\/cooltra\",\"https:\/\/www.instagram.com\/cooltra_motos\/\"]}]}<\/script>\n<!-- \/ Yoast SEO plugin. -->","yoast_head_json":{"title":"La nostra storia - Cooltra","robots":{"index":"index","follow":"follow","max-snippet":"max-snippet:-1","max-image-preview":"max-image-preview:large","max-video-preview":"max-video-preview:-1"},"canonical":"https:\/\/cooltra.com\/it\/la-nostra-storia\/","og_locale":"it_IT","og_type":"article","og_title":"La nostra storia - Cooltra","og_description":"Cooltra nasce nel 2006 a Barcellona come risposta ad un bisogno. Timo Buetefisch, amministratore delegato dell&#8217;azienda, un giorno, lasciando la sua moto in officina, si \u00e8 accorto che non esisteva un servizio di noleggio giornaliero. \u00c8 cos\u00ec che Cooltra, con i suoi cofondatori Holger e Henrik Sprengel, \u00e8 nata come un negozio con 50 scooter [&hellip;]","og_url":"https:\/\/cooltra.com\/it\/la-nostra-storia\/","og_site_name":"Cooltra","article_publisher":"https:\/\/www.facebook.com\/CooltraMotos\/","article_modified_time":"2024-10-18T11:40:24+00:00","og_image":[{"width":2000,"height":510,"url":"https:\/\/cdn.cooltra.com\/uploads\/2018\/04\/cooltra-alquiler-de-motos-y-scooter-de-gasolina-y-electricas.png","type":"image\/png"}],"twitter_card":"summary_large_image","twitter_site":"@cooltra","twitter_misc":{"Tempo di lettura stimato":"2 minuti"},"schema":{"@context":"https:\/\/schema.org","@graph":[{"@type":"WebPage","@id":"https:\/\/cooltra.com\/it\/la-nostra-storia\/","url":"https:\/\/cooltra.com\/it\/la-nostra-storia\/","name":"La nostra storia - Cooltra","isPartOf":{"@id":"https:\/\/cooltra.com\/it\/#website"},"datePublished":"2021-03-08T08:28:05+00:00","dateModified":"2024-10-18T11:40:24+00:00","inLanguage":"it-IT","potentialAction":[{"@type":"ReadAction","target":["https:\/\/cooltra.com\/it\/la-nostra-storia\/"]}]},{"@type":"WebSite","@id":"https:\/\/cooltra.com\/it\/#website","url":"https:\/\/cooltra.com\/it\/","name":"Cooltra","description":"Alquiler de motos y scooters de gasolina y el\u00e9ctricas","publisher":{"@id":"https:\/\/cooltra.com\/it\/#organization"},"potentialAction":[{"@type":"SearchAction","target":{"@type":"EntryPoint","urlTemplate":"https:\/\/cooltra.com\/it\/?s={search_term_string}"},"query-input":"required name=search_term_string"}],"inLanguage":"it-IT"},{"@type":"Organization","@id":"https:\/\/cooltra.com\/it\/#organization","name":"Cooltra","url":"https:\/\/cooltra.com\/it\/","logo":{"@type":"ImageObject","inLanguage":"it-IT","@id":"https:\/\/cooltra.com\/it\/#\/schema\/logo\/image\/","url":"https:\/\/cdn.cooltra.com\/uploads\/2022\/11\/Cooltra_Logo_A.png","contentUrl":"https:\/\/cdn.cooltra.com\/uploads\/2022\/11\/Cooltra_Logo_A.png","width":300,"height":298,"caption":"Cooltra"},"image":{"@id":"https:\/\/cooltra.com\/it\/#\/schema\/logo\/image\/"},"sameAs":["https:\/\/www.facebook.com\/CooltraMotos\/","https:\/\/twitter.com\/cooltra","https:\/\/www.instagram.com\/cooltra_motos\/"]}]}},"_links":{"self":[{"href":"https:\/\/cooltra.com\/it\/wp-json\/wp\/v2\/pages\/31043"}],"collection":[{"href":"https:\/\/cooltra.com\/it\/wp-json\/wp\/v2\/pages"}],"about":[{"href":"https:\/\/cooltra.com\/it\/wp-json\/wp\/v2\/types\/page"}],"author":[{"embeddable":true,"href":"https:\/\/cooltra.com\/it\/wp-json\/wp\/v2\/users\/20"}],"replies":[{"embeddable":true,"href":"https:\/\/cooltra.com\/it\/wp-json\/wp\/v2\/comments?post=31043"}],"version-history":[{"count":14,"href":"https:\/\/cooltra.com\/it\/wp-json\/wp\/v2\/pages\/31043\/revisions"}],"predecessor-version":[{"id":89112,"href":"https:\/\/cooltra.com\/it\/wp-json\/wp\/v2\/pages\/31043\/revisions\/89112"}],"wp:attachment":[{"href":"https:\/\/cooltra.com\/it\/wp-json\/wp\/v2\/media?parent=31043"}],"curies":[{"name":"wp","href":"https:\/\/api.w.org\/{rel}","templated":true}]}}