{"id":14900,"date":"2018-12-20T10:47:13","date_gmt":"2018-12-20T09:47:13","guid":{"rendered":"https:\/\/frankie.cooltra.com\/bases-legales-sorteo-cesta-motera-navidad-2019\/"},"modified":"2018-12-20T15:08:20","modified_gmt":"2018-12-20T14:08:20","slug":"bases-legales-sorteo-cesta-motera-navidad-2019","status":"publish","type":"page","link":"https:\/\/cooltra.com\/it\/bases-legales-sorteo-cesta-motera-navidad-2019\/","title":{"rendered":"NORME LEGALI DEL SORTEGGIO CESTO NATALIZIO PER MOTOCICLISTI 2019"},"content":{"rendered":"<h2 style=\"text-align: center;\"><\/h2>\n<p><strong>AZIENDA PROMOTRICE<\/strong><\/p>\n<p>Cooltra Scooter, con sede legale a C\/ Reina Cristina, 2, 2-2, 08003, Barcellona e con CIF n\u00ba B-64146632.<\/p>\n<p>&nbsp;<\/p>\n<p><strong>1) AMBITO TEMPORANEO DELLA PROMOZIONE<\/strong><br \/>\nLa promozione inizier\u00e0 il 21\/12\/2018 e terminer\u00e0 il 31\/12\/2018.<\/p>\n<p>&nbsp;<\/p>\n<p><strong>2) REQUISITI PER LA PARTECIPAZIONE E SVOLGIMENTO DELLA PROMOZIONE<\/strong><br \/>\nL&#8217;utente potr\u00e0 partecipare alla Promozione:<br \/>\nEntro i suddetti termini previsti, L&#8217;utente deve mettere un like al post del concorso, seguire @cooltra_motos e far partecipare tre amici.<\/p>\n<p>La partecipazione \u00e8 gratuita, volontaria e limitata a chi soddisfa tutti i requisiti:<br \/>\nessere una persona fisica;<br \/>\navere un&#8217;et\u00e0 maggiore di 18 anni;<br \/>\nessere residente in Spagna, Francia, Italia o Portogallo.<\/p>\n<p>\u00c8 necessario rispettare i requisiti indicati nella clausola precedente sui meccanismi di partecipazione alla promozione.<\/p>\n<p>Non utilizzare la presente promozione per:<br \/>\ndiffondere idee politiche o religiose;<br \/>\nfavorire offese e\/o calunnie verso terzi;<br \/>\nusare un linguaggio violento, osceno o offensivo;<br \/>\npubblicare contenuti difformi dalla finalit\u00e0 dei meccanismi di promozione.<\/p>\n<p>&nbsp;<\/p>\n<p><strong>3) CONDIZIONI DELLA PROMOZIONE<\/strong><\/p>\n<p>Tra tutti i partecipanti che soddisfano i suddetti requisiti, il vincitore verr\u00e0 sorteggiato entro 72 ore dal termine del concorso.<\/p>\n<p>Se il vincitore non pu\u00f2 essere contattato entro 48 ore dal primo tentativo di contatto, oppure rinuncia al premio, verr\u00e0 selezionato un nuovo vincitore e quello precedente perder\u00e0 il diritto di richiedere il premio.<\/p>\n<p>&nbsp;<\/p>\n<p><strong>4) PREMI<\/strong><br \/>\nIl vincitore ricever\u00e0 i seguenti premi: 1 giorno di noleggio di uno scooter modello plus o premium Cooltra, 500 minuti gratis di scooter elettrico eCooltra, un casco per lo scooter, dei guanti da scooter e una giacca da motociclista.<\/p>\n<p>Il premio sar\u00e0 consegnato alle seguenti condizioni:<br \/>\n&#8211; La modalit\u00e0 di consegna del premio sar\u00e0 comunicata al vincitore nel momento in cui verr\u00e0 contattato.<br \/>\n&#8211; Le spese di viaggio per andare negli shop Cooltra al fine di usufruire della giornata di noleggio non sono incluse nel premio.<br \/>\n&#8211; il premio assegnato non sar\u00e0 trasferibile o suscettibile di modifiche, alterazioni o compensi su richiesta dei Partecipanti, dato che non pu\u00f2 essere scambiato con nessun altro prodotto o con denaro.<\/p>\n<p>&nbsp;<\/p>\n<p><strong>5) RISERVE E LIMITAZIONI<\/strong><\/p>\n<p>Cooltra Scooter sar\u00e0 esente da qualsiasi responsabilit\u00e0 in caso di errori nei dati forniti dai proprietari degli stessi che ne impediscano l&#8217;identificazione.<\/p>\n<p>La societ\u00e0 si riserva il diritto d&#8217;intraprendere azioni legali contro coloro che eseguono qualunque tipo di atto che possa essere considerato come una manipolazione o falsificazione del concorso.<\/p>\n<p>La societ\u00e0 respinge qualsiasi responsabilit\u00e0 per danni di qualsiasi natura che dovessero derivare dalla temporanea mancanza di disponibilit\u00e0 o continuit\u00e0 dei servizi attraverso i quali partecipa alla Promozione e qualsiasi accusa di frode per mancato godimenti dei servizi che gli utenti potrebbero attribuirgli.<\/p>\n<p>La societ\u00e0 si riserva il diritto di apportare modifiche allo scopo di portare a termine con successo il concorso quando vi sia una giusta causa o cause di forza maggiore che ne impediscano l&#8217;esecuzione nelle modalit\u00e0 previste dalle regole.<\/p>\n<p>La societ\u00e0 si riserva il diritto di posticipare, sospendere o prorogare il periodo del concorso, nonch\u00e9 il diritto di interpretare queste regole.<\/p>\n<p>Allo stesso modo, la societ\u00e0 organizzatrice sar\u00e0 esonerata da ogni responsabilit\u00e0 qualora si verifichi uno dei casi indicati, nonch\u00e9 da qualsiasi responsabilit\u00e0 per danni che potrebbero essere causati durante il godimento del premio.<\/p>\n<p>Cooltra Scooter si riserva il diritto, se necessario, di sostituire il premio con un altro simile.<\/p>\n<p>&nbsp;<\/p>\n<p><strong>6) PUBBLICAZIONE DI COMMENTI O PARERI<\/strong><\/p>\n<p>Non sono ammessi commenti o opinioni il cui contenuto sia considerato inappropriato, offensivo, lesivo o discriminatorio o che possa violare i diritti di terzi.<\/p>\n<p>N\u00e9 saranno ammessi commenti nei confronti di privati che violino i principi del diritto alla dignit\u00e0, alla privacy personale e familiare nonch\u00e9 all&#8217;immagine di s\u00e9.<\/p>\n<p>Non saremo responsabili per i danni causati dai commenti dei partecipanti alla Promozione e che in qualsiasi momento potrebbero danneggiare la sensibilit\u00e0 degli altri partecipanti.<\/p>\n<p>&nbsp;<\/p>\n<p><strong>7) CLAUSOLA DI ESCLUSIONE DELLA RESPONSABILIT\u00c0<\/strong><\/p>\n<p>A titolo esemplificativo e non esaustivo, non siamo responsabili per eventuali perdite, furti, ritardi o qualsiasi altra circostanza attribuibile a terzi che possa influenzare il corso di questa Promozione, n\u00e9 siamo responsabili per l&#8217;uso fatto dal partecipante del premio ottenuto da questa Promozione, n\u00e9 ci assumiamo alcuna responsabilit\u00e0 per eventuali perdite o danni di qualsiasi tipo in cui i partecipanti, il vincitore o terzi potrebbero incorrere.<\/p>\n<p>Non ci assumiamo responsabilit\u00e0 in caso di eventi di forza maggiore o fortuiti che possano impedire la realizzazione della Promozione o il godimento totale o parziale del premio.<\/p>\n<p>Nel caso in cui questa Promozione non possa essere effettuata, a causa di frodi, errori tecnici o qualsiasi altra ragione che sfugga al controllo di Cooltra Scooter e che influisca sul normale svolgimento del Concorso, ci riserviamo il diritto di cancellarla, modificarla o sospenderla, incluso il sito di partecipazione.<\/p>\n<p>&nbsp;<\/p>\n<p><strong>8) UTILIZZO DI FACEBOOK O DI ALTRI SOCIAL NETWORK COME PIATTAFORMA<\/strong><\/p>\n<p>Accettando questi Termini e Condizioni, i partecipanti si dissociano da Facebook, Twitter, Instagram o da qualsiasi altro social network e da qualsiasi reclamo che possa sorgere durante il corso della Promozione e accettano che Facebook e Twitter siano delle semplici piattaforme completamente indipendenti dalla Promozione.<\/p>\n<p>Facebook, Instagram e Twitter non sponsorizzano, promuovono o amministrano la Promozione in alcun modo, n\u00e9 sono ad essa associate.<\/p>\n<p>Le informazioni fornite dai partecipanti verranno inviate a Cooltra Scooter e non a Facebook.<\/p>\n<p>Le informazioni fornite verranno utilizzate solo per gli scopi definiti nelle regole.<\/p>\n<p>&nbsp;<\/p>\n<p><strong>9.- PROTEZIONE DEI DATI<\/strong><\/p>\n<p>I dati forniti dai partecipanti saranno trattati in modo confidenziale e raccolti in un file automatizzato di dati di natura personale coi licenziatari di Cooltra Scooter responsabili di tale file, il cui scopo sar\u00e0 la gestione del presente sorteggio e l&#8217;invio di informazioni commerciali che potrebbero essere di loro interesse.<\/p>\n<p>Le societ\u00e0 garantiscono la piena conformit\u00e0 col Regolamento (UE) 2016\/ 679 del 27 aprile, 2016 &#8220;RGPD&#8221; e il rispetto dei suoi standard di sviluppo complementari o rispettivi nel trattamento dei dati personali raccolti in questo sorteggio, in particolare per quanto riguarda il trattamento dei dati, l&#8217;accesso, la rettifica, il diritto di opposizione e di cancellazione dei dati personali dei concorrenti.<\/p>\n<p>L&#8217;utente potr\u00e0, in qualsiasi momento, esercitare i propri diritti in materia di accesso, rettifica, cancellazione, opposizione, portabilit\u00e0 e limitazione del consenso concesso per il trattamento dei propri dati personali inviando a Cooltra Scooter una lettera, debitamente firmata, ai suddetti indirizzi postali, in cui le informazioni di contatto dell&#8217;utente sono chiaramente indicate in modo da dimostrare la propria identit\u00e0; alternativamente, pu\u00f2 essere inviata al seguente indirizzo email:\u00a0rgpd@cooltra.com.<\/p>\n<p>&nbsp;<\/p>\n<p><strong>10) ACCETTAZIONE DEI TERMINI<\/strong><\/p>\n<p>La semplice partecipazione al concorso implica l&#8217;accettazione delle regole; di conseguenza, la manifestazione di intenti nel senso di non accettazione di tutte o parte di esse comporter\u00e0 l&#8217;esclusione del partecipante e, di conseguenza, la societ\u00e0 Cooltra Scooter sar\u00e0 liber\u00e0 dagli obblighi contrattuali nei confronti di tale partecipante.<\/p>\n<p>&nbsp;<\/p>\n<p><strong>11) LEGISLAZIONE APPLICABILE E GIURISDIZIONE<\/strong><\/p>\n<p>Queste norme legali saranno disciplinate in conformit\u00e0 con le leggi spagnole.<\/p>\n<p>Saranno le corti e i tribunali della citt\u00e0 di Barcellona ad avere la competenza per qualsiasi reclamo o controversia che possa sorgere in relazione alla validit\u00e0, interpretazione o adempimento di queste regole.<\/p>\n<p>&nbsp;<\/p>\n","protected":false},"excerpt":{"rendered":"<p>AZIENDA PROMOTRICE Cooltra Scooter, con sede legale a C\/ Reina Cristina, 2, 2-2, 08003, Barcellona e con CIF n\u00ba B-64146632. &nbsp; 1) AMBITO TEMPORANEO DELLA PROMOZIONE La promozione inizier\u00e0 il 21\/12\/2018 e terminer\u00e0 il 31\/12\/2018. &nbsp; 2) REQUISITI PER LA PARTECIPAZIONE E SVOLGIMENTO DELLA PROMOZIONE L&#8217;utente potr\u00e0 partecipare alla Promozione: Entro i suddetti termini previsti, [&hellip;]<\/p>\n","protected":false},"author":1,"featured_media":0,"parent":0,"menu_order":0,"comment_status":"closed","ping_status":"closed","template":"","meta":{"inline_featured_image":false},"yoast_head":"<!-- This site is optimized with the Yoast SEO plugin v20.10 - https:\/\/yoast.com\/wordpress\/plugins\/seo\/ -->\n<title>NORME LEGALI DEL SORTEGGIO CESTO NATALIZIO PER MOTOCICLISTI 2019 - Cooltra<\/title>\n<meta name=\"robots\" content=\"noindex, nofollow\" \/>\n<meta property=\"og:locale\" content=\"it_IT\" \/>\n<meta property=\"og:type\" content=\"article\" \/>\n<meta property=\"og:title\" content=\"NORME LEGALI DEL SORTEGGIO CESTO NATALIZIO PER MOTOCICLISTI 2019 - Cooltra\" \/>\n<meta property=\"og:description\" content=\"AZIENDA PROMOTRICE Cooltra Scooter, con sede legale a C\/ Reina Cristina, 2, 2-2, 08003, Barcellona e con CIF n\u00ba B-64146632. &nbsp; 1) AMBITO TEMPORANEO DELLA PROMOZIONE La promozione inizier\u00e0 il 21\/12\/2018 e terminer\u00e0 il 31\/12\/2018. &nbsp; 2) REQUISITI PER LA PARTECIPAZIONE E SVOLGIMENTO DELLA PROMOZIONE L&#8217;utente potr\u00e0 partecipare alla Promozione: Entro i suddetti termini previsti, [&hellip;]\" \/>\n<meta property=\"og:url\" content=\"https:\/\/cooltra.com\/it\/bases-legales-sorteo-cesta-motera-navidad-2019\/\" \/>\n<meta property=\"og:site_name\" content=\"Cooltra\" \/>\n<meta property=\"article:publisher\" content=\"https:\/\/www.facebook.com\/CooltraMotos\/\" \/>\n<meta property=\"article:modified_time\" content=\"2018-12-20T14:08:20+00:00\" \/>\n<meta property=\"og:image\" content=\"https:\/\/cdn.cooltra.com\/uploads\/2018\/04\/cooltra-alquiler-de-motos-y-scooter-de-gasolina-y-electricas.png\" \/>\n\t<meta property=\"og:image:width\" content=\"2000\" \/>\n\t<meta property=\"og:image:height\" content=\"510\" \/>\n\t<meta property=\"og:image:type\" content=\"image\/png\" \/>\n<meta name=\"twitter:card\" content=\"summary_large_image\" \/>\n<meta name=\"twitter:site\" content=\"@cooltra\" \/>\n<meta name=\"twitter:label1\" content=\"Tempo di lettura stimato\" \/>\n\t<meta name=\"twitter:data1\" content=\"6 minuti\" \/>\n<script type=\"application\/ld+json\" class=\"yoast-schema-graph\">{\"@context\":\"https:\/\/schema.org\",\"@graph\":[{\"@type\":\"WebPage\",\"@id\":\"https:\/\/cooltra.com\/it\/bases-legales-sorteo-cesta-motera-navidad-2019\/\",\"url\":\"https:\/\/cooltra.com\/it\/bases-legales-sorteo-cesta-motera-navidad-2019\/\",\"name\":\"NORME LEGALI DEL SORTEGGIO CESTO NATALIZIO PER MOTOCICLISTI 2019 - Cooltra\",\"isPartOf\":{\"@id\":\"https:\/\/cooltra.com\/it\/#website\"},\"datePublished\":\"2018-12-20T09:47:13+00:00\",\"dateModified\":\"2018-12-20T14:08:20+00:00\",\"inLanguage\":\"it-IT\",\"potentialAction\":[{\"@type\":\"ReadAction\",\"target\":[\"https:\/\/cooltra.com\/it\/bases-legales-sorteo-cesta-motera-navidad-2019\/\"]}]},{\"@type\":\"WebSite\",\"@id\":\"https:\/\/cooltra.com\/it\/#website\",\"url\":\"https:\/\/cooltra.com\/it\/\",\"name\":\"Cooltra\",\"description\":\"Alquiler de motos y scooters de gasolina y el\u00e9ctricas\",\"publisher\":{\"@id\":\"https:\/\/cooltra.com\/it\/#organization\"},\"potentialAction\":[{\"@type\":\"SearchAction\",\"target\":{\"@type\":\"EntryPoint\",\"urlTemplate\":\"https:\/\/cooltra.com\/it\/?s={search_term_string}\"},\"query-input\":\"required name=search_term_string\"}],\"inLanguage\":\"it-IT\"},{\"@type\":\"Organization\",\"@id\":\"https:\/\/cooltra.com\/it\/#organization\",\"name\":\"Cooltra\",\"url\":\"https:\/\/cooltra.com\/it\/\",\"logo\":{\"@type\":\"ImageObject\",\"inLanguage\":\"it-IT\",\"@id\":\"https:\/\/cooltra.com\/it\/#\/schema\/logo\/image\/\",\"url\":\"https:\/\/cdn.cooltra.com\/uploads\/2022\/11\/Cooltra_Logo_A.png\",\"contentUrl\":\"https:\/\/cdn.cooltra.com\/uploads\/2022\/11\/Cooltra_Logo_A.png\",\"width\":300,\"height\":298,\"caption\":\"Cooltra\"},\"image\":{\"@id\":\"https:\/\/cooltra.com\/it\/#\/schema\/logo\/image\/\"},\"sameAs\":[\"https:\/\/www.facebook.com\/CooltraMotos\/\",\"https:\/\/twitter.com\/cooltra\",\"https:\/\/www.instagram.com\/cooltra_motos\/\"]}]}<\/script>\n<!-- \/ Yoast SEO plugin. -->","yoast_head_json":{"title":"NORME LEGALI DEL SORTEGGIO CESTO NATALIZIO PER MOTOCICLISTI 2019 - Cooltra","robots":{"index":"noindex","follow":"nofollow"},"og_locale":"it_IT","og_type":"article","og_title":"NORME LEGALI DEL SORTEGGIO CESTO NATALIZIO PER MOTOCICLISTI 2019 - Cooltra","og_description":"AZIENDA PROMOTRICE Cooltra Scooter, con sede legale a C\/ Reina Cristina, 2, 2-2, 08003, Barcellona e con CIF n\u00ba B-64146632. &nbsp; 1) AMBITO TEMPORANEO DELLA PROMOZIONE La promozione inizier\u00e0 il 21\/12\/2018 e terminer\u00e0 il 31\/12\/2018. &nbsp; 2) REQUISITI PER LA PARTECIPAZIONE E SVOLGIMENTO DELLA PROMOZIONE L&#8217;utente potr\u00e0 partecipare alla Promozione: Entro i suddetti termini previsti, [&hellip;]","og_url":"https:\/\/cooltra.com\/it\/bases-legales-sorteo-cesta-motera-navidad-2019\/","og_site_name":"Cooltra","article_publisher":"https:\/\/www.facebook.com\/CooltraMotos\/","article_modified_time":"2018-12-20T14:08:20+00:00","og_image":[{"width":2000,"height":510,"url":"https:\/\/cdn.cooltra.com\/uploads\/2018\/04\/cooltra-alquiler-de-motos-y-scooter-de-gasolina-y-electricas.png","type":"image\/png"}],"twitter_card":"summary_large_image","twitter_site":"@cooltra","twitter_misc":{"Tempo di lettura stimato":"6 minuti"},"schema":{"@context":"https:\/\/schema.org","@graph":[{"@type":"WebPage","@id":"https:\/\/cooltra.com\/it\/bases-legales-sorteo-cesta-motera-navidad-2019\/","url":"https:\/\/cooltra.com\/it\/bases-legales-sorteo-cesta-motera-navidad-2019\/","name":"NORME LEGALI DEL SORTEGGIO CESTO NATALIZIO PER MOTOCICLISTI 2019 - Cooltra","isPartOf":{"@id":"https:\/\/cooltra.com\/it\/#website"},"datePublished":"2018-12-20T09:47:13+00:00","dateModified":"2018-12-20T14:08:20+00:00","inLanguage":"it-IT","potentialAction":[{"@type":"ReadAction","target":["https:\/\/cooltra.com\/it\/bases-legales-sorteo-cesta-motera-navidad-2019\/"]}]},{"@type":"WebSite","@id":"https:\/\/cooltra.com\/it\/#website","url":"https:\/\/cooltra.com\/it\/","name":"Cooltra","description":"Alquiler de motos y scooters de gasolina y el\u00e9ctricas","publisher":{"@id":"https:\/\/cooltra.com\/it\/#organization"},"potentialAction":[{"@type":"SearchAction","target":{"@type":"EntryPoint","urlTemplate":"https:\/\/cooltra.com\/it\/?s={search_term_string}"},"query-input":"required name=search_term_string"}],"inLanguage":"it-IT"},{"@type":"Organization","@id":"https:\/\/cooltra.com\/it\/#organization","name":"Cooltra","url":"https:\/\/cooltra.com\/it\/","logo":{"@type":"ImageObject","inLanguage":"it-IT","@id":"https:\/\/cooltra.com\/it\/#\/schema\/logo\/image\/","url":"https:\/\/cdn.cooltra.com\/uploads\/2022\/11\/Cooltra_Logo_A.png","contentUrl":"https:\/\/cdn.cooltra.com\/uploads\/2022\/11\/Cooltra_Logo_A.png","width":300,"height":298,"caption":"Cooltra"},"image":{"@id":"https:\/\/cooltra.com\/it\/#\/schema\/logo\/image\/"},"sameAs":["https:\/\/www.facebook.com\/CooltraMotos\/","https:\/\/twitter.com\/cooltra","https:\/\/www.instagram.com\/cooltra_motos\/"]}]}},"_links":{"self":[{"href":"https:\/\/cooltra.com\/it\/wp-json\/wp\/v2\/pages\/14900"}],"collection":[{"href":"https:\/\/cooltra.com\/it\/wp-json\/wp\/v2\/pages"}],"about":[{"href":"https:\/\/cooltra.com\/it\/wp-json\/wp\/v2\/types\/page"}],"author":[{"embeddable":true,"href":"https:\/\/cooltra.com\/it\/wp-json\/wp\/v2\/users\/1"}],"replies":[{"embeddable":true,"href":"https:\/\/cooltra.com\/it\/wp-json\/wp\/v2\/comments?post=14900"}],"version-history":[{"count":5,"href":"https:\/\/cooltra.com\/it\/wp-json\/wp\/v2\/pages\/14900\/revisions"}],"predecessor-version":[{"id":14912,"href":"https:\/\/cooltra.com\/it\/wp-json\/wp\/v2\/pages\/14900\/revisions\/14912"}],"wp:attachment":[{"href":"https:\/\/cooltra.com\/it\/wp-json\/wp\/v2\/media?parent=14900"}],"curies":[{"name":"wp","href":"https:\/\/api.w.org\/{rel}","templated":true}]}}