{"id":89581,"date":"2025-01-10T16:44:56","date_gmt":"2025-01-10T15:44:56","guid":{"rendered":"https:\/\/cooltra.com\/?page_id=89581"},"modified":"2025-04-25T13:16:30","modified_gmt":"2025-04-25T12:16:30","slug":"assistance-renting","status":"publish","type":"page","link":"https:\/\/cooltra.com\/fr\/assistance-renting\/","title":{"rendered":"Assistance scooters Short &#038; Long Term (NO SHARING)"},"content":{"rendered":"","protected":false},"excerpt":{"rendered":"","protected":false},"author":47,"featured_media":0,"parent":0,"menu_order":0,"comment_status":"closed","ping_status":"closed","template":"page-renting-contact.php","meta":{"inline_featured_image":false},"yoast_head":"<!-- This site is optimized with the Yoast SEO plugin v20.10 - https:\/\/yoast.com\/wordpress\/plugins\/seo\/ -->\n<title>Assistance scooters Short &amp; Long Term (NO SHARING) - Cooltra<\/title>\n<meta name=\"description\" content=\"D\u00e9couvrez notre assistance compl\u00e8te pour les services de location : un support personnalis\u00e9 24h\/24 et 7j\/7, une r\u00e9solution rapide des incidents et une aide pour l&#039;entretien, les pannes et les d\u00e9marches administratives. Votre tranquillit\u00e9 est notre priorit\u00e9 !\" \/>\n<meta name=\"robots\" content=\"index, follow, max-snippet:-1, max-image-preview:large, max-video-preview:-1\" \/>\n<link rel=\"canonical\" href=\"https:\/\/cooltra.com\/fr\/assistance-renting\/\" \/>\n<meta property=\"og:locale\" content=\"fr_FR\" \/>\n<meta property=\"og:type\" content=\"article\" \/>\n<meta property=\"og:title\" content=\"Assistance scooters Short &amp; Long Term (NO SHARING) - Cooltra\" \/>\n<meta property=\"og:description\" content=\"D\u00e9couvrez notre assistance compl\u00e8te pour les services de location : un support personnalis\u00e9 24h\/24 et 7j\/7, une r\u00e9solution rapide des incidents et une aide pour l&#039;entretien, les pannes et les d\u00e9marches administratives. Votre tranquillit\u00e9 est notre priorit\u00e9 !\" \/>\n<meta property=\"og:url\" content=\"https:\/\/cooltra.com\/fr\/assistance-renting\/\" \/>\n<meta property=\"og:site_name\" content=\"Cooltra\" \/>\n<meta property=\"article:publisher\" content=\"https:\/\/www.facebook.com\/CooltraMotos\/\" \/>\n<meta property=\"article:modified_time\" content=\"2025-04-25T12:16:30+00:00\" \/>\n<meta property=\"og:image\" content=\"https:\/\/cdn.cooltra.com\/uploads\/2018\/04\/cooltra-alquiler-de-motos-y-scooter-de-gasolina-y-electricas.png\" \/>\n\t<meta property=\"og:image:width\" content=\"2000\" \/>\n\t<meta property=\"og:image:height\" content=\"510\" \/>\n\t<meta property=\"og:image:type\" content=\"image\/png\" \/>\n<meta name=\"twitter:card\" content=\"summary_large_image\" \/>\n<meta name=\"twitter:site\" content=\"@cooltra\" \/>\n<script type=\"application\/ld+json\" class=\"yoast-schema-graph\">{\"@context\":\"https:\/\/schema.org\",\"@graph\":[{\"@type\":\"WebPage\",\"@id\":\"https:\/\/cooltra.com\/fr\/assistance-renting\/\",\"url\":\"https:\/\/cooltra.com\/fr\/assistance-renting\/\",\"name\":\"Assistance scooters Short & Long Term (NO SHARING) - Cooltra\",\"isPartOf\":{\"@id\":\"https:\/\/cooltra.com\/fr\/#website\"},\"datePublished\":\"2025-01-10T15:44:56+00:00\",\"dateModified\":\"2025-04-25T12:16:30+00:00\",\"description\":\"D\u00e9couvrez notre assistance compl\u00e8te pour les services de location : un support personnalis\u00e9 24h\/24 et 7j\/7, une r\u00e9solution rapide des incidents et une aide pour l'entretien, les pannes et les d\u00e9marches administratives. Votre tranquillit\u00e9 est notre priorit\u00e9 !\",\"inLanguage\":\"fr-FR\",\"potentialAction\":[{\"@type\":\"ReadAction\",\"target\":[\"https:\/\/cooltra.com\/fr\/assistance-renting\/\"]}]},{\"@type\":\"WebSite\",\"@id\":\"https:\/\/cooltra.com\/fr\/#website\",\"url\":\"https:\/\/cooltra.com\/fr\/\",\"name\":\"Cooltra\",\"description\":\"Alquiler de motos y scooters de gasolina y el\u00e9ctricas\",\"publisher\":{\"@id\":\"https:\/\/cooltra.com\/fr\/#organization\"},\"potentialAction\":[{\"@type\":\"SearchAction\",\"target\":{\"@type\":\"EntryPoint\",\"urlTemplate\":\"https:\/\/cooltra.com\/fr\/?s={search_term_string}\"},\"query-input\":\"required name=search_term_string\"}],\"inLanguage\":\"fr-FR\"},{\"@type\":\"Organization\",\"@id\":\"https:\/\/cooltra.com\/fr\/#organization\",\"name\":\"Cooltra\",\"url\":\"https:\/\/cooltra.com\/fr\/\",\"logo\":{\"@type\":\"ImageObject\",\"inLanguage\":\"fr-FR\",\"@id\":\"https:\/\/cooltra.com\/fr\/#\/schema\/logo\/image\/\",\"url\":\"https:\/\/cdn.cooltra.com\/uploads\/2022\/11\/Cooltra_Logo_A.png\",\"contentUrl\":\"https:\/\/cdn.cooltra.com\/uploads\/2022\/11\/Cooltra_Logo_A.png\",\"width\":300,\"height\":298,\"caption\":\"Cooltra\"},\"image\":{\"@id\":\"https:\/\/cooltra.com\/fr\/#\/schema\/logo\/image\/\"},\"sameAs\":[\"https:\/\/www.facebook.com\/CooltraMotos\/\",\"https:\/\/twitter.com\/cooltra\",\"https:\/\/www.instagram.com\/cooltra_motos\/\"]}]}<\/script>\n<!-- \/ Yoast SEO plugin. -->","yoast_head_json":{"title":"Assistance scooters Short & Long Term (NO SHARING) - Cooltra","description":"D\u00e9couvrez notre assistance compl\u00e8te pour les services de location : un support personnalis\u00e9 24h\/24 et 7j\/7, une r\u00e9solution rapide des incidents et une aide pour l'entretien, les pannes et les d\u00e9marches administratives. Votre tranquillit\u00e9 est notre priorit\u00e9 !","robots":{"index":"index","follow":"follow","max-snippet":"max-snippet:-1","max-image-preview":"max-image-preview:large","max-video-preview":"max-video-preview:-1"},"canonical":"https:\/\/cooltra.com\/fr\/assistance-renting\/","og_locale":"fr_FR","og_type":"article","og_title":"Assistance scooters Short & Long Term (NO SHARING) - Cooltra","og_description":"D\u00e9couvrez notre assistance compl\u00e8te pour les services de location : un support personnalis\u00e9 24h\/24 et 7j\/7, une r\u00e9solution rapide des incidents et une aide pour l'entretien, les pannes et les d\u00e9marches administratives. Votre tranquillit\u00e9 est notre priorit\u00e9 !","og_url":"https:\/\/cooltra.com\/fr\/assistance-renting\/","og_site_name":"Cooltra","article_publisher":"https:\/\/www.facebook.com\/CooltraMotos\/","article_modified_time":"2025-04-25T12:16:30+00:00","og_image":[{"width":2000,"height":510,"url":"https:\/\/cdn.cooltra.com\/uploads\/2018\/04\/cooltra-alquiler-de-motos-y-scooter-de-gasolina-y-electricas.png","type":"image\/png"}],"twitter_card":"summary_large_image","twitter_site":"@cooltra","schema":{"@context":"https:\/\/schema.org","@graph":[{"@type":"WebPage","@id":"https:\/\/cooltra.com\/fr\/assistance-renting\/","url":"https:\/\/cooltra.com\/fr\/assistance-renting\/","name":"Assistance scooters Short & Long Term (NO SHARING) - Cooltra","isPartOf":{"@id":"https:\/\/cooltra.com\/fr\/#website"},"datePublished":"2025-01-10T15:44:56+00:00","dateModified":"2025-04-25T12:16:30+00:00","description":"D\u00e9couvrez notre assistance compl\u00e8te pour les services de location : un support personnalis\u00e9 24h\/24 et 7j\/7, une r\u00e9solution rapide des incidents et une aide pour l'entretien, les pannes et les d\u00e9marches administratives. Votre tranquillit\u00e9 est notre priorit\u00e9 !","inLanguage":"fr-FR","potentialAction":[{"@type":"ReadAction","target":["https:\/\/cooltra.com\/fr\/assistance-renting\/"]}]},{"@type":"WebSite","@id":"https:\/\/cooltra.com\/fr\/#website","url":"https:\/\/cooltra.com\/fr\/","name":"Cooltra","description":"Alquiler de motos y scooters de gasolina y el\u00e9ctricas","publisher":{"@id":"https:\/\/cooltra.com\/fr\/#organization"},"potentialAction":[{"@type":"SearchAction","target":{"@type":"EntryPoint","urlTemplate":"https:\/\/cooltra.com\/fr\/?s={search_term_string}"},"query-input":"required name=search_term_string"}],"inLanguage":"fr-FR"},{"@type":"Organization","@id":"https:\/\/cooltra.com\/fr\/#organization","name":"Cooltra","url":"https:\/\/cooltra.com\/fr\/","logo":{"@type":"ImageObject","inLanguage":"fr-FR","@id":"https:\/\/cooltra.com\/fr\/#\/schema\/logo\/image\/","url":"https:\/\/cdn.cooltra.com\/uploads\/2022\/11\/Cooltra_Logo_A.png","contentUrl":"https:\/\/cdn.cooltra.com\/uploads\/2022\/11\/Cooltra_Logo_A.png","width":300,"height":298,"caption":"Cooltra"},"image":{"@id":"https:\/\/cooltra.com\/fr\/#\/schema\/logo\/image\/"},"sameAs":["https:\/\/www.facebook.com\/CooltraMotos\/","https:\/\/twitter.com\/cooltra","https:\/\/www.instagram.com\/cooltra_motos\/"]}]}},"_links":{"self":[{"href":"https:\/\/cooltra.com\/fr\/wp-json\/wp\/v2\/pages\/89581"}],"collection":[{"href":"https:\/\/cooltra.com\/fr\/wp-json\/wp\/v2\/pages"}],"about":[{"href":"https:\/\/cooltra.com\/fr\/wp-json\/wp\/v2\/types\/page"}],"author":[{"embeddable":true,"href":"https:\/\/cooltra.com\/fr\/wp-json\/wp\/v2\/users\/47"}],"replies":[{"embeddable":true,"href":"https:\/\/cooltra.com\/fr\/wp-json\/wp\/v2\/comments?post=89581"}],"version-history":[{"count":6,"href":"https:\/\/cooltra.com\/fr\/wp-json\/wp\/v2\/pages\/89581\/revisions"}],"predecessor-version":[{"id":90047,"href":"https:\/\/cooltra.com\/fr\/wp-json\/wp\/v2\/pages\/89581\/revisions\/90047"}],"wp:attachment":[{"href":"https:\/\/cooltra.com\/fr\/wp-json\/wp\/v2\/media?parent=89581"}],"curies":[{"name":"wp","href":"https:\/\/api.w.org\/{rel}","templated":true}]}}