{"id":8364,"date":"2018-06-13T08:27:45","date_gmt":"2018-06-13T07:27:45","guid":{"rendered":"https:\/\/frankie.cooltra.com\/preguntas-frecuentes-2\/"},"modified":"2024-06-13T12:57:32","modified_gmt":"2024-06-13T11:57:32","slug":"faq","status":"publish","type":"page","link":"https:\/\/cooltra.com\/fr\/faqold\/","title":{"rendered":"Questions Fr\u00e9quentes"},"content":{"rendered":"<p><strong>1. QU\u2019INCLUS LE SERVICE DE LOCATION DE SCOOTERS COOLTRA ?<\/strong><\/p>\n<p>Notre service de location de scooters inclut un casque pour le conducteur, une assurance tous risques avec franchise, une annulation gratuite avec un pr\u00e9avis de 24h, une assistance routi\u00e8re, kilom\u00e9trage illimit\u00e9 et une r\u00e9duction si vous r\u00e9servez en ligne.<\/p>\n<p><strong>2. QUELS SONT LES DOCUMENTS NECESSAIRES POUR LOUER UN SCOOTER ?<\/strong><\/p>\n<p>Vous devez vous pr\u00e9senter avec votre passeport ou votre carte d\u2019identit\u00e9, une carte de cr\u00e9dit pour payer la caution ainsi que votre permis de conduire. Pour louer un scooter avec Cooltra, vous devez \u00eatre en possession d\u2019un permis de conduire valide selon les lois du pays de la location.<\/p>\n<p><strong>3. DE QUEL TYPE DE PERMIS DE CONDUIRE AI-JE BESOIN POUR CONDUIRE VOS SCOOTERS ?\u200b<\/strong><br \/>\nLe tableau ci-dessous indique les exigences minimales pour nos points de location en Espagne, en Italie, en France et au Portugal. Les cat\u00e9gories mentionn\u00e9es correspondent aux cat\u00e9gories officielles de permis de conduire europ\u00e9ens.<\/p>\n<table border=\"1\" cellspacing=\"0\" cellpadding=\"0\">\n<tbody>\n<tr>\n<td><\/td>\n<td><strong>Scooter 50cc<\/strong><\/td>\n<td><strong>Scooter 125cc<\/strong><\/td>\n<td><strong>Scooter 3-roues<\/strong><\/td>\n<td><strong>Scooter 400cc<\/strong><\/td>\n<td><strong>Scooter +400cc<\/strong><\/td>\n<td><strong>QUAD<\/strong><\/td>\n<\/tr>\n<tr>\n<td>Espagne<\/td>\n<td>Min. 18 ans, permis B\/AM, B (plus que 1\u00a0ann\u00e9e)<\/td>\n<td>Min. 18 ans, A1\/A ou Min 21 ans et 3+ ans d\u2019exp\u00e9rience avec B<\/td>\n<td>Min. 18 ans, A1\/A ou 3+ ans d\u2019exp\u00e9rience avec B<\/td>\n<td>Min. 18 ans et permis A ou A2<\/td>\n<td>Min. 21 ans et permis A<\/td>\n<td>Min. 21 ans et permis B avec 3+ ans d\u2019exp\u00e9rience<\/td>\n<\/tr>\n<tr>\n<td>Italie<\/td>\n<td>Min. 18 ans, permis B\/AM<\/td>\n<td>Min. 18 ans, permis A1 (max 11KW) ou\u00a0A2 (max 35KW) ou\u00a0A ou B (max 11KW)<\/td>\n<td>Min. 18 ans, A1\/A ou 3+ ans d\u2019exp\u00e9rience avec B<\/td>\n<td>Min. 21 ans et permis A ou A2<\/td>\n<td>Min. 21 ans et permis A<\/td>\n<td>\u2013<\/td>\n<\/tr>\n<tr>\n<td>France<\/td>\n<td>Min. 18 ans, permis B\/AM<\/td>\n<td>Min. 20 ans et permis A<\/td>\n<td>Min. 20 ans et permis A<\/td>\n<td>Min. 20 ans et permis A<\/td>\n<td>Min. 21 ans et permis A<\/td>\n<td>\u2013<\/td>\n<\/tr>\n<tr>\n<td>Portugal<\/td>\n<td>Min. 18 ans, permis B\/AM<\/td>\n<td>Permis A1\/A ou 25+ ans + B<\/td>\n<td>Permis A1\/A ou 25+ ans + B<\/td>\n<td>Permis A ou A2<\/td>\n<td>Min. 21 ans et permis A<\/td>\n<td>\u2013<\/td>\n<\/tr>\n<\/tbody>\n<\/table>\n<p>*Remarque : si votre permis de conduire ne provient pas d\u2019un pays de l\u2019Union \u00e9conomique europ\u00e9enne ou d\u2019un pays sans accord de commodit\u00e9 avec l\u2019Espagne (ou d\u2019autres pays dans lesquels Cooltra est pr\u00e9sent), vous devez disposer d\u2019un permis de conduire international (PDI). De m\u00eame, les documents valides sont r\u00e9gis par la loi du pays dans lequel vous conduisez et non par le pays \u00e9metteur du document.<br \/>\n<strong>4. UNE CAUTION EST-ELLE N\u00c9CESSAIRE ?<\/strong><\/p>\n<p>Oui. Vous devez payer une caution pour le scooter. La caution doit \u00eatre pay\u00e9e par carte de cr\u00e9dit. Cependant, votre carte ne sera pas d\u00e9bit\u00e9e \u00e0 moins qu\u2019un \u00e9v\u00e9nement ne l\u2019exige.<\/p>\n<p><strong>5. EST-CE QUE LE SCOOTER PEUT \u00caTRE UTILIS\u00c9 PAR DEUX PERSONNES?<\/strong><\/p>\n<p>Oui. Vous pouvez conduire tous nos scooters avec un passager \u00e0 l\u2019arri\u00e8re. Si vous \u00eates deux, nous vous fournirons un casque additionnel (frais suppl\u00e9mentaire \u00e0 votre charge).<\/p>\n<p><strong>6. PUIS-JE CONDUIRE UN SCOOTER SANS CASQUE ?<\/strong><\/p>\n<p>Non. Il est formellement interdit de conduire un scooter sans le port d\u2019un casque. Le conducteur et le passage doivent le porter m\u00eame s\u2019il s\u2019agit d\u2019un scooter 50cc.<\/p>\n<p><strong>7. QUE SE PASSE-T-IL SI J\u2019AI UN ACCIDENT OU SI LE SCOOTER EST VOLE ?<\/strong><\/p>\n<p style=\"text-align: justify;\">Vous \u00eates enti\u00e8rement couvert pas l\u2019assurance en responsabilit\u00e9 civile pour les dommages. Pour les dommages caus\u00e9s au scooter et le vol du scooter, l\u2019assurance r\u00e9duit le total \u00e0 payer \u00e0 une franchise. Il y a aussi la possibilit\u00e9 d\u2019obtenir un r\u00e9duction de franchise dans votre assurance.<\/p>\n<p><strong>8. QU\u2019EST-CE QUI EST COUVERT PAR L\u2019ASSURANCE ?<\/strong><\/p>\n<p>La responsabilit\u00e9 civile et l\u2019assistance routi\u00e8re sont inclus (selon une certaine distance depuis le magasin de location). Les dommages et vols du scooter sont couverts par une franchise de 500 \u20ac \u00e0 2000 \u20ac selon de type de scooter. Tous les accessoires (casque, coffre, GPS, gants, cadenas, etc.) ne sont pas couverts par l\u2019assurance et sont pay\u00e9s \u00e0 part en cas de perte ou dommage.<\/p>\n<p><strong>9. PUIS-JE ME D\u00c9PLACER EN DEHORS DE LA VILLE ?<\/strong><\/p>\n<p>Oui. Mais vous devriez consid\u00e9rer les limites : le locataire n\u2019est pas autoris\u00e9 \u00e0 conduire en dehors de la ville ou sur une autoroute avec un scooter 50cc. Avec un scooter de 125cc +, le loueur est autoris\u00e9 \u00e0 conduire en dehors de la ville. Mais rappelez-vous que le service d\u2019assistance routi\u00e8re ne couvre que la zone d\u2019un rayon de 100 km autour du magasin de location.<\/p>\n<p><strong>10. EST-IL POSSIBLE DE SOUSCRIRE UNE ASSURANCE EXTRA ?<\/strong><\/p>\n<p>Oui. Vous pouvez souscrire \u00e0 une assurance suppl\u00e9mentaire comportant diff\u00e9rentes limites de r\u00e9duction d\u2019acc\u00e8s en cas de dommage ou de vol du scooter.<\/p>\n<table border=\"1\" cellspacing=\"0\" cellpadding=\"0\">\n<tbody>\n<tr>\n<td><b>Mod\u00e8le scooter<\/b><\/td>\n<td><strong>Franchise avec assurance basique<\/strong><\/td>\n<td><strong>Pack d\u2019assurance TOP \/ SUPERIOR<\/strong><\/td>\n<td><strong>Pack d\u2019assurance EXCELLENCE<\/strong><\/td>\n<\/tr>\n<tr>\n<td>Standard 50\/125cc<\/td>\n<td>600\u20ac<\/td>\n<td>300\u20ac<\/td>\n<td>0\u20ac<\/td>\n<\/tr>\n<tr>\n<td>Plus 125cc \/ Electric<\/td>\n<td>900\u20ac<\/td>\n<td>450\u20ac<\/td>\n<td>0\u20ac<\/td>\n<\/tr>\n<tr>\n<td>Premium 400cc<\/td>\n<td>1500\u20ac<\/td>\n<td>750\u20ac<\/td>\n<td>N\/A<\/td>\n<\/tr>\n<\/tbody>\n<tbody>\n<tr>\n<td>Super Premium +400cc<\/td>\n<td>2000\u20ac<\/td>\n<td>N\/A<\/td>\n<td>N\/A<\/td>\n<\/tr>\n<\/tbody>\n<\/table>\n<p>Outre la r\u00e9duction de l\u2019exc\u00e9dent, l\u2019assurance suppl\u00e9mentaire comporte d\u2019autres avantages tels que la couverture de la crevaison, le remplacement du v\u00e9hicule en cas d\u2019incident et d\u2019autres. Veuillez consulter les d\u00e9tails dans la description des Extras \u00e0 l\u2019\u00e9tape 2 de votre r\u00e9servation en ligne.<\/p>\n<p><strong>11. AVEZ-VOUS UN SERVICE DE LIVRAISON ?<\/strong><\/p>\n<p>Oui. Pour la plupart des destinations, vous pouvez ajouter un service de livraison\/prise en charge suppl\u00e9mentaire et nous apporterons votre scooter \u00e0 l\u2019endroit qui vous convient le mieux.<\/p>\n<p>N&rsquo;oubliez pas que le personnel n&rsquo;attendra votre arriv\u00e9e <strong>qu&rsquo;environ 20 minutes<\/strong> \u00e0 partir de l&rsquo;heure s\u00e9lectionn\u00e9e dans la r\u00e9servation.<\/p>\n<p><strong>12. PUIS-JE MODIFIER MA R\u00c9SERVATION ?<\/strong><\/p>\n<ul>\n<li>Oui, vous pouvez modifier votre r\u00e9servation plus de 48 heures avant la date et l\u2019heure de la r\u00e9servation en envoyant votre demande \u00e0 info@cooltra.com.<\/li>\n<li>Les modifications effectu\u00e9es dans les 48 heures pr\u00e9c\u00e9dant le d\u00e9but de la r\u00e9servation ne sont pas autoris\u00e9es.<\/li>\n<\/ul>\n<p><strong>13. QUE SE PASSE-T-IL SI J\u2019ANNULE MA RESERVATION ?<\/strong><\/p>\n<p>Voici nos conditions d\u2019annulation:<\/p>\n<ul>\n<li>Si vous souhaitez annuler votre r\u00e9servation, envoyez un courrier \u00e9lectronique \u00e0 info@cooltra.com 48 heures \u00e0 l\u2019avance.<\/li>\n<li>Si le client annule sa r\u00e9servation avec 48 h d\u2019anticipation, nous rembourserons 100% de la r\u00e9servation.<\/li>\n<li>La r\u00e9servation avec moins de 48 h d\u2019anticipation \u2013 ne sont pas admis. Si le client annule sans anticipation, aucun remboursement ne sera effectu\u00e9.<\/li>\n<\/ul>\n<p><strong>14. QUE SE PASSE-T-IL SI JE RAMENE LE SCOOTER APRES LA DATE DE FIN DU CONTRAT ?<\/strong><\/p>\n<p>Le client doit avertir le magasin en avance s\u2019il veut prolonger le contrat. Si le client ram\u00e8ne le v\u00e9hicule en retard et sans pr\u00e9avis, Cooltra appliquera une amende de 50\u20ac (voir conditions g\u00e9n\u00e9rales).<\/p>\n<p>De plus, il est ill\u00e9gal de conduire un scooter si le contrat est \u00e9chu. Le client doit appeler le magasin pour obtenir un nouveau contrat \u00e0 venir r\u00e9cup\u00e9rer au magasin ou par email.<\/p>\n<p><strong>15. SUIS-JE REMBOURSE SI LE SCOOTER EST RAMENE PLUS TOT ?<\/strong><\/p>\n<p>Malheureusement, non. Une fois le contrat commenc\u00e9, nous ne remboursons pas le total pay\u00e9, et ce, m\u00eame si vous rendez le v\u00e9hicule et\/ou extras avant la fin de votre contrat.<\/p>\n<p><strong>16. DOIS-JE FAIRE LE PLEIN D\u2019ESSENCE ?<\/strong><\/p>\n<p>Oui, vous devez remettre l\u2019essence au m\u00eame niveau qu\u2019au d\u00e9but de la location, sinon nous vous p\u00e9naliserons.<\/p>\n<p><strong>17. QUELLE EST LA DIFF\u00c9RENCE ENTRE UN COOLTRA SHOP, UN DELIVERY POINT ET UN MAGASIN PARTENAIRE ?<\/strong><\/p>\n<p>Afin de vous offrir nos services dans le plus de destinations possibles, nous avons 3 types de points de location:<\/p>\n<ul>\n<li><strong>Cooltra Shop<\/strong> \u2013 c\u2019est un magasin Cooltra propre facilement reconnaissable gr\u00e2ce au logo Cooltra, une \u00e9quipe sympathique avec des t-shirts bleus o\u00f9 nous mettons \u00e0 votre disposition une grande vari\u00e9t\u00e9 de mod\u00e8les, extras et services pour votre plus grand confort.<\/li>\n<li><strong>Delivery Point<\/strong> \u2013 c\u2019est un lieu sp\u00e9cifique, o\u00f9 nous n\u2019avons pas de magasin mais un membre de notre \u00e9quipe vous livrera et\/ou viendra collecter votre scooter \u00e0 la date et \u00e0 l\u2019heure indiqu\u00e9es dans votre r\u00e9servation.<\/li>\n<li><strong>Magasin Partenaire<\/strong> \u2013 c\u2019est un magasin d\u2019une autre enseigne proposant des scooters Cooltra \u00e0 la location avec la m\u00eame qualit\u00e9 de service.<\/li>\n<\/ul>\n<p><strong>18. PUIS-JE R\u00c9SERVER UN SCOOTER PLUS DE 30 JOURS ?<\/strong><\/p>\n<p>Oui. Cooltra offre la possibilit\u00e9 de louer un scooter sur le long terme, autrement dit pendant des mois. Ce service est disponible dans toutes les villes d\u2019Espagne, d\u2019Italie, de France et du Portugal dans lesquelles nous avons un magasin Cooltra.<\/p>\n<p>La dur\u00e9e de location minimale est d\u2019un mois et la dur\u00e9e maximale est de 60 mois. Trouvez plus d\u2019informations <a href=\"https:\/\/cooltra.com\/fr\/location-scooter-mois\/\">ici<\/a>.<\/p>\n<p><strong>19. QUE FAIRE EN CAS DE PROBL\u00c8ME AVEC MON SCOOTER OU LA R\u00c9SERVATION ?<\/strong><\/p>\n<p>Cooltra dispose d\u2019une \u00e9quipe de Support Client disponible 24 h\/24 et 7 j\/7 que vous pouvez contacter en :<\/p>\n<ul>\n<li>Appelant le +34 937 066 912 (pour les probl\u00e8mes urgents, sur place)<\/li>\n<li>Envoyant un e-mail \u00e0 <a href=\"mailto:info@cooltra.com\">info@cooltra.com<\/a><\/li>\n<li>Discutant sur notre site Web (dans le coin inf\u00e9rieur droit)<\/li>\n<\/ul>\n<p>&nbsp;<\/p>\n<p><img decoding=\"async\" loading=\"lazy\" style=\"text-align: center;\" src=\"https:\/\/cdn.cooltra.com\/uploads\/2018\/04\/Casco.png\" alt=\"KM ilimitados\" width=\"50\" height=\"50\" \/> <a style=\"color: #00a3e0;\" href=\"https:\/\/cooltra.com\/fr\/\">Louez votre scooter Cooltra<\/a><span style=\"text-align: center;\"> au meilleur prix<\/span><\/p>\n<p><img decoding=\"async\" loading=\"lazy\" style=\"text-align: center;\" src=\"https:\/\/cdn.cooltra.com\/uploads\/2018\/04\/Km-ilimitados.png\" alt=\"KM ilimitados\" width=\"50\" height=\"50\" \/> <span style=\"text-align: center;\">D\u00e9couvrez <\/span><a style=\"color: #00a3e0;\" href=\"https:\/\/cooltra.com\/fr\/destinations\/\">toutes nos destinations<\/a><span style=\"text-align: center;\"> en Europe<\/span><\/p>\n<p><img decoding=\"async\" loading=\"lazy\" style=\"text-align: center;\" src=\"https:\/\/cdn.cooltra.com\/uploads\/2018\/04\/Asistencia-en-carretera.png\" alt=\"\" width=\"50\" height=\"50\" \/><span style=\"text-align: center;\"> Besoin d\u2019aide? <\/span><a style=\"color: #00a3e0; text-decoration: underline;\" href=\"https:\/\/cooltra.com\/fr\/contact\/\">Contactez-nous<\/a><\/p>\n","protected":false},"excerpt":{"rendered":"<p>1. QU\u2019INCLUS LE SERVICE DE LOCATION DE SCOOTERS COOLTRA ? Notre service de location de scooters inclut un casque pour le conducteur, une assurance tous risques avec franchise, une annulation gratuite avec un pr\u00e9avis de 24h, une assistance routi\u00e8re, kilom\u00e9trage illimit\u00e9 et une r\u00e9duction si vous r\u00e9servez en ligne. 2. QUELS SONT LES DOCUMENTS NECESSAIRES [&hellip;]<\/p>\n","protected":false},"author":1,"featured_media":0,"parent":0,"menu_order":0,"comment_status":"closed","ping_status":"closed","template":"","meta":{"inline_featured_image":false},"yoast_head":"<!-- This site is optimized with the Yoast SEO plugin v20.10 - https:\/\/yoast.com\/wordpress\/plugins\/seo\/ -->\n<title>Questions Fr\u00e9quentes (FAQ) | Cooltra.com<\/title>\n<meta name=\"description\" content=\"Liste des questions fr\u00e9quemment pos\u00e9es sur le service de location de motos Cooltra.\" \/>\n<meta name=\"robots\" content=\"index, follow, max-snippet:-1, max-image-preview:large, max-video-preview:-1\" \/>\n<link rel=\"canonical\" href=\"https:\/\/cooltra.com\/fr\/faqold\/\" \/>\n<meta property=\"og:locale\" content=\"fr_FR\" \/>\n<meta property=\"og:type\" content=\"article\" \/>\n<meta property=\"og:title\" content=\"Questions Fr\u00e9quentes (FAQ) | Cooltra.com\" \/>\n<meta property=\"og:description\" content=\"Liste des questions fr\u00e9quemment pos\u00e9es sur le service de location de motos Cooltra.\" \/>\n<meta property=\"og:url\" content=\"https:\/\/cooltra.com\/fr\/faqold\/\" \/>\n<meta property=\"og:site_name\" content=\"Cooltra\" \/>\n<meta property=\"article:publisher\" content=\"https:\/\/www.facebook.com\/CooltraMotos\/\" \/>\n<meta property=\"article:modified_time\" content=\"2024-06-13T11:57:32+00:00\" \/>\n<meta property=\"og:image\" content=\"https:\/\/cdn.cooltra.com\/uploads\/2018\/04\/Casco.png\" \/>\n<meta name=\"twitter:card\" content=\"summary_large_image\" \/>\n<meta name=\"twitter:site\" content=\"@cooltra\" \/>\n<meta name=\"twitter:label1\" content=\"Dur\u00e9e de lecture estim\u00e9e\" \/>\n\t<meta name=\"twitter:data1\" content=\"8 minutes\" \/>\n<script type=\"application\/ld+json\" class=\"yoast-schema-graph\">{\"@context\":\"https:\/\/schema.org\",\"@graph\":[{\"@type\":\"WebPage\",\"@id\":\"https:\/\/cooltra.com\/fr\/faqold\/\",\"url\":\"https:\/\/cooltra.com\/fr\/faqold\/\",\"name\":\"Questions Fr\u00e9quentes (FAQ) | Cooltra.com\",\"isPartOf\":{\"@id\":\"https:\/\/cooltra.com\/fr\/#website\"},\"datePublished\":\"2018-06-13T07:27:45+00:00\",\"dateModified\":\"2024-06-13T11:57:32+00:00\",\"description\":\"Liste des questions fr\u00e9quemment pos\u00e9es sur le service de location de motos Cooltra.\",\"inLanguage\":\"fr-FR\",\"potentialAction\":[{\"@type\":\"ReadAction\",\"target\":[\"https:\/\/cooltra.com\/fr\/faqold\/\"]}]},{\"@type\":\"WebSite\",\"@id\":\"https:\/\/cooltra.com\/fr\/#website\",\"url\":\"https:\/\/cooltra.com\/fr\/\",\"name\":\"Cooltra\",\"description\":\"Alquiler de motos y scooters de gasolina y el\u00e9ctricas\",\"publisher\":{\"@id\":\"https:\/\/cooltra.com\/fr\/#organization\"},\"potentialAction\":[{\"@type\":\"SearchAction\",\"target\":{\"@type\":\"EntryPoint\",\"urlTemplate\":\"https:\/\/cooltra.com\/fr\/?s={search_term_string}\"},\"query-input\":\"required name=search_term_string\"}],\"inLanguage\":\"fr-FR\"},{\"@type\":\"Organization\",\"@id\":\"https:\/\/cooltra.com\/fr\/#organization\",\"name\":\"Cooltra\",\"url\":\"https:\/\/cooltra.com\/fr\/\",\"logo\":{\"@type\":\"ImageObject\",\"inLanguage\":\"fr-FR\",\"@id\":\"https:\/\/cooltra.com\/fr\/#\/schema\/logo\/image\/\",\"url\":\"https:\/\/cdn.cooltra.com\/uploads\/2022\/11\/Cooltra_Logo_A.png\",\"contentUrl\":\"https:\/\/cdn.cooltra.com\/uploads\/2022\/11\/Cooltra_Logo_A.png\",\"width\":300,\"height\":298,\"caption\":\"Cooltra\"},\"image\":{\"@id\":\"https:\/\/cooltra.com\/fr\/#\/schema\/logo\/image\/\"},\"sameAs\":[\"https:\/\/www.facebook.com\/CooltraMotos\/\",\"https:\/\/twitter.com\/cooltra\",\"https:\/\/www.instagram.com\/cooltra_motos\/\"]}]}<\/script>\n<!-- \/ Yoast SEO plugin. -->","yoast_head_json":{"title":"Questions Fr\u00e9quentes (FAQ) | Cooltra.com","description":"Liste des questions fr\u00e9quemment pos\u00e9es sur le service de location de motos Cooltra.","robots":{"index":"index","follow":"follow","max-snippet":"max-snippet:-1","max-image-preview":"max-image-preview:large","max-video-preview":"max-video-preview:-1"},"canonical":"https:\/\/cooltra.com\/fr\/faqold\/","og_locale":"fr_FR","og_type":"article","og_title":"Questions Fr\u00e9quentes (FAQ) | Cooltra.com","og_description":"Liste des questions fr\u00e9quemment pos\u00e9es sur le service de location de motos Cooltra.","og_url":"https:\/\/cooltra.com\/fr\/faqold\/","og_site_name":"Cooltra","article_publisher":"https:\/\/www.facebook.com\/CooltraMotos\/","article_modified_time":"2024-06-13T11:57:32+00:00","og_image":[{"url":"https:\/\/cdn.cooltra.com\/uploads\/2018\/04\/Casco.png"}],"twitter_card":"summary_large_image","twitter_site":"@cooltra","twitter_misc":{"Dur\u00e9e de lecture estim\u00e9e":"8 minutes"},"schema":{"@context":"https:\/\/schema.org","@graph":[{"@type":"WebPage","@id":"https:\/\/cooltra.com\/fr\/faqold\/","url":"https:\/\/cooltra.com\/fr\/faqold\/","name":"Questions Fr\u00e9quentes (FAQ) | Cooltra.com","isPartOf":{"@id":"https:\/\/cooltra.com\/fr\/#website"},"datePublished":"2018-06-13T07:27:45+00:00","dateModified":"2024-06-13T11:57:32+00:00","description":"Liste des questions fr\u00e9quemment pos\u00e9es sur le service de location de motos Cooltra.","inLanguage":"fr-FR","potentialAction":[{"@type":"ReadAction","target":["https:\/\/cooltra.com\/fr\/faqold\/"]}]},{"@type":"WebSite","@id":"https:\/\/cooltra.com\/fr\/#website","url":"https:\/\/cooltra.com\/fr\/","name":"Cooltra","description":"Alquiler de motos y scooters de gasolina y el\u00e9ctricas","publisher":{"@id":"https:\/\/cooltra.com\/fr\/#organization"},"potentialAction":[{"@type":"SearchAction","target":{"@type":"EntryPoint","urlTemplate":"https:\/\/cooltra.com\/fr\/?s={search_term_string}"},"query-input":"required name=search_term_string"}],"inLanguage":"fr-FR"},{"@type":"Organization","@id":"https:\/\/cooltra.com\/fr\/#organization","name":"Cooltra","url":"https:\/\/cooltra.com\/fr\/","logo":{"@type":"ImageObject","inLanguage":"fr-FR","@id":"https:\/\/cooltra.com\/fr\/#\/schema\/logo\/image\/","url":"https:\/\/cdn.cooltra.com\/uploads\/2022\/11\/Cooltra_Logo_A.png","contentUrl":"https:\/\/cdn.cooltra.com\/uploads\/2022\/11\/Cooltra_Logo_A.png","width":300,"height":298,"caption":"Cooltra"},"image":{"@id":"https:\/\/cooltra.com\/fr\/#\/schema\/logo\/image\/"},"sameAs":["https:\/\/www.facebook.com\/CooltraMotos\/","https:\/\/twitter.com\/cooltra","https:\/\/www.instagram.com\/cooltra_motos\/"]}]}},"_links":{"self":[{"href":"https:\/\/cooltra.com\/fr\/wp-json\/wp\/v2\/pages\/8364"}],"collection":[{"href":"https:\/\/cooltra.com\/fr\/wp-json\/wp\/v2\/pages"}],"about":[{"href":"https:\/\/cooltra.com\/fr\/wp-json\/wp\/v2\/types\/page"}],"author":[{"embeddable":true,"href":"https:\/\/cooltra.com\/fr\/wp-json\/wp\/v2\/users\/1"}],"replies":[{"embeddable":true,"href":"https:\/\/cooltra.com\/fr\/wp-json\/wp\/v2\/comments?post=8364"}],"version-history":[{"count":121,"href":"https:\/\/cooltra.com\/fr\/wp-json\/wp\/v2\/pages\/8364\/revisions"}],"predecessor-version":[{"id":83454,"href":"https:\/\/cooltra.com\/fr\/wp-json\/wp\/v2\/pages\/8364\/revisions\/83454"}],"wp:attachment":[{"href":"https:\/\/cooltra.com\/fr\/wp-json\/wp\/v2\/media?parent=8364"}],"curies":[{"name":"wp","href":"https:\/\/api.w.org\/{rel}","templated":true}]}}