{"id":6872,"date":"2018-05-03T13:10:02","date_gmt":"2018-05-03T12:10:02","guid":{"rendered":"http:\/\/new.cooltra.com\/?page_id=6872"},"modified":"2025-02-10T11:20:51","modified_gmt":"2025-02-10T10:20:51","slug":"qui-sommes-nous","status":"publish","type":"page","link":"https:\/\/cooltra.com\/fr\/qui-sommes-nous\/","title":{"rendered":"Qui sommes-nous ?"},"content":{"rendered":"<p>Cooltra est la plus grande entreprise europ\u00e9enne qui est pr\u00eate \u00e0 vous offrir le meilleur service de location de motos pour rendre votre s\u00e9jour merveilleux. Nous avons nos propres magasins en Espagne, en Italie, en France et au Portugal, avec plus de 100 points de location.<\/p>\n<p>&nbsp;<\/p>\n<p>Avec nous, vous aurez l&rsquo;impression que louer et conduire une moto n&rsquo;est pas seulement amusant, mais aussi la fa\u00e7on la plus confortable de se d\u00e9placer dans la ville, sans les inconv\u00e9nients typiques de trouver un parking, de faire face aux embouteillages, de se d\u00e9placer dans le m\u00e9tro ou de payer un taxi. Avec notre service de location de scooters, vous aurez la flexibilit\u00e9, l&rsquo;agilit\u00e9 et la libert\u00e9 d&rsquo;aller o\u00f9 vous voulez, en visitant des endroits que vous ne trouveriez probablement pas.<\/p>\n<p>&nbsp;<\/p>\n<p>Chez Cooltra, nous sommes conscients que nous n&rsquo;avons pas tous les m\u00eames besoins, c&rsquo;est pourquoi nous avons plusieurs types de motos avec des capacit\u00e9s diff\u00e9rentes, donc si vous cherchez une location de moto 125cc ou une moto \u00e9lectrique, Cooltra est votre place.<\/p>\n<p>&nbsp;<\/p>\n<p>Notre \u00e9quipe sera toujours pr\u00eate \u00e0 vous donner des conseils pour vous aider \u00e0 profiter au maximum de vos vacances ; et elle vous donnera les meilleures suggestions si vous cherchez les meilleures plages, les discoth\u00e8ques les plus c\u00e9l\u00e8bres ou tout autre type d&rsquo;information sur ce qu&rsquo;il faut faire dans les diff\u00e9rentes <a href=\"https:\/\/cooltra.com\/fr\/destinations\/\"><strong>DESTINATIONS<\/strong><\/a> o\u00f9 Cooltra est pr\u00e9sent.<\/p>\n<p>&nbsp;<\/p>\n<p>Avec une qualit\u00e9 incomparable, des prix imbattables et la confiance de plus de 900.000 clients, nous pouvons garantir le meilleur service.<\/p>\n<p>&nbsp;<\/p>\n<p>Vous avez d&rsquo;autres doutes ? Consultez notre FAQ o\u00f9 nous vous donnerons une r\u00e9ponse. Nous sommes \u00e9galement disponibles par chat ou par email \u00e0 <a href=\"info@cooltra.com\">info@cooltra.com<\/a>.<\/p>\n","protected":false},"excerpt":{"rendered":"<p>Cooltra est la plus grande entreprise europ\u00e9enne qui est pr\u00eate \u00e0 vous offrir le meilleur service de location de motos pour rendre votre s\u00e9jour merveilleux. Nous avons nos propres magasins en Espagne, en Italie, en France et au Portugal, avec plus de 100 points de location. &nbsp; Avec nous, vous aurez l&rsquo;impression que louer et [&hellip;]<\/p>\n","protected":false},"author":2,"featured_media":0,"parent":0,"menu_order":0,"comment_status":"closed","ping_status":"closed","template":"","meta":{"inline_featured_image":false},"yoast_head":"<!-- This site is optimized with the Yoast SEO plugin v20.10 - https:\/\/yoast.com\/wordpress\/plugins\/seo\/ -->\n<title>Qui sommes-nous ? | Cooltra.com<\/title>\n<meta name=\"description\" content=\"Cooltra est la plus grande entreprise europ\u00e9enne dispos\u00e9e \u00e0 vous offrir le meilleur service de location de motos, avec plus de 100 points en Espagne, en Italie, en France, au Portugal et au Br\u00e9sil.\" \/>\n<meta name=\"robots\" content=\"index, follow, max-snippet:-1, max-image-preview:large, max-video-preview:-1\" \/>\n<link rel=\"canonical\" href=\"https:\/\/cooltra.com\/fr\/qui-sommes-nous\/\" \/>\n<meta property=\"og:locale\" content=\"fr_FR\" \/>\n<meta property=\"og:type\" content=\"article\" \/>\n<meta property=\"og:title\" content=\"Qui sommes-nous ? | Cooltra.com\" \/>\n<meta property=\"og:description\" content=\"Cooltra est la plus grande entreprise europ\u00e9enne dispos\u00e9e \u00e0 vous offrir le meilleur service de location de motos, avec plus de 100 points en Espagne, en Italie, en France, au Portugal et au Br\u00e9sil.\" \/>\n<meta property=\"og:url\" content=\"https:\/\/cooltra.com\/fr\/qui-sommes-nous\/\" \/>\n<meta property=\"og:site_name\" content=\"Cooltra\" \/>\n<meta property=\"article:publisher\" content=\"https:\/\/www.facebook.com\/CooltraMotos\/\" \/>\n<meta property=\"article:modified_time\" content=\"2025-02-10T10:20:51+00:00\" \/>\n<meta property=\"og:image\" content=\"https:\/\/cdn.cooltra.com\/uploads\/2018\/04\/cooltra-alquiler-de-motos-y-scooter-de-gasolina-y-electricas.png\" \/>\n\t<meta property=\"og:image:width\" content=\"2000\" \/>\n\t<meta property=\"og:image:height\" content=\"510\" \/>\n\t<meta property=\"og:image:type\" content=\"image\/png\" \/>\n<meta name=\"twitter:card\" content=\"summary_large_image\" \/>\n<meta name=\"twitter:site\" content=\"@cooltra\" \/>\n<meta name=\"twitter:label1\" content=\"Dur\u00e9e de lecture estim\u00e9e\" \/>\n\t<meta name=\"twitter:data1\" content=\"2 minutes\" \/>\n<script type=\"application\/ld+json\" class=\"yoast-schema-graph\">{\"@context\":\"https:\/\/schema.org\",\"@graph\":[{\"@type\":\"WebPage\",\"@id\":\"https:\/\/cooltra.com\/fr\/qui-sommes-nous\/\",\"url\":\"https:\/\/cooltra.com\/fr\/qui-sommes-nous\/\",\"name\":\"Qui sommes-nous ? | Cooltra.com\",\"isPartOf\":{\"@id\":\"https:\/\/cooltra.com\/fr\/#website\"},\"datePublished\":\"2018-05-03T12:10:02+00:00\",\"dateModified\":\"2025-02-10T10:20:51+00:00\",\"description\":\"Cooltra est la plus grande entreprise europ\u00e9enne dispos\u00e9e \u00e0 vous offrir le meilleur service de location de motos, avec plus de 100 points en Espagne, en Italie, en France, au Portugal et au Br\u00e9sil.\",\"inLanguage\":\"fr-FR\",\"potentialAction\":[{\"@type\":\"ReadAction\",\"target\":[\"https:\/\/cooltra.com\/fr\/qui-sommes-nous\/\"]}]},{\"@type\":\"WebSite\",\"@id\":\"https:\/\/cooltra.com\/fr\/#website\",\"url\":\"https:\/\/cooltra.com\/fr\/\",\"name\":\"Cooltra\",\"description\":\"Alquiler de motos y scooters de gasolina y el\u00e9ctricas\",\"publisher\":{\"@id\":\"https:\/\/cooltra.com\/fr\/#organization\"},\"potentialAction\":[{\"@type\":\"SearchAction\",\"target\":{\"@type\":\"EntryPoint\",\"urlTemplate\":\"https:\/\/cooltra.com\/fr\/?s={search_term_string}\"},\"query-input\":\"required name=search_term_string\"}],\"inLanguage\":\"fr-FR\"},{\"@type\":\"Organization\",\"@id\":\"https:\/\/cooltra.com\/fr\/#organization\",\"name\":\"Cooltra\",\"url\":\"https:\/\/cooltra.com\/fr\/\",\"logo\":{\"@type\":\"ImageObject\",\"inLanguage\":\"fr-FR\",\"@id\":\"https:\/\/cooltra.com\/fr\/#\/schema\/logo\/image\/\",\"url\":\"https:\/\/cdn.cooltra.com\/uploads\/2022\/11\/Cooltra_Logo_A.png\",\"contentUrl\":\"https:\/\/cdn.cooltra.com\/uploads\/2022\/11\/Cooltra_Logo_A.png\",\"width\":300,\"height\":298,\"caption\":\"Cooltra\"},\"image\":{\"@id\":\"https:\/\/cooltra.com\/fr\/#\/schema\/logo\/image\/\"},\"sameAs\":[\"https:\/\/www.facebook.com\/CooltraMotos\/\",\"https:\/\/twitter.com\/cooltra\",\"https:\/\/www.instagram.com\/cooltra_motos\/\"]}]}<\/script>\n<!-- \/ Yoast SEO plugin. -->","yoast_head_json":{"title":"Qui sommes-nous ? | Cooltra.com","description":"Cooltra est la plus grande entreprise europ\u00e9enne dispos\u00e9e \u00e0 vous offrir le meilleur service de location de motos, avec plus de 100 points en Espagne, en Italie, en France, au Portugal et au Br\u00e9sil.","robots":{"index":"index","follow":"follow","max-snippet":"max-snippet:-1","max-image-preview":"max-image-preview:large","max-video-preview":"max-video-preview:-1"},"canonical":"https:\/\/cooltra.com\/fr\/qui-sommes-nous\/","og_locale":"fr_FR","og_type":"article","og_title":"Qui sommes-nous ? | Cooltra.com","og_description":"Cooltra est la plus grande entreprise europ\u00e9enne dispos\u00e9e \u00e0 vous offrir le meilleur service de location de motos, avec plus de 100 points en Espagne, en Italie, en France, au Portugal et au Br\u00e9sil.","og_url":"https:\/\/cooltra.com\/fr\/qui-sommes-nous\/","og_site_name":"Cooltra","article_publisher":"https:\/\/www.facebook.com\/CooltraMotos\/","article_modified_time":"2025-02-10T10:20:51+00:00","og_image":[{"width":2000,"height":510,"url":"https:\/\/cdn.cooltra.com\/uploads\/2018\/04\/cooltra-alquiler-de-motos-y-scooter-de-gasolina-y-electricas.png","type":"image\/png"}],"twitter_card":"summary_large_image","twitter_site":"@cooltra","twitter_misc":{"Dur\u00e9e de lecture estim\u00e9e":"2 minutes"},"schema":{"@context":"https:\/\/schema.org","@graph":[{"@type":"WebPage","@id":"https:\/\/cooltra.com\/fr\/qui-sommes-nous\/","url":"https:\/\/cooltra.com\/fr\/qui-sommes-nous\/","name":"Qui sommes-nous ? | Cooltra.com","isPartOf":{"@id":"https:\/\/cooltra.com\/fr\/#website"},"datePublished":"2018-05-03T12:10:02+00:00","dateModified":"2025-02-10T10:20:51+00:00","description":"Cooltra est la plus grande entreprise europ\u00e9enne dispos\u00e9e \u00e0 vous offrir le meilleur service de location de motos, avec plus de 100 points en Espagne, en Italie, en France, au Portugal et au Br\u00e9sil.","inLanguage":"fr-FR","potentialAction":[{"@type":"ReadAction","target":["https:\/\/cooltra.com\/fr\/qui-sommes-nous\/"]}]},{"@type":"WebSite","@id":"https:\/\/cooltra.com\/fr\/#website","url":"https:\/\/cooltra.com\/fr\/","name":"Cooltra","description":"Alquiler de motos y scooters de gasolina y el\u00e9ctricas","publisher":{"@id":"https:\/\/cooltra.com\/fr\/#organization"},"potentialAction":[{"@type":"SearchAction","target":{"@type":"EntryPoint","urlTemplate":"https:\/\/cooltra.com\/fr\/?s={search_term_string}"},"query-input":"required name=search_term_string"}],"inLanguage":"fr-FR"},{"@type":"Organization","@id":"https:\/\/cooltra.com\/fr\/#organization","name":"Cooltra","url":"https:\/\/cooltra.com\/fr\/","logo":{"@type":"ImageObject","inLanguage":"fr-FR","@id":"https:\/\/cooltra.com\/fr\/#\/schema\/logo\/image\/","url":"https:\/\/cdn.cooltra.com\/uploads\/2022\/11\/Cooltra_Logo_A.png","contentUrl":"https:\/\/cdn.cooltra.com\/uploads\/2022\/11\/Cooltra_Logo_A.png","width":300,"height":298,"caption":"Cooltra"},"image":{"@id":"https:\/\/cooltra.com\/fr\/#\/schema\/logo\/image\/"},"sameAs":["https:\/\/www.facebook.com\/CooltraMotos\/","https:\/\/twitter.com\/cooltra","https:\/\/www.instagram.com\/cooltra_motos\/"]}]}},"_links":{"self":[{"href":"https:\/\/cooltra.com\/fr\/wp-json\/wp\/v2\/pages\/6872"}],"collection":[{"href":"https:\/\/cooltra.com\/fr\/wp-json\/wp\/v2\/pages"}],"about":[{"href":"https:\/\/cooltra.com\/fr\/wp-json\/wp\/v2\/types\/page"}],"author":[{"embeddable":true,"href":"https:\/\/cooltra.com\/fr\/wp-json\/wp\/v2\/users\/2"}],"replies":[{"embeddable":true,"href":"https:\/\/cooltra.com\/fr\/wp-json\/wp\/v2\/comments?post=6872"}],"version-history":[{"count":32,"href":"https:\/\/cooltra.com\/fr\/wp-json\/wp\/v2\/pages\/6872\/revisions"}],"predecessor-version":[{"id":89775,"href":"https:\/\/cooltra.com\/fr\/wp-json\/wp\/v2\/pages\/6872\/revisions\/89775"}],"wp:attachment":[{"href":"https:\/\/cooltra.com\/fr\/wp-json\/wp\/v2\/media?parent=6872"}],"curies":[{"name":"wp","href":"https:\/\/api.w.org\/{rel}","templated":true}]}}