{"id":6082,"date":"2018-04-26T16:13:41","date_gmt":"2018-04-26T15:13:41","guid":{"rendered":"http:\/\/new.cooltra.com\/?page_id=6082"},"modified":"2025-08-13T15:30:40","modified_gmt":"2025-08-13T14:30:40","slug":"conditions-de-location","status":"publish","type":"page","link":"https:\/\/cooltra.com\/fr\/conditions-de-location\/","title":{"rendered":"Conditions de Location"},"content":{"rendered":"<div>Pour louer une moto avec Cooltra, vous devez poss\u00e9der un <strong>permis de conduire valide<\/strong> pour le v\u00e9hicule que vous souhaitez louer et respecter la r\u00e9glementation du pays. Nous vous rappelons \u00e9galement qu&rsquo;il est <strong>obligatoire<\/strong> d&rsquo;avoir sur vous des documents physiques lorsque vous conduisez. Les exigences minimales pour nos agences de location en Espagne, en Italie, en France et au Portugal sont list\u00e9es dans le tableau suivant\u00a0:<\/div>\n<div><\/div>\n<table border=\"1\" cellspacing=\"0\" cellpadding=\"0\">\n<tbody>\n<tr>\n<td><\/td>\n<td><strong>Scooter 50cc<\/strong><\/td>\n<td><strong>Scooter 125cc<\/strong><\/td>\n<td><strong>Scooter 3-roues<\/strong><\/td>\n<td><strong>Scooter 400cc<\/strong><\/td>\n<td><strong>Scooter +400cc<\/strong><\/td>\n<td><\/td>\n<\/tr>\n<tr>\n<td>Espagne<\/td>\n<td>Min. 18 ans, permis B\/AM, B (plus que 1\u00a0ann\u00e9e)<\/td>\n<td>Min. 18 ans, A1\/A ou Min 21 ans et 3+ ans d&rsquo;exp\u00e9rience avec B<\/td>\n<td>Min. 18 ans, A1\/A ou 3+ ans d&rsquo;exp\u00e9rience avec B<\/td>\n<td>Min. 18 ans et permis A ou A2<\/td>\n<td>Min. 21 ans et permis A<\/td>\n<td><\/td>\n<\/tr>\n<tr>\n<td>Italie<\/td>\n<td>Min. 18 ans, permis B\/AM<\/td>\n<td>Min. 18 ans, permis A1 (max 11KW) ou\u00a0A2 (max 35KW) ou\u00a0A ou B (max 11KW)<\/td>\n<td>Min. 18 ans, A1\/A ou 3+ ans d&rsquo;exp\u00e9rience avec B<\/td>\n<td>Min. 21 ans et permis A ou A2<\/td>\n<td>Min. 21 ans et permis A<\/td>\n<td><\/td>\n<\/tr>\n<tr>\n<td>France<\/td>\n<td>Min. 18 ans, permis B\/AM<\/td>\n<td>Min. 20 ans et permis A<\/td>\n<td>Min. 20 ans et permis A<\/td>\n<td>Min. 20 ans et permis A<\/td>\n<td>Min. 21 ans et permis A<\/td>\n<td><\/td>\n<\/tr>\n<tr>\n<td>Portugal<\/td>\n<td>Min. 18 ans, permis B\/AM<\/td>\n<td>Permis A1\/A ou 25+ ans + B<\/td>\n<td>Permis A1\/A ou 25+ ans + B<\/td>\n<td>Permis A ou A2<\/td>\n<td>Min. 21 ans et permis A<\/td>\n<td><\/td>\n<\/tr>\n<\/tbody>\n<\/table>\n<div><\/div>\n<div>\n<p><em>*Remarque : Si votre permis de conduire n&rsquo;est pas d\u00e9livr\u00e9 par un pays de l&rsquo;Union \u00e9conomique europ\u00e9enne ou n&rsquo;a pas conclu d&rsquo;accord avec l&rsquo;Espagne (ou d&rsquo;autres pays o\u00f9 Cooltra est pr\u00e9sent),<strong> vous devez pr\u00e9senter votre permis international<\/strong>. Les permis valides sont r\u00e9gis par la loi du pays o\u00f9 vous conduisez, et non de votre pays d&rsquo;origine .<\/em><\/p>\n<p>&nbsp;<\/p>\n<p>En outre, il vous suffit de nous verser une caution*\u00a0:<\/p>\n<ul>\n<li>100 \u20ac pour nos motos.<\/li>\n<li>200 \u20ac pour notre mod\u00e8le Standard.<\/li>\n<li>350\u00a0\u20ac pour notre mod\u00e8le Plus.<\/li>\n<li>750\u00a0\u20ac pour notre mod\u00e8le Premium.<\/li>\n<li>1\u00a0500\u00a0\u20ac pour notre mod\u00e8le Super Premium.<\/li>\n<\/ul>\n<p>&nbsp;<\/p>\n<p>La caution peut \u00eatre r\u00e9gl\u00e9e uniquement par carte bancaire et vous sera restitu\u00e9e \u00e0 la fin de votre location. La r\u00e9ception de la caution par la banque ou le pays du client peut prendre quelques jours. <strong>Si vous ne souhaitez pas verser de caution<\/strong>, vous pouvez souscrire \u00e0 nos garanties compl\u00e9mentaires (Excellence pour la courte dur\u00e9e et Gold pour l&rsquo;abonnement) pour \u00e9viter tout souci .<\/p>\n<p>&nbsp;<\/p>\n<p>*Pour les Riders, aucun d\u00e9p\u00f4t de garantie n&rsquo;est requis .<\/p>\n<p>&nbsp;<\/p>\n<p><strong>Toutes nos motos incluent<\/strong> un casque et une assurance tous risques avec une franchise de 600 \u20ac \u00e0 4 000 \u20ac (selon le mod\u00e8le choisi). Nous proposons \u00e9galement une large gamme d&rsquo;options \u00e0 choisir lors de la r\u00e9servation .<\/p>\n<p>&nbsp;<\/p>\n<p>Voici notre <strong>politique d&rsquo;annulation<\/strong> pour les locations <strong>Short Term<\/strong> :<\/p>\n<ul>\n<li>Si la r\u00e9servation comprend l&rsquo;une des garanties suppl\u00e9mentaires (<em>Excellence ou Supr\u00eame<\/em>), l&rsquo;annulation peut \u00eatre trait\u00e9e avec un pr\u00e9avis de 24 heures avant le d\u00e9but de la location .<\/li>\n<li>Les <strong>annulations ne sont pas autoris\u00e9es<\/strong> si l&rsquo;une des garanties suppl\u00e9mentaires n&rsquo;est pas souscrite et aucun remboursement ne sera effectu\u00e9 .<\/li>\n<li>Cooltra d\u00e9cline toute responsabilit\u00e9 en cas de conditions m\u00e9t\u00e9orologiques .<\/li>\n<\/ul>\n<p>&nbsp;<\/p>\n<p>Voici notre <strong>politique d&rsquo;annulation<\/strong> pour les locations par <strong>Subscription <\/strong>(Longue Dur\u00e9e) :<\/p>\n<ul>\n<li>Un remboursement int\u00e9gral peut \u00eatre demand\u00e9 dans les 7 jours suivant la r\u00e9servation .<\/li>\n<\/ul>\n<p>&nbsp;<\/p>\n<p><strong><span style=\"font-size: 18pt;\">CONDITIONS G\u00c9N\u00c9RALES DE LOCATION \u2013 CONTRAT DE BAIL<\/span><\/strong><\/p>\n<p>Vous pouvez t\u00e9l\u00e9charger ci-dessous les <strong>Conditions G\u00e9n\u00e9rales<\/strong> de Location (unifi\u00e9es pour les locations de courte dur\u00e9e et les locations par abonnement) au format PDF, ainsi que leurs bar\u00e8mes de p\u00e9nalit\u00e9s et dommages\u00a0:<\/p>\n<\/div>\n<div>\n<p>&nbsp;<\/p>\n<p><strong>ESPAGNE<\/strong><\/p>\n<\/div>\n<div>\n<ul style=\"list-style-type: disc;\">\n<li>CONDICIONES GENERALES DE ALQUILER &#8211; ESPA\u00d1A (<a href=\"https:\/\/cdn.cooltra.com\/uploads\/2025\/08\/20250619_MG_Cooltra-CGC-ES_es.pdf\" target=\"_blank\" rel=\"noopener\">pdf<\/a>)<\/li>\n<li>GENERAL RENTAL CONDITIONS &#8211; SPAIN (<a href=\"https:\/\/cdn.cooltra.com\/uploads\/2025\/08\/20250619_MG_Cooltra-CGC_ES_en.pdf\" target=\"_blank\" rel=\"noopener\">pdf<\/a>)<\/li>\n<\/ul>\n<p><strong>ITALIE<\/strong><\/p>\n<ul style=\"list-style-type: disc;\">\n<li>CONDIZIONI GENERALI DI NOLEGGIO &#8211; ITALIA (<a href=\"https:\/\/cdn.cooltra.com\/uploads\/2025\/08\/20250619_MG_Cooltra-CGC_IT_it.pdf\" target=\"_blank\" rel=\"noopener\">pdf<\/a>)<\/li>\n<li>CONDIZIONI GENERALI DI NOLEGGIO &#8211; Cooltra Partner Sorrento e Castellammare (<a href=\"https:\/\/cdn.cooltra.com\/uploads\/2023\/06\/CONDIZIONI-Sorrento-Castellamare-1.pdf\">pdf<\/a>)<\/li>\n<li>CONDIZIONI GENERALI DI NOLEGGIO &#8211; Cooltra Partner Napoli (<a href=\"https:\/\/cdn.cooltra.com\/uploads\/2023\/05\/TC-GIORNALIERO_MENSILE-1.pdf\">pdf<\/a>)<\/li>\n<li>CONDIZIONI GENERALI DI NOLEGGIO &#8211; Cooltra Partner Vieste (<a href=\"https:\/\/cdn.cooltra.com\/uploads\/2023\/05\/TC-GIORNALIERO-Vieste-1.pdf\">pdf<\/a>)<\/li>\n<li>CONDIZIONI GENERALI DI NOLEGGIO &#8211; Cooltra Partner Salerno (<a href=\"https:\/\/cdn.cooltra.com\/uploads\/2023\/05\/termini-e-condizioni-COOLTRA.pdf\">pdf<\/a>)<\/li>\n<li>CONDIZIONI GENERALI DI NOLEGGIO &#8211; Cooltra Partner Alghero (<a href=\"https:\/\/cdn.cooltra.com\/uploads\/2023\/05\/termini-e-condizioni-COOLTRA.pdf\">pdf<\/a>)<\/li>\n<li>GENERAL RENTAL CONDITIONS &#8211; ITALY (<a href=\"https:\/\/cdn.cooltra.com\/uploads\/2025\/08\/20250619_MG_Cooltra-CGC_IT_en.pdf\" target=\"_blank\" rel=\"noopener\">pdf<\/a>)<\/li>\n<\/ul>\n<p><strong>FRANCE<\/strong><\/p>\n<ul style=\"list-style-type: disc;\">\n<li>CONDITIONS G\u00c9N\u00c9RALES DE LOCATION &#8211; FRANCE (<a href=\"https:\/\/cdn.cooltra.com\/uploads\/2025\/08\/20250630_MG_Cooltra-CGC-FR_fr.pdf\" target=\"_blank\" rel=\"noopener\">pdf<\/a>)<\/li>\n<li>GENERAL RENTAL CONDITIONS &#8211; FRANCE (<a href=\"https:\/\/cdn.cooltra.com\/uploads\/2025\/08\/20250630_MG_Cooltra-CGC-FR_en.pdf\" target=\"_blank\" rel=\"noopener\">pdf<\/a>)<\/li>\n<\/ul>\n<p><strong>PORTUGAL<\/strong><\/p>\n<ul style=\"list-style-type: disc;\">\n<li>CONDI\u00c7\u00d5ES GERAIS DE ALUGUER &#8211; PORTUGAL (<a href=\"https:\/\/cdn.cooltra.com\/uploads\/2025\/08\/20250619_MG_Cooltra-CGC_PT_pt.pdf\" target=\"_blank\" rel=\"noopener\">pdf<\/a>)<\/li>\n<li>GENERAL RENTAL CONDITIONS &#8211; PORTUGAL (<a href=\"https:\/\/cdn.cooltra.com\/uploads\/2025\/08\/20250619_MG_Cooltra-CGC_PT_en.pdf\" target=\"_blank\" rel=\"noopener\">pdf<\/a>)<\/li>\n<\/ul>\n<\/div>\n","protected":false},"excerpt":{"rendered":"<p>Pour louer une moto avec Cooltra, vous devez poss\u00e9der un permis de conduire valide pour le v\u00e9hicule que vous souhaitez louer et respecter la r\u00e9glementation du pays. Nous vous rappelons \u00e9galement qu&rsquo;il est obligatoire d&rsquo;avoir sur vous des documents physiques lorsque vous conduisez. Les exigences minimales pour nos agences de location en Espagne, en Italie, [&hellip;]<\/p>\n","protected":false},"author":2,"featured_media":0,"parent":0,"menu_order":0,"comment_status":"closed","ping_status":"closed","template":"","meta":{"inline_featured_image":false},"yoast_head":"<!-- This site is optimized with the Yoast SEO plugin v20.10 - https:\/\/yoast.com\/wordpress\/plugins\/seo\/ -->\n<title>Conditions de location | Cooltra.com<\/title>\n<meta name=\"description\" content=\"Retrouvez toutes nos conditions de location de notre service. En cas de doute, n&#039;h\u00e9sitez pas \u00e0 nous contacter !\" \/>\n<meta name=\"robots\" content=\"index, follow, max-snippet:-1, max-image-preview:large, max-video-preview:-1\" \/>\n<link rel=\"canonical\" href=\"https:\/\/cooltra.com\/fr\/conditions-de-location\/\" \/>\n<meta property=\"og:locale\" content=\"fr_FR\" \/>\n<meta property=\"og:type\" content=\"article\" \/>\n<meta property=\"og:title\" content=\"Conditions de location | Cooltra.com\" \/>\n<meta property=\"og:description\" content=\"Retrouvez toutes nos conditions de location de notre service. En cas de doute, n&#039;h\u00e9sitez pas \u00e0 nous contacter !\" \/>\n<meta property=\"og:url\" content=\"https:\/\/cooltra.com\/fr\/conditions-de-location\/\" \/>\n<meta property=\"og:site_name\" content=\"Cooltra\" \/>\n<meta property=\"article:publisher\" content=\"https:\/\/www.facebook.com\/CooltraMotos\/\" \/>\n<meta property=\"article:modified_time\" content=\"2025-08-13T14:30:40+00:00\" \/>\n<meta property=\"og:image\" content=\"https:\/\/cdn.cooltra.com\/uploads\/2018\/04\/cooltra-alquiler-de-motos-y-scooter-de-gasolina-y-electricas.png\" \/>\n\t<meta property=\"og:image:width\" content=\"2000\" \/>\n\t<meta property=\"og:image:height\" content=\"510\" \/>\n\t<meta property=\"og:image:type\" content=\"image\/png\" \/>\n<meta name=\"twitter:card\" content=\"summary_large_image\" \/>\n<meta name=\"twitter:site\" content=\"@cooltra\" \/>\n<meta name=\"twitter:label1\" content=\"Dur\u00e9e de lecture estim\u00e9e\" \/>\n\t<meta name=\"twitter:data1\" content=\"4 minutes\" \/>\n<script type=\"application\/ld+json\" class=\"yoast-schema-graph\">{\"@context\":\"https:\/\/schema.org\",\"@graph\":[{\"@type\":\"WebPage\",\"@id\":\"https:\/\/cooltra.com\/fr\/conditions-de-location\/\",\"url\":\"https:\/\/cooltra.com\/fr\/conditions-de-location\/\",\"name\":\"Conditions de location | Cooltra.com\",\"isPartOf\":{\"@id\":\"https:\/\/cooltra.com\/fr\/#website\"},\"datePublished\":\"2018-04-26T15:13:41+00:00\",\"dateModified\":\"2025-08-13T14:30:40+00:00\",\"description\":\"Retrouvez toutes nos conditions de location de notre service. En cas de doute, n'h\u00e9sitez pas \u00e0 nous contacter !\",\"inLanguage\":\"fr-FR\",\"potentialAction\":[{\"@type\":\"ReadAction\",\"target\":[\"https:\/\/cooltra.com\/fr\/conditions-de-location\/\"]}]},{\"@type\":\"WebSite\",\"@id\":\"https:\/\/cooltra.com\/fr\/#website\",\"url\":\"https:\/\/cooltra.com\/fr\/\",\"name\":\"Cooltra\",\"description\":\"Alquiler de motos y scooters de gasolina y el\u00e9ctricas\",\"publisher\":{\"@id\":\"https:\/\/cooltra.com\/fr\/#organization\"},\"potentialAction\":[{\"@type\":\"SearchAction\",\"target\":{\"@type\":\"EntryPoint\",\"urlTemplate\":\"https:\/\/cooltra.com\/fr\/?s={search_term_string}\"},\"query-input\":\"required name=search_term_string\"}],\"inLanguage\":\"fr-FR\"},{\"@type\":\"Organization\",\"@id\":\"https:\/\/cooltra.com\/fr\/#organization\",\"name\":\"Cooltra\",\"url\":\"https:\/\/cooltra.com\/fr\/\",\"logo\":{\"@type\":\"ImageObject\",\"inLanguage\":\"fr-FR\",\"@id\":\"https:\/\/cooltra.com\/fr\/#\/schema\/logo\/image\/\",\"url\":\"https:\/\/cdn.cooltra.com\/uploads\/2022\/11\/Cooltra_Logo_A.png\",\"contentUrl\":\"https:\/\/cdn.cooltra.com\/uploads\/2022\/11\/Cooltra_Logo_A.png\",\"width\":300,\"height\":298,\"caption\":\"Cooltra\"},\"image\":{\"@id\":\"https:\/\/cooltra.com\/fr\/#\/schema\/logo\/image\/\"},\"sameAs\":[\"https:\/\/www.facebook.com\/CooltraMotos\/\",\"https:\/\/twitter.com\/cooltra\",\"https:\/\/www.instagram.com\/cooltra_motos\/\"]}]}<\/script>\n<!-- \/ Yoast SEO plugin. -->","yoast_head_json":{"title":"Conditions de location | Cooltra.com","description":"Retrouvez toutes nos conditions de location de notre service. En cas de doute, n'h\u00e9sitez pas \u00e0 nous contacter !","robots":{"index":"index","follow":"follow","max-snippet":"max-snippet:-1","max-image-preview":"max-image-preview:large","max-video-preview":"max-video-preview:-1"},"canonical":"https:\/\/cooltra.com\/fr\/conditions-de-location\/","og_locale":"fr_FR","og_type":"article","og_title":"Conditions de location | Cooltra.com","og_description":"Retrouvez toutes nos conditions de location de notre service. En cas de doute, n'h\u00e9sitez pas \u00e0 nous contacter !","og_url":"https:\/\/cooltra.com\/fr\/conditions-de-location\/","og_site_name":"Cooltra","article_publisher":"https:\/\/www.facebook.com\/CooltraMotos\/","article_modified_time":"2025-08-13T14:30:40+00:00","og_image":[{"width":2000,"height":510,"url":"https:\/\/cdn.cooltra.com\/uploads\/2018\/04\/cooltra-alquiler-de-motos-y-scooter-de-gasolina-y-electricas.png","type":"image\/png"}],"twitter_card":"summary_large_image","twitter_site":"@cooltra","twitter_misc":{"Dur\u00e9e de lecture estim\u00e9e":"4 minutes"},"schema":{"@context":"https:\/\/schema.org","@graph":[{"@type":"WebPage","@id":"https:\/\/cooltra.com\/fr\/conditions-de-location\/","url":"https:\/\/cooltra.com\/fr\/conditions-de-location\/","name":"Conditions de location | Cooltra.com","isPartOf":{"@id":"https:\/\/cooltra.com\/fr\/#website"},"datePublished":"2018-04-26T15:13:41+00:00","dateModified":"2025-08-13T14:30:40+00:00","description":"Retrouvez toutes nos conditions de location de notre service. En cas de doute, n'h\u00e9sitez pas \u00e0 nous contacter !","inLanguage":"fr-FR","potentialAction":[{"@type":"ReadAction","target":["https:\/\/cooltra.com\/fr\/conditions-de-location\/"]}]},{"@type":"WebSite","@id":"https:\/\/cooltra.com\/fr\/#website","url":"https:\/\/cooltra.com\/fr\/","name":"Cooltra","description":"Alquiler de motos y scooters de gasolina y el\u00e9ctricas","publisher":{"@id":"https:\/\/cooltra.com\/fr\/#organization"},"potentialAction":[{"@type":"SearchAction","target":{"@type":"EntryPoint","urlTemplate":"https:\/\/cooltra.com\/fr\/?s={search_term_string}"},"query-input":"required name=search_term_string"}],"inLanguage":"fr-FR"},{"@type":"Organization","@id":"https:\/\/cooltra.com\/fr\/#organization","name":"Cooltra","url":"https:\/\/cooltra.com\/fr\/","logo":{"@type":"ImageObject","inLanguage":"fr-FR","@id":"https:\/\/cooltra.com\/fr\/#\/schema\/logo\/image\/","url":"https:\/\/cdn.cooltra.com\/uploads\/2022\/11\/Cooltra_Logo_A.png","contentUrl":"https:\/\/cdn.cooltra.com\/uploads\/2022\/11\/Cooltra_Logo_A.png","width":300,"height":298,"caption":"Cooltra"},"image":{"@id":"https:\/\/cooltra.com\/fr\/#\/schema\/logo\/image\/"},"sameAs":["https:\/\/www.facebook.com\/CooltraMotos\/","https:\/\/twitter.com\/cooltra","https:\/\/www.instagram.com\/cooltra_motos\/"]}]}},"_links":{"self":[{"href":"https:\/\/cooltra.com\/fr\/wp-json\/wp\/v2\/pages\/6082"}],"collection":[{"href":"https:\/\/cooltra.com\/fr\/wp-json\/wp\/v2\/pages"}],"about":[{"href":"https:\/\/cooltra.com\/fr\/wp-json\/wp\/v2\/types\/page"}],"author":[{"embeddable":true,"href":"https:\/\/cooltra.com\/fr\/wp-json\/wp\/v2\/users\/2"}],"replies":[{"embeddable":true,"href":"https:\/\/cooltra.com\/fr\/wp-json\/wp\/v2\/comments?post=6082"}],"version-history":[{"count":47,"href":"https:\/\/cooltra.com\/fr\/wp-json\/wp\/v2\/pages\/6082\/revisions"}],"predecessor-version":[{"id":91144,"href":"https:\/\/cooltra.com\/fr\/wp-json\/wp\/v2\/pages\/6082\/revisions\/91144"}],"wp:attachment":[{"href":"https:\/\/cooltra.com\/fr\/wp-json\/wp\/v2\/media?parent=6082"}],"curies":[{"name":"wp","href":"https:\/\/api.w.org\/{rel}","templated":true}]}}