{"id":36439,"date":"2021-05-25T16:49:01","date_gmt":"2021-05-25T15:49:01","guid":{"rendered":"https:\/\/cooltra.com\/?page_id=36439"},"modified":"2021-12-21T13:34:24","modified_gmt":"2021-12-21T12:34:24","slug":"politique-de-cookies","status":"publish","type":"page","link":"https:\/\/cooltra.com\/fr\/politique-de-cookies\/","title":{"rendered":"Politique de cookies"},"content":{"rendered":"<h3 style=\"text-align: justify;\">ANT\u00c9C\u00c9DENTS<\/h3>\n<p style=\"text-align: justify;\">Conform\u00e9ment \u00e0 la l\u00e9gislation espagnole qui r\u00e9gule l\u2019utilisation de cookies en relation avec la prestation des services de communications \u00e9lectroniques, pr\u00e9sente dans le Real Decreto Ley 13\/2012 du 30 Mars, nous vous informons sur les cookies utilis\u00e9s dans le site web de COOLTRA MOTOS, S.L (\u00e9galement le prestataire) et la raison de son utilisation. Ainsi, nous vous informons que naviguer sur le Site Web vous donnez votre consentement \u00e0 leur utilisation .<\/p>\n<h3 style=\"text-align: justify;\">QU\u2019EST QU\u2019UN COOKIE ?<\/h3>\n<p style=\"text-align: justify;\">Un cookie est un fichier qui se t\u00e9l\u00e9charge dans votre ordinateur afin d\u2019acc\u00e9der \u00e0 des pages web d\u00e9termin\u00e9es . Les cookies permettent \u00e0 une page web, entre autres choses, stocker et r\u00e9cup\u00e9rer des informations sur les habitudes de navigation d\u2019un utilisateur et de son \u00e9quipement et, en fonction des informations qu\u2019ils contiennent et de la fa\u00e7on dont est utilis\u00e9 l\u2019\u00e9quipement, ils peuvent \u00eatre utilis\u00e9s pour reconnaitre l\u2019utilisateur . Les cookies sont uniquement associ\u00e9s \u00e0 un utilisateur anonyme et son ordinateur ou dispositif et ne fournissent pas de r\u00e9f\u00e9rences permettant de connaitre les donn\u00e9es personnelles .<\/p>\n<h3 style=\"text-align: justify;\">COOKIES TOUCH\u00c9S PAR LA NORME COOKIES<\/h3>\n<p style=\"text-align: justify;\">D\u2019apr\u00e8s la directive de l\u2019UE, les cookies requi\u00e8rent le consentement donn\u00e9 de la part de l\u2019utilisateur sont les cookies d\u2019analytique et les cookies de publicit\u00e9 ou d\u2019affiliation, sont dispens\u00e9s de ceux \u00e0 caract\u00e8re technique et n\u00e9cessaires pour le fonctionnement du site web ou la prestation des services express\u00e9ment demand\u00e9s par l\u2019utilisateur .<\/p>\n<h3 style=\"text-align: justify;\">TYPES DE COOKIES<\/h3>\n<p style=\"text-align: justify;\">\u00a0 \u00a0 \u00a0 1. En fonction de l\u2019entit\u00e9 qui les g\u00e8rent, il y a les Cookies propres (ceux qui s\u2019envoient \u00e0 l\u2019\u00e9quipement terminal de l\u2019utilisateur depuis un \u00e9quipement ou domaine g\u00e9r\u00e9 par l\u2019\u00e9diteur propre et c\u2019est depuis ce dernier qu\u2019est pr\u00eat\u00e9 le service sollicit\u00e9 par l\u2019utilisateur) et de tiers (ceux qui sont envoy\u00e9 \u00e0 l\u2019\u00e9quipement terminal de l\u2019utilisateur depuis un \u00e9quipement ou domaine qui n\u2019est pas g\u00e9r\u00e9 par l\u2019\u00e9diteur, mais par une autre entit\u00e9 qui traite les donn\u00e9es obtenues \u00e0 travers les cookies)<\/p>\n<p style=\"text-align: justify;\">2. En fonction de la dur\u00e9e pendant laquelle les cookies sont actifs, ils existent des sessions (cr\u00e9es pour recueillir et stocker les donn\u00e9es pendant que l\u2019utilisateur acc\u00e8de \u00e0 la page web) et les persistantes (dans lesquels les donn\u00e9es se stockent dans le terminal et peuvent \u00eatre accessibles et trait\u00e9s durant une p\u00e9riode d\u00e9finie par le responsable du Cookie \u2013 cela peut aller de quelques minutes \u00e0 plusieurs ann\u00e9es)<\/p>\n<p style=\"text-align: justify;\">3. En fonction de finalit\u00e9 avec laquelle sont trait\u00e9es les informations et rassembl\u00e9es, peuvent \u00eatre :<\/p>\n<ul>\n<li style=\"text-align: justify;\">Cookies techniques (n\u00e9cessaires \u00e0 l\u2019utilisation pour le la Web et la prestation du service choisi)<\/li>\n<li style=\"text-align: justify;\">Cookies de personnalisation (qui permettent \u00e0 l\u2019utilisateur avec des caract\u00e9ristiques pr\u00e9d\u00e9finies, comme par exemple la langue, le type de navigateur, configuration r\u00e9gionale, etc.)<\/li>\n<li style=\"text-align: justify;\">Cookies d\u2019analyse (recueillent les informations d\u2019utilisation que r\u00e9alise la page Web)<\/li>\n<li style=\"text-align: justify;\">Cookies publicitaires (recueillent les informations sur les pr\u00e9f\u00e9rences et choix personnels des utilisateurs)<\/li>\n<li style=\"text-align: justify;\">Cookies des affili\u00e9s (permettent de r\u00e9aliser une segmentation des visites en provenance d\u2019autres pages web avec le site web \u00e9tablit un contrat d\u2019affiliation)<\/li>\n<\/ul>\n<h3>TYPES DE COOKIES UTILIS\u00c9S POUR CE SITE WEB<\/h3>\n<p style=\"text-align: justify;\">Les cookies utilis\u00e9s sur notre site web son des sessions et des tiers, et nous permettent de stocker et acc\u00e9der \u00e0 l\u2019information relative \u00e0 la langue, le type de navigateur utilis\u00e9, et d\u2019autres caract\u00e9ristiques g\u00e9n\u00e9rales pr\u00e9d\u00e9finies par l\u2019utilisateur, tout comme continuer et analyser l\u2019activit\u00e9 qu\u2019il am\u00e9liore et pr\u00eate de nouveaux services d\u2019une fa\u00e7on plus efficace et personnalis\u00e9e . Les cookies utilis\u00e9s ont, dans tous les cas, un caract\u00e8re temporaire, avec l\u2019unique finalit\u00e9 de rendre plus efficace et pratique la navigation. En aucun cas ces cookies fournissent eux-m\u00eames des donn\u00e9es \u00e0 caract\u00e8re personnel et ne s\u2019utilisent pas pour la collecte de ces derniers .<\/p>\n<p style=\"text-align: justify;\">L\u2019utilisation des cookies offre des avantages, comme par exemple :<\/p>\n<ul>\n<li style=\"text-align: justify;\">Facilite la navigation \u00e0 l\u2019utilisateur et l\u2019acc\u00e8s aux diff\u00e9rents services qu\u2019offre ce site web ;<\/li>\n<li style=\"text-align: justify;\">\u00c9vite \u00e0 l\u2019utilisateur de devoir configurer les caract\u00e9ristiques g\u00e9n\u00e9rales pr\u00e9d\u00e9finies, chaque fois qu\u2019il acc\u00e8de au site web, et<\/li>\n<li style=\"text-align: justify;\">Favorise l\u2019am\u00e9lioration du fonctionnement et des services pr\u00eat\u00e9s au travers de ce site web, gr\u00e2ce \u00e0 la correspondante analyse de l\u2019information obtenue \u00e0 travers les cookies .<\/li>\n<\/ul>\n<p>En acc\u00e9dant \u00e0 notre web vous serez inform\u00e9 que vous continuez \u00e0 naviguer s\u2019installeront plusieurs cookies de tiers consistant ainsi \u00e0 l\u2019installation de cookies d\u00e9termin\u00e9es qui auraient pour unique finalit\u00e9 celle d\u2019enregistrer l\u2019acc\u00e8s \u00e0 notre site web pour la r\u00e9alisation de statistiques anonymes sur les visites, compliant les informations toujours de forme anonyme . Il n\u2019est pas n\u00e9cessaire d\u2019accepter l\u2019installation de ces cookies, vous pourrez naviguer de la m\u00eame fa\u00e7on \u00e0 travers notre page web .<\/p>\n<p style=\"text-align: justify;\">Dans diverses sections de notre page web, pourront s\u2019installer des cookies des r\u00e9seaux sociaux concr\u00e8tement les suivants :<\/p>\n<p style=\"text-align: justify;\">Cookie de Twitter, d\u2019apr\u00e8s les dispositions dans <a href=\"https:\/\/twitter.com\/fr\/privacy\" target=\"_blank\" rel=\"noopener\">la politique de confidentialit\u00e9 et d&rsquo;utilisation de cookies.<\/a><br \/>\nCookie de Facebook, d\u2019apr\u00e8s les dispositions dans sa <a href=\"https:\/\/www.facebook.com\/policies\/cookies\/\" target=\"_blank\" rel=\"noopener\">politique de cookies.<\/a><br \/>\nCookie de Linkedin, d\u2019apr\u00e8s les dispositions sur sa page <a href=\"https:\/\/www.linkedin.com\/legal\/cookie-policy\" target=\"_blank\" rel=\"noopener\">utilisation des cookies.<\/a><br \/>\nCookies de Google+ et Google Maps, d\u2019apr\u00e8s les dispositions sur sa <a href=\"https:\/\/policies.google.com\/technologies\/types?hl=fr\" target=\"_blank\" rel=\"noopener\">page web sur le type de cookies qu\u2019ils utilisent.<\/a><\/p>\n<p style=\"text-align: justify;\">\u00c0 tout moment vous pourrez acc\u00e8der \u00e0 la configuration de votre navigateur acceptant ou refusant tous les cookies, ou bien s\u00e9lectionner ceux dont l\u2019installation est admise ou pas, suivant l\u2019un des suivants proc\u00e9d\u00e9s, qui d\u00e9pend du navigateur que vous utilisez :<\/p>\n<p style=\"text-align: justify;\">\u2022 <strong>Google Chrome<\/strong> (dans le Menu Outils) :<\/p>\n<p style=\"text-align: justify;\">Configuration &gt; Montrer options avanc\u00e9es &gt; Confidentialit\u00e9 (Configuration de contenu) &gt; Cookies :<br \/>\n<a href=\"https:\/\/support.google.com\/chrome\/answer\/95647?co=GENIE.Platform%3DDesktop&amp;hl=fr\" target=\"_blank\" rel=\"noopener\">https:\/\/support.google.com\/chrome\/answer\/95647?co=GENIE.Platform%3DDesktop&amp;hl=fr<\/a><\/p>\n<p style=\"text-align: justify;\">\u2022 <strong>Microsoft Internet Explorer<\/strong> (dans le Menu Outils) :<br \/>\nOptions d&rsquo; Internet &gt; Privacidad &gt; Avanzada:<br \/>\n<a href=\"https:\/\/support.microsoft.com\/fr-fr\/help\/17442\/windows-internet-explorer-delete-manage-cookies\" target=\"_blank\" rel=\"noopener\">https:\/\/support.microsoft.com\/fr-fr\/help\/17442\/windows-internet-explorer-delete-manage-cookies<\/a><\/p>\n<p style=\"text-align: justify;\">\u2022 <strong>Firefox:<\/strong><br \/>\nOptions&gt; Confidentialit\u00e9&gt; Cookies:<br \/>\n<a href=\"https:\/\/support.mozilla.org\/fr\/kb\/activer-desactiver-cookies-preferences\" target=\"_blank\" rel=\"noopener\">https:\/\/support.mozilla.org\/fr\/kb\/activer-desactiver-cookies-preferences<\/a><\/p>\n<p style=\"text-align: justify;\">\u2022<strong> Safari, iPad et iPhone:<\/strong><br \/>\nPr\u00e9f\u00e9rences &gt; Confidentialit\u00e9<br \/>\n<a href=\"https:\/\/support.apple.com\/kb\/ph21411?locale=fr_FR\" target=\"_blank\" rel=\"noopener\">https:\/\/support.apple.com\/kb\/ph21411?locale=fr_FR<\/a><\/p>\n<p style=\"text-align: justify;\">Ces navigateurs sont soumis et actualis\u00e9s ou modifi\u00e9s, c\u2019est pour cette raison que nous ne pouvons garantir qu\u2019ils s\u2019ajustent compl\u00e9tement \u00e0 la version de votre navigateur . Il est \u00e9galement possible que soit utilis\u00e9 un autre navigateur non list\u00e9 dans ces liens comme Kongueror, Arora, Flock, etc . Pour \u00e9viter les d\u00e9sajustements, vous pouvez directement acc\u00e9der depuis les options du navigateur, g\u00e9n\u00e9ralement dans le menu \u00ab Options \u00bb dans la section \u00ab Confidentialit\u00e9 \u00bb (Merci de consulter l\u2019aide fournie par son navigateur dans plus d\u2019informations) .<\/p>\n<h3 style=\"text-align: justify;\">DESACTIVATION\/ACTIVATION ET ELIMINATION DE COOKIES<\/h3>\n<p style=\"text-align: justify;\">Pour restreindre ou bloquer les cookies, il faut aller dans la configuration du Navigateur .<\/p>\n<p style=\"text-align: justify;\">Si vous ne voulez pas que les sites web mettent des cookies dans son \u00e9quipement, vous pouvez adapter la configuration du navigateur de fa\u00e7on \u00e0 que soit notifi\u00e9 avant de placer un cookie . De la m\u00eame fa\u00e7on, vous pouvez adapter la configuration de fa\u00e7on \u00e0 ce que votre navigateur refuse tous les cookies, ou uniquement les cookies des tiers . Il est \u00e9galement possible d\u2019\u00e9liminer tout cookie se trouvant dans votre \u00e9quipement . Prenez en compte que vous devrez adapter de fa\u00e7on s\u00e9par\u00e9e la configuration de chaque navigateur et chaque \u00e9quipement que vous utilisez .<\/p>\n<p style=\"text-align: justify;\">Prenez en compte que si vous ne voulez pas recevoir des cookies, nous ne pourrons pas vous garantir que notre page internet fonctionne correctement . Il est possible que quelques fonctions du site se perdent et il est possible que vous ne puissiez pas acc\u00e9der \u00e0 certains sites web . De plus, refuser les cookies ne signifie pas que vous ne verrez plus d\u2019annonces publicitaires. Simplement que les annonces ne seront pas ajust\u00e9es \u00e0 vos int\u00e9r\u00eats et elle se r\u00e9p\u00e9teront plus fr\u00e9quemment .<\/p>\n<p style=\"text-align: justify;\">Chaque navigateur poss\u00e8de une m\u00e9thode distincte pour adapter la configuration. S\u2019il \u00e9tait n\u00e9cessaire, consultez la fonction d\u2019aide du navigateur pour \u00e9tablir la configuration correcte .<\/p>\n<p style=\"text-align: justify;\">Pour d\u00e9sactiver les cookies et le t\u00e9l\u00e9phone portable, consultez le manuel du dispositif pour obtenir plus d\u2019informations .<\/p>\n<p style=\"text-align: justify;\">Vous pouvez obtener plus d\u2019informations sur les cookies sur internet, https:\/\/www.aboutcookies.org\/<\/p>\n<p style=\"text-align: justify;\">Prenant en compte la forme avec laquelle fonctionne internet et les sites web, nous ne comptons pas toujours sur les informations des cookies mis par les tierces parties au travers de notre page internet. Ceci s\u2019appliquera sp\u00e9cialement dans les cas ou notre page web contient ce qui s\u2019appelle des \u00e9l\u00e9ments int\u00e9gr\u00e9s : textes, documents, images ou br\u00e8ves vid\u00e9os qui sont stock\u00e9s par une autre partie, mais qui sont visibles sur notre page web .<\/p>\n<p style=\"text-align: justify;\">Par cons\u00e9quent, dans le cas ou ce style de cookies sur ce site web et ne sont pas \u00e9num\u00e9r\u00e9s dans la liste ant\u00e9rieure, nous nous prions de nous les communiquer . Ou mettez vous en contact directement avec la partie tierce pour lui demander plus d\u2019information sur les cookies qui se placent, la finalit\u00e9, la dur\u00e9e des cookies et qui garanti sa confidentialit\u00e9 .<\/p>\n","protected":false},"excerpt":{"rendered":"<p>ANT\u00c9C\u00c9DENTS Conform\u00e9ment \u00e0 la l\u00e9gislation espagnole qui r\u00e9gule l\u2019utilisation de cookies en relation avec la prestation des services de communications \u00e9lectroniques, pr\u00e9sente dans le Real Decreto Ley 13\/2012 du 30 Mars, nous vous informons sur les cookies utilis\u00e9s dans le site web de COOLTRA MOTOS, S.L (\u00e9galement le prestataire) et la raison de son utilisation. [&hellip;]<\/p>\n","protected":false},"author":1,"featured_media":0,"parent":0,"menu_order":0,"comment_status":"closed","ping_status":"closed","template":"","meta":{"inline_featured_image":false},"yoast_head":"<!-- This site is optimized with the Yoast SEO plugin v20.10 - https:\/\/yoast.com\/wordpress\/plugins\/seo\/ -->\n<title>Politique de cookies - Cooltra<\/title>\n<meta name=\"robots\" content=\"index, follow, max-snippet:-1, max-image-preview:large, max-video-preview:-1\" \/>\n<link rel=\"canonical\" href=\"https:\/\/cooltra.com\/fr\/politique-de-cookies\/\" \/>\n<meta property=\"og:locale\" content=\"fr_FR\" \/>\n<meta property=\"og:type\" content=\"article\" \/>\n<meta property=\"og:title\" content=\"Politique de cookies - Cooltra\" \/>\n<meta property=\"og:description\" content=\"ANT\u00c9C\u00c9DENTS Conform\u00e9ment \u00e0 la l\u00e9gislation espagnole qui r\u00e9gule l\u2019utilisation de cookies en relation avec la prestation des services de communications \u00e9lectroniques, pr\u00e9sente dans le Real Decreto Ley 13\/2012 du 30 Mars, nous vous informons sur les cookies utilis\u00e9s dans le site web de COOLTRA MOTOS, S.L (\u00e9galement le prestataire) et la raison de son utilisation. [&hellip;]\" \/>\n<meta property=\"og:url\" content=\"https:\/\/cooltra.com\/fr\/politique-de-cookies\/\" \/>\n<meta property=\"og:site_name\" content=\"Cooltra\" \/>\n<meta property=\"article:publisher\" content=\"https:\/\/www.facebook.com\/CooltraMotos\/\" \/>\n<meta property=\"article:modified_time\" content=\"2021-12-21T12:34:24+00:00\" \/>\n<meta property=\"og:image\" content=\"https:\/\/cdn.cooltra.com\/uploads\/2018\/04\/cooltra-alquiler-de-motos-y-scooter-de-gasolina-y-electricas.png\" \/>\n\t<meta property=\"og:image:width\" content=\"2000\" \/>\n\t<meta property=\"og:image:height\" content=\"510\" \/>\n\t<meta property=\"og:image:type\" content=\"image\/png\" \/>\n<meta name=\"twitter:card\" content=\"summary_large_image\" \/>\n<meta name=\"twitter:site\" content=\"@cooltra\" \/>\n<meta name=\"twitter:label1\" content=\"Dur\u00e9e de lecture estim\u00e9e\" \/>\n\t<meta name=\"twitter:data1\" content=\"6 minutes\" \/>\n<script type=\"application\/ld+json\" class=\"yoast-schema-graph\">{\"@context\":\"https:\/\/schema.org\",\"@graph\":[{\"@type\":\"WebPage\",\"@id\":\"https:\/\/cooltra.com\/fr\/politique-de-cookies\/\",\"url\":\"https:\/\/cooltra.com\/fr\/politique-de-cookies\/\",\"name\":\"Politique de cookies - Cooltra\",\"isPartOf\":{\"@id\":\"https:\/\/cooltra.com\/fr\/#website\"},\"datePublished\":\"2021-05-25T15:49:01+00:00\",\"dateModified\":\"2021-12-21T12:34:24+00:00\",\"inLanguage\":\"fr-FR\",\"potentialAction\":[{\"@type\":\"ReadAction\",\"target\":[\"https:\/\/cooltra.com\/fr\/politique-de-cookies\/\"]}]},{\"@type\":\"WebSite\",\"@id\":\"https:\/\/cooltra.com\/fr\/#website\",\"url\":\"https:\/\/cooltra.com\/fr\/\",\"name\":\"Cooltra\",\"description\":\"Alquiler de motos y scooters de gasolina y el\u00e9ctricas\",\"publisher\":{\"@id\":\"https:\/\/cooltra.com\/fr\/#organization\"},\"potentialAction\":[{\"@type\":\"SearchAction\",\"target\":{\"@type\":\"EntryPoint\",\"urlTemplate\":\"https:\/\/cooltra.com\/fr\/?s={search_term_string}\"},\"query-input\":\"required name=search_term_string\"}],\"inLanguage\":\"fr-FR\"},{\"@type\":\"Organization\",\"@id\":\"https:\/\/cooltra.com\/fr\/#organization\",\"name\":\"Cooltra\",\"url\":\"https:\/\/cooltra.com\/fr\/\",\"logo\":{\"@type\":\"ImageObject\",\"inLanguage\":\"fr-FR\",\"@id\":\"https:\/\/cooltra.com\/fr\/#\/schema\/logo\/image\/\",\"url\":\"https:\/\/cdn.cooltra.com\/uploads\/2022\/11\/Cooltra_Logo_A.png\",\"contentUrl\":\"https:\/\/cdn.cooltra.com\/uploads\/2022\/11\/Cooltra_Logo_A.png\",\"width\":300,\"height\":298,\"caption\":\"Cooltra\"},\"image\":{\"@id\":\"https:\/\/cooltra.com\/fr\/#\/schema\/logo\/image\/\"},\"sameAs\":[\"https:\/\/www.facebook.com\/CooltraMotos\/\",\"https:\/\/twitter.com\/cooltra\",\"https:\/\/www.instagram.com\/cooltra_motos\/\"]}]}<\/script>\n<!-- \/ Yoast SEO plugin. -->","yoast_head_json":{"title":"Politique de cookies - Cooltra","robots":{"index":"index","follow":"follow","max-snippet":"max-snippet:-1","max-image-preview":"max-image-preview:large","max-video-preview":"max-video-preview:-1"},"canonical":"https:\/\/cooltra.com\/fr\/politique-de-cookies\/","og_locale":"fr_FR","og_type":"article","og_title":"Politique de cookies - Cooltra","og_description":"ANT\u00c9C\u00c9DENTS Conform\u00e9ment \u00e0 la l\u00e9gislation espagnole qui r\u00e9gule l\u2019utilisation de cookies en relation avec la prestation des services de communications \u00e9lectroniques, pr\u00e9sente dans le Real Decreto Ley 13\/2012 du 30 Mars, nous vous informons sur les cookies utilis\u00e9s dans le site web de COOLTRA MOTOS, S.L (\u00e9galement le prestataire) et la raison de son utilisation. [&hellip;]","og_url":"https:\/\/cooltra.com\/fr\/politique-de-cookies\/","og_site_name":"Cooltra","article_publisher":"https:\/\/www.facebook.com\/CooltraMotos\/","article_modified_time":"2021-12-21T12:34:24+00:00","og_image":[{"width":2000,"height":510,"url":"https:\/\/cdn.cooltra.com\/uploads\/2018\/04\/cooltra-alquiler-de-motos-y-scooter-de-gasolina-y-electricas.png","type":"image\/png"}],"twitter_card":"summary_large_image","twitter_site":"@cooltra","twitter_misc":{"Dur\u00e9e de lecture estim\u00e9e":"6 minutes"},"schema":{"@context":"https:\/\/schema.org","@graph":[{"@type":"WebPage","@id":"https:\/\/cooltra.com\/fr\/politique-de-cookies\/","url":"https:\/\/cooltra.com\/fr\/politique-de-cookies\/","name":"Politique de cookies - Cooltra","isPartOf":{"@id":"https:\/\/cooltra.com\/fr\/#website"},"datePublished":"2021-05-25T15:49:01+00:00","dateModified":"2021-12-21T12:34:24+00:00","inLanguage":"fr-FR","potentialAction":[{"@type":"ReadAction","target":["https:\/\/cooltra.com\/fr\/politique-de-cookies\/"]}]},{"@type":"WebSite","@id":"https:\/\/cooltra.com\/fr\/#website","url":"https:\/\/cooltra.com\/fr\/","name":"Cooltra","description":"Alquiler de motos y scooters de gasolina y el\u00e9ctricas","publisher":{"@id":"https:\/\/cooltra.com\/fr\/#organization"},"potentialAction":[{"@type":"SearchAction","target":{"@type":"EntryPoint","urlTemplate":"https:\/\/cooltra.com\/fr\/?s={search_term_string}"},"query-input":"required name=search_term_string"}],"inLanguage":"fr-FR"},{"@type":"Organization","@id":"https:\/\/cooltra.com\/fr\/#organization","name":"Cooltra","url":"https:\/\/cooltra.com\/fr\/","logo":{"@type":"ImageObject","inLanguage":"fr-FR","@id":"https:\/\/cooltra.com\/fr\/#\/schema\/logo\/image\/","url":"https:\/\/cdn.cooltra.com\/uploads\/2022\/11\/Cooltra_Logo_A.png","contentUrl":"https:\/\/cdn.cooltra.com\/uploads\/2022\/11\/Cooltra_Logo_A.png","width":300,"height":298,"caption":"Cooltra"},"image":{"@id":"https:\/\/cooltra.com\/fr\/#\/schema\/logo\/image\/"},"sameAs":["https:\/\/www.facebook.com\/CooltraMotos\/","https:\/\/twitter.com\/cooltra","https:\/\/www.instagram.com\/cooltra_motos\/"]}]}},"_links":{"self":[{"href":"https:\/\/cooltra.com\/fr\/wp-json\/wp\/v2\/pages\/36439"}],"collection":[{"href":"https:\/\/cooltra.com\/fr\/wp-json\/wp\/v2\/pages"}],"about":[{"href":"https:\/\/cooltra.com\/fr\/wp-json\/wp\/v2\/types\/page"}],"author":[{"embeddable":true,"href":"https:\/\/cooltra.com\/fr\/wp-json\/wp\/v2\/users\/1"}],"replies":[{"embeddable":true,"href":"https:\/\/cooltra.com\/fr\/wp-json\/wp\/v2\/comments?post=36439"}],"version-history":[{"count":3,"href":"https:\/\/cooltra.com\/fr\/wp-json\/wp\/v2\/pages\/36439\/revisions"}],"predecessor-version":[{"id":50854,"href":"https:\/\/cooltra.com\/fr\/wp-json\/wp\/v2\/pages\/36439\/revisions\/50854"}],"wp:attachment":[{"href":"https:\/\/cooltra.com\/fr\/wp-json\/wp\/v2\/media?parent=36439"}],"curies":[{"name":"wp","href":"https:\/\/api.w.org\/{rel}","templated":true}]}}