{"id":31885,"date":"2021-01-26T15:30:56","date_gmt":"2021-01-26T14:30:56","guid":{"rendered":"https:\/\/bruce.cooltra.com\/pruebanos\/"},"modified":"2021-05-20T15:31:47","modified_gmt":"2021-05-20T14:31:47","slug":"pruebanos","status":"publish","type":"page","link":"https:\/\/cooltra.com\/fr\/pruebanos\/","title":{"rendered":"Vous avez de besoin de mobilit\u00e9 pour votre entreprise ?"},"content":{"rendered":"<div class=\"elementor-element elementor-element-5b725fa elementor-widget elementor-widget-text-editor\" data-id=\"5b725fa\" data-element_type=\"widget\" data-widget_type=\"text-editor.default\">\n<div class=\"elementor-widget-container\">\n<div class=\"elementor-text-editor elementor-clearfix\">\n<p><b>Vous souhaitez tester nos scooters gratuitement?<\/b><\/p>\n<p>Si un service int\u00e9resse votre entreprise,\u00a0<strong>remplissez ce formulaire<\/strong>\u00a0et un de nos commerciaux prendra contact avec vous afin de vous faire une proposition<\/p>\n<p><strong>Cooltra<\/strong>\u00a0est la compagnie leader en solutions de mobilit\u00e9 deux roues, \u00e0 travers la technologie et le talent, mais aussi gr\u00e2ce \u00e0 une grande qualit\u00e9 de service<\/p>\n<p><strong>Qu\u2019offrons-nous\u00a0?<\/strong><\/p>\n<ul>\n<li><strong>Flexibilit\u00e9:<\/strong>\u00a0location \u00e0 partir de 1 mois et long terme<\/li>\n<li><strong>Pratique:<\/strong>\u00a0une facture par mois et rien de plus<\/li>\n<li><strong>Gestion des Flottes:<\/strong>\u00a0contr\u00f4lez chaque aspect de votre flotte\u00a0.<\/li>\n<li><strong>Faible investissement:<\/strong>\u00a0n\u2019achetez pas votre flotte en une fois, louez-la<\/li>\n<li><strong>Durabilit\u00e9:<\/strong>\u00a0plus de 4000 scooters \u00e9lectriques<\/li>\n<li><strong>Solutions sur mesure:<\/strong>\u00a0nous sommes ouverts \u00e0 tout type de proposition<\/li>\n<\/ul>\n<p><strong>Pourquoi choisir Cooltra\u00a0?<\/strong><\/p>\n<ul>\n<li>Nous vous apportons\u00a0<strong>facilit\u00e9 et agilit\u00e9<\/strong>\u00a0lors de vos d\u00e9placements<\/li>\n<li>Nous avons un grand impact sur\u00a0<strong>l\u2019optimisation du temps et des ressources<\/strong><\/li>\n<li>Vous\u00a0<strong>ferez des \u00e9conomies<\/strong>\u00a0et aurez des\u00a0<strong>facilit\u00e9s de financement<\/strong><\/li>\n<li>Nous nous\u00a0<strong>adaptons<\/strong>\u00a0\u00e0 vos besoins<\/li>\n<li>Nous sommes pr\u00e9sents sur le\u00a0<strong>march\u00e9 depuis plus de 10 ans<\/strong>\u00a0et nous offrons des solutions de mobilit\u00e9 et de gestion des flottes deux roues pour les entreprises comme Stuart, tout comme diff\u00e9rentes administrations publiques et mairies\u00a0.<\/li>\n<\/ul>\n<p>&nbsp;<\/p>\n<p><strong>Et le tout sans payer un euro!<\/strong><\/p>\n<p>N\u2019attendez plus et inscrivez-vous pour essayer un scooter gratuitement<\/p>\n<\/div>\n<\/div>\n<\/div>\n","protected":false},"excerpt":{"rendered":"<p>Vous souhaitez tester nos scooters gratuitement? Si un service int\u00e9resse votre entreprise,\u00a0remplissez ce formulaire\u00a0et un de nos commerciaux prendra contact avec vous afin de vous faire une proposition Cooltra\u00a0est la compagnie leader en solutions de mobilit\u00e9 deux roues, \u00e0 travers la technologie et le talent, mais aussi gr\u00e2ce \u00e0 une grande qualit\u00e9 de service Qu\u2019offrons-nous\u00a0? [&hellip;]<\/p>\n","protected":false},"author":20,"featured_media":0,"parent":0,"menu_order":0,"comment_status":"closed","ping_status":"closed","template":"page-testus.php","meta":{"inline_featured_image":false},"yoast_head":"<!-- This site is optimized with the Yoast SEO plugin v20.10 - https:\/\/yoast.com\/wordpress\/plugins\/seo\/ -->\n<title>Vous avez de besoin de mobilit\u00e9 pour votre entreprise ? - Cooltra<\/title>\n<meta name=\"robots\" content=\"index, follow, max-snippet:-1, max-image-preview:large, max-video-preview:-1\" \/>\n<link rel=\"canonical\" href=\"https:\/\/cooltra.com\/fr\/pruebanos\/\" \/>\n<meta property=\"og:locale\" content=\"fr_FR\" \/>\n<meta property=\"og:type\" content=\"article\" \/>\n<meta property=\"og:title\" content=\"Vous avez de besoin de mobilit\u00e9 pour votre entreprise ? - Cooltra\" \/>\n<meta property=\"og:description\" content=\"Vous souhaitez tester nos scooters gratuitement? Si un service int\u00e9resse votre entreprise,\u00a0remplissez ce formulaire\u00a0et un de nos commerciaux prendra contact avec vous afin de vous faire une proposition Cooltra\u00a0est la compagnie leader en solutions de mobilit\u00e9 deux roues, \u00e0 travers la technologie et le talent, mais aussi gr\u00e2ce \u00e0 une grande qualit\u00e9 de service Qu\u2019offrons-nous\u00a0? [&hellip;]\" \/>\n<meta property=\"og:url\" content=\"https:\/\/cooltra.com\/fr\/pruebanos\/\" \/>\n<meta property=\"og:site_name\" content=\"Cooltra\" \/>\n<meta property=\"article:publisher\" content=\"https:\/\/www.facebook.com\/CooltraMotos\/\" \/>\n<meta property=\"article:modified_time\" content=\"2021-05-20T14:31:47+00:00\" \/>\n<meta property=\"og:image\" content=\"https:\/\/cdn.cooltra.com\/uploads\/2018\/04\/cooltra-alquiler-de-motos-y-scooter-de-gasolina-y-electricas.png\" \/>\n\t<meta property=\"og:image:width\" content=\"2000\" \/>\n\t<meta property=\"og:image:height\" content=\"510\" \/>\n\t<meta property=\"og:image:type\" content=\"image\/png\" \/>\n<meta name=\"twitter:card\" content=\"summary_large_image\" \/>\n<meta name=\"twitter:site\" content=\"@cooltra\" \/>\n<meta name=\"twitter:label1\" content=\"Dur\u00e9e de lecture estim\u00e9e\" \/>\n\t<meta name=\"twitter:data1\" content=\"1 minute\" \/>\n<script type=\"application\/ld+json\" class=\"yoast-schema-graph\">{\"@context\":\"https:\/\/schema.org\",\"@graph\":[{\"@type\":\"WebPage\",\"@id\":\"https:\/\/cooltra.com\/fr\/pruebanos\/\",\"url\":\"https:\/\/cooltra.com\/fr\/pruebanos\/\",\"name\":\"Vous avez de besoin de mobilit\u00e9 pour votre entreprise ? - Cooltra\",\"isPartOf\":{\"@id\":\"https:\/\/cooltra.com\/fr\/#website\"},\"datePublished\":\"2021-01-26T14:30:56+00:00\",\"dateModified\":\"2021-05-20T14:31:47+00:00\",\"inLanguage\":\"fr-FR\",\"potentialAction\":[{\"@type\":\"ReadAction\",\"target\":[\"https:\/\/cooltra.com\/fr\/pruebanos\/\"]}]},{\"@type\":\"WebSite\",\"@id\":\"https:\/\/cooltra.com\/fr\/#website\",\"url\":\"https:\/\/cooltra.com\/fr\/\",\"name\":\"Cooltra\",\"description\":\"Alquiler de motos y scooters de gasolina y el\u00e9ctricas\",\"publisher\":{\"@id\":\"https:\/\/cooltra.com\/fr\/#organization\"},\"potentialAction\":[{\"@type\":\"SearchAction\",\"target\":{\"@type\":\"EntryPoint\",\"urlTemplate\":\"https:\/\/cooltra.com\/fr\/?s={search_term_string}\"},\"query-input\":\"required name=search_term_string\"}],\"inLanguage\":\"fr-FR\"},{\"@type\":\"Organization\",\"@id\":\"https:\/\/cooltra.com\/fr\/#organization\",\"name\":\"Cooltra\",\"url\":\"https:\/\/cooltra.com\/fr\/\",\"logo\":{\"@type\":\"ImageObject\",\"inLanguage\":\"fr-FR\",\"@id\":\"https:\/\/cooltra.com\/fr\/#\/schema\/logo\/image\/\",\"url\":\"https:\/\/cdn.cooltra.com\/uploads\/2022\/11\/Cooltra_Logo_A.png\",\"contentUrl\":\"https:\/\/cdn.cooltra.com\/uploads\/2022\/11\/Cooltra_Logo_A.png\",\"width\":300,\"height\":298,\"caption\":\"Cooltra\"},\"image\":{\"@id\":\"https:\/\/cooltra.com\/fr\/#\/schema\/logo\/image\/\"},\"sameAs\":[\"https:\/\/www.facebook.com\/CooltraMotos\/\",\"https:\/\/twitter.com\/cooltra\",\"https:\/\/www.instagram.com\/cooltra_motos\/\"]}]}<\/script>\n<!-- \/ Yoast SEO plugin. -->","yoast_head_json":{"title":"Vous avez de besoin de mobilit\u00e9 pour votre entreprise ? - Cooltra","robots":{"index":"index","follow":"follow","max-snippet":"max-snippet:-1","max-image-preview":"max-image-preview:large","max-video-preview":"max-video-preview:-1"},"canonical":"https:\/\/cooltra.com\/fr\/pruebanos\/","og_locale":"fr_FR","og_type":"article","og_title":"Vous avez de besoin de mobilit\u00e9 pour votre entreprise ? - Cooltra","og_description":"Vous souhaitez tester nos scooters gratuitement? Si un service int\u00e9resse votre entreprise,\u00a0remplissez ce formulaire\u00a0et un de nos commerciaux prendra contact avec vous afin de vous faire une proposition Cooltra\u00a0est la compagnie leader en solutions de mobilit\u00e9 deux roues, \u00e0 travers la technologie et le talent, mais aussi gr\u00e2ce \u00e0 une grande qualit\u00e9 de service Qu\u2019offrons-nous\u00a0? [&hellip;]","og_url":"https:\/\/cooltra.com\/fr\/pruebanos\/","og_site_name":"Cooltra","article_publisher":"https:\/\/www.facebook.com\/CooltraMotos\/","article_modified_time":"2021-05-20T14:31:47+00:00","og_image":[{"width":2000,"height":510,"url":"https:\/\/cdn.cooltra.com\/uploads\/2018\/04\/cooltra-alquiler-de-motos-y-scooter-de-gasolina-y-electricas.png","type":"image\/png"}],"twitter_card":"summary_large_image","twitter_site":"@cooltra","twitter_misc":{"Dur\u00e9e de lecture estim\u00e9e":"1 minute"},"schema":{"@context":"https:\/\/schema.org","@graph":[{"@type":"WebPage","@id":"https:\/\/cooltra.com\/fr\/pruebanos\/","url":"https:\/\/cooltra.com\/fr\/pruebanos\/","name":"Vous avez de besoin de mobilit\u00e9 pour votre entreprise ? - Cooltra","isPartOf":{"@id":"https:\/\/cooltra.com\/fr\/#website"},"datePublished":"2021-01-26T14:30:56+00:00","dateModified":"2021-05-20T14:31:47+00:00","inLanguage":"fr-FR","potentialAction":[{"@type":"ReadAction","target":["https:\/\/cooltra.com\/fr\/pruebanos\/"]}]},{"@type":"WebSite","@id":"https:\/\/cooltra.com\/fr\/#website","url":"https:\/\/cooltra.com\/fr\/","name":"Cooltra","description":"Alquiler de motos y scooters de gasolina y el\u00e9ctricas","publisher":{"@id":"https:\/\/cooltra.com\/fr\/#organization"},"potentialAction":[{"@type":"SearchAction","target":{"@type":"EntryPoint","urlTemplate":"https:\/\/cooltra.com\/fr\/?s={search_term_string}"},"query-input":"required name=search_term_string"}],"inLanguage":"fr-FR"},{"@type":"Organization","@id":"https:\/\/cooltra.com\/fr\/#organization","name":"Cooltra","url":"https:\/\/cooltra.com\/fr\/","logo":{"@type":"ImageObject","inLanguage":"fr-FR","@id":"https:\/\/cooltra.com\/fr\/#\/schema\/logo\/image\/","url":"https:\/\/cdn.cooltra.com\/uploads\/2022\/11\/Cooltra_Logo_A.png","contentUrl":"https:\/\/cdn.cooltra.com\/uploads\/2022\/11\/Cooltra_Logo_A.png","width":300,"height":298,"caption":"Cooltra"},"image":{"@id":"https:\/\/cooltra.com\/fr\/#\/schema\/logo\/image\/"},"sameAs":["https:\/\/www.facebook.com\/CooltraMotos\/","https:\/\/twitter.com\/cooltra","https:\/\/www.instagram.com\/cooltra_motos\/"]}]}},"_links":{"self":[{"href":"https:\/\/cooltra.com\/fr\/wp-json\/wp\/v2\/pages\/31885"}],"collection":[{"href":"https:\/\/cooltra.com\/fr\/wp-json\/wp\/v2\/pages"}],"about":[{"href":"https:\/\/cooltra.com\/fr\/wp-json\/wp\/v2\/types\/page"}],"author":[{"embeddable":true,"href":"https:\/\/cooltra.com\/fr\/wp-json\/wp\/v2\/users\/20"}],"replies":[{"embeddable":true,"href":"https:\/\/cooltra.com\/fr\/wp-json\/wp\/v2\/comments?post=31885"}],"version-history":[{"count":5,"href":"https:\/\/cooltra.com\/fr\/wp-json\/wp\/v2\/pages\/31885\/revisions"}],"predecessor-version":[{"id":36179,"href":"https:\/\/cooltra.com\/fr\/wp-json\/wp\/v2\/pages\/31885\/revisions\/36179"}],"wp:attachment":[{"href":"https:\/\/cooltra.com\/fr\/wp-json\/wp\/v2\/media?parent=31885"}],"curies":[{"name":"wp","href":"https:\/\/api.w.org\/{rel}","templated":true}]}}