{"id":31775,"date":"2021-01-27T11:03:13","date_gmt":"2021-01-27T10:03:13","guid":{"rendered":"https:\/\/bruce.cooltra.com\/alquiler-por-minutos-para-empresas\/"},"modified":"2025-07-22T11:55:05","modified_gmt":"2025-07-22T10:55:05","slug":"loyer-a-la-minute-pour-les-entreprises","status":"publish","type":"page","link":"https:\/\/cooltra.com\/fr\/loyer-a-la-minute-pour-les-entreprises\/","title":{"rendered":"Sharing for employees"},"content":{"rendered":"","protected":false},"excerpt":{"rendered":"","protected":false},"author":20,"featured_media":0,"parent":0,"menu_order":0,"comment_status":"closed","ping_status":"closed","template":"page-companyrent.php","meta":{"inline_featured_image":false},"yoast_head":"<!-- This site is optimized with the Yoast SEO plugin v20.10 - https:\/\/yoast.com\/wordpress\/plugins\/seo\/ -->\n<title>Sharing for employees - Cooltra<\/title>\n<meta name=\"description\" content=\"Beneficiez d&#039;un forfait tarifaire dans le service de partage Cooltra, permettant \u00e0 vos employ\u00e9s de se d\u00e9placer \u00e0 un prix r\u00e9duit avec nos v\u00e9hicules. Optez pour une mobilit\u00e9 durable avec Cooltra !\" \/>\n<meta name=\"robots\" content=\"index, follow, max-snippet:-1, max-image-preview:large, max-video-preview:-1\" \/>\n<link rel=\"canonical\" href=\"https:\/\/cooltra.com\/fr\/loyer-a-la-minute-pour-les-entreprises\/\" \/>\n<meta property=\"og:locale\" content=\"fr_FR\" \/>\n<meta property=\"og:type\" content=\"article\" \/>\n<meta property=\"og:title\" content=\"Sharing for employees - Cooltra\" \/>\n<meta property=\"og:description\" content=\"Beneficiez d&#039;un forfait tarifaire dans le service de partage Cooltra, permettant \u00e0 vos employ\u00e9s de se d\u00e9placer \u00e0 un prix r\u00e9duit avec nos v\u00e9hicules. Optez pour une mobilit\u00e9 durable avec Cooltra !\" \/>\n<meta property=\"og:url\" content=\"https:\/\/cooltra.com\/fr\/loyer-a-la-minute-pour-les-entreprises\/\" \/>\n<meta property=\"og:site_name\" content=\"Cooltra\" \/>\n<meta property=\"article:publisher\" content=\"https:\/\/www.facebook.com\/CooltraMotos\/\" \/>\n<meta property=\"article:modified_time\" content=\"2025-07-22T10:55:05+00:00\" \/>\n<meta property=\"og:image\" content=\"https:\/\/cdn.cooltra.com\/uploads\/2018\/04\/cooltra-alquiler-de-motos-y-scooter-de-gasolina-y-electricas.png\" \/>\n\t<meta property=\"og:image:width\" content=\"2000\" \/>\n\t<meta property=\"og:image:height\" content=\"510\" \/>\n\t<meta property=\"og:image:type\" content=\"image\/png\" \/>\n<meta name=\"twitter:card\" content=\"summary_large_image\" \/>\n<meta name=\"twitter:site\" content=\"@cooltra\" \/>\n<script type=\"application\/ld+json\" class=\"yoast-schema-graph\">{\"@context\":\"https:\/\/schema.org\",\"@graph\":[{\"@type\":\"WebPage\",\"@id\":\"https:\/\/cooltra.com\/fr\/loyer-a-la-minute-pour-les-entreprises\/\",\"url\":\"https:\/\/cooltra.com\/fr\/loyer-a-la-minute-pour-les-entreprises\/\",\"name\":\"Sharing for employees - Cooltra\",\"isPartOf\":{\"@id\":\"https:\/\/cooltra.com\/fr\/#website\"},\"datePublished\":\"2021-01-27T10:03:13+00:00\",\"dateModified\":\"2025-07-22T10:55:05+00:00\",\"description\":\"Beneficiez d'un forfait tarifaire dans le service de partage Cooltra, permettant \u00e0 vos employ\u00e9s de se d\u00e9placer \u00e0 un prix r\u00e9duit avec nos v\u00e9hicules. Optez pour une mobilit\u00e9 durable avec Cooltra !\",\"inLanguage\":\"fr-FR\",\"potentialAction\":[{\"@type\":\"ReadAction\",\"target\":[\"https:\/\/cooltra.com\/fr\/loyer-a-la-minute-pour-les-entreprises\/\"]}]},{\"@type\":\"WebSite\",\"@id\":\"https:\/\/cooltra.com\/fr\/#website\",\"url\":\"https:\/\/cooltra.com\/fr\/\",\"name\":\"Cooltra\",\"description\":\"Alquiler de motos y scooters de gasolina y el\u00e9ctricas\",\"publisher\":{\"@id\":\"https:\/\/cooltra.com\/fr\/#organization\"},\"potentialAction\":[{\"@type\":\"SearchAction\",\"target\":{\"@type\":\"EntryPoint\",\"urlTemplate\":\"https:\/\/cooltra.com\/fr\/?s={search_term_string}\"},\"query-input\":\"required name=search_term_string\"}],\"inLanguage\":\"fr-FR\"},{\"@type\":\"Organization\",\"@id\":\"https:\/\/cooltra.com\/fr\/#organization\",\"name\":\"Cooltra\",\"url\":\"https:\/\/cooltra.com\/fr\/\",\"logo\":{\"@type\":\"ImageObject\",\"inLanguage\":\"fr-FR\",\"@id\":\"https:\/\/cooltra.com\/fr\/#\/schema\/logo\/image\/\",\"url\":\"https:\/\/cdn.cooltra.com\/uploads\/2022\/11\/Cooltra_Logo_A.png\",\"contentUrl\":\"https:\/\/cdn.cooltra.com\/uploads\/2022\/11\/Cooltra_Logo_A.png\",\"width\":300,\"height\":298,\"caption\":\"Cooltra\"},\"image\":{\"@id\":\"https:\/\/cooltra.com\/fr\/#\/schema\/logo\/image\/\"},\"sameAs\":[\"https:\/\/www.facebook.com\/CooltraMotos\/\",\"https:\/\/twitter.com\/cooltra\",\"https:\/\/www.instagram.com\/cooltra_motos\/\"]}]}<\/script>\n<!-- \/ Yoast SEO plugin. -->","yoast_head_json":{"title":"Sharing for employees - Cooltra","description":"Beneficiez d'un forfait tarifaire dans le service de partage Cooltra, permettant \u00e0 vos employ\u00e9s de se d\u00e9placer \u00e0 un prix r\u00e9duit avec nos v\u00e9hicules. Optez pour une mobilit\u00e9 durable avec Cooltra !","robots":{"index":"index","follow":"follow","max-snippet":"max-snippet:-1","max-image-preview":"max-image-preview:large","max-video-preview":"max-video-preview:-1"},"canonical":"https:\/\/cooltra.com\/fr\/loyer-a-la-minute-pour-les-entreprises\/","og_locale":"fr_FR","og_type":"article","og_title":"Sharing for employees - Cooltra","og_description":"Beneficiez d'un forfait tarifaire dans le service de partage Cooltra, permettant \u00e0 vos employ\u00e9s de se d\u00e9placer \u00e0 un prix r\u00e9duit avec nos v\u00e9hicules. Optez pour une mobilit\u00e9 durable avec Cooltra !","og_url":"https:\/\/cooltra.com\/fr\/loyer-a-la-minute-pour-les-entreprises\/","og_site_name":"Cooltra","article_publisher":"https:\/\/www.facebook.com\/CooltraMotos\/","article_modified_time":"2025-07-22T10:55:05+00:00","og_image":[{"width":2000,"height":510,"url":"https:\/\/cdn.cooltra.com\/uploads\/2018\/04\/cooltra-alquiler-de-motos-y-scooter-de-gasolina-y-electricas.png","type":"image\/png"}],"twitter_card":"summary_large_image","twitter_site":"@cooltra","schema":{"@context":"https:\/\/schema.org","@graph":[{"@type":"WebPage","@id":"https:\/\/cooltra.com\/fr\/loyer-a-la-minute-pour-les-entreprises\/","url":"https:\/\/cooltra.com\/fr\/loyer-a-la-minute-pour-les-entreprises\/","name":"Sharing for employees - Cooltra","isPartOf":{"@id":"https:\/\/cooltra.com\/fr\/#website"},"datePublished":"2021-01-27T10:03:13+00:00","dateModified":"2025-07-22T10:55:05+00:00","description":"Beneficiez d'un forfait tarifaire dans le service de partage Cooltra, permettant \u00e0 vos employ\u00e9s de se d\u00e9placer \u00e0 un prix r\u00e9duit avec nos v\u00e9hicules. Optez pour une mobilit\u00e9 durable avec Cooltra !","inLanguage":"fr-FR","potentialAction":[{"@type":"ReadAction","target":["https:\/\/cooltra.com\/fr\/loyer-a-la-minute-pour-les-entreprises\/"]}]},{"@type":"WebSite","@id":"https:\/\/cooltra.com\/fr\/#website","url":"https:\/\/cooltra.com\/fr\/","name":"Cooltra","description":"Alquiler de motos y scooters de gasolina y el\u00e9ctricas","publisher":{"@id":"https:\/\/cooltra.com\/fr\/#organization"},"potentialAction":[{"@type":"SearchAction","target":{"@type":"EntryPoint","urlTemplate":"https:\/\/cooltra.com\/fr\/?s={search_term_string}"},"query-input":"required name=search_term_string"}],"inLanguage":"fr-FR"},{"@type":"Organization","@id":"https:\/\/cooltra.com\/fr\/#organization","name":"Cooltra","url":"https:\/\/cooltra.com\/fr\/","logo":{"@type":"ImageObject","inLanguage":"fr-FR","@id":"https:\/\/cooltra.com\/fr\/#\/schema\/logo\/image\/","url":"https:\/\/cdn.cooltra.com\/uploads\/2022\/11\/Cooltra_Logo_A.png","contentUrl":"https:\/\/cdn.cooltra.com\/uploads\/2022\/11\/Cooltra_Logo_A.png","width":300,"height":298,"caption":"Cooltra"},"image":{"@id":"https:\/\/cooltra.com\/fr\/#\/schema\/logo\/image\/"},"sameAs":["https:\/\/www.facebook.com\/CooltraMotos\/","https:\/\/twitter.com\/cooltra","https:\/\/www.instagram.com\/cooltra_motos\/"]}]}},"_links":{"self":[{"href":"https:\/\/cooltra.com\/fr\/wp-json\/wp\/v2\/pages\/31775"}],"collection":[{"href":"https:\/\/cooltra.com\/fr\/wp-json\/wp\/v2\/pages"}],"about":[{"href":"https:\/\/cooltra.com\/fr\/wp-json\/wp\/v2\/types\/page"}],"author":[{"embeddable":true,"href":"https:\/\/cooltra.com\/fr\/wp-json\/wp\/v2\/users\/20"}],"replies":[{"embeddable":true,"href":"https:\/\/cooltra.com\/fr\/wp-json\/wp\/v2\/comments?post=31775"}],"version-history":[{"count":29,"href":"https:\/\/cooltra.com\/fr\/wp-json\/wp\/v2\/pages\/31775\/revisions"}],"predecessor-version":[{"id":91034,"href":"https:\/\/cooltra.com\/fr\/wp-json\/wp\/v2\/pages\/31775\/revisions\/91034"}],"wp:attachment":[{"href":"https:\/\/cooltra.com\/fr\/wp-json\/wp\/v2\/media?parent=31775"}],"curies":[{"name":"wp","href":"https:\/\/api.w.org\/{rel}","templated":true}]}}