{"id":31061,"date":"2021-01-28T14:48:57","date_gmt":"2021-01-28T13:48:57","guid":{"rendered":"https:\/\/bruce.cooltra.com\/mision-vision-valores\/"},"modified":"2022-03-03T11:47:12","modified_gmt":"2022-03-03T10:47:12","slug":"mision-vision-valores","status":"publish","type":"page","link":"https:\/\/cooltra.com\/fr\/mission-vision-valeurs\/","title":{"rendered":"Mission, vision, valeurs"},"content":{"rendered":"<p>Certes, Cooltra symbolise la technologie et l\u2019<strong>innovation<\/strong>\u00a0mais s\u2019il y a bien un \u00e9l\u00e9ment qui a fait que Cooltra s\u2019est positionn\u00e9 comme leader en Europe avec ses solutions de mobilit\u00e9 \u00e0 deux roues, ce sont bien ses employ\u00e9s.<\/p>\n<p>Concr\u00e8tement, ce ne sont pas moins de 400 personnes qui, chaque jour, mettent leurs connaissances, leur <strong>passion<\/strong>\u00a0et leur\u00a0<strong>engagement<\/strong>\u00a0au service de chaque client, et font tout leur possible pour atteindre un taux de satisfaction de 100%. \u00a0De l\u2019\u00e9lectricit\u00e9 coule dans nos veines\u00a0: nous misons toujours sur des solutions ayant le moins d\u2019impacts n\u00e9gatifs sur l\u2019environnement mais de gros impacts positifs sur le quotidien des gens.<\/p>\n","protected":false},"excerpt":{"rendered":"<p>Certes, Cooltra symbolise la technologie et l\u2019innovation\u00a0mais s\u2019il y a bien un \u00e9l\u00e9ment qui a fait que Cooltra s\u2019est positionn\u00e9 comme leader en Europe avec ses solutions de mobilit\u00e9 \u00e0 deux roues, ce sont bien ses employ\u00e9s. Concr\u00e8tement, ce ne sont pas moins de 400 personnes qui, chaque jour, mettent leurs connaissances, leur passion\u00a0et leur\u00a0engagement\u00a0au [&hellip;]<\/p>\n","protected":false},"author":20,"featured_media":0,"parent":0,"menu_order":0,"comment_status":"closed","ping_status":"closed","template":"page-img.php","meta":{"inline_featured_image":false},"yoast_head":"<!-- This site is optimized with the Yoast SEO plugin v20.10 - https:\/\/yoast.com\/wordpress\/plugins\/seo\/ -->\n<title>Mission, vision, valeurs - Cooltra<\/title>\n<meta name=\"robots\" content=\"index, follow, max-snippet:-1, max-image-preview:large, max-video-preview:-1\" \/>\n<link rel=\"canonical\" href=\"https:\/\/cooltra.com\/fr\/mission-vision-valeurs\/\" \/>\n<meta property=\"og:locale\" content=\"fr_FR\" \/>\n<meta property=\"og:type\" content=\"article\" \/>\n<meta property=\"og:title\" content=\"Mission, vision, valeurs - Cooltra\" \/>\n<meta property=\"og:description\" content=\"Certes, Cooltra symbolise la technologie et l\u2019innovation\u00a0mais s\u2019il y a bien un \u00e9l\u00e9ment qui a fait que Cooltra s\u2019est positionn\u00e9 comme leader en Europe avec ses solutions de mobilit\u00e9 \u00e0 deux roues, ce sont bien ses employ\u00e9s. Concr\u00e8tement, ce ne sont pas moins de 400 personnes qui, chaque jour, mettent leurs connaissances, leur passion\u00a0et leur\u00a0engagement\u00a0au [&hellip;]\" \/>\n<meta property=\"og:url\" content=\"https:\/\/cooltra.com\/fr\/mission-vision-valeurs\/\" \/>\n<meta property=\"og:site_name\" content=\"Cooltra\" \/>\n<meta property=\"article:publisher\" content=\"https:\/\/www.facebook.com\/CooltraMotos\/\" \/>\n<meta property=\"article:modified_time\" content=\"2022-03-03T10:47:12+00:00\" \/>\n<meta property=\"og:image\" content=\"https:\/\/cdn.cooltra.com\/uploads\/2018\/04\/cooltra-alquiler-de-motos-y-scooter-de-gasolina-y-electricas.png\" \/>\n\t<meta property=\"og:image:width\" content=\"2000\" \/>\n\t<meta property=\"og:image:height\" content=\"510\" \/>\n\t<meta property=\"og:image:type\" content=\"image\/png\" \/>\n<meta name=\"twitter:card\" content=\"summary_large_image\" \/>\n<meta name=\"twitter:site\" content=\"@cooltra\" \/>\n<meta name=\"twitter:label1\" content=\"Dur\u00e9e de lecture estim\u00e9e\" \/>\n\t<meta name=\"twitter:data1\" content=\"1 minute\" \/>\n<script type=\"application\/ld+json\" class=\"yoast-schema-graph\">{\"@context\":\"https:\/\/schema.org\",\"@graph\":[{\"@type\":\"WebPage\",\"@id\":\"https:\/\/cooltra.com\/fr\/mission-vision-valeurs\/\",\"url\":\"https:\/\/cooltra.com\/fr\/mission-vision-valeurs\/\",\"name\":\"Mission, vision, valeurs - Cooltra\",\"isPartOf\":{\"@id\":\"https:\/\/cooltra.com\/fr\/#website\"},\"datePublished\":\"2021-01-28T13:48:57+00:00\",\"dateModified\":\"2022-03-03T10:47:12+00:00\",\"inLanguage\":\"fr-FR\",\"potentialAction\":[{\"@type\":\"ReadAction\",\"target\":[\"https:\/\/cooltra.com\/fr\/mission-vision-valeurs\/\"]}]},{\"@type\":\"WebSite\",\"@id\":\"https:\/\/cooltra.com\/fr\/#website\",\"url\":\"https:\/\/cooltra.com\/fr\/\",\"name\":\"Cooltra\",\"description\":\"Alquiler de motos y scooters de gasolina y el\u00e9ctricas\",\"publisher\":{\"@id\":\"https:\/\/cooltra.com\/fr\/#organization\"},\"potentialAction\":[{\"@type\":\"SearchAction\",\"target\":{\"@type\":\"EntryPoint\",\"urlTemplate\":\"https:\/\/cooltra.com\/fr\/?s={search_term_string}\"},\"query-input\":\"required name=search_term_string\"}],\"inLanguage\":\"fr-FR\"},{\"@type\":\"Organization\",\"@id\":\"https:\/\/cooltra.com\/fr\/#organization\",\"name\":\"Cooltra\",\"url\":\"https:\/\/cooltra.com\/fr\/\",\"logo\":{\"@type\":\"ImageObject\",\"inLanguage\":\"fr-FR\",\"@id\":\"https:\/\/cooltra.com\/fr\/#\/schema\/logo\/image\/\",\"url\":\"https:\/\/cdn.cooltra.com\/uploads\/2022\/11\/Cooltra_Logo_A.png\",\"contentUrl\":\"https:\/\/cdn.cooltra.com\/uploads\/2022\/11\/Cooltra_Logo_A.png\",\"width\":300,\"height\":298,\"caption\":\"Cooltra\"},\"image\":{\"@id\":\"https:\/\/cooltra.com\/fr\/#\/schema\/logo\/image\/\"},\"sameAs\":[\"https:\/\/www.facebook.com\/CooltraMotos\/\",\"https:\/\/twitter.com\/cooltra\",\"https:\/\/www.instagram.com\/cooltra_motos\/\"]}]}<\/script>\n<!-- \/ Yoast SEO plugin. -->","yoast_head_json":{"title":"Mission, vision, valeurs - Cooltra","robots":{"index":"index","follow":"follow","max-snippet":"max-snippet:-1","max-image-preview":"max-image-preview:large","max-video-preview":"max-video-preview:-1"},"canonical":"https:\/\/cooltra.com\/fr\/mission-vision-valeurs\/","og_locale":"fr_FR","og_type":"article","og_title":"Mission, vision, valeurs - Cooltra","og_description":"Certes, Cooltra symbolise la technologie et l\u2019innovation\u00a0mais s\u2019il y a bien un \u00e9l\u00e9ment qui a fait que Cooltra s\u2019est positionn\u00e9 comme leader en Europe avec ses solutions de mobilit\u00e9 \u00e0 deux roues, ce sont bien ses employ\u00e9s. Concr\u00e8tement, ce ne sont pas moins de 400 personnes qui, chaque jour, mettent leurs connaissances, leur passion\u00a0et leur\u00a0engagement\u00a0au [&hellip;]","og_url":"https:\/\/cooltra.com\/fr\/mission-vision-valeurs\/","og_site_name":"Cooltra","article_publisher":"https:\/\/www.facebook.com\/CooltraMotos\/","article_modified_time":"2022-03-03T10:47:12+00:00","og_image":[{"width":2000,"height":510,"url":"https:\/\/cdn.cooltra.com\/uploads\/2018\/04\/cooltra-alquiler-de-motos-y-scooter-de-gasolina-y-electricas.png","type":"image\/png"}],"twitter_card":"summary_large_image","twitter_site":"@cooltra","twitter_misc":{"Dur\u00e9e de lecture estim\u00e9e":"1 minute"},"schema":{"@context":"https:\/\/schema.org","@graph":[{"@type":"WebPage","@id":"https:\/\/cooltra.com\/fr\/mission-vision-valeurs\/","url":"https:\/\/cooltra.com\/fr\/mission-vision-valeurs\/","name":"Mission, vision, valeurs - Cooltra","isPartOf":{"@id":"https:\/\/cooltra.com\/fr\/#website"},"datePublished":"2021-01-28T13:48:57+00:00","dateModified":"2022-03-03T10:47:12+00:00","inLanguage":"fr-FR","potentialAction":[{"@type":"ReadAction","target":["https:\/\/cooltra.com\/fr\/mission-vision-valeurs\/"]}]},{"@type":"WebSite","@id":"https:\/\/cooltra.com\/fr\/#website","url":"https:\/\/cooltra.com\/fr\/","name":"Cooltra","description":"Alquiler de motos y scooters de gasolina y el\u00e9ctricas","publisher":{"@id":"https:\/\/cooltra.com\/fr\/#organization"},"potentialAction":[{"@type":"SearchAction","target":{"@type":"EntryPoint","urlTemplate":"https:\/\/cooltra.com\/fr\/?s={search_term_string}"},"query-input":"required name=search_term_string"}],"inLanguage":"fr-FR"},{"@type":"Organization","@id":"https:\/\/cooltra.com\/fr\/#organization","name":"Cooltra","url":"https:\/\/cooltra.com\/fr\/","logo":{"@type":"ImageObject","inLanguage":"fr-FR","@id":"https:\/\/cooltra.com\/fr\/#\/schema\/logo\/image\/","url":"https:\/\/cdn.cooltra.com\/uploads\/2022\/11\/Cooltra_Logo_A.png","contentUrl":"https:\/\/cdn.cooltra.com\/uploads\/2022\/11\/Cooltra_Logo_A.png","width":300,"height":298,"caption":"Cooltra"},"image":{"@id":"https:\/\/cooltra.com\/fr\/#\/schema\/logo\/image\/"},"sameAs":["https:\/\/www.facebook.com\/CooltraMotos\/","https:\/\/twitter.com\/cooltra","https:\/\/www.instagram.com\/cooltra_motos\/"]}]}},"_links":{"self":[{"href":"https:\/\/cooltra.com\/fr\/wp-json\/wp\/v2\/pages\/31061"}],"collection":[{"href":"https:\/\/cooltra.com\/fr\/wp-json\/wp\/v2\/pages"}],"about":[{"href":"https:\/\/cooltra.com\/fr\/wp-json\/wp\/v2\/types\/page"}],"author":[{"embeddable":true,"href":"https:\/\/cooltra.com\/fr\/wp-json\/wp\/v2\/users\/20"}],"replies":[{"embeddable":true,"href":"https:\/\/cooltra.com\/fr\/wp-json\/wp\/v2\/comments?post=31061"}],"version-history":[{"count":7,"href":"https:\/\/cooltra.com\/fr\/wp-json\/wp\/v2\/pages\/31061\/revisions"}],"predecessor-version":[{"id":53037,"href":"https:\/\/cooltra.com\/fr\/wp-json\/wp\/v2\/pages\/31061\/revisions\/53037"}],"wp:attachment":[{"href":"https:\/\/cooltra.com\/fr\/wp-json\/wp\/v2\/media?parent=31061"}],"curies":[{"name":"wp","href":"https:\/\/api.w.org\/{rel}","templated":true}]}}