{"id":31038,"date":"2021-03-08T09:28:05","date_gmt":"2021-03-08T08:28:05","guid":{"rendered":"https:\/\/bruce.cooltra.com\/nuestra-historia\/"},"modified":"2024-10-18T12:39:41","modified_gmt":"2024-10-18T11:39:41","slug":"nuestra-historia","status":"publish","type":"page","link":"https:\/\/cooltra.com\/fr\/notre-histoire\/","title":{"rendered":"Notre histoire"},"content":{"rendered":"<p><span data-contrast=\"auto\">La marque Cooltra est n\u00e9e en 2006 \u00e0 Barcelone, en r\u00e9ponse \u00e0 un besoin sp\u00e9cifique. Timo Buetefisch, PDG de l&rsquo;entreprise, s&rsquo;est un jour rendu compte, en laissant sa moto \u00e0 l&rsquo;atelier, qu&rsquo;il n&rsquo;existait pas de service de location \u00e0 la journ\u00e9e. C&rsquo;est ainsi que Cooltra a d\u00e9but\u00e9 son activit\u00e9, aux c\u00f4t\u00e9s de ses cofondateurs Holger et Henrik Sprengel, en tant que point de location avec une flotte de 50 motos. Gr\u00e2ce au temps et \u00e0 la pers\u00e9v\u00e9rance, l&rsquo;entreprise est devenue une r\u00e9f\u00e9rence de confiance, aussi bien pour les particuliers que pour les entreprises et les administrations publiques.<\/span><span data-ccp-props=\"{&quot;134233117&quot;:false,&quot;134233118&quot;:false,&quot;201341983&quot;:0,&quot;335551550&quot;:1,&quot;335551620&quot;:1,&quot;335559685&quot;:0,&quot;335559737&quot;:0,&quot;335559738&quot;:0,&quot;335559739&quot;:160,&quot;335559740&quot;:279}\">\u00a0<\/span><\/p>\n<p><span data-contrast=\"auto\">Au fil des ann\u00e9es, Cooltra a diversifi\u00e9 ses secteurs d&rsquo;activit\u00e9. Cooltra Sharing, le premier service de motopartage en Europe, est d\u00e9sormais pr\u00e9sent dans 9 villes (Barcelone, Madrid, Valence, S\u00e9ville, Rome, Milan, Turin, Lisbonne, Paris, ainsi que dans plusieurs villes des Pays-Bas et de Belgique). En 2020, l&rsquo;entreprise a \u00e9galement int\u00e9gr\u00e9 un service de v\u00e9los partag\u00e9s \u00e0 Barcelone.<\/span><span data-ccp-props=\"{&quot;134233117&quot;:false,&quot;134233118&quot;:false,&quot;201341983&quot;:0,&quot;335551550&quot;:1,&quot;335551620&quot;:1,&quot;335559685&quot;:0,&quot;335559737&quot;:0,&quot;335559738&quot;:0,&quot;335559739&quot;:160,&quot;335559740&quot;:279}\">\u00a0<\/span><\/p>\n<p><span data-contrast=\"auto\">Aujourd&rsquo;hui, les trois branches principales du Groupe Cooltra comptent une flotte de 30 000 motos, dont 85 % sont d\u00e9j\u00e0 \u00e9lectriques, plus de 2 000 v\u00e9los \u00e9lectriques, et 600 professionnels r\u00e9partis dans 9 pays, \u0153uvrant quotidiennement pour offrir le meilleur service, quelle que soit la nature des besoins de ses clients.<\/span><span data-ccp-props=\"{&quot;134233117&quot;:false,&quot;134233118&quot;:false,&quot;201341983&quot;:0,&quot;335551550&quot;:1,&quot;335551620&quot;:1,&quot;335559685&quot;:0,&quot;335559737&quot;:0,&quot;335559738&quot;:0,&quot;335559739&quot;:160,&quot;335559740&quot;:279}\">\u00a0<\/span><\/p>\n","protected":false},"excerpt":{"rendered":"<p>La marque Cooltra est n\u00e9e en 2006 \u00e0 Barcelone, en r\u00e9ponse \u00e0 un besoin sp\u00e9cifique. Timo Buetefisch, PDG de l&rsquo;entreprise, s&rsquo;est un jour rendu compte, en laissant sa moto \u00e0 l&rsquo;atelier, qu&rsquo;il n&rsquo;existait pas de service de location \u00e0 la journ\u00e9e. C&rsquo;est ainsi que Cooltra a d\u00e9but\u00e9 son activit\u00e9, aux c\u00f4t\u00e9s de ses cofondateurs Holger [&hellip;]<\/p>\n","protected":false},"author":20,"featured_media":0,"parent":0,"menu_order":0,"comment_status":"closed","ping_status":"closed","template":"page-img.php","meta":{"inline_featured_image":false},"yoast_head":"<!-- This site is optimized with the Yoast SEO plugin v20.10 - https:\/\/yoast.com\/wordpress\/plugins\/seo\/ -->\n<title>Notre histoire - Cooltra<\/title>\n<meta name=\"robots\" content=\"index, follow, max-snippet:-1, max-image-preview:large, max-video-preview:-1\" \/>\n<link rel=\"canonical\" href=\"https:\/\/cooltra.com\/fr\/notre-histoire\/\" \/>\n<meta property=\"og:locale\" content=\"fr_FR\" \/>\n<meta property=\"og:type\" content=\"article\" \/>\n<meta property=\"og:title\" content=\"Notre histoire - Cooltra\" \/>\n<meta property=\"og:description\" content=\"La marque Cooltra est n\u00e9e en 2006 \u00e0 Barcelone, en r\u00e9ponse \u00e0 un besoin sp\u00e9cifique. Timo Buetefisch, PDG de l&rsquo;entreprise, s&rsquo;est un jour rendu compte, en laissant sa moto \u00e0 l&rsquo;atelier, qu&rsquo;il n&rsquo;existait pas de service de location \u00e0 la journ\u00e9e. C&rsquo;est ainsi que Cooltra a d\u00e9but\u00e9 son activit\u00e9, aux c\u00f4t\u00e9s de ses cofondateurs Holger [&hellip;]\" \/>\n<meta property=\"og:url\" content=\"https:\/\/cooltra.com\/fr\/notre-histoire\/\" \/>\n<meta property=\"og:site_name\" content=\"Cooltra\" \/>\n<meta property=\"article:publisher\" content=\"https:\/\/www.facebook.com\/CooltraMotos\/\" \/>\n<meta property=\"article:modified_time\" content=\"2024-10-18T11:39:41+00:00\" \/>\n<meta property=\"og:image\" content=\"https:\/\/cdn.cooltra.com\/uploads\/2018\/04\/cooltra-alquiler-de-motos-y-scooter-de-gasolina-y-electricas.png\" \/>\n\t<meta property=\"og:image:width\" content=\"2000\" \/>\n\t<meta property=\"og:image:height\" content=\"510\" \/>\n\t<meta property=\"og:image:type\" content=\"image\/png\" \/>\n<meta name=\"twitter:card\" content=\"summary_large_image\" \/>\n<meta name=\"twitter:site\" content=\"@cooltra\" \/>\n<meta name=\"twitter:label1\" content=\"Dur\u00e9e de lecture estim\u00e9e\" \/>\n\t<meta name=\"twitter:data1\" content=\"1 minute\" \/>\n<script type=\"application\/ld+json\" class=\"yoast-schema-graph\">{\"@context\":\"https:\/\/schema.org\",\"@graph\":[{\"@type\":\"WebPage\",\"@id\":\"https:\/\/cooltra.com\/fr\/notre-histoire\/\",\"url\":\"https:\/\/cooltra.com\/fr\/notre-histoire\/\",\"name\":\"Notre histoire - Cooltra\",\"isPartOf\":{\"@id\":\"https:\/\/cooltra.com\/fr\/#website\"},\"datePublished\":\"2021-03-08T08:28:05+00:00\",\"dateModified\":\"2024-10-18T11:39:41+00:00\",\"inLanguage\":\"fr-FR\",\"potentialAction\":[{\"@type\":\"ReadAction\",\"target\":[\"https:\/\/cooltra.com\/fr\/notre-histoire\/\"]}]},{\"@type\":\"WebSite\",\"@id\":\"https:\/\/cooltra.com\/fr\/#website\",\"url\":\"https:\/\/cooltra.com\/fr\/\",\"name\":\"Cooltra\",\"description\":\"Alquiler de motos y scooters de gasolina y el\u00e9ctricas\",\"publisher\":{\"@id\":\"https:\/\/cooltra.com\/fr\/#organization\"},\"potentialAction\":[{\"@type\":\"SearchAction\",\"target\":{\"@type\":\"EntryPoint\",\"urlTemplate\":\"https:\/\/cooltra.com\/fr\/?s={search_term_string}\"},\"query-input\":\"required name=search_term_string\"}],\"inLanguage\":\"fr-FR\"},{\"@type\":\"Organization\",\"@id\":\"https:\/\/cooltra.com\/fr\/#organization\",\"name\":\"Cooltra\",\"url\":\"https:\/\/cooltra.com\/fr\/\",\"logo\":{\"@type\":\"ImageObject\",\"inLanguage\":\"fr-FR\",\"@id\":\"https:\/\/cooltra.com\/fr\/#\/schema\/logo\/image\/\",\"url\":\"https:\/\/cdn.cooltra.com\/uploads\/2022\/11\/Cooltra_Logo_A.png\",\"contentUrl\":\"https:\/\/cdn.cooltra.com\/uploads\/2022\/11\/Cooltra_Logo_A.png\",\"width\":300,\"height\":298,\"caption\":\"Cooltra\"},\"image\":{\"@id\":\"https:\/\/cooltra.com\/fr\/#\/schema\/logo\/image\/\"},\"sameAs\":[\"https:\/\/www.facebook.com\/CooltraMotos\/\",\"https:\/\/twitter.com\/cooltra\",\"https:\/\/www.instagram.com\/cooltra_motos\/\"]}]}<\/script>\n<!-- \/ Yoast SEO plugin. -->","yoast_head_json":{"title":"Notre histoire - Cooltra","robots":{"index":"index","follow":"follow","max-snippet":"max-snippet:-1","max-image-preview":"max-image-preview:large","max-video-preview":"max-video-preview:-1"},"canonical":"https:\/\/cooltra.com\/fr\/notre-histoire\/","og_locale":"fr_FR","og_type":"article","og_title":"Notre histoire - Cooltra","og_description":"La marque Cooltra est n\u00e9e en 2006 \u00e0 Barcelone, en r\u00e9ponse \u00e0 un besoin sp\u00e9cifique. Timo Buetefisch, PDG de l&rsquo;entreprise, s&rsquo;est un jour rendu compte, en laissant sa moto \u00e0 l&rsquo;atelier, qu&rsquo;il n&rsquo;existait pas de service de location \u00e0 la journ\u00e9e. C&rsquo;est ainsi que Cooltra a d\u00e9but\u00e9 son activit\u00e9, aux c\u00f4t\u00e9s de ses cofondateurs Holger [&hellip;]","og_url":"https:\/\/cooltra.com\/fr\/notre-histoire\/","og_site_name":"Cooltra","article_publisher":"https:\/\/www.facebook.com\/CooltraMotos\/","article_modified_time":"2024-10-18T11:39:41+00:00","og_image":[{"width":2000,"height":510,"url":"https:\/\/cdn.cooltra.com\/uploads\/2018\/04\/cooltra-alquiler-de-motos-y-scooter-de-gasolina-y-electricas.png","type":"image\/png"}],"twitter_card":"summary_large_image","twitter_site":"@cooltra","twitter_misc":{"Dur\u00e9e de lecture estim\u00e9e":"1 minute"},"schema":{"@context":"https:\/\/schema.org","@graph":[{"@type":"WebPage","@id":"https:\/\/cooltra.com\/fr\/notre-histoire\/","url":"https:\/\/cooltra.com\/fr\/notre-histoire\/","name":"Notre histoire - Cooltra","isPartOf":{"@id":"https:\/\/cooltra.com\/fr\/#website"},"datePublished":"2021-03-08T08:28:05+00:00","dateModified":"2024-10-18T11:39:41+00:00","inLanguage":"fr-FR","potentialAction":[{"@type":"ReadAction","target":["https:\/\/cooltra.com\/fr\/notre-histoire\/"]}]},{"@type":"WebSite","@id":"https:\/\/cooltra.com\/fr\/#website","url":"https:\/\/cooltra.com\/fr\/","name":"Cooltra","description":"Alquiler de motos y scooters de gasolina y el\u00e9ctricas","publisher":{"@id":"https:\/\/cooltra.com\/fr\/#organization"},"potentialAction":[{"@type":"SearchAction","target":{"@type":"EntryPoint","urlTemplate":"https:\/\/cooltra.com\/fr\/?s={search_term_string}"},"query-input":"required name=search_term_string"}],"inLanguage":"fr-FR"},{"@type":"Organization","@id":"https:\/\/cooltra.com\/fr\/#organization","name":"Cooltra","url":"https:\/\/cooltra.com\/fr\/","logo":{"@type":"ImageObject","inLanguage":"fr-FR","@id":"https:\/\/cooltra.com\/fr\/#\/schema\/logo\/image\/","url":"https:\/\/cdn.cooltra.com\/uploads\/2022\/11\/Cooltra_Logo_A.png","contentUrl":"https:\/\/cdn.cooltra.com\/uploads\/2022\/11\/Cooltra_Logo_A.png","width":300,"height":298,"caption":"Cooltra"},"image":{"@id":"https:\/\/cooltra.com\/fr\/#\/schema\/logo\/image\/"},"sameAs":["https:\/\/www.facebook.com\/CooltraMotos\/","https:\/\/twitter.com\/cooltra","https:\/\/www.instagram.com\/cooltra_motos\/"]}]}},"_links":{"self":[{"href":"https:\/\/cooltra.com\/fr\/wp-json\/wp\/v2\/pages\/31038"}],"collection":[{"href":"https:\/\/cooltra.com\/fr\/wp-json\/wp\/v2\/pages"}],"about":[{"href":"https:\/\/cooltra.com\/fr\/wp-json\/wp\/v2\/types\/page"}],"author":[{"embeddable":true,"href":"https:\/\/cooltra.com\/fr\/wp-json\/wp\/v2\/users\/20"}],"replies":[{"embeddable":true,"href":"https:\/\/cooltra.com\/fr\/wp-json\/wp\/v2\/comments?post=31038"}],"version-history":[{"count":11,"href":"https:\/\/cooltra.com\/fr\/wp-json\/wp\/v2\/pages\/31038\/revisions"}],"predecessor-version":[{"id":89111,"href":"https:\/\/cooltra.com\/fr\/wp-json\/wp\/v2\/pages\/31038\/revisions\/89111"}],"wp:attachment":[{"href":"https:\/\/cooltra.com\/fr\/wp-json\/wp\/v2\/media?parent=31038"}],"curies":[{"name":"wp","href":"https:\/\/api.w.org\/{rel}","templated":true}]}}