{"id":23451,"date":"2020-11-09T15:06:30","date_gmt":"2020-11-09T14:06:30","guid":{"rendered":"https:\/\/frankie.cooltra.com\/motos-empresas\/"},"modified":"2023-05-03T10:10:32","modified_gmt":"2023-05-03T09:10:32","slug":"cooltra-pour-entreprises","status":"publish","type":"page","link":"https:\/\/cooltra.com\/fr\/cooltra-pour-entreprises\/","title":{"rendered":"Pour entreprises"},"content":{"rendered":"","protected":false},"excerpt":{"rendered":"","protected":false},"author":20,"featured_media":0,"parent":0,"menu_order":0,"comment_status":"closed","ping_status":"closed","template":"page-home-2020.php","meta":{"inline_featured_image":false},"yoast_head":"<!-- This site is optimized with the Yoast SEO plugin v20.10 - https:\/\/yoast.com\/wordpress\/plugins\/seo\/ -->\n<title>Location de motos pour les entreprises et travailleurs ind\u00e9pendants - Cooltra<\/title>\n<meta name=\"description\" content=\"Avec plus de 10 ans d&#039;exp\u00e9rience dans la location de motos, nous vous proposons diff\u00e9rentes solutions de mobilit\u00e9 pour votre entreprise et vos employ\u00e9s. De nombreuses options de location de moto longue dur\u00e9e sont disponibles, mais aussi des flottes de v\u00e9hicules pour les professionnels.\" \/>\n<meta name=\"robots\" content=\"index, follow, max-snippet:-1, max-image-preview:large, max-video-preview:-1\" \/>\n<link rel=\"canonical\" href=\"https:\/\/cooltra.com\/fr\/cooltra-pour-entreprises\/\" \/>\n<meta property=\"og:locale\" content=\"fr_FR\" \/>\n<meta property=\"og:type\" content=\"article\" \/>\n<meta property=\"og:title\" content=\"Location de motos pour les entreprises et travailleurs ind\u00e9pendants - Cooltra\" \/>\n<meta property=\"og:description\" content=\"Avec plus de 10 ans d&#039;exp\u00e9rience dans la location de motos, nous vous proposons diff\u00e9rentes solutions de mobilit\u00e9 pour votre entreprise et vos employ\u00e9s. De nombreuses options de location de moto longue dur\u00e9e sont disponibles, mais aussi des flottes de v\u00e9hicules pour les professionnels.\" \/>\n<meta property=\"og:url\" content=\"https:\/\/cooltra.com\/fr\/cooltra-pour-entreprises\/\" \/>\n<meta property=\"og:site_name\" content=\"Cooltra\" \/>\n<meta property=\"article:publisher\" content=\"https:\/\/www.facebook.com\/CooltraMotos\/\" \/>\n<meta property=\"article:modified_time\" content=\"2023-05-03T09:10:32+00:00\" \/>\n<meta property=\"og:image\" content=\"https:\/\/cdn.cooltra.com\/uploads\/2018\/04\/cooltra-alquiler-de-motos-y-scooter-de-gasolina-y-electricas.png\" \/>\n\t<meta property=\"og:image:width\" content=\"2000\" \/>\n\t<meta property=\"og:image:height\" content=\"510\" \/>\n\t<meta property=\"og:image:type\" content=\"image\/png\" \/>\n<meta name=\"twitter:card\" content=\"summary_large_image\" \/>\n<meta name=\"twitter:site\" content=\"@cooltra\" \/>\n<script type=\"application\/ld+json\" class=\"yoast-schema-graph\">{\"@context\":\"https:\/\/schema.org\",\"@graph\":[{\"@type\":\"WebPage\",\"@id\":\"https:\/\/cooltra.com\/fr\/cooltra-pour-entreprises\/\",\"url\":\"https:\/\/cooltra.com\/fr\/cooltra-pour-entreprises\/\",\"name\":\"Location de motos pour les entreprises et travailleurs ind\u00e9pendants - Cooltra\",\"isPartOf\":{\"@id\":\"https:\/\/cooltra.com\/fr\/#website\"},\"datePublished\":\"2020-11-09T14:06:30+00:00\",\"dateModified\":\"2023-05-03T09:10:32+00:00\",\"description\":\"Avec plus de 10 ans d'exp\u00e9rience dans la location de motos, nous vous proposons diff\u00e9rentes solutions de mobilit\u00e9 pour votre entreprise et vos employ\u00e9s. De nombreuses options de location de moto longue dur\u00e9e sont disponibles, mais aussi des flottes de v\u00e9hicules pour les professionnels.\",\"inLanguage\":\"fr-FR\",\"potentialAction\":[{\"@type\":\"ReadAction\",\"target\":[\"https:\/\/cooltra.com\/fr\/cooltra-pour-entreprises\/\"]}]},{\"@type\":\"WebSite\",\"@id\":\"https:\/\/cooltra.com\/fr\/#website\",\"url\":\"https:\/\/cooltra.com\/fr\/\",\"name\":\"Cooltra\",\"description\":\"Alquiler de motos y scooters de gasolina y el\u00e9ctricas\",\"publisher\":{\"@id\":\"https:\/\/cooltra.com\/fr\/#organization\"},\"potentialAction\":[{\"@type\":\"SearchAction\",\"target\":{\"@type\":\"EntryPoint\",\"urlTemplate\":\"https:\/\/cooltra.com\/fr\/?s={search_term_string}\"},\"query-input\":\"required name=search_term_string\"}],\"inLanguage\":\"fr-FR\"},{\"@type\":\"Organization\",\"@id\":\"https:\/\/cooltra.com\/fr\/#organization\",\"name\":\"Cooltra\",\"url\":\"https:\/\/cooltra.com\/fr\/\",\"logo\":{\"@type\":\"ImageObject\",\"inLanguage\":\"fr-FR\",\"@id\":\"https:\/\/cooltra.com\/fr\/#\/schema\/logo\/image\/\",\"url\":\"https:\/\/cdn.cooltra.com\/uploads\/2022\/11\/Cooltra_Logo_A.png\",\"contentUrl\":\"https:\/\/cdn.cooltra.com\/uploads\/2022\/11\/Cooltra_Logo_A.png\",\"width\":300,\"height\":298,\"caption\":\"Cooltra\"},\"image\":{\"@id\":\"https:\/\/cooltra.com\/fr\/#\/schema\/logo\/image\/\"},\"sameAs\":[\"https:\/\/www.facebook.com\/CooltraMotos\/\",\"https:\/\/twitter.com\/cooltra\",\"https:\/\/www.instagram.com\/cooltra_motos\/\"]}]}<\/script>\n<!-- \/ Yoast SEO plugin. -->","yoast_head_json":{"title":"Location de motos pour les entreprises et travailleurs ind\u00e9pendants - Cooltra","description":"Avec plus de 10 ans d'exp\u00e9rience dans la location de motos, nous vous proposons diff\u00e9rentes solutions de mobilit\u00e9 pour votre entreprise et vos employ\u00e9s. De nombreuses options de location de moto longue dur\u00e9e sont disponibles, mais aussi des flottes de v\u00e9hicules pour les professionnels.","robots":{"index":"index","follow":"follow","max-snippet":"max-snippet:-1","max-image-preview":"max-image-preview:large","max-video-preview":"max-video-preview:-1"},"canonical":"https:\/\/cooltra.com\/fr\/cooltra-pour-entreprises\/","og_locale":"fr_FR","og_type":"article","og_title":"Location de motos pour les entreprises et travailleurs ind\u00e9pendants - Cooltra","og_description":"Avec plus de 10 ans d'exp\u00e9rience dans la location de motos, nous vous proposons diff\u00e9rentes solutions de mobilit\u00e9 pour votre entreprise et vos employ\u00e9s. De nombreuses options de location de moto longue dur\u00e9e sont disponibles, mais aussi des flottes de v\u00e9hicules pour les professionnels.","og_url":"https:\/\/cooltra.com\/fr\/cooltra-pour-entreprises\/","og_site_name":"Cooltra","article_publisher":"https:\/\/www.facebook.com\/CooltraMotos\/","article_modified_time":"2023-05-03T09:10:32+00:00","og_image":[{"width":2000,"height":510,"url":"https:\/\/cdn.cooltra.com\/uploads\/2018\/04\/cooltra-alquiler-de-motos-y-scooter-de-gasolina-y-electricas.png","type":"image\/png"}],"twitter_card":"summary_large_image","twitter_site":"@cooltra","schema":{"@context":"https:\/\/schema.org","@graph":[{"@type":"WebPage","@id":"https:\/\/cooltra.com\/fr\/cooltra-pour-entreprises\/","url":"https:\/\/cooltra.com\/fr\/cooltra-pour-entreprises\/","name":"Location de motos pour les entreprises et travailleurs ind\u00e9pendants - Cooltra","isPartOf":{"@id":"https:\/\/cooltra.com\/fr\/#website"},"datePublished":"2020-11-09T14:06:30+00:00","dateModified":"2023-05-03T09:10:32+00:00","description":"Avec plus de 10 ans d'exp\u00e9rience dans la location de motos, nous vous proposons diff\u00e9rentes solutions de mobilit\u00e9 pour votre entreprise et vos employ\u00e9s. De nombreuses options de location de moto longue dur\u00e9e sont disponibles, mais aussi des flottes de v\u00e9hicules pour les professionnels.","inLanguage":"fr-FR","potentialAction":[{"@type":"ReadAction","target":["https:\/\/cooltra.com\/fr\/cooltra-pour-entreprises\/"]}]},{"@type":"WebSite","@id":"https:\/\/cooltra.com\/fr\/#website","url":"https:\/\/cooltra.com\/fr\/","name":"Cooltra","description":"Alquiler de motos y scooters de gasolina y el\u00e9ctricas","publisher":{"@id":"https:\/\/cooltra.com\/fr\/#organization"},"potentialAction":[{"@type":"SearchAction","target":{"@type":"EntryPoint","urlTemplate":"https:\/\/cooltra.com\/fr\/?s={search_term_string}"},"query-input":"required name=search_term_string"}],"inLanguage":"fr-FR"},{"@type":"Organization","@id":"https:\/\/cooltra.com\/fr\/#organization","name":"Cooltra","url":"https:\/\/cooltra.com\/fr\/","logo":{"@type":"ImageObject","inLanguage":"fr-FR","@id":"https:\/\/cooltra.com\/fr\/#\/schema\/logo\/image\/","url":"https:\/\/cdn.cooltra.com\/uploads\/2022\/11\/Cooltra_Logo_A.png","contentUrl":"https:\/\/cdn.cooltra.com\/uploads\/2022\/11\/Cooltra_Logo_A.png","width":300,"height":298,"caption":"Cooltra"},"image":{"@id":"https:\/\/cooltra.com\/fr\/#\/schema\/logo\/image\/"},"sameAs":["https:\/\/www.facebook.com\/CooltraMotos\/","https:\/\/twitter.com\/cooltra","https:\/\/www.instagram.com\/cooltra_motos\/"]}]}},"_links":{"self":[{"href":"https:\/\/cooltra.com\/fr\/wp-json\/wp\/v2\/pages\/23451"}],"collection":[{"href":"https:\/\/cooltra.com\/fr\/wp-json\/wp\/v2\/pages"}],"about":[{"href":"https:\/\/cooltra.com\/fr\/wp-json\/wp\/v2\/types\/page"}],"author":[{"embeddable":true,"href":"https:\/\/cooltra.com\/fr\/wp-json\/wp\/v2\/users\/20"}],"replies":[{"embeddable":true,"href":"https:\/\/cooltra.com\/fr\/wp-json\/wp\/v2\/comments?post=23451"}],"version-history":[{"count":20,"href":"https:\/\/cooltra.com\/fr\/wp-json\/wp\/v2\/pages\/23451\/revisions"}],"predecessor-version":[{"id":76866,"href":"https:\/\/cooltra.com\/fr\/wp-json\/wp\/v2\/pages\/23451\/revisions\/76866"}],"wp:attachment":[{"href":"https:\/\/cooltra.com\/fr\/wp-json\/wp\/v2\/media?parent=23451"}],"curies":[{"name":"wp","href":"https:\/\/api.w.org\/{rel}","templated":true}]}}