{"id":18670,"date":"2019-08-22T07:23:37","date_gmt":"2019-08-22T06:23:37","guid":{"rendered":"https:\/\/frankie.cooltra.com\/landing-rtg-facebook-4\/"},"modified":"2019-08-22T08:17:49","modified_gmt":"2019-08-22T07:17:49","slug":"landing-rtg-facebook-4","status":"publish","type":"page","link":"https:\/\/cooltra.com\/fr\/landing-rtg-facebook-4\/","title":{"rendered":"R\u00e9servation annul\u00e9e"},"content":{"rendered":"<div id=\"promotionPageCodeGuide\" style=\"margin: 45px 0 55px; max-width: 780px; width: 100%; background-color: #ebebeb; background-size: cover; margin-left: auto; margin-right: auto;\">\n<p><strong>Nous vous informons que votre r\u00e9servation a \u00e9t\u00e9 annul\u00e9e.<\/strong><\/p>\n<p>&nbsp;<\/p>\n<p style=\"text-align: left;\">Pour toute question ou clarification, veuillez nous contacter au <strong>(+34) 93 706 69 12<\/strong> ou \u00e0<strong> info@cooltra.com.<\/strong><\/p>\n<p>&nbsp;<\/p>\n<p>Nous esp\u00e9rons vous revoir bient\u00f4t.<\/p>\n<\/div>\n<p>&nbsp;<\/p>\n<p>&nbsp;<\/p>\n","protected":false},"excerpt":{"rendered":"<p>Nous vous informons que votre r\u00e9servation a \u00e9t\u00e9 annul\u00e9e. &nbsp; Pour toute question ou clarification, veuillez nous contacter au (+34) 93 706 69 12 ou \u00e0 info@cooltra.com. &nbsp; Nous esp\u00e9rons vous revoir bient\u00f4t. &nbsp; &nbsp;<\/p>\n","protected":false},"author":1,"featured_media":0,"parent":0,"menu_order":0,"comment_status":"closed","ping_status":"closed","template":"page_promotion.php","meta":{"inline_featured_image":false},"yoast_head":"<!-- This site is optimized with the Yoast SEO plugin v20.10 - https:\/\/yoast.com\/wordpress\/plugins\/seo\/ -->\n<title>R\u00e9servation annul\u00e9e - Cooltra<\/title>\n<meta name=\"robots\" content=\"noindex, nofollow\" \/>\n<meta property=\"og:locale\" content=\"fr_FR\" \/>\n<meta property=\"og:type\" content=\"article\" \/>\n<meta property=\"og:title\" content=\"R\u00e9servation annul\u00e9e - Cooltra\" \/>\n<meta property=\"og:description\" content=\"Nous vous informons que votre r\u00e9servation a \u00e9t\u00e9 annul\u00e9e. &nbsp; Pour toute question ou clarification, veuillez nous contacter au (+34) 93 706 69 12 ou \u00e0 info@cooltra.com. &nbsp; Nous esp\u00e9rons vous revoir bient\u00f4t. &nbsp; &nbsp;\" \/>\n<meta property=\"og:url\" content=\"https:\/\/cooltra.com\/fr\/landing-rtg-facebook-4\/\" \/>\n<meta property=\"og:site_name\" content=\"Cooltra\" \/>\n<meta property=\"article:publisher\" content=\"https:\/\/www.facebook.com\/CooltraMotos\/\" \/>\n<meta property=\"article:modified_time\" content=\"2019-08-22T07:17:49+00:00\" \/>\n<meta property=\"og:image\" content=\"https:\/\/cdn.cooltra.com\/uploads\/2018\/04\/cooltra-alquiler-de-motos-y-scooter-de-gasolina-y-electricas.png\" \/>\n\t<meta property=\"og:image:width\" content=\"2000\" \/>\n\t<meta property=\"og:image:height\" content=\"510\" \/>\n\t<meta property=\"og:image:type\" content=\"image\/png\" \/>\n<meta name=\"twitter:card\" content=\"summary_large_image\" \/>\n<meta name=\"twitter:site\" content=\"@cooltra\" \/>\n<script type=\"application\/ld+json\" class=\"yoast-schema-graph\">{\"@context\":\"https:\/\/schema.org\",\"@graph\":[{\"@type\":\"WebPage\",\"@id\":\"https:\/\/cooltra.com\/fr\/landing-rtg-facebook-4\/\",\"url\":\"https:\/\/cooltra.com\/fr\/landing-rtg-facebook-4\/\",\"name\":\"R\u00e9servation annul\u00e9e - Cooltra\",\"isPartOf\":{\"@id\":\"https:\/\/cooltra.com\/fr\/#website\"},\"datePublished\":\"2019-08-22T06:23:37+00:00\",\"dateModified\":\"2019-08-22T07:17:49+00:00\",\"inLanguage\":\"fr-FR\",\"potentialAction\":[{\"@type\":\"ReadAction\",\"target\":[\"https:\/\/cooltra.com\/fr\/landing-rtg-facebook-4\/\"]}]},{\"@type\":\"WebSite\",\"@id\":\"https:\/\/cooltra.com\/fr\/#website\",\"url\":\"https:\/\/cooltra.com\/fr\/\",\"name\":\"Cooltra\",\"description\":\"Alquiler de motos y scooters de gasolina y el\u00e9ctricas\",\"publisher\":{\"@id\":\"https:\/\/cooltra.com\/fr\/#organization\"},\"potentialAction\":[{\"@type\":\"SearchAction\",\"target\":{\"@type\":\"EntryPoint\",\"urlTemplate\":\"https:\/\/cooltra.com\/fr\/?s={search_term_string}\"},\"query-input\":\"required name=search_term_string\"}],\"inLanguage\":\"fr-FR\"},{\"@type\":\"Organization\",\"@id\":\"https:\/\/cooltra.com\/fr\/#organization\",\"name\":\"Cooltra\",\"url\":\"https:\/\/cooltra.com\/fr\/\",\"logo\":{\"@type\":\"ImageObject\",\"inLanguage\":\"fr-FR\",\"@id\":\"https:\/\/cooltra.com\/fr\/#\/schema\/logo\/image\/\",\"url\":\"https:\/\/cdn.cooltra.com\/uploads\/2022\/11\/Cooltra_Logo_A.png\",\"contentUrl\":\"https:\/\/cdn.cooltra.com\/uploads\/2022\/11\/Cooltra_Logo_A.png\",\"width\":300,\"height\":298,\"caption\":\"Cooltra\"},\"image\":{\"@id\":\"https:\/\/cooltra.com\/fr\/#\/schema\/logo\/image\/\"},\"sameAs\":[\"https:\/\/www.facebook.com\/CooltraMotos\/\",\"https:\/\/twitter.com\/cooltra\",\"https:\/\/www.instagram.com\/cooltra_motos\/\"]}]}<\/script>\n<!-- \/ Yoast SEO plugin. -->","yoast_head_json":{"title":"R\u00e9servation annul\u00e9e - Cooltra","robots":{"index":"noindex","follow":"nofollow"},"og_locale":"fr_FR","og_type":"article","og_title":"R\u00e9servation annul\u00e9e - Cooltra","og_description":"Nous vous informons que votre r\u00e9servation a \u00e9t\u00e9 annul\u00e9e. &nbsp; Pour toute question ou clarification, veuillez nous contacter au (+34) 93 706 69 12 ou \u00e0 info@cooltra.com. &nbsp; Nous esp\u00e9rons vous revoir bient\u00f4t. &nbsp; &nbsp;","og_url":"https:\/\/cooltra.com\/fr\/landing-rtg-facebook-4\/","og_site_name":"Cooltra","article_publisher":"https:\/\/www.facebook.com\/CooltraMotos\/","article_modified_time":"2019-08-22T07:17:49+00:00","og_image":[{"width":2000,"height":510,"url":"https:\/\/cdn.cooltra.com\/uploads\/2018\/04\/cooltra-alquiler-de-motos-y-scooter-de-gasolina-y-electricas.png","type":"image\/png"}],"twitter_card":"summary_large_image","twitter_site":"@cooltra","schema":{"@context":"https:\/\/schema.org","@graph":[{"@type":"WebPage","@id":"https:\/\/cooltra.com\/fr\/landing-rtg-facebook-4\/","url":"https:\/\/cooltra.com\/fr\/landing-rtg-facebook-4\/","name":"R\u00e9servation annul\u00e9e - Cooltra","isPartOf":{"@id":"https:\/\/cooltra.com\/fr\/#website"},"datePublished":"2019-08-22T06:23:37+00:00","dateModified":"2019-08-22T07:17:49+00:00","inLanguage":"fr-FR","potentialAction":[{"@type":"ReadAction","target":["https:\/\/cooltra.com\/fr\/landing-rtg-facebook-4\/"]}]},{"@type":"WebSite","@id":"https:\/\/cooltra.com\/fr\/#website","url":"https:\/\/cooltra.com\/fr\/","name":"Cooltra","description":"Alquiler de motos y scooters de gasolina y el\u00e9ctricas","publisher":{"@id":"https:\/\/cooltra.com\/fr\/#organization"},"potentialAction":[{"@type":"SearchAction","target":{"@type":"EntryPoint","urlTemplate":"https:\/\/cooltra.com\/fr\/?s={search_term_string}"},"query-input":"required name=search_term_string"}],"inLanguage":"fr-FR"},{"@type":"Organization","@id":"https:\/\/cooltra.com\/fr\/#organization","name":"Cooltra","url":"https:\/\/cooltra.com\/fr\/","logo":{"@type":"ImageObject","inLanguage":"fr-FR","@id":"https:\/\/cooltra.com\/fr\/#\/schema\/logo\/image\/","url":"https:\/\/cdn.cooltra.com\/uploads\/2022\/11\/Cooltra_Logo_A.png","contentUrl":"https:\/\/cdn.cooltra.com\/uploads\/2022\/11\/Cooltra_Logo_A.png","width":300,"height":298,"caption":"Cooltra"},"image":{"@id":"https:\/\/cooltra.com\/fr\/#\/schema\/logo\/image\/"},"sameAs":["https:\/\/www.facebook.com\/CooltraMotos\/","https:\/\/twitter.com\/cooltra","https:\/\/www.instagram.com\/cooltra_motos\/"]}]}},"_links":{"self":[{"href":"https:\/\/cooltra.com\/fr\/wp-json\/wp\/v2\/pages\/18670"}],"collection":[{"href":"https:\/\/cooltra.com\/fr\/wp-json\/wp\/v2\/pages"}],"about":[{"href":"https:\/\/cooltra.com\/fr\/wp-json\/wp\/v2\/types\/page"}],"author":[{"embeddable":true,"href":"https:\/\/cooltra.com\/fr\/wp-json\/wp\/v2\/users\/1"}],"replies":[{"embeddable":true,"href":"https:\/\/cooltra.com\/fr\/wp-json\/wp\/v2\/comments?post=18670"}],"version-history":[{"count":3,"href":"https:\/\/cooltra.com\/fr\/wp-json\/wp\/v2\/pages\/18670\/revisions"}],"predecessor-version":[{"id":18683,"href":"https:\/\/cooltra.com\/fr\/wp-json\/wp\/v2\/pages\/18670\/revisions\/18683"}],"wp:attachment":[{"href":"https:\/\/cooltra.com\/fr\/wp-json\/wp\/v2\/media?parent=18670"}],"curies":[{"name":"wp","href":"https:\/\/api.w.org\/{rel}","templated":true}]}}