{"id":14905,"date":"2018-12-20T10:47:13","date_gmt":"2018-12-20T09:47:13","guid":{"rendered":"https:\/\/frankie.cooltra.com\/bases-legales-sorteo-cesta-motera-navidad-2019\/"},"modified":"2018-12-20T15:15:21","modified_gmt":"2018-12-20T14:15:21","slug":"bases-legales-sorteo-cesta-motera-navidad-2019","status":"publish","type":"page","link":"https:\/\/cooltra.com\/fr\/bases-legales-sorteo-cesta-motera-navidad-2019\/","title":{"rendered":"BASES JURIDIQUES DU TIRAGE AU SORT DE NO\u00cbL POUR MOTARDS 2019"},"content":{"rendered":"<h2 style=\"text-align: center;\"><\/h2>\n<p><strong>ORGANISATEUR<\/strong><\/p>\n<p><span style=\"font-weight: 400;\">Cooltra Scooters, dont le si\u00e8ge social est situ\u00e9 c\/Reina Cristina, 2, 2-2, 08003, Barcelone et avec le CIF n\u00ba B-64146632.<\/span><\/p>\n<p>&nbsp;<\/p>\n<p><strong>1.- DUREE DE LA PROMOTION<\/strong><\/p>\n<p><span style=\"font-weight: 400;\">La promotion commencera le <\/span><span style=\"font-weight: 400;\">21\/12\/2018<\/span><span style=\"font-weight: 400;\"> et se terminera le <\/span><span style=\"font-weight: 400;\">31\/12\/2018<\/span><span style=\"font-weight: 400;\">.<\/span><\/p>\n<p>&nbsp;<\/p>\n<p><strong>2.- CONDITIONS REQUISES POUR PARTICIPER ET M\u00c9CANIQUE DE LA PROMOTION<\/strong><\/p>\n<p><span style=\"font-weight: 400;\">Vous pouvez participer \u00e0 la promotion comme suit :<\/span><\/p>\n<p><span style=\"font-weight: 400;\">Dans les d\u00e9lais impartis (voir ci-dessus), <\/span><span style=\"font-weight: 400;\">l&rsquo;utilisateur devra \u00ab\u00a0aimer\u00a0\u00bb le message du concours, suivre @cooltra_motos et mentionner trois amis. \u00a0<\/span><span style=\"font-weight: 400;\">\u00a0<\/span><\/p>\n<p><span style=\"font-weight: 400;\">La participation est gratuite, volontaire et limit\u00e9e \u00e0 ceux qui r\u00e9pondent \u00e0 toutes les exigences :<\/span><\/p>\n<p><span style=\"font-weight: 400;\">&#8211;<\/span> <span style=\"font-weight: 400;\">Etre une personne physique.<\/span><\/p>\n<p><span style=\"font-weight: 400;\">&#8211;<\/span> <span style=\"font-weight: 400;\">Avoir plus de plus de 18 ans.<\/span><\/p>\n<p><span style=\"font-weight: 400;\">&#8211;<\/span> <span style=\"font-weight: 400;\">R\u00e9sider en Espagne, en France, en Italie ou au Portugal.<\/span><\/p>\n<p><span style=\"font-weight: 400;\">&#8211;<\/span> <span style=\"font-weight: 400;\">Respecter les exigences de la clause pr\u00e9c\u00e9dente concernant les m\u00e9canismes de participation \u00e0 la promotion.<\/span><\/p>\n<p><span style=\"font-weight: 400;\">Ne pas utiliser la pr\u00e9sente promotion pour :<\/span><\/p>\n<p><span style=\"font-weight: 400;\">&#8211;<\/span> <span style=\"font-weight: 400;\">r\u00e9pandre des id\u00e9es politiques ou religieuses\u202f;<\/span><\/p>\n<p><span style=\"font-weight: 400;\">&#8211;<\/span> <span style=\"font-weight: 400;\">promouvoir des insultes et ou des calomnies contre des tiers\u202f;<\/span><\/p>\n<p><span style=\"font-weight: 400;\">&#8211;<\/span> <span style=\"font-weight: 400;\">utiliser un langage violent, obsc\u00e8ne ou offensant\u202f;<\/span><\/p>\n<p><span style=\"font-weight: 400;\">&#8211;<\/span> <span style=\"font-weight: 400;\">publier un contenu diff\u00e9rent de celui du m\u00e9canisme de la promotion.<\/span><\/p>\n<p>&nbsp;<\/p>\n<p><strong>3.- CONDITIONS DE LA PROMOTION <\/strong><\/p>\n<p><span style=\"font-weight: 400;\">Parmi tous les participants qui r\u00e9pondent aux exigences requises pr\u00e9c\u00e9demment, le gagnant sera choisi par tirage au sort dans les <\/span><span style=\"font-weight: 400;\">72 heures<\/span><span style=\"font-weight: 400;\"> suivant la fin du concours. <\/span><\/p>\n<p><span style=\"font-weight: 400;\">Si le gagnant ne peut \u00eatre contact\u00e9 dans les 48 heures suivant la premi\u00e8re tentative de contact ou si le gagnant renonce au prix, un nouveau gagnant sera s\u00e9lectionn\u00e9 et le gagnant pr\u00e9c\u00e9dent perdra le droit de r\u00e9clamer le prix.<\/span><\/p>\n<p>&nbsp;<\/p>\n<p><strong>4.- PRIX <\/strong><\/p>\n<p><span style=\"font-weight: 400;\">Le gagnant recevra les prix suivants : 1 jour de location de scooter Cooltra mod\u00e8le plus ou premium, 500 minutes gratuites de scooter \u00e9lectrique eCooltra, un casque de scooter, des gants de scooter, une veste de motard. \u00a0<\/span><\/p>\n<p><span style=\"font-weight: 400;\">Le prix sera pay\u00e9 dans les conditions suivantes :<\/span><\/p>\n<p><span style=\"font-weight: 400;\">&#8211; Le mode de livraison du prix sera communiqu\u00e9 au gagnant au moment o\u00f9 il sera contact\u00e9.<\/span><\/p>\n<p><span style=\"font-weight: 400;\">&#8211; Les frais de d\u00e9placement dans les magasins Cooltra pour profiter de la journ\u00e9e de location ne sont pas inclus dans le prix.<\/span><\/p>\n<p><span style=\"font-weight: 400;\">&#8211; Le prix attribu\u00e9 ne sera pas transf\u00e9rable ni sujet \u00e0 des modifications, alt\u00e9rations ou compensations \u00e0 la demande des participants et ne peut \u00eatre \u00e9chang\u00e9 contre aucun autre produit ni contre de l&rsquo;argent. <\/span><\/p>\n<p>&nbsp;<\/p>\n<p><strong>5.- R\u00c9SERVATIONS ET LIMITES<\/strong><\/p>\n<p><span style=\"font-weight: 400;\">L&rsquo;entreprise Cooltra Scooters sera exon\u00e9r\u00e9e de toute responsabilit\u00e9 en cas d&rsquo;erreur dans les donn\u00e9es fournies par les gagnants eux-m\u00eames qui emp\u00eacherait leur identification.<\/span><\/p>\n<p><span style=\"font-weight: 400;\">La soci\u00e9t\u00e9 se r\u00e9serve le droit d&rsquo;engager des poursuites judiciaires contre quiconque commettrait tout type d&rsquo;acte susceptible de constituer une manipulation ou une falsification du concours.<\/span><\/p>\n<p><span style=\"font-weight: 400;\">La soci\u00e9t\u00e9 d\u00e9cline toute responsabilit\u00e9 pour les dommages de quelque nature que ce soit qui pourraient r\u00e9sulter du manque temporel de disponibilit\u00e9 ou de la continuit\u00e9 du fonctionnement des services par lesquels elle participe \u00e0 la promotion, \u00e0 la fraude d&rsquo;utilisation que les utilisateurs peuvent leur imputer.<\/span><\/p>\n<p><span style=\"font-weight: 400;\">La soci\u00e9t\u00e9 se r\u00e9serve le droit de proc\u00e9der \u00e0 des modifications permettant d&rsquo;aboutir au bon d\u00e9roulement du concours lorsqu&rsquo;il existe des raisons valables ou des cas de force majeure qui l&#8217;emp\u00eachent de le mener \u00e0 terme de la mani\u00e8re pr\u00e9sent\u00e9e par ces r\u00e8gles.<\/span><\/p>\n<p><span style=\"font-weight: 400;\">La soci\u00e9t\u00e9 se r\u00e9serve le droit de reporter, suspendre ou prolonger la dur\u00e9e du concours, ainsi que le droit d&rsquo;interpr\u00e9ter ces bases l\u00e9gales.<\/span><\/p>\n<p><span style=\"font-weight: 400;\">De m\u00eame, la soci\u00e9t\u00e9 organisatrice sera d\u00e9gag\u00e9e de toute responsabilit\u00e9 si l&rsquo;un des cas indiqu\u00e9s se produit, ainsi que de toute responsabilit\u00e9 pour les dommages pouvant \u00eatre caus\u00e9s lors de la jouissance du prix.<\/span><\/p>\n<p><span style=\"font-weight: 400;\">Cooltra Scooters se r\u00e9serve, en cas de n\u00e9cessit\u00e9 imp\u00e9rative, le droit de substituer le prix \u00e0 un autre pr\u00e9sentant des caract\u00e9ristiques similaires.<\/span><\/p>\n<p>&nbsp;<\/p>\n<p><strong>6.- PUBLICATION DES COMMENTAIRES ET D&rsquo;AVIS<\/strong><\/p>\n<p><span style=\"font-weight: 400;\">Aucun commentaire ou opinion n&rsquo;est autoris\u00e9e dont le contenu est jug\u00e9 inappropri\u00e9, offensant, insultant ou discriminatoire ou qui pourrait violer les droits de tiers. Seront \u00e9galement interdits les commentaires contre une partie priv\u00e9e qui violeraient les principes de droit \u00e0 l&rsquo;honneur, \u00e0 la vie priv\u00e9e et familiale et \u00e0 l&rsquo;image propre. \u00a0Nous ne serons pas responsables des dommages caus\u00e9s par les commentaires formul\u00e9s par les participants dans la Promotion qui pourraient \u00e0 tout moment nuire \u00e0 la sensibilit\u00e9 des autres participants. <\/span><\/p>\n<p>&nbsp;<\/p>\n<p><strong>7.- DECHARGE DE RESPONSABILITE<\/strong><\/p>\n<p><span style=\"font-weight: 400;\">\u00c0 titre d&rsquo;exemple, mais sans limitation, nous ne sommes pas responsables des pertes, vols, retards ou autres circonstances imputables \u00e0 des tiers qui pourraient affecter le d\u00e9veloppement de cette promotion, ni de l&rsquo;utilisation faite par le participant en ce qui concerne le prix obtenu par le biais de cette promotion, et nous n&rsquo;assumons aucune responsabilit\u00e9 pour les pertes ou dommages de quelque nature que ce soit pouvant \u00eatre subis par les participants, le gagnant ou des tiers.<\/span><\/p>\n<p><span style=\"font-weight: 400;\">Nous d\u00e9clinons toute responsabilit\u00e9 en cas de force majeure ou de cas fortuit susceptible d&#8217;emp\u00eacher la r\u00e9alisation de la promotion, ou la jouissance totale ou partielle du prix. Au cas o\u00f9 cette promotion ne pourrait pas \u00eatre r\u00e9alis\u00e9e, que ce soit \u00e0 cause d&rsquo;une fraude d\u00e9tect\u00e9e, d&rsquo;erreurs techniques ou de tout autre motif qui ne serait pas sous le contr\u00f4le de Cooltra Scooters et qui affecterait le d\u00e9veloppement normal du concours, nous nous r\u00e9servons le droit d&rsquo;annuler, modifier ou suspendre la promotion et le site Web de participation.<\/span><\/p>\n<p>&nbsp;<\/p>\n<p><strong>8.- UTILISATION DE FACEBOOK OU D&rsquo;AUTRES R\u00c9SEAUX SOCIAUX COMME PLATE-FORME <\/strong><\/p>\n<p><span style=\"font-weight: 400;\">En acceptant ces conditions g\u00e9n\u00e9rales, les participants dissocient Facebook, Twitter, Instagram ou tout autre r\u00e9seau social de toute r\u00e9clamation pouvant survenir pendant le d\u00e9veloppement de la promotion, et acceptent que Facebook et Twitter ne constituent qu&rsquo;une plate-forme totalement ind\u00e9pendante de la promotion.<\/span><\/p>\n<p><span style=\"font-weight: 400;\">Facebook, Instagram et Twitter ne parrainent, n&rsquo;approuvent ni ne g\u00e8rent la promotion de quelque mani\u00e8re que ce soit, et ne lui sont pas associ\u00e9s. Les informations sont fournies par les participants \u00e0 Cooltra Scooters et non pas \u00e0 Facebook. Les informations fournies ne seront utilis\u00e9es que pour les hypoth\u00e8ses expliqu\u00e9es dans ces bases.<\/span><\/p>\n<p><strong>9.- PROTECTION DES DONN\u00c9ES<\/strong><\/p>\n<p><span style=\"font-weight: 400;\">Les donn\u00e9es fournies par les participants seront trait\u00e9es de mani\u00e8re confidentielle et rassembl\u00e9es dans un fichier de donn\u00e9es automatis\u00e9 \u00e0 caract\u00e8re personnel, les soci\u00e9t\u00e9s Cooltra Scooters \u00e9tant titulaires et responsables de ce fichier, dont le but sera la gestion du pr\u00e9sent tirage et l&rsquo;envoi d&rsquo;informations commerciales pouvant vous \u00eatre d&rsquo;int\u00e9r\u00eat.<\/span><\/p>\n<p><span style=\"font-weight: 400;\">Les entreprises garantissent le plein respect du r\u00e8glement (UE) 2016\/679 du 27 avril 2016 \u00ab\u00a0RGPD\u00a0\u00bb et de ses normes de d\u00e9veloppement compl\u00e9mentaires ou respectives dans le traitement des donn\u00e9es \u00e0 caract\u00e8re personnel collect\u00e9es dans le pr\u00e9sent tirage au sort, notamment en ce qui concerne l&rsquo;exercice des droits d&rsquo;information, d&rsquo;acc\u00e8s, de rectification, d&rsquo;opposition et de suppression des donn\u00e9es personnelles des candidats.<\/span><\/p>\n<p><span style=\"font-weight: 400;\">L&rsquo;utilisateur peut, \u00e0 tout moment, exercer les droits d&rsquo;acc\u00e8s, de rectification, de suppression, d&rsquo;opposition, de portabilit\u00e9 et de limitation du consentement donn\u00e9 pour le traitement de ses donn\u00e9es personnelles, en adressant \u00e0 Cooltra Scooters une lettre d\u00fbment sign\u00e9e \u00e0 l&rsquo;adresse postale indiqu\u00e9e ci-dessus, o\u00f9 figureront clairement ses coordonn\u00e9es, dans laquelle il devra prouver son identit\u00e9 ou bien qu&rsquo;il pourra envoyer \u00e0 l&rsquo;adresse \u00e9lectronique suivante : rgpd@cooltra.com.<\/span><\/p>\n<p>&nbsp;<\/p>\n<p><strong>10.- ACCEPTATION DU REGLEMENT<\/strong><\/p>\n<p><span style=\"font-weight: 400;\">La simple participation au concours implique l&rsquo;acceptation du pr\u00e9sent r\u00e8glement, c&rsquo;est pourquoi toute impression de non-acceptation de la totalit\u00e9 ou d&rsquo;une partie de celui-ci impliquera l&rsquo;exclusion du participant et, en cons\u00e9quence, la soci\u00e9t\u00e9 Cooltra Scooters sera lib\u00e9r\u00e9e de l&rsquo;obligation contract\u00e9e avec ledit participant.<\/span><\/p>\n<p>&nbsp;<\/p>\n<p><strong>11.- LEGISLATION APPLICABLE ET JURIDICTION<\/strong><\/p>\n<p><span style=\"font-weight: 400;\">Ces bases l\u00e9gales seront r\u00e9gies conform\u00e9ment \u00e0 la loi espagnole. Les tribunaux de la ville de Barcelone seront capables de r\u00e9soudre toute r\u00e9clamation ou controverse pouvant survenir concernant la validit\u00e9, l&rsquo;interpr\u00e9tation ou le respect de ce r\u00e8glement.<\/span><\/p>\n<p>&nbsp;<\/p>\n<p>&nbsp;<\/p>\n","protected":false},"excerpt":{"rendered":"<p>ORGANISATEUR Cooltra Scooters, dont le si\u00e8ge social est situ\u00e9 c\/Reina Cristina, 2, 2-2, 08003, Barcelone et avec le CIF n\u00ba B-64146632. &nbsp; 1.- DUREE DE LA PROMOTION La promotion commencera le 21\/12\/2018 et se terminera le 31\/12\/2018. &nbsp; 2.- CONDITIONS REQUISES POUR PARTICIPER ET M\u00c9CANIQUE DE LA PROMOTION Vous pouvez participer \u00e0 la promotion comme [&hellip;]<\/p>\n","protected":false},"author":1,"featured_media":0,"parent":0,"menu_order":0,"comment_status":"closed","ping_status":"closed","template":"","meta":{"inline_featured_image":false},"yoast_head":"<!-- This site is optimized with the Yoast SEO plugin v20.10 - https:\/\/yoast.com\/wordpress\/plugins\/seo\/ -->\n<title>BASES JURIDIQUES DU TIRAGE AU SORT DE NO\u00cbL POUR MOTARDS 2019 - Cooltra<\/title>\n<meta name=\"robots\" content=\"noindex, nofollow\" \/>\n<meta property=\"og:locale\" content=\"fr_FR\" \/>\n<meta property=\"og:type\" content=\"article\" \/>\n<meta property=\"og:title\" content=\"BASES JURIDIQUES DU TIRAGE AU SORT DE NO\u00cbL POUR MOTARDS 2019 - Cooltra\" \/>\n<meta property=\"og:description\" content=\"ORGANISATEUR Cooltra Scooters, dont le si\u00e8ge social est situ\u00e9 c\/Reina Cristina, 2, 2-2, 08003, Barcelone et avec le CIF n\u00ba B-64146632. &nbsp; 1.- DUREE DE LA PROMOTION La promotion commencera le 21\/12\/2018 et se terminera le 31\/12\/2018. &nbsp; 2.- CONDITIONS REQUISES POUR PARTICIPER ET M\u00c9CANIQUE DE LA PROMOTION Vous pouvez participer \u00e0 la promotion comme [&hellip;]\" \/>\n<meta property=\"og:url\" content=\"https:\/\/cooltra.com\/fr\/bases-legales-sorteo-cesta-motera-navidad-2019\/\" \/>\n<meta property=\"og:site_name\" content=\"Cooltra\" \/>\n<meta property=\"article:publisher\" content=\"https:\/\/www.facebook.com\/CooltraMotos\/\" \/>\n<meta property=\"article:modified_time\" content=\"2018-12-20T14:15:21+00:00\" \/>\n<meta property=\"og:image\" content=\"https:\/\/cdn.cooltra.com\/uploads\/2018\/04\/cooltra-alquiler-de-motos-y-scooter-de-gasolina-y-electricas.png\" \/>\n\t<meta property=\"og:image:width\" content=\"2000\" \/>\n\t<meta property=\"og:image:height\" content=\"510\" \/>\n\t<meta property=\"og:image:type\" content=\"image\/png\" \/>\n<meta name=\"twitter:card\" content=\"summary_large_image\" \/>\n<meta name=\"twitter:site\" content=\"@cooltra\" \/>\n<meta name=\"twitter:label1\" content=\"Dur\u00e9e de lecture estim\u00e9e\" \/>\n\t<meta name=\"twitter:data1\" content=\"7 minutes\" \/>\n<script type=\"application\/ld+json\" class=\"yoast-schema-graph\">{\"@context\":\"https:\/\/schema.org\",\"@graph\":[{\"@type\":\"WebPage\",\"@id\":\"https:\/\/cooltra.com\/fr\/bases-legales-sorteo-cesta-motera-navidad-2019\/\",\"url\":\"https:\/\/cooltra.com\/fr\/bases-legales-sorteo-cesta-motera-navidad-2019\/\",\"name\":\"BASES JURIDIQUES DU TIRAGE AU SORT DE NO\u00cbL POUR MOTARDS 2019 - Cooltra\",\"isPartOf\":{\"@id\":\"https:\/\/cooltra.com\/fr\/#website\"},\"datePublished\":\"2018-12-20T09:47:13+00:00\",\"dateModified\":\"2018-12-20T14:15:21+00:00\",\"inLanguage\":\"fr-FR\",\"potentialAction\":[{\"@type\":\"ReadAction\",\"target\":[\"https:\/\/cooltra.com\/fr\/bases-legales-sorteo-cesta-motera-navidad-2019\/\"]}]},{\"@type\":\"WebSite\",\"@id\":\"https:\/\/cooltra.com\/fr\/#website\",\"url\":\"https:\/\/cooltra.com\/fr\/\",\"name\":\"Cooltra\",\"description\":\"Alquiler de motos y scooters de gasolina y el\u00e9ctricas\",\"publisher\":{\"@id\":\"https:\/\/cooltra.com\/fr\/#organization\"},\"potentialAction\":[{\"@type\":\"SearchAction\",\"target\":{\"@type\":\"EntryPoint\",\"urlTemplate\":\"https:\/\/cooltra.com\/fr\/?s={search_term_string}\"},\"query-input\":\"required name=search_term_string\"}],\"inLanguage\":\"fr-FR\"},{\"@type\":\"Organization\",\"@id\":\"https:\/\/cooltra.com\/fr\/#organization\",\"name\":\"Cooltra\",\"url\":\"https:\/\/cooltra.com\/fr\/\",\"logo\":{\"@type\":\"ImageObject\",\"inLanguage\":\"fr-FR\",\"@id\":\"https:\/\/cooltra.com\/fr\/#\/schema\/logo\/image\/\",\"url\":\"https:\/\/cdn.cooltra.com\/uploads\/2022\/11\/Cooltra_Logo_A.png\",\"contentUrl\":\"https:\/\/cdn.cooltra.com\/uploads\/2022\/11\/Cooltra_Logo_A.png\",\"width\":300,\"height\":298,\"caption\":\"Cooltra\"},\"image\":{\"@id\":\"https:\/\/cooltra.com\/fr\/#\/schema\/logo\/image\/\"},\"sameAs\":[\"https:\/\/www.facebook.com\/CooltraMotos\/\",\"https:\/\/twitter.com\/cooltra\",\"https:\/\/www.instagram.com\/cooltra_motos\/\"]}]}<\/script>\n<!-- \/ Yoast SEO plugin. -->","yoast_head_json":{"title":"BASES JURIDIQUES DU TIRAGE AU SORT DE NO\u00cbL POUR MOTARDS 2019 - Cooltra","robots":{"index":"noindex","follow":"nofollow"},"og_locale":"fr_FR","og_type":"article","og_title":"BASES JURIDIQUES DU TIRAGE AU SORT DE NO\u00cbL POUR MOTARDS 2019 - Cooltra","og_description":"ORGANISATEUR Cooltra Scooters, dont le si\u00e8ge social est situ\u00e9 c\/Reina Cristina, 2, 2-2, 08003, Barcelone et avec le CIF n\u00ba B-64146632. &nbsp; 1.- DUREE DE LA PROMOTION La promotion commencera le 21\/12\/2018 et se terminera le 31\/12\/2018. &nbsp; 2.- CONDITIONS REQUISES POUR PARTICIPER ET M\u00c9CANIQUE DE LA PROMOTION Vous pouvez participer \u00e0 la promotion comme [&hellip;]","og_url":"https:\/\/cooltra.com\/fr\/bases-legales-sorteo-cesta-motera-navidad-2019\/","og_site_name":"Cooltra","article_publisher":"https:\/\/www.facebook.com\/CooltraMotos\/","article_modified_time":"2018-12-20T14:15:21+00:00","og_image":[{"width":2000,"height":510,"url":"https:\/\/cdn.cooltra.com\/uploads\/2018\/04\/cooltra-alquiler-de-motos-y-scooter-de-gasolina-y-electricas.png","type":"image\/png"}],"twitter_card":"summary_large_image","twitter_site":"@cooltra","twitter_misc":{"Dur\u00e9e de lecture estim\u00e9e":"7 minutes"},"schema":{"@context":"https:\/\/schema.org","@graph":[{"@type":"WebPage","@id":"https:\/\/cooltra.com\/fr\/bases-legales-sorteo-cesta-motera-navidad-2019\/","url":"https:\/\/cooltra.com\/fr\/bases-legales-sorteo-cesta-motera-navidad-2019\/","name":"BASES JURIDIQUES DU TIRAGE AU SORT DE NO\u00cbL POUR MOTARDS 2019 - Cooltra","isPartOf":{"@id":"https:\/\/cooltra.com\/fr\/#website"},"datePublished":"2018-12-20T09:47:13+00:00","dateModified":"2018-12-20T14:15:21+00:00","inLanguage":"fr-FR","potentialAction":[{"@type":"ReadAction","target":["https:\/\/cooltra.com\/fr\/bases-legales-sorteo-cesta-motera-navidad-2019\/"]}]},{"@type":"WebSite","@id":"https:\/\/cooltra.com\/fr\/#website","url":"https:\/\/cooltra.com\/fr\/","name":"Cooltra","description":"Alquiler de motos y scooters de gasolina y el\u00e9ctricas","publisher":{"@id":"https:\/\/cooltra.com\/fr\/#organization"},"potentialAction":[{"@type":"SearchAction","target":{"@type":"EntryPoint","urlTemplate":"https:\/\/cooltra.com\/fr\/?s={search_term_string}"},"query-input":"required name=search_term_string"}],"inLanguage":"fr-FR"},{"@type":"Organization","@id":"https:\/\/cooltra.com\/fr\/#organization","name":"Cooltra","url":"https:\/\/cooltra.com\/fr\/","logo":{"@type":"ImageObject","inLanguage":"fr-FR","@id":"https:\/\/cooltra.com\/fr\/#\/schema\/logo\/image\/","url":"https:\/\/cdn.cooltra.com\/uploads\/2022\/11\/Cooltra_Logo_A.png","contentUrl":"https:\/\/cdn.cooltra.com\/uploads\/2022\/11\/Cooltra_Logo_A.png","width":300,"height":298,"caption":"Cooltra"},"image":{"@id":"https:\/\/cooltra.com\/fr\/#\/schema\/logo\/image\/"},"sameAs":["https:\/\/www.facebook.com\/CooltraMotos\/","https:\/\/twitter.com\/cooltra","https:\/\/www.instagram.com\/cooltra_motos\/"]}]}},"_links":{"self":[{"href":"https:\/\/cooltra.com\/fr\/wp-json\/wp\/v2\/pages\/14905"}],"collection":[{"href":"https:\/\/cooltra.com\/fr\/wp-json\/wp\/v2\/pages"}],"about":[{"href":"https:\/\/cooltra.com\/fr\/wp-json\/wp\/v2\/types\/page"}],"author":[{"embeddable":true,"href":"https:\/\/cooltra.com\/fr\/wp-json\/wp\/v2\/users\/1"}],"replies":[{"embeddable":true,"href":"https:\/\/cooltra.com\/fr\/wp-json\/wp\/v2\/comments?post=14905"}],"version-history":[{"count":2,"href":"https:\/\/cooltra.com\/fr\/wp-json\/wp\/v2\/pages\/14905\/revisions"}],"predecessor-version":[{"id":14914,"href":"https:\/\/cooltra.com\/fr\/wp-json\/wp\/v2\/pages\/14905\/revisions\/14914"}],"wp:attachment":[{"href":"https:\/\/cooltra.com\/fr\/wp-json\/wp\/v2\/media?parent=14905"}],"curies":[{"name":"wp","href":"https:\/\/api.w.org\/{rel}","templated":true}]}}