{"id":11588,"date":"2018-08-06T09:49:09","date_gmt":"2018-08-06T08:49:09","guid":{"rendered":"https:\/\/frankie.cooltra.com\/summer-2018-descuento\/"},"modified":"2018-08-06T14:15:48","modified_gmt":"2018-08-06T13:15:48","slug":"summer-2018-descuento","status":"publish","type":"page","link":"https:\/\/cooltra.com\/fr\/summer-2018-descuento\/","title":{"rendered":"Promo Summer 2018"},"content":{"rendered":"<p>PLATJA&#8230;&#8230; O CIUTAT?\t\t\t<\/p>\n<h1 style=\"text-align: center;\"><strong>Enhorabona! <\/strong><\/h1>\n<p>Per haver arribat fins aqu\u00ed podr\u00e0s gaudir d\u2019un\u00a0<b>25% de descompte<\/b> exclusiu en el lloguer per dies de la teva\u00a0<b>moto Cooltra<\/b> en qualsevol dels nostres punts de lloguer vacacional a\u00a0\u00a0<b>Espanya, It\u00e0lia, Fran\u00e7a o Portugal<\/b>.<\/p>\n<p>\u00a0<\/p>\n<p>Afanya\u2019t! El 25% de descompte nom\u00e9s ser\u00e0 v\u00e0lid per als\u00a0<strong>300 primers lloguers de moto<\/strong>.* \u00a0<\/p>\n<p>\u00a0<\/p>\n<h2 style=\"text-align: center;\"><strong>CODI: SUMMER2018<\/strong><\/h2>\n<p><b>\u00a0<\/b><\/p>\n<h2>QU\u00c9 HAS DE FER? \u00c9S MOLT SENZILL!<\/h2>\n<p style=\"padding-left: 30px;\">1. Copia el codi promocional\u00a0<b>SUMMER2018<\/b><\/p>\n<p style=\"padding-left: 30px;\">2. Selecciona el dest\u00ed i les dates del teu viatge en el cercador<\/p>\n<p style=\"padding-left: 30px;\">3. Enganxa el codi descompte en el tercer pas del proc\u00e9s de la compra<\/p>\n<p style=\"padding-left: 30px;\">\u00a0<\/p>\n<p align=\"center\"><a style=\"width: 28%; padding: 15px 25px 20px;\" href=\"https:\/\/cooltra.com\/\">RESERVA AMB DESCOMPTE<br \/><\/a><\/p>\n<p>\u00a0<\/p>\n<p>Recorda que aquest descompte nom\u00e9s es pot obtenir si\u00a0<b>reserves la teva moto online<\/b>! Aprofita aquesta oferta i gaudeix de les millors vacances amb Cooltra.<\/p>\n<p>\u00a0<\/p>\n<p>\u00bfTens algun dubte? Contacta amb nosaltres a trav\u00e9s del tel\u00e8fon\u00a0<strong>+34 937 066 912<\/strong> o envia\u2019ns un e-mail a<br \/><a href=\"mailto:info@cooltra.com\">info@cooltra.com<\/a>.<\/p>\n<p>\u00a0<\/p>\n<p><i>* Condicions de la promoci\u00f3: Codi v\u00e0lid per a les 300 primeres reserves. Oferta limitada, pot ser cancel\u00b7lada en qualsevol moment.<\/i><\/p>\n<h5>QU\u00c8 INCLOU EL NOSTRE PREU?<\/h5>\n<p>\t\t\t\t\t\t\t\t\t\t<img decoding=\"async\" loading=\"lazy\" width=\"300\" height=\"300\" src=\"\" alt=\"\" srcset=\" 300w, https:\/\/cdn.cooltra.com\/uploads\/2018\/06\/Casco-150x150.png 150w, https:\/\/cdn.cooltra.com\/uploads\/2018\/06\/Casco-370x370.png 370w, https:\/\/cdn.cooltra.com\/uploads\/2018\/06\/Casco-40x40.png 40w, https:\/\/cdn.cooltra.com\/uploads\/2018\/06\/Casco.png 512w\" sizes=\"(max-width: 300px) 100vw, 300px\" \/>\t\t\t\t\t\t\t\t\t\t\t<\/p>\n<p>Casc<\/p>\n<p>\t\t\t\t\t\t\t\t\t\t<img decoding=\"async\" loading=\"lazy\" width=\"300\" height=\"300\" src=\"\" alt=\"\" srcset=\" 300w, https:\/\/cdn.cooltra.com\/uploads\/2018\/06\/Seguro-a-todo-riesgo-150x150.png 150w, https:\/\/cdn.cooltra.com\/uploads\/2018\/06\/Seguro-a-todo-riesgo-370x370.png 370w, https:\/\/cdn.cooltra.com\/uploads\/2018\/06\/Seguro-a-todo-riesgo-40x40.png 40w, https:\/\/cdn.cooltra.com\/uploads\/2018\/06\/Seguro-a-todo-riesgo.png 512w\" sizes=\"(max-width: 300px) 100vw, 300px\" \/>\t\t\t\t\t\t\t\t\t\t\t<\/p>\n<p>Asseguran\u00e7a a tot risc<\/p>\n<p>\t\t\t\t\t\t\t\t\t\t<img decoding=\"async\" loading=\"lazy\" width=\"300\" height=\"300\" src=\"\" alt=\"\" srcset=\" 300w, https:\/\/cdn.cooltra.com\/uploads\/2018\/06\/Asistencia-en-carretera-150x150.png 150w, https:\/\/cdn.cooltra.com\/uploads\/2018\/06\/Asistencia-en-carretera-370x370.png 370w, https:\/\/cdn.cooltra.com\/uploads\/2018\/06\/Asistencia-en-carretera-40x40.png 40w, https:\/\/cdn.cooltra.com\/uploads\/2018\/06\/Asistencia-en-carretera.png 512w\" sizes=\"(max-width: 300px) 100vw, 300px\" \/>\t\t\t\t\t\t\t\t\t\t\t<\/p>\n<p>Assist\u00e8ncia en carretera<\/p>\n<p>\t\t\t\t\t\t\t\t\t\t<img decoding=\"async\" loading=\"lazy\" width=\"300\" height=\"300\" src=\"https:\/\/cdn.cooltra.com\/uploads\/2018\/04\/Cancelacion-gratuita-1.png\" alt=\"\" \/>\t\t\t\t\t\t\t\t\t\t\t<\/p>\n<p>Cancel\u00b7laci\u00f3 gratu\u00efta<\/p>\n<p>\t\t\t\t\t\t\t\t\t\t<img decoding=\"async\" loading=\"lazy\" width=\"300\" height=\"300\" src=\"https:\/\/cdn.cooltra.com\/uploads\/2018\/04\/Km-ilimitados.png\" alt=\"KM ilimitados\" \/>\t\t\t\t\t\t\t\t\t\t\t<\/p>\n<p>KM il\u00b7limitats<\/p>\n<p>\t\t\t\t\t\t\t\t\t\t<img decoding=\"async\" loading=\"lazy\" width=\"300\" height=\"300\" src=\"https:\/\/cdn.cooltra.com\/uploads\/2018\/04\/Mejor-precio-garantizado-1.png\" alt=\"El mejor precio\" \/>\t\t\t\t\t\t\t\t\t\t\t<\/p>\n<p>Millor preu garantit<\/p>\n<p>\t\t\t\t\t\t\t\t\t\t<img decoding=\"async\" loading=\"lazy\" width=\"300\" height=\"300\" src=\"https:\/\/cdn.cooltra.com\/uploads\/2018\/04\/Descuento-online.png\" alt=\"Descuento si reservas online\" \/>\t\t\t\t\t\t\t\t\t\t\t<\/p>\n<p>Descompte online<\/p>\n<p>\t\t\t\t\t\t\t\t\t\t<img decoding=\"async\" loading=\"lazy\" width=\"300\" height=\"300\" src=\"https:\/\/cdn.cooltra.com\/uploads\/2018\/04\/IVA-incluido.png\" alt=\"Con IVA\" \/>\t\t\t\t\t\t\t\t\t\t\t<\/p>\n<p>IVA<\/p>\n<h2>ELS NOSTRES MODELS<\/h2>\n<p>Tenim acords amb els principals fabricants de\u00a0motos de gasolina\u00a0com Peugeot, SYM o Yamaha, tant de 50cc com de 125cc. Tamb\u00e9 tenim Govecs com principal marca de\u00a0motos el\u00e8ctriques. Aquests son alguns dels nostres models.<\/p>\n<figure><img decoding=\"async\" src=\"\" alt=\"Peugeot Tweet Evo 50cc o 125cc\" \/><figcaption>Peugeot Tweet Evo 50cc o 125cc<\/figcaption><\/figure>\n<figure><img decoding=\"async\" src=\"\" alt=\"Govecs 125cc\" \/><figcaption>Govecs 125cc<\/figcaption><\/figure>\n<figure><img decoding=\"async\" src=\"\" alt=\"Sym Joymax 300cc\" \/><figcaption>Sym Joymax 300cc<\/figcaption><\/figure>\n<figure><img decoding=\"async\" src=\"\" alt=\"Yamaha X-Max 125cc o 300cc ABS\" \/><figcaption>Yamaha X-Max 125cc o 300cc ABS<\/figcaption><\/figure>\n<figure><img decoding=\"async\" src=\"\" alt=\"Sym Jet 14 125cc\" \/><figcaption>Sym Jet 14 125cc<\/figcaption><\/figure>\n<figure><img decoding=\"async\" src=\"\" alt=\"Askoll eS 2 \/ 3, 125cc\" \/><figcaption>Askoll eS 2 \/ 3, 125cc<\/figcaption><\/figure>\n<figure><img decoding=\"async\" src=\"\" alt=\"YAMAHA Tricity 125cc\" \/><figcaption>YAMAHA Tricity 125cc<\/figcaption><\/figure>\n","protected":false},"excerpt":{"rendered":"<p>PLATJA&#8230;&#8230; O CIUTAT? Enhorabona! Per haver arribat fins aqu\u00ed podr\u00e0s gaudir d\u2019un\u00a025% de descompte exclusiu en el lloguer per dies de la teva\u00a0moto Cooltra en qualsevol dels nostres punts de lloguer vacacional a\u00a0\u00a0Espanya, It\u00e0lia, Fran\u00e7a o Portugal. \u00a0 Afanya\u2019t! El 25% de descompte nom\u00e9s ser\u00e0 v\u00e0lid per als\u00a0300 primers lloguers de moto.* \u00a0 \u00a0 CODI: [&hellip;]<\/p>\n","protected":false},"author":4,"featured_media":0,"parent":0,"menu_order":0,"comment_status":"closed","ping_status":"closed","template":"","meta":{"inline_featured_image":false},"yoast_head":"<!-- This site is optimized with the Yoast SEO plugin v20.10 - https:\/\/yoast.com\/wordpress\/plugins\/seo\/ -->\n<title>Promo Summer 2018 | Cooltra.com<\/title>\n<meta name=\"description\" content=\"\u00bfPLAYA...O CIUDAD? No importa donde te vayas este verano de vacaciones, lo \u00fanico que importa es que te regalamos un 25% de descuento en el alquiler de tu moto por d\u00edas solo por ser usuario de eCooltra.\" \/>\n<meta name=\"robots\" content=\"noindex, nofollow\" \/>\n<meta property=\"og:locale\" content=\"fr_FR\" \/>\n<meta property=\"og:type\" content=\"article\" \/>\n<meta property=\"og:title\" content=\"Promo Summer 2018 | Cooltra.com\" \/>\n<meta property=\"og:description\" content=\"\u00bfPLAYA...O CIUDAD? No importa donde te vayas este verano de vacaciones, lo \u00fanico que importa es que te regalamos un 25% de descuento en el alquiler de tu moto por d\u00edas solo por ser usuario de eCooltra.\" \/>\n<meta property=\"og:url\" content=\"https:\/\/cooltra.com\/fr\/summer-2018-descuento\/\" \/>\n<meta property=\"og:site_name\" content=\"Cooltra\" \/>\n<meta property=\"article:publisher\" content=\"https:\/\/www.facebook.com\/CooltraMotos\/\" \/>\n<meta property=\"article:modified_time\" content=\"2018-08-06T13:15:48+00:00\" \/>\n<meta property=\"og:image\" content=\"https:\/\/cdn.cooltra.com\/uploads\/2018\/04\/Cancelacion-gratuita-1.png\" \/>\n<meta name=\"twitter:card\" content=\"summary_large_image\" \/>\n<meta name=\"twitter:site\" content=\"@cooltra\" \/>\n<meta name=\"twitter:label1\" content=\"Dur\u00e9e de lecture estim\u00e9e\" \/>\n\t<meta name=\"twitter:data1\" content=\"1 minute\" \/>\n<script type=\"application\/ld+json\" class=\"yoast-schema-graph\">{\"@context\":\"https:\/\/schema.org\",\"@graph\":[{\"@type\":\"WebPage\",\"@id\":\"https:\/\/cooltra.com\/fr\/summer-2018-descuento\/\",\"url\":\"https:\/\/cooltra.com\/fr\/summer-2018-descuento\/\",\"name\":\"Promo Summer 2018 | Cooltra.com\",\"isPartOf\":{\"@id\":\"https:\/\/cooltra.com\/fr\/#website\"},\"datePublished\":\"2018-08-06T08:49:09+00:00\",\"dateModified\":\"2018-08-06T13:15:48+00:00\",\"description\":\"\u00bfPLAYA...O CIUDAD? No importa donde te vayas este verano de vacaciones, lo \u00fanico que importa es que te regalamos un 25% de descuento en el alquiler de tu moto por d\u00edas solo por ser usuario de eCooltra.\",\"inLanguage\":\"fr-FR\",\"potentialAction\":[{\"@type\":\"ReadAction\",\"target\":[\"https:\/\/cooltra.com\/fr\/summer-2018-descuento\/\"]}]},{\"@type\":\"WebSite\",\"@id\":\"https:\/\/cooltra.com\/fr\/#website\",\"url\":\"https:\/\/cooltra.com\/fr\/\",\"name\":\"Cooltra\",\"description\":\"Alquiler de motos y scooters de gasolina y el\u00e9ctricas\",\"publisher\":{\"@id\":\"https:\/\/cooltra.com\/fr\/#organization\"},\"potentialAction\":[{\"@type\":\"SearchAction\",\"target\":{\"@type\":\"EntryPoint\",\"urlTemplate\":\"https:\/\/cooltra.com\/fr\/?s={search_term_string}\"},\"query-input\":\"required name=search_term_string\"}],\"inLanguage\":\"fr-FR\"},{\"@type\":\"Organization\",\"@id\":\"https:\/\/cooltra.com\/fr\/#organization\",\"name\":\"Cooltra\",\"url\":\"https:\/\/cooltra.com\/fr\/\",\"logo\":{\"@type\":\"ImageObject\",\"inLanguage\":\"fr-FR\",\"@id\":\"https:\/\/cooltra.com\/fr\/#\/schema\/logo\/image\/\",\"url\":\"https:\/\/cdn.cooltra.com\/uploads\/2022\/11\/Cooltra_Logo_A.png\",\"contentUrl\":\"https:\/\/cdn.cooltra.com\/uploads\/2022\/11\/Cooltra_Logo_A.png\",\"width\":300,\"height\":298,\"caption\":\"Cooltra\"},\"image\":{\"@id\":\"https:\/\/cooltra.com\/fr\/#\/schema\/logo\/image\/\"},\"sameAs\":[\"https:\/\/www.facebook.com\/CooltraMotos\/\",\"https:\/\/twitter.com\/cooltra\",\"https:\/\/www.instagram.com\/cooltra_motos\/\"]}]}<\/script>\n<!-- \/ Yoast SEO plugin. -->","yoast_head_json":{"title":"Promo Summer 2018 | Cooltra.com","description":"\u00bfPLAYA...O CIUDAD? No importa donde te vayas este verano de vacaciones, lo \u00fanico que importa es que te regalamos un 25% de descuento en el alquiler de tu moto por d\u00edas solo por ser usuario de eCooltra.","robots":{"index":"noindex","follow":"nofollow"},"og_locale":"fr_FR","og_type":"article","og_title":"Promo Summer 2018 | Cooltra.com","og_description":"\u00bfPLAYA...O CIUDAD? No importa donde te vayas este verano de vacaciones, lo \u00fanico que importa es que te regalamos un 25% de descuento en el alquiler de tu moto por d\u00edas solo por ser usuario de eCooltra.","og_url":"https:\/\/cooltra.com\/fr\/summer-2018-descuento\/","og_site_name":"Cooltra","article_publisher":"https:\/\/www.facebook.com\/CooltraMotos\/","article_modified_time":"2018-08-06T13:15:48+00:00","og_image":[{"url":"https:\/\/cdn.cooltra.com\/uploads\/2018\/04\/Cancelacion-gratuita-1.png"}],"twitter_card":"summary_large_image","twitter_site":"@cooltra","twitter_misc":{"Dur\u00e9e de lecture estim\u00e9e":"1 minute"},"schema":{"@context":"https:\/\/schema.org","@graph":[{"@type":"WebPage","@id":"https:\/\/cooltra.com\/fr\/summer-2018-descuento\/","url":"https:\/\/cooltra.com\/fr\/summer-2018-descuento\/","name":"Promo Summer 2018 | Cooltra.com","isPartOf":{"@id":"https:\/\/cooltra.com\/fr\/#website"},"datePublished":"2018-08-06T08:49:09+00:00","dateModified":"2018-08-06T13:15:48+00:00","description":"\u00bfPLAYA...O CIUDAD? No importa donde te vayas este verano de vacaciones, lo \u00fanico que importa es que te regalamos un 25% de descuento en el alquiler de tu moto por d\u00edas solo por ser usuario de eCooltra.","inLanguage":"fr-FR","potentialAction":[{"@type":"ReadAction","target":["https:\/\/cooltra.com\/fr\/summer-2018-descuento\/"]}]},{"@type":"WebSite","@id":"https:\/\/cooltra.com\/fr\/#website","url":"https:\/\/cooltra.com\/fr\/","name":"Cooltra","description":"Alquiler de motos y scooters de gasolina y el\u00e9ctricas","publisher":{"@id":"https:\/\/cooltra.com\/fr\/#organization"},"potentialAction":[{"@type":"SearchAction","target":{"@type":"EntryPoint","urlTemplate":"https:\/\/cooltra.com\/fr\/?s={search_term_string}"},"query-input":"required name=search_term_string"}],"inLanguage":"fr-FR"},{"@type":"Organization","@id":"https:\/\/cooltra.com\/fr\/#organization","name":"Cooltra","url":"https:\/\/cooltra.com\/fr\/","logo":{"@type":"ImageObject","inLanguage":"fr-FR","@id":"https:\/\/cooltra.com\/fr\/#\/schema\/logo\/image\/","url":"https:\/\/cdn.cooltra.com\/uploads\/2022\/11\/Cooltra_Logo_A.png","contentUrl":"https:\/\/cdn.cooltra.com\/uploads\/2022\/11\/Cooltra_Logo_A.png","width":300,"height":298,"caption":"Cooltra"},"image":{"@id":"https:\/\/cooltra.com\/fr\/#\/schema\/logo\/image\/"},"sameAs":["https:\/\/www.facebook.com\/CooltraMotos\/","https:\/\/twitter.com\/cooltra","https:\/\/www.instagram.com\/cooltra_motos\/"]}]}},"_links":{"self":[{"href":"https:\/\/cooltra.com\/fr\/wp-json\/wp\/v2\/pages\/11588"}],"collection":[{"href":"https:\/\/cooltra.com\/fr\/wp-json\/wp\/v2\/pages"}],"about":[{"href":"https:\/\/cooltra.com\/fr\/wp-json\/wp\/v2\/types\/page"}],"author":[{"embeddable":true,"href":"https:\/\/cooltra.com\/fr\/wp-json\/wp\/v2\/users\/4"}],"replies":[{"embeddable":true,"href":"https:\/\/cooltra.com\/fr\/wp-json\/wp\/v2\/comments?post=11588"}],"version-history":[{"count":15,"href":"https:\/\/cooltra.com\/fr\/wp-json\/wp\/v2\/pages\/11588\/revisions"}],"predecessor-version":[{"id":11624,"href":"https:\/\/cooltra.com\/fr\/wp-json\/wp\/v2\/pages\/11588\/revisions\/11624"}],"wp:attachment":[{"href":"https:\/\/cooltra.com\/fr\/wp-json\/wp\/v2\/media?parent=11588"}],"curies":[{"name":"wp","href":"https:\/\/api.w.org\/{rel}","templated":true}]}}