{"id":10791,"date":"2018-07-02T17:05:53","date_gmt":"2018-07-02T16:05:53","guid":{"rendered":"https:\/\/frankie.cooltra.com\/alquiler-de-motos-en-baleares\/"},"modified":"2021-05-20T15:05:55","modified_gmt":"2021-05-20T14:05:55","slug":"location-scooters-baleares","status":"publish","type":"page","link":"https:\/\/cooltra.com\/fr\/louer-pour-des-jours\/scooters-baleares\/","title":{"rendered":"Location de scooters aux \u00eeles Bal\u00e9ares"},"content":{"rendered":"<h2>Location de scooters<br \/>\naux Bal\u00e9ares<\/h2>\n<p><a href=\"https:\/\/cooltra.com\/fr\/location-scooter-ibiza\/\" data-elementor-open-lightbox=\"\"><br \/>\n<img decoding=\"async\" loading=\"lazy\" src=\"https:\/\/cdn.cooltra.com\/uploads\/2018\/07\/180709_MS_banners-baleares_Ibiza_fra.png\" sizes=\"(max-width: 606px) 100vw, 606px\" srcset=\"https:\/\/cdn.cooltra.com\/uploads\/2018\/07\/180709_MS_banners-baleares_Ibiza_fra.png 606w, https:\/\/cdn.cooltra.com\/uploads\/2018\/07\/180709_MS_banners-baleares_Ibiza_fra-300x156.png 300w, https:\/\/cdn.cooltra.com\/uploads\/2018\/07\/180709_MS_banners-baleares_Ibiza_fra-370x192.png 370w, https:\/\/cdn.cooltra.com\/uploads\/2018\/07\/180709_MS_banners-baleares_Ibiza_fra-40x21.png 40w\" alt=\"location scooters ibiza\" width=\"606\" height=\"315\" \/> <\/a><br \/>\n<a href=\"https:\/\/cooltra.com\/fr\/location-scooter-formentera\/\" data-elementor-open-lightbox=\"\"><br \/>\n<img decoding=\"async\" loading=\"lazy\" src=\"https:\/\/cdn.cooltra.com\/uploads\/2018\/07\/180709_MS_banners-baleares_Formentera_fra.png\" sizes=\"(max-width: 606px) 100vw, 606px\" srcset=\"https:\/\/cdn.cooltra.com\/uploads\/2018\/07\/180709_MS_banners-baleares_Formentera_fra.png 606w, https:\/\/cdn.cooltra.com\/uploads\/2018\/07\/180709_MS_banners-baleares_Formentera_fra-300x156.png 300w, https:\/\/cdn.cooltra.com\/uploads\/2018\/07\/180709_MS_banners-baleares_Formentera_fra-370x192.png 370w, https:\/\/cdn.cooltra.com\/uploads\/2018\/07\/180709_MS_banners-baleares_Formentera_fra-40x21.png 40w\" alt=\"location scooter formentera\" width=\"606\" height=\"315\" \/> <\/a><br \/>\n<a href=\"https:\/\/cooltra.com\/fr\/location-scooter-majorque\/\" data-elementor-open-lightbox=\"\"><br \/>\n<img decoding=\"async\" loading=\"lazy\" src=\"https:\/\/cdn.cooltra.com\/uploads\/2018\/07\/180709_MS_banners-baleares_Mallorca_fra.png\" sizes=\"(max-width: 606px) 100vw, 606px\" srcset=\"https:\/\/cdn.cooltra.com\/uploads\/2018\/07\/180709_MS_banners-baleares_Mallorca_fra.png 606w, https:\/\/cdn.cooltra.com\/uploads\/2018\/07\/180709_MS_banners-baleares_Mallorca_fra-300x156.png 300w, https:\/\/cdn.cooltra.com\/uploads\/2018\/07\/180709_MS_banners-baleares_Mallorca_fra-370x192.png 370w, https:\/\/cdn.cooltra.com\/uploads\/2018\/07\/180709_MS_banners-baleares_Mallorca_fra-40x21.png 40w\" alt=\"location scooter majorque\" width=\"606\" height=\"315\" \/> <\/a><br \/>\n<a href=\"https:\/\/cooltra.com\/fr\/location-scooter-minorque\/\" data-elementor-open-lightbox=\"\"><br \/>\n<img decoding=\"async\" loading=\"lazy\" src=\"https:\/\/cdn.cooltra.com\/uploads\/2018\/07\/180709_MS_banners-baleares_Menorca_fra.png\" sizes=\"(max-width: 606px) 100vw, 606px\" srcset=\"https:\/\/cdn.cooltra.com\/uploads\/2018\/07\/180709_MS_banners-baleares_Menorca_fra.png 606w, https:\/\/cdn.cooltra.com\/uploads\/2018\/07\/180709_MS_banners-baleares_Menorca_fra-300x156.png 300w, https:\/\/cdn.cooltra.com\/uploads\/2018\/07\/180709_MS_banners-baleares_Menorca_fra-370x192.png 370w, https:\/\/cdn.cooltra.com\/uploads\/2018\/07\/180709_MS_banners-baleares_Menorca_fra-40x21.png 40w\" alt=\"location scooter minorque\" width=\"606\" height=\"315\" \/> <\/a><\/p>\n<h5>QU\u2019INCLUT NOTRE PRIX?<\/h5>\n<p><img decoding=\"async\" loading=\"lazy\" src=\"https:\/\/cdn.cooltra.com\/uploads\/Casco-300x300.png\" sizes=\"(max-width: 300px) 100vw, 300px\" srcset=\"https:\/\/cdn.cooltra.com\/uploads\/Casco-300x300.png 300w, https:\/\/cdn.cooltra.com\/uploads\/2018\/06\/Casco-150x150.png 150w, https:\/\/cdn.cooltra.com\/uploads\/2018\/06\/Casco-370x370.png 370w, https:\/\/cdn.cooltra.com\/uploads\/2018\/06\/Casco-40x40.png 40w, https:\/\/cdn.cooltra.com\/uploads\/2018\/06\/Casco.png 512w\" alt=\"\" width=\"300\" height=\"300\" \/><\/p>\n<p>Casque<\/p>\n<p><img decoding=\"async\" loading=\"lazy\" src=\"https:\/\/cdn.cooltra.com\/uploads\/Seguro-a-todo-riesgo-300x300.png\" sizes=\"(max-width: 300px) 100vw, 300px\" srcset=\"https:\/\/cdn.cooltra.com\/uploads\/Seguro-a-todo-riesgo-300x300.png 300w, https:\/\/cdn.cooltra.com\/uploads\/2018\/06\/Seguro-a-todo-riesgo-150x150.png 150w, https:\/\/cdn.cooltra.com\/uploads\/2018\/06\/Seguro-a-todo-riesgo-370x370.png 370w, https:\/\/cdn.cooltra.com\/uploads\/2018\/06\/Seguro-a-todo-riesgo-40x40.png 40w, https:\/\/cdn.cooltra.com\/uploads\/2018\/06\/Seguro-a-todo-riesgo.png 512w\" alt=\"\" width=\"300\" height=\"300\" \/><\/p>\n<p>Assurance tous risques<\/p>\n<p><img decoding=\"async\" loading=\"lazy\" src=\"https:\/\/cdn.cooltra.com\/uploads\/Asistencia-en-carretera-300x300.png\" sizes=\"(max-width: 300px) 100vw, 300px\" srcset=\"https:\/\/cdn.cooltra.com\/uploads\/Asistencia-en-carretera-300x300.png 300w, https:\/\/cdn.cooltra.com\/uploads\/2018\/06\/Asistencia-en-carretera-150x150.png 150w, https:\/\/cdn.cooltra.com\/uploads\/2018\/06\/Asistencia-en-carretera-370x370.png 370w, https:\/\/cdn.cooltra.com\/uploads\/2018\/06\/Asistencia-en-carretera-40x40.png 40w, https:\/\/cdn.cooltra.com\/uploads\/2018\/06\/Asistencia-en-carretera.png 512w\" alt=\"\" width=\"300\" height=\"300\" \/><\/p>\n<p>Assistance routi\u00e8re<\/p>\n<p><img decoding=\"async\" loading=\"lazy\" src=\"https:\/\/cdn.cooltra.com\/uploads\/2018\/04\/Cancelacion-gratuita-1.png\" alt=\"\" width=\"300\" height=\"300\" \/><\/p>\n<p>Annulation gratuite<\/p>\n<p><img decoding=\"async\" loading=\"lazy\" src=\"https:\/\/cdn.cooltra.com\/uploads\/2018\/04\/Km-ilimitados.png\" alt=\"KM ilimitados\" width=\"300\" height=\"300\" \/><\/p>\n<p>Km illimit\u00e9s<\/p>\n<p><img decoding=\"async\" loading=\"lazy\" src=\"https:\/\/cdn.cooltra.com\/uploads\/2018\/04\/Mejor-precio-garantizado-1.png\" alt=\"El mejor precio\" width=\"300\" height=\"300\" \/><\/p>\n<p>Meilleur Prix garanti<\/p>\n<p><img decoding=\"async\" loading=\"lazy\" src=\"https:\/\/cdn.cooltra.com\/uploads\/2018\/04\/Descuento-online.png\" alt=\"Descuento si reservas online\" width=\"300\" height=\"300\" \/><\/p>\n<p>R\u00e9duction en ligne<\/p>\n<p><img decoding=\"async\" loading=\"lazy\" src=\"https:\/\/cdn.cooltra.com\/uploads\/whats-included-electric-300x300.png\" sizes=\"(max-width: 300px) 100vw, 300px\" srcset=\"https:\/\/cdn.cooltra.com\/uploads\/whats-included-electric-300x300.png 300w, https:\/\/cdn.cooltra.com\/uploads\/2019\/08\/whats-included-electric-150x150.png 150w, https:\/\/cdn.cooltra.com\/uploads\/2019\/08\/whats-included-electric-370x370.png 370w, https:\/\/cdn.cooltra.com\/uploads\/2019\/08\/whats-included-electric-40x40.png 40w, https:\/\/cdn.cooltra.com\/uploads\/2019\/08\/whats-included-electric.png 512w\" alt=\"Scooters el\u00e9tricas\" width=\"300\" height=\"300\" \/><\/p>\n<p>E-scooters disponible<\/p>\n<h2>NOS MODELES<\/h2>\n<p>Nous avons des accords avec les principaux fabricants de <strong>scooters thermiques<\/strong> tels que Peugeot, SYM, Yamaha en 50cc mais aussi 125cc. Nous proposons \u00e9galement \u00e0 la location des <strong>mod\u00e8les \u00e9lectriques<\/strong> tels que Govecs et Kawasaki et Askoll. Et si ce qui vous int\u00e9resse c\u2019est l\u2019aventure, optez pour la location d\u2019un quad.<\/p>\n<figure><img alt=\"Peugeot Tweet Evo 50cc o 125cc\" \/><\/figure>\n<figure><img decoding=\"async\" src=\"https:\/\/cdn.cooltra.com\/uploads\/Citystar-150x150.png\" alt=\"Alquiler moto Peugeot Citystar\" \/><\/figure>\n<figure><img decoding=\"async\" src=\"https:\/\/cdn.cooltra.com\/uploads\/yamaha-xmax-150x150.png\" alt=\"Yamaha X-Max 125cc o 300cc ABS\" \/><\/figure>\n<figure><img decoding=\"async\" src=\"https:\/\/cdn.cooltra.com\/uploads\/sym-joymax-150x150.png\" alt=\"Sym Joymax 300cc\" \/><\/figure>\n<figure><img decoding=\"async\" src=\"https:\/\/cdn.cooltra.com\/uploads\/yamaha-tricity-150x150.png\" alt=\"YAMAHA Tricity 125cc\" \/><\/figure>\n<figure><img alt=\"Alquiler moto Govecs Go\" \/><\/figure>\n<figure><img decoding=\"async\" src=\"https:\/\/cdn.cooltra.com\/uploads\/Kawasaki-brute-force-1-150x150.png\" alt=\"Kawasaki-brute-force-1\" \/><\/figure>\n<h2>LOCATION DE SCOOTERS AUX BAL\u00c9ARES<\/h2>\n<p>Venez parcourir les \u00eeles Bal\u00e9ares en deux roues! Profitez de la <strong>meilleure exp\u00e9rience<\/strong> que seule Cooltra peut vous offrir gr\u00e2ce \u00e0 son service de location de scooters aux Bal\u00e9ares et d\u00e9couvrez ces joyaux de la M\u00e9diterran\u00e9e. Peu importe que vous visitiez <strong>Ibiza, Formentera, Majorque ou Minorque<\/strong>, des magasins officiels Cooltra sont pr\u00e9sents sur toutes ces \u00eeles. Nos partenaires locaux sont toujours dispos\u00e9s \u00e0 vous conseiller pour que vous puissiez d\u00e9couvrir les meilleurs plans de l\u2019\u00cele. Au guidon de votre scooter, oubliez les embouteillages, les probl\u00e8mes de stationnement, les contraintes des transports publics. Gr\u00e2ce aux scooters Cooltra, tout n\u2019est que commodit\u00e9, libert\u00e9 et s\u00e9curit\u00e9.<\/p>\n<h3><a style=\"color: #00a3e0; text-decoration: underline;\" href=\"https:\/\/cooltra.com\/fr\/location-scooter-ibiza\/\">Location de scooters \u00e0 Ibiza<\/a><\/h3>\n<p>Venez <strong>visiter Ibiza<\/strong>, celle \u00eele fascinante de jour comme de nuit et tombez amoureux de ces nombreuses criques \u00e0 l\u2019eau turquoise telles que la <strong>Cala D\u2019Hort<\/strong> et la <strong>Cala Conta<\/strong>. Si vous souhaitez explorer une autre \u00eele, vous pouvez r\u00e9aliser une excursion d\u2019une <strong>j<\/strong><strong>ourn\u00e9e \u00e0 Formentera<\/strong> : prendre le <a href=\"https:\/\/cooltra.com\/fr\/ferry-formentera\/\">ferry \u00e0 Formentera depuis Ibiza<\/a>, louer un scooter, et parcourir les diverses plages paradisiaques que cette \u00eele. D\u00e9couvrez notre offre<a href=\"https:\/\/cooltra.com\/fr\/ferry-formentera\/\"> billet de ferry + location de scooters \u00e0 Formentera<\/a> pour seulement 39\u20ac.<\/p>\n<h3><a style=\"color: #00a3e0; text-decoration: underline;\" href=\"https:\/\/cooltra.com\/fr\/location-scooter-formentera\/\">Location de scooters \u00e0 Formentera<\/a><\/h3>\n<p>Cooltra vous offre la libert\u00e9 d\u2019explorer l\u2019\u00eele de <strong>Formentera en scooter<\/strong> et de pouvoir parcourir les 20kms de plages les plus connues telles que <strong>Cala Saona<\/strong>, <strong>Ses Illetes<\/strong> et <strong>Els Arenals<\/strong> de fa\u00e7on facile et divertissante. Gr\u00e2ce \u00e0 nos scooters de location vous pourrez acc\u00e9der \u00e0 tous les recoins de l\u2019\u00eele, des lieux difficilement accessibles sans scooter.<\/p>\n<h3><a style=\"color: #00a3e0; text-decoration: underline;\" href=\"https:\/\/cooltra.com\/fr\/location-scooter-majorque\/\">Location de scooters \u00e0 Majorque<\/a><\/h3>\n<p>Profitez de vacances inoubliables en conduisant l\u2019un de nos scooters sur l\u2019<strong>Ile de Majorque<\/strong>, l\u2019\u00eele la plus grande des Bal\u00e9ares. Majorque pr\u00e9sente une multitude d\u2019activit\u00e9s touristiques, galeries d\u2019art, ch\u00e2teaux et mus\u00e9es. Mais surtout, ne manquez pas sa <strong>cath\u00e9drale<\/strong> et ses merveilleuses criques <strong>Es Trenc<\/strong> et <strong>Es Dol\u00e7<\/strong>.<\/p>\n<h3><a style=\"color: #00a3e0; text-decoration: underline;\" href=\"https:\/\/cooltra.com\/fr\/location-scooter-minorque\/\">Locations de scooters \u00e0 Minorque<\/a><\/h3>\n<p>Pour finir, si vous cherchez une \u00eele un peu plus tranquille, <strong>Minorque<\/strong> est votre destination. Elle combine \u00e0 la perfection tranquillit\u00e9, id\u00e9al pour se relaxer et un riche patrimoine culturel pr\u00eat \u00e0 \u00eatre d\u00e9couvert. Minorque est habit\u00e9e par les <strong>meilleures plages<\/strong> <strong>et criques des bal\u00e9ares<\/strong> telles que la <strong>Cala Turqueta<\/strong> ou la <strong>Cala Macarella<\/strong>.<\/p>\n<p>Cooltra vous offre un <strong>service tout inclus<\/strong> : annulation gratuite, KM illimit\u00e9s, assurance tous risques et assistance routi\u00e8re 24h\/24 et <strong>5% de r\u00e9duction avec votre r\u00e9servation en ligne<\/strong>. Alors qu\u2019attendez-vous pour r\u00e9server ?<\/p>\n<ul>\n<li>POURQUOI CHOISIR COOLTRA ?<\/li>\n<li>5% de r\u00e9duction en ligne<\/li>\n<li>Annulation gratuite jusqu\u2019\u00e0 24h avant la date de r\u00e9servation<\/li>\n<li>Assurance Tous risques avec Franchise<\/li>\n<li>Une flotte de plus de 17 000 v\u00e9hicules actuellement<\/li>\n<li>Plus de 100 points de location<\/li>\n<\/ul>\n<p><iframe loading=\"lazy\" title=\"Summer 2018 - Welcome to Cooltra!\" width=\"500\" height=\"281\" src=\"https:\/\/www.youtube.com\/embed\/9XMthSBeGwY?feature=oembed\" frameborder=\"0\" allow=\"accelerometer; autoplay; clipboard-write; encrypted-media; gyroscope; picture-in-picture\" allowfullscreen><\/iframe><\/p>\n","protected":false},"excerpt":{"rendered":"<p>Location de scooters aux Bal\u00e9ares QU\u2019INCLUT NOTRE PRIX? Casque Assurance tous risques Assistance routi\u00e8re Annulation gratuite Km illimit\u00e9s Meilleur Prix garanti R\u00e9duction en ligne E-scooters disponible NOS MODELES Nous avons des accords avec les principaux fabricants de scooters thermiques tels que Peugeot, SYM, Yamaha en 50cc mais aussi 125cc. Nous proposons \u00e9galement \u00e0 la location [&hellip;]<\/p>\n","protected":false},"author":4,"featured_media":0,"parent":0,"menu_order":0,"comment_status":"closed","ping_status":"closed","template":"page-rentgroup.blade.php","meta":{"inline_featured_image":false},"yoast_head":"<!-- This site is optimized with the Yoast SEO plugin v20.10 - https:\/\/yoast.com\/wordpress\/plugins\/seo\/ -->\n<title>Location de scooters aux Bal\u00e9ares | Cooltra.com<\/title>\n<meta name=\"description\" content=\"Louez un scooter \u00e0 Majorque, Minorque, Ibiza ou Formentera. Profitez de la meilleure exp\u00e9rience que vous offre Cooltra gr\u00e2ce \u00e0 son service de location de scooters dans les \u00eeles Bal\u00e9ares, ces bijoux de la m\u00e9diterran\u00e9e.\" \/>\n<meta name=\"robots\" content=\"index, follow, max-snippet:-1, max-image-preview:large, max-video-preview:-1\" \/>\n<link rel=\"canonical\" href=\"https:\/\/cooltra.com\/fr\/louer-pour-des-jours\/scooters-baleares\/\" \/>\n<meta property=\"og:locale\" content=\"fr_FR\" \/>\n<meta property=\"og:type\" content=\"article\" \/>\n<meta property=\"og:title\" content=\"Location de scooters aux Bal\u00e9ares | Cooltra.com\" \/>\n<meta property=\"og:description\" content=\"Louez un scooter \u00e0 Majorque, Minorque, Ibiza ou Formentera. Profitez de la meilleure exp\u00e9rience que vous offre Cooltra gr\u00e2ce \u00e0 son service de location de scooters dans les \u00eeles Bal\u00e9ares, ces bijoux de la m\u00e9diterran\u00e9e.\" \/>\n<meta property=\"og:url\" content=\"https:\/\/cooltra.com\/fr\/louer-pour-des-jours\/scooters-baleares\/\" \/>\n<meta property=\"og:site_name\" content=\"Cooltra\" \/>\n<meta property=\"article:publisher\" content=\"https:\/\/www.facebook.com\/CooltraMotos\/\" \/>\n<meta property=\"article:modified_time\" content=\"2021-05-20T14:05:55+00:00\" \/>\n<meta property=\"og:image\" content=\"https:\/\/cdn.cooltra.com\/uploads\/2018\/07\/180709_MS_banners-baleares_Ibiza_fra.png\" \/>\n<meta name=\"twitter:card\" content=\"summary_large_image\" \/>\n<meta name=\"twitter:site\" content=\"@cooltra\" \/>\n<meta name=\"twitter:label1\" content=\"Dur\u00e9e de lecture estim\u00e9e\" \/>\n\t<meta name=\"twitter:data1\" content=\"7 minutes\" \/>\n<script type=\"application\/ld+json\" class=\"yoast-schema-graph\">{\"@context\":\"https:\/\/schema.org\",\"@graph\":[{\"@type\":\"WebPage\",\"@id\":\"https:\/\/cooltra.com\/fr\/louer-pour-des-jours\/scooters-baleares\/\",\"url\":\"https:\/\/cooltra.com\/fr\/louer-pour-des-jours\/scooters-baleares\/\",\"name\":\"Location de scooters aux Bal\u00e9ares | Cooltra.com\",\"isPartOf\":{\"@id\":\"https:\/\/cooltra.com\/fr\/#website\"},\"datePublished\":\"2018-07-02T16:05:53+00:00\",\"dateModified\":\"2021-05-20T14:05:55+00:00\",\"description\":\"Louez un scooter \u00e0 Majorque, Minorque, Ibiza ou Formentera. Profitez de la meilleure exp\u00e9rience que vous offre Cooltra gr\u00e2ce \u00e0 son service de location de scooters dans les \u00eeles Bal\u00e9ares, ces bijoux de la m\u00e9diterran\u00e9e.\",\"inLanguage\":\"fr-FR\",\"potentialAction\":[{\"@type\":\"ReadAction\",\"target\":[\"https:\/\/cooltra.com\/fr\/louer-pour-des-jours\/scooters-baleares\/\"]}]},{\"@type\":\"WebSite\",\"@id\":\"https:\/\/cooltra.com\/fr\/#website\",\"url\":\"https:\/\/cooltra.com\/fr\/\",\"name\":\"Cooltra\",\"description\":\"Alquiler de motos y scooters de gasolina y el\u00e9ctricas\",\"publisher\":{\"@id\":\"https:\/\/cooltra.com\/fr\/#organization\"},\"potentialAction\":[{\"@type\":\"SearchAction\",\"target\":{\"@type\":\"EntryPoint\",\"urlTemplate\":\"https:\/\/cooltra.com\/fr\/?s={search_term_string}\"},\"query-input\":\"required name=search_term_string\"}],\"inLanguage\":\"fr-FR\"},{\"@type\":\"Organization\",\"@id\":\"https:\/\/cooltra.com\/fr\/#organization\",\"name\":\"Cooltra\",\"url\":\"https:\/\/cooltra.com\/fr\/\",\"logo\":{\"@type\":\"ImageObject\",\"inLanguage\":\"fr-FR\",\"@id\":\"https:\/\/cooltra.com\/fr\/#\/schema\/logo\/image\/\",\"url\":\"https:\/\/cdn.cooltra.com\/uploads\/2022\/11\/Cooltra_Logo_A.png\",\"contentUrl\":\"https:\/\/cdn.cooltra.com\/uploads\/2022\/11\/Cooltra_Logo_A.png\",\"width\":300,\"height\":298,\"caption\":\"Cooltra\"},\"image\":{\"@id\":\"https:\/\/cooltra.com\/fr\/#\/schema\/logo\/image\/\"},\"sameAs\":[\"https:\/\/www.facebook.com\/CooltraMotos\/\",\"https:\/\/twitter.com\/cooltra\",\"https:\/\/www.instagram.com\/cooltra_motos\/\"]}]}<\/script>\n<!-- \/ Yoast SEO plugin. -->","yoast_head_json":{"title":"Location de scooters aux Bal\u00e9ares | Cooltra.com","description":"Louez un scooter \u00e0 Majorque, Minorque, Ibiza ou Formentera. Profitez de la meilleure exp\u00e9rience que vous offre Cooltra gr\u00e2ce \u00e0 son service de location de scooters dans les \u00eeles Bal\u00e9ares, ces bijoux de la m\u00e9diterran\u00e9e.","robots":{"index":"index","follow":"follow","max-snippet":"max-snippet:-1","max-image-preview":"max-image-preview:large","max-video-preview":"max-video-preview:-1"},"canonical":"https:\/\/cooltra.com\/fr\/louer-pour-des-jours\/scooters-baleares\/","og_locale":"fr_FR","og_type":"article","og_title":"Location de scooters aux Bal\u00e9ares | Cooltra.com","og_description":"Louez un scooter \u00e0 Majorque, Minorque, Ibiza ou Formentera. Profitez de la meilleure exp\u00e9rience que vous offre Cooltra gr\u00e2ce \u00e0 son service de location de scooters dans les \u00eeles Bal\u00e9ares, ces bijoux de la m\u00e9diterran\u00e9e.","og_url":"https:\/\/cooltra.com\/fr\/louer-pour-des-jours\/scooters-baleares\/","og_site_name":"Cooltra","article_publisher":"https:\/\/www.facebook.com\/CooltraMotos\/","article_modified_time":"2021-05-20T14:05:55+00:00","og_image":[{"url":"https:\/\/cdn.cooltra.com\/uploads\/2018\/07\/180709_MS_banners-baleares_Ibiza_fra.png"}],"twitter_card":"summary_large_image","twitter_site":"@cooltra","twitter_misc":{"Dur\u00e9e de lecture estim\u00e9e":"7 minutes"},"schema":{"@context":"https:\/\/schema.org","@graph":[{"@type":"WebPage","@id":"https:\/\/cooltra.com\/fr\/louer-pour-des-jours\/scooters-baleares\/","url":"https:\/\/cooltra.com\/fr\/louer-pour-des-jours\/scooters-baleares\/","name":"Location de scooters aux Bal\u00e9ares | Cooltra.com","isPartOf":{"@id":"https:\/\/cooltra.com\/fr\/#website"},"datePublished":"2018-07-02T16:05:53+00:00","dateModified":"2021-05-20T14:05:55+00:00","description":"Louez un scooter \u00e0 Majorque, Minorque, Ibiza ou Formentera. Profitez de la meilleure exp\u00e9rience que vous offre Cooltra gr\u00e2ce \u00e0 son service de location de scooters dans les \u00eeles Bal\u00e9ares, ces bijoux de la m\u00e9diterran\u00e9e.","inLanguage":"fr-FR","potentialAction":[{"@type":"ReadAction","target":["https:\/\/cooltra.com\/fr\/louer-pour-des-jours\/scooters-baleares\/"]}]},{"@type":"WebSite","@id":"https:\/\/cooltra.com\/fr\/#website","url":"https:\/\/cooltra.com\/fr\/","name":"Cooltra","description":"Alquiler de motos y scooters de gasolina y el\u00e9ctricas","publisher":{"@id":"https:\/\/cooltra.com\/fr\/#organization"},"potentialAction":[{"@type":"SearchAction","target":{"@type":"EntryPoint","urlTemplate":"https:\/\/cooltra.com\/fr\/?s={search_term_string}"},"query-input":"required name=search_term_string"}],"inLanguage":"fr-FR"},{"@type":"Organization","@id":"https:\/\/cooltra.com\/fr\/#organization","name":"Cooltra","url":"https:\/\/cooltra.com\/fr\/","logo":{"@type":"ImageObject","inLanguage":"fr-FR","@id":"https:\/\/cooltra.com\/fr\/#\/schema\/logo\/image\/","url":"https:\/\/cdn.cooltra.com\/uploads\/2022\/11\/Cooltra_Logo_A.png","contentUrl":"https:\/\/cdn.cooltra.com\/uploads\/2022\/11\/Cooltra_Logo_A.png","width":300,"height":298,"caption":"Cooltra"},"image":{"@id":"https:\/\/cooltra.com\/fr\/#\/schema\/logo\/image\/"},"sameAs":["https:\/\/www.facebook.com\/CooltraMotos\/","https:\/\/twitter.com\/cooltra","https:\/\/www.instagram.com\/cooltra_motos\/"]}]}},"_links":{"self":[{"href":"https:\/\/cooltra.com\/fr\/wp-json\/wp\/v2\/pages\/10791"}],"collection":[{"href":"https:\/\/cooltra.com\/fr\/wp-json\/wp\/v2\/pages"}],"about":[{"href":"https:\/\/cooltra.com\/fr\/wp-json\/wp\/v2\/types\/page"}],"author":[{"embeddable":true,"href":"https:\/\/cooltra.com\/fr\/wp-json\/wp\/v2\/users\/4"}],"replies":[{"embeddable":true,"href":"https:\/\/cooltra.com\/fr\/wp-json\/wp\/v2\/comments?post=10791"}],"version-history":[{"count":27,"href":"https:\/\/cooltra.com\/fr\/wp-json\/wp\/v2\/pages\/10791\/revisions"}],"predecessor-version":[{"id":36174,"href":"https:\/\/cooltra.com\/fr\/wp-json\/wp\/v2\/pages\/10791\/revisions\/36174"}],"wp:attachment":[{"href":"https:\/\/cooltra.com\/fr\/wp-json\/wp\/v2\/media?parent=10791"}],"curies":[{"name":"wp","href":"https:\/\/api.w.org\/{rel}","templated":true}]}}