{"id":581,"date":"2018-03-13T08:51:32","date_gmt":"2018-03-13T08:51:32","guid":{"rendered":"http:\/\/your-site.com\/terminos-y-condiciones\/"},"modified":"2024-07-29T11:30:14","modified_gmt":"2024-07-29T10:30:14","slug":"terminos-y-condiciones","status":"publish","type":"page","link":"https:\/\/cooltra.com\/es\/terminos-y-condiciones\/","title":{"rendered":"T\u00e9rminos y condiciones"},"content":{"rendered":"<div>\n<p>Para alquilar una moto con Cooltra debes tener un <strong>carnet de conducir v\u00e1lido<\/strong> para el veh\u00edculo que quieres alquilar y seg\u00fan las normas del pa\u00eds. Los requisitos m\u00ednimos de nuestros puntos de alquiler en Espa\u00f1a, Italia, Francia y Portugal se encuentran en la siguiente tabla:<\/p>\n<p>&nbsp;<\/p>\n<table border=\"1\" cellspacing=\"0\" cellpadding=\"0\">\n<tbody>\n<tr>\n<td><\/td>\n<td><strong>Moto 50cc<\/strong><\/td>\n<td><strong>Moto 125cc<\/strong><\/td>\n<td><strong>Moto 3-ruedas<\/strong><\/td>\n<td><strong>Moto 400cc<\/strong><\/td>\n<td><strong>Moto +400cc<\/strong><\/td>\n<td><strong>QUAD<\/strong><\/td>\n<\/tr>\n<tr>\n<td>Espa\u00f1a*<\/td>\n<td>M\u00edn. 18 a\u00f1os, carnet B\/AM, B (m\u00e1s que 1 a\u00f1o)<\/td>\n<td>M\u00edn. 18 a\u00f1os, A1\/A o Min 21 a\u00f1os y 3+ a\u00f1os de experiencia con B<\/td>\n<td>M\u00edn. 18 a\u00f1os, A1\/A o 3+ a\u00f1os de experiencia con B<\/td>\n<td>M\u00edn. 18 a\u00f1os y carnet A o A2<\/td>\n<td>M\u00edn. 21 a\u00f1os y carnet A<\/td>\n<td>M\u00edn. 21 a\u00f1os, carnet de B con 3+ a\u00f1os de experiencia<\/td>\n<\/tr>\n<tr>\n<td>Italia<\/td>\n<td>M\u00edn. 18 a\u00f1os y carnet B\/AM<\/td>\n<td>M\u00edn. 18 a\u00f1os, carnet de A1 (max 11KW) o\u00a0A2 (max 35KW) o\u00a0A o B (max 11KW)<\/td>\n<td>M\u00edn. 18 a\u00f1os, A1\/A or 3+ a\u00f1os de experiencia con B<\/td>\n<td>M\u00edn. 21 a\u00f1os y carnet de A o A2<\/td>\n<td>M\u00edn. 21 a\u00f1os y carnet A<\/td>\n<td>&#8211;<\/td>\n<\/tr>\n<tr>\n<td>Francia<\/td>\n<td>M\u00edn. 18 a\u00f1os y carnet de B\/AM<\/td>\n<td>M\u00edn 20 a\u00f1os y carnet A<\/td>\n<td>M\u00edn 20 a\u00f1os y carnet A<\/td>\n<td>M\u00edn 20 a\u00f1os y carnet A<\/td>\n<td>M\u00edn. 21 a\u00f1os y carnet A<\/td>\n<td>&#8211;<\/td>\n<\/tr>\n<tr>\n<td>Portugal<\/td>\n<td>M\u00edn. 18 a\u00f1os y carnet B\/AM<\/td>\n<td>Carnet A1\/A o 25+ a\u00f1os + B<\/td>\n<td>Carnet A1\/A o 25+ a\u00f1os + B<\/td>\n<td>Carnet de conducir A o A2<\/td>\n<td>M\u00edn. 21 a\u00f1os y carnet A<\/td>\n<td>&#8211;<\/td>\n<\/tr>\n<\/tbody>\n<\/table>\n<p><strong>\u00a0<\/strong><\/p>\n<p><i><strong>*<\/strong>Nota: Si el carnet de conducir no es de un pa\u00eds de la Uni\u00f3n econ\u00f3mica Europea o no tienen convenio con Espa\u00f1a (o otros pa\u00edses d\u00f3nde Cooltra est\u00e1 presente), se necesita presentar el carnet internacional. As\u00ed mismo los permisos v\u00e1lidos se rigen por la ley del pa\u00eds donde se conduce, no del de procedencia.<\/i><\/p>\n<p>&nbsp;<\/p>\n<p>A parte de esto, solo necesitas dejarnos una\u00a0<strong>fianza de seguridad<\/strong> de 200\u20ac para nuestra moto modelo Standard, 350\u20ac para nuestra moto modelo Plus, 750\u20ac \u00a0para nuestra moto modelo Premium y 1500\u20ac para nuestra moto modelo Super Premium. La fianza solo se puede abonar con tarjeta de cr\u00e9dito y se devolver\u00e1 por el mismo medio al finalizar el alquiler, siempre que proceda. La recepci\u00f3n efectiva de la fianza puede demorarse unos d\u00edas en funci\u00f3n de la entidad bancaria del cliente o pa\u00eds.<\/p>\n<p>&nbsp;<\/p>\n<p><strong>Todas nuestras motos incluyen<\/strong> un casco, una p\u00f3liza de seguro a todo riesgo con franquicia de 600\u20ac a 4000\u20ac (seg\u00fan el modelo de moto escogida) y asistencia en carretera. Tambi\u00e9n podr\u00e1s a\u00f1adir un casco extra, reducci\u00f3n de franquicia o servicio de entrega de tu moto en el hotel. Consulta los extras que cada tienda tiene disponible.<\/p>\n<p>&nbsp;<\/p>\n<p>Nuestra <strong>pol\u00edtica de cancelaci\u00f3n de reservas<\/strong> es la siguiente:<\/p>\n<ul style=\"list-style-type: disc;\">\n<li>Si la reserva tiene incluida la cobertura <em>Excellence (contratada como extra)<\/em> y la cancelaci\u00f3n se realiza con un preaviso de m\u00e1s de 24 horas antes del inicio del alquiler, se rembolsar\u00e1 el 100% del importe abonado.<\/li>\n<li>No se admiten cancelaciones si no se contrata la cobertura Excellence\u00a0extra y no se reembolsar\u00e1 cantidad alguna.<\/li>\n<li>Cooltra no es responsable de las condiciones clim\u00e1ticas.<\/li>\n<li>Cooltra no asegura la entrega de motos premium con reservas hechas con menos de una hora de antelaci\u00f3n.<\/li>\n<\/ul>\n<\/div>\n<p>&nbsp;<\/p>\n<h2>CONDICIONES GENERALES DE ALQUILER \u2013 CONTRATO DE ARRENDAMIENTO<\/h2>\n<p>A continuaci\u00f3n, podr\u00e1s descargar las condiciones generales de alquiler en PDF:<\/p>\n<div>\n<p>&nbsp;<\/p>\n<p><strong>ESPA\u00d1A<\/strong><\/p>\n<\/div>\n<div>\n<ul style=\"list-style-type: disc;\">\n<li>CONDICIONES GENERALES DE ALQUILER &#8211; ESPA\u00d1A (<a href=\"https:\/\/cdn.cooltra.com\/uploads\/2019\/04\/cooltra_condiciones_generales_alquiler_es.pdf\" target=\"_blank\" rel=\"noopener\">pdf<\/a>)<\/li>\n<li>GENERAL RENTAL CONDITIONS &#8211; SPAIN (<a href=\"https:\/\/cdn.cooltra.com\/uploads\/2019\/04\/cooltra_general_rental_conditions_en-es.pdf\" target=\"_blank\" rel=\"noopener\">pdf<\/a>)<\/li>\n<\/ul>\n<p><strong>ITALIA<\/strong><\/p>\n<ul style=\"list-style-type: disc;\">\n<li>CONDIZIONI GENERALI DI NOLEGGIO &#8211; ITALIA (<a href=\"https:\/\/cdn.cooltra.com\/uploads\/2019\/04\/cooltra_condizioni-generali-noleggio-it.pdf\" target=\"_blank\" rel=\"noopener\">pdf<\/a>)<\/li>\n<li>CONDIZIONI GENERALI DI NOLEGGIO &#8211; Cooltra Partner Napoli (<a href=\"https:\/\/cdn.cooltra.com\/uploads\/2023\/05\/TC-GIORNALIERO_MENSILE-1.pdf\">pdf<\/a>)<\/li>\n<li>CONDIZIONI GENERALI DI NOLEGGIO &#8211; Cooltra Partner Vieste (<a href=\"https:\/\/cdn.cooltra.com\/uploads\/2023\/05\/TC-GIORNALIERO-Vieste-1.pdf\">pdf<\/a>)<\/li>\n<li>CONDIZIONI GENERALI DI NOLEGGIO &#8211; Cooltra Partner Salerno (<a href=\"https:\/\/cdn.cooltra.com\/uploads\/2023\/05\/termini-e-condizioni-COOLTRA.pdf\">pdf<\/a>)<\/li>\n<li>GENERAL RENTAL CONDITIONS &#8211; ITALY (<a href=\"https:\/\/cdn.cooltra.com\/uploads\/2019\/04\/cooltra_general_rental_conditions_en-it.pdf\" target=\"_blank\" rel=\"noopener\">pdf<\/a>)<\/li>\n<\/ul>\n<p><strong>FRANCIA<\/strong><\/p>\n<ul style=\"list-style-type: disc;\">\n<li>CONDITIONS G\u00c9N\u00c9RALES DE LOCATION &#8211; FRANCE (<a href=\"https:\/\/cdn.cooltra.com\/uploads\/2019\/04\/cooltra_conditions-generales-location-fr.pdf\" target=\"_blank\" rel=\"noopener\">pdf<\/a>)<\/li>\n<li>GENERAL RENTAL CONDITIONS &#8211; FRANCE (<a href=\"https:\/\/cdn.cooltra.com\/uploads\/2019\/04\/cooltra_general_rental_conditions_en-fr.pdf\" target=\"_blank\" rel=\"noopener\">pdf<\/a>)<\/li>\n<\/ul>\n<p><strong>PORTUGAL<\/strong><\/p>\n<ul style=\"list-style-type: disc;\">\n<li>CONDI\u00c7\u00d5ES GERAIS DE ALUGUER &#8211; PORTUGAL (<a href=\"https:\/\/cdn.cooltra.com\/uploads\/2019\/04\/cooltra_condicoes_gerais_aluguer-pt.pdf\" target=\"_blank\" rel=\"noopener\">pdf<\/a>)<\/li>\n<li>GENERAL RENTAL CONDITIONS &#8211; PORTUGAL (<a href=\"https:\/\/cdn.cooltra.com\/uploads\/2019\/04\/cooltra_general_rental_conditions_en-pt.pdf\" target=\"_blank\" rel=\"noopener\">pdf<\/a>)<\/li>\n<\/ul>\n<\/div>\n<div><\/div>\n","protected":false},"excerpt":{"rendered":"<p>Para alquilar una moto con Cooltra debes tener un carnet de conducir v\u00e1lido para el veh\u00edculo que quieres alquilar y seg\u00fan las normas del pa\u00eds. Los requisitos m\u00ednimos de nuestros puntos de alquiler en Espa\u00f1a, Italia, Francia y Portugal se encuentran en la siguiente tabla: &nbsp; Moto 50cc Moto 125cc Moto 3-ruedas Moto 400cc Moto [&hellip;]<\/p>\n","protected":false},"author":1,"featured_media":0,"parent":0,"menu_order":0,"comment_status":"closed","ping_status":"closed","template":"","meta":{"inline_featured_image":false},"yoast_head":"<!-- This site is optimized with the Yoast SEO plugin v20.10 - https:\/\/yoast.com\/wordpress\/plugins\/seo\/ -->\n<title>T\u00e9rminos y condiciones - Cooltra<\/title>\n<meta name=\"robots\" content=\"index, follow, max-snippet:-1, max-image-preview:large, max-video-preview:-1\" \/>\n<link rel=\"canonical\" href=\"https:\/\/cooltra.com\/es\/terminos-y-condiciones\/\" \/>\n<meta property=\"og:locale\" content=\"es_ES\" \/>\n<meta property=\"og:type\" content=\"article\" \/>\n<meta property=\"og:title\" content=\"T\u00e9rminos y condiciones - Cooltra\" \/>\n<meta property=\"og:description\" content=\"Para alquilar una moto con Cooltra debes tener un carnet de conducir v\u00e1lido para el veh\u00edculo que quieres alquilar y seg\u00fan las normas del pa\u00eds. Los requisitos m\u00ednimos de nuestros puntos de alquiler en Espa\u00f1a, Italia, Francia y Portugal se encuentran en la siguiente tabla: &nbsp; Moto 50cc Moto 125cc Moto 3-ruedas Moto 400cc Moto [&hellip;]\" \/>\n<meta property=\"og:url\" content=\"https:\/\/cooltra.com\/es\/terminos-y-condiciones\/\" \/>\n<meta property=\"og:site_name\" content=\"Cooltra\" \/>\n<meta property=\"article:publisher\" content=\"https:\/\/www.facebook.com\/CooltraMotos\/\" \/>\n<meta property=\"article:modified_time\" content=\"2024-07-29T10:30:14+00:00\" \/>\n<meta property=\"og:image\" content=\"https:\/\/cdn.cooltra.com\/uploads\/2018\/04\/cooltra-alquiler-de-motos-y-scooter-de-gasolina-y-electricas.png\" \/>\n\t<meta property=\"og:image:width\" content=\"2000\" \/>\n\t<meta property=\"og:image:height\" content=\"510\" \/>\n\t<meta property=\"og:image:type\" content=\"image\/png\" \/>\n<meta name=\"twitter:card\" content=\"summary_large_image\" \/>\n<meta name=\"twitter:site\" content=\"@cooltra\" \/>\n<meta name=\"twitter:label1\" content=\"Tiempo de lectura\" \/>\n\t<meta name=\"twitter:data1\" content=\"3 minutos\" \/>\n<script type=\"application\/ld+json\" class=\"yoast-schema-graph\">{\"@context\":\"https:\/\/schema.org\",\"@graph\":[{\"@type\":\"WebPage\",\"@id\":\"https:\/\/cooltra.com\/es\/terminos-y-condiciones\/\",\"url\":\"https:\/\/cooltra.com\/es\/terminos-y-condiciones\/\",\"name\":\"T\u00e9rminos y condiciones - Cooltra\",\"isPartOf\":{\"@id\":\"https:\/\/cooltra.com\/es\/#website\"},\"datePublished\":\"2018-03-13T08:51:32+00:00\",\"dateModified\":\"2024-07-29T10:30:14+00:00\",\"inLanguage\":\"es\",\"potentialAction\":[{\"@type\":\"ReadAction\",\"target\":[\"https:\/\/cooltra.com\/es\/terminos-y-condiciones\/\"]}]},{\"@type\":\"WebSite\",\"@id\":\"https:\/\/cooltra.com\/es\/#website\",\"url\":\"https:\/\/cooltra.com\/es\/\",\"name\":\"Cooltra\",\"description\":\"Alquiler de motos y scooters de gasolina y el\u00e9ctricas\",\"publisher\":{\"@id\":\"https:\/\/cooltra.com\/es\/#organization\"},\"potentialAction\":[{\"@type\":\"SearchAction\",\"target\":{\"@type\":\"EntryPoint\",\"urlTemplate\":\"https:\/\/cooltra.com\/es\/?s={search_term_string}\"},\"query-input\":\"required name=search_term_string\"}],\"inLanguage\":\"es\"},{\"@type\":\"Organization\",\"@id\":\"https:\/\/cooltra.com\/es\/#organization\",\"name\":\"Cooltra\",\"url\":\"https:\/\/cooltra.com\/es\/\",\"logo\":{\"@type\":\"ImageObject\",\"inLanguage\":\"es\",\"@id\":\"https:\/\/cooltra.com\/es\/#\/schema\/logo\/image\/\",\"url\":\"https:\/\/cdn.cooltra.com\/uploads\/2022\/11\/Cooltra_Logo_A.png\",\"contentUrl\":\"https:\/\/cdn.cooltra.com\/uploads\/2022\/11\/Cooltra_Logo_A.png\",\"width\":300,\"height\":298,\"caption\":\"Cooltra\"},\"image\":{\"@id\":\"https:\/\/cooltra.com\/es\/#\/schema\/logo\/image\/\"},\"sameAs\":[\"https:\/\/www.facebook.com\/CooltraMotos\/\",\"https:\/\/twitter.com\/cooltra\",\"https:\/\/www.instagram.com\/cooltra_motos\/\"]}]}<\/script>\n<!-- \/ Yoast SEO plugin. -->","yoast_head_json":{"title":"T\u00e9rminos y condiciones - Cooltra","robots":{"index":"index","follow":"follow","max-snippet":"max-snippet:-1","max-image-preview":"max-image-preview:large","max-video-preview":"max-video-preview:-1"},"canonical":"https:\/\/cooltra.com\/es\/terminos-y-condiciones\/","og_locale":"es_ES","og_type":"article","og_title":"T\u00e9rminos y condiciones - Cooltra","og_description":"Para alquilar una moto con Cooltra debes tener un carnet de conducir v\u00e1lido para el veh\u00edculo que quieres alquilar y seg\u00fan las normas del pa\u00eds. Los requisitos m\u00ednimos de nuestros puntos de alquiler en Espa\u00f1a, Italia, Francia y Portugal se encuentran en la siguiente tabla: &nbsp; Moto 50cc Moto 125cc Moto 3-ruedas Moto 400cc Moto [&hellip;]","og_url":"https:\/\/cooltra.com\/es\/terminos-y-condiciones\/","og_site_name":"Cooltra","article_publisher":"https:\/\/www.facebook.com\/CooltraMotos\/","article_modified_time":"2024-07-29T10:30:14+00:00","og_image":[{"width":2000,"height":510,"url":"https:\/\/cdn.cooltra.com\/uploads\/2018\/04\/cooltra-alquiler-de-motos-y-scooter-de-gasolina-y-electricas.png","type":"image\/png"}],"twitter_card":"summary_large_image","twitter_site":"@cooltra","twitter_misc":{"Tiempo de lectura":"3 minutos"},"schema":{"@context":"https:\/\/schema.org","@graph":[{"@type":"WebPage","@id":"https:\/\/cooltra.com\/es\/terminos-y-condiciones\/","url":"https:\/\/cooltra.com\/es\/terminos-y-condiciones\/","name":"T\u00e9rminos y condiciones - Cooltra","isPartOf":{"@id":"https:\/\/cooltra.com\/es\/#website"},"datePublished":"2018-03-13T08:51:32+00:00","dateModified":"2024-07-29T10:30:14+00:00","inLanguage":"es","potentialAction":[{"@type":"ReadAction","target":["https:\/\/cooltra.com\/es\/terminos-y-condiciones\/"]}]},{"@type":"WebSite","@id":"https:\/\/cooltra.com\/es\/#website","url":"https:\/\/cooltra.com\/es\/","name":"Cooltra","description":"Alquiler de motos y scooters de gasolina y el\u00e9ctricas","publisher":{"@id":"https:\/\/cooltra.com\/es\/#organization"},"potentialAction":[{"@type":"SearchAction","target":{"@type":"EntryPoint","urlTemplate":"https:\/\/cooltra.com\/es\/?s={search_term_string}"},"query-input":"required name=search_term_string"}],"inLanguage":"es"},{"@type":"Organization","@id":"https:\/\/cooltra.com\/es\/#organization","name":"Cooltra","url":"https:\/\/cooltra.com\/es\/","logo":{"@type":"ImageObject","inLanguage":"es","@id":"https:\/\/cooltra.com\/es\/#\/schema\/logo\/image\/","url":"https:\/\/cdn.cooltra.com\/uploads\/2022\/11\/Cooltra_Logo_A.png","contentUrl":"https:\/\/cdn.cooltra.com\/uploads\/2022\/11\/Cooltra_Logo_A.png","width":300,"height":298,"caption":"Cooltra"},"image":{"@id":"https:\/\/cooltra.com\/es\/#\/schema\/logo\/image\/"},"sameAs":["https:\/\/www.facebook.com\/CooltraMotos\/","https:\/\/twitter.com\/cooltra","https:\/\/www.instagram.com\/cooltra_motos\/"]}]}},"_links":{"self":[{"href":"https:\/\/cooltra.com\/es\/wp-json\/wp\/v2\/pages\/581"}],"collection":[{"href":"https:\/\/cooltra.com\/es\/wp-json\/wp\/v2\/pages"}],"about":[{"href":"https:\/\/cooltra.com\/es\/wp-json\/wp\/v2\/types\/page"}],"author":[{"embeddable":true,"href":"https:\/\/cooltra.com\/es\/wp-json\/wp\/v2\/users\/1"}],"replies":[{"embeddable":true,"href":"https:\/\/cooltra.com\/es\/wp-json\/wp\/v2\/comments?post=581"}],"version-history":[{"count":13,"href":"https:\/\/cooltra.com\/es\/wp-json\/wp\/v2\/pages\/581\/revisions"}],"predecessor-version":[{"id":88596,"href":"https:\/\/cooltra.com\/es\/wp-json\/wp\/v2\/pages\/581\/revisions\/88596"}],"wp:attachment":[{"href":"https:\/\/cooltra.com\/es\/wp-json\/wp\/v2\/media?parent=581"}],"curies":[{"name":"wp","href":"https:\/\/api.w.org\/{rel}","templated":true}]}}