{"id":51701,"date":"2022-01-26T10:04:06","date_gmt":"2022-01-26T09:04:06","guid":{"rendered":"https:\/\/cooltra.com\/?page_id=51701"},"modified":"2026-02-05T13:26:06","modified_gmt":"2026-02-05T12:26:06","slug":"contacto","status":"publish","type":"page","link":"https:\/\/cooltra.com\/es\/contacto\/","title":{"rendered":"Contacto"},"content":{"rendered":"<p style=\"text-align: center;\">La mayor\u00eda de dudas est\u00e1n resueltas en la p\u00e1gina de preguntas frecuentes. Para ganar tiempo, echa un vistazo a la secci\u00f3n antes de rellenar el formulario.<\/p>\n<p style=\"text-align: center;\"><a href=\"https:\/\/cooltra.com\/es\/alquiler-por-minutos-horas\/ayuda\/\">Dudas para Alquiler por minutos<\/a>\u00a0 \u00a0|\u00a0 \u00a0<a href=\"https:\/\/cooltra.com\/es\/faq\/\">Dudas para Alquiler por d\u00edas<\/a>\u00a0 \u00a0|\u00a0 \u00a0<a href=\"https:\/\/cooltra.com\/es\/alquiler-por-meses\/\">Dudas para Alquiler por meses<\/a><\/p>\n<p style=\"text-align: center;\">\u00bfEres un particular o una empresa?<\/p>\n","protected":false},"excerpt":{"rendered":"<p>La mayor\u00eda de dudas est\u00e1n resueltas en la p\u00e1gina de preguntas frecuentes. Para ganar tiempo, echa un vistazo a la secci\u00f3n antes de rellenar el formulario. Dudas para Alquiler por minutos\u00a0 \u00a0|\u00a0 \u00a0Dudas para Alquiler por d\u00edas\u00a0 \u00a0|\u00a0 \u00a0Dudas para Alquiler por meses \u00bfEres un particular o una empresa?<\/p>\n","protected":false},"author":20,"featured_media":0,"parent":0,"menu_order":0,"comment_status":"closed","ping_status":"closed","template":"page-contact.blade.php","meta":{"inline_featured_image":false},"yoast_head":"<!-- This site is optimized with the Yoast SEO plugin v20.10 - https:\/\/yoast.com\/wordpress\/plugins\/seo\/ -->\n<title>Contacto - Cooltra<\/title>\n<meta name=\"robots\" content=\"index, follow, max-snippet:-1, max-image-preview:large, max-video-preview:-1\" \/>\n<link rel=\"canonical\" href=\"https:\/\/cooltra.com\/es\/contacto\/\" \/>\n<meta property=\"og:locale\" content=\"es_ES\" \/>\n<meta property=\"og:type\" content=\"article\" \/>\n<meta property=\"og:title\" content=\"Contacto - Cooltra\" \/>\n<meta property=\"og:description\" content=\"La mayor\u00eda de dudas est\u00e1n resueltas en la p\u00e1gina de preguntas frecuentes. Para ganar tiempo, echa un vistazo a la secci\u00f3n antes de rellenar el formulario. Dudas para Alquiler por minutos\u00a0 \u00a0|\u00a0 \u00a0Dudas para Alquiler por d\u00edas\u00a0 \u00a0|\u00a0 \u00a0Dudas para Alquiler por meses \u00bfEres un particular o una empresa?\" \/>\n<meta property=\"og:url\" content=\"https:\/\/cooltra.com\/es\/contacto\/\" \/>\n<meta property=\"og:site_name\" content=\"Cooltra\" \/>\n<meta property=\"article:publisher\" content=\"https:\/\/www.facebook.com\/CooltraMotos\/\" \/>\n<meta property=\"article:modified_time\" content=\"2026-02-05T12:26:06+00:00\" \/>\n<meta property=\"og:image\" content=\"https:\/\/cdn.cooltra.com\/uploads\/2018\/04\/cooltra-alquiler-de-motos-y-scooter-de-gasolina-y-electricas.png\" \/>\n\t<meta property=\"og:image:width\" content=\"2000\" \/>\n\t<meta property=\"og:image:height\" content=\"510\" \/>\n\t<meta property=\"og:image:type\" content=\"image\/png\" \/>\n<meta name=\"twitter:card\" content=\"summary_large_image\" \/>\n<meta name=\"twitter:site\" content=\"@cooltra\" \/>\n<meta name=\"twitter:label1\" content=\"Tiempo de lectura\" \/>\n\t<meta name=\"twitter:data1\" content=\"1 minuto\" \/>\n<script type=\"application\/ld+json\" class=\"yoast-schema-graph\">{\"@context\":\"https:\/\/schema.org\",\"@graph\":[{\"@type\":\"WebPage\",\"@id\":\"https:\/\/cooltra.com\/es\/contacto\/\",\"url\":\"https:\/\/cooltra.com\/es\/contacto\/\",\"name\":\"Contacto - Cooltra\",\"isPartOf\":{\"@id\":\"https:\/\/cooltra.com\/es\/#website\"},\"datePublished\":\"2022-01-26T09:04:06+00:00\",\"dateModified\":\"2026-02-05T12:26:06+00:00\",\"inLanguage\":\"es\",\"potentialAction\":[{\"@type\":\"ReadAction\",\"target\":[\"https:\/\/cooltra.com\/es\/contacto\/\"]}]},{\"@type\":\"WebSite\",\"@id\":\"https:\/\/cooltra.com\/es\/#website\",\"url\":\"https:\/\/cooltra.com\/es\/\",\"name\":\"Cooltra\",\"description\":\"Alquiler de motos y scooters de gasolina y el\u00e9ctricas\",\"publisher\":{\"@id\":\"https:\/\/cooltra.com\/es\/#organization\"},\"potentialAction\":[{\"@type\":\"SearchAction\",\"target\":{\"@type\":\"EntryPoint\",\"urlTemplate\":\"https:\/\/cooltra.com\/es\/?s={search_term_string}\"},\"query-input\":\"required name=search_term_string\"}],\"inLanguage\":\"es\"},{\"@type\":\"Organization\",\"@id\":\"https:\/\/cooltra.com\/es\/#organization\",\"name\":\"Cooltra\",\"url\":\"https:\/\/cooltra.com\/es\/\",\"logo\":{\"@type\":\"ImageObject\",\"inLanguage\":\"es\",\"@id\":\"https:\/\/cooltra.com\/es\/#\/schema\/logo\/image\/\",\"url\":\"https:\/\/cdn.cooltra.com\/uploads\/2022\/11\/Cooltra_Logo_A.png\",\"contentUrl\":\"https:\/\/cdn.cooltra.com\/uploads\/2022\/11\/Cooltra_Logo_A.png\",\"width\":300,\"height\":298,\"caption\":\"Cooltra\"},\"image\":{\"@id\":\"https:\/\/cooltra.com\/es\/#\/schema\/logo\/image\/\"},\"sameAs\":[\"https:\/\/www.facebook.com\/CooltraMotos\/\",\"https:\/\/twitter.com\/cooltra\",\"https:\/\/www.instagram.com\/cooltra_motos\/\"]}]}<\/script>\n<!-- \/ Yoast SEO plugin. -->","yoast_head_json":{"title":"Contacto - Cooltra","robots":{"index":"index","follow":"follow","max-snippet":"max-snippet:-1","max-image-preview":"max-image-preview:large","max-video-preview":"max-video-preview:-1"},"canonical":"https:\/\/cooltra.com\/es\/contacto\/","og_locale":"es_ES","og_type":"article","og_title":"Contacto - Cooltra","og_description":"La mayor\u00eda de dudas est\u00e1n resueltas en la p\u00e1gina de preguntas frecuentes. Para ganar tiempo, echa un vistazo a la secci\u00f3n antes de rellenar el formulario. Dudas para Alquiler por minutos\u00a0 \u00a0|\u00a0 \u00a0Dudas para Alquiler por d\u00edas\u00a0 \u00a0|\u00a0 \u00a0Dudas para Alquiler por meses \u00bfEres un particular o una empresa?","og_url":"https:\/\/cooltra.com\/es\/contacto\/","og_site_name":"Cooltra","article_publisher":"https:\/\/www.facebook.com\/CooltraMotos\/","article_modified_time":"2026-02-05T12:26:06+00:00","og_image":[{"width":2000,"height":510,"url":"https:\/\/cdn.cooltra.com\/uploads\/2018\/04\/cooltra-alquiler-de-motos-y-scooter-de-gasolina-y-electricas.png","type":"image\/png"}],"twitter_card":"summary_large_image","twitter_site":"@cooltra","twitter_misc":{"Tiempo de lectura":"1 minuto"},"schema":{"@context":"https:\/\/schema.org","@graph":[{"@type":"WebPage","@id":"https:\/\/cooltra.com\/es\/contacto\/","url":"https:\/\/cooltra.com\/es\/contacto\/","name":"Contacto - Cooltra","isPartOf":{"@id":"https:\/\/cooltra.com\/es\/#website"},"datePublished":"2022-01-26T09:04:06+00:00","dateModified":"2026-02-05T12:26:06+00:00","inLanguage":"es","potentialAction":[{"@type":"ReadAction","target":["https:\/\/cooltra.com\/es\/contacto\/"]}]},{"@type":"WebSite","@id":"https:\/\/cooltra.com\/es\/#website","url":"https:\/\/cooltra.com\/es\/","name":"Cooltra","description":"Alquiler de motos y scooters de gasolina y el\u00e9ctricas","publisher":{"@id":"https:\/\/cooltra.com\/es\/#organization"},"potentialAction":[{"@type":"SearchAction","target":{"@type":"EntryPoint","urlTemplate":"https:\/\/cooltra.com\/es\/?s={search_term_string}"},"query-input":"required name=search_term_string"}],"inLanguage":"es"},{"@type":"Organization","@id":"https:\/\/cooltra.com\/es\/#organization","name":"Cooltra","url":"https:\/\/cooltra.com\/es\/","logo":{"@type":"ImageObject","inLanguage":"es","@id":"https:\/\/cooltra.com\/es\/#\/schema\/logo\/image\/","url":"https:\/\/cdn.cooltra.com\/uploads\/2022\/11\/Cooltra_Logo_A.png","contentUrl":"https:\/\/cdn.cooltra.com\/uploads\/2022\/11\/Cooltra_Logo_A.png","width":300,"height":298,"caption":"Cooltra"},"image":{"@id":"https:\/\/cooltra.com\/es\/#\/schema\/logo\/image\/"},"sameAs":["https:\/\/www.facebook.com\/CooltraMotos\/","https:\/\/twitter.com\/cooltra","https:\/\/www.instagram.com\/cooltra_motos\/"]}]}},"_links":{"self":[{"href":"https:\/\/cooltra.com\/es\/wp-json\/wp\/v2\/pages\/51701"}],"collection":[{"href":"https:\/\/cooltra.com\/es\/wp-json\/wp\/v2\/pages"}],"about":[{"href":"https:\/\/cooltra.com\/es\/wp-json\/wp\/v2\/types\/page"}],"author":[{"embeddable":true,"href":"https:\/\/cooltra.com\/es\/wp-json\/wp\/v2\/users\/20"}],"replies":[{"embeddable":true,"href":"https:\/\/cooltra.com\/es\/wp-json\/wp\/v2\/comments?post=51701"}],"version-history":[{"count":23,"href":"https:\/\/cooltra.com\/es\/wp-json\/wp\/v2\/pages\/51701\/revisions"}],"predecessor-version":[{"id":91775,"href":"https:\/\/cooltra.com\/es\/wp-json\/wp\/v2\/pages\/51701\/revisions\/91775"}],"wp:attachment":[{"href":"https:\/\/cooltra.com\/es\/wp-json\/wp\/v2\/media?parent=51701"}],"curies":[{"name":"wp","href":"https:\/\/api.w.org\/{rel}","templated":true}]}}