{"id":36182,"date":"2021-05-20T17:12:13","date_gmt":"2021-05-20T16:12:13","guid":{"rendered":"https:\/\/cooltra.com\/?page_id=36182"},"modified":"2025-02-06T14:40:15","modified_gmt":"2025-02-06T13:40:15","slug":"politica-de-cookies","status":"publish","type":"page","link":"https:\/\/cooltra.com\/es\/politica-de-cookies\/","title":{"rendered":"Pol\u00edtica de cookies"},"content":{"rendered":"<p><strong>TEXTO INFORMATIVO<\/strong><\/p>\n<p>Le informamos que este Sitio Web utiliza Cookies propias y de terceros para mejorar nuestros servicios, facilitarle la navegaci\u00f3n y mostrarle informaci\u00f3n relacionada con sus preferencias. Si usted cierra esta ventana y\/o si continua navegando, consideraremos que acepta su uso. No obstante si lo desea puede cambiar la configuraci\u00f3n y obtener m\u00e1s informaci\u00f3n aqu\u00ed.<\/p>\n<p><strong>POL\u00cdTICA DE USO DE COOKIES<\/strong><\/p>\n<p>El sitio web\u00a0<u><a href=\"http:\/\/cooltra.com\/\">cooltra.com<\/a><\/u>\u00a0(en adelante, el \u201cSitio Web\u201d) es propiedad de la empresa\u00a0<strong>COOLTRA MOTOS, S.L<\/strong>\u00a0(en adelante \u201c<strong>COOLTRA<\/strong>\u201d) con domicilio social en <span data-olk-copy-source=\"MessageBody\">dificio Ocean, Passeig Joan de Borb\u00f3 99-101, 4\u00aa Planta, 08039 Barcelona<\/span>, con C.I.F n\u00ba B-64146632, e inscrita en el Registro Mercantil de Barcelona, Tomo 38.623, Folio 69, Hoja B329.118, Inscripci\u00f3n 1\u00aa.<\/p>\n<p>Le informamos que este Sitio Web utiliza una tecnolog\u00eda denominada \u201cCookies\u201d con el fin de facilitar la navegaci\u00f3n de los Usuarios, mostrarles informaci\u00f3n de su inter\u00e9s siempre que acceda a nuestro Sitio Web y mejorar la calidad de nuestros servicios.<\/p>\n<p>En\u00a0<strong>COOLTRA\u00a0<\/strong>cumplimos con la normativa que regula el uso de las Cookies: Ley 34\/2002, de 11 de julio, de Servicios de la Sociedad de la Informaci\u00f3n y de Comercio Electr\u00f3nico (LSSICE), que traslada a la legislaci\u00f3n espa\u00f1ola la Directiva 2009\/136\/CE. El Usuario podr\u00e1 encontrar en nuestra Pol\u00edtica de Cookies informaci\u00f3n sobre el tipo de Cookies que utilizamos, los fines para los que se utilizan y las opciones de las que dispone para controlarlas o eliminarlas. En caso de que el Usuario requiera informaci\u00f3n adicional sobre las Cookies que utilizamos en el Sitio Web, podr\u00e1 remitir un correo electr\u00f3nico a la siguiente direcci\u00f3n: info@cooltra.com<\/p>\n<p><strong>\u00bfQu\u00e9 son las Cookies?<\/strong><\/p>\n<p>Una Cookie es un archivo que se descarga en su equipo (ordenador o dispositivo m\u00f3vil) con la finalidad de almacenar datos que podr\u00e1n ser actualizados y recuperados por la entidad responsable de su instalaci\u00f3n, en este caso\u00a0<strong>COOLTRA<\/strong>.<\/p>\n<p>La informaci\u00f3n recabada a trav\u00e9s de las Cookies puede incluir la fecha y hora de visitas al Sitio Web, las p\u00e1ginas visitadas, el tiempo que ha estado en nuestro Sitio Web y las acciones realizadas, as\u00ed como los sitios visitados justo antes y despu\u00e9s de la visita.<\/p>\n<p><strong>\u00bfQu\u00e9 tipo de Cookies podr\u00edan usarse en este Sitio Web y con qu\u00e9 finalidad?<\/strong><\/p>\n<p>Nuestro Sitio Web podr\u00eda utilizar cualquiera de las Cookies que se describen a continuaci\u00f3n<strong>:<\/strong><\/p>\n<p><strong>Cookies de sesi\u00f3n<\/strong>: Son un tipo de Cookies dise\u00f1adas para recabar y almacenar datos mientras el Usuario accede a una p\u00e1gina web.<\/p>\n<p><strong>Cookies persistentes<\/strong>: Son un tipo de Cookies en el que los datos siguen almacenados en el terminal y pueden ser accedidos y tratados durante un periodo definido por el responsable de la Cookie, y que puede ir de unos minutos a varios a\u00f1os.<\/p>\n<p><strong>Cookies t\u00e9cnicas<\/strong>: Son aqu\u00e9llas que permiten la navegaci\u00f3n a trav\u00e9s de una p\u00e1gina web, plataforma o aplicaci\u00f3n y la utilizaci\u00f3n de las diferentes opciones o servicios que en ella existan como, por ejemplo, controlar el tr\u00e1fico y la comunicaci\u00f3n de datos, identificar la sesi\u00f3n, acceder a partes de acceso restringido, recordar los elementos que integran un pedido, realizar el proceso de compra de un pedido, realizar la solicitud de inscripci\u00f3n o participaci\u00f3n en un evento, utilizar elementos de seguridad durante la navegaci\u00f3n, almacenar contenidos para la difusi\u00f3n de videos o sonido o compartir contenidos a trav\u00e9s de redes sociales.<\/p>\n<p><strong>Cookies de personalizaci\u00f3n<\/strong>: Son aqu\u00e9llas que permiten al Usuario acceder al servicio con algunas caracter\u00edsticas predefinidas en funci\u00f3n de una serie de criterios en el terminal del Usuario como por ejemplo el idioma, el tipo de navegador a trav\u00e9s del cual accede al servicio, la configuraci\u00f3n regional desde donde accede al servicio, etc.<\/p>\n<p><strong>Cookies de an\u00e1lisis<\/strong>: Son aqu\u00e9llas que permiten al responsable de las mismas, el seguimiento y an\u00e1lisis del comportamiento de los Usuarios de los sitios web a los que est\u00e1n vinculadas. La informaci\u00f3n recogida mediante este tipo de Cookies se utiliza en la medici\u00f3n de la actividad de los sitios web, aplicaci\u00f3n o plataforma y para la elaboraci\u00f3n de perfiles de navegaci\u00f3n de los usuarios de dichos sitios, aplicaciones y plataformas, con el fin de introducir mejoras en funci\u00f3n del an\u00e1lisis de los datos de uso que hacen los usuarios del servicio.<\/p>\n<p><strong>Cookies<em>\u00a0<\/em>publicitarias<\/strong>: Permiten la gesti\u00f3n de la forma m\u00e1s eficaz posible, de los espacios publicitarios que, en su caso, el editor haya incluido en una p\u00e1gina web, aplicaci\u00f3n o plataforma desde la que presta el servicio solicitado, en base a criterios como el contenido, o la frecuencia en la que se muestran los anuncios.<\/p>\n<p><strong>Cookies de publicidad comportamental<\/strong>: Son aqu\u00e9llas que permiten la gesti\u00f3n, de la forma m\u00e1s eficaz posible, de los espacios publicitarios que, en su caso, el editor haya incluido en una p\u00e1gina web, aplicaci\u00f3n o plataforma desde la que presta el servicio solicitado. Estas Cookies almacenan informaci\u00f3n del comportamiento de los usuarios obtenida a trav\u00e9s de la observaci\u00f3n continuada de sus h\u00e1bitos de navegaci\u00f3n, lo que permite desarrollar un perfil espec\u00edfico para mostrar publicidad en funci\u00f3n del mismo.<\/p>\n<p><strong>Cookies propias<\/strong>:<strong>\u00a0<\/strong>Estas Cookies son enviadas al ordenador del Usuario y gestionadas exclusivamente por el titular del Sitio Web para el mejor funcionamiento del Sitio Web. La informaci\u00f3n que recabamos se emplea para mejorar la calidad de nuestro servicio y su experiencia como usuario. Estas Cookies permanecen en su navegador m\u00e1s tiempo, permiti\u00e9ndonos reconocerle como visitante recurrente del Sitio Web y adaptar el contenido para ofrecerle contenidos que se ajusten a sus preferencias.<\/p>\n<p><strong>Cookies anal\u00edticas de terceros<\/strong>:<strong>\u00a0<\/strong>En nuestro Sitio Web tambi\u00e9n podr\u00edamos utilizar el sistema de medici\u00f3n de audiencia Google Analytics, una herramienta de an\u00e1lisis web de Google que nos permite conocer c\u00f3mo interact\u00faan los usuarios de nuestro Sitio Web. Asimismo, habilita Cookies en el dominio del sitio en el que se encuentra el usuario y utiliza un conjunto de Cookies para recopilar informaci\u00f3n de forma an\u00f3nima y elaborar informes de tendencias del Sitio Web sin identificar a usuarios individuales.<\/p>\n<p>M\u00e1s informaci\u00f3n sobre el tipo de Cookies que utiliza Google Analitycs y su periodo de expiraci\u00f3n:<\/p>\n<p><u><a href=\"https:\/\/developers.google.com\/analytics\/devguides\/collection\/analyticsjs\/cookie-usage?hl=es%C2%A0\">https:\/\/developers.google.com\/analytics\/devguides\/collection\/analyticsjs\/cookie-usage?hl=es\u00a0<\/a><\/u><\/p>\n<p><strong>\u00bfCu\u00e1ndo otorgo mi Consentimiento para el Uso de Cookies?<\/strong><\/p>\n<p>Cuando el Usuario accede a nuestro Sitio Web y antes de comenzar la navegaci\u00f3n, es advertido sobre el uso de Cookies de manera que puede prestar su consentimiento en relaci\u00f3n a nuestra Pol\u00edtica de Cookies indicando que \u201cacepta\u201d, \u00a0cerrando la ventana informativa y continuando la navegaci\u00f3n, o realizando acciones dentro del Sitio Web que impliquen un consentimiento t\u00e1cito. Si el Usuario continua la navegaci\u00f3n ello supone la aceptaci\u00f3n de nuestra Pol\u00edtica de Cookies. Si el Usuario no consiente el uso de Cookies deber\u00e1 abandonar el Sitio Web y cesar en la navegaci\u00f3n, o bien deber\u00e1 seguir las instrucciones seg\u00fan el navegador que utilice para desbloquear las Cookies, como se informa en el apartado siguiente.<\/p>\n<p><strong>\u00bfC\u00f3mo puedo deshabilitar y bloquear las Cookies?<\/strong><\/p>\n<p>Usted podr\u00e1 en cualquier momento deshabilitar las Cookies y continuar su navegaci\u00f3n, si bien la misma se ver\u00e1 limitada en varias de sus secciones y su navegaci\u00f3n podr\u00eda ser bloqueada en cualquier momento. Usted podr\u00e1 bloquearlas o deshabilitarlas activando la configuraci\u00f3n de su navegador, que le permite rechazar la instalaci\u00f3n de todas las Cookies o de algunas de ellas. La mayor\u00eda de los navegadores permiten advertir de la presencia de Cookies o rechazarlas autom\u00e1ticamente. Si las rechaza podr\u00e1 seguir usando nuestro Sitio Web, aunque el uso de algunos de sus servicios podr\u00e1 ser limitado y por tanto su experiencia en nuestro Sitio Web menos satisfactoria.<\/p>\n<p>Para optar por no ser rastreados por Google Analytics en todas las p\u00e1ginas web, visite el siguiente enlace:\u00a0<u><a href=\"https:\/\/tools.google.com\/dlpage\/gaoptout?hl=es\">https:\/\/tools.google.com\/dlpage\/gaoptout?hl=es<\/a><\/u>.<\/p>\n<p>Salvo que haya ajustado la configuraci\u00f3n de su navegador, nuestro sistema crear\u00e1 Cookies en cuanto visite nuestro Sitio Web y acepte nuestra Pol\u00edtica de Cookies. Tenga presente que todos los navegadores de Internet permiten el cambio de dicha configuraci\u00f3n.<\/p>\n<p>Para obtener m\u00e1s informaci\u00f3n sobre la forma de ajustar la configuraci\u00f3n de las Cookies, seg\u00fan el navegador que usted utilice habitualmente, le recomendamos que visite los siguientes enlaces:<\/p>\n<p><strong>Internet Explorer:<\/strong><\/p>\n<p>5 (<u>http:\/\/support.microsoft.com\/kb\/196955<\/u>)<\/p>\n<p>6 (<u><a href=\"http:\/\/support.microsoft.com\/kb\/283185\">http:\/\/support.microsoft.com\/kb\/283185<\/a><\/u>)<\/p>\n<p>7 (<u><a href=\"http:\/\/www.allaboutcookies.org\/manage-Cookies\/internet-explorer7-plus.html\">http:\/\/www.allaboutcookies.org\/manage-Cookies\/internet-explorer7-plus.html<\/a><\/u>)<\/p>\n<p>8 (<u><a href=\"http:\/\/www.allaboutcookies.org\/manage-Cookies\/internet-explorer8-plus.html\">http:\/\/www.allaboutcookies.org\/manage-Cookies\/internet-explorer8-plus.html<\/a><\/u>)<\/p>\n<p>9 (<u><a href=\"http:\/\/windows.microsoft.com\/is-IS\/windows7\/How-to-manage-cookies-in-Internet-Explorer-9\">http:\/\/windows.microsoft.com\/is-IS\/windows7\/How-to-manage-Cookies-in-Internet-Explorer-9<\/a><\/u>)<\/p>\n<p><strong>Firefox:<\/strong><\/p>\n<p><u><a href=\"http:\/\/support.mozilla.org\/en-US\/kb\/cookies\">http:\/\/support.mozilla.org\/en-US\/kb\/cookies<\/a><\/u><\/p>\n<p><strong>Chrome:<\/strong><\/p>\n<p><u><a href=\"http:\/\/support.google.com\/chrome\/bin\/answer.py?hl=en&amp;answer=95647\">http:\/\/support.google.com\/chrome\/bin\/answer.py?hl=en&amp;answer=95647<\/a><\/u><\/p>\n<p><strong>Safari:<\/strong><\/p>\n<p><u><a href=\"http:\/\/support.apple.com\/kb\/PH5042\">http:\/\/support.apple.com\/kb\/PH5042<\/a><\/u>\u00a0(and for iOS\u00a0<u><a href=\"http:\/\/support.apple.com\/kb\/HT1677\">http:\/\/support.apple.com\/kb\/HT1677<\/a><\/u>) \u00a0<strong>\u00a0<\/strong><\/p>\n<p><strong>\u00bfC\u00f3mo puedo revocar mi consentimiento?<\/strong><\/p>\n<p>Usted podr\u00e1, en cualquier momento, revocar el consentimiento otorgado en relaci\u00f3n al uso de Cookies que nos autorice a realizar, para lo cual deber\u00e1 eliminar las Cookies almacenadas en su equipo (ordenador o dispositivo m\u00f3vil) a trav\u00e9s de los ajustes y configuraciones de su navegador de Internet.<\/p>\n<p>Sin embargo, tenga en cuenta que en la mayor\u00eda de los casos, eliminar o deshabilitar las Cookies podr\u00eda afectar la funcionalidad de nuestro Sitio Web y limitarle el acceso a ciertas \u00e1reas o servicios ofrecidos a trav\u00e9s del mismo.<\/p>\n<script\n\t\ttype=\"text\/javascript\"\n\t\tid=\"CookieDeclaration\"\n\t\tsrc=\"https:\/\/consent.cookiebot.com\/80a5b61b-a459-45c3-9fe0-14673641c230\/cd.js\"\n\t\t\t\t\tdata-culture=\"ES\"\n\t\t\t\t><\/script>\n\n","protected":false},"excerpt":{"rendered":"<p>TEXTO INFORMATIVO Le informamos que este Sitio Web utiliza Cookies propias y de terceros para mejorar nuestros servicios, facilitarle la navegaci\u00f3n y mostrarle informaci\u00f3n relacionada con sus preferencias. Si usted cierra esta ventana y\/o si continua navegando, consideraremos que acepta su uso. No obstante si lo desea puede cambiar la configuraci\u00f3n y obtener m\u00e1s informaci\u00f3n [&hellip;]<\/p>\n","protected":false},"author":1,"featured_media":0,"parent":0,"menu_order":0,"comment_status":"closed","ping_status":"closed","template":"","meta":{"inline_featured_image":false},"yoast_head":"<!-- This site is optimized with the Yoast SEO plugin v20.10 - https:\/\/yoast.com\/wordpress\/plugins\/seo\/ -->\n<title>Aviso Legal | Cooltra.com<\/title>\n<meta name=\"description\" content=\"Aviso legal de la empresa de alquiler de motos Cooltra.\" \/>\n<meta name=\"robots\" content=\"index, follow, max-snippet:-1, max-image-preview:large, max-video-preview:-1\" \/>\n<link rel=\"canonical\" href=\"https:\/\/cooltra.com\/es\/politica-de-cookies\/\" \/>\n<meta property=\"og:locale\" content=\"es_ES\" \/>\n<meta property=\"og:type\" content=\"article\" \/>\n<meta property=\"og:title\" content=\"Aviso Legal | Cooltra.com\" \/>\n<meta property=\"og:description\" content=\"Aviso legal de la empresa de alquiler de motos Cooltra.\" \/>\n<meta property=\"og:url\" content=\"https:\/\/cooltra.com\/es\/politica-de-cookies\/\" \/>\n<meta property=\"og:site_name\" content=\"Cooltra\" \/>\n<meta property=\"article:publisher\" content=\"https:\/\/www.facebook.com\/CooltraMotos\/\" \/>\n<meta property=\"article:modified_time\" content=\"2025-02-06T13:40:15+00:00\" \/>\n<meta property=\"og:image\" content=\"https:\/\/cdn.cooltra.com\/uploads\/2018\/04\/cooltra-alquiler-de-motos-y-scooter-de-gasolina-y-electricas.png\" \/>\n\t<meta property=\"og:image:width\" content=\"2000\" \/>\n\t<meta property=\"og:image:height\" content=\"510\" \/>\n\t<meta property=\"og:image:type\" content=\"image\/png\" \/>\n<meta name=\"twitter:card\" content=\"summary_large_image\" \/>\n<meta name=\"twitter:site\" content=\"@cooltra\" \/>\n<meta name=\"twitter:label1\" content=\"Tiempo de lectura\" \/>\n\t<meta name=\"twitter:data1\" content=\"7 minutos\" \/>\n<script type=\"application\/ld+json\" class=\"yoast-schema-graph\">{\"@context\":\"https:\/\/schema.org\",\"@graph\":[{\"@type\":\"WebPage\",\"@id\":\"https:\/\/cooltra.com\/es\/politica-de-cookies\/\",\"url\":\"https:\/\/cooltra.com\/es\/politica-de-cookies\/\",\"name\":\"Aviso Legal | Cooltra.com\",\"isPartOf\":{\"@id\":\"https:\/\/cooltra.com\/es\/#website\"},\"datePublished\":\"2021-05-20T16:12:13+00:00\",\"dateModified\":\"2025-02-06T13:40:15+00:00\",\"description\":\"Aviso legal de la empresa de alquiler de motos Cooltra.\",\"inLanguage\":\"es\",\"potentialAction\":[{\"@type\":\"ReadAction\",\"target\":[\"https:\/\/cooltra.com\/es\/politica-de-cookies\/\"]}]},{\"@type\":\"WebSite\",\"@id\":\"https:\/\/cooltra.com\/es\/#website\",\"url\":\"https:\/\/cooltra.com\/es\/\",\"name\":\"Cooltra\",\"description\":\"Alquiler de motos y scooters de gasolina y el\u00e9ctricas\",\"publisher\":{\"@id\":\"https:\/\/cooltra.com\/es\/#organization\"},\"potentialAction\":[{\"@type\":\"SearchAction\",\"target\":{\"@type\":\"EntryPoint\",\"urlTemplate\":\"https:\/\/cooltra.com\/es\/?s={search_term_string}\"},\"query-input\":\"required name=search_term_string\"}],\"inLanguage\":\"es\"},{\"@type\":\"Organization\",\"@id\":\"https:\/\/cooltra.com\/es\/#organization\",\"name\":\"Cooltra\",\"url\":\"https:\/\/cooltra.com\/es\/\",\"logo\":{\"@type\":\"ImageObject\",\"inLanguage\":\"es\",\"@id\":\"https:\/\/cooltra.com\/es\/#\/schema\/logo\/image\/\",\"url\":\"https:\/\/cdn.cooltra.com\/uploads\/2022\/11\/Cooltra_Logo_A.png\",\"contentUrl\":\"https:\/\/cdn.cooltra.com\/uploads\/2022\/11\/Cooltra_Logo_A.png\",\"width\":300,\"height\":298,\"caption\":\"Cooltra\"},\"image\":{\"@id\":\"https:\/\/cooltra.com\/es\/#\/schema\/logo\/image\/\"},\"sameAs\":[\"https:\/\/www.facebook.com\/CooltraMotos\/\",\"https:\/\/twitter.com\/cooltra\",\"https:\/\/www.instagram.com\/cooltra_motos\/\"]}]}<\/script>\n<!-- \/ Yoast SEO plugin. -->","yoast_head_json":{"title":"Aviso Legal | Cooltra.com","description":"Aviso legal de la empresa de alquiler de motos Cooltra.","robots":{"index":"index","follow":"follow","max-snippet":"max-snippet:-1","max-image-preview":"max-image-preview:large","max-video-preview":"max-video-preview:-1"},"canonical":"https:\/\/cooltra.com\/es\/politica-de-cookies\/","og_locale":"es_ES","og_type":"article","og_title":"Aviso Legal | Cooltra.com","og_description":"Aviso legal de la empresa de alquiler de motos Cooltra.","og_url":"https:\/\/cooltra.com\/es\/politica-de-cookies\/","og_site_name":"Cooltra","article_publisher":"https:\/\/www.facebook.com\/CooltraMotos\/","article_modified_time":"2025-02-06T13:40:15+00:00","og_image":[{"width":2000,"height":510,"url":"https:\/\/cdn.cooltra.com\/uploads\/2018\/04\/cooltra-alquiler-de-motos-y-scooter-de-gasolina-y-electricas.png","type":"image\/png"}],"twitter_card":"summary_large_image","twitter_site":"@cooltra","twitter_misc":{"Tiempo de lectura":"7 minutos"},"schema":{"@context":"https:\/\/schema.org","@graph":[{"@type":"WebPage","@id":"https:\/\/cooltra.com\/es\/politica-de-cookies\/","url":"https:\/\/cooltra.com\/es\/politica-de-cookies\/","name":"Aviso Legal | Cooltra.com","isPartOf":{"@id":"https:\/\/cooltra.com\/es\/#website"},"datePublished":"2021-05-20T16:12:13+00:00","dateModified":"2025-02-06T13:40:15+00:00","description":"Aviso legal de la empresa de alquiler de motos Cooltra.","inLanguage":"es","potentialAction":[{"@type":"ReadAction","target":["https:\/\/cooltra.com\/es\/politica-de-cookies\/"]}]},{"@type":"WebSite","@id":"https:\/\/cooltra.com\/es\/#website","url":"https:\/\/cooltra.com\/es\/","name":"Cooltra","description":"Alquiler de motos y scooters de gasolina y el\u00e9ctricas","publisher":{"@id":"https:\/\/cooltra.com\/es\/#organization"},"potentialAction":[{"@type":"SearchAction","target":{"@type":"EntryPoint","urlTemplate":"https:\/\/cooltra.com\/es\/?s={search_term_string}"},"query-input":"required name=search_term_string"}],"inLanguage":"es"},{"@type":"Organization","@id":"https:\/\/cooltra.com\/es\/#organization","name":"Cooltra","url":"https:\/\/cooltra.com\/es\/","logo":{"@type":"ImageObject","inLanguage":"es","@id":"https:\/\/cooltra.com\/es\/#\/schema\/logo\/image\/","url":"https:\/\/cdn.cooltra.com\/uploads\/2022\/11\/Cooltra_Logo_A.png","contentUrl":"https:\/\/cdn.cooltra.com\/uploads\/2022\/11\/Cooltra_Logo_A.png","width":300,"height":298,"caption":"Cooltra"},"image":{"@id":"https:\/\/cooltra.com\/es\/#\/schema\/logo\/image\/"},"sameAs":["https:\/\/www.facebook.com\/CooltraMotos\/","https:\/\/twitter.com\/cooltra","https:\/\/www.instagram.com\/cooltra_motos\/"]}]}},"_links":{"self":[{"href":"https:\/\/cooltra.com\/es\/wp-json\/wp\/v2\/pages\/36182"}],"collection":[{"href":"https:\/\/cooltra.com\/es\/wp-json\/wp\/v2\/pages"}],"about":[{"href":"https:\/\/cooltra.com\/es\/wp-json\/wp\/v2\/types\/page"}],"author":[{"embeddable":true,"href":"https:\/\/cooltra.com\/es\/wp-json\/wp\/v2\/users\/1"}],"replies":[{"embeddable":true,"href":"https:\/\/cooltra.com\/es\/wp-json\/wp\/v2\/comments?post=36182"}],"version-history":[{"count":6,"href":"https:\/\/cooltra.com\/es\/wp-json\/wp\/v2\/pages\/36182\/revisions"}],"predecessor-version":[{"id":89770,"href":"https:\/\/cooltra.com\/es\/wp-json\/wp\/v2\/pages\/36182\/revisions\/89770"}],"wp:attachment":[{"href":"https:\/\/cooltra.com\/es\/wp-json\/wp\/v2\/media?parent=36182"}],"curies":[{"name":"wp","href":"https:\/\/api.w.org\/{rel}","templated":true}]}}