{"id":34028,"date":"2021-04-19T10:08:17","date_gmt":"2021-04-19T09:08:17","guid":{"rendered":"https:\/\/bruce.cooltra.com\/?page_id=34028"},"modified":"2021-04-19T10:08:17","modified_gmt":"2021-04-19T09:08:17","slug":"clientes-que-confian-en-nosotros","status":"publish","type":"page","link":"https:\/\/cooltra.com\/es\/clientes-que-confian-en-nosotros\/","title":{"rendered":"Clientes que conf\u00edan en nosotros"},"content":{"rendered":"<div class=\"et_pb_row et_pb_row_1\">\n<div class=\"et_pb_column et_pb_column_4_4 et_pb_column_1  et_pb_css_mix_blend_mode_passthrough et-last-child\">\n<div class=\"et_pb_module et_pb_text et_pb_text_1 et_pb_bg_layout_light  et_pb_text_align_left\">\n<div class=\"et_pb_text_inner\">\n<p>M\u00e1s de 200.000 personas han confiado hasta d\u00eda de hoy con los servicios de Cooltra. Una de nuestras l\u00edneas de negocio es la gesti\u00f3n de flotas para grandes empresas. Estas son algunas de las compa\u00f1\u00edas que, a diario, realizan sus servicios con motos Cooltra y, adem\u00e1s, se despreocupan de cualquier incidencia porque nosotros nos encargamos de todo.<\/p>\n<p>&nbsp;<\/p>\n<\/div>\n<\/div>\n<\/div>\n<\/div>\n<div class=\"et_pb_row et_pb_row_2\">\n<div class=\"et_pb_column et_pb_column_4_4 et_pb_column_2  et_pb_css_mix_blend_mode_passthrough et-last-child\">\n<div class=\"et_pb_module et_pb_image et_pb_image_0\"><span class=\"et_pb_image_wrap \"><img decoding=\"async\" src=\"https:\/\/corporate.cooltra.com\/wp-content\/uploads\/2019\/11\/Clientes.png\" alt=\"\" \/><\/span><\/div>\n<\/div>\n<\/div>\n","protected":false},"excerpt":{"rendered":"<p>M\u00e1s de 200.000 personas han confiado hasta d\u00eda de hoy con los servicios de Cooltra. Una de nuestras l\u00edneas de negocio es la gesti\u00f3n de flotas para grandes empresas. Estas son algunas de las compa\u00f1\u00edas que, a diario, realizan sus servicios con motos Cooltra y, adem\u00e1s, se despreocupan de cualquier incidencia porque nosotros nos encargamos [&hellip;]<\/p>\n","protected":false},"author":20,"featured_media":0,"parent":0,"menu_order":0,"comment_status":"closed","ping_status":"closed","template":"","meta":{"inline_featured_image":false},"yoast_head":"<!-- This site is optimized with the Yoast SEO plugin v20.10 - https:\/\/yoast.com\/wordpress\/plugins\/seo\/ -->\n<title>Clientes que conf\u00edan en nosotros - Cooltra<\/title>\n<meta name=\"robots\" content=\"index, follow, max-snippet:-1, max-image-preview:large, max-video-preview:-1\" \/>\n<link rel=\"canonical\" href=\"https:\/\/cooltra.com\/es\/clientes-que-confian-en-nosotros\/\" \/>\n<meta property=\"og:locale\" content=\"es_ES\" \/>\n<meta property=\"og:type\" content=\"article\" \/>\n<meta property=\"og:title\" content=\"Clientes que conf\u00edan en nosotros - Cooltra\" \/>\n<meta property=\"og:description\" content=\"M\u00e1s de 200.000 personas han confiado hasta d\u00eda de hoy con los servicios de Cooltra. Una de nuestras l\u00edneas de negocio es la gesti\u00f3n de flotas para grandes empresas. Estas son algunas de las compa\u00f1\u00edas que, a diario, realizan sus servicios con motos Cooltra y, adem\u00e1s, se despreocupan de cualquier incidencia porque nosotros nos encargamos [&hellip;]\" \/>\n<meta property=\"og:url\" content=\"https:\/\/cooltra.com\/es\/clientes-que-confian-en-nosotros\/\" \/>\n<meta property=\"og:site_name\" content=\"Cooltra\" \/>\n<meta property=\"article:publisher\" content=\"https:\/\/www.facebook.com\/CooltraMotos\/\" \/>\n<meta property=\"og:image\" content=\"https:\/\/corporate.cooltra.com\/wp-content\/uploads\/2019\/11\/Clientes.png\" \/>\n<meta name=\"twitter:card\" content=\"summary_large_image\" \/>\n<meta name=\"twitter:site\" content=\"@cooltra\" \/>\n<meta name=\"twitter:label1\" content=\"Tiempo de lectura\" \/>\n\t<meta name=\"twitter:data1\" content=\"1 minuto\" \/>\n<script type=\"application\/ld+json\" class=\"yoast-schema-graph\">{\"@context\":\"https:\/\/schema.org\",\"@graph\":[{\"@type\":\"WebPage\",\"@id\":\"https:\/\/cooltra.com\/es\/clientes-que-confian-en-nosotros\/\",\"url\":\"https:\/\/cooltra.com\/es\/clientes-que-confian-en-nosotros\/\",\"name\":\"Clientes que conf\u00edan en nosotros - Cooltra\",\"isPartOf\":{\"@id\":\"https:\/\/cooltra.com\/es\/#website\"},\"datePublished\":\"2021-04-19T09:08:17+00:00\",\"dateModified\":\"2021-04-19T09:08:17+00:00\",\"inLanguage\":\"es\",\"potentialAction\":[{\"@type\":\"ReadAction\",\"target\":[\"https:\/\/cooltra.com\/es\/clientes-que-confian-en-nosotros\/\"]}]},{\"@type\":\"WebSite\",\"@id\":\"https:\/\/cooltra.com\/es\/#website\",\"url\":\"https:\/\/cooltra.com\/es\/\",\"name\":\"Cooltra\",\"description\":\"Alquiler de motos y scooters de gasolina y el\u00e9ctricas\",\"publisher\":{\"@id\":\"https:\/\/cooltra.com\/es\/#organization\"},\"potentialAction\":[{\"@type\":\"SearchAction\",\"target\":{\"@type\":\"EntryPoint\",\"urlTemplate\":\"https:\/\/cooltra.com\/es\/?s={search_term_string}\"},\"query-input\":\"required name=search_term_string\"}],\"inLanguage\":\"es\"},{\"@type\":\"Organization\",\"@id\":\"https:\/\/cooltra.com\/es\/#organization\",\"name\":\"Cooltra\",\"url\":\"https:\/\/cooltra.com\/es\/\",\"logo\":{\"@type\":\"ImageObject\",\"inLanguage\":\"es\",\"@id\":\"https:\/\/cooltra.com\/es\/#\/schema\/logo\/image\/\",\"url\":\"https:\/\/cdn.cooltra.com\/uploads\/2022\/11\/Cooltra_Logo_A.png\",\"contentUrl\":\"https:\/\/cdn.cooltra.com\/uploads\/2022\/11\/Cooltra_Logo_A.png\",\"width\":300,\"height\":298,\"caption\":\"Cooltra\"},\"image\":{\"@id\":\"https:\/\/cooltra.com\/es\/#\/schema\/logo\/image\/\"},\"sameAs\":[\"https:\/\/www.facebook.com\/CooltraMotos\/\",\"https:\/\/twitter.com\/cooltra\",\"https:\/\/www.instagram.com\/cooltra_motos\/\"]}]}<\/script>\n<!-- \/ Yoast SEO plugin. -->","yoast_head_json":{"title":"Clientes que conf\u00edan en nosotros - Cooltra","robots":{"index":"index","follow":"follow","max-snippet":"max-snippet:-1","max-image-preview":"max-image-preview:large","max-video-preview":"max-video-preview:-1"},"canonical":"https:\/\/cooltra.com\/es\/clientes-que-confian-en-nosotros\/","og_locale":"es_ES","og_type":"article","og_title":"Clientes que conf\u00edan en nosotros - Cooltra","og_description":"M\u00e1s de 200.000 personas han confiado hasta d\u00eda de hoy con los servicios de Cooltra. Una de nuestras l\u00edneas de negocio es la gesti\u00f3n de flotas para grandes empresas. Estas son algunas de las compa\u00f1\u00edas que, a diario, realizan sus servicios con motos Cooltra y, adem\u00e1s, se despreocupan de cualquier incidencia porque nosotros nos encargamos [&hellip;]","og_url":"https:\/\/cooltra.com\/es\/clientes-que-confian-en-nosotros\/","og_site_name":"Cooltra","article_publisher":"https:\/\/www.facebook.com\/CooltraMotos\/","og_image":[{"url":"https:\/\/corporate.cooltra.com\/wp-content\/uploads\/2019\/11\/Clientes.png"}],"twitter_card":"summary_large_image","twitter_site":"@cooltra","twitter_misc":{"Tiempo de lectura":"1 minuto"},"schema":{"@context":"https:\/\/schema.org","@graph":[{"@type":"WebPage","@id":"https:\/\/cooltra.com\/es\/clientes-que-confian-en-nosotros\/","url":"https:\/\/cooltra.com\/es\/clientes-que-confian-en-nosotros\/","name":"Clientes que conf\u00edan en nosotros - Cooltra","isPartOf":{"@id":"https:\/\/cooltra.com\/es\/#website"},"datePublished":"2021-04-19T09:08:17+00:00","dateModified":"2021-04-19T09:08:17+00:00","inLanguage":"es","potentialAction":[{"@type":"ReadAction","target":["https:\/\/cooltra.com\/es\/clientes-que-confian-en-nosotros\/"]}]},{"@type":"WebSite","@id":"https:\/\/cooltra.com\/es\/#website","url":"https:\/\/cooltra.com\/es\/","name":"Cooltra","description":"Alquiler de motos y scooters de gasolina y el\u00e9ctricas","publisher":{"@id":"https:\/\/cooltra.com\/es\/#organization"},"potentialAction":[{"@type":"SearchAction","target":{"@type":"EntryPoint","urlTemplate":"https:\/\/cooltra.com\/es\/?s={search_term_string}"},"query-input":"required name=search_term_string"}],"inLanguage":"es"},{"@type":"Organization","@id":"https:\/\/cooltra.com\/es\/#organization","name":"Cooltra","url":"https:\/\/cooltra.com\/es\/","logo":{"@type":"ImageObject","inLanguage":"es","@id":"https:\/\/cooltra.com\/es\/#\/schema\/logo\/image\/","url":"https:\/\/cdn.cooltra.com\/uploads\/2022\/11\/Cooltra_Logo_A.png","contentUrl":"https:\/\/cdn.cooltra.com\/uploads\/2022\/11\/Cooltra_Logo_A.png","width":300,"height":298,"caption":"Cooltra"},"image":{"@id":"https:\/\/cooltra.com\/es\/#\/schema\/logo\/image\/"},"sameAs":["https:\/\/www.facebook.com\/CooltraMotos\/","https:\/\/twitter.com\/cooltra","https:\/\/www.instagram.com\/cooltra_motos\/"]}]}},"_links":{"self":[{"href":"https:\/\/cooltra.com\/es\/wp-json\/wp\/v2\/pages\/34028"}],"collection":[{"href":"https:\/\/cooltra.com\/es\/wp-json\/wp\/v2\/pages"}],"about":[{"href":"https:\/\/cooltra.com\/es\/wp-json\/wp\/v2\/types\/page"}],"author":[{"embeddable":true,"href":"https:\/\/cooltra.com\/es\/wp-json\/wp\/v2\/users\/20"}],"replies":[{"embeddable":true,"href":"https:\/\/cooltra.com\/es\/wp-json\/wp\/v2\/comments?post=34028"}],"version-history":[{"count":1,"href":"https:\/\/cooltra.com\/es\/wp-json\/wp\/v2\/pages\/34028\/revisions"}],"predecessor-version":[{"id":34029,"href":"https:\/\/cooltra.com\/es\/wp-json\/wp\/v2\/pages\/34028\/revisions\/34029"}],"wp:attachment":[{"href":"https:\/\/cooltra.com\/es\/wp-json\/wp\/v2\/media?parent=34028"}],"curies":[{"name":"wp","href":"https:\/\/api.w.org\/{rel}","templated":true}]}}