{"id":34,"date":"2018-03-13T08:51:32","date_gmt":"2018-03-13T08:51:32","guid":{"rendered":"http:\/\/your-site.com\/?page_id=34"},"modified":"2026-04-21T10:14:31","modified_gmt":"2026-04-21T09:14:31","slug":"condiciones-generales","status":"publish","type":"page","link":"https:\/\/cooltra.com\/es\/condiciones-generales\/","title":{"rendered":"Condiciones de Alquiler"},"content":{"rendered":"<div>\n<p>Para alquilar una moto con Cooltra debes tener un <strong>carnet de conducir v\u00e1lido<\/strong> para el veh\u00edculo que quieres alquilar y seg\u00fan las normas del pa\u00eds. Adem\u00e1s, recordamos que es <strong>obligatorio<\/strong> llevar consigo los documentos en formato f\u00edsico al momento de conducir. Los requisitos m\u00ednimos de nuestros puntos de alquiler en Espa\u00f1a, Italia, Francia y Portugal se encuentran en la siguiente tabla:<\/p>\n<p>&nbsp;<\/p>\n<table border=\"1\" cellspacing=\"0\" cellpadding=\"0\">\n<tbody>\n<tr>\n<td><\/td>\n<td><strong>Moto 50cc<\/strong><\/td>\n<td><strong>Moto 125cc<\/strong><\/td>\n<td><strong>Moto 3-ruedas<\/strong><\/td>\n<td><strong>Moto 400cc<\/strong><\/td>\n<td><strong>Moto +400cc<\/strong><\/td>\n<td><\/td>\n<\/tr>\n<tr>\n<td>Espa\u00f1a*<\/td>\n<td>M\u00edn. 18 a\u00f1os, carnet B\/AM, B (m\u00e1s que 1 a\u00f1o)<\/td>\n<td>M\u00edn. 18 a\u00f1os, A1\/A o Min 21 a\u00f1os y 3+ a\u00f1os de experiencia con B<\/td>\n<td>M\u00edn. 18 a\u00f1os, A1\/A o 3+ a\u00f1os de experiencia con B<\/td>\n<td>M\u00edn. 18 a\u00f1os y carnet A o A2<\/td>\n<td>M\u00edn. 21 a\u00f1os y carnet A<\/td>\n<td><\/td>\n<\/tr>\n<tr>\n<td>Italia<\/td>\n<td>M\u00edn. 18 a\u00f1os y carnet B\/AM<\/td>\n<td>M\u00edn. 18 a\u00f1os, carnet de A1 (max 11KW) o\u00a0A2 (max 35KW) o\u00a0A o B (max 11KW)<\/td>\n<td>M\u00edn. 18 a\u00f1os, A1\/A or 3+ a\u00f1os de experiencia con B<\/td>\n<td>M\u00edn. 21 a\u00f1os y carnet de A o A2<\/td>\n<td>M\u00edn. 21 a\u00f1os y carnet A<\/td>\n<td><\/td>\n<\/tr>\n<tr>\n<td>Francia<\/td>\n<td>M\u00edn. 18 a\u00f1os y carnet de B\/AM<\/td>\n<td>M\u00edn 20 a\u00f1os y carnet A<\/td>\n<td>M\u00edn 20 a\u00f1os y carnet A<\/td>\n<td>M\u00edn 20 a\u00f1os y carnet A<\/td>\n<td>M\u00edn. 21 a\u00f1os y carnet A<\/td>\n<td><\/td>\n<\/tr>\n<tr>\n<td>Portugal<\/td>\n<td>M\u00edn. 18 a\u00f1os y carnet B\/AM<\/td>\n<td>Carnet A1\/A o 25+ a\u00f1os + B<\/td>\n<td>Carnet A1\/A o 25+ a\u00f1os + B<\/td>\n<td>Carnet de conducir A o A2<\/td>\n<td>M\u00edn. 21 a\u00f1os y carnet A<\/td>\n<td><\/td>\n<\/tr>\n<\/tbody>\n<\/table>\n<p><strong>\u00a0<\/strong><\/p>\n<p><i><strong>*<\/strong>Nota: Si el carnet de conducir no es de un pa\u00eds de la Uni\u00f3n econ\u00f3mica Europea o no tienen convenio con Espa\u00f1a (u otros pa\u00edses d\u00f3nde Cooltra est\u00e1 presente), <strong>se necesita presentar el carnet internacional<\/strong>. As\u00ed mismo los permisos v\u00e1lidos se rigen por la ley del pa\u00eds donde se conduce, no del de procedencia.<\/i><\/p>\n<p>&nbsp;<\/p>\n<p>A parte de esto, solo necesitas dejarnos una\u00a0<strong>fianza de seguridad*:<\/strong><\/p>\n<ul>\n<li>100\u20ac para nuestras bicis.<\/li>\n<li>200\u20ac para nuestra moto modelo <em>Standard.<\/em><\/li>\n<li>350\u20ac para nuestra moto modelo <em>Plus.<\/em><\/li>\n<li>750\u20ac \u00a0para nuestra moto modelo <em>Premium.<\/em><\/li>\n<li>1500\u20ac para nuestra moto modelo <em>Super Premium<\/em>.<\/li>\n<\/ul>\n<p>La fianza solo se puede abonar con tarjeta de cr\u00e9dito\/d\u00e9bito y que te devolveremos al terminar tu periodo de alquiler. La recepci\u00f3n efectiva de la fianza puede demorarse unos d\u00edas en funci\u00f3n de la entidad bancaria del cliente o pa\u00eds. <strong>Si no quieres pagar una fianza de seguridad<\/strong>, puedes contratar nuestras coberturas adicionales (<em>Excellence<\/em> para Short Term y <em>Gold<\/em> para Subscripci\u00f3n) y as\u00ed evitar preocupaciones.<\/p>\n<p>&nbsp;<\/p>\n<p>*En caso de Riders NO deber\u00e1s depositar una fianza de seguridad.<\/p>\n<p>&nbsp;<\/p>\n<p><strong>Todas nuestras motos incluyen<\/strong> un casco, una p\u00f3liza de seguro a todo riesgo con franquicia de 600\u20ac a 4000\u20ac (seg\u00fan el modelo de moto escogida). Tambi\u00e9n ofrecemos un amplio abanico de extras que podr\u00e1s elegir al momento de la reserva.<\/p>\n<p>&nbsp;<\/p>\n<p>Nuestra <strong>pol\u00edtica de cancelaci\u00f3n de reservas<\/strong> en alquileres <strong>Short Term<\/strong> (Corto Plazo) es la siguiente:<\/p>\n<ul style=\"list-style-type: disc;\">\n<li>Si la reserva tiene incluida alguna de las coberturas extras (<em>Excellence o Supreme<\/em>), se podr\u00e1 proceder con la cancelaci\u00f3n siempre y cuando se tenga un preaviso de 24 horas antes del inicio del alquiler.<\/li>\n<li><strong>No se admiten cancelaciones<\/strong> si no se contrata una de las coberturas extras y no se reembolsar\u00e1 cantidad alguna.<\/li>\n<li>Cooltra no es responsable de las condiciones clim\u00e1ticas.<\/li>\n<\/ul>\n<p>Nuestra <strong>pol\u00edtica de cancelaci\u00f3n de reservas<\/strong> en alquileres <strong>Subscripci\u00f3n<\/strong> (Largo Plazo) es la siguiente:<\/p>\n<\/div>\n<ul>\n<li>Se puede reclamar el reembolso total siempre y cuando se tengan 7 d\u00edas desde el momento que se formaliz\u00f3 la reserva.<\/li>\n<\/ul>\n<p>&nbsp;<\/p>\n<h2>CONDICIONES GENERALES DE ALQUILER \u2013 CONTRATO DE ARRENDAMIENTO<\/h2>\n<p>A continuaci\u00f3n, podr\u00e1s descargar las <strong>Condiciones Generales<\/strong> de alquiler (unificadas Short Term y Subscripci\u00f3n) en PDF y sus tablas de penalizaciones\/da\u00f1os:<\/p>\n<div>\n<p>&nbsp;<\/p>\n<p><strong>ESPA\u00d1A<\/strong><\/p>\n<\/div>\n<div>\n<ul style=\"list-style-type: disc;\">\n<li>CONDICIONES GENERALES DE ALQUILER &#8211; ESPA\u00d1A (<a href=\"https:\/\/cdn.cooltra.com\/uploads\/2026\/04\/20250619_MG_Cooltra-CGC-ES_es.pdf\" target=\"_blank\" rel=\"noopener\">pdf<\/a>)<\/li>\n<li>GENERAL RENTAL CONDITIONS &#8211; SPAIN (<a href=\"https:\/\/cdn.cooltra.com\/uploads\/2025\/08\/20250619_MG_Cooltra-CGC_ES_en.pdf\" target=\"_blank\" rel=\"noopener\">pdf<\/a>)<\/li>\n<\/ul>\n<p><strong>ITALIA<\/strong><\/p>\n<ul style=\"list-style-type: disc;\">\n<li>CONDIZIONI GENERALI DI NOLEGGIO &#8211; ITALIA (<a href=\"https:\/\/cdn.cooltra.com\/uploads\/2025\/08\/20250619_MG_Cooltra-CGC_IT_it.pdf\" target=\"_blank\" rel=\"noopener\">pdf<\/a>)<\/li>\n<li>CONDIZIONI GENERALI DI NOLEGGIO &#8211; Cooltra Partner Sorrento e Castellammare (<a href=\"https:\/\/cdn.cooltra.com\/uploads\/2023\/06\/CONDIZIONI-Sorrento-Castellamare-1.pdf\">pdf<\/a>)<\/li>\n<li>CONDIZIONI GENERALI DI NOLEGGIO &#8211; Cooltra Partner Napoli (<a href=\"https:\/\/cdn.cooltra.com\/uploads\/2023\/05\/TC-GIORNALIERO_MENSILE-1.pdf\">pdf<\/a>)<\/li>\n<li>CONDIZIONI GENERALI DI NOLEGGIO &#8211; Cooltra Partner Vieste (<a href=\"https:\/\/cdn.cooltra.com\/uploads\/2023\/05\/TC-GIORNALIERO-Vieste-1.pdf\">pdf<\/a>)<\/li>\n<li>CONDIZIONI GENERALI DI NOLEGGIO &#8211; Cooltra Partner Salerno (<a href=\"https:\/\/cdn.cooltra.com\/uploads\/2023\/05\/termini-e-condizioni-COOLTRA.pdf\">pdf<\/a>)<\/li>\n<li>CONDIZIONI GENERALI DI NOLEGGIO &#8211; Cooltra Partner Alghero (<a href=\"https:\/\/cdn.cooltra.com\/uploads\/2023\/05\/termini-e-condizioni-COOLTRA.pdf\">pdf<\/a>)<\/li>\n<li>GENERAL RENTAL CONDITIONS &#8211; ITALY (<a href=\"https:\/\/cdn.cooltra.com\/uploads\/2025\/08\/20250619_MG_Cooltra-CGC_IT_en.pdf\" target=\"_blank\" rel=\"noopener\">pdf<\/a>)<\/li>\n<\/ul>\n<p><strong>PORTUGAL<\/strong><\/p>\n<ul style=\"list-style-type: disc;\">\n<li>CONDI\u00c7\u00d5ES GERAIS DE ALUGUER &#8211; PORTUGAL (<a href=\"https:\/\/cdn.cooltra.com\/uploads\/2025\/08\/20250619_MG_Cooltra-CGC_PT_pt.pdf\" target=\"_blank\" rel=\"noopener\">pdf<\/a>)<\/li>\n<li>GENERAL RENTAL CONDITIONS &#8211; PORTUGAL (<a href=\"https:\/\/cdn.cooltra.com\/uploads\/2025\/08\/20250619_MG_Cooltra-CGC_PT_en.pdf\" target=\"_blank\" rel=\"noopener\">pdf<\/a>)<\/li>\n<\/ul>\n<p><strong>FRANCIA<\/strong><\/p>\n<ul style=\"list-style-type: disc;\">\n<li>CONDITIONS G\u00c9N\u00c9RALES DE LOCATION &#8211; FRANCE (<a href=\"https:\/\/cdn.cooltra.com\/uploads\/2025\/08\/20250630_MG_Cooltra-CGC-FR_fr.pdf\" target=\"_blank\" rel=\"noopener\">pdf<\/a>)<\/li>\n<li>GENERAL RENTAL CONDITIONS &#8211; FRANCE (<a href=\"https:\/\/cdn.cooltra.com\/uploads\/2025\/08\/20250630_MG_Cooltra-CGC-FR_en.pdf\" target=\"_blank\" rel=\"noopener\">pdf<\/a>)<\/li>\n<\/ul>\n<\/div>\n","protected":false},"excerpt":{"rendered":"<p>Para alquilar una moto con Cooltra debes tener un carnet de conducir v\u00e1lido para el veh\u00edculo que quieres alquilar y seg\u00fan las normas del pa\u00eds. Adem\u00e1s, recordamos que es obligatorio llevar consigo los documentos en formato f\u00edsico al momento de conducir. Los requisitos m\u00ednimos de nuestros puntos de alquiler en Espa\u00f1a, Italia, Francia y Portugal [&hellip;]<\/p>\n","protected":false},"author":1,"featured_media":0,"parent":0,"menu_order":0,"comment_status":"closed","ping_status":"closed","template":"","meta":{"inline_featured_image":false},"yoast_head":"<!-- This site is optimized with the Yoast SEO plugin v20.10 - https:\/\/yoast.com\/wordpress\/plugins\/seo\/ -->\n<title>Condiciones de Alquiler | Cooltra.com<\/title>\n<meta name=\"description\" content=\"Condiciones de alquiler para la empresa de alquiler de motos Cooltra\" \/>\n<meta name=\"robots\" content=\"index, follow, max-snippet:-1, max-image-preview:large, max-video-preview:-1\" \/>\n<link rel=\"canonical\" href=\"https:\/\/cooltra.com\/es\/condiciones-generales\/\" \/>\n<meta property=\"og:locale\" content=\"es_ES\" \/>\n<meta property=\"og:type\" content=\"article\" \/>\n<meta property=\"og:title\" content=\"Condiciones de Alquiler | Cooltra.com\" \/>\n<meta property=\"og:description\" content=\"Condiciones de alquiler para la empresa de alquiler de motos Cooltra\" \/>\n<meta property=\"og:url\" content=\"https:\/\/cooltra.com\/es\/condiciones-generales\/\" \/>\n<meta property=\"og:site_name\" content=\"Cooltra\" \/>\n<meta property=\"article:publisher\" content=\"https:\/\/www.facebook.com\/CooltraMotos\/\" \/>\n<meta property=\"article:modified_time\" content=\"2026-04-21T09:14:31+00:00\" \/>\n<meta property=\"og:image\" content=\"https:\/\/cdn.cooltra.com\/uploads\/2018\/04\/cooltra-alquiler-de-motos-y-scooter-de-gasolina-y-electricas.png\" \/>\n\t<meta property=\"og:image:width\" content=\"2000\" \/>\n\t<meta property=\"og:image:height\" content=\"510\" \/>\n\t<meta property=\"og:image:type\" content=\"image\/png\" \/>\n<meta name=\"twitter:card\" content=\"summary_large_image\" \/>\n<meta name=\"twitter:site\" content=\"@cooltra\" \/>\n<meta name=\"twitter:label1\" content=\"Tiempo de lectura\" \/>\n\t<meta name=\"twitter:data1\" content=\"4 minutos\" \/>\n<script type=\"application\/ld+json\" class=\"yoast-schema-graph\">{\"@context\":\"https:\/\/schema.org\",\"@graph\":[{\"@type\":\"WebPage\",\"@id\":\"https:\/\/cooltra.com\/es\/condiciones-generales\/\",\"url\":\"https:\/\/cooltra.com\/es\/condiciones-generales\/\",\"name\":\"Condiciones de Alquiler | Cooltra.com\",\"isPartOf\":{\"@id\":\"https:\/\/cooltra.com\/es\/#website\"},\"datePublished\":\"2018-03-13T08:51:32+00:00\",\"dateModified\":\"2026-04-21T09:14:31+00:00\",\"description\":\"Condiciones de alquiler para la empresa de alquiler de motos Cooltra\",\"inLanguage\":\"es\",\"potentialAction\":[{\"@type\":\"ReadAction\",\"target\":[\"https:\/\/cooltra.com\/es\/condiciones-generales\/\"]}]},{\"@type\":\"WebSite\",\"@id\":\"https:\/\/cooltra.com\/es\/#website\",\"url\":\"https:\/\/cooltra.com\/es\/\",\"name\":\"Cooltra\",\"description\":\"Alquiler de motos y scooters de gasolina y el\u00e9ctricas\",\"publisher\":{\"@id\":\"https:\/\/cooltra.com\/es\/#organization\"},\"potentialAction\":[{\"@type\":\"SearchAction\",\"target\":{\"@type\":\"EntryPoint\",\"urlTemplate\":\"https:\/\/cooltra.com\/es\/?s={search_term_string}\"},\"query-input\":\"required name=search_term_string\"}],\"inLanguage\":\"es\"},{\"@type\":\"Organization\",\"@id\":\"https:\/\/cooltra.com\/es\/#organization\",\"name\":\"Cooltra\",\"url\":\"https:\/\/cooltra.com\/es\/\",\"logo\":{\"@type\":\"ImageObject\",\"inLanguage\":\"es\",\"@id\":\"https:\/\/cooltra.com\/es\/#\/schema\/logo\/image\/\",\"url\":\"https:\/\/cdn.cooltra.com\/uploads\/2022\/11\/Cooltra_Logo_A.png\",\"contentUrl\":\"https:\/\/cdn.cooltra.com\/uploads\/2022\/11\/Cooltra_Logo_A.png\",\"width\":300,\"height\":298,\"caption\":\"Cooltra\"},\"image\":{\"@id\":\"https:\/\/cooltra.com\/es\/#\/schema\/logo\/image\/\"},\"sameAs\":[\"https:\/\/www.facebook.com\/CooltraMotos\/\",\"https:\/\/twitter.com\/cooltra\",\"https:\/\/www.instagram.com\/cooltra_motos\/\"]}]}<\/script>\n<!-- \/ Yoast SEO plugin. -->","yoast_head_json":{"title":"Condiciones de Alquiler | Cooltra.com","description":"Condiciones de alquiler para la empresa de alquiler de motos Cooltra","robots":{"index":"index","follow":"follow","max-snippet":"max-snippet:-1","max-image-preview":"max-image-preview:large","max-video-preview":"max-video-preview:-1"},"canonical":"https:\/\/cooltra.com\/es\/condiciones-generales\/","og_locale":"es_ES","og_type":"article","og_title":"Condiciones de Alquiler | Cooltra.com","og_description":"Condiciones de alquiler para la empresa de alquiler de motos Cooltra","og_url":"https:\/\/cooltra.com\/es\/condiciones-generales\/","og_site_name":"Cooltra","article_publisher":"https:\/\/www.facebook.com\/CooltraMotos\/","article_modified_time":"2026-04-21T09:14:31+00:00","og_image":[{"width":2000,"height":510,"url":"https:\/\/cdn.cooltra.com\/uploads\/2018\/04\/cooltra-alquiler-de-motos-y-scooter-de-gasolina-y-electricas.png","type":"image\/png"}],"twitter_card":"summary_large_image","twitter_site":"@cooltra","twitter_misc":{"Tiempo de lectura":"4 minutos"},"schema":{"@context":"https:\/\/schema.org","@graph":[{"@type":"WebPage","@id":"https:\/\/cooltra.com\/es\/condiciones-generales\/","url":"https:\/\/cooltra.com\/es\/condiciones-generales\/","name":"Condiciones de Alquiler | Cooltra.com","isPartOf":{"@id":"https:\/\/cooltra.com\/es\/#website"},"datePublished":"2018-03-13T08:51:32+00:00","dateModified":"2026-04-21T09:14:31+00:00","description":"Condiciones de alquiler para la empresa de alquiler de motos Cooltra","inLanguage":"es","potentialAction":[{"@type":"ReadAction","target":["https:\/\/cooltra.com\/es\/condiciones-generales\/"]}]},{"@type":"WebSite","@id":"https:\/\/cooltra.com\/es\/#website","url":"https:\/\/cooltra.com\/es\/","name":"Cooltra","description":"Alquiler de motos y scooters de gasolina y el\u00e9ctricas","publisher":{"@id":"https:\/\/cooltra.com\/es\/#organization"},"potentialAction":[{"@type":"SearchAction","target":{"@type":"EntryPoint","urlTemplate":"https:\/\/cooltra.com\/es\/?s={search_term_string}"},"query-input":"required name=search_term_string"}],"inLanguage":"es"},{"@type":"Organization","@id":"https:\/\/cooltra.com\/es\/#organization","name":"Cooltra","url":"https:\/\/cooltra.com\/es\/","logo":{"@type":"ImageObject","inLanguage":"es","@id":"https:\/\/cooltra.com\/es\/#\/schema\/logo\/image\/","url":"https:\/\/cdn.cooltra.com\/uploads\/2022\/11\/Cooltra_Logo_A.png","contentUrl":"https:\/\/cdn.cooltra.com\/uploads\/2022\/11\/Cooltra_Logo_A.png","width":300,"height":298,"caption":"Cooltra"},"image":{"@id":"https:\/\/cooltra.com\/es\/#\/schema\/logo\/image\/"},"sameAs":["https:\/\/www.facebook.com\/CooltraMotos\/","https:\/\/twitter.com\/cooltra","https:\/\/www.instagram.com\/cooltra_motos\/"]}]}},"_links":{"self":[{"href":"https:\/\/cooltra.com\/es\/wp-json\/wp\/v2\/pages\/34"}],"collection":[{"href":"https:\/\/cooltra.com\/es\/wp-json\/wp\/v2\/pages"}],"about":[{"href":"https:\/\/cooltra.com\/es\/wp-json\/wp\/v2\/types\/page"}],"author":[{"embeddable":true,"href":"https:\/\/cooltra.com\/es\/wp-json\/wp\/v2\/users\/1"}],"replies":[{"embeddable":true,"href":"https:\/\/cooltra.com\/es\/wp-json\/wp\/v2\/comments?post=34"}],"version-history":[{"count":83,"href":"https:\/\/cooltra.com\/es\/wp-json\/wp\/v2\/pages\/34\/revisions"}],"predecessor-version":[{"id":92330,"href":"https:\/\/cooltra.com\/es\/wp-json\/wp\/v2\/pages\/34\/revisions\/92330"}],"wp:attachment":[{"href":"https:\/\/cooltra.com\/es\/wp-json\/wp\/v2\/media?parent=34"}],"curies":[{"name":"wp","href":"https:\/\/api.w.org\/{rel}","templated":true}]}}