{"id":32544,"date":"2021-03-25T09:21:28","date_gmt":"2021-03-25T08:21:28","guid":{"rendered":"https:\/\/bruce.cooltra.com\/?page_id=32544"},"modified":"2021-03-25T09:21:28","modified_gmt":"2021-03-25T08:21:28","slug":"estacionamiento-y-multas","status":"publish","type":"page","link":"https:\/\/cooltra.com\/es\/estacionamiento-y-multas\/","title":{"rendered":"Estacionamiento y multas"},"content":{"rendered":"\t\t<div class=\"faq-accordion \" id=\"faq-accordion-1\" data-accordion-group data-conf=\"{&quot;single_open&quot;:&quot;true&quot;,&quot;transition_speed&quot;:300}\">\n\t\t\t\t\t\t\t<div data-accordion class=\"faq-main\">\n\t\t\t\t\t<div data-control class=\"faq-title\">\n\t\t\t\t\t\t<h4>\u00bfQu\u00e9 pasa si cometo un infracci\u00f3n y me multan?<\/h4>\n\t\t\t\t\t<\/div>\n\t\t\t\t\t<div data-content>\n\t\t\t\t\t\t\t\t\t\t\t\t<div class=\"faq-content\"><p>Durante el periodo de tiempo que utilizas la moto eres responsable de las infracciones cometidas, desde que la aparcas hasta que vuelve a ser utilizada por otro usuario, incluidas las multas derivadas de un mal estacionamiento.<\/p>\n<p>Nuestro equipo identificar\u00e1 al usuario responsable, quien recibir\u00e1 la multa y deber\u00e1 hacerse cargo.<\/p>\n<\/div>\n\t\t\t\t\t<\/div>\n\t\t\t\t<\/div>\n\t\t\t\t\t\t\t<div data-accordion class=\"faq-main\">\n\t\t\t\t\t<div data-control class=\"faq-title\">\n\t\t\t\t\t\t<h4>\u00bfQu\u00e9 hago si me encuentro una multa?<\/h4>\n\t\t\t\t\t<\/div>\n\t\t\t\t\t<div data-content>\n\t\t\t\t\t\t\t\t\t\t\t\t<div class=\"faq-content\"><p><span style=\"font-weight: 400;\">Si al llegar al veh\u00edculo que has reservado encuentras una multa, no te preocupes, gu\u00e1rdala en el interior del ba\u00fal\/asiento de la moto. En Cooltra disponemos de un registro de los usos y podemos identif<\/span><span style=\"font-weight: 400;\">icar al usuario que ha aparcado la moto indebidamente, que deber\u00e1 hacerse cargo de dicha sanci\u00f3n.<\/span><\/p>\n<\/div>\n\t\t\t\t\t<\/div>\n\t\t\t\t<\/div>\n\t\t\t\t\t\t\t<div data-accordion class=\"faq-main\">\n\t\t\t\t\t<div data-control class=\"faq-title\">\n\t\t\t\t\t\t<h4>\u00bfD\u00f3nde puedo aparcar la moto?<\/h4>\n\t\t\t\t\t<\/div>\n\t\t\t\t\t<div data-content>\n\t\t\t\t\t\t\t\t\t\t\t\t<div class=\"faq-content\"><p><span style=\"font-weight: 400;\">Aunque puedes circular libremente por tu ciudad, la zonas de recogida y aparcamiento de los veh\u00edculos est\u00e1 delimitada. Se trata de la zona habilitada que se muestra con un color m\u00e1s claro en el mapa de la app. Para finalizar tu viaje, siempre debes aparcar dentro de la zona establecida. Por otro lado, tienes que tener en cuenta la ordenanza municipal de cada ciudad, que establece las normas de aparcamiento. Recuerda que el usuario es responsable del correcto aparcamiento del veh\u00edculo que utiliza, y tendr\u00e1 que hacerse cargo de las posibles sanciones de la autoridad competente derivadas de un uso indebido.<\/span><\/p>\n<\/div>\n\t\t\t\t\t<\/div>\n\t\t\t\t<\/div>\n\t\t\t\t\t<\/div>\n\t\n","protected":false},"excerpt":{"rendered":"","protected":false},"author":20,"featured_media":0,"parent":0,"menu_order":0,"comment_status":"closed","ping_status":"closed","template":"","meta":{"inline_featured_image":false},"yoast_head":"<!-- This site is optimized with the Yoast SEO plugin v20.10 - https:\/\/yoast.com\/wordpress\/plugins\/seo\/ -->\n<title>Estacionamiento y multas - Cooltra<\/title>\n<meta name=\"robots\" content=\"index, follow, max-snippet:-1, max-image-preview:large, max-video-preview:-1\" \/>\n<link rel=\"canonical\" href=\"https:\/\/cooltra.com\/es\/estacionamiento-y-multas\/\" \/>\n<meta property=\"og:locale\" content=\"es_ES\" \/>\n<meta property=\"og:type\" content=\"article\" \/>\n<meta property=\"og:title\" content=\"Estacionamiento y multas - Cooltra\" \/>\n<meta property=\"og:url\" content=\"https:\/\/cooltra.com\/es\/estacionamiento-y-multas\/\" \/>\n<meta property=\"og:site_name\" content=\"Cooltra\" \/>\n<meta property=\"article:publisher\" content=\"https:\/\/www.facebook.com\/CooltraMotos\/\" \/>\n<meta property=\"og:image\" content=\"https:\/\/cdn.cooltra.com\/uploads\/2018\/04\/cooltra-alquiler-de-motos-y-scooter-de-gasolina-y-electricas.png\" \/>\n\t<meta property=\"og:image:width\" content=\"2000\" \/>\n\t<meta property=\"og:image:height\" content=\"510\" \/>\n\t<meta property=\"og:image:type\" content=\"image\/png\" \/>\n<meta name=\"twitter:card\" content=\"summary_large_image\" \/>\n<meta name=\"twitter:site\" content=\"@cooltra\" \/>\n<script type=\"application\/ld+json\" class=\"yoast-schema-graph\">{\"@context\":\"https:\/\/schema.org\",\"@graph\":[{\"@type\":\"WebPage\",\"@id\":\"https:\/\/cooltra.com\/es\/estacionamiento-y-multas\/\",\"url\":\"https:\/\/cooltra.com\/es\/estacionamiento-y-multas\/\",\"name\":\"Estacionamiento y multas - Cooltra\",\"isPartOf\":{\"@id\":\"https:\/\/cooltra.com\/es\/#website\"},\"datePublished\":\"2021-03-25T08:21:28+00:00\",\"dateModified\":\"2021-03-25T08:21:28+00:00\",\"inLanguage\":\"es\",\"potentialAction\":[{\"@type\":\"ReadAction\",\"target\":[\"https:\/\/cooltra.com\/es\/estacionamiento-y-multas\/\"]}]},{\"@type\":\"WebSite\",\"@id\":\"https:\/\/cooltra.com\/es\/#website\",\"url\":\"https:\/\/cooltra.com\/es\/\",\"name\":\"Cooltra\",\"description\":\"Alquiler de motos y scooters de gasolina y el\u00e9ctricas\",\"publisher\":{\"@id\":\"https:\/\/cooltra.com\/es\/#organization\"},\"potentialAction\":[{\"@type\":\"SearchAction\",\"target\":{\"@type\":\"EntryPoint\",\"urlTemplate\":\"https:\/\/cooltra.com\/es\/?s={search_term_string}\"},\"query-input\":\"required name=search_term_string\"}],\"inLanguage\":\"es\"},{\"@type\":\"Organization\",\"@id\":\"https:\/\/cooltra.com\/es\/#organization\",\"name\":\"Cooltra\",\"url\":\"https:\/\/cooltra.com\/es\/\",\"logo\":{\"@type\":\"ImageObject\",\"inLanguage\":\"es\",\"@id\":\"https:\/\/cooltra.com\/es\/#\/schema\/logo\/image\/\",\"url\":\"https:\/\/cdn.cooltra.com\/uploads\/2022\/11\/Cooltra_Logo_A.png\",\"contentUrl\":\"https:\/\/cdn.cooltra.com\/uploads\/2022\/11\/Cooltra_Logo_A.png\",\"width\":300,\"height\":298,\"caption\":\"Cooltra\"},\"image\":{\"@id\":\"https:\/\/cooltra.com\/es\/#\/schema\/logo\/image\/\"},\"sameAs\":[\"https:\/\/www.facebook.com\/CooltraMotos\/\",\"https:\/\/twitter.com\/cooltra\",\"https:\/\/www.instagram.com\/cooltra_motos\/\"]}]}<\/script>\n<!-- \/ Yoast SEO plugin. -->","yoast_head_json":{"title":"Estacionamiento y multas - Cooltra","robots":{"index":"index","follow":"follow","max-snippet":"max-snippet:-1","max-image-preview":"max-image-preview:large","max-video-preview":"max-video-preview:-1"},"canonical":"https:\/\/cooltra.com\/es\/estacionamiento-y-multas\/","og_locale":"es_ES","og_type":"article","og_title":"Estacionamiento y multas - Cooltra","og_url":"https:\/\/cooltra.com\/es\/estacionamiento-y-multas\/","og_site_name":"Cooltra","article_publisher":"https:\/\/www.facebook.com\/CooltraMotos\/","og_image":[{"width":2000,"height":510,"url":"https:\/\/cdn.cooltra.com\/uploads\/2018\/04\/cooltra-alquiler-de-motos-y-scooter-de-gasolina-y-electricas.png","type":"image\/png"}],"twitter_card":"summary_large_image","twitter_site":"@cooltra","schema":{"@context":"https:\/\/schema.org","@graph":[{"@type":"WebPage","@id":"https:\/\/cooltra.com\/es\/estacionamiento-y-multas\/","url":"https:\/\/cooltra.com\/es\/estacionamiento-y-multas\/","name":"Estacionamiento y multas - Cooltra","isPartOf":{"@id":"https:\/\/cooltra.com\/es\/#website"},"datePublished":"2021-03-25T08:21:28+00:00","dateModified":"2021-03-25T08:21:28+00:00","inLanguage":"es","potentialAction":[{"@type":"ReadAction","target":["https:\/\/cooltra.com\/es\/estacionamiento-y-multas\/"]}]},{"@type":"WebSite","@id":"https:\/\/cooltra.com\/es\/#website","url":"https:\/\/cooltra.com\/es\/","name":"Cooltra","description":"Alquiler de motos y scooters de gasolina y el\u00e9ctricas","publisher":{"@id":"https:\/\/cooltra.com\/es\/#organization"},"potentialAction":[{"@type":"SearchAction","target":{"@type":"EntryPoint","urlTemplate":"https:\/\/cooltra.com\/es\/?s={search_term_string}"},"query-input":"required name=search_term_string"}],"inLanguage":"es"},{"@type":"Organization","@id":"https:\/\/cooltra.com\/es\/#organization","name":"Cooltra","url":"https:\/\/cooltra.com\/es\/","logo":{"@type":"ImageObject","inLanguage":"es","@id":"https:\/\/cooltra.com\/es\/#\/schema\/logo\/image\/","url":"https:\/\/cdn.cooltra.com\/uploads\/2022\/11\/Cooltra_Logo_A.png","contentUrl":"https:\/\/cdn.cooltra.com\/uploads\/2022\/11\/Cooltra_Logo_A.png","width":300,"height":298,"caption":"Cooltra"},"image":{"@id":"https:\/\/cooltra.com\/es\/#\/schema\/logo\/image\/"},"sameAs":["https:\/\/www.facebook.com\/CooltraMotos\/","https:\/\/twitter.com\/cooltra","https:\/\/www.instagram.com\/cooltra_motos\/"]}]}},"_links":{"self":[{"href":"https:\/\/cooltra.com\/es\/wp-json\/wp\/v2\/pages\/32544"}],"collection":[{"href":"https:\/\/cooltra.com\/es\/wp-json\/wp\/v2\/pages"}],"about":[{"href":"https:\/\/cooltra.com\/es\/wp-json\/wp\/v2\/types\/page"}],"author":[{"embeddable":true,"href":"https:\/\/cooltra.com\/es\/wp-json\/wp\/v2\/users\/20"}],"replies":[{"embeddable":true,"href":"https:\/\/cooltra.com\/es\/wp-json\/wp\/v2\/comments?post=32544"}],"version-history":[{"count":1,"href":"https:\/\/cooltra.com\/es\/wp-json\/wp\/v2\/pages\/32544\/revisions"}],"predecessor-version":[{"id":32545,"href":"https:\/\/cooltra.com\/es\/wp-json\/wp\/v2\/pages\/32544\/revisions\/32545"}],"wp:attachment":[{"href":"https:\/\/cooltra.com\/es\/wp-json\/wp\/v2\/media?parent=32544"}],"curies":[{"name":"wp","href":"https:\/\/api.w.org\/{rel}","templated":true}]}}