{"id":24775,"date":"2021-01-28T14:48:57","date_gmt":"2021-01-28T13:48:57","guid":{"rendered":"https:\/\/bruce.cooltra.com\/?page_id=24775"},"modified":"2021-05-04T15:47:13","modified_gmt":"2021-05-04T14:47:13","slug":"mision-vision-valores","status":"publish","type":"page","link":"https:\/\/cooltra.com\/es\/mision-vision-valores\/","title":{"rendered":"Misi\u00f3n, visi\u00f3n, valores"},"content":{"rendered":"<p>Podemos decir que en Cooltra somos tecnolog\u00eda e innovaci\u00f3n, cierto. Pero si hay un punto que hace que Cooltra se haya posicionado como l\u00edder a nivel europeo en soluciones de movilidad a dos ruedas, son las personas. En concreto, 400 profesionales que a diario ponen todos sus conocimientos y pasi\u00f3n para conseguir que sus clientes est\u00e9n 100% satisfechos. Por nuestras venas recorre electricidad: energ\u00eda sostenible que hace que siempre estemos apostando por soluciones que tengan poca repercusi\u00f3n en el medioambiente y mucho impacto en hacer mejor el d\u00eda a d\u00eda de los ciudadanos.<\/p>\n","protected":false},"excerpt":{"rendered":"<p>Podemos decir que en Cooltra somos tecnolog\u00eda e innovaci\u00f3n, cierto. Pero si hay un punto que hace que Cooltra se haya posicionado como l\u00edder a nivel europeo en soluciones de movilidad a dos ruedas, son las personas. En concreto, 400 profesionales que a diario ponen todos sus conocimientos y pasi\u00f3n para conseguir que sus clientes [&hellip;]<\/p>\n","protected":false},"author":20,"featured_media":0,"parent":0,"menu_order":0,"comment_status":"closed","ping_status":"closed","template":"page-img.php","meta":{"inline_featured_image":false},"yoast_head":"<!-- This site is optimized with the Yoast SEO plugin v20.10 - https:\/\/yoast.com\/wordpress\/plugins\/seo\/ -->\n<title>Misi\u00f3n, visi\u00f3n, valores - Cooltra<\/title>\n<meta name=\"robots\" content=\"index, follow, max-snippet:-1, max-image-preview:large, max-video-preview:-1\" \/>\n<link rel=\"canonical\" href=\"https:\/\/cooltra.com\/es\/mision-vision-valores\/\" \/>\n<meta property=\"og:locale\" content=\"es_ES\" \/>\n<meta property=\"og:type\" content=\"article\" \/>\n<meta property=\"og:title\" content=\"Misi\u00f3n, visi\u00f3n, valores - Cooltra\" \/>\n<meta property=\"og:description\" content=\"Podemos decir que en Cooltra somos tecnolog\u00eda e innovaci\u00f3n, cierto. Pero si hay un punto que hace que Cooltra se haya posicionado como l\u00edder a nivel europeo en soluciones de movilidad a dos ruedas, son las personas. En concreto, 400 profesionales que a diario ponen todos sus conocimientos y pasi\u00f3n para conseguir que sus clientes [&hellip;]\" \/>\n<meta property=\"og:url\" content=\"https:\/\/cooltra.com\/es\/mision-vision-valores\/\" \/>\n<meta property=\"og:site_name\" content=\"Cooltra\" \/>\n<meta property=\"article:publisher\" content=\"https:\/\/www.facebook.com\/CooltraMotos\/\" \/>\n<meta property=\"article:modified_time\" content=\"2021-05-04T14:47:13+00:00\" \/>\n<meta property=\"og:image\" content=\"https:\/\/cdn.cooltra.com\/uploads\/2018\/04\/cooltra-alquiler-de-motos-y-scooter-de-gasolina-y-electricas.png\" \/>\n\t<meta property=\"og:image:width\" content=\"2000\" \/>\n\t<meta property=\"og:image:height\" content=\"510\" \/>\n\t<meta property=\"og:image:type\" content=\"image\/png\" \/>\n<meta name=\"twitter:card\" content=\"summary_large_image\" \/>\n<meta name=\"twitter:site\" content=\"@cooltra\" \/>\n<meta name=\"twitter:label1\" content=\"Tiempo de lectura\" \/>\n\t<meta name=\"twitter:data1\" content=\"1 minuto\" \/>\n<script type=\"application\/ld+json\" class=\"yoast-schema-graph\">{\"@context\":\"https:\/\/schema.org\",\"@graph\":[{\"@type\":\"WebPage\",\"@id\":\"https:\/\/cooltra.com\/es\/mision-vision-valores\/\",\"url\":\"https:\/\/cooltra.com\/es\/mision-vision-valores\/\",\"name\":\"Misi\u00f3n, visi\u00f3n, valores - Cooltra\",\"isPartOf\":{\"@id\":\"https:\/\/cooltra.com\/es\/#website\"},\"datePublished\":\"2021-01-28T13:48:57+00:00\",\"dateModified\":\"2021-05-04T14:47:13+00:00\",\"inLanguage\":\"es\",\"potentialAction\":[{\"@type\":\"ReadAction\",\"target\":[\"https:\/\/cooltra.com\/es\/mision-vision-valores\/\"]}]},{\"@type\":\"WebSite\",\"@id\":\"https:\/\/cooltra.com\/es\/#website\",\"url\":\"https:\/\/cooltra.com\/es\/\",\"name\":\"Cooltra\",\"description\":\"Alquiler de motos y scooters de gasolina y el\u00e9ctricas\",\"publisher\":{\"@id\":\"https:\/\/cooltra.com\/es\/#organization\"},\"potentialAction\":[{\"@type\":\"SearchAction\",\"target\":{\"@type\":\"EntryPoint\",\"urlTemplate\":\"https:\/\/cooltra.com\/es\/?s={search_term_string}\"},\"query-input\":\"required name=search_term_string\"}],\"inLanguage\":\"es\"},{\"@type\":\"Organization\",\"@id\":\"https:\/\/cooltra.com\/es\/#organization\",\"name\":\"Cooltra\",\"url\":\"https:\/\/cooltra.com\/es\/\",\"logo\":{\"@type\":\"ImageObject\",\"inLanguage\":\"es\",\"@id\":\"https:\/\/cooltra.com\/es\/#\/schema\/logo\/image\/\",\"url\":\"https:\/\/cdn.cooltra.com\/uploads\/2022\/11\/Cooltra_Logo_A.png\",\"contentUrl\":\"https:\/\/cdn.cooltra.com\/uploads\/2022\/11\/Cooltra_Logo_A.png\",\"width\":300,\"height\":298,\"caption\":\"Cooltra\"},\"image\":{\"@id\":\"https:\/\/cooltra.com\/es\/#\/schema\/logo\/image\/\"},\"sameAs\":[\"https:\/\/www.facebook.com\/CooltraMotos\/\",\"https:\/\/twitter.com\/cooltra\",\"https:\/\/www.instagram.com\/cooltra_motos\/\"]}]}<\/script>\n<!-- \/ Yoast SEO plugin. -->","yoast_head_json":{"title":"Misi\u00f3n, visi\u00f3n, valores - Cooltra","robots":{"index":"index","follow":"follow","max-snippet":"max-snippet:-1","max-image-preview":"max-image-preview:large","max-video-preview":"max-video-preview:-1"},"canonical":"https:\/\/cooltra.com\/es\/mision-vision-valores\/","og_locale":"es_ES","og_type":"article","og_title":"Misi\u00f3n, visi\u00f3n, valores - Cooltra","og_description":"Podemos decir que en Cooltra somos tecnolog\u00eda e innovaci\u00f3n, cierto. Pero si hay un punto que hace que Cooltra se haya posicionado como l\u00edder a nivel europeo en soluciones de movilidad a dos ruedas, son las personas. En concreto, 400 profesionales que a diario ponen todos sus conocimientos y pasi\u00f3n para conseguir que sus clientes [&hellip;]","og_url":"https:\/\/cooltra.com\/es\/mision-vision-valores\/","og_site_name":"Cooltra","article_publisher":"https:\/\/www.facebook.com\/CooltraMotos\/","article_modified_time":"2021-05-04T14:47:13+00:00","og_image":[{"width":2000,"height":510,"url":"https:\/\/cdn.cooltra.com\/uploads\/2018\/04\/cooltra-alquiler-de-motos-y-scooter-de-gasolina-y-electricas.png","type":"image\/png"}],"twitter_card":"summary_large_image","twitter_site":"@cooltra","twitter_misc":{"Tiempo de lectura":"1 minuto"},"schema":{"@context":"https:\/\/schema.org","@graph":[{"@type":"WebPage","@id":"https:\/\/cooltra.com\/es\/mision-vision-valores\/","url":"https:\/\/cooltra.com\/es\/mision-vision-valores\/","name":"Misi\u00f3n, visi\u00f3n, valores - Cooltra","isPartOf":{"@id":"https:\/\/cooltra.com\/es\/#website"},"datePublished":"2021-01-28T13:48:57+00:00","dateModified":"2021-05-04T14:47:13+00:00","inLanguage":"es","potentialAction":[{"@type":"ReadAction","target":["https:\/\/cooltra.com\/es\/mision-vision-valores\/"]}]},{"@type":"WebSite","@id":"https:\/\/cooltra.com\/es\/#website","url":"https:\/\/cooltra.com\/es\/","name":"Cooltra","description":"Alquiler de motos y scooters de gasolina y el\u00e9ctricas","publisher":{"@id":"https:\/\/cooltra.com\/es\/#organization"},"potentialAction":[{"@type":"SearchAction","target":{"@type":"EntryPoint","urlTemplate":"https:\/\/cooltra.com\/es\/?s={search_term_string}"},"query-input":"required name=search_term_string"}],"inLanguage":"es"},{"@type":"Organization","@id":"https:\/\/cooltra.com\/es\/#organization","name":"Cooltra","url":"https:\/\/cooltra.com\/es\/","logo":{"@type":"ImageObject","inLanguage":"es","@id":"https:\/\/cooltra.com\/es\/#\/schema\/logo\/image\/","url":"https:\/\/cdn.cooltra.com\/uploads\/2022\/11\/Cooltra_Logo_A.png","contentUrl":"https:\/\/cdn.cooltra.com\/uploads\/2022\/11\/Cooltra_Logo_A.png","width":300,"height":298,"caption":"Cooltra"},"image":{"@id":"https:\/\/cooltra.com\/es\/#\/schema\/logo\/image\/"},"sameAs":["https:\/\/www.facebook.com\/CooltraMotos\/","https:\/\/twitter.com\/cooltra","https:\/\/www.instagram.com\/cooltra_motos\/"]}]}},"_links":{"self":[{"href":"https:\/\/cooltra.com\/es\/wp-json\/wp\/v2\/pages\/24775"}],"collection":[{"href":"https:\/\/cooltra.com\/es\/wp-json\/wp\/v2\/pages"}],"about":[{"href":"https:\/\/cooltra.com\/es\/wp-json\/wp\/v2\/types\/page"}],"author":[{"embeddable":true,"href":"https:\/\/cooltra.com\/es\/wp-json\/wp\/v2\/users\/20"}],"replies":[{"embeddable":true,"href":"https:\/\/cooltra.com\/es\/wp-json\/wp\/v2\/comments?post=24775"}],"version-history":[{"count":8,"href":"https:\/\/cooltra.com\/es\/wp-json\/wp\/v2\/pages\/24775\/revisions"}],"predecessor-version":[{"id":35155,"href":"https:\/\/cooltra.com\/es\/wp-json\/wp\/v2\/pages\/24775\/revisions\/35155"}],"wp:attachment":[{"href":"https:\/\/cooltra.com\/es\/wp-json\/wp\/v2\/media?parent=24775"}],"curies":[{"name":"wp","href":"https:\/\/api.w.org\/{rel}","templated":true}]}}