{"id":24772,"date":"2021-01-28T14:39:29","date_gmt":"2021-01-28T13:39:29","guid":{"rendered":"https:\/\/bruce.cooltra.com\/?page_id=24772"},"modified":"2025-03-03T09:04:04","modified_gmt":"2025-03-03T08:04:04","slug":"nuestra-historia","status":"publish","type":"page","link":"https:\/\/cooltra.com\/es\/nuestra-historia\/","title":{"rendered":"Nuestra historia"},"content":{"rendered":"<p>Cooltra naci\u00f3 en el a\u00f1o 2006 en Barcelona como respuesta a una necesidad. Timo Buetefisch, CEO y co-fundador de la compa\u00f1\u00eda, se dio cuenta al dejar su moto un d\u00eda en el taller, de que no exist\u00eda un servicio de alquiler por d\u00edas. Fue as\u00ed como Cooltra empez\u00f3 \u2013 con sus co-fundadores Holger and Henrik Sprengel \u2013 siendo una tienda con 50 motocicletas de alquiler y, con el paso del tiempo y la constancia, se convirti\u00f3 en una compa\u00f1\u00eda en la que conf\u00edan tanto particulares como empresas y administraciones p\u00fablicas.<\/p>\n<p>A lo largo de estos a\u00f1os, Cooltra ha impulsado diferentes l\u00edneas de negocio. Cooltra sharing, el motosharing m\u00e1s grande a nivel europeo, con presencia en 9 ciudades (Barcelona, Madrid, Valencia, Sevilla, Roma, Mil\u00e1n, Tur\u00edn, Lisboa, Par\u00eds y varias ciudades en los Pa\u00edses Bajos y B\u00e9lgica), y que en 2020 incorpora el servicio de bicicletas compartidas en Barcelona.<\/p>\n<p>Grupo Cooltra, en sus dos l\u00edneas de negocio, cuenta con una flota de 30.000 motos \u2013de las cuales el 85% ya son el\u00e9ctricas\u2013 m\u00e1s de 2.000 bicicletas tambi\u00e9n el\u00e9ctricas y 600 profesionales repartidos en 9 pa\u00edses que trabajan a diario para ofrecer el mejor servicio, sean cuales sean las necesidades de los clientes.<\/p>\n","protected":false},"excerpt":{"rendered":"<p>Cooltra naci\u00f3 en el a\u00f1o 2006 en Barcelona como respuesta a una necesidad. Timo Buetefisch, CEO y co-fundador de la compa\u00f1\u00eda, se dio cuenta al dejar su moto un d\u00eda en el taller, de que no exist\u00eda un servicio de alquiler por d\u00edas. Fue as\u00ed como Cooltra empez\u00f3 \u2013 con sus co-fundadores Holger and Henrik [&hellip;]<\/p>\n","protected":false},"author":20,"featured_media":0,"parent":0,"menu_order":0,"comment_status":"closed","ping_status":"closed","template":"page-img.php","meta":{"inline_featured_image":false},"yoast_head":"<!-- This site is optimized with the Yoast SEO plugin v20.10 - https:\/\/yoast.com\/wordpress\/plugins\/seo\/ -->\n<title>Nuestra historia - Cooltra<\/title>\n<meta name=\"robots\" content=\"index, follow, max-snippet:-1, max-image-preview:large, max-video-preview:-1\" \/>\n<link rel=\"canonical\" href=\"https:\/\/cooltra.com\/es\/nuestra-historia\/\" \/>\n<meta property=\"og:locale\" content=\"es_ES\" \/>\n<meta property=\"og:type\" content=\"article\" \/>\n<meta property=\"og:title\" content=\"Nuestra historia - Cooltra\" \/>\n<meta property=\"og:description\" content=\"Cooltra naci\u00f3 en el a\u00f1o 2006 en Barcelona como respuesta a una necesidad. Timo Buetefisch, CEO y co-fundador de la compa\u00f1\u00eda, se dio cuenta al dejar su moto un d\u00eda en el taller, de que no exist\u00eda un servicio de alquiler por d\u00edas. Fue as\u00ed como Cooltra empez\u00f3 \u2013 con sus co-fundadores Holger and Henrik [&hellip;]\" \/>\n<meta property=\"og:url\" content=\"https:\/\/cooltra.com\/es\/nuestra-historia\/\" \/>\n<meta property=\"og:site_name\" content=\"Cooltra\" \/>\n<meta property=\"article:publisher\" content=\"https:\/\/www.facebook.com\/CooltraMotos\/\" \/>\n<meta property=\"article:modified_time\" content=\"2025-03-03T08:04:04+00:00\" \/>\n<meta property=\"og:image\" content=\"https:\/\/cdn.cooltra.com\/uploads\/2018\/04\/cooltra-alquiler-de-motos-y-scooter-de-gasolina-y-electricas.png\" \/>\n\t<meta property=\"og:image:width\" content=\"2000\" \/>\n\t<meta property=\"og:image:height\" content=\"510\" \/>\n\t<meta property=\"og:image:type\" content=\"image\/png\" \/>\n<meta name=\"twitter:card\" content=\"summary_large_image\" \/>\n<meta name=\"twitter:site\" content=\"@cooltra\" \/>\n<meta name=\"twitter:label1\" content=\"Tiempo de lectura\" \/>\n\t<meta name=\"twitter:data1\" content=\"1 minuto\" \/>\n<script type=\"application\/ld+json\" class=\"yoast-schema-graph\">{\"@context\":\"https:\/\/schema.org\",\"@graph\":[{\"@type\":\"WebPage\",\"@id\":\"https:\/\/cooltra.com\/es\/nuestra-historia\/\",\"url\":\"https:\/\/cooltra.com\/es\/nuestra-historia\/\",\"name\":\"Nuestra historia - Cooltra\",\"isPartOf\":{\"@id\":\"https:\/\/cooltra.com\/es\/#website\"},\"datePublished\":\"2021-01-28T13:39:29+00:00\",\"dateModified\":\"2025-03-03T08:04:04+00:00\",\"inLanguage\":\"es\",\"potentialAction\":[{\"@type\":\"ReadAction\",\"target\":[\"https:\/\/cooltra.com\/es\/nuestra-historia\/\"]}]},{\"@type\":\"WebSite\",\"@id\":\"https:\/\/cooltra.com\/es\/#website\",\"url\":\"https:\/\/cooltra.com\/es\/\",\"name\":\"Cooltra\",\"description\":\"Alquiler de motos y scooters de gasolina y el\u00e9ctricas\",\"publisher\":{\"@id\":\"https:\/\/cooltra.com\/es\/#organization\"},\"potentialAction\":[{\"@type\":\"SearchAction\",\"target\":{\"@type\":\"EntryPoint\",\"urlTemplate\":\"https:\/\/cooltra.com\/es\/?s={search_term_string}\"},\"query-input\":\"required name=search_term_string\"}],\"inLanguage\":\"es\"},{\"@type\":\"Organization\",\"@id\":\"https:\/\/cooltra.com\/es\/#organization\",\"name\":\"Cooltra\",\"url\":\"https:\/\/cooltra.com\/es\/\",\"logo\":{\"@type\":\"ImageObject\",\"inLanguage\":\"es\",\"@id\":\"https:\/\/cooltra.com\/es\/#\/schema\/logo\/image\/\",\"url\":\"https:\/\/cdn.cooltra.com\/uploads\/2022\/11\/Cooltra_Logo_A.png\",\"contentUrl\":\"https:\/\/cdn.cooltra.com\/uploads\/2022\/11\/Cooltra_Logo_A.png\",\"width\":300,\"height\":298,\"caption\":\"Cooltra\"},\"image\":{\"@id\":\"https:\/\/cooltra.com\/es\/#\/schema\/logo\/image\/\"},\"sameAs\":[\"https:\/\/www.facebook.com\/CooltraMotos\/\",\"https:\/\/twitter.com\/cooltra\",\"https:\/\/www.instagram.com\/cooltra_motos\/\"]}]}<\/script>\n<!-- \/ Yoast SEO plugin. -->","yoast_head_json":{"title":"Nuestra historia - Cooltra","robots":{"index":"index","follow":"follow","max-snippet":"max-snippet:-1","max-image-preview":"max-image-preview:large","max-video-preview":"max-video-preview:-1"},"canonical":"https:\/\/cooltra.com\/es\/nuestra-historia\/","og_locale":"es_ES","og_type":"article","og_title":"Nuestra historia - Cooltra","og_description":"Cooltra naci\u00f3 en el a\u00f1o 2006 en Barcelona como respuesta a una necesidad. Timo Buetefisch, CEO y co-fundador de la compa\u00f1\u00eda, se dio cuenta al dejar su moto un d\u00eda en el taller, de que no exist\u00eda un servicio de alquiler por d\u00edas. Fue as\u00ed como Cooltra empez\u00f3 \u2013 con sus co-fundadores Holger and Henrik [&hellip;]","og_url":"https:\/\/cooltra.com\/es\/nuestra-historia\/","og_site_name":"Cooltra","article_publisher":"https:\/\/www.facebook.com\/CooltraMotos\/","article_modified_time":"2025-03-03T08:04:04+00:00","og_image":[{"width":2000,"height":510,"url":"https:\/\/cdn.cooltra.com\/uploads\/2018\/04\/cooltra-alquiler-de-motos-y-scooter-de-gasolina-y-electricas.png","type":"image\/png"}],"twitter_card":"summary_large_image","twitter_site":"@cooltra","twitter_misc":{"Tiempo de lectura":"1 minuto"},"schema":{"@context":"https:\/\/schema.org","@graph":[{"@type":"WebPage","@id":"https:\/\/cooltra.com\/es\/nuestra-historia\/","url":"https:\/\/cooltra.com\/es\/nuestra-historia\/","name":"Nuestra historia - Cooltra","isPartOf":{"@id":"https:\/\/cooltra.com\/es\/#website"},"datePublished":"2021-01-28T13:39:29+00:00","dateModified":"2025-03-03T08:04:04+00:00","inLanguage":"es","potentialAction":[{"@type":"ReadAction","target":["https:\/\/cooltra.com\/es\/nuestra-historia\/"]}]},{"@type":"WebSite","@id":"https:\/\/cooltra.com\/es\/#website","url":"https:\/\/cooltra.com\/es\/","name":"Cooltra","description":"Alquiler de motos y scooters de gasolina y el\u00e9ctricas","publisher":{"@id":"https:\/\/cooltra.com\/es\/#organization"},"potentialAction":[{"@type":"SearchAction","target":{"@type":"EntryPoint","urlTemplate":"https:\/\/cooltra.com\/es\/?s={search_term_string}"},"query-input":"required name=search_term_string"}],"inLanguage":"es"},{"@type":"Organization","@id":"https:\/\/cooltra.com\/es\/#organization","name":"Cooltra","url":"https:\/\/cooltra.com\/es\/","logo":{"@type":"ImageObject","inLanguage":"es","@id":"https:\/\/cooltra.com\/es\/#\/schema\/logo\/image\/","url":"https:\/\/cdn.cooltra.com\/uploads\/2022\/11\/Cooltra_Logo_A.png","contentUrl":"https:\/\/cdn.cooltra.com\/uploads\/2022\/11\/Cooltra_Logo_A.png","width":300,"height":298,"caption":"Cooltra"},"image":{"@id":"https:\/\/cooltra.com\/es\/#\/schema\/logo\/image\/"},"sameAs":["https:\/\/www.facebook.com\/CooltraMotos\/","https:\/\/twitter.com\/cooltra","https:\/\/www.instagram.com\/cooltra_motos\/"]}]}},"_links":{"self":[{"href":"https:\/\/cooltra.com\/es\/wp-json\/wp\/v2\/pages\/24772"}],"collection":[{"href":"https:\/\/cooltra.com\/es\/wp-json\/wp\/v2\/pages"}],"about":[{"href":"https:\/\/cooltra.com\/es\/wp-json\/wp\/v2\/types\/page"}],"author":[{"embeddable":true,"href":"https:\/\/cooltra.com\/es\/wp-json\/wp\/v2\/users\/20"}],"replies":[{"embeddable":true,"href":"https:\/\/cooltra.com\/es\/wp-json\/wp\/v2\/comments?post=24772"}],"version-history":[{"count":24,"href":"https:\/\/cooltra.com\/es\/wp-json\/wp\/v2\/pages\/24772\/revisions"}],"predecessor-version":[{"id":89857,"href":"https:\/\/cooltra.com\/es\/wp-json\/wp\/v2\/pages\/24772\/revisions\/89857"}],"wp:attachment":[{"href":"https:\/\/cooltra.com\/es\/wp-json\/wp\/v2\/media?parent=24772"}],"curies":[{"name":"wp","href":"https:\/\/api.w.org\/{rel}","templated":true}]}}