{"id":24472,"date":"2021-01-26T15:30:56","date_gmt":"2021-01-26T14:30:56","guid":{"rendered":"https:\/\/bruce.cooltra.com\/?page_id=24472"},"modified":"2021-03-08T17:34:26","modified_gmt":"2021-03-08T16:34:26","slug":"pruebanos","status":"publish","type":"page","link":"https:\/\/cooltra.com\/es\/pruebanos\/","title":{"rendered":"\u00bfHas pensado en mejorar la movilidad de tu empresa?"},"content":{"rendered":"<div class=\"elementor-element elementor-element-5b725fa elementor-widget elementor-widget-text-editor\" data-id=\"5b725fa\" data-element_type=\"widget\" data-widget_type=\"text-editor.default\">\n<div class=\"elementor-widget-container\">\n<div class=\"elementor-text-editor elementor-clearfix\">\n<h5>Prueba nuestras motos de forma gratuita<\/h5>\n<p>Si te interesa el servicio para tu compa\u00f1\u00eda, rellena el formulario de esta p\u00e1gina y nos pondremos en contacto contigo para proporcion\u00e1rtelo.<\/p>\n<p>&nbsp;<\/p>\n<h5>\u00bfQu\u00e9 ofrecemos?<\/h5>\n<ul>\n<li><strong>Flexibilidad<\/strong>: alquileres desde un mes hasta largo plazo<\/li>\n<li><strong>Comodidad<\/strong>: todo incluido, paga una vez al mes y olv\u00eddate del resto<\/li>\n<li><strong>Gesti\u00f3n de flotas<\/strong>: controla cada aspecto de tu flota<\/li>\n<li><strong>Baja inversi\u00f3n<\/strong>: no compres de golpe toda tu flota, alqu\u00edlala<\/li>\n<li><strong>Sostenibilidad<\/strong>: m\u00e1s de 6.000 motos el\u00e9ctricas para cubrir tus necesidades<\/li>\n<\/ul>\n<p>Con m\u00e1s de 15 a\u00f1os de experiencia, Cooltra es la compa\u00f1\u00eda l\u00edder como proveedor de soluciones de movilidad sobre dos ruedas.<\/p>\n<\/div>\n<\/div>\n<\/div>\n<div class=\"elementor-element elementor-element-bb3f05e elementor-widget elementor-widget-heading\" data-id=\"bb3f05e\" data-element_type=\"widget\" data-widget_type=\"heading.default\">\n<div class=\"elementor-widget-container\"><\/div>\n<\/div>\n","protected":false},"excerpt":{"rendered":"<p>Prueba nuestras motos de forma gratuita Si te interesa el servicio para tu compa\u00f1\u00eda, rellena el formulario de esta p\u00e1gina y nos pondremos en contacto contigo para proporcion\u00e1rtelo. &nbsp; \u00bfQu\u00e9 ofrecemos? Flexibilidad: alquileres desde un mes hasta largo plazo Comodidad: todo incluido, paga una vez al mes y olv\u00eddate del resto Gesti\u00f3n de flotas: controla [&hellip;]<\/p>\n","protected":false},"author":20,"featured_media":0,"parent":0,"menu_order":0,"comment_status":"closed","ping_status":"closed","template":"page-testus.php","meta":{"inline_featured_image":false},"yoast_head":"<!-- This site is optimized with the Yoast SEO plugin v20.10 - https:\/\/yoast.com\/wordpress\/plugins\/seo\/ -->\n<title>\u00bfHas pensado en mejorar la movilidad de tu empresa? - Cooltra<\/title>\n<meta name=\"robots\" content=\"index, follow, max-snippet:-1, max-image-preview:large, max-video-preview:-1\" \/>\n<link rel=\"canonical\" href=\"https:\/\/cooltra.com\/es\/pruebanos\/\" \/>\n<meta property=\"og:locale\" content=\"es_ES\" \/>\n<meta property=\"og:type\" content=\"article\" \/>\n<meta property=\"og:title\" content=\"\u00bfHas pensado en mejorar la movilidad de tu empresa? - Cooltra\" \/>\n<meta property=\"og:description\" content=\"Prueba nuestras motos de forma gratuita Si te interesa el servicio para tu compa\u00f1\u00eda, rellena el formulario de esta p\u00e1gina y nos pondremos en contacto contigo para proporcion\u00e1rtelo. &nbsp; \u00bfQu\u00e9 ofrecemos? Flexibilidad: alquileres desde un mes hasta largo plazo Comodidad: todo incluido, paga una vez al mes y olv\u00eddate del resto Gesti\u00f3n de flotas: controla [&hellip;]\" \/>\n<meta property=\"og:url\" content=\"https:\/\/cooltra.com\/es\/pruebanos\/\" \/>\n<meta property=\"og:site_name\" content=\"Cooltra\" \/>\n<meta property=\"article:publisher\" content=\"https:\/\/www.facebook.com\/CooltraMotos\/\" \/>\n<meta property=\"article:modified_time\" content=\"2021-03-08T16:34:26+00:00\" \/>\n<meta property=\"og:image\" content=\"https:\/\/cdn.cooltra.com\/uploads\/2018\/04\/cooltra-alquiler-de-motos-y-scooter-de-gasolina-y-electricas.png\" \/>\n\t<meta property=\"og:image:width\" content=\"2000\" \/>\n\t<meta property=\"og:image:height\" content=\"510\" \/>\n\t<meta property=\"og:image:type\" content=\"image\/png\" \/>\n<meta name=\"twitter:card\" content=\"summary_large_image\" \/>\n<meta name=\"twitter:site\" content=\"@cooltra\" \/>\n<meta name=\"twitter:label1\" content=\"Tiempo de lectura\" \/>\n\t<meta name=\"twitter:data1\" content=\"1 minuto\" \/>\n<script type=\"application\/ld+json\" class=\"yoast-schema-graph\">{\"@context\":\"https:\/\/schema.org\",\"@graph\":[{\"@type\":\"WebPage\",\"@id\":\"https:\/\/cooltra.com\/es\/pruebanos\/\",\"url\":\"https:\/\/cooltra.com\/es\/pruebanos\/\",\"name\":\"\u00bfHas pensado en mejorar la movilidad de tu empresa? - Cooltra\",\"isPartOf\":{\"@id\":\"https:\/\/cooltra.com\/es\/#website\"},\"datePublished\":\"2021-01-26T14:30:56+00:00\",\"dateModified\":\"2021-03-08T16:34:26+00:00\",\"inLanguage\":\"es\",\"potentialAction\":[{\"@type\":\"ReadAction\",\"target\":[\"https:\/\/cooltra.com\/es\/pruebanos\/\"]}]},{\"@type\":\"WebSite\",\"@id\":\"https:\/\/cooltra.com\/es\/#website\",\"url\":\"https:\/\/cooltra.com\/es\/\",\"name\":\"Cooltra\",\"description\":\"Alquiler de motos y scooters de gasolina y el\u00e9ctricas\",\"publisher\":{\"@id\":\"https:\/\/cooltra.com\/es\/#organization\"},\"potentialAction\":[{\"@type\":\"SearchAction\",\"target\":{\"@type\":\"EntryPoint\",\"urlTemplate\":\"https:\/\/cooltra.com\/es\/?s={search_term_string}\"},\"query-input\":\"required name=search_term_string\"}],\"inLanguage\":\"es\"},{\"@type\":\"Organization\",\"@id\":\"https:\/\/cooltra.com\/es\/#organization\",\"name\":\"Cooltra\",\"url\":\"https:\/\/cooltra.com\/es\/\",\"logo\":{\"@type\":\"ImageObject\",\"inLanguage\":\"es\",\"@id\":\"https:\/\/cooltra.com\/es\/#\/schema\/logo\/image\/\",\"url\":\"https:\/\/cdn.cooltra.com\/uploads\/2022\/11\/Cooltra_Logo_A.png\",\"contentUrl\":\"https:\/\/cdn.cooltra.com\/uploads\/2022\/11\/Cooltra_Logo_A.png\",\"width\":300,\"height\":298,\"caption\":\"Cooltra\"},\"image\":{\"@id\":\"https:\/\/cooltra.com\/es\/#\/schema\/logo\/image\/\"},\"sameAs\":[\"https:\/\/www.facebook.com\/CooltraMotos\/\",\"https:\/\/twitter.com\/cooltra\",\"https:\/\/www.instagram.com\/cooltra_motos\/\"]}]}<\/script>\n<!-- \/ Yoast SEO plugin. -->","yoast_head_json":{"title":"\u00bfHas pensado en mejorar la movilidad de tu empresa? - Cooltra","robots":{"index":"index","follow":"follow","max-snippet":"max-snippet:-1","max-image-preview":"max-image-preview:large","max-video-preview":"max-video-preview:-1"},"canonical":"https:\/\/cooltra.com\/es\/pruebanos\/","og_locale":"es_ES","og_type":"article","og_title":"\u00bfHas pensado en mejorar la movilidad de tu empresa? - Cooltra","og_description":"Prueba nuestras motos de forma gratuita Si te interesa el servicio para tu compa\u00f1\u00eda, rellena el formulario de esta p\u00e1gina y nos pondremos en contacto contigo para proporcion\u00e1rtelo. &nbsp; \u00bfQu\u00e9 ofrecemos? Flexibilidad: alquileres desde un mes hasta largo plazo Comodidad: todo incluido, paga una vez al mes y olv\u00eddate del resto Gesti\u00f3n de flotas: controla [&hellip;]","og_url":"https:\/\/cooltra.com\/es\/pruebanos\/","og_site_name":"Cooltra","article_publisher":"https:\/\/www.facebook.com\/CooltraMotos\/","article_modified_time":"2021-03-08T16:34:26+00:00","og_image":[{"width":2000,"height":510,"url":"https:\/\/cdn.cooltra.com\/uploads\/2018\/04\/cooltra-alquiler-de-motos-y-scooter-de-gasolina-y-electricas.png","type":"image\/png"}],"twitter_card":"summary_large_image","twitter_site":"@cooltra","twitter_misc":{"Tiempo de lectura":"1 minuto"},"schema":{"@context":"https:\/\/schema.org","@graph":[{"@type":"WebPage","@id":"https:\/\/cooltra.com\/es\/pruebanos\/","url":"https:\/\/cooltra.com\/es\/pruebanos\/","name":"\u00bfHas pensado en mejorar la movilidad de tu empresa? - Cooltra","isPartOf":{"@id":"https:\/\/cooltra.com\/es\/#website"},"datePublished":"2021-01-26T14:30:56+00:00","dateModified":"2021-03-08T16:34:26+00:00","inLanguage":"es","potentialAction":[{"@type":"ReadAction","target":["https:\/\/cooltra.com\/es\/pruebanos\/"]}]},{"@type":"WebSite","@id":"https:\/\/cooltra.com\/es\/#website","url":"https:\/\/cooltra.com\/es\/","name":"Cooltra","description":"Alquiler de motos y scooters de gasolina y el\u00e9ctricas","publisher":{"@id":"https:\/\/cooltra.com\/es\/#organization"},"potentialAction":[{"@type":"SearchAction","target":{"@type":"EntryPoint","urlTemplate":"https:\/\/cooltra.com\/es\/?s={search_term_string}"},"query-input":"required name=search_term_string"}],"inLanguage":"es"},{"@type":"Organization","@id":"https:\/\/cooltra.com\/es\/#organization","name":"Cooltra","url":"https:\/\/cooltra.com\/es\/","logo":{"@type":"ImageObject","inLanguage":"es","@id":"https:\/\/cooltra.com\/es\/#\/schema\/logo\/image\/","url":"https:\/\/cdn.cooltra.com\/uploads\/2022\/11\/Cooltra_Logo_A.png","contentUrl":"https:\/\/cdn.cooltra.com\/uploads\/2022\/11\/Cooltra_Logo_A.png","width":300,"height":298,"caption":"Cooltra"},"image":{"@id":"https:\/\/cooltra.com\/es\/#\/schema\/logo\/image\/"},"sameAs":["https:\/\/www.facebook.com\/CooltraMotos\/","https:\/\/twitter.com\/cooltra","https:\/\/www.instagram.com\/cooltra_motos\/"]}]}},"_links":{"self":[{"href":"https:\/\/cooltra.com\/es\/wp-json\/wp\/v2\/pages\/24472"}],"collection":[{"href":"https:\/\/cooltra.com\/es\/wp-json\/wp\/v2\/pages"}],"about":[{"href":"https:\/\/cooltra.com\/es\/wp-json\/wp\/v2\/types\/page"}],"author":[{"embeddable":true,"href":"https:\/\/cooltra.com\/es\/wp-json\/wp\/v2\/users\/20"}],"replies":[{"embeddable":true,"href":"https:\/\/cooltra.com\/es\/wp-json\/wp\/v2\/comments?post=24472"}],"version-history":[{"count":31,"href":"https:\/\/cooltra.com\/es\/wp-json\/wp\/v2\/pages\/24472\/revisions"}],"predecessor-version":[{"id":91753,"href":"https:\/\/cooltra.com\/es\/wp-json\/wp\/v2\/pages\/24472\/revisions\/91753"}],"wp:attachment":[{"href":"https:\/\/cooltra.com\/es\/wp-json\/wp\/v2\/media?parent=24472"}],"curies":[{"name":"wp","href":"https:\/\/api.w.org\/{rel}","templated":true}]}}