{"id":23675,"date":"2018-05-03T13:10:02","date_gmt":"2018-05-03T12:10:02","guid":{"rendered":"https:\/\/bruce.cooltra.com\/quienes-somos\/"},"modified":"2025-02-10T11:18:58","modified_gmt":"2025-02-10T10:18:58","slug":"quienes-somos","status":"publish","type":"page","link":"https:\/\/cooltra.com\/es\/quienes-somos\/","title":{"rendered":"\u00bfQuienes somos?"},"content":{"rendered":"<p><strong>Cooltra\u00a0<\/strong>es la mayor empresa europea dispuesta a ofrecerte el mejor servicio de\u00a0<strong>alquiler de motos<\/strong>\u00a0para que pases una maravillosa estancia. Tenemos tiendas propias alrededor de Espa\u00f1a, Italia, Francia y Portugal con m\u00e1s de 100 puntos de alquiler.<\/p>\n<p>&nbsp;<\/p>\n<p>Con nosotros podr\u00e1s sentir que alquilar y conducir una moto no es s\u00f3lo divertido, sino que adem\u00e1s es la forma m\u00e1s c\u00f3moda de moverse por la ciudad, sin las t\u00edpicas incomodidades para encontrar parking, enfrentarse a atascos, moverse en metro o pagar por un taxi. Con nuestro servicio de\u00a0<strong>alquiler de scooters<\/strong>\u00a0tendr\u00e1s la flexibilidad, agilidad y libertad para ir donde quieras, visitando lugares que probablemente no encontrar\u00edas.<\/p>\n<p>&nbsp;<\/p>\n<p>En Cooltra somos conscientes de que no todos tenemos las mismas necesidades, es por esto que disponemos varios tipos de motos con distintas cilindradas, por lo que si lo que buscas es, por ejemplo, un\u00a0<strong>alquiler de moto de 125cc<\/strong>\u00a0o una\u00a0<strong>moto el\u00e9ctrica,<\/strong>\u00a0Cooltra es tu sitio.<\/p>\n<p>&nbsp;<\/p>\n<p>Nuestro equipo estar\u00e1 siempre dispuesto a darte consejos para ayudarte a disfrutar de tus vacaciones al m\u00e1ximo; y te dar\u00e1n las mejores sugerencias si buscas las mejores playas, las discotecas m\u00e1s famosas o cualquier otro tipo de informaci\u00f3n sobre qu\u00e9 hacer en los diferentes\u00a0<a href=\"https:\/\/cooltra.com\/es\/destinos\/\"><strong>DESTINOS<\/strong><\/a>\u00a0donde Cooltra est\u00e1 presente.<\/p>\n<p>&nbsp;<\/p>\n<p>Con una calidad incomparable, unos precios imbatibles y la confianza de m\u00e1s de 900.000 clientes, podemos garantizar el mejor servicio.<\/p>\n<p>&nbsp;<\/p>\n<p>\u00bfTienes m\u00e1s dudas?\u00a0<a href=\"https:\/\/cooltra.com\/es\/faq\/\">Consulta nuestras FAQs<\/a> donde te daremos respuesta. Tambi\u00e9n estamos a tu disposici\u00f3n a trav\u00e9s del chat<strong>\u00a0<\/strong>o a trav\u00e9s del email\u00a0<a href=\"mailto:info@cooltra.com\">info@cooltra.com<\/a>.<\/p>\n","protected":false},"excerpt":{"rendered":"<p>Cooltra\u00a0es la mayor empresa europea dispuesta a ofrecerte el mejor servicio de\u00a0alquiler de motos\u00a0para que pases una maravillosa estancia. Tenemos tiendas propias alrededor de Espa\u00f1a, Italia, Francia y Portugal con m\u00e1s de 100 puntos de alquiler. &nbsp; Con nosotros podr\u00e1s sentir que alquilar y conducir una moto no es s\u00f3lo divertido, sino que adem\u00e1s es [&hellip;]<\/p>\n","protected":false},"author":2,"featured_media":0,"parent":0,"menu_order":0,"comment_status":"closed","ping_status":"closed","template":"","meta":{"inline_featured_image":false},"yoast_head":"<!-- This site is optimized with the Yoast SEO plugin v20.10 - https:\/\/yoast.com\/wordpress\/plugins\/seo\/ -->\n<title>\u00bfQuienes somos? | Cooltra.com<\/title>\n<meta name=\"description\" content=\"Cooltra es la mayor empresa europea dispuesta a ofrecerte el mejor servicio de alquiler de motos con m\u00e1s de 100 puntos alrededor de Espa\u00f1a, Italia, Francia, Portugal y Brasil.\" \/>\n<meta name=\"robots\" content=\"index, follow, max-snippet:-1, max-image-preview:large, max-video-preview:-1\" \/>\n<link rel=\"canonical\" href=\"https:\/\/cooltra.com\/es\/quienes-somos\/\" \/>\n<meta property=\"og:locale\" content=\"es_ES\" \/>\n<meta property=\"og:type\" content=\"article\" \/>\n<meta property=\"og:title\" content=\"\u00bfQuienes somos? | Cooltra.com\" \/>\n<meta property=\"og:description\" content=\"Cooltra es la mayor empresa europea dispuesta a ofrecerte el mejor servicio de alquiler de motos con m\u00e1s de 100 puntos alrededor de Espa\u00f1a, Italia, Francia, Portugal y Brasil.\" \/>\n<meta property=\"og:url\" content=\"https:\/\/cooltra.com\/es\/quienes-somos\/\" \/>\n<meta property=\"og:site_name\" content=\"Cooltra\" \/>\n<meta property=\"article:publisher\" content=\"https:\/\/www.facebook.com\/CooltraMotos\/\" \/>\n<meta property=\"article:modified_time\" content=\"2025-02-10T10:18:58+00:00\" \/>\n<meta property=\"og:image\" content=\"https:\/\/cdn.cooltra.com\/uploads\/2018\/04\/cooltra-alquiler-de-motos-y-scooter-de-gasolina-y-electricas.png\" \/>\n\t<meta property=\"og:image:width\" content=\"2000\" \/>\n\t<meta property=\"og:image:height\" content=\"510\" \/>\n\t<meta property=\"og:image:type\" content=\"image\/png\" \/>\n<meta name=\"twitter:card\" content=\"summary_large_image\" \/>\n<meta name=\"twitter:site\" content=\"@cooltra\" \/>\n<meta name=\"twitter:label1\" content=\"Tiempo de lectura\" \/>\n\t<meta name=\"twitter:data1\" content=\"2 minutos\" \/>\n<script type=\"application\/ld+json\" class=\"yoast-schema-graph\">{\"@context\":\"https:\/\/schema.org\",\"@graph\":[{\"@type\":\"WebPage\",\"@id\":\"https:\/\/cooltra.com\/es\/quienes-somos\/\",\"url\":\"https:\/\/cooltra.com\/es\/quienes-somos\/\",\"name\":\"\u00bfQuienes somos? | Cooltra.com\",\"isPartOf\":{\"@id\":\"https:\/\/cooltra.com\/es\/#website\"},\"datePublished\":\"2018-05-03T12:10:02+00:00\",\"dateModified\":\"2025-02-10T10:18:58+00:00\",\"description\":\"Cooltra es la mayor empresa europea dispuesta a ofrecerte el mejor servicio de alquiler de motos con m\u00e1s de 100 puntos alrededor de Espa\u00f1a, Italia, Francia, Portugal y Brasil.\",\"inLanguage\":\"es\",\"potentialAction\":[{\"@type\":\"ReadAction\",\"target\":[\"https:\/\/cooltra.com\/es\/quienes-somos\/\"]}]},{\"@type\":\"WebSite\",\"@id\":\"https:\/\/cooltra.com\/es\/#website\",\"url\":\"https:\/\/cooltra.com\/es\/\",\"name\":\"Cooltra\",\"description\":\"Alquiler de motos y scooters de gasolina y el\u00e9ctricas\",\"publisher\":{\"@id\":\"https:\/\/cooltra.com\/es\/#organization\"},\"potentialAction\":[{\"@type\":\"SearchAction\",\"target\":{\"@type\":\"EntryPoint\",\"urlTemplate\":\"https:\/\/cooltra.com\/es\/?s={search_term_string}\"},\"query-input\":\"required name=search_term_string\"}],\"inLanguage\":\"es\"},{\"@type\":\"Organization\",\"@id\":\"https:\/\/cooltra.com\/es\/#organization\",\"name\":\"Cooltra\",\"url\":\"https:\/\/cooltra.com\/es\/\",\"logo\":{\"@type\":\"ImageObject\",\"inLanguage\":\"es\",\"@id\":\"https:\/\/cooltra.com\/es\/#\/schema\/logo\/image\/\",\"url\":\"https:\/\/cdn.cooltra.com\/uploads\/2022\/11\/Cooltra_Logo_A.png\",\"contentUrl\":\"https:\/\/cdn.cooltra.com\/uploads\/2022\/11\/Cooltra_Logo_A.png\",\"width\":300,\"height\":298,\"caption\":\"Cooltra\"},\"image\":{\"@id\":\"https:\/\/cooltra.com\/es\/#\/schema\/logo\/image\/\"},\"sameAs\":[\"https:\/\/www.facebook.com\/CooltraMotos\/\",\"https:\/\/twitter.com\/cooltra\",\"https:\/\/www.instagram.com\/cooltra_motos\/\"]}]}<\/script>\n<!-- \/ Yoast SEO plugin. -->","yoast_head_json":{"title":"\u00bfQuienes somos? | Cooltra.com","description":"Cooltra es la mayor empresa europea dispuesta a ofrecerte el mejor servicio de alquiler de motos con m\u00e1s de 100 puntos alrededor de Espa\u00f1a, Italia, Francia, Portugal y Brasil.","robots":{"index":"index","follow":"follow","max-snippet":"max-snippet:-1","max-image-preview":"max-image-preview:large","max-video-preview":"max-video-preview:-1"},"canonical":"https:\/\/cooltra.com\/es\/quienes-somos\/","og_locale":"es_ES","og_type":"article","og_title":"\u00bfQuienes somos? | Cooltra.com","og_description":"Cooltra es la mayor empresa europea dispuesta a ofrecerte el mejor servicio de alquiler de motos con m\u00e1s de 100 puntos alrededor de Espa\u00f1a, Italia, Francia, Portugal y Brasil.","og_url":"https:\/\/cooltra.com\/es\/quienes-somos\/","og_site_name":"Cooltra","article_publisher":"https:\/\/www.facebook.com\/CooltraMotos\/","article_modified_time":"2025-02-10T10:18:58+00:00","og_image":[{"width":2000,"height":510,"url":"https:\/\/cdn.cooltra.com\/uploads\/2018\/04\/cooltra-alquiler-de-motos-y-scooter-de-gasolina-y-electricas.png","type":"image\/png"}],"twitter_card":"summary_large_image","twitter_site":"@cooltra","twitter_misc":{"Tiempo de lectura":"2 minutos"},"schema":{"@context":"https:\/\/schema.org","@graph":[{"@type":"WebPage","@id":"https:\/\/cooltra.com\/es\/quienes-somos\/","url":"https:\/\/cooltra.com\/es\/quienes-somos\/","name":"\u00bfQuienes somos? | Cooltra.com","isPartOf":{"@id":"https:\/\/cooltra.com\/es\/#website"},"datePublished":"2018-05-03T12:10:02+00:00","dateModified":"2025-02-10T10:18:58+00:00","description":"Cooltra es la mayor empresa europea dispuesta a ofrecerte el mejor servicio de alquiler de motos con m\u00e1s de 100 puntos alrededor de Espa\u00f1a, Italia, Francia, Portugal y Brasil.","inLanguage":"es","potentialAction":[{"@type":"ReadAction","target":["https:\/\/cooltra.com\/es\/quienes-somos\/"]}]},{"@type":"WebSite","@id":"https:\/\/cooltra.com\/es\/#website","url":"https:\/\/cooltra.com\/es\/","name":"Cooltra","description":"Alquiler de motos y scooters de gasolina y el\u00e9ctricas","publisher":{"@id":"https:\/\/cooltra.com\/es\/#organization"},"potentialAction":[{"@type":"SearchAction","target":{"@type":"EntryPoint","urlTemplate":"https:\/\/cooltra.com\/es\/?s={search_term_string}"},"query-input":"required name=search_term_string"}],"inLanguage":"es"},{"@type":"Organization","@id":"https:\/\/cooltra.com\/es\/#organization","name":"Cooltra","url":"https:\/\/cooltra.com\/es\/","logo":{"@type":"ImageObject","inLanguage":"es","@id":"https:\/\/cooltra.com\/es\/#\/schema\/logo\/image\/","url":"https:\/\/cdn.cooltra.com\/uploads\/2022\/11\/Cooltra_Logo_A.png","contentUrl":"https:\/\/cdn.cooltra.com\/uploads\/2022\/11\/Cooltra_Logo_A.png","width":300,"height":298,"caption":"Cooltra"},"image":{"@id":"https:\/\/cooltra.com\/es\/#\/schema\/logo\/image\/"},"sameAs":["https:\/\/www.facebook.com\/CooltraMotos\/","https:\/\/twitter.com\/cooltra","https:\/\/www.instagram.com\/cooltra_motos\/"]}]}},"_links":{"self":[{"href":"https:\/\/cooltra.com\/es\/wp-json\/wp\/v2\/pages\/23675"}],"collection":[{"href":"https:\/\/cooltra.com\/es\/wp-json\/wp\/v2\/pages"}],"about":[{"href":"https:\/\/cooltra.com\/es\/wp-json\/wp\/v2\/types\/page"}],"author":[{"embeddable":true,"href":"https:\/\/cooltra.com\/es\/wp-json\/wp\/v2\/users\/2"}],"replies":[{"embeddable":true,"href":"https:\/\/cooltra.com\/es\/wp-json\/wp\/v2\/comments?post=23675"}],"version-history":[{"count":5,"href":"https:\/\/cooltra.com\/es\/wp-json\/wp\/v2\/pages\/23675\/revisions"}],"predecessor-version":[{"id":91754,"href":"https:\/\/cooltra.com\/es\/wp-json\/wp\/v2\/pages\/23675\/revisions\/91754"}],"wp:attachment":[{"href":"https:\/\/cooltra.com\/es\/wp-json\/wp\/v2\/media?parent=23675"}],"curies":[{"name":"wp","href":"https:\/\/api.w.org\/{rel}","templated":true}]}}