{"id":19518,"date":"2020-01-07T16:13:35","date_gmt":"2020-01-07T15:13:35","guid":{"rendered":"https:\/\/frankie.cooltra.com\/?page_id=19518"},"modified":"2020-01-07T16:13:35","modified_gmt":"2020-01-07T15:13:35","slug":"landing-rtg-facebook-2-2","status":"publish","type":"page","link":"https:\/\/cooltra.com\/es\/landing-rtg-facebook-2-2\/","title":{"rendered":"APROVECHA LAS REBAJAS DE ENERO: \u00a1-20% EN TODO!"},"content":{"rendered":"<div id=\"promotionPageTopBanner\" style=\"text-align: center; margin: 0;\">\n<p><img decoding=\"async\" loading=\"lazy\" class=\"aligncenter wp-image-19535 size-large\" src=\"https:\/\/cdn.cooltra.com\/uploads\/2020\/01\/Landing_Rebajas-1024x261.jpg\" alt=\"\" width=\"1024\" height=\"261\" srcset=\"https:\/\/cdn.cooltra.com\/uploads\/2020\/01\/Landing_Rebajas-1024x261.jpg 1024w, https:\/\/cdn.cooltra.com\/uploads\/2020\/01\/Landing_Rebajas-300x77.jpg 300w, https:\/\/cdn.cooltra.com\/uploads\/2020\/01\/Landing_Rebajas-768x196.jpg 768w, https:\/\/cdn.cooltra.com\/uploads\/2020\/01\/Landing_Rebajas-1620x413.jpg 1620w, https:\/\/cdn.cooltra.com\/uploads\/2020\/01\/Landing_Rebajas-1240x316.jpg 1240w, https:\/\/cdn.cooltra.com\/uploads\/2020\/01\/Landing_Rebajas-370x94.jpg 370w, https:\/\/cdn.cooltra.com\/uploads\/2020\/01\/Landing_Rebajas-40x10.jpg 40w, https:\/\/cdn.cooltra.com\/uploads\/2020\/01\/Landing_Rebajas.jpg 2000w\" sizes=\"(max-width: 1024px) 100vw, 1024px\" \/><\/p>\n<\/div>\n<p style=\"margin: 45px 0 35px; max-width: 945px; width: 100%; margin-left: auto; margin-right: auto; font-family: Galano Grotesque; font-size: 16px; color: #232323; font-weight: bold; text-decoration: none solid #232323; line-height: 24px; text-align: center;\">\u00a1<span style=\"font-size: 18pt;\">Llegan las rebajas de invierno! <\/span><\/p>\n<p style=\"margin: 45px 0 35px; max-width: 945px; width: 100%; margin-left: auto; margin-right: auto; font-family: Galano Grotesque; font-size: 16px; color: #232323; font-weight: bold; text-decoration: none solid #232323; line-height: 24px; text-align: center;\"><span style=\"font-size: 18pt;\">ALQUILA UNA MOTO EN CUALQUIER DESTINO CON UN 20%<\/span><\/p>\n<p style=\"margin: 45px 0 35px; max-width: 945px; width: 100%; margin-left: auto; margin-right: auto; font-family: Galano Grotesque; font-size: 16px; color: #232323; font-weight: bold; text-decoration: none solid #232323; line-height: 24px; text-align: center;\">Arranca el mes de enero y es hora de empezar a pensar en tus prop\u00f3sitos de a\u00f1o nuevo y seguro que en tu agenda est\u00e1 el planificar tus vacaciones. Aprovecha nuestras rebajas para alquilar una moto al mejor precio para este verano.<\/p>\n<p style=\"text-align: center;\">Tenemos m\u00e1s\u00a0 de 30 destinos a tu alcance, en los que vivir\u00e1s una experiencia inolvidable si lo recorres en moto.<\/p>\n<p class=\"d-none d-lg-block\" style=\"font-family: Galano Grotesque; font-size: 48px; color: #00a5e4; font-weight: 900; text-decoration: none solid #00a5e4; line-height: 48px; text-align: center;\"><span style=\"font-size: 24pt;\">C\u00d3DIGO: SALES2020<\/span><\/p>\n<div id=\"promotionPageCodeGuide\" style=\"margin: 45px 0 55px; max-width: 780px; width: 100%; background-color: #ebebeb; background-size: cover; margin-left: auto; margin-right: auto;\">\n<p style=\"font-family: Galano Grotesque; font-size: 16px; color: #232323; font-weight: bold; text-decoration: none solid #232323; line-height: 16px; margin-bottom: 10px;\">\u00bfQU\u00c9 TIENES QUE HACER? \u00a1ES MUY SENCILLO!<\/p>\n<ol style=\"font-family: Galano Grotesque; font-size: 16px; color: #232323; font-weight: 400; text-decoration: none solid #232323; line-height: 24px; margin: 0; padding-inline-start: 20px;\">\n<li>Copia el c\u00f3digo <strong>SALES2020<\/strong><\/li>\n<li>Selecciona el destino y las fechas de tu viaje en el buscador de arriba<\/li>\n<li>Pega el c\u00f3digo descuento justo antes de introducir los datos de pago<\/li>\n<li>\u00a1Disfruta del 20% de descuento!<\/li>\n<\/ol>\n<\/div>\n<p style=\"font-family: Galano Grotesque; font-size: 16px; color: #232323; font-weight: bold; text-decoration: none solid #232323; line-height: 24px; text-align: center;\">\u00a1Aprovecha las rebajas y disfruta de las mejores vacaciones con Cooltra!<\/p>\n<p style=\"margin: 40px 0; font-family: Galano Grotesque; font-size: 16px; color: #232323; text-decoration: none solid #232323; line-height: 24px; text-align: center;\"><strong>Detalles de la oferta:<\/strong><br \/>\nSolo v\u00e1lido para reservas online en el alquiler por d\u00edas. V\u00e1lido para tiendas oficiales y puntos de entrega. No v\u00e1lido par tiendas partners. Descuento aplicable para reservas entre el 7\/01\/2020 y el 30\/06\/2020.<\/p>\n<p id=\"promotionPageContactInfo\" style=\"font-family: Galano Grotesque; font-size: 16px; color: #232323; text-decoration: none solid #232323; line-height: 24px; text-align: center;\"><strong>\u00bfTienes alguna duda?<\/strong><br \/>\nContacta con nosotros en el\u00a0+34 937 066 912<br \/>\no env\u00edanos un e-mail a\u00a0<a href=\"mailto:info@cooltra.com\">info@cooltra.com<\/a>.<\/p>\n<p>&nbsp;<\/p>\n","protected":false},"excerpt":{"rendered":"<p>\u00a1Llegan las rebajas de invierno! ALQUILA UNA MOTO EN CUALQUIER DESTINO CON UN 20% Arranca el mes de enero y es hora de empezar a pensar en tus prop\u00f3sitos de a\u00f1o nuevo y seguro que en tu agenda est\u00e1 el planificar tus vacaciones. Aprovecha nuestras rebajas para alquilar una moto al mejor precio para este [&hellip;]<\/p>\n","protected":false},"author":2,"featured_media":0,"parent":0,"menu_order":0,"comment_status":"closed","ping_status":"closed","template":"page_promotion.php","meta":{"inline_featured_image":false},"yoast_head":"<!-- This site is optimized with the Yoast SEO plugin v20.10 - https:\/\/yoast.com\/wordpress\/plugins\/seo\/ -->\n<title>APROVECHA LAS REBAJAS DE ENERO: \u00a1-20% EN TODO! - Cooltra<\/title>\n<meta name=\"robots\" content=\"noindex, nofollow\" \/>\n<meta property=\"og:locale\" content=\"es_ES\" \/>\n<meta property=\"og:type\" content=\"article\" \/>\n<meta property=\"og:title\" content=\"APROVECHA LAS REBAJAS DE ENERO: \u00a1-20% EN TODO! - Cooltra\" \/>\n<meta property=\"og:description\" content=\"\u00a1Llegan las rebajas de invierno! ALQUILA UNA MOTO EN CUALQUIER DESTINO CON UN 20% Arranca el mes de enero y es hora de empezar a pensar en tus prop\u00f3sitos de a\u00f1o nuevo y seguro que en tu agenda est\u00e1 el planificar tus vacaciones. Aprovecha nuestras rebajas para alquilar una moto al mejor precio para este [&hellip;]\" \/>\n<meta property=\"og:url\" content=\"https:\/\/cooltra.com\/es\/landing-rtg-facebook-2-2\/\" \/>\n<meta property=\"og:site_name\" content=\"Cooltra\" \/>\n<meta property=\"article:publisher\" content=\"https:\/\/www.facebook.com\/CooltraMotos\/\" \/>\n<meta property=\"og:image\" content=\"https:\/\/cdn.cooltra.com\/uploads\/2020\/01\/Landing_Rebajas-1024x261.jpg\" \/>\n<meta name=\"twitter:card\" content=\"summary_large_image\" \/>\n<meta name=\"twitter:site\" content=\"@cooltra\" \/>\n<meta name=\"twitter:label1\" content=\"Tiempo de lectura\" \/>\n\t<meta name=\"twitter:data1\" content=\"1 minuto\" \/>\n<script type=\"application\/ld+json\" class=\"yoast-schema-graph\">{\"@context\":\"https:\/\/schema.org\",\"@graph\":[{\"@type\":\"WebPage\",\"@id\":\"https:\/\/cooltra.com\/es\/landing-rtg-facebook-2-2\/\",\"url\":\"https:\/\/cooltra.com\/es\/landing-rtg-facebook-2-2\/\",\"name\":\"APROVECHA LAS REBAJAS DE ENERO: \u00a1-20% EN TODO! - Cooltra\",\"isPartOf\":{\"@id\":\"https:\/\/cooltra.com\/es\/#website\"},\"datePublished\":\"2020-01-07T15:13:35+00:00\",\"dateModified\":\"2020-01-07T15:13:35+00:00\",\"inLanguage\":\"es\",\"potentialAction\":[{\"@type\":\"ReadAction\",\"target\":[\"https:\/\/cooltra.com\/es\/landing-rtg-facebook-2-2\/\"]}]},{\"@type\":\"WebSite\",\"@id\":\"https:\/\/cooltra.com\/es\/#website\",\"url\":\"https:\/\/cooltra.com\/es\/\",\"name\":\"Cooltra\",\"description\":\"Alquiler de motos y scooters de gasolina y el\u00e9ctricas\",\"publisher\":{\"@id\":\"https:\/\/cooltra.com\/es\/#organization\"},\"potentialAction\":[{\"@type\":\"SearchAction\",\"target\":{\"@type\":\"EntryPoint\",\"urlTemplate\":\"https:\/\/cooltra.com\/es\/?s={search_term_string}\"},\"query-input\":\"required name=search_term_string\"}],\"inLanguage\":\"es\"},{\"@type\":\"Organization\",\"@id\":\"https:\/\/cooltra.com\/es\/#organization\",\"name\":\"Cooltra\",\"url\":\"https:\/\/cooltra.com\/es\/\",\"logo\":{\"@type\":\"ImageObject\",\"inLanguage\":\"es\",\"@id\":\"https:\/\/cooltra.com\/es\/#\/schema\/logo\/image\/\",\"url\":\"https:\/\/cdn.cooltra.com\/uploads\/2022\/11\/Cooltra_Logo_A.png\",\"contentUrl\":\"https:\/\/cdn.cooltra.com\/uploads\/2022\/11\/Cooltra_Logo_A.png\",\"width\":300,\"height\":298,\"caption\":\"Cooltra\"},\"image\":{\"@id\":\"https:\/\/cooltra.com\/es\/#\/schema\/logo\/image\/\"},\"sameAs\":[\"https:\/\/www.facebook.com\/CooltraMotos\/\",\"https:\/\/twitter.com\/cooltra\",\"https:\/\/www.instagram.com\/cooltra_motos\/\"]}]}<\/script>\n<!-- \/ Yoast SEO plugin. -->","yoast_head_json":{"title":"APROVECHA LAS REBAJAS DE ENERO: \u00a1-20% EN TODO! - Cooltra","robots":{"index":"noindex","follow":"nofollow"},"og_locale":"es_ES","og_type":"article","og_title":"APROVECHA LAS REBAJAS DE ENERO: \u00a1-20% EN TODO! - Cooltra","og_description":"\u00a1Llegan las rebajas de invierno! ALQUILA UNA MOTO EN CUALQUIER DESTINO CON UN 20% Arranca el mes de enero y es hora de empezar a pensar en tus prop\u00f3sitos de a\u00f1o nuevo y seguro que en tu agenda est\u00e1 el planificar tus vacaciones. Aprovecha nuestras rebajas para alquilar una moto al mejor precio para este [&hellip;]","og_url":"https:\/\/cooltra.com\/es\/landing-rtg-facebook-2-2\/","og_site_name":"Cooltra","article_publisher":"https:\/\/www.facebook.com\/CooltraMotos\/","og_image":[{"url":"https:\/\/cdn.cooltra.com\/uploads\/2020\/01\/Landing_Rebajas-1024x261.jpg"}],"twitter_card":"summary_large_image","twitter_site":"@cooltra","twitter_misc":{"Tiempo de lectura":"1 minuto"},"schema":{"@context":"https:\/\/schema.org","@graph":[{"@type":"WebPage","@id":"https:\/\/cooltra.com\/es\/landing-rtg-facebook-2-2\/","url":"https:\/\/cooltra.com\/es\/landing-rtg-facebook-2-2\/","name":"APROVECHA LAS REBAJAS DE ENERO: \u00a1-20% EN TODO! - Cooltra","isPartOf":{"@id":"https:\/\/cooltra.com\/es\/#website"},"datePublished":"2020-01-07T15:13:35+00:00","dateModified":"2020-01-07T15:13:35+00:00","inLanguage":"es","potentialAction":[{"@type":"ReadAction","target":["https:\/\/cooltra.com\/es\/landing-rtg-facebook-2-2\/"]}]},{"@type":"WebSite","@id":"https:\/\/cooltra.com\/es\/#website","url":"https:\/\/cooltra.com\/es\/","name":"Cooltra","description":"Alquiler de motos y scooters de gasolina y el\u00e9ctricas","publisher":{"@id":"https:\/\/cooltra.com\/es\/#organization"},"potentialAction":[{"@type":"SearchAction","target":{"@type":"EntryPoint","urlTemplate":"https:\/\/cooltra.com\/es\/?s={search_term_string}"},"query-input":"required name=search_term_string"}],"inLanguage":"es"},{"@type":"Organization","@id":"https:\/\/cooltra.com\/es\/#organization","name":"Cooltra","url":"https:\/\/cooltra.com\/es\/","logo":{"@type":"ImageObject","inLanguage":"es","@id":"https:\/\/cooltra.com\/es\/#\/schema\/logo\/image\/","url":"https:\/\/cdn.cooltra.com\/uploads\/2022\/11\/Cooltra_Logo_A.png","contentUrl":"https:\/\/cdn.cooltra.com\/uploads\/2022\/11\/Cooltra_Logo_A.png","width":300,"height":298,"caption":"Cooltra"},"image":{"@id":"https:\/\/cooltra.com\/es\/#\/schema\/logo\/image\/"},"sameAs":["https:\/\/www.facebook.com\/CooltraMotos\/","https:\/\/twitter.com\/cooltra","https:\/\/www.instagram.com\/cooltra_motos\/"]}]}},"_links":{"self":[{"href":"https:\/\/cooltra.com\/es\/wp-json\/wp\/v2\/pages\/19518"}],"collection":[{"href":"https:\/\/cooltra.com\/es\/wp-json\/wp\/v2\/pages"}],"about":[{"href":"https:\/\/cooltra.com\/es\/wp-json\/wp\/v2\/types\/page"}],"author":[{"embeddable":true,"href":"https:\/\/cooltra.com\/es\/wp-json\/wp\/v2\/users\/2"}],"replies":[{"embeddable":true,"href":"https:\/\/cooltra.com\/es\/wp-json\/wp\/v2\/comments?post=19518"}],"version-history":[{"count":7,"href":"https:\/\/cooltra.com\/es\/wp-json\/wp\/v2\/pages\/19518\/revisions"}],"predecessor-version":[{"id":19543,"href":"https:\/\/cooltra.com\/es\/wp-json\/wp\/v2\/pages\/19518\/revisions\/19543"}],"wp:attachment":[{"href":"https:\/\/cooltra.com\/es\/wp-json\/wp\/v2\/media?parent=19518"}],"curies":[{"name":"wp","href":"https:\/\/api.w.org\/{rel}","templated":true}]}}