{"id":18503,"date":"2019-08-07T08:54:42","date_gmt":"2019-08-07T07:54:42","guid":{"rendered":"https:\/\/frankie.cooltra.com\/?page_id=18503"},"modified":"2019-08-16T08:02:32","modified_gmt":"2019-08-16T07:02:32","slug":"bases-legales-sorteo-cesta-motera-navidad-2019-2","status":"publish","type":"page","link":"https:\/\/cooltra.com\/es\/bases-legales-sorteo-cesta-motera-navidad-2019-2\/","title":{"rendered":"BASES LEGALES SORTEO PACK DE VERANO"},"content":{"rendered":"<h2 style=\"text-align: center;\"><\/h2>\n<p><strong>EMPRESA ORGANIZADORA<\/strong><br \/>\nCooltra Motos Headquarter SLU con domicilio social en c\/Reina Cristina, 2, 2-2, 08003, Barcelona y con CIF n\u00ba B-67202068.<\/p>\n<p>&nbsp;<\/p>\n<p><strong>1.- \u00c1MBITO TEMPORAL DE LA PROMOCI\u00d3N<\/strong><br \/>\nLa Promoci\u00f3n se iniciar\u00e1 el d\u00eda 19\/08\/2019 y finalizar\u00e1 el d\u00eda 26\/08\/2019.<\/p>\n<p>&nbsp;<\/p>\n<p><strong>2.- REQUISITOS DE PARTICIPACI\u00d3N Y MEC\u00c1NICA DE LA PROMOCI\u00d3N<\/strong><br \/>\nSe podr\u00e1 participar en la Promoci\u00f3n de la siguiente manera:<br \/>\nDentro de las fechas establecidas (ver arriba), el usuario deber\u00e1 hacer like al post del concurso, seguir a @cooltra_motos y @flamingoglasses y mencionar a amigos en los comentarios.<br \/>\nLa participaci\u00f3n es gratuita, voluntaria y est\u00e1 limitada a quienes cumplan todos los requisitos:<br \/>\n&#8211; Persona f\u00edsica.<br \/>\n&#8211; Mayor de 18 a\u00f1os.<br \/>\n&#8211; Residente en Espa\u00f1a.<br \/>\n&#8211; Cumplir los requisitos recogidos en la anterior cl\u00e1usula en cuanto a mec\u00e1nica de participaci\u00f3n en la promoci\u00f3n.<br \/>\nNo utilizar la presente Promoci\u00f3n para:<br \/>\n&#8211; difundir ideas pol\u00edticas o religiosas;<br \/>\n&#8211; promover injurias y\/o calumnias frente a terceros;<br \/>\n&#8211; usar lenguaje violento, obsceno u ofensivo;<br \/>\n&#8211; publicar contenido diferente al objeto de la mec\u00e1nica de la Promoci\u00f3n.<\/p>\n<p>&nbsp;<\/p>\n<p><strong>3.- CONDICIONES DE LA PROMOCI\u00d3N<\/strong><br \/>\nDe entre todos los participantes que cumplan los requisitos requeridos anteriormente, se elegir\u00e1 al ganador mediante un sorteo en un plazo de 72 horas tras la finalizaci\u00f3n del concurso.<br \/>\nSi no se logra contactar con el ganador en un plazo 48 horas desde el primer intento de contacto, o \u00e9ste renunciara al premio, se proceder\u00e1 a seleccionar un nuevo ganador, perdiendo el anterior ganador su derecho a reclamar el premio.<\/p>\n<p>&nbsp;<\/p>\n<p><strong>4.- PREMIOS<\/strong><br \/>\nLos 5 ganadores recibir\u00e1n los siguientes premios: un alquiler de 1 d\u00eda de moto modelo standard Cooltra y gafas de sol Flamingo.<br \/>\nEl premio se har\u00e1 efectivo conforme a las siguientes condiciones:<br \/>\n&#8211; El modo de entrega del premio se comunicar\u00e1 al ganador en el momento en el que se contacte con \u00e9l.<br \/>\n&#8211; Los gastos de desplazamiento a las tiendas Cooltra para disfrutar del d\u00eda de alquiler no est\u00e1n incluidos en el premio.<br \/>\n&#8211; El premio entregado no ser\u00e1 transferible ni susceptible de cambios, alteraciones o compensaciones a petici\u00f3n de los Participantes, no pudiendo ser canjeado por cualquier otro producto ni por dinero.<\/p>\n<p>&nbsp;<\/p>\n<p><strong>5.- RESERVAS Y LIMITACIONES<\/strong><br \/>\nLa empresa Cooltra Motos Headquarter quedar\u00e1 eximida de cualquier responsabilidad en el supuesto de existir alg\u00fan error en los datos facilitados por los propios agraciados que impidiera su identificaci\u00f3n.<br \/>\nLa empresa se reserva el derecho de emprender acciones judiciales contra aquellas personas que realicen cualquier tipo de acto susceptible de ser considerado manipulaci\u00f3n o falsificaci\u00f3n del concurso.<br \/>\nLa empresa excluye cualquier responsabilidad por da\u00f1os y perjuicios de toda naturaleza que puedan deberse a la falta temporal de disponibilidad o de continuidad del funcionamiento de los servicios mediante los que se participa en la promoci\u00f3n, a la defraudaci\u00f3n de la utilidad que los usuarios hubieren podido atribuir a los mismos.<br \/>\nLa empresa se reserva el derecho a efectuar cambios que redunden en el buen fin del concurso cuando concurra causa justa o motivos de fuerza mayor que impidan llevarla a t\u00e9rmino en la forma en que recogen las presentes bases.<br \/>\nLa empresa se reserva el derecho a aplazar, suspender o ampliar el per\u00edodo del concurso, as\u00ed como la facultad de interpretar las presentes bases legales.<br \/>\nAsimismo, la empresa organizadora quedar\u00e1 exenta de toda responsabilidad si concurriere alguno de los casos se\u00f1alados, as\u00ed como de cualquier responsabilidad por los da\u00f1os y perjuicios que pudiesen ocasionarse durante el disfrute del premio.<br \/>\nCooltra Motos\u00a0Headquarter se reserva, en caso de obligada necesidad, el derecho de sustituir el premio por otro de similares caracter\u00edsticas.<\/p>\n<p>&nbsp;<\/p>\n<p><strong>6.- PUBLICACI\u00d3N DE COMENTARIOS U OPINIONES<\/strong><br \/>\nNo se permitir\u00e1n comentarios u opiniones cuyo contenido se considere inadecuado, que sean ofensivos, injuriosos o discriminatorios o que pudieran vulnerar derechos de terceros. Tampoco se permitir\u00e1n comentarios contra un particular que vulneren los principios de derecho al honor, a la intimidad personal y familiar y a la propia imagen. No nos responsabilizamos de los da\u00f1os ocasionados por los comentarios que hagan los participantes en la Promoci\u00f3n, y que en cualquier momento pudieran herir la sensibilidad de otros participantes.<\/p>\n<p>&nbsp;<\/p>\n<p><strong>7.- EXONERACI\u00d3N DE RESPONSABILIDAD<\/strong><br \/>\nA t\u00edtulo enunciativo, pero no limitativo, no nos responsabilizamos de las posibles p\u00e9rdidas, robos, retrasos o cualquiera otra circunstancia imputable a terceros que puedan afectar al desarrollo de la presente Promoci\u00f3n, as\u00ed como tampoco nos responsabilizamos a del uso que haga el participante respecto del premio que obtenga de esta Promoci\u00f3n, y no asume responsabilidad alguna por ning\u00fan da\u00f1o o perjuicio de cualquier tipo que pudieren sufrir los Participantes, ganador o terceros.<br \/>\nNo asumimos la responsabilidad en casos de fuerza mayor o caso fortuito que pudieran impedir la realizaci\u00f3n de la Promoci\u00f3n o el disfrute total o parcial del premio. En caso de que esta Promoci\u00f3n no pudiera realizarse, bien por fraudes detectados en la misma, errores t\u00e9cnicos, o cualquier otro motivo que no est\u00e9 bajo el control de Cooltra Motos\u00a0Headquarter y que afecte al normal desarrollo del Concurso, nos reservamos el derecho a cancelar, modificar, o suspender la misma, incluyendo la p\u00e1gina web de participaci\u00f3n.<\/p>\n<p>&nbsp;<\/p>\n<p><strong>8.- USO DE INSTAGRAM U OTRAS REDES SOCIALES COMO PLATAFORMA<\/strong><br \/>\nMediante la aceptaci\u00f3n de las presentes Bases los participantes desvinculan a Instagram o cualquier red social de cualquier reclamaci\u00f3n que pudieran plantear durante el desarrollo de la Promoci\u00f3n, y aceptan que Instagram es \u00fanicamente una plataforma totalmente independiente de la Promoci\u00f3n.<\/p>\n<p>Instagram no patrocina, avalan ni administran de modo alguno la Promoci\u00f3n, ni est\u00e1 asociado a ella. La informaci\u00f3n que los participantes proporcionen, lo hacen a Cooltra Motos\u00a0Headquarter y no a Instagram. La informaci\u00f3n proporcionada s\u00f3lo se utilizar\u00e1 para los supuestos explicados en estas Bases.<\/p>\n<p>&nbsp;<\/p>\n<p><strong>9.- PROTECCI\u00d3N DE DATOS<\/strong><br \/>\nLos datos suministrados por los participantes ser\u00e1n tratados confidencialmente y recopilados en un fichero automatizado de datos de car\u00e1cter personal, siendo las empresas Cooltra Motos Headquarter titulares y responsables de dicho fichero, cuya finalidad ser\u00e1 la gesti\u00f3n del presente sorteo y env\u00edo de informaci\u00f3n comercial que pudiera ser de su inter\u00e9s.<br \/>\nLas empresas garantizan el cumplimiento \u00edntegro del Reglamento (UE) 2016\/679 de 27 de abril de 2016 \u201cRGPD\u201d y sus normas complementarias o respectivas de desarrollo) en el tratamiento de los datos personales recogidos en el presente sorteo, en especial por lo que se refiere a la atenci\u00f3n del ejercicio de los derechos de informaci\u00f3n, acceso, rectificaci\u00f3n, oposici\u00f3n y cancelaci\u00f3n de datos personales de los concursantes.<br \/>\nEl usuario puede, en todo momento, ejercitar los derechos de acceso, rectificaci\u00f3n, supresi\u00f3n, oposici\u00f3n, portabilidad y limitaci\u00f3n del consentimiento otorgado sobre el tratamiento de sus datos personales, enviando a Cooltra Motos Headquarter una carta debidamente firmada a las direcciones postales, antes indicadas, donde consten claramente sus datos de contacto, a la cual deber\u00e1 acreditar su identidad o bien podr\u00e1 remitirlo a la siguiente direcci\u00f3n de correo electr\u00f3nico: rgpd@cooltra.com.<\/p>\n<p>&nbsp;<\/p>\n<p><strong>10.- ACEPTACI\u00d3N DE LAS BASES<\/strong><br \/>\nLa simple participaci\u00f3n en el concurso implica la aceptaci\u00f3n de las presentes Bases, por lo que la manifestaci\u00f3n en el sentido de no aceptaci\u00f3n de la totalidad o parte de las mismas implicar\u00e1 la exclusi\u00f3n del participante y como consecuencia de ello, la empresa Cooltra Motos\u00a0Headquarter quedar\u00e1 liberada del cumplimiento de la obligaci\u00f3n contra\u00edda con dicho participante.<\/p>\n<p>&nbsp;<\/p>\n<p><strong>11.- LEGISLACI\u00d3N APLICABLE Y JURISDICCI\u00d3N<\/strong><br \/>\nEstas bases legales se regir\u00e1n de conformidad con la ley espa\u00f1ola. Ser\u00e1n competentes para resolver cualquier reclamaci\u00f3n o controversia que pudiera plantearse en relaci\u00f3n con la validez, interpretaci\u00f3n o cumplimiento de estas bases los Juzgados y Tribunales de la ciudad de Barcelona.<\/p>\n<p>&nbsp;<\/p>\n<p>&nbsp;<\/p>\n","protected":false},"excerpt":{"rendered":"<p>EMPRESA ORGANIZADORA Cooltra Motos Headquarter SLU con domicilio social en c\/Reina Cristina, 2, 2-2, 08003, Barcelona y con CIF n\u00ba B-67202068. &nbsp; 1.- \u00c1MBITO TEMPORAL DE LA PROMOCI\u00d3N La Promoci\u00f3n se iniciar\u00e1 el d\u00eda 19\/08\/2019 y finalizar\u00e1 el d\u00eda 26\/08\/2019. &nbsp; 2.- REQUISITOS DE PARTICIPACI\u00d3N Y MEC\u00c1NICA DE LA PROMOCI\u00d3N Se podr\u00e1 participar en la [&hellip;]<\/p>\n","protected":false},"author":1,"featured_media":0,"parent":0,"menu_order":0,"comment_status":"closed","ping_status":"closed","template":"","meta":{"inline_featured_image":false},"yoast_head":"<!-- This site is optimized with the Yoast SEO plugin v20.10 - https:\/\/yoast.com\/wordpress\/plugins\/seo\/ -->\n<title>BASES LEGALES SORTEO PACK DE VERANO - Cooltra<\/title>\n<meta name=\"robots\" content=\"noindex, nofollow\" \/>\n<meta property=\"og:locale\" content=\"es_ES\" \/>\n<meta property=\"og:type\" content=\"article\" \/>\n<meta property=\"og:title\" content=\"BASES LEGALES SORTEO PACK DE VERANO - Cooltra\" \/>\n<meta property=\"og:description\" content=\"EMPRESA ORGANIZADORA Cooltra Motos Headquarter SLU con domicilio social en c\/Reina Cristina, 2, 2-2, 08003, Barcelona y con CIF n\u00ba B-67202068. &nbsp; 1.- \u00c1MBITO TEMPORAL DE LA PROMOCI\u00d3N La Promoci\u00f3n se iniciar\u00e1 el d\u00eda 19\/08\/2019 y finalizar\u00e1 el d\u00eda 26\/08\/2019. &nbsp; 2.- REQUISITOS DE PARTICIPACI\u00d3N Y MEC\u00c1NICA DE LA PROMOCI\u00d3N Se podr\u00e1 participar en la [&hellip;]\" \/>\n<meta property=\"og:url\" content=\"https:\/\/cooltra.com\/es\/bases-legales-sorteo-cesta-motera-navidad-2019-2\/\" \/>\n<meta property=\"og:site_name\" content=\"Cooltra\" \/>\n<meta property=\"article:publisher\" content=\"https:\/\/www.facebook.com\/CooltraMotos\/\" \/>\n<meta property=\"article:modified_time\" content=\"2019-08-16T07:02:32+00:00\" \/>\n<meta property=\"og:image\" content=\"https:\/\/cdn.cooltra.com\/uploads\/2018\/04\/cooltra-alquiler-de-motos-y-scooter-de-gasolina-y-electricas.png\" \/>\n\t<meta property=\"og:image:width\" content=\"2000\" \/>\n\t<meta property=\"og:image:height\" content=\"510\" \/>\n\t<meta property=\"og:image:type\" content=\"image\/png\" \/>\n<meta name=\"twitter:card\" content=\"summary_large_image\" \/>\n<meta name=\"twitter:site\" content=\"@cooltra\" \/>\n<meta name=\"twitter:label1\" content=\"Tiempo de lectura\" \/>\n\t<meta name=\"twitter:data1\" content=\"7 minutos\" \/>\n<script type=\"application\/ld+json\" class=\"yoast-schema-graph\">{\"@context\":\"https:\/\/schema.org\",\"@graph\":[{\"@type\":\"WebPage\",\"@id\":\"https:\/\/cooltra.com\/es\/bases-legales-sorteo-cesta-motera-navidad-2019-2\/\",\"url\":\"https:\/\/cooltra.com\/es\/bases-legales-sorteo-cesta-motera-navidad-2019-2\/\",\"name\":\"BASES LEGALES SORTEO PACK DE VERANO - Cooltra\",\"isPartOf\":{\"@id\":\"https:\/\/cooltra.com\/es\/#website\"},\"datePublished\":\"2019-08-07T07:54:42+00:00\",\"dateModified\":\"2019-08-16T07:02:32+00:00\",\"inLanguage\":\"es\",\"potentialAction\":[{\"@type\":\"ReadAction\",\"target\":[\"https:\/\/cooltra.com\/es\/bases-legales-sorteo-cesta-motera-navidad-2019-2\/\"]}]},{\"@type\":\"WebSite\",\"@id\":\"https:\/\/cooltra.com\/es\/#website\",\"url\":\"https:\/\/cooltra.com\/es\/\",\"name\":\"Cooltra\",\"description\":\"Alquiler de motos y scooters de gasolina y el\u00e9ctricas\",\"publisher\":{\"@id\":\"https:\/\/cooltra.com\/es\/#organization\"},\"potentialAction\":[{\"@type\":\"SearchAction\",\"target\":{\"@type\":\"EntryPoint\",\"urlTemplate\":\"https:\/\/cooltra.com\/es\/?s={search_term_string}\"},\"query-input\":\"required name=search_term_string\"}],\"inLanguage\":\"es\"},{\"@type\":\"Organization\",\"@id\":\"https:\/\/cooltra.com\/es\/#organization\",\"name\":\"Cooltra\",\"url\":\"https:\/\/cooltra.com\/es\/\",\"logo\":{\"@type\":\"ImageObject\",\"inLanguage\":\"es\",\"@id\":\"https:\/\/cooltra.com\/es\/#\/schema\/logo\/image\/\",\"url\":\"https:\/\/cdn.cooltra.com\/uploads\/2022\/11\/Cooltra_Logo_A.png\",\"contentUrl\":\"https:\/\/cdn.cooltra.com\/uploads\/2022\/11\/Cooltra_Logo_A.png\",\"width\":300,\"height\":298,\"caption\":\"Cooltra\"},\"image\":{\"@id\":\"https:\/\/cooltra.com\/es\/#\/schema\/logo\/image\/\"},\"sameAs\":[\"https:\/\/www.facebook.com\/CooltraMotos\/\",\"https:\/\/twitter.com\/cooltra\",\"https:\/\/www.instagram.com\/cooltra_motos\/\"]}]}<\/script>\n<!-- \/ Yoast SEO plugin. -->","yoast_head_json":{"title":"BASES LEGALES SORTEO PACK DE VERANO - Cooltra","robots":{"index":"noindex","follow":"nofollow"},"og_locale":"es_ES","og_type":"article","og_title":"BASES LEGALES SORTEO PACK DE VERANO - Cooltra","og_description":"EMPRESA ORGANIZADORA Cooltra Motos Headquarter SLU con domicilio social en c\/Reina Cristina, 2, 2-2, 08003, Barcelona y con CIF n\u00ba B-67202068. &nbsp; 1.- \u00c1MBITO TEMPORAL DE LA PROMOCI\u00d3N La Promoci\u00f3n se iniciar\u00e1 el d\u00eda 19\/08\/2019 y finalizar\u00e1 el d\u00eda 26\/08\/2019. &nbsp; 2.- REQUISITOS DE PARTICIPACI\u00d3N Y MEC\u00c1NICA DE LA PROMOCI\u00d3N Se podr\u00e1 participar en la [&hellip;]","og_url":"https:\/\/cooltra.com\/es\/bases-legales-sorteo-cesta-motera-navidad-2019-2\/","og_site_name":"Cooltra","article_publisher":"https:\/\/www.facebook.com\/CooltraMotos\/","article_modified_time":"2019-08-16T07:02:32+00:00","og_image":[{"width":2000,"height":510,"url":"https:\/\/cdn.cooltra.com\/uploads\/2018\/04\/cooltra-alquiler-de-motos-y-scooter-de-gasolina-y-electricas.png","type":"image\/png"}],"twitter_card":"summary_large_image","twitter_site":"@cooltra","twitter_misc":{"Tiempo de lectura":"7 minutos"},"schema":{"@context":"https:\/\/schema.org","@graph":[{"@type":"WebPage","@id":"https:\/\/cooltra.com\/es\/bases-legales-sorteo-cesta-motera-navidad-2019-2\/","url":"https:\/\/cooltra.com\/es\/bases-legales-sorteo-cesta-motera-navidad-2019-2\/","name":"BASES LEGALES SORTEO PACK DE VERANO - Cooltra","isPartOf":{"@id":"https:\/\/cooltra.com\/es\/#website"},"datePublished":"2019-08-07T07:54:42+00:00","dateModified":"2019-08-16T07:02:32+00:00","inLanguage":"es","potentialAction":[{"@type":"ReadAction","target":["https:\/\/cooltra.com\/es\/bases-legales-sorteo-cesta-motera-navidad-2019-2\/"]}]},{"@type":"WebSite","@id":"https:\/\/cooltra.com\/es\/#website","url":"https:\/\/cooltra.com\/es\/","name":"Cooltra","description":"Alquiler de motos y scooters de gasolina y el\u00e9ctricas","publisher":{"@id":"https:\/\/cooltra.com\/es\/#organization"},"potentialAction":[{"@type":"SearchAction","target":{"@type":"EntryPoint","urlTemplate":"https:\/\/cooltra.com\/es\/?s={search_term_string}"},"query-input":"required name=search_term_string"}],"inLanguage":"es"},{"@type":"Organization","@id":"https:\/\/cooltra.com\/es\/#organization","name":"Cooltra","url":"https:\/\/cooltra.com\/es\/","logo":{"@type":"ImageObject","inLanguage":"es","@id":"https:\/\/cooltra.com\/es\/#\/schema\/logo\/image\/","url":"https:\/\/cdn.cooltra.com\/uploads\/2022\/11\/Cooltra_Logo_A.png","contentUrl":"https:\/\/cdn.cooltra.com\/uploads\/2022\/11\/Cooltra_Logo_A.png","width":300,"height":298,"caption":"Cooltra"},"image":{"@id":"https:\/\/cooltra.com\/es\/#\/schema\/logo\/image\/"},"sameAs":["https:\/\/www.facebook.com\/CooltraMotos\/","https:\/\/twitter.com\/cooltra","https:\/\/www.instagram.com\/cooltra_motos\/"]}]}},"_links":{"self":[{"href":"https:\/\/cooltra.com\/es\/wp-json\/wp\/v2\/pages\/18503"}],"collection":[{"href":"https:\/\/cooltra.com\/es\/wp-json\/wp\/v2\/pages"}],"about":[{"href":"https:\/\/cooltra.com\/es\/wp-json\/wp\/v2\/types\/page"}],"author":[{"embeddable":true,"href":"https:\/\/cooltra.com\/es\/wp-json\/wp\/v2\/users\/1"}],"replies":[{"embeddable":true,"href":"https:\/\/cooltra.com\/es\/wp-json\/wp\/v2\/comments?post=18503"}],"version-history":[{"count":3,"href":"https:\/\/cooltra.com\/es\/wp-json\/wp\/v2\/pages\/18503\/revisions"}],"predecessor-version":[{"id":18572,"href":"https:\/\/cooltra.com\/es\/wp-json\/wp\/v2\/pages\/18503\/revisions\/18572"}],"wp:attachment":[{"href":"https:\/\/cooltra.com\/es\/wp-json\/wp\/v2\/media?parent=18503"}],"curies":[{"name":"wp","href":"https:\/\/api.w.org\/{rel}","templated":true}]}}