{"id":17182,"date":"2019-05-21T13:55:51","date_gmt":"2019-05-21T12:55:51","guid":{"rendered":"https:\/\/frankie.cooltra.com\/?page_id=17182"},"modified":"2019-09-05T14:49:49","modified_gmt":"2019-09-05T13:49:49","slug":"landing-rtg-facebook","status":"publish","type":"page","link":"https:\/\/cooltra.com\/es\/landing-rtg-facebook\/","title":{"rendered":"Promo Facebook 2019"},"content":{"rendered":"<div><\/div>\n<div><\/div>\n<div id=\"promotionPageTopBanner\" style=\"text-align: center; margin: 0;\"><img decoding=\"async\" style=\"width: 65%; max-width: 1154px;\" src=\"https:\/\/cdn.cooltra.com\/uploads\/2019\/05\/190503_MB_banner-summer-10-discount-1200x627-sea-ES.jpg\" \/><\/div>\n<p style=\"margin: 45px 0 35px; max-width: 945px; width: 100%; margin-left: auto; margin-right: auto; font-family: Galano Grotesque; font-size: 16px; color: #232323; font-weight: bold; text-decoration: none solid #232323; line-height: 24px; text-align: center;\">\u00a1Enhorabuena! Por haber llegado hasta aqu\u00ed, podr\u00e1s disfrutar de un 10% de descuento exclusivo en el alquiler por d\u00edas de tu moto Cooltra en cualquiera de nuestros puntos de alquiler vacacional en Espa\u00f1a, Italia, Francia o Portugal. \u00a1Unidades limitadas, date prisa!<\/p>\n<p class=\"d-none d-lg-block\" style=\"font-family: Galano Grotesque; font-size: 48px; color: #00a5e4; font-weight: 900; text-decoration: none solid #00a5e4; line-height: 48px; text-align: center;\">C\u00d3DIGO: FB10<\/p>\n<div id=\"promotionPageCodeGuide\" style=\"margin: 45px 0 55px; max-width: 780px; width: 100%; background-color: #ebebeb; background-size: cover; margin-left: auto; margin-right: auto;\">\n<p style=\"font-family: Galano Grotesque; font-size: 16px; color: #232323; font-weight: bold; text-decoration: none solid #232323; line-height: 16px; margin-bottom: 10px;\">\u00bfQU\u00c9 TIENES QUE HACER? \u00a1ES MUY SENCILLO!<\/p>\n<ol style=\"font-family: Galano Grotesque; font-size: 16px; color: #232323; font-weight: 400; text-decoration: none solid #232323; line-height: 24px; margin: 0; padding-inline-start: 20px;\">\n<li>Copia el c\u00f3digo <strong>FB10<\/strong><\/li>\n<li>Selecciona el destino y las fechas de tu viaje en el buscador<\/li>\n<li>Pega el c\u00f3digo descuento en el tercer paso del proceso de la reserva<\/li>\n<\/ol>\n<\/div>\n<p id=\"promotionPageContactInfo\" style=\"font-family: Galano Grotesque; font-size: 16px; color: #232323; text-decoration: none solid #232323; line-height: 24px; text-align: center;\"><strong>\u00a1Aprovecha esta oferta y disfruta de las mejores vacaciones con Cooltra!<\/strong><\/p>\n<p id=\"promotionPageContactInfo\" style=\"font-family: Galano Grotesque; font-size: 16px; color: #232323; text-decoration: none solid #232323; line-height: 24px; text-align: center;\"><strong>*Detalles de la oferta:<\/strong><br \/>\nSolo v\u00e1lido para reservas online en el alquiler por d\u00edas<br \/>\nOferta limitada, puede ser cancelada en cualquier momento<\/p>\n<p id=\"promotionPageContactInfo\" style=\"font-family: Galano Grotesque; font-size: 16px; color: #232323; text-decoration: none solid #232323; line-height: 24px; text-align: center;\"><strong>\u00bfTienes alguna duda?<\/strong><br \/>\nContacta con nosotros en el\u00a0+34 937 066 912<br \/>\no env\u00edanos un e-mail a\u00a0<a href=\"mailto:info@cooltra.com\">info@cooltra.com<\/a>.<\/p>\n<p>&nbsp;<\/p>\n","protected":false},"excerpt":{"rendered":"<p>\u00a1Enhorabuena! Por haber llegado hasta aqu\u00ed, podr\u00e1s disfrutar de un 10% de descuento exclusivo en el alquiler por d\u00edas de tu moto Cooltra en cualquiera de nuestros puntos de alquiler vacacional en Espa\u00f1a, Italia, Francia o Portugal. \u00a1Unidades limitadas, date prisa! C\u00d3DIGO: FB10 \u00bfQU\u00c9 TIENES QUE HACER? \u00a1ES MUY SENCILLO! Copia el c\u00f3digo FB10 Selecciona [&hellip;]<\/p>\n","protected":false},"author":1,"featured_media":0,"parent":0,"menu_order":0,"comment_status":"closed","ping_status":"closed","template":"page_promotion.php","meta":{"inline_featured_image":false},"yoast_head":"<!-- This site is optimized with the Yoast SEO plugin v20.10 - https:\/\/yoast.com\/wordpress\/plugins\/seo\/ -->\n<title>Promo Facebook 2019 - Cooltra<\/title>\n<meta name=\"robots\" content=\"noindex, nofollow\" \/>\n<meta property=\"og:locale\" content=\"es_ES\" \/>\n<meta property=\"og:type\" content=\"article\" \/>\n<meta property=\"og:title\" content=\"Promo Facebook 2019 - Cooltra\" \/>\n<meta property=\"og:description\" content=\"\u00a1Enhorabuena! Por haber llegado hasta aqu\u00ed, podr\u00e1s disfrutar de un 10% de descuento exclusivo en el alquiler por d\u00edas de tu moto Cooltra en cualquiera de nuestros puntos de alquiler vacacional en Espa\u00f1a, Italia, Francia o Portugal. \u00a1Unidades limitadas, date prisa! C\u00d3DIGO: FB10 \u00bfQU\u00c9 TIENES QUE HACER? \u00a1ES MUY SENCILLO! Copia el c\u00f3digo FB10 Selecciona [&hellip;]\" \/>\n<meta property=\"og:url\" content=\"https:\/\/cooltra.com\/es\/landing-rtg-facebook\/\" \/>\n<meta property=\"og:site_name\" content=\"Cooltra\" \/>\n<meta property=\"article:publisher\" content=\"https:\/\/www.facebook.com\/CooltraMotos\/\" \/>\n<meta property=\"article:modified_time\" content=\"2019-09-05T13:49:49+00:00\" \/>\n<meta property=\"og:image\" content=\"https:\/\/cdn.cooltra.com\/uploads\/2019\/05\/190503_MB_banner-summer-10-discount-1200x627-sea-ES.jpg\" \/>\n<meta name=\"twitter:card\" content=\"summary_large_image\" \/>\n<meta name=\"twitter:site\" content=\"@cooltra\" \/>\n<meta name=\"twitter:label1\" content=\"Tiempo de lectura\" \/>\n\t<meta name=\"twitter:data1\" content=\"1 minuto\" \/>\n<script type=\"application\/ld+json\" class=\"yoast-schema-graph\">{\"@context\":\"https:\/\/schema.org\",\"@graph\":[{\"@type\":\"WebPage\",\"@id\":\"https:\/\/cooltra.com\/es\/landing-rtg-facebook\/\",\"url\":\"https:\/\/cooltra.com\/es\/landing-rtg-facebook\/\",\"name\":\"Promo Facebook 2019 - Cooltra\",\"isPartOf\":{\"@id\":\"https:\/\/cooltra.com\/es\/#website\"},\"datePublished\":\"2019-05-21T12:55:51+00:00\",\"dateModified\":\"2019-09-05T13:49:49+00:00\",\"inLanguage\":\"es\",\"potentialAction\":[{\"@type\":\"ReadAction\",\"target\":[\"https:\/\/cooltra.com\/es\/landing-rtg-facebook\/\"]}]},{\"@type\":\"WebSite\",\"@id\":\"https:\/\/cooltra.com\/es\/#website\",\"url\":\"https:\/\/cooltra.com\/es\/\",\"name\":\"Cooltra\",\"description\":\"Alquiler de motos y scooters de gasolina y el\u00e9ctricas\",\"publisher\":{\"@id\":\"https:\/\/cooltra.com\/es\/#organization\"},\"potentialAction\":[{\"@type\":\"SearchAction\",\"target\":{\"@type\":\"EntryPoint\",\"urlTemplate\":\"https:\/\/cooltra.com\/es\/?s={search_term_string}\"},\"query-input\":\"required name=search_term_string\"}],\"inLanguage\":\"es\"},{\"@type\":\"Organization\",\"@id\":\"https:\/\/cooltra.com\/es\/#organization\",\"name\":\"Cooltra\",\"url\":\"https:\/\/cooltra.com\/es\/\",\"logo\":{\"@type\":\"ImageObject\",\"inLanguage\":\"es\",\"@id\":\"https:\/\/cooltra.com\/es\/#\/schema\/logo\/image\/\",\"url\":\"https:\/\/cdn.cooltra.com\/uploads\/2022\/11\/Cooltra_Logo_A.png\",\"contentUrl\":\"https:\/\/cdn.cooltra.com\/uploads\/2022\/11\/Cooltra_Logo_A.png\",\"width\":300,\"height\":298,\"caption\":\"Cooltra\"},\"image\":{\"@id\":\"https:\/\/cooltra.com\/es\/#\/schema\/logo\/image\/\"},\"sameAs\":[\"https:\/\/www.facebook.com\/CooltraMotos\/\",\"https:\/\/twitter.com\/cooltra\",\"https:\/\/www.instagram.com\/cooltra_motos\/\"]}]}<\/script>\n<!-- \/ Yoast SEO plugin. -->","yoast_head_json":{"title":"Promo Facebook 2019 - Cooltra","robots":{"index":"noindex","follow":"nofollow"},"og_locale":"es_ES","og_type":"article","og_title":"Promo Facebook 2019 - Cooltra","og_description":"\u00a1Enhorabuena! Por haber llegado hasta aqu\u00ed, podr\u00e1s disfrutar de un 10% de descuento exclusivo en el alquiler por d\u00edas de tu moto Cooltra en cualquiera de nuestros puntos de alquiler vacacional en Espa\u00f1a, Italia, Francia o Portugal. \u00a1Unidades limitadas, date prisa! C\u00d3DIGO: FB10 \u00bfQU\u00c9 TIENES QUE HACER? \u00a1ES MUY SENCILLO! Copia el c\u00f3digo FB10 Selecciona [&hellip;]","og_url":"https:\/\/cooltra.com\/es\/landing-rtg-facebook\/","og_site_name":"Cooltra","article_publisher":"https:\/\/www.facebook.com\/CooltraMotos\/","article_modified_time":"2019-09-05T13:49:49+00:00","og_image":[{"url":"https:\/\/cdn.cooltra.com\/uploads\/2019\/05\/190503_MB_banner-summer-10-discount-1200x627-sea-ES.jpg"}],"twitter_card":"summary_large_image","twitter_site":"@cooltra","twitter_misc":{"Tiempo de lectura":"1 minuto"},"schema":{"@context":"https:\/\/schema.org","@graph":[{"@type":"WebPage","@id":"https:\/\/cooltra.com\/es\/landing-rtg-facebook\/","url":"https:\/\/cooltra.com\/es\/landing-rtg-facebook\/","name":"Promo Facebook 2019 - Cooltra","isPartOf":{"@id":"https:\/\/cooltra.com\/es\/#website"},"datePublished":"2019-05-21T12:55:51+00:00","dateModified":"2019-09-05T13:49:49+00:00","inLanguage":"es","potentialAction":[{"@type":"ReadAction","target":["https:\/\/cooltra.com\/es\/landing-rtg-facebook\/"]}]},{"@type":"WebSite","@id":"https:\/\/cooltra.com\/es\/#website","url":"https:\/\/cooltra.com\/es\/","name":"Cooltra","description":"Alquiler de motos y scooters de gasolina y el\u00e9ctricas","publisher":{"@id":"https:\/\/cooltra.com\/es\/#organization"},"potentialAction":[{"@type":"SearchAction","target":{"@type":"EntryPoint","urlTemplate":"https:\/\/cooltra.com\/es\/?s={search_term_string}"},"query-input":"required name=search_term_string"}],"inLanguage":"es"},{"@type":"Organization","@id":"https:\/\/cooltra.com\/es\/#organization","name":"Cooltra","url":"https:\/\/cooltra.com\/es\/","logo":{"@type":"ImageObject","inLanguage":"es","@id":"https:\/\/cooltra.com\/es\/#\/schema\/logo\/image\/","url":"https:\/\/cdn.cooltra.com\/uploads\/2022\/11\/Cooltra_Logo_A.png","contentUrl":"https:\/\/cdn.cooltra.com\/uploads\/2022\/11\/Cooltra_Logo_A.png","width":300,"height":298,"caption":"Cooltra"},"image":{"@id":"https:\/\/cooltra.com\/es\/#\/schema\/logo\/image\/"},"sameAs":["https:\/\/www.facebook.com\/CooltraMotos\/","https:\/\/twitter.com\/cooltra","https:\/\/www.instagram.com\/cooltra_motos\/"]}]}},"_links":{"self":[{"href":"https:\/\/cooltra.com\/es\/wp-json\/wp\/v2\/pages\/17182"}],"collection":[{"href":"https:\/\/cooltra.com\/es\/wp-json\/wp\/v2\/pages"}],"about":[{"href":"https:\/\/cooltra.com\/es\/wp-json\/wp\/v2\/types\/page"}],"author":[{"embeddable":true,"href":"https:\/\/cooltra.com\/es\/wp-json\/wp\/v2\/users\/1"}],"replies":[{"embeddable":true,"href":"https:\/\/cooltra.com\/es\/wp-json\/wp\/v2\/comments?post=17182"}],"version-history":[{"count":22,"href":"https:\/\/cooltra.com\/es\/wp-json\/wp\/v2\/pages\/17182\/revisions"}],"predecessor-version":[{"id":18856,"href":"https:\/\/cooltra.com\/es\/wp-json\/wp\/v2\/pages\/17182\/revisions\/18856"}],"wp:attachment":[{"href":"https:\/\/cooltra.com\/es\/wp-json\/wp\/v2\/media?parent=17182"}],"curies":[{"name":"wp","href":"https:\/\/api.w.org\/{rel}","templated":true}]}}